{"id":178099,"date":"2011-12-01T00:00:00","date_gmt":"2011-11-30T23:00:00","guid":{"rendered":"http:\/\/guerssen.hl1097.dinaserver.com\/product\/brazilian-nuggets-vol-2\/"},"modified":"2025-02-04T17:34:44","modified_gmt":"2025-02-04T16:34:44","slug":"brazilian-nuggets-vol-2","status":"publish","type":"product","link":"https:\/\/wpguerssen-test.odoo.rgbconsulting.com\/es\/producto\/brazilian-nuggets-vol-2\/","title":{"rendered":"Brazilian Nuggets  Vol 2"},"content":{"rendered":"<p>Tremendo segundo volumen con m\u00e1s dementes y salvajes temas de garage-rock brasile\u00f1os 60s-70s. Crudo garage, psicodelia y rock&#038;roll-trash con temas extra\u00eddos de raros singles, muchos de ellos editados en micro-sellos. <\/p>\n<p> Con barbaridades de Blow Up, The Galaxies, Diana, Os 5 Jotas, The Beggers, Os Vips, Nicholas Mariano&#8230;Portada abierta con fotos e info. RECOMENDADO!<\/p>\n","protected":false},"excerpt":{"rendered":"<p>Tremendo segundo volumen con m\u00e1s dementes y salvajes temas de garage-rock brasile\u00f1os 60s-70s. Crudo garage, psicodelia y rock&#038;roll-trash con temas extra\u00eddos<a class=\"read\" href=\"https:\/\/wpguerssen-test.odoo.rgbconsulting.com\/es\/producto\/brazilian-nuggets-vol-2\/\"> (...)<\/a>","protected":false},"featured_media":113289,"template":"","meta":{"_acf_changed":false},"product_brand":[],"product_cat":[23281,23231],"product_tag":[],"class_list":{"0":"post-178099","1":"product","2":"type-product","3":"status-publish","4":"has-post-thumbnail","6":"product_cat-garagebeatrnb60-70-es","7":"product_cat-latin-brazilian-es","8":"pa_artist-various-artists-es","9":"pa_format-lp-es","10":"pa_gender-latin-brazilian-garagebeatrnb60-70","11":"pa_label-groovie-records","12":"pa_location-south-america-caribbean-es","13":"pa_other-filters-vinyl-only-es","15":"first","16":"instock","17":"taxable","18":"shipping-taxable","19":"purchasable","20":"product-type-simple"},"acf":[],"yoast_head":"<!-- This site is optimized with the Yoast SEO plugin v24.9 - https:\/\/yoast.com\/wordpress\/plugins\/seo\/ -->\n<title>VARIOUS ARTISTS - Brazilian Nuggets Vol 2 -  (LP) | Guerssen<\/title>\n<meta name=\"description\" content=\"Delving deep in the underground and peripheries of Brazilian rock, Groovie Records keeps digging up many-styled and shaped nuggets in various stages of cutting. #nl# The result extends the BRAZILIAN NUGGETS series, now reaching its second volume. Therefore, THE BRAZILIAN NUGGETS VOLUME 2 continues along the trail paved by its predecessor. One more time a great artwork by DARREN MERINUK, amazing work keeping all the spirit of the brazilian way of living the rock&#039;n&#039;roll. #nl# Again the second volume came full of weird&#039;n&#039;garage psych monster themes. Obscure tracks by Os Espi\u00f5es, Avan\u00e7o 5, Diana, Giovanne, Sonny Delane, Modern Sound Six, among others. We tryed to keep the spirit of the 60&#039;s punk, full of fuzz and garage punk, rhythm and a bunch of never seen photos and record covers. The perfect christmas present for you monsters!\" \/>\n<meta name=\"robots\" content=\"index, follow, max-snippet:-1, max-image-preview:large, max-video-preview:-1\" \/>\n<link rel=\"canonical\" href=\"https:\/\/wpguerssen-test.odoo.rgbconsulting.com\/es\/producto\/brazilian-nuggets-vol-2\/\" \/>\n<meta property=\"og:locale\" content=\"es_ES\" \/>\n<meta property=\"og:type\" content=\"article\" \/>\n<meta property=\"og:title\" content=\"VARIOUS ARTISTS - Brazilian Nuggets Vol 2 -  (LP) | Guerssen\" \/>\n<meta property=\"og:description\" content=\"Delving deep in the underground and peripheries of Brazilian rock, Groovie Records keeps digging up many-styled and shaped nuggets in various stages of cutting. #nl# The result extends the BRAZILIAN NUGGETS series, now reaching its second volume. Therefore, THE BRAZILIAN NUGGETS VOLUME 2 continues along the trail paved by its predecessor. One more time a great artwork by DARREN MERINUK, amazing work keeping all the spirit of the brazilian way of living the rock&#039;n&#039;roll. #nl# Again the second volume came full of weird&#039;n&#039;garage psych monster themes. Obscure tracks by Os Espi\u00f5es, Avan\u00e7o 5, Diana, Giovanne, Sonny Delane, Modern Sound Six, among others. We tryed to keep the spirit of the 60&#039;s punk, full of fuzz and garage punk, rhythm and a bunch of never seen photos and record covers. The perfect christmas present for you monsters!\" \/>\n<meta property=\"og:url\" content=\"https:\/\/wpguerssen-test.odoo.rgbconsulting.com\/es\/producto\/brazilian-nuggets-vol-2\/\" \/>\n<meta property=\"og:site_name\" content=\"Guerssen records\" \/>\n<meta property=\"article:modified_time\" content=\"2025-02-04T16:34:44+00:00\" \/>\n<meta name=\"twitter:card\" content=\"summary_large_image\" \/>\n<meta name=\"twitter:title\" content=\"VARIOUS ARTISTS - Brazilian Nuggets Vol 2 -  (LP) | Guerssen\" \/>\n<script type=\"application\/ld+json\" class=\"yoast-schema-graph\">{\"@context\":\"https:\/\/schema.org\",\"@graph\":[{\"@type\":\"WebPage\",\"@id\":\"https:\/\/wpguerssen-test.odoo.rgbconsulting.com\/es\/producto\/brazilian-nuggets-vol-2\/\",\"url\":\"https:\/\/wpguerssen-test.odoo.rgbconsulting.com\/es\/producto\/brazilian-nuggets-vol-2\/\",\"name\":\"VARIOUS ARTISTS - Brazilian Nuggets Vol 2 - (LP) | Guerssen\",\"isPartOf\":{\"@id\":\"https:\/\/wpguerssen-test.odoo.rgbconsulting.com\/es\/#website\"},\"primaryImageOfPage\":{\"@id\":\"https:\/\/wpguerssen-test.odoo.rgbconsulting.com\/es\/producto\/brazilian-nuggets-vol-2\/#primaryimage\"},\"image\":{\"@id\":\"https:\/\/wpguerssen-test.odoo.rgbconsulting.com\/es\/producto\/brazilian-nuggets-vol-2\/#primaryimage\"},\"thumbnailUrl\":\"https:\/\/wpguerssen-test.odoo.rgbconsulting.com\/wp-content\/uploads\/2022\/03\/12845.jpg\",\"datePublished\":\"2011-11-30T23:00:00+00:00\",\"dateModified\":\"2025-02-04T16:34:44+00:00\",\"description\":\"Delving deep in the underground and peripheries of Brazilian rock, Groovie Records keeps digging up many-styled and shaped nuggets in various stages of cutting. #nl# The result extends the BRAZILIAN NUGGETS series, now reaching its second volume. Therefore, THE BRAZILIAN NUGGETS VOLUME 2 continues along the trail paved by its predecessor. One more time a great artwork by DARREN MERINUK, amazing work keeping all the spirit of the brazilian way of living the rock'n'roll. #nl# Again the second volume came full of weird'n'garage psych monster themes. Obscure tracks by Os Espi\u00f5es, Avan\u00e7o 5, Diana, Giovanne, Sonny Delane, Modern Sound Six, among others. We tryed to keep the spirit of the 60's punk, full of fuzz and garage punk, rhythm and a bunch of never seen photos and record covers. The perfect christmas present for you monsters!\",\"breadcrumb\":{\"@id\":\"https:\/\/wpguerssen-test.odoo.rgbconsulting.com\/es\/producto\/brazilian-nuggets-vol-2\/#breadcrumb\"},\"inLanguage\":\"es\",\"potentialAction\":[{\"@type\":\"ReadAction\",\"target\":[\"https:\/\/wpguerssen-test.odoo.rgbconsulting.com\/es\/producto\/brazilian-nuggets-vol-2\/\"]}]},{\"@type\":\"ImageObject\",\"inLanguage\":\"es\",\"@id\":\"https:\/\/wpguerssen-test.odoo.rgbconsulting.com\/es\/producto\/brazilian-nuggets-vol-2\/#primaryimage\",\"url\":\"https:\/\/wpguerssen-test.odoo.rgbconsulting.com\/wp-content\/uploads\/2022\/03\/12845.jpg\",\"contentUrl\":\"https:\/\/wpguerssen-test.odoo.rgbconsulting.com\/wp-content\/uploads\/2022\/03\/12845.jpg\",\"width\":340,\"height\":340,\"caption\":\"VARIOUS ARTISTS - Brazilian Nuggets Vol 2 - GROOVIE RECORDS (LP) | Guerssen\"},{\"@type\":\"BreadcrumbList\",\"@id\":\"https:\/\/wpguerssen-test.odoo.rgbconsulting.com\/es\/producto\/brazilian-nuggets-vol-2\/#breadcrumb\",\"itemListElement\":[{\"@type\":\"ListItem\",\"position\":1,\"name\":\"Inicio\",\"item\":\"https:\/\/wpguerssen-test.odoo.rgbconsulting.com\/es\/\"},{\"@type\":\"ListItem\",\"position\":2,\"name\":\"Shop\",\"item\":\"https:\/\/wpguerssen-test.odoo.rgbconsulting.com\/shop\/\"},{\"@type\":\"ListItem\",\"position\":3,\"name\":\"Brazilian Nuggets Vol 2\"}]},{\"@type\":\"WebSite\",\"@id\":\"https:\/\/wpguerssen-test.odoo.rgbconsulting.com\/es\/#website\",\"url\":\"https:\/\/wpguerssen-test.odoo.rgbconsulting.com\/es\/\",\"name\":\"Guerssen records\",\"description\":\"psychedelia - progressive - folk - garage \",\"publisher\":{\"@id\":\"https:\/\/wpguerssen-test.odoo.rgbconsulting.com\/es\/#organization\"},\"potentialAction\":[{\"@type\":\"SearchAction\",\"target\":{\"@type\":\"EntryPoint\",\"urlTemplate\":\"https:\/\/wpguerssen-test.odoo.rgbconsulting.com\/es\/?s={search_term_string}\"},\"query-input\":{\"@type\":\"PropertyValueSpecification\",\"valueRequired\":true,\"valueName\":\"search_term_string\"}}],\"inLanguage\":\"es\"},{\"@type\":\"Organization\",\"@id\":\"https:\/\/wpguerssen-test.odoo.rgbconsulting.com\/es\/#organization\",\"name\":\"Guerssen records\",\"url\":\"https:\/\/wpguerssen-test.odoo.rgbconsulting.com\/es\/\",\"logo\":{\"@type\":\"ImageObject\",\"inLanguage\":\"es\",\"@id\":\"https:\/\/wpguerssen-test.odoo.rgbconsulting.com\/es\/#\/schema\/logo\/image\/\",\"url\":\"https:\/\/wpguerssen-test.odoo.rgbconsulting.com\/wp-content\/uploads\/2022\/04\/Logo_Guerssen_trans_100.png\",\"contentUrl\":\"https:\/\/wpguerssen-test.odoo.rgbconsulting.com\/wp-content\/uploads\/2022\/04\/Logo_Guerssen_trans_100.png\",\"width\":122,\"height\":100,\"caption\":\"Guerssen records\"},\"image\":{\"@id\":\"https:\/\/wpguerssen-test.odoo.rgbconsulting.com\/es\/#\/schema\/logo\/image\/\"}}]}<\/script>\n<!-- \/ Yoast SEO plugin. -->","yoast_head_json":{"title":"VARIOUS ARTISTS - Brazilian Nuggets Vol 2 -  (LP) | Guerssen","description":"Delving deep in the underground and peripheries of Brazilian rock, Groovie Records keeps digging up many-styled and shaped nuggets in various stages of cutting. #nl# The result extends the BRAZILIAN NUGGETS series, now reaching its second volume. Therefore, THE BRAZILIAN NUGGETS VOLUME 2 continues along the trail paved by its predecessor. One more time a great artwork by DARREN MERINUK, amazing work keeping all the spirit of the brazilian way of living the rock'n'roll. #nl# Again the second volume came full of weird'n'garage psych monster themes. Obscure tracks by Os Espi\u00f5es, Avan\u00e7o 5, Diana, Giovanne, Sonny Delane, Modern Sound Six, among others. We tryed to keep the spirit of the 60's punk, full of fuzz and garage punk, rhythm and a bunch of never seen photos and record covers. The perfect christmas present for you monsters!","robots":{"index":"index","follow":"follow","max-snippet":"max-snippet:-1","max-image-preview":"max-image-preview:large","max-video-preview":"max-video-preview:-1"},"canonical":"https:\/\/wpguerssen-test.odoo.rgbconsulting.com\/es\/producto\/brazilian-nuggets-vol-2\/","og_locale":"es_ES","og_type":"article","og_title":"VARIOUS ARTISTS - Brazilian Nuggets Vol 2 -  (LP) | Guerssen","og_description":"Delving deep in the underground and peripheries of Brazilian rock, Groovie Records keeps digging up many-styled and shaped nuggets in various stages of cutting. #nl# The result extends the BRAZILIAN NUGGETS series, now reaching its second volume. Therefore, THE BRAZILIAN NUGGETS VOLUME 2 continues along the trail paved by its predecessor. One more time a great artwork by DARREN MERINUK, amazing work keeping all the spirit of the brazilian way of living the rock'n'roll. #nl# Again the second volume came full of weird'n'garage psych monster themes. Obscure tracks by Os Espi\u00f5es, Avan\u00e7o 5, Diana, Giovanne, Sonny Delane, Modern Sound Six, among others. We tryed to keep the spirit of the 60's punk, full of fuzz and garage punk, rhythm and a bunch of never seen photos and record covers. The perfect christmas present for you monsters!","og_url":"https:\/\/wpguerssen-test.odoo.rgbconsulting.com\/es\/producto\/brazilian-nuggets-vol-2\/","og_site_name":"Guerssen records","article_modified_time":"2025-02-04T16:34:44+00:00","twitter_card":"summary_large_image","twitter_title":"VARIOUS ARTISTS - Brazilian Nuggets Vol 2 -  (LP) | Guerssen","schema":{"@context":"https:\/\/schema.org","@graph":[{"@type":"WebPage","@id":"https:\/\/wpguerssen-test.odoo.rgbconsulting.com\/es\/producto\/brazilian-nuggets-vol-2\/","url":"https:\/\/wpguerssen-test.odoo.rgbconsulting.com\/es\/producto\/brazilian-nuggets-vol-2\/","name":"VARIOUS ARTISTS - Brazilian Nuggets Vol 2 - (LP) | Guerssen","isPartOf":{"@id":"https:\/\/wpguerssen-test.odoo.rgbconsulting.com\/es\/#website"},"primaryImageOfPage":{"@id":"https:\/\/wpguerssen-test.odoo.rgbconsulting.com\/es\/producto\/brazilian-nuggets-vol-2\/#primaryimage"},"image":{"@id":"https:\/\/wpguerssen-test.odoo.rgbconsulting.com\/es\/producto\/brazilian-nuggets-vol-2\/#primaryimage"},"thumbnailUrl":"https:\/\/wpguerssen-test.odoo.rgbconsulting.com\/wp-content\/uploads\/2022\/03\/12845.jpg","datePublished":"2011-11-30T23:00:00+00:00","dateModified":"2025-02-04T16:34:44+00:00","description":"Delving deep in the underground and peripheries of Brazilian rock, Groovie Records keeps digging up many-styled and shaped nuggets in various stages of cutting. #nl# The result extends the BRAZILIAN NUGGETS series, now reaching its second volume. Therefore, THE BRAZILIAN NUGGETS VOLUME 2 continues along the trail paved by its predecessor. One more time a great artwork by DARREN MERINUK, amazing work keeping all the spirit of the brazilian way of living the rock'n'roll. #nl# Again the second volume came full of weird'n'garage psych monster themes. Obscure tracks by Os Espi\u00f5es, Avan\u00e7o 5, Diana, Giovanne, Sonny Delane, Modern Sound Six, among others. We tryed to keep the spirit of the 60's punk, full of fuzz and garage punk, rhythm and a bunch of never seen photos and record covers. The perfect christmas present for you monsters!","breadcrumb":{"@id":"https:\/\/wpguerssen-test.odoo.rgbconsulting.com\/es\/producto\/brazilian-nuggets-vol-2\/#breadcrumb"},"inLanguage":"es","potentialAction":[{"@type":"ReadAction","target":["https:\/\/wpguerssen-test.odoo.rgbconsulting.com\/es\/producto\/brazilian-nuggets-vol-2\/"]}]},{"@type":"ImageObject","inLanguage":"es","@id":"https:\/\/wpguerssen-test.odoo.rgbconsulting.com\/es\/producto\/brazilian-nuggets-vol-2\/#primaryimage","url":"https:\/\/wpguerssen-test.odoo.rgbconsulting.com\/wp-content\/uploads\/2022\/03\/12845.jpg","contentUrl":"https:\/\/wpguerssen-test.odoo.rgbconsulting.com\/wp-content\/uploads\/2022\/03\/12845.jpg","width":340,"height":340,"caption":"VARIOUS ARTISTS - Brazilian Nuggets Vol 2 - GROOVIE RECORDS (LP) | Guerssen"},{"@type":"BreadcrumbList","@id":"https:\/\/wpguerssen-test.odoo.rgbconsulting.com\/es\/producto\/brazilian-nuggets-vol-2\/#breadcrumb","itemListElement":[{"@type":"ListItem","position":1,"name":"Inicio","item":"https:\/\/wpguerssen-test.odoo.rgbconsulting.com\/es\/"},{"@type":"ListItem","position":2,"name":"Shop","item":"https:\/\/wpguerssen-test.odoo.rgbconsulting.com\/shop\/"},{"@type":"ListItem","position":3,"name":"Brazilian Nuggets Vol 2"}]},{"@type":"WebSite","@id":"https:\/\/wpguerssen-test.odoo.rgbconsulting.com\/es\/#website","url":"https:\/\/wpguerssen-test.odoo.rgbconsulting.com\/es\/","name":"Guerssen records","description":"psychedelia - progressive - folk - garage ","publisher":{"@id":"https:\/\/wpguerssen-test.odoo.rgbconsulting.com\/es\/#organization"},"potentialAction":[{"@type":"SearchAction","target":{"@type":"EntryPoint","urlTemplate":"https:\/\/wpguerssen-test.odoo.rgbconsulting.com\/es\/?s={search_term_string}"},"query-input":{"@type":"PropertyValueSpecification","valueRequired":true,"valueName":"search_term_string"}}],"inLanguage":"es"},{"@type":"Organization","@id":"https:\/\/wpguerssen-test.odoo.rgbconsulting.com\/es\/#organization","name":"Guerssen records","url":"https:\/\/wpguerssen-test.odoo.rgbconsulting.com\/es\/","logo":{"@type":"ImageObject","inLanguage":"es","@id":"https:\/\/wpguerssen-test.odoo.rgbconsulting.com\/es\/#\/schema\/logo\/image\/","url":"https:\/\/wpguerssen-test.odoo.rgbconsulting.com\/wp-content\/uploads\/2022\/04\/Logo_Guerssen_trans_100.png","contentUrl":"https:\/\/wpguerssen-test.odoo.rgbconsulting.com\/wp-content\/uploads\/2022\/04\/Logo_Guerssen_trans_100.png","width":122,"height":100,"caption":"Guerssen records"},"image":{"@id":"https:\/\/wpguerssen-test.odoo.rgbconsulting.com\/es\/#\/schema\/logo\/image\/"}}]}},"_links":{"self":[{"href":"https:\/\/wpguerssen-test.odoo.rgbconsulting.com\/es\/wp-json\/wp\/v2\/product\/178099","targetHints":{"allow":["GET"]}}],"collection":[{"href":"https:\/\/wpguerssen-test.odoo.rgbconsulting.com\/es\/wp-json\/wp\/v2\/product"}],"about":[{"href":"https:\/\/wpguerssen-test.odoo.rgbconsulting.com\/es\/wp-json\/wp\/v2\/types\/product"}],"wp:featuredmedia":[{"embeddable":true,"href":"https:\/\/wpguerssen-test.odoo.rgbconsulting.com\/es\/wp-json\/wp\/v2\/media\/113289"}],"wp:attachment":[{"href":"https:\/\/wpguerssen-test.odoo.rgbconsulting.com\/es\/wp-json\/wp\/v2\/media?parent=178099"}],"wp:term":[{"taxonomy":"product_brand","embeddable":true,"href":"https:\/\/wpguerssen-test.odoo.rgbconsulting.com\/es\/wp-json\/wp\/v2\/product_brand?post=178099"},{"taxonomy":"product_cat","embeddable":true,"href":"https:\/\/wpguerssen-test.odoo.rgbconsulting.com\/es\/wp-json\/wp\/v2\/product_cat?post=178099"},{"taxonomy":"product_tag","embeddable":true,"href":"https:\/\/wpguerssen-test.odoo.rgbconsulting.com\/es\/wp-json\/wp\/v2\/product_tag?post=178099"}],"curies":[{"name":"wp","href":"https:\/\/api.w.org\/{rel}","templated":true}]}}