{"id":178100,"date":"2011-11-25T00:00:00","date_gmt":"2011-11-24T23:00:00","guid":{"rendered":"http:\/\/guerssen.hl1097.dinaserver.com\/product\/jo-la-donya-i-el-gripau\/"},"modified":"2025-03-11T13:27:27","modified_gmt":"2025-03-11T12:27:27","slug":"jo-la-donya-i-el-gripau","status":"publish","type":"product","link":"https:\/\/wpguerssen-test.odoo.rgbconsulting.com\/es\/producto\/jo-la-donya-i-el-gripau\/","title":{"rendered":"Jo, la donya i el gripau"},"content":{"rendered":"<p>M\u00edtico folk-psychedelic \u00e1lbum de 1971, grabado en Formentera justo tras sus dos DIOPTRIAS. Edici\u00f3n oficial, limitado a 500 copias, arte original, insert con notas y entrevista a Pau Riba (en catal\u00e1n).<\/p>\n","protected":false},"excerpt":{"rendered":"<p>M\u00edtico folk-psychedelic \u00e1lbum de 1971, grabado en Formentera justo tras sus dos DIOPTRIAS. Edici\u00f3n oficial, limitado a 500 copias, arte original, insert con notas<a class=\"read\" href=\"https:\/\/wpguerssen-test.odoo.rgbconsulting.com\/es\/producto\/jo-la-donya-i-el-gripau\/\"> (...)<\/a>","protected":false},"featured_media":113292,"template":"","meta":{"_acf_changed":false},"product_brand":[],"product_cat":[21639,23271],"product_tag":[],"class_list":{"0":"post-178100","1":"product","2":"type-product","3":"status-publish","4":"has-post-thumbnail","6":"product_cat-psychedelic60s-70s-es","7":"product_cat-folk-60s-70s-es","8":"pa_artist-riba-pau-es","9":"pa_format-lp-es","10":"pa_gender-folk-60s-70s-psychedelic60s-70s","11":"pa_label-bankrobber","12":"pa_location-spain-es","13":"pa_other-filters-vinyl-only-es","15":"first","16":"instock","17":"taxable","18":"shipping-taxable","19":"purchasable","20":"product-type-simple"},"acf":[],"yoast_head":"<!-- This site is optimized with the Yoast SEO plugin v24.9 - https:\/\/yoast.com\/wordpress\/plugins\/seo\/ -->\n<title>RIBA, Pau - Jo, la donya i el gripau -  (LP) | Guerssen<\/title>\n<meta name=\"description\" content=\"Pau Riba&#039;s 1971 masterpiece &quot;Jo, la donya i el gripau&quot; is finally reissued on vinyl. #nl# One of the highlights of Catalan 70s music, this psych-folk record was recorded open air in the Formentera island, using a Nagra magnetophone. That was the hippiest of Pau&#039;s times. #nl# The music is highly influenced by Catalan popular songbook, and also by the Incredible String Band.This limited reissue (500 copies only) comes with the original artwork, and has inserts with lyrics, extense interview with Pau (sorry guys, in Catalan only), some unseen photos and a new illustration by artist Miquel Barcel\u00f3.\" \/>\n<meta name=\"robots\" content=\"index, follow, max-snippet:-1, max-image-preview:large, max-video-preview:-1\" \/>\n<link rel=\"canonical\" href=\"https:\/\/wpguerssen-test.odoo.rgbconsulting.com\/es\/producto\/jo-la-donya-i-el-gripau\/\" \/>\n<meta property=\"og:locale\" content=\"es_ES\" \/>\n<meta property=\"og:type\" content=\"article\" \/>\n<meta property=\"og:title\" content=\"RIBA, Pau - Jo, la donya i el gripau -  (LP) | Guerssen\" \/>\n<meta property=\"og:description\" content=\"Pau Riba&#039;s 1971 masterpiece &quot;Jo, la donya i el gripau&quot; is finally reissued on vinyl. #nl# One of the highlights of Catalan 70s music, this psych-folk record was recorded open air in the Formentera island, using a Nagra magnetophone. That was the hippiest of Pau&#039;s times. #nl# The music is highly influenced by Catalan popular songbook, and also by the Incredible String Band.This limited reissue (500 copies only) comes with the original artwork, and has inserts with lyrics, extense interview with Pau (sorry guys, in Catalan only), some unseen photos and a new illustration by artist Miquel Barcel\u00f3.\" \/>\n<meta property=\"og:url\" content=\"https:\/\/wpguerssen-test.odoo.rgbconsulting.com\/es\/producto\/jo-la-donya-i-el-gripau\/\" \/>\n<meta property=\"og:site_name\" content=\"Guerssen records\" \/>\n<meta property=\"article:modified_time\" content=\"2025-03-11T12:27:27+00:00\" \/>\n<meta property=\"og:image\" content=\"https:\/\/wpguerssen-test.odoo.rgbconsulting.com\/wp-content\/uploads\/2022\/03\/12848.jpg\" \/>\n\t<meta property=\"og:image:width\" content=\"180\" \/>\n\t<meta property=\"og:image:height\" content=\"180\" \/>\n\t<meta property=\"og:image:type\" content=\"image\/jpeg\" \/>\n<meta name=\"twitter:card\" content=\"summary_large_image\" \/>\n<meta name=\"twitter:title\" content=\"RIBA, Pau - Jo, la donya i el gripau -  (LP) | Guerssen\" \/>\n<script type=\"application\/ld+json\" class=\"yoast-schema-graph\">{\"@context\":\"https:\/\/schema.org\",\"@graph\":[{\"@type\":\"WebPage\",\"@id\":\"https:\/\/wpguerssen-test.odoo.rgbconsulting.com\/es\/producto\/jo-la-donya-i-el-gripau\/\",\"url\":\"https:\/\/wpguerssen-test.odoo.rgbconsulting.com\/es\/producto\/jo-la-donya-i-el-gripau\/\",\"name\":\"RIBA, Pau - Jo, la donya i el gripau - (LP) | Guerssen\",\"isPartOf\":{\"@id\":\"https:\/\/wpguerssen-test.odoo.rgbconsulting.com\/es\/#website\"},\"primaryImageOfPage\":{\"@id\":\"https:\/\/wpguerssen-test.odoo.rgbconsulting.com\/es\/producto\/jo-la-donya-i-el-gripau\/#primaryimage\"},\"image\":{\"@id\":\"https:\/\/wpguerssen-test.odoo.rgbconsulting.com\/es\/producto\/jo-la-donya-i-el-gripau\/#primaryimage\"},\"thumbnailUrl\":\"https:\/\/wpguerssen-test.odoo.rgbconsulting.com\/wp-content\/uploads\/2022\/03\/12848.jpg\",\"datePublished\":\"2011-11-24T23:00:00+00:00\",\"dateModified\":\"2025-03-11T12:27:27+00:00\",\"description\":\"Pau Riba's 1971 masterpiece \\\"Jo, la donya i el gripau\\\" is finally reissued on vinyl. #nl# One of the highlights of Catalan 70s music, this psych-folk record was recorded open air in the Formentera island, using a Nagra magnetophone. That was the hippiest of Pau's times. #nl# The music is highly influenced by Catalan popular songbook, and also by the Incredible String Band.This limited reissue (500 copies only) comes with the original artwork, and has inserts with lyrics, extense interview with Pau (sorry guys, in Catalan only), some unseen photos and a new illustration by artist Miquel Barcel\u00f3.\",\"breadcrumb\":{\"@id\":\"https:\/\/wpguerssen-test.odoo.rgbconsulting.com\/es\/producto\/jo-la-donya-i-el-gripau\/#breadcrumb\"},\"inLanguage\":\"es\",\"potentialAction\":[{\"@type\":\"ReadAction\",\"target\":[\"https:\/\/wpguerssen-test.odoo.rgbconsulting.com\/es\/producto\/jo-la-donya-i-el-gripau\/\"]}]},{\"@type\":\"ImageObject\",\"inLanguage\":\"es\",\"@id\":\"https:\/\/wpguerssen-test.odoo.rgbconsulting.com\/es\/producto\/jo-la-donya-i-el-gripau\/#primaryimage\",\"url\":\"https:\/\/wpguerssen-test.odoo.rgbconsulting.com\/wp-content\/uploads\/2022\/03\/12848.jpg\",\"contentUrl\":\"https:\/\/wpguerssen-test.odoo.rgbconsulting.com\/wp-content\/uploads\/2022\/03\/12848.jpg\",\"width\":180,\"height\":180,\"caption\":\"Pau - Jo\"},{\"@type\":\"BreadcrumbList\",\"@id\":\"https:\/\/wpguerssen-test.odoo.rgbconsulting.com\/es\/producto\/jo-la-donya-i-el-gripau\/#breadcrumb\",\"itemListElement\":[{\"@type\":\"ListItem\",\"position\":1,\"name\":\"Inicio\",\"item\":\"https:\/\/wpguerssen-test.odoo.rgbconsulting.com\/es\/\"},{\"@type\":\"ListItem\",\"position\":2,\"name\":\"Shop\",\"item\":\"https:\/\/wpguerssen-test.odoo.rgbconsulting.com\/shop\/\"},{\"@type\":\"ListItem\",\"position\":3,\"name\":\"Jo, la donya i el gripau\"}]},{\"@type\":\"WebSite\",\"@id\":\"https:\/\/wpguerssen-test.odoo.rgbconsulting.com\/es\/#website\",\"url\":\"https:\/\/wpguerssen-test.odoo.rgbconsulting.com\/es\/\",\"name\":\"Guerssen records\",\"description\":\"psychedelia - progressive - folk - garage \",\"publisher\":{\"@id\":\"https:\/\/wpguerssen-test.odoo.rgbconsulting.com\/es\/#organization\"},\"potentialAction\":[{\"@type\":\"SearchAction\",\"target\":{\"@type\":\"EntryPoint\",\"urlTemplate\":\"https:\/\/wpguerssen-test.odoo.rgbconsulting.com\/es\/?s={search_term_string}\"},\"query-input\":{\"@type\":\"PropertyValueSpecification\",\"valueRequired\":true,\"valueName\":\"search_term_string\"}}],\"inLanguage\":\"es\"},{\"@type\":\"Organization\",\"@id\":\"https:\/\/wpguerssen-test.odoo.rgbconsulting.com\/es\/#organization\",\"name\":\"Guerssen records\",\"url\":\"https:\/\/wpguerssen-test.odoo.rgbconsulting.com\/es\/\",\"logo\":{\"@type\":\"ImageObject\",\"inLanguage\":\"es\",\"@id\":\"https:\/\/wpguerssen-test.odoo.rgbconsulting.com\/es\/#\/schema\/logo\/image\/\",\"url\":\"https:\/\/wpguerssen-test.odoo.rgbconsulting.com\/wp-content\/uploads\/2022\/04\/Logo_Guerssen_trans_100.png\",\"contentUrl\":\"https:\/\/wpguerssen-test.odoo.rgbconsulting.com\/wp-content\/uploads\/2022\/04\/Logo_Guerssen_trans_100.png\",\"width\":122,\"height\":100,\"caption\":\"Guerssen records\"},\"image\":{\"@id\":\"https:\/\/wpguerssen-test.odoo.rgbconsulting.com\/es\/#\/schema\/logo\/image\/\"}}]}<\/script>\n<!-- \/ Yoast SEO plugin. -->","yoast_head_json":{"title":"RIBA, Pau - Jo, la donya i el gripau -  (LP) | Guerssen","description":"Pau Riba's 1971 masterpiece \"Jo, la donya i el gripau\" is finally reissued on vinyl. #nl# One of the highlights of Catalan 70s music, this psych-folk record was recorded open air in the Formentera island, using a Nagra magnetophone. That was the hippiest of Pau's times. #nl# The music is highly influenced by Catalan popular songbook, and also by the Incredible String Band.This limited reissue (500 copies only) comes with the original artwork, and has inserts with lyrics, extense interview with Pau (sorry guys, in Catalan only), some unseen photos and a new illustration by artist Miquel Barcel\u00f3.","robots":{"index":"index","follow":"follow","max-snippet":"max-snippet:-1","max-image-preview":"max-image-preview:large","max-video-preview":"max-video-preview:-1"},"canonical":"https:\/\/wpguerssen-test.odoo.rgbconsulting.com\/es\/producto\/jo-la-donya-i-el-gripau\/","og_locale":"es_ES","og_type":"article","og_title":"RIBA, Pau - Jo, la donya i el gripau -  (LP) | Guerssen","og_description":"Pau Riba's 1971 masterpiece \"Jo, la donya i el gripau\" is finally reissued on vinyl. #nl# One of the highlights of Catalan 70s music, this psych-folk record was recorded open air in the Formentera island, using a Nagra magnetophone. That was the hippiest of Pau's times. #nl# The music is highly influenced by Catalan popular songbook, and also by the Incredible String Band.This limited reissue (500 copies only) comes with the original artwork, and has inserts with lyrics, extense interview with Pau (sorry guys, in Catalan only), some unseen photos and a new illustration by artist Miquel Barcel\u00f3.","og_url":"https:\/\/wpguerssen-test.odoo.rgbconsulting.com\/es\/producto\/jo-la-donya-i-el-gripau\/","og_site_name":"Guerssen records","article_modified_time":"2025-03-11T12:27:27+00:00","og_image":[{"width":180,"height":180,"url":"https:\/\/wpguerssen-test.odoo.rgbconsulting.com\/wp-content\/uploads\/2022\/03\/12848.jpg","type":"image\/jpeg"}],"twitter_card":"summary_large_image","twitter_title":"RIBA, Pau - Jo, la donya i el gripau -  (LP) | Guerssen","schema":{"@context":"https:\/\/schema.org","@graph":[{"@type":"WebPage","@id":"https:\/\/wpguerssen-test.odoo.rgbconsulting.com\/es\/producto\/jo-la-donya-i-el-gripau\/","url":"https:\/\/wpguerssen-test.odoo.rgbconsulting.com\/es\/producto\/jo-la-donya-i-el-gripau\/","name":"RIBA, Pau - Jo, la donya i el gripau - (LP) | Guerssen","isPartOf":{"@id":"https:\/\/wpguerssen-test.odoo.rgbconsulting.com\/es\/#website"},"primaryImageOfPage":{"@id":"https:\/\/wpguerssen-test.odoo.rgbconsulting.com\/es\/producto\/jo-la-donya-i-el-gripau\/#primaryimage"},"image":{"@id":"https:\/\/wpguerssen-test.odoo.rgbconsulting.com\/es\/producto\/jo-la-donya-i-el-gripau\/#primaryimage"},"thumbnailUrl":"https:\/\/wpguerssen-test.odoo.rgbconsulting.com\/wp-content\/uploads\/2022\/03\/12848.jpg","datePublished":"2011-11-24T23:00:00+00:00","dateModified":"2025-03-11T12:27:27+00:00","description":"Pau Riba's 1971 masterpiece \"Jo, la donya i el gripau\" is finally reissued on vinyl. #nl# One of the highlights of Catalan 70s music, this psych-folk record was recorded open air in the Formentera island, using a Nagra magnetophone. That was the hippiest of Pau's times. #nl# The music is highly influenced by Catalan popular songbook, and also by the Incredible String Band.This limited reissue (500 copies only) comes with the original artwork, and has inserts with lyrics, extense interview with Pau (sorry guys, in Catalan only), some unseen photos and a new illustration by artist Miquel Barcel\u00f3.","breadcrumb":{"@id":"https:\/\/wpguerssen-test.odoo.rgbconsulting.com\/es\/producto\/jo-la-donya-i-el-gripau\/#breadcrumb"},"inLanguage":"es","potentialAction":[{"@type":"ReadAction","target":["https:\/\/wpguerssen-test.odoo.rgbconsulting.com\/es\/producto\/jo-la-donya-i-el-gripau\/"]}]},{"@type":"ImageObject","inLanguage":"es","@id":"https:\/\/wpguerssen-test.odoo.rgbconsulting.com\/es\/producto\/jo-la-donya-i-el-gripau\/#primaryimage","url":"https:\/\/wpguerssen-test.odoo.rgbconsulting.com\/wp-content\/uploads\/2022\/03\/12848.jpg","contentUrl":"https:\/\/wpguerssen-test.odoo.rgbconsulting.com\/wp-content\/uploads\/2022\/03\/12848.jpg","width":180,"height":180,"caption":"Pau - Jo"},{"@type":"BreadcrumbList","@id":"https:\/\/wpguerssen-test.odoo.rgbconsulting.com\/es\/producto\/jo-la-donya-i-el-gripau\/#breadcrumb","itemListElement":[{"@type":"ListItem","position":1,"name":"Inicio","item":"https:\/\/wpguerssen-test.odoo.rgbconsulting.com\/es\/"},{"@type":"ListItem","position":2,"name":"Shop","item":"https:\/\/wpguerssen-test.odoo.rgbconsulting.com\/shop\/"},{"@type":"ListItem","position":3,"name":"Jo, la donya i el gripau"}]},{"@type":"WebSite","@id":"https:\/\/wpguerssen-test.odoo.rgbconsulting.com\/es\/#website","url":"https:\/\/wpguerssen-test.odoo.rgbconsulting.com\/es\/","name":"Guerssen records","description":"psychedelia - progressive - folk - garage ","publisher":{"@id":"https:\/\/wpguerssen-test.odoo.rgbconsulting.com\/es\/#organization"},"potentialAction":[{"@type":"SearchAction","target":{"@type":"EntryPoint","urlTemplate":"https:\/\/wpguerssen-test.odoo.rgbconsulting.com\/es\/?s={search_term_string}"},"query-input":{"@type":"PropertyValueSpecification","valueRequired":true,"valueName":"search_term_string"}}],"inLanguage":"es"},{"@type":"Organization","@id":"https:\/\/wpguerssen-test.odoo.rgbconsulting.com\/es\/#organization","name":"Guerssen records","url":"https:\/\/wpguerssen-test.odoo.rgbconsulting.com\/es\/","logo":{"@type":"ImageObject","inLanguage":"es","@id":"https:\/\/wpguerssen-test.odoo.rgbconsulting.com\/es\/#\/schema\/logo\/image\/","url":"https:\/\/wpguerssen-test.odoo.rgbconsulting.com\/wp-content\/uploads\/2022\/04\/Logo_Guerssen_trans_100.png","contentUrl":"https:\/\/wpguerssen-test.odoo.rgbconsulting.com\/wp-content\/uploads\/2022\/04\/Logo_Guerssen_trans_100.png","width":122,"height":100,"caption":"Guerssen records"},"image":{"@id":"https:\/\/wpguerssen-test.odoo.rgbconsulting.com\/es\/#\/schema\/logo\/image\/"}}]}},"_links":{"self":[{"href":"https:\/\/wpguerssen-test.odoo.rgbconsulting.com\/es\/wp-json\/wp\/v2\/product\/178100","targetHints":{"allow":["GET"]}}],"collection":[{"href":"https:\/\/wpguerssen-test.odoo.rgbconsulting.com\/es\/wp-json\/wp\/v2\/product"}],"about":[{"href":"https:\/\/wpguerssen-test.odoo.rgbconsulting.com\/es\/wp-json\/wp\/v2\/types\/product"}],"wp:featuredmedia":[{"embeddable":true,"href":"https:\/\/wpguerssen-test.odoo.rgbconsulting.com\/es\/wp-json\/wp\/v2\/media\/113292"}],"wp:attachment":[{"href":"https:\/\/wpguerssen-test.odoo.rgbconsulting.com\/es\/wp-json\/wp\/v2\/media?parent=178100"}],"wp:term":[{"taxonomy":"product_brand","embeddable":true,"href":"https:\/\/wpguerssen-test.odoo.rgbconsulting.com\/es\/wp-json\/wp\/v2\/product_brand?post=178100"},{"taxonomy":"product_cat","embeddable":true,"href":"https:\/\/wpguerssen-test.odoo.rgbconsulting.com\/es\/wp-json\/wp\/v2\/product_cat?post=178100"},{"taxonomy":"product_tag","embeddable":true,"href":"https:\/\/wpguerssen-test.odoo.rgbconsulting.com\/es\/wp-json\/wp\/v2\/product_tag?post=178100"}],"curies":[{"name":"wp","href":"https:\/\/api.w.org\/{rel}","templated":true}]}}