{"id":178107,"date":"2011-12-13T00:00:00","date_gmt":"2011-12-12T23:00:00","guid":{"rendered":"http:\/\/guerssen.hl1097.dinaserver.com\/product\/find-us-a-way-papersleeve\/"},"modified":"2025-04-01T17:38:46","modified_gmt":"2025-04-01T15:38:46","slug":"find-us-a-way-papersleeve","status":"publish","type":"product","link":"https:\/\/wpguerssen-test.odoo.rgbconsulting.com\/es\/producto\/find-us-a-way-papersleeve\/","title":{"rendered":"Find us a way (papersleeve)"},"content":{"rendered":"<p>Segundo \u00e1lbum del legendario grupo neozeland\u00e9s, editado en 1967 y en onda m\u00e1s soul-beat-psych que el primero. Incluye dos bonus tracks. <\/p>\n<p> Tracklisting:  SIDE A:01-FIND US A WAY 02-GOODBYE SISTERS 03-ALL PROPOSE LOW 04-TOO MANY FISH IN THE SEA 05-ROSALIE 06-I GOTTA WOMAN 07-BONUS-Stupidity. SIDE B: 01-BESIDE ME FOREVER 02-TELL THE TRUTH 03-GIMME SOME LOVIN 04-SONNY BOY 05-COOL JERK 06-THANK YOU FOR THE FLOWERS 07-BONUS-Respect.<\/p>\n","protected":false},"excerpt":{"rendered":"<p>Segundo \u00e1lbum del legendario grupo neozeland\u00e9s, editado en 1967 y en onda m\u00e1s soul-beat-psych que el primero. Incluye dos bonus tracks. <\/p>\n<p>\u00a0<\/p>\n<p> Tracklisting:<a class=\"read\" href=\"https:\/\/wpguerssen-test.odoo.rgbconsulting.com\/es\/producto\/find-us-a-way-papersleeve\/\"> (...)<\/a>","protected":false},"featured_media":113311,"template":"","meta":{"_acf_changed":false},"product_brand":[],"product_cat":[23281,21649],"product_tag":[24190],"class_list":{"0":"post-178107","1":"product","2":"type-product","3":"status-publish","4":"has-post-thumbnail","6":"product_cat-garagebeatrnb60-70-es","7":"product_cat-soul-rnb-es","8":"product_tag-sales-es","9":"pa_artist-la-de-das-the-es","10":"pa_format-cd-2-es","11":"pa_gender-garage-beat-rnb60-70-soul-rnb","12":"pa_label-nosmokerecords","13":"pa_location-australia-nz-es","15":"first","16":"instock","17":"taxable","18":"shipping-taxable","19":"purchasable","20":"product-type-simple"},"acf":[],"yoast_head":"<!-- This site is optimized with the Yoast SEO plugin v24.9 - https:\/\/yoast.com\/wordpress\/plugins\/seo\/ -->\n<title>LA DE DAS, The - Find us a way (papersleeve) -  (CD) | Guerssen<\/title>\n<meta name=\"description\" content=\"The release of &quot;Find Us A Way &quot; in May 1967 coincided with The La De Das&#039; first exploratory trip to Australia. This one is even better than the first lp , with more original compositions and a more mature soulful rock approach, including the snarling singles &quot;Find Us a Way&quot; and &quot;All Purpose Low.&quot; Its a more Mod and Beat Psychedelic related release, tracks like &quot;Goodbye Sister&quot; or &quot;Thank You For The Flowers&quot; are a good example of that. Its impressive record never reissued individualy in vinyl format. Grab it while you can, this is a very limited edition. #nl# Has two bonus tracks!!! SIDE A:01-FIND US A WAY 02-GOODBYE SISTERS 03-ALL PROPOSE LOW 04-TOO MANY FISH IN THE SEA 05-ROSALIE 06-I GOTTA WOMAN 07-BONUS-Stupidity. SIDE B: 01-BESIDE ME FOREVER 02-TELL THE TRUTH 03-GIMME SOME LOVIN 04-SONNY BOY 05-COOL JERK 06-THANK YOU FOR THE FLOWERS 07-BONUS-Respect.\" \/>\n<meta name=\"robots\" content=\"index, follow, max-snippet:-1, max-image-preview:large, max-video-preview:-1\" \/>\n<link rel=\"canonical\" href=\"https:\/\/wpguerssen-test.odoo.rgbconsulting.com\/es\/producto\/find-us-a-way-papersleeve\/\" \/>\n<meta property=\"og:locale\" content=\"es_ES\" \/>\n<meta property=\"og:type\" content=\"article\" \/>\n<meta property=\"og:title\" content=\"LA DE DAS, The - Find us a way (papersleeve) -  (CD) | Guerssen\" \/>\n<meta property=\"og:description\" content=\"The release of &quot;Find Us A Way &quot; in May 1967 coincided with The La De Das&#039; first exploratory trip to Australia. This one is even better than the first lp , with more original compositions and a more mature soulful rock approach, including the snarling singles &quot;Find Us a Way&quot; and &quot;All Purpose Low.&quot; Its a more Mod and Beat Psychedelic related release, tracks like &quot;Goodbye Sister&quot; or &quot;Thank You For The Flowers&quot; are a good example of that. Its impressive record never reissued individualy in vinyl format. Grab it while you can, this is a very limited edition. #nl# Has two bonus tracks!!! SIDE A:01-FIND US A WAY 02-GOODBYE SISTERS 03-ALL PROPOSE LOW 04-TOO MANY FISH IN THE SEA 05-ROSALIE 06-I GOTTA WOMAN 07-BONUS-Stupidity. SIDE B: 01-BESIDE ME FOREVER 02-TELL THE TRUTH 03-GIMME SOME LOVIN 04-SONNY BOY 05-COOL JERK 06-THANK YOU FOR THE FLOWERS 07-BONUS-Respect.\" \/>\n<meta property=\"og:url\" content=\"https:\/\/wpguerssen-test.odoo.rgbconsulting.com\/es\/producto\/find-us-a-way-papersleeve\/\" \/>\n<meta property=\"og:site_name\" content=\"Guerssen records\" \/>\n<meta property=\"article:modified_time\" content=\"2025-04-01T15:38:46+00:00\" \/>\n<meta name=\"twitter:card\" content=\"summary_large_image\" \/>\n<meta name=\"twitter:title\" content=\"LA DE DAS, The - Find us a way (papersleeve) -  (CD) | Guerssen\" \/>\n<script type=\"application\/ld+json\" class=\"yoast-schema-graph\">{\"@context\":\"https:\/\/schema.org\",\"@graph\":[{\"@type\":\"WebPage\",\"@id\":\"https:\/\/wpguerssen-test.odoo.rgbconsulting.com\/es\/producto\/find-us-a-way-papersleeve\/\",\"url\":\"https:\/\/wpguerssen-test.odoo.rgbconsulting.com\/es\/producto\/find-us-a-way-papersleeve\/\",\"name\":\"LA DE DAS, The - Find us a way (papersleeve) - (CD) | Guerssen\",\"isPartOf\":{\"@id\":\"https:\/\/wpguerssen-test.odoo.rgbconsulting.com\/es\/#website\"},\"primaryImageOfPage\":{\"@id\":\"https:\/\/wpguerssen-test.odoo.rgbconsulting.com\/es\/producto\/find-us-a-way-papersleeve\/#primaryimage\"},\"image\":{\"@id\":\"https:\/\/wpguerssen-test.odoo.rgbconsulting.com\/es\/producto\/find-us-a-way-papersleeve\/#primaryimage\"},\"thumbnailUrl\":\"https:\/\/wpguerssen-test.odoo.rgbconsulting.com\/wp-content\/uploads\/2022\/03\/12885.jpg\",\"datePublished\":\"2011-12-12T23:00:00+00:00\",\"dateModified\":\"2025-04-01T15:38:46+00:00\",\"description\":\"The release of \\\"Find Us A Way \\\" in May 1967 coincided with The La De Das' first exploratory trip to Australia. This one is even better than the first lp , with more original compositions and a more mature soulful rock approach, including the snarling singles \\\"Find Us a Way\\\" and \\\"All Purpose Low.\\\" Its a more Mod and Beat Psychedelic related release, tracks like \\\"Goodbye Sister\\\" or \\\"Thank You For The Flowers\\\" are a good example of that. Its impressive record never reissued individualy in vinyl format. Grab it while you can, this is a very limited edition. #nl# Has two bonus tracks!!! SIDE A:01-FIND US A WAY 02-GOODBYE SISTERS 03-ALL PROPOSE LOW 04-TOO MANY FISH IN THE SEA 05-ROSALIE 06-I GOTTA WOMAN 07-BONUS-Stupidity. SIDE B: 01-BESIDE ME FOREVER 02-TELL THE TRUTH 03-GIMME SOME LOVIN 04-SONNY BOY 05-COOL JERK 06-THANK YOU FOR THE FLOWERS 07-BONUS-Respect.\",\"breadcrumb\":{\"@id\":\"https:\/\/wpguerssen-test.odoo.rgbconsulting.com\/es\/producto\/find-us-a-way-papersleeve\/#breadcrumb\"},\"inLanguage\":\"es\",\"potentialAction\":[{\"@type\":\"ReadAction\",\"target\":[\"https:\/\/wpguerssen-test.odoo.rgbconsulting.com\/es\/producto\/find-us-a-way-papersleeve\/\"]}]},{\"@type\":\"ImageObject\",\"inLanguage\":\"es\",\"@id\":\"https:\/\/wpguerssen-test.odoo.rgbconsulting.com\/es\/producto\/find-us-a-way-papersleeve\/#primaryimage\",\"url\":\"https:\/\/wpguerssen-test.odoo.rgbconsulting.com\/wp-content\/uploads\/2022\/03\/12885.jpg\",\"contentUrl\":\"https:\/\/wpguerssen-test.odoo.rgbconsulting.com\/wp-content\/uploads\/2022\/03\/12885.jpg\",\"width\":380,\"height\":378,\"caption\":\"The - Find us a way (papersleeve) - NOSMOKERECORDS (CD) | Guerssen\"},{\"@type\":\"BreadcrumbList\",\"@id\":\"https:\/\/wpguerssen-test.odoo.rgbconsulting.com\/es\/producto\/find-us-a-way-papersleeve\/#breadcrumb\",\"itemListElement\":[{\"@type\":\"ListItem\",\"position\":1,\"name\":\"Inicio\",\"item\":\"https:\/\/wpguerssen-test.odoo.rgbconsulting.com\/es\/\"},{\"@type\":\"ListItem\",\"position\":2,\"name\":\"Shop\",\"item\":\"https:\/\/wpguerssen-test.odoo.rgbconsulting.com\/shop\/\"},{\"@type\":\"ListItem\",\"position\":3,\"name\":\"Find us a way (papersleeve)\"}]},{\"@type\":\"WebSite\",\"@id\":\"https:\/\/wpguerssen-test.odoo.rgbconsulting.com\/es\/#website\",\"url\":\"https:\/\/wpguerssen-test.odoo.rgbconsulting.com\/es\/\",\"name\":\"Guerssen records\",\"description\":\"psychedelia - progressive - folk - garage \",\"publisher\":{\"@id\":\"https:\/\/wpguerssen-test.odoo.rgbconsulting.com\/es\/#organization\"},\"potentialAction\":[{\"@type\":\"SearchAction\",\"target\":{\"@type\":\"EntryPoint\",\"urlTemplate\":\"https:\/\/wpguerssen-test.odoo.rgbconsulting.com\/es\/?s={search_term_string}\"},\"query-input\":{\"@type\":\"PropertyValueSpecification\",\"valueRequired\":true,\"valueName\":\"search_term_string\"}}],\"inLanguage\":\"es\"},{\"@type\":\"Organization\",\"@id\":\"https:\/\/wpguerssen-test.odoo.rgbconsulting.com\/es\/#organization\",\"name\":\"Guerssen records\",\"url\":\"https:\/\/wpguerssen-test.odoo.rgbconsulting.com\/es\/\",\"logo\":{\"@type\":\"ImageObject\",\"inLanguage\":\"es\",\"@id\":\"https:\/\/wpguerssen-test.odoo.rgbconsulting.com\/es\/#\/schema\/logo\/image\/\",\"url\":\"https:\/\/wpguerssen-test.odoo.rgbconsulting.com\/wp-content\/uploads\/2022\/04\/Logo_Guerssen_trans_100.png\",\"contentUrl\":\"https:\/\/wpguerssen-test.odoo.rgbconsulting.com\/wp-content\/uploads\/2022\/04\/Logo_Guerssen_trans_100.png\",\"width\":122,\"height\":100,\"caption\":\"Guerssen records\"},\"image\":{\"@id\":\"https:\/\/wpguerssen-test.odoo.rgbconsulting.com\/es\/#\/schema\/logo\/image\/\"}}]}<\/script>\n<!-- \/ Yoast SEO plugin. -->","yoast_head_json":{"title":"LA DE DAS, The - Find us a way (papersleeve) -  (CD) | Guerssen","description":"The release of \"Find Us A Way \" in May 1967 coincided with The La De Das' first exploratory trip to Australia. This one is even better than the first lp , with more original compositions and a more mature soulful rock approach, including the snarling singles \"Find Us a Way\" and \"All Purpose Low.\" Its a more Mod and Beat Psychedelic related release, tracks like \"Goodbye Sister\" or \"Thank You For The Flowers\" are a good example of that. Its impressive record never reissued individualy in vinyl format. Grab it while you can, this is a very limited edition. #nl# Has two bonus tracks!!! SIDE A:01-FIND US A WAY 02-GOODBYE SISTERS 03-ALL PROPOSE LOW 04-TOO MANY FISH IN THE SEA 05-ROSALIE 06-I GOTTA WOMAN 07-BONUS-Stupidity. SIDE B: 01-BESIDE ME FOREVER 02-TELL THE TRUTH 03-GIMME SOME LOVIN 04-SONNY BOY 05-COOL JERK 06-THANK YOU FOR THE FLOWERS 07-BONUS-Respect.","robots":{"index":"index","follow":"follow","max-snippet":"max-snippet:-1","max-image-preview":"max-image-preview:large","max-video-preview":"max-video-preview:-1"},"canonical":"https:\/\/wpguerssen-test.odoo.rgbconsulting.com\/es\/producto\/find-us-a-way-papersleeve\/","og_locale":"es_ES","og_type":"article","og_title":"LA DE DAS, The - Find us a way (papersleeve) -  (CD) | Guerssen","og_description":"The release of \"Find Us A Way \" in May 1967 coincided with The La De Das' first exploratory trip to Australia. This one is even better than the first lp , with more original compositions and a more mature soulful rock approach, including the snarling singles \"Find Us a Way\" and \"All Purpose Low.\" Its a more Mod and Beat Psychedelic related release, tracks like \"Goodbye Sister\" or \"Thank You For The Flowers\" are a good example of that. Its impressive record never reissued individualy in vinyl format. Grab it while you can, this is a very limited edition. #nl# Has two bonus tracks!!! SIDE A:01-FIND US A WAY 02-GOODBYE SISTERS 03-ALL PROPOSE LOW 04-TOO MANY FISH IN THE SEA 05-ROSALIE 06-I GOTTA WOMAN 07-BONUS-Stupidity. SIDE B: 01-BESIDE ME FOREVER 02-TELL THE TRUTH 03-GIMME SOME LOVIN 04-SONNY BOY 05-COOL JERK 06-THANK YOU FOR THE FLOWERS 07-BONUS-Respect.","og_url":"https:\/\/wpguerssen-test.odoo.rgbconsulting.com\/es\/producto\/find-us-a-way-papersleeve\/","og_site_name":"Guerssen records","article_modified_time":"2025-04-01T15:38:46+00:00","twitter_card":"summary_large_image","twitter_title":"LA DE DAS, The - Find us a way (papersleeve) -  (CD) | Guerssen","schema":{"@context":"https:\/\/schema.org","@graph":[{"@type":"WebPage","@id":"https:\/\/wpguerssen-test.odoo.rgbconsulting.com\/es\/producto\/find-us-a-way-papersleeve\/","url":"https:\/\/wpguerssen-test.odoo.rgbconsulting.com\/es\/producto\/find-us-a-way-papersleeve\/","name":"LA DE DAS, The - Find us a way (papersleeve) - (CD) | Guerssen","isPartOf":{"@id":"https:\/\/wpguerssen-test.odoo.rgbconsulting.com\/es\/#website"},"primaryImageOfPage":{"@id":"https:\/\/wpguerssen-test.odoo.rgbconsulting.com\/es\/producto\/find-us-a-way-papersleeve\/#primaryimage"},"image":{"@id":"https:\/\/wpguerssen-test.odoo.rgbconsulting.com\/es\/producto\/find-us-a-way-papersleeve\/#primaryimage"},"thumbnailUrl":"https:\/\/wpguerssen-test.odoo.rgbconsulting.com\/wp-content\/uploads\/2022\/03\/12885.jpg","datePublished":"2011-12-12T23:00:00+00:00","dateModified":"2025-04-01T15:38:46+00:00","description":"The release of \"Find Us A Way \" in May 1967 coincided with The La De Das' first exploratory trip to Australia. This one is even better than the first lp , with more original compositions and a more mature soulful rock approach, including the snarling singles \"Find Us a Way\" and \"All Purpose Low.\" Its a more Mod and Beat Psychedelic related release, tracks like \"Goodbye Sister\" or \"Thank You For The Flowers\" are a good example of that. Its impressive record never reissued individualy in vinyl format. Grab it while you can, this is a very limited edition. #nl# Has two bonus tracks!!! SIDE A:01-FIND US A WAY 02-GOODBYE SISTERS 03-ALL PROPOSE LOW 04-TOO MANY FISH IN THE SEA 05-ROSALIE 06-I GOTTA WOMAN 07-BONUS-Stupidity. SIDE B: 01-BESIDE ME FOREVER 02-TELL THE TRUTH 03-GIMME SOME LOVIN 04-SONNY BOY 05-COOL JERK 06-THANK YOU FOR THE FLOWERS 07-BONUS-Respect.","breadcrumb":{"@id":"https:\/\/wpguerssen-test.odoo.rgbconsulting.com\/es\/producto\/find-us-a-way-papersleeve\/#breadcrumb"},"inLanguage":"es","potentialAction":[{"@type":"ReadAction","target":["https:\/\/wpguerssen-test.odoo.rgbconsulting.com\/es\/producto\/find-us-a-way-papersleeve\/"]}]},{"@type":"ImageObject","inLanguage":"es","@id":"https:\/\/wpguerssen-test.odoo.rgbconsulting.com\/es\/producto\/find-us-a-way-papersleeve\/#primaryimage","url":"https:\/\/wpguerssen-test.odoo.rgbconsulting.com\/wp-content\/uploads\/2022\/03\/12885.jpg","contentUrl":"https:\/\/wpguerssen-test.odoo.rgbconsulting.com\/wp-content\/uploads\/2022\/03\/12885.jpg","width":380,"height":378,"caption":"The - Find us a way (papersleeve) - NOSMOKERECORDS (CD) | Guerssen"},{"@type":"BreadcrumbList","@id":"https:\/\/wpguerssen-test.odoo.rgbconsulting.com\/es\/producto\/find-us-a-way-papersleeve\/#breadcrumb","itemListElement":[{"@type":"ListItem","position":1,"name":"Inicio","item":"https:\/\/wpguerssen-test.odoo.rgbconsulting.com\/es\/"},{"@type":"ListItem","position":2,"name":"Shop","item":"https:\/\/wpguerssen-test.odoo.rgbconsulting.com\/shop\/"},{"@type":"ListItem","position":3,"name":"Find us a way (papersleeve)"}]},{"@type":"WebSite","@id":"https:\/\/wpguerssen-test.odoo.rgbconsulting.com\/es\/#website","url":"https:\/\/wpguerssen-test.odoo.rgbconsulting.com\/es\/","name":"Guerssen records","description":"psychedelia - progressive - folk - garage ","publisher":{"@id":"https:\/\/wpguerssen-test.odoo.rgbconsulting.com\/es\/#organization"},"potentialAction":[{"@type":"SearchAction","target":{"@type":"EntryPoint","urlTemplate":"https:\/\/wpguerssen-test.odoo.rgbconsulting.com\/es\/?s={search_term_string}"},"query-input":{"@type":"PropertyValueSpecification","valueRequired":true,"valueName":"search_term_string"}}],"inLanguage":"es"},{"@type":"Organization","@id":"https:\/\/wpguerssen-test.odoo.rgbconsulting.com\/es\/#organization","name":"Guerssen records","url":"https:\/\/wpguerssen-test.odoo.rgbconsulting.com\/es\/","logo":{"@type":"ImageObject","inLanguage":"es","@id":"https:\/\/wpguerssen-test.odoo.rgbconsulting.com\/es\/#\/schema\/logo\/image\/","url":"https:\/\/wpguerssen-test.odoo.rgbconsulting.com\/wp-content\/uploads\/2022\/04\/Logo_Guerssen_trans_100.png","contentUrl":"https:\/\/wpguerssen-test.odoo.rgbconsulting.com\/wp-content\/uploads\/2022\/04\/Logo_Guerssen_trans_100.png","width":122,"height":100,"caption":"Guerssen records"},"image":{"@id":"https:\/\/wpguerssen-test.odoo.rgbconsulting.com\/es\/#\/schema\/logo\/image\/"}}]}},"_links":{"self":[{"href":"https:\/\/wpguerssen-test.odoo.rgbconsulting.com\/es\/wp-json\/wp\/v2\/product\/178107","targetHints":{"allow":["GET"]}}],"collection":[{"href":"https:\/\/wpguerssen-test.odoo.rgbconsulting.com\/es\/wp-json\/wp\/v2\/product"}],"about":[{"href":"https:\/\/wpguerssen-test.odoo.rgbconsulting.com\/es\/wp-json\/wp\/v2\/types\/product"}],"wp:featuredmedia":[{"embeddable":true,"href":"https:\/\/wpguerssen-test.odoo.rgbconsulting.com\/es\/wp-json\/wp\/v2\/media\/113311"}],"wp:attachment":[{"href":"https:\/\/wpguerssen-test.odoo.rgbconsulting.com\/es\/wp-json\/wp\/v2\/media?parent=178107"}],"wp:term":[{"taxonomy":"product_brand","embeddable":true,"href":"https:\/\/wpguerssen-test.odoo.rgbconsulting.com\/es\/wp-json\/wp\/v2\/product_brand?post=178107"},{"taxonomy":"product_cat","embeddable":true,"href":"https:\/\/wpguerssen-test.odoo.rgbconsulting.com\/es\/wp-json\/wp\/v2\/product_cat?post=178107"},{"taxonomy":"product_tag","embeddable":true,"href":"https:\/\/wpguerssen-test.odoo.rgbconsulting.com\/es\/wp-json\/wp\/v2\/product_tag?post=178107"}],"curies":[{"name":"wp","href":"https:\/\/api.w.org\/{rel}","templated":true}]}}