{"id":178126,"date":"2025-02-14T00:00:00","date_gmt":"2025-02-13T23:00:00","guid":{"rendered":"http:\/\/guerssen.hl1097.dinaserver.com\/product\/down-and-out\/"},"modified":"2025-02-20T18:27:49","modified_gmt":"2025-02-20T17:27:49","slug":"down-and-out-ike-turner-recordings-51-59","status":"publish","type":"product","link":"https:\/\/wpguerssen-test.odoo.rgbconsulting.com\/es\/producto\/down-and-out-ike-turner-recordings-51-59\/","title":{"rendered":"Down and out. Ike Turner recordings 51-59"},"content":{"rendered":"<p>La vida es dura y el mundo, cruel. Tambi\u00e9n, c\u00f3mo no, para Ike Turner. Ni su tard\u00eda y absurda inducci\u00f3n al Hall of Fame ni la edici\u00f3n de recopilatorios como \u00e9ste har\u00e1n justicia a unos de los personaje CLAVE en el nacimiento y la construcci\u00f3n del rock and roll. Esa es la raz\u00f3n por la que cualquier disco que reivindique su importancia y nos revele m\u00e1s pistas sobre su enorme talento merece todas las medallas. <\/p>\n<p> Down and Out, solo disponible en vinilo, re\u00fane lo mejorcito de su material, tanto en su carrera en solitario como en su faceta de l\u00edder de los Kings Of Rhythm durante la d\u00e9cada de los 50. Un fest\u00edn de genuino y crudo R&#038;B que incluye \u00abI&#8217;m Lonesome Baby\u00bb, su hist\u00f3rico primer single, los deliciosos instrumentales \u00abCuban Getaway\u00bb y \u00abCubano Jump\u00bb, -donde demuestra su destreza con el tremolo de la guitarra- o \u00abBox Top\u00bb, que sirvi\u00f3 a una jovenc\u00edsima Tina Turner para estrenarse en esto de grabar discos. Elegante portada, sonido remasterizado y notas de contraportada y discograf\u00eda a cargo del experto Fred Rothwell, que actualmente se encuentra escribiendo su biograf\u00eda. <\/p>\n<p> I&#8217;m Lonesome Baby, You&#8217;re Driving Me Insane, Cubano Jump, Troubles And Heartaches, Looking For My Baby, Cuban Getaway, I Wanna Make Love To You, Loosely, Boxtop, (I Know) You Don&#8217;t Love Me, Go To It, Down &#038; Out, Walking Down The Aisle, My Love.<\/p>\n","protected":false},"excerpt":{"rendered":"<p>La vida es dura y el mundo, cruel. Tambi\u00e9n, c\u00f3mo no, para Ike Turner. Ni su tard\u00eda y absurda inducci\u00f3n al Hall of Fame ni la edici\u00f3n de recopilatorios como \u00e9ste<a class=\"read\" href=\"https:\/\/wpguerssen-test.odoo.rgbconsulting.com\/es\/producto\/down-and-out-ike-turner-recordings-51-59\/\"> (...)<\/a>","protected":false},"featured_media":113370,"template":"","meta":{"_acf_changed":false},"product_brand":[],"product_cat":[21649],"product_tag":[24185],"class_list":{"0":"post-178126","1":"product","2":"type-product","3":"status-publish","4":"has-post-thumbnail","6":"product_cat-soul-rnb-es","7":"product_tag-de-nuevo-en-existencia","8":"pa_artist-turner-ike-es","9":"pa_format-lp-es","10":"pa_gender-soul-rnb","11":"pa_label-jerome","12":"pa_location-north-america-es","13":"pa_other-filters-vinyl-only-es","15":"first","16":"instock","17":"taxable","18":"shipping-taxable","19":"purchasable","20":"product-type-simple"},"acf":[],"yoast_head":"<!-- This site is optimized with the Yoast SEO plugin v24.9 - https:\/\/yoast.com\/wordpress\/plugins\/seo\/ -->\n<title>TURNER, Ike - Down and out. Ike Turner recordings 51-59 -  (LP) | Guerssen<\/title>\n<meta name=\"description\" content=\"Life&#039;s a bitch, and so is the world...for Ike Turner at least. Neither his late and absurd Hall of Fame induction nor the release of compilations like this one will ever do justice to one of the KEY characters in the birth and development of R&amp;R. That is why any album underlining his historical importance and artistic talent deserves plenty of attention. &quot;Down and Out&quot; -available on vinyl only-- gathers the very best of Ike&#039;s output as a solo artist and as the leader of the Kings of Rhythm during the fifties. This feast of raw R&amp;B includes &quot;I&#039;m Lonesome Baby&quot;, his legendary first 45, the killer instrumentals &quot;Cuban Getaway&quot; and &quot;Cubano Jump&quot;, as well as &quot;Box Top&quot;, the recording debut of a very young Tina. #nl# Exquisite cover art, remastered sound, liner notes and discography by specialist Fred Rothwell, the man who is currently writing Ike Turner&#039;s biography. #nl# I&#039;m Lonesome Baby, You&#039;re Driving Me Insane, Cubano Jump, Troubles And Heartaches, Looking For My Baby, Cuban Getaway, I Wanna Make Love To You, Loosely, Boxtop, (I Know) You Don&#039;t Love Me, Go To It, Down &amp; Out, Walking Down The Aisle, My Love.\" \/>\n<meta name=\"robots\" content=\"index, follow, max-snippet:-1, max-image-preview:large, max-video-preview:-1\" \/>\n<link rel=\"canonical\" href=\"https:\/\/wpguerssen-test.odoo.rgbconsulting.com\/es\/producto\/down-and-out-ike-turner-recordings-51-59\/\" \/>\n<meta property=\"og:locale\" content=\"es_ES\" \/>\n<meta property=\"og:type\" content=\"article\" \/>\n<meta property=\"og:title\" content=\"TURNER, Ike - Down and out. Ike Turner recordings 51-59 -  (LP) | Guerssen\" \/>\n<meta property=\"og:description\" content=\"Life&#039;s a bitch, and so is the world...for Ike Turner at least. Neither his late and absurd Hall of Fame induction nor the release of compilations like this one will ever do justice to one of the KEY characters in the birth and development of R&amp;R. That is why any album underlining his historical importance and artistic talent deserves plenty of attention. &quot;Down and Out&quot; -available on vinyl only-- gathers the very best of Ike&#039;s output as a solo artist and as the leader of the Kings of Rhythm during the fifties. This feast of raw R&amp;B includes &quot;I&#039;m Lonesome Baby&quot;, his legendary first 45, the killer instrumentals &quot;Cuban Getaway&quot; and &quot;Cubano Jump&quot;, as well as &quot;Box Top&quot;, the recording debut of a very young Tina. #nl# Exquisite cover art, remastered sound, liner notes and discography by specialist Fred Rothwell, the man who is currently writing Ike Turner&#039;s biography. #nl# I&#039;m Lonesome Baby, You&#039;re Driving Me Insane, Cubano Jump, Troubles And Heartaches, Looking For My Baby, Cuban Getaway, I Wanna Make Love To You, Loosely, Boxtop, (I Know) You Don&#039;t Love Me, Go To It, Down &amp; Out, Walking Down The Aisle, My Love.\" \/>\n<meta property=\"og:url\" content=\"https:\/\/wpguerssen-test.odoo.rgbconsulting.com\/es\/producto\/down-and-out-ike-turner-recordings-51-59\/\" \/>\n<meta property=\"og:site_name\" content=\"Guerssen records\" \/>\n<meta property=\"article:modified_time\" content=\"2025-02-20T17:27:49+00:00\" \/>\n<meta property=\"og:image\" content=\"https:\/\/wpguerssen-test.odoo.rgbconsulting.com\/wp-content\/uploads\/2022\/03\/13000.jpg\" \/>\n\t<meta property=\"og:image:width\" content=\"850\" \/>\n\t<meta property=\"og:image:height\" content=\"850\" \/>\n\t<meta property=\"og:image:type\" content=\"image\/jpeg\" \/>\n<meta name=\"twitter:card\" content=\"summary_large_image\" \/>\n<meta name=\"twitter:title\" content=\"TURNER, Ike - Down and out. Ike Turner recordings 51-59 -  (LP) | Guerssen\" \/>\n<meta name=\"twitter:label1\" content=\"Tiempo de lectura\" \/>\n\t<meta name=\"twitter:data1\" content=\"1 minuto\" \/>\n<script type=\"application\/ld+json\" class=\"yoast-schema-graph\">{\"@context\":\"https:\/\/schema.org\",\"@graph\":[{\"@type\":\"WebPage\",\"@id\":\"https:\/\/wpguerssen-test.odoo.rgbconsulting.com\/es\/producto\/down-and-out-ike-turner-recordings-51-59\/\",\"url\":\"https:\/\/wpguerssen-test.odoo.rgbconsulting.com\/es\/producto\/down-and-out-ike-turner-recordings-51-59\/\",\"name\":\"TURNER, Ike - Down and out. Ike Turner recordings 51-59 - (LP) | Guerssen\",\"isPartOf\":{\"@id\":\"https:\/\/wpguerssen-test.odoo.rgbconsulting.com\/es\/#website\"},\"primaryImageOfPage\":{\"@id\":\"https:\/\/wpguerssen-test.odoo.rgbconsulting.com\/es\/producto\/down-and-out-ike-turner-recordings-51-59\/#primaryimage\"},\"image\":{\"@id\":\"https:\/\/wpguerssen-test.odoo.rgbconsulting.com\/es\/producto\/down-and-out-ike-turner-recordings-51-59\/#primaryimage\"},\"thumbnailUrl\":\"https:\/\/wpguerssen-test.odoo.rgbconsulting.com\/wp-content\/uploads\/2022\/03\/13000.jpg\",\"datePublished\":\"2025-02-13T23:00:00+00:00\",\"dateModified\":\"2025-02-20T17:27:49+00:00\",\"description\":\"Life's a bitch, and so is the world...for Ike Turner at least. Neither his late and absurd Hall of Fame induction nor the release of compilations like this one will ever do justice to one of the KEY characters in the birth and development of R&R. That is why any album underlining his historical importance and artistic talent deserves plenty of attention. \\\"Down and Out\\\" -available on vinyl only-- gathers the very best of Ike's output as a solo artist and as the leader of the Kings of Rhythm during the fifties. This feast of raw R&B includes \\\"I'm Lonesome Baby\\\", his legendary first 45, the killer instrumentals \\\"Cuban Getaway\\\" and \\\"Cubano Jump\\\", as well as \\\"Box Top\\\", the recording debut of a very young Tina. #nl# Exquisite cover art, remastered sound, liner notes and discography by specialist Fred Rothwell, the man who is currently writing Ike Turner's biography. #nl# I'm Lonesome Baby, You're Driving Me Insane, Cubano Jump, Troubles And Heartaches, Looking For My Baby, Cuban Getaway, I Wanna Make Love To You, Loosely, Boxtop, (I Know) You Don't Love Me, Go To It, Down & Out, Walking Down The Aisle, My Love.\",\"breadcrumb\":{\"@id\":\"https:\/\/wpguerssen-test.odoo.rgbconsulting.com\/es\/producto\/down-and-out-ike-turner-recordings-51-59\/#breadcrumb\"},\"inLanguage\":\"es\",\"potentialAction\":[{\"@type\":\"ReadAction\",\"target\":[\"https:\/\/wpguerssen-test.odoo.rgbconsulting.com\/es\/producto\/down-and-out-ike-turner-recordings-51-59\/\"]}]},{\"@type\":\"ImageObject\",\"inLanguage\":\"es\",\"@id\":\"https:\/\/wpguerssen-test.odoo.rgbconsulting.com\/es\/producto\/down-and-out-ike-turner-recordings-51-59\/#primaryimage\",\"url\":\"https:\/\/wpguerssen-test.odoo.rgbconsulting.com\/wp-content\/uploads\/2022\/03\/13000.jpg\",\"contentUrl\":\"https:\/\/wpguerssen-test.odoo.rgbconsulting.com\/wp-content\/uploads\/2022\/03\/13000.jpg\",\"width\":850,\"height\":850,\"caption\":\"Ike - Down and out. Ike Turner recordings 51-59 - JEROME (LP) | Guerssen\"},{\"@type\":\"BreadcrumbList\",\"@id\":\"https:\/\/wpguerssen-test.odoo.rgbconsulting.com\/es\/producto\/down-and-out-ike-turner-recordings-51-59\/#breadcrumb\",\"itemListElement\":[{\"@type\":\"ListItem\",\"position\":1,\"name\":\"Inicio\",\"item\":\"https:\/\/wpguerssen-test.odoo.rgbconsulting.com\/es\/\"},{\"@type\":\"ListItem\",\"position\":2,\"name\":\"Shop\",\"item\":\"https:\/\/wpguerssen-test.odoo.rgbconsulting.com\/shop\/\"},{\"@type\":\"ListItem\",\"position\":3,\"name\":\"Down and out. Ike Turner recordings 51-59\"}]},{\"@type\":\"WebSite\",\"@id\":\"https:\/\/wpguerssen-test.odoo.rgbconsulting.com\/es\/#website\",\"url\":\"https:\/\/wpguerssen-test.odoo.rgbconsulting.com\/es\/\",\"name\":\"Guerssen records\",\"description\":\"psychedelia - progressive - folk - garage \",\"publisher\":{\"@id\":\"https:\/\/wpguerssen-test.odoo.rgbconsulting.com\/es\/#organization\"},\"potentialAction\":[{\"@type\":\"SearchAction\",\"target\":{\"@type\":\"EntryPoint\",\"urlTemplate\":\"https:\/\/wpguerssen-test.odoo.rgbconsulting.com\/es\/?s={search_term_string}\"},\"query-input\":{\"@type\":\"PropertyValueSpecification\",\"valueRequired\":true,\"valueName\":\"search_term_string\"}}],\"inLanguage\":\"es\"},{\"@type\":\"Organization\",\"@id\":\"https:\/\/wpguerssen-test.odoo.rgbconsulting.com\/es\/#organization\",\"name\":\"Guerssen records\",\"url\":\"https:\/\/wpguerssen-test.odoo.rgbconsulting.com\/es\/\",\"logo\":{\"@type\":\"ImageObject\",\"inLanguage\":\"es\",\"@id\":\"https:\/\/wpguerssen-test.odoo.rgbconsulting.com\/es\/#\/schema\/logo\/image\/\",\"url\":\"https:\/\/wpguerssen-test.odoo.rgbconsulting.com\/wp-content\/uploads\/2022\/04\/Logo_Guerssen_trans_100.png\",\"contentUrl\":\"https:\/\/wpguerssen-test.odoo.rgbconsulting.com\/wp-content\/uploads\/2022\/04\/Logo_Guerssen_trans_100.png\",\"width\":122,\"height\":100,\"caption\":\"Guerssen records\"},\"image\":{\"@id\":\"https:\/\/wpguerssen-test.odoo.rgbconsulting.com\/es\/#\/schema\/logo\/image\/\"}}]}<\/script>\n<!-- \/ Yoast SEO plugin. -->","yoast_head_json":{"title":"TURNER, Ike - Down and out. Ike Turner recordings 51-59 -  (LP) | Guerssen","description":"Life's a bitch, and so is the world...for Ike Turner at least. Neither his late and absurd Hall of Fame induction nor the release of compilations like this one will ever do justice to one of the KEY characters in the birth and development of R&R. That is why any album underlining his historical importance and artistic talent deserves plenty of attention. \"Down and Out\" -available on vinyl only-- gathers the very best of Ike's output as a solo artist and as the leader of the Kings of Rhythm during the fifties. This feast of raw R&B includes \"I'm Lonesome Baby\", his legendary first 45, the killer instrumentals \"Cuban Getaway\" and \"Cubano Jump\", as well as \"Box Top\", the recording debut of a very young Tina. #nl# Exquisite cover art, remastered sound, liner notes and discography by specialist Fred Rothwell, the man who is currently writing Ike Turner's biography. #nl# I'm Lonesome Baby, You're Driving Me Insane, Cubano Jump, Troubles And Heartaches, Looking For My Baby, Cuban Getaway, I Wanna Make Love To You, Loosely, Boxtop, (I Know) You Don't Love Me, Go To It, Down & Out, Walking Down The Aisle, My Love.","robots":{"index":"index","follow":"follow","max-snippet":"max-snippet:-1","max-image-preview":"max-image-preview:large","max-video-preview":"max-video-preview:-1"},"canonical":"https:\/\/wpguerssen-test.odoo.rgbconsulting.com\/es\/producto\/down-and-out-ike-turner-recordings-51-59\/","og_locale":"es_ES","og_type":"article","og_title":"TURNER, Ike - Down and out. Ike Turner recordings 51-59 -  (LP) | Guerssen","og_description":"Life's a bitch, and so is the world...for Ike Turner at least. Neither his late and absurd Hall of Fame induction nor the release of compilations like this one will ever do justice to one of the KEY characters in the birth and development of R&R. That is why any album underlining his historical importance and artistic talent deserves plenty of attention. \"Down and Out\" -available on vinyl only-- gathers the very best of Ike's output as a solo artist and as the leader of the Kings of Rhythm during the fifties. This feast of raw R&B includes \"I'm Lonesome Baby\", his legendary first 45, the killer instrumentals \"Cuban Getaway\" and \"Cubano Jump\", as well as \"Box Top\", the recording debut of a very young Tina. #nl# Exquisite cover art, remastered sound, liner notes and discography by specialist Fred Rothwell, the man who is currently writing Ike Turner's biography. #nl# I'm Lonesome Baby, You're Driving Me Insane, Cubano Jump, Troubles And Heartaches, Looking For My Baby, Cuban Getaway, I Wanna Make Love To You, Loosely, Boxtop, (I Know) You Don't Love Me, Go To It, Down & Out, Walking Down The Aisle, My Love.","og_url":"https:\/\/wpguerssen-test.odoo.rgbconsulting.com\/es\/producto\/down-and-out-ike-turner-recordings-51-59\/","og_site_name":"Guerssen records","article_modified_time":"2025-02-20T17:27:49+00:00","og_image":[{"width":850,"height":850,"url":"https:\/\/wpguerssen-test.odoo.rgbconsulting.com\/wp-content\/uploads\/2022\/03\/13000.jpg","type":"image\/jpeg"}],"twitter_card":"summary_large_image","twitter_title":"TURNER, Ike - Down and out. Ike Turner recordings 51-59 -  (LP) | Guerssen","twitter_misc":{"Tiempo de lectura":"1 minuto"},"schema":{"@context":"https:\/\/schema.org","@graph":[{"@type":"WebPage","@id":"https:\/\/wpguerssen-test.odoo.rgbconsulting.com\/es\/producto\/down-and-out-ike-turner-recordings-51-59\/","url":"https:\/\/wpguerssen-test.odoo.rgbconsulting.com\/es\/producto\/down-and-out-ike-turner-recordings-51-59\/","name":"TURNER, Ike - Down and out. Ike Turner recordings 51-59 - (LP) | Guerssen","isPartOf":{"@id":"https:\/\/wpguerssen-test.odoo.rgbconsulting.com\/es\/#website"},"primaryImageOfPage":{"@id":"https:\/\/wpguerssen-test.odoo.rgbconsulting.com\/es\/producto\/down-and-out-ike-turner-recordings-51-59\/#primaryimage"},"image":{"@id":"https:\/\/wpguerssen-test.odoo.rgbconsulting.com\/es\/producto\/down-and-out-ike-turner-recordings-51-59\/#primaryimage"},"thumbnailUrl":"https:\/\/wpguerssen-test.odoo.rgbconsulting.com\/wp-content\/uploads\/2022\/03\/13000.jpg","datePublished":"2025-02-13T23:00:00+00:00","dateModified":"2025-02-20T17:27:49+00:00","description":"Life's a bitch, and so is the world...for Ike Turner at least. Neither his late and absurd Hall of Fame induction nor the release of compilations like this one will ever do justice to one of the KEY characters in the birth and development of R&R. That is why any album underlining his historical importance and artistic talent deserves plenty of attention. \"Down and Out\" -available on vinyl only-- gathers the very best of Ike's output as a solo artist and as the leader of the Kings of Rhythm during the fifties. This feast of raw R&B includes \"I'm Lonesome Baby\", his legendary first 45, the killer instrumentals \"Cuban Getaway\" and \"Cubano Jump\", as well as \"Box Top\", the recording debut of a very young Tina. #nl# Exquisite cover art, remastered sound, liner notes and discography by specialist Fred Rothwell, the man who is currently writing Ike Turner's biography. #nl# I'm Lonesome Baby, You're Driving Me Insane, Cubano Jump, Troubles And Heartaches, Looking For My Baby, Cuban Getaway, I Wanna Make Love To You, Loosely, Boxtop, (I Know) You Don't Love Me, Go To It, Down & Out, Walking Down The Aisle, My Love.","breadcrumb":{"@id":"https:\/\/wpguerssen-test.odoo.rgbconsulting.com\/es\/producto\/down-and-out-ike-turner-recordings-51-59\/#breadcrumb"},"inLanguage":"es","potentialAction":[{"@type":"ReadAction","target":["https:\/\/wpguerssen-test.odoo.rgbconsulting.com\/es\/producto\/down-and-out-ike-turner-recordings-51-59\/"]}]},{"@type":"ImageObject","inLanguage":"es","@id":"https:\/\/wpguerssen-test.odoo.rgbconsulting.com\/es\/producto\/down-and-out-ike-turner-recordings-51-59\/#primaryimage","url":"https:\/\/wpguerssen-test.odoo.rgbconsulting.com\/wp-content\/uploads\/2022\/03\/13000.jpg","contentUrl":"https:\/\/wpguerssen-test.odoo.rgbconsulting.com\/wp-content\/uploads\/2022\/03\/13000.jpg","width":850,"height":850,"caption":"Ike - Down and out. Ike Turner recordings 51-59 - JEROME (LP) | Guerssen"},{"@type":"BreadcrumbList","@id":"https:\/\/wpguerssen-test.odoo.rgbconsulting.com\/es\/producto\/down-and-out-ike-turner-recordings-51-59\/#breadcrumb","itemListElement":[{"@type":"ListItem","position":1,"name":"Inicio","item":"https:\/\/wpguerssen-test.odoo.rgbconsulting.com\/es\/"},{"@type":"ListItem","position":2,"name":"Shop","item":"https:\/\/wpguerssen-test.odoo.rgbconsulting.com\/shop\/"},{"@type":"ListItem","position":3,"name":"Down and out. Ike Turner recordings 51-59"}]},{"@type":"WebSite","@id":"https:\/\/wpguerssen-test.odoo.rgbconsulting.com\/es\/#website","url":"https:\/\/wpguerssen-test.odoo.rgbconsulting.com\/es\/","name":"Guerssen records","description":"psychedelia - progressive - folk - garage ","publisher":{"@id":"https:\/\/wpguerssen-test.odoo.rgbconsulting.com\/es\/#organization"},"potentialAction":[{"@type":"SearchAction","target":{"@type":"EntryPoint","urlTemplate":"https:\/\/wpguerssen-test.odoo.rgbconsulting.com\/es\/?s={search_term_string}"},"query-input":{"@type":"PropertyValueSpecification","valueRequired":true,"valueName":"search_term_string"}}],"inLanguage":"es"},{"@type":"Organization","@id":"https:\/\/wpguerssen-test.odoo.rgbconsulting.com\/es\/#organization","name":"Guerssen records","url":"https:\/\/wpguerssen-test.odoo.rgbconsulting.com\/es\/","logo":{"@type":"ImageObject","inLanguage":"es","@id":"https:\/\/wpguerssen-test.odoo.rgbconsulting.com\/es\/#\/schema\/logo\/image\/","url":"https:\/\/wpguerssen-test.odoo.rgbconsulting.com\/wp-content\/uploads\/2022\/04\/Logo_Guerssen_trans_100.png","contentUrl":"https:\/\/wpguerssen-test.odoo.rgbconsulting.com\/wp-content\/uploads\/2022\/04\/Logo_Guerssen_trans_100.png","width":122,"height":100,"caption":"Guerssen records"},"image":{"@id":"https:\/\/wpguerssen-test.odoo.rgbconsulting.com\/es\/#\/schema\/logo\/image\/"}}]}},"_links":{"self":[{"href":"https:\/\/wpguerssen-test.odoo.rgbconsulting.com\/es\/wp-json\/wp\/v2\/product\/178126","targetHints":{"allow":["GET"]}}],"collection":[{"href":"https:\/\/wpguerssen-test.odoo.rgbconsulting.com\/es\/wp-json\/wp\/v2\/product"}],"about":[{"href":"https:\/\/wpguerssen-test.odoo.rgbconsulting.com\/es\/wp-json\/wp\/v2\/types\/product"}],"wp:featuredmedia":[{"embeddable":true,"href":"https:\/\/wpguerssen-test.odoo.rgbconsulting.com\/es\/wp-json\/wp\/v2\/media\/113370"}],"wp:attachment":[{"href":"https:\/\/wpguerssen-test.odoo.rgbconsulting.com\/es\/wp-json\/wp\/v2\/media?parent=178126"}],"wp:term":[{"taxonomy":"product_brand","embeddable":true,"href":"https:\/\/wpguerssen-test.odoo.rgbconsulting.com\/es\/wp-json\/wp\/v2\/product_brand?post=178126"},{"taxonomy":"product_cat","embeddable":true,"href":"https:\/\/wpguerssen-test.odoo.rgbconsulting.com\/es\/wp-json\/wp\/v2\/product_cat?post=178126"},{"taxonomy":"product_tag","embeddable":true,"href":"https:\/\/wpguerssen-test.odoo.rgbconsulting.com\/es\/wp-json\/wp\/v2\/product_tag?post=178126"}],"curies":[{"name":"wp","href":"https:\/\/api.w.org\/{rel}","templated":true}]}}