{"id":178136,"date":"2012-03-14T00:00:00","date_gmt":"2012-03-13T23:00:00","guid":{"rendered":"http:\/\/guerssen.hl1097.dinaserver.com\/product\/east-side-story-vg-cover\/"},"modified":"2025-03-27T18:26:17","modified_gmt":"2025-03-27T17:26:17","slug":"east-side-story-vg-cover","status":"publish","type":"product","link":"https:\/\/wpguerssen-test.odoo.rgbconsulting.com\/es\/producto\/east-side-story-vg-cover\/","title":{"rendered":"East side story  (VG+ cover!)"},"content":{"rendered":"<p>Fant\u00e1stica y necesaria recopilaci\u00f3n de la etapa 60s de Bob Seger, incluyendo los tremendos singles de Bob Seger System y Bob Seger &#038; The Last Heard con temazos de garage-rock y mod-soul como \u00abEast Side Story\u00bb, \u00ab2+2=?\u00bb, \u00abPersecution Smith\u00bb, \u00abHeavy Music\u00bb&#8230; Descatalogad\u00edsimo, aqu\u00ed quedan unas pocas copias con la portada en VG+ (tienen un peque\u00f1o desgarro).<\/p>\n","protected":false},"excerpt":{"rendered":"<p>Fant\u00e1stica y necesaria recopilaci\u00f3n de la etapa 60s de Bob Seger, incluyendo los tremendos singles de Bob Seger System y Bob Seger &#038; The Last Heard con temazos<a class=\"read\" href=\"https:\/\/wpguerssen-test.odoo.rgbconsulting.com\/es\/producto\/east-side-story-vg-cover\/\"> (...)<\/a>","protected":false},"featured_media":113405,"template":"","meta":{"_acf_changed":false},"product_brand":[],"product_cat":[23281],"product_tag":[],"class_list":{"0":"post-178136","1":"product","2":"type-product","3":"status-publish","4":"has-post-thumbnail","6":"product_cat-garagebeatrnb60-70-es","7":"pa_artist-seger-bob-es","8":"pa_format-lp-es","9":"pa_gender-garage-beat-rnb60-70-garagebeatrnb60-70","10":"pa_label-subway","11":"pa_location-north-america-es","12":"pa_other-filters-vinyl-only-es","14":"first","15":"instock","16":"taxable","17":"shipping-taxable","18":"purchasable","19":"product-type-simple"},"acf":[],"yoast_head":"<!-- This site is optimized with the Yoast SEO plugin v24.9 - https:\/\/yoast.com\/wordpress\/plugins\/seo\/ -->\n<title>SEGER, Bob - East side story (VG+ cover!) -  (LP) | Guerssen<\/title>\n<meta name=\"description\" content=\"Awesome collection of early tracks from the Bob Seger System and Bob Seger &amp; The Last Heard, including their storming 45s like &quot;East Side Story&quot;, &quot;2+2=?&quot;, &quot;Persecution Smith&quot;, &quot;Heavy Music&quot;...Stonkin&#039; garage-rock, mod-soul sounds with Seger&#039;s sensational vocals! Long deleted title, a few copies in stock with VG+ cover.\" \/>\n<meta name=\"robots\" content=\"index, follow, max-snippet:-1, max-image-preview:large, max-video-preview:-1\" \/>\n<link rel=\"canonical\" href=\"https:\/\/wpguerssen-test.odoo.rgbconsulting.com\/es\/producto\/east-side-story-vg-cover\/\" \/>\n<meta property=\"og:locale\" content=\"es_ES\" \/>\n<meta property=\"og:type\" content=\"article\" \/>\n<meta property=\"og:title\" content=\"SEGER, Bob - East side story (VG+ cover!) -  (LP) | Guerssen\" \/>\n<meta property=\"og:description\" content=\"Awesome collection of early tracks from the Bob Seger System and Bob Seger &amp; The Last Heard, including their storming 45s like &quot;East Side Story&quot;, &quot;2+2=?&quot;, &quot;Persecution Smith&quot;, &quot;Heavy Music&quot;...Stonkin&#039; garage-rock, mod-soul sounds with Seger&#039;s sensational vocals! Long deleted title, a few copies in stock with VG+ cover.\" \/>\n<meta property=\"og:url\" content=\"https:\/\/wpguerssen-test.odoo.rgbconsulting.com\/es\/producto\/east-side-story-vg-cover\/\" \/>\n<meta property=\"og:site_name\" content=\"Guerssen records\" \/>\n<meta property=\"article:modified_time\" content=\"2025-03-27T17:26:17+00:00\" \/>\n<meta name=\"twitter:card\" content=\"summary_large_image\" \/>\n<meta name=\"twitter:title\" content=\"SEGER, Bob - East side story (VG+ cover!) -  (LP) | Guerssen\" \/>\n<script type=\"application\/ld+json\" class=\"yoast-schema-graph\">{\"@context\":\"https:\/\/schema.org\",\"@graph\":[{\"@type\":\"WebPage\",\"@id\":\"https:\/\/wpguerssen-test.odoo.rgbconsulting.com\/es\/producto\/east-side-story-vg-cover\/\",\"url\":\"https:\/\/wpguerssen-test.odoo.rgbconsulting.com\/es\/producto\/east-side-story-vg-cover\/\",\"name\":\"SEGER, Bob - East side story (VG+ cover!) - (LP) | Guerssen\",\"isPartOf\":{\"@id\":\"https:\/\/wpguerssen-test.odoo.rgbconsulting.com\/es\/#website\"},\"primaryImageOfPage\":{\"@id\":\"https:\/\/wpguerssen-test.odoo.rgbconsulting.com\/es\/producto\/east-side-story-vg-cover\/#primaryimage\"},\"image\":{\"@id\":\"https:\/\/wpguerssen-test.odoo.rgbconsulting.com\/es\/producto\/east-side-story-vg-cover\/#primaryimage\"},\"thumbnailUrl\":\"https:\/\/wpguerssen-test.odoo.rgbconsulting.com\/wp-content\/uploads\/2022\/03\/13052.jpg\",\"datePublished\":\"2012-03-13T23:00:00+00:00\",\"dateModified\":\"2025-03-27T17:26:17+00:00\",\"description\":\"Awesome collection of early tracks from the Bob Seger System and Bob Seger & The Last Heard, including their storming 45s like \\\"East Side Story\\\", \\\"2+2=?\\\", \\\"Persecution Smith\\\", \\\"Heavy Music\\\"...Stonkin' garage-rock, mod-soul sounds with Seger's sensational vocals! Long deleted title, a few copies in stock with VG+ cover.\",\"breadcrumb\":{\"@id\":\"https:\/\/wpguerssen-test.odoo.rgbconsulting.com\/es\/producto\/east-side-story-vg-cover\/#breadcrumb\"},\"inLanguage\":\"es\",\"potentialAction\":[{\"@type\":\"ReadAction\",\"target\":[\"https:\/\/wpguerssen-test.odoo.rgbconsulting.com\/es\/producto\/east-side-story-vg-cover\/\"]}]},{\"@type\":\"ImageObject\",\"inLanguage\":\"es\",\"@id\":\"https:\/\/wpguerssen-test.odoo.rgbconsulting.com\/es\/producto\/east-side-story-vg-cover\/#primaryimage\",\"url\":\"https:\/\/wpguerssen-test.odoo.rgbconsulting.com\/wp-content\/uploads\/2022\/03\/13052.jpg\",\"contentUrl\":\"https:\/\/wpguerssen-test.odoo.rgbconsulting.com\/wp-content\/uploads\/2022\/03\/13052.jpg\",\"width\":893,\"height\":890,\"caption\":\"Bob - East side story (VG+ cover!) - SUBWAY (LP) | Guerssen\"},{\"@type\":\"BreadcrumbList\",\"@id\":\"https:\/\/wpguerssen-test.odoo.rgbconsulting.com\/es\/producto\/east-side-story-vg-cover\/#breadcrumb\",\"itemListElement\":[{\"@type\":\"ListItem\",\"position\":1,\"name\":\"Inicio\",\"item\":\"https:\/\/wpguerssen-test.odoo.rgbconsulting.com\/es\/\"},{\"@type\":\"ListItem\",\"position\":2,\"name\":\"Shop\",\"item\":\"https:\/\/wpguerssen-test.odoo.rgbconsulting.com\/shop\/\"},{\"@type\":\"ListItem\",\"position\":3,\"name\":\"East side story (VG+ cover!)\"}]},{\"@type\":\"WebSite\",\"@id\":\"https:\/\/wpguerssen-test.odoo.rgbconsulting.com\/es\/#website\",\"url\":\"https:\/\/wpguerssen-test.odoo.rgbconsulting.com\/es\/\",\"name\":\"Guerssen records\",\"description\":\"psychedelia - progressive - folk - garage \",\"publisher\":{\"@id\":\"https:\/\/wpguerssen-test.odoo.rgbconsulting.com\/es\/#organization\"},\"potentialAction\":[{\"@type\":\"SearchAction\",\"target\":{\"@type\":\"EntryPoint\",\"urlTemplate\":\"https:\/\/wpguerssen-test.odoo.rgbconsulting.com\/es\/?s={search_term_string}\"},\"query-input\":{\"@type\":\"PropertyValueSpecification\",\"valueRequired\":true,\"valueName\":\"search_term_string\"}}],\"inLanguage\":\"es\"},{\"@type\":\"Organization\",\"@id\":\"https:\/\/wpguerssen-test.odoo.rgbconsulting.com\/es\/#organization\",\"name\":\"Guerssen records\",\"url\":\"https:\/\/wpguerssen-test.odoo.rgbconsulting.com\/es\/\",\"logo\":{\"@type\":\"ImageObject\",\"inLanguage\":\"es\",\"@id\":\"https:\/\/wpguerssen-test.odoo.rgbconsulting.com\/es\/#\/schema\/logo\/image\/\",\"url\":\"https:\/\/wpguerssen-test.odoo.rgbconsulting.com\/wp-content\/uploads\/2022\/04\/Logo_Guerssen_trans_100.png\",\"contentUrl\":\"https:\/\/wpguerssen-test.odoo.rgbconsulting.com\/wp-content\/uploads\/2022\/04\/Logo_Guerssen_trans_100.png\",\"width\":122,\"height\":100,\"caption\":\"Guerssen records\"},\"image\":{\"@id\":\"https:\/\/wpguerssen-test.odoo.rgbconsulting.com\/es\/#\/schema\/logo\/image\/\"}}]}<\/script>\n<!-- \/ Yoast SEO plugin. -->","yoast_head_json":{"title":"SEGER, Bob - East side story (VG+ cover!) -  (LP) | Guerssen","description":"Awesome collection of early tracks from the Bob Seger System and Bob Seger & The Last Heard, including their storming 45s like \"East Side Story\", \"2+2=?\", \"Persecution Smith\", \"Heavy Music\"...Stonkin' garage-rock, mod-soul sounds with Seger's sensational vocals! Long deleted title, a few copies in stock with VG+ cover.","robots":{"index":"index","follow":"follow","max-snippet":"max-snippet:-1","max-image-preview":"max-image-preview:large","max-video-preview":"max-video-preview:-1"},"canonical":"https:\/\/wpguerssen-test.odoo.rgbconsulting.com\/es\/producto\/east-side-story-vg-cover\/","og_locale":"es_ES","og_type":"article","og_title":"SEGER, Bob - East side story (VG+ cover!) -  (LP) | Guerssen","og_description":"Awesome collection of early tracks from the Bob Seger System and Bob Seger & The Last Heard, including their storming 45s like \"East Side Story\", \"2+2=?\", \"Persecution Smith\", \"Heavy Music\"...Stonkin' garage-rock, mod-soul sounds with Seger's sensational vocals! Long deleted title, a few copies in stock with VG+ cover.","og_url":"https:\/\/wpguerssen-test.odoo.rgbconsulting.com\/es\/producto\/east-side-story-vg-cover\/","og_site_name":"Guerssen records","article_modified_time":"2025-03-27T17:26:17+00:00","twitter_card":"summary_large_image","twitter_title":"SEGER, Bob - East side story (VG+ cover!) -  (LP) | Guerssen","schema":{"@context":"https:\/\/schema.org","@graph":[{"@type":"WebPage","@id":"https:\/\/wpguerssen-test.odoo.rgbconsulting.com\/es\/producto\/east-side-story-vg-cover\/","url":"https:\/\/wpguerssen-test.odoo.rgbconsulting.com\/es\/producto\/east-side-story-vg-cover\/","name":"SEGER, Bob - East side story (VG+ cover!) - (LP) | Guerssen","isPartOf":{"@id":"https:\/\/wpguerssen-test.odoo.rgbconsulting.com\/es\/#website"},"primaryImageOfPage":{"@id":"https:\/\/wpguerssen-test.odoo.rgbconsulting.com\/es\/producto\/east-side-story-vg-cover\/#primaryimage"},"image":{"@id":"https:\/\/wpguerssen-test.odoo.rgbconsulting.com\/es\/producto\/east-side-story-vg-cover\/#primaryimage"},"thumbnailUrl":"https:\/\/wpguerssen-test.odoo.rgbconsulting.com\/wp-content\/uploads\/2022\/03\/13052.jpg","datePublished":"2012-03-13T23:00:00+00:00","dateModified":"2025-03-27T17:26:17+00:00","description":"Awesome collection of early tracks from the Bob Seger System and Bob Seger & The Last Heard, including their storming 45s like \"East Side Story\", \"2+2=?\", \"Persecution Smith\", \"Heavy Music\"...Stonkin' garage-rock, mod-soul sounds with Seger's sensational vocals! Long deleted title, a few copies in stock with VG+ cover.","breadcrumb":{"@id":"https:\/\/wpguerssen-test.odoo.rgbconsulting.com\/es\/producto\/east-side-story-vg-cover\/#breadcrumb"},"inLanguage":"es","potentialAction":[{"@type":"ReadAction","target":["https:\/\/wpguerssen-test.odoo.rgbconsulting.com\/es\/producto\/east-side-story-vg-cover\/"]}]},{"@type":"ImageObject","inLanguage":"es","@id":"https:\/\/wpguerssen-test.odoo.rgbconsulting.com\/es\/producto\/east-side-story-vg-cover\/#primaryimage","url":"https:\/\/wpguerssen-test.odoo.rgbconsulting.com\/wp-content\/uploads\/2022\/03\/13052.jpg","contentUrl":"https:\/\/wpguerssen-test.odoo.rgbconsulting.com\/wp-content\/uploads\/2022\/03\/13052.jpg","width":893,"height":890,"caption":"Bob - East side story (VG+ cover!) - SUBWAY (LP) | Guerssen"},{"@type":"BreadcrumbList","@id":"https:\/\/wpguerssen-test.odoo.rgbconsulting.com\/es\/producto\/east-side-story-vg-cover\/#breadcrumb","itemListElement":[{"@type":"ListItem","position":1,"name":"Inicio","item":"https:\/\/wpguerssen-test.odoo.rgbconsulting.com\/es\/"},{"@type":"ListItem","position":2,"name":"Shop","item":"https:\/\/wpguerssen-test.odoo.rgbconsulting.com\/shop\/"},{"@type":"ListItem","position":3,"name":"East side story (VG+ cover!)"}]},{"@type":"WebSite","@id":"https:\/\/wpguerssen-test.odoo.rgbconsulting.com\/es\/#website","url":"https:\/\/wpguerssen-test.odoo.rgbconsulting.com\/es\/","name":"Guerssen records","description":"psychedelia - progressive - folk - garage ","publisher":{"@id":"https:\/\/wpguerssen-test.odoo.rgbconsulting.com\/es\/#organization"},"potentialAction":[{"@type":"SearchAction","target":{"@type":"EntryPoint","urlTemplate":"https:\/\/wpguerssen-test.odoo.rgbconsulting.com\/es\/?s={search_term_string}"},"query-input":{"@type":"PropertyValueSpecification","valueRequired":true,"valueName":"search_term_string"}}],"inLanguage":"es"},{"@type":"Organization","@id":"https:\/\/wpguerssen-test.odoo.rgbconsulting.com\/es\/#organization","name":"Guerssen records","url":"https:\/\/wpguerssen-test.odoo.rgbconsulting.com\/es\/","logo":{"@type":"ImageObject","inLanguage":"es","@id":"https:\/\/wpguerssen-test.odoo.rgbconsulting.com\/es\/#\/schema\/logo\/image\/","url":"https:\/\/wpguerssen-test.odoo.rgbconsulting.com\/wp-content\/uploads\/2022\/04\/Logo_Guerssen_trans_100.png","contentUrl":"https:\/\/wpguerssen-test.odoo.rgbconsulting.com\/wp-content\/uploads\/2022\/04\/Logo_Guerssen_trans_100.png","width":122,"height":100,"caption":"Guerssen records"},"image":{"@id":"https:\/\/wpguerssen-test.odoo.rgbconsulting.com\/es\/#\/schema\/logo\/image\/"}}]}},"_links":{"self":[{"href":"https:\/\/wpguerssen-test.odoo.rgbconsulting.com\/es\/wp-json\/wp\/v2\/product\/178136","targetHints":{"allow":["GET"]}}],"collection":[{"href":"https:\/\/wpguerssen-test.odoo.rgbconsulting.com\/es\/wp-json\/wp\/v2\/product"}],"about":[{"href":"https:\/\/wpguerssen-test.odoo.rgbconsulting.com\/es\/wp-json\/wp\/v2\/types\/product"}],"wp:featuredmedia":[{"embeddable":true,"href":"https:\/\/wpguerssen-test.odoo.rgbconsulting.com\/es\/wp-json\/wp\/v2\/media\/113405"}],"wp:attachment":[{"href":"https:\/\/wpguerssen-test.odoo.rgbconsulting.com\/es\/wp-json\/wp\/v2\/media?parent=178136"}],"wp:term":[{"taxonomy":"product_brand","embeddable":true,"href":"https:\/\/wpguerssen-test.odoo.rgbconsulting.com\/es\/wp-json\/wp\/v2\/product_brand?post=178136"},{"taxonomy":"product_cat","embeddable":true,"href":"https:\/\/wpguerssen-test.odoo.rgbconsulting.com\/es\/wp-json\/wp\/v2\/product_cat?post=178136"},{"taxonomy":"product_tag","embeddable":true,"href":"https:\/\/wpguerssen-test.odoo.rgbconsulting.com\/es\/wp-json\/wp\/v2\/product_tag?post=178136"}],"curies":[{"name":"wp","href":"https:\/\/api.w.org\/{rel}","templated":true}]}}