{"id":178153,"date":"2017-10-06T00:00:00","date_gmt":"2017-10-05T22:00:00","guid":{"rendered":"http:\/\/guerssen.hl1097.dinaserver.com\/product\/psychotic-overkill\/"},"modified":"2025-05-05T11:10:53","modified_gmt":"2025-05-05T09:10:53","slug":"psychotic-overkill","status":"publish","type":"product","link":"https:\/\/wpguerssen-test.odoo.rgbconsulting.com\/es\/producto\/psychotic-overkill\/","title":{"rendered":"Psychotic overkill"},"content":{"rendered":"<p>Segundo volumen que completa nuestra antolog\u00eda con las grabaciones completas de Wicked Lady. Estas son las sesiones de 1972, justo antes de que el grupo desapareciera y su guitarrista y l\u00edder Martin Weaver entrara a formar parte de Dark (s\u00ed, los mismos de \u00abRound the edges\u00bb!). Otra tanda de crudo y oscuro hard-rock psicod\u00e9lico con la impresionante guitarra de Weaver, cargada de distorsi\u00f3n, fuzz y wah-wah. Incluye cl\u00e1sicos underground como \u00abI&#8217;m a freak\u00bb y la \u00e9pica (22 minutos!) \u00abShip of ghosts\u00bb. Libreto con notas por el propio Martin Weaver, contando la bizarra y verdadera historia de Wicked Lady por vez primera<\/p>\n<p>Tracklisting: 1. I\u2019m a Freak (5:01)  2. Tell the truth (5:09) 3. Passion (9:29)  4. Voodoo Chile (4:42)  5. Why don\u2019t you let me try (5:00)  6. Sin City (7:05)  7. Ship of ghosts (22:00)<\/p>\n<p>\n","protected":false},"excerpt":{"rendered":"<p>Segundo volumen que completa nuestra antolog\u00eda con las grabaciones completas de Wicked Lady. Estas son las sesiones de 1972, justo antes de que el grupo desapareciera<a class=\"read\" href=\"https:\/\/wpguerssen-test.odoo.rgbconsulting.com\/es\/producto\/psychotic-overkill\/\"> (...)<\/a>","protected":false},"featured_media":113454,"template":"","meta":{"_acf_changed":false},"product_brand":[],"product_cat":[21639,23224],"product_tag":[29138],"class_list":{"0":"post-178153","1":"product","2":"type-product","3":"status-publish","4":"has-post-thumbnail","6":"product_cat-psychedelic60s-70s-es","7":"product_cat-hard-rock-60s-70s-es","8":"product_tag-cd-es","9":"pa_artist-wicked-lady-es","10":"pa_format-cd-2-es","11":"pa_gender-psychedelic60s-70s-hard-rock-60s-70s","12":"pa_label-guerssen-es","13":"pa_location-uk-ireland-es","15":"first","16":"instock","17":"taxable","18":"shipping-taxable","19":"purchasable","20":"product-type-simple"},"acf":[],"yoast_head":"<!-- This site is optimized with the Yoast SEO plugin v24.9 - https:\/\/yoast.com\/wordpress\/plugins\/seo\/ -->\n<title>WICKED LADY - Psychotic overkill -  (CD) | Guerssen<\/title>\n<meta name=\"description\" content=\"Second volume to complete the anthology of Wicked Lady recordings, their final tracks recorded in 1972, just before the band split up and guitarist Martin Weaver left for Dark (of &quot;Round the edges&quot; fame). Another batch of excessive, over-the-top doomy psychedelic hard-rock including underground classics like &quot;I&#039;m a freak&quot; and the 21 minute epic &quot;Ship of ghosts&quot;.Again, both a CD version and a lavish double vinyl which offers maximum sound quality, new artwork and liner notes by doomy psychedelic guitar God in person, Martin Weaver, telling the real story behind Wicked Lady for the first time.Tracklisting: SIDE A: 1. I\u2019m a Freak (5:01) 2. Tell the truth (5:09) SIDE B: 1. Passion (9:29) 2. Voodoo Chile (4:42) SIDE C: 1. Why don\u2019t you let me try (5:00) 2. Sin City (7:05) SIDE D: 1. Ship of ghosts (22:00)\" \/>\n<meta name=\"robots\" content=\"index, follow, max-snippet:-1, max-image-preview:large, max-video-preview:-1\" \/>\n<link rel=\"canonical\" href=\"https:\/\/wpguerssen-test.odoo.rgbconsulting.com\/es\/producto\/psychotic-overkill\/\" \/>\n<meta property=\"og:locale\" content=\"es_ES\" \/>\n<meta property=\"og:type\" content=\"article\" \/>\n<meta property=\"og:title\" content=\"WICKED LADY - Psychotic overkill -  (CD) | Guerssen\" \/>\n<meta property=\"og:description\" content=\"Second volume to complete the anthology of Wicked Lady recordings, their final tracks recorded in 1972, just before the band split up and guitarist Martin Weaver left for Dark (of &quot;Round the edges&quot; fame). Another batch of excessive, over-the-top doomy psychedelic hard-rock including underground classics like &quot;I&#039;m a freak&quot; and the 21 minute epic &quot;Ship of ghosts&quot;.Again, both a CD version and a lavish double vinyl which offers maximum sound quality, new artwork and liner notes by doomy psychedelic guitar God in person, Martin Weaver, telling the real story behind Wicked Lady for the first time.Tracklisting: SIDE A: 1. I\u2019m a Freak (5:01) 2. Tell the truth (5:09) SIDE B: 1. Passion (9:29) 2. Voodoo Chile (4:42) SIDE C: 1. Why don\u2019t you let me try (5:00) 2. Sin City (7:05) SIDE D: 1. Ship of ghosts (22:00)\" \/>\n<meta property=\"og:url\" content=\"https:\/\/wpguerssen-test.odoo.rgbconsulting.com\/es\/producto\/psychotic-overkill\/\" \/>\n<meta property=\"og:site_name\" content=\"Guerssen records\" \/>\n<meta property=\"article:modified_time\" content=\"2025-05-05T09:10:53+00:00\" \/>\n<meta property=\"og:image\" content=\"https:\/\/wpguerssen-test.odoo.rgbconsulting.com\/wp-content\/uploads\/2022\/03\/13350.jpg\" \/>\n\t<meta property=\"og:image:width\" content=\"600\" \/>\n\t<meta property=\"og:image:height\" content=\"600\" \/>\n\t<meta property=\"og:image:type\" content=\"image\/jpeg\" \/>\n<meta name=\"twitter:card\" content=\"summary_large_image\" \/>\n<meta name=\"twitter:title\" content=\"WICKED LADY - Psychotic overkill -  (CD) | Guerssen\" \/>\n<meta name=\"twitter:label1\" content=\"Tiempo de lectura\" \/>\n\t<meta name=\"twitter:data1\" content=\"1 minuto\" \/>\n<script type=\"application\/ld+json\" class=\"yoast-schema-graph\">{\"@context\":\"https:\/\/schema.org\",\"@graph\":[{\"@type\":\"WebPage\",\"@id\":\"https:\/\/wpguerssen-test.odoo.rgbconsulting.com\/es\/producto\/psychotic-overkill\/\",\"url\":\"https:\/\/wpguerssen-test.odoo.rgbconsulting.com\/es\/producto\/psychotic-overkill\/\",\"name\":\"WICKED LADY - Psychotic overkill - (CD) | Guerssen\",\"isPartOf\":{\"@id\":\"https:\/\/wpguerssen-test.odoo.rgbconsulting.com\/es\/#website\"},\"primaryImageOfPage\":{\"@id\":\"https:\/\/wpguerssen-test.odoo.rgbconsulting.com\/es\/producto\/psychotic-overkill\/#primaryimage\"},\"image\":{\"@id\":\"https:\/\/wpguerssen-test.odoo.rgbconsulting.com\/es\/producto\/psychotic-overkill\/#primaryimage\"},\"thumbnailUrl\":\"https:\/\/wpguerssen-test.odoo.rgbconsulting.com\/wp-content\/uploads\/2022\/03\/13350.jpg\",\"datePublished\":\"2017-10-05T22:00:00+00:00\",\"dateModified\":\"2025-05-05T09:10:53+00:00\",\"description\":\"Second volume to complete the anthology of Wicked Lady recordings, their final tracks recorded in 1972, just before the band split up and guitarist Martin Weaver left for Dark (of \\\"Round the edges\\\" fame). Another batch of excessive, over-the-top doomy psychedelic hard-rock including underground classics like \\\"I'm a freak\\\" and the 21 minute epic \\\"Ship of ghosts\\\".Again, both a CD version and a lavish double vinyl which offers maximum sound quality, new artwork and liner notes by doomy psychedelic guitar God in person, Martin Weaver, telling the real story behind Wicked Lady for the first time.Tracklisting: SIDE A: 1. I\u2019m a Freak (5:01) 2. Tell the truth (5:09) SIDE B: 1. Passion (9:29) 2. Voodoo Chile (4:42) SIDE C: 1. Why don\u2019t you let me try (5:00) 2. Sin City (7:05) SIDE D: 1. Ship of ghosts (22:00)\",\"breadcrumb\":{\"@id\":\"https:\/\/wpguerssen-test.odoo.rgbconsulting.com\/es\/producto\/psychotic-overkill\/#breadcrumb\"},\"inLanguage\":\"es\",\"potentialAction\":[{\"@type\":\"ReadAction\",\"target\":[\"https:\/\/wpguerssen-test.odoo.rgbconsulting.com\/es\/producto\/psychotic-overkill\/\"]}]},{\"@type\":\"ImageObject\",\"inLanguage\":\"es\",\"@id\":\"https:\/\/wpguerssen-test.odoo.rgbconsulting.com\/es\/producto\/psychotic-overkill\/#primaryimage\",\"url\":\"https:\/\/wpguerssen-test.odoo.rgbconsulting.com\/wp-content\/uploads\/2022\/03\/13350.jpg\",\"contentUrl\":\"https:\/\/wpguerssen-test.odoo.rgbconsulting.com\/wp-content\/uploads\/2022\/03\/13350.jpg\",\"width\":600,\"height\":600,\"caption\":\"WICKED LADY - Psychotic overkill - GUERSSEN (CD) | Guerssen\"},{\"@type\":\"BreadcrumbList\",\"@id\":\"https:\/\/wpguerssen-test.odoo.rgbconsulting.com\/es\/producto\/psychotic-overkill\/#breadcrumb\",\"itemListElement\":[{\"@type\":\"ListItem\",\"position\":1,\"name\":\"Inicio\",\"item\":\"https:\/\/wpguerssen-test.odoo.rgbconsulting.com\/es\/\"},{\"@type\":\"ListItem\",\"position\":2,\"name\":\"Shop\",\"item\":\"https:\/\/wpguerssen-test.odoo.rgbconsulting.com\/shop\/\"},{\"@type\":\"ListItem\",\"position\":3,\"name\":\"Psychotic overkill\"}]},{\"@type\":\"WebSite\",\"@id\":\"https:\/\/wpguerssen-test.odoo.rgbconsulting.com\/es\/#website\",\"url\":\"https:\/\/wpguerssen-test.odoo.rgbconsulting.com\/es\/\",\"name\":\"Guerssen records\",\"description\":\"psychedelia - progressive - folk - garage \",\"publisher\":{\"@id\":\"https:\/\/wpguerssen-test.odoo.rgbconsulting.com\/es\/#organization\"},\"potentialAction\":[{\"@type\":\"SearchAction\",\"target\":{\"@type\":\"EntryPoint\",\"urlTemplate\":\"https:\/\/wpguerssen-test.odoo.rgbconsulting.com\/es\/?s={search_term_string}\"},\"query-input\":{\"@type\":\"PropertyValueSpecification\",\"valueRequired\":true,\"valueName\":\"search_term_string\"}}],\"inLanguage\":\"es\"},{\"@type\":\"Organization\",\"@id\":\"https:\/\/wpguerssen-test.odoo.rgbconsulting.com\/es\/#organization\",\"name\":\"Guerssen records\",\"url\":\"https:\/\/wpguerssen-test.odoo.rgbconsulting.com\/es\/\",\"logo\":{\"@type\":\"ImageObject\",\"inLanguage\":\"es\",\"@id\":\"https:\/\/wpguerssen-test.odoo.rgbconsulting.com\/es\/#\/schema\/logo\/image\/\",\"url\":\"https:\/\/wpguerssen-test.odoo.rgbconsulting.com\/wp-content\/uploads\/2022\/04\/Logo_Guerssen_trans_100.png\",\"contentUrl\":\"https:\/\/wpguerssen-test.odoo.rgbconsulting.com\/wp-content\/uploads\/2022\/04\/Logo_Guerssen_trans_100.png\",\"width\":122,\"height\":100,\"caption\":\"Guerssen records\"},\"image\":{\"@id\":\"https:\/\/wpguerssen-test.odoo.rgbconsulting.com\/es\/#\/schema\/logo\/image\/\"}}]}<\/script>\n<!-- \/ Yoast SEO plugin. -->","yoast_head_json":{"title":"WICKED LADY - Psychotic overkill -  (CD) | Guerssen","description":"Second volume to complete the anthology of Wicked Lady recordings, their final tracks recorded in 1972, just before the band split up and guitarist Martin Weaver left for Dark (of \"Round the edges\" fame). Another batch of excessive, over-the-top doomy psychedelic hard-rock including underground classics like \"I'm a freak\" and the 21 minute epic \"Ship of ghosts\".Again, both a CD version and a lavish double vinyl which offers maximum sound quality, new artwork and liner notes by doomy psychedelic guitar God in person, Martin Weaver, telling the real story behind Wicked Lady for the first time.Tracklisting: SIDE A: 1. I\u2019m a Freak (5:01) 2. Tell the truth (5:09) SIDE B: 1. Passion (9:29) 2. Voodoo Chile (4:42) SIDE C: 1. Why don\u2019t you let me try (5:00) 2. Sin City (7:05) SIDE D: 1. Ship of ghosts (22:00)","robots":{"index":"index","follow":"follow","max-snippet":"max-snippet:-1","max-image-preview":"max-image-preview:large","max-video-preview":"max-video-preview:-1"},"canonical":"https:\/\/wpguerssen-test.odoo.rgbconsulting.com\/es\/producto\/psychotic-overkill\/","og_locale":"es_ES","og_type":"article","og_title":"WICKED LADY - Psychotic overkill -  (CD) | Guerssen","og_description":"Second volume to complete the anthology of Wicked Lady recordings, their final tracks recorded in 1972, just before the band split up and guitarist Martin Weaver left for Dark (of \"Round the edges\" fame). Another batch of excessive, over-the-top doomy psychedelic hard-rock including underground classics like \"I'm a freak\" and the 21 minute epic \"Ship of ghosts\".Again, both a CD version and a lavish double vinyl which offers maximum sound quality, new artwork and liner notes by doomy psychedelic guitar God in person, Martin Weaver, telling the real story behind Wicked Lady for the first time.Tracklisting: SIDE A: 1. I\u2019m a Freak (5:01) 2. Tell the truth (5:09) SIDE B: 1. Passion (9:29) 2. Voodoo Chile (4:42) SIDE C: 1. Why don\u2019t you let me try (5:00) 2. Sin City (7:05) SIDE D: 1. Ship of ghosts (22:00)","og_url":"https:\/\/wpguerssen-test.odoo.rgbconsulting.com\/es\/producto\/psychotic-overkill\/","og_site_name":"Guerssen records","article_modified_time":"2025-05-05T09:10:53+00:00","og_image":[{"width":600,"height":600,"url":"https:\/\/wpguerssen-test.odoo.rgbconsulting.com\/wp-content\/uploads\/2022\/03\/13350.jpg","type":"image\/jpeg"}],"twitter_card":"summary_large_image","twitter_title":"WICKED LADY - Psychotic overkill -  (CD) | Guerssen","twitter_misc":{"Tiempo de lectura":"1 minuto"},"schema":{"@context":"https:\/\/schema.org","@graph":[{"@type":"WebPage","@id":"https:\/\/wpguerssen-test.odoo.rgbconsulting.com\/es\/producto\/psychotic-overkill\/","url":"https:\/\/wpguerssen-test.odoo.rgbconsulting.com\/es\/producto\/psychotic-overkill\/","name":"WICKED LADY - Psychotic overkill - (CD) | Guerssen","isPartOf":{"@id":"https:\/\/wpguerssen-test.odoo.rgbconsulting.com\/es\/#website"},"primaryImageOfPage":{"@id":"https:\/\/wpguerssen-test.odoo.rgbconsulting.com\/es\/producto\/psychotic-overkill\/#primaryimage"},"image":{"@id":"https:\/\/wpguerssen-test.odoo.rgbconsulting.com\/es\/producto\/psychotic-overkill\/#primaryimage"},"thumbnailUrl":"https:\/\/wpguerssen-test.odoo.rgbconsulting.com\/wp-content\/uploads\/2022\/03\/13350.jpg","datePublished":"2017-10-05T22:00:00+00:00","dateModified":"2025-05-05T09:10:53+00:00","description":"Second volume to complete the anthology of Wicked Lady recordings, their final tracks recorded in 1972, just before the band split up and guitarist Martin Weaver left for Dark (of \"Round the edges\" fame). Another batch of excessive, over-the-top doomy psychedelic hard-rock including underground classics like \"I'm a freak\" and the 21 minute epic \"Ship of ghosts\".Again, both a CD version and a lavish double vinyl which offers maximum sound quality, new artwork and liner notes by doomy psychedelic guitar God in person, Martin Weaver, telling the real story behind Wicked Lady for the first time.Tracklisting: SIDE A: 1. I\u2019m a Freak (5:01) 2. Tell the truth (5:09) SIDE B: 1. Passion (9:29) 2. Voodoo Chile (4:42) SIDE C: 1. Why don\u2019t you let me try (5:00) 2. Sin City (7:05) SIDE D: 1. Ship of ghosts (22:00)","breadcrumb":{"@id":"https:\/\/wpguerssen-test.odoo.rgbconsulting.com\/es\/producto\/psychotic-overkill\/#breadcrumb"},"inLanguage":"es","potentialAction":[{"@type":"ReadAction","target":["https:\/\/wpguerssen-test.odoo.rgbconsulting.com\/es\/producto\/psychotic-overkill\/"]}]},{"@type":"ImageObject","inLanguage":"es","@id":"https:\/\/wpguerssen-test.odoo.rgbconsulting.com\/es\/producto\/psychotic-overkill\/#primaryimage","url":"https:\/\/wpguerssen-test.odoo.rgbconsulting.com\/wp-content\/uploads\/2022\/03\/13350.jpg","contentUrl":"https:\/\/wpguerssen-test.odoo.rgbconsulting.com\/wp-content\/uploads\/2022\/03\/13350.jpg","width":600,"height":600,"caption":"WICKED LADY - Psychotic overkill - GUERSSEN (CD) | Guerssen"},{"@type":"BreadcrumbList","@id":"https:\/\/wpguerssen-test.odoo.rgbconsulting.com\/es\/producto\/psychotic-overkill\/#breadcrumb","itemListElement":[{"@type":"ListItem","position":1,"name":"Inicio","item":"https:\/\/wpguerssen-test.odoo.rgbconsulting.com\/es\/"},{"@type":"ListItem","position":2,"name":"Shop","item":"https:\/\/wpguerssen-test.odoo.rgbconsulting.com\/shop\/"},{"@type":"ListItem","position":3,"name":"Psychotic overkill"}]},{"@type":"WebSite","@id":"https:\/\/wpguerssen-test.odoo.rgbconsulting.com\/es\/#website","url":"https:\/\/wpguerssen-test.odoo.rgbconsulting.com\/es\/","name":"Guerssen records","description":"psychedelia - progressive - folk - garage ","publisher":{"@id":"https:\/\/wpguerssen-test.odoo.rgbconsulting.com\/es\/#organization"},"potentialAction":[{"@type":"SearchAction","target":{"@type":"EntryPoint","urlTemplate":"https:\/\/wpguerssen-test.odoo.rgbconsulting.com\/es\/?s={search_term_string}"},"query-input":{"@type":"PropertyValueSpecification","valueRequired":true,"valueName":"search_term_string"}}],"inLanguage":"es"},{"@type":"Organization","@id":"https:\/\/wpguerssen-test.odoo.rgbconsulting.com\/es\/#organization","name":"Guerssen records","url":"https:\/\/wpguerssen-test.odoo.rgbconsulting.com\/es\/","logo":{"@type":"ImageObject","inLanguage":"es","@id":"https:\/\/wpguerssen-test.odoo.rgbconsulting.com\/es\/#\/schema\/logo\/image\/","url":"https:\/\/wpguerssen-test.odoo.rgbconsulting.com\/wp-content\/uploads\/2022\/04\/Logo_Guerssen_trans_100.png","contentUrl":"https:\/\/wpguerssen-test.odoo.rgbconsulting.com\/wp-content\/uploads\/2022\/04\/Logo_Guerssen_trans_100.png","width":122,"height":100,"caption":"Guerssen records"},"image":{"@id":"https:\/\/wpguerssen-test.odoo.rgbconsulting.com\/es\/#\/schema\/logo\/image\/"}}]}},"_links":{"self":[{"href":"https:\/\/wpguerssen-test.odoo.rgbconsulting.com\/es\/wp-json\/wp\/v2\/product\/178153","targetHints":{"allow":["GET"]}}],"collection":[{"href":"https:\/\/wpguerssen-test.odoo.rgbconsulting.com\/es\/wp-json\/wp\/v2\/product"}],"about":[{"href":"https:\/\/wpguerssen-test.odoo.rgbconsulting.com\/es\/wp-json\/wp\/v2\/types\/product"}],"wp:featuredmedia":[{"embeddable":true,"href":"https:\/\/wpguerssen-test.odoo.rgbconsulting.com\/es\/wp-json\/wp\/v2\/media\/113454"}],"wp:attachment":[{"href":"https:\/\/wpguerssen-test.odoo.rgbconsulting.com\/es\/wp-json\/wp\/v2\/media?parent=178153"}],"wp:term":[{"taxonomy":"product_brand","embeddable":true,"href":"https:\/\/wpguerssen-test.odoo.rgbconsulting.com\/es\/wp-json\/wp\/v2\/product_brand?post=178153"},{"taxonomy":"product_cat","embeddable":true,"href":"https:\/\/wpguerssen-test.odoo.rgbconsulting.com\/es\/wp-json\/wp\/v2\/product_cat?post=178153"},{"taxonomy":"product_tag","embeddable":true,"href":"https:\/\/wpguerssen-test.odoo.rgbconsulting.com\/es\/wp-json\/wp\/v2\/product_tag?post=178153"}],"curies":[{"name":"wp","href":"https:\/\/api.w.org\/{rel}","templated":true}]}}