{"id":178154,"date":"2017-10-06T00:00:00","date_gmt":"2017-10-05T22:00:00","guid":{"rendered":"http:\/\/guerssen.hl1097.dinaserver.com\/product\/the-axeman-cometh\/"},"modified":"2025-05-05T11:10:56","modified_gmt":"2025-05-05T09:10:56","slug":"the-axeman-cometh","status":"publish","type":"product","link":"https:\/\/wpguerssen-test.odoo.rgbconsulting.com\/es\/producto\/the-axeman-cometh\/","title":{"rendered":"The axeman cometh"},"content":{"rendered":"<p>Si lo que buscas es hard-rock psicod\u00e9lico, 100% crudo y sin adulterar, aqu\u00ed lo tienes!! Presentamos las grabaciones completas de Wicked Lady (1968-1972), un power trio brit\u00e1nico liderado por Martin Weaver, famoso por ser el guitarrista de Dark en su m\u00edtico disco \u00abRound the edges\u00bb. Este es el primer volumen de nuestra antolog\u00eda, un aut\u00e9ntico festival de fuzz, wah-wah y poderosos riffs que volar\u00e1n la cabeza de cualquier aficionado al heavy-psych underground!! Libreto con notas por el propio Martin Weaver, contanto la verdadera y bizarra historia de Wicked Lady por vez primera.<\/p>\n<p>Tracklisting 1. Run the night (5:08)  2. War Cloud (7:37) 3. The Axeman Cometh (6:52)  4. Life and Death (9:58) 5. Wicked Lady (6:01) 6. Out of the dark (10:14) 7. Rebel (3:32) 8. Living on the edge (10:09)<\/p>\n<p>\n","protected":false},"excerpt":{"rendered":"<p>Si lo que buscas es hard-rock psicod\u00e9lico, 100% crudo y sin adulterar, aqu\u00ed lo tienes!! Presentamos las grabaciones completas de Wicked Lady (1968-1972), un power<a class=\"read\" href=\"https:\/\/wpguerssen-test.odoo.rgbconsulting.com\/es\/producto\/the-axeman-cometh\/\"> (...)<\/a>","protected":false},"featured_media":113457,"template":"","meta":{"_acf_changed":false},"product_brand":[],"product_cat":[21639,23224],"product_tag":[29138],"class_list":{"0":"post-178154","1":"product","2":"type-product","3":"status-publish","4":"has-post-thumbnail","6":"product_cat-psychedelic60s-70s-es","7":"product_cat-hard-rock-60s-70s-es","8":"product_tag-cd-es","9":"pa_artist-wicked-lady-es","10":"pa_format-cd-2-es","11":"pa_gender-psychedelic60s-70s-hard-rock-60s-70s","12":"pa_label-guerssen-es","13":"pa_location-uk-ireland-es","15":"first","16":"instock","17":"taxable","18":"shipping-taxable","19":"purchasable","20":"product-type-simple"},"acf":[],"yoast_head":"<!-- This site is optimized with the Yoast SEO plugin v24.9 - https:\/\/yoast.com\/wordpress\/plugins\/seo\/ -->\n<title>WICKED LADY - The axeman cometh -  (CD) | Guerssen<\/title>\n<meta name=\"description\" content=\"If you are looking for raw, psychedelic hard-rock, look no further! We present the complete recordings (1968-1972) from Wicked Lady, the legendary UK underground power trio leaded by ace guitarist Martin Weaver, later a member of Dark on their &quot;Round the edges&quot; album.Here&#039;s the first volume of our Wicked Lady collection, both a CD version and a lavish double vinyl of &quot;The Axeman Cometh&quot;. Our edition features new artwork and liner notes by doomy psychedelic guitar God in person, Martin Weaver, who tells the real (and bizarre!) story behind Wicked Lady for the first time. The stuff of a legend, this is a real fest of fuzz, wah-wah and heavy riffs that will blow the mind of any hard-psych collector.SIDE A: 1. Run the night (5:08) 2. War Cloud (7:37) SIDE B: 1. The Axeman Cometh (6:52) 2. Life and Death (9:58) SIDE C: 1. Wicked Lady (6:01) 2. Out of the dark (10:14) SIDE D: 1. Rebel (3:32) 2. Living on the edge (10:09)\" \/>\n<meta name=\"robots\" content=\"index, follow, max-snippet:-1, max-image-preview:large, max-video-preview:-1\" \/>\n<link rel=\"canonical\" href=\"https:\/\/wpguerssen-test.odoo.rgbconsulting.com\/es\/producto\/the-axeman-cometh\/\" \/>\n<meta property=\"og:locale\" content=\"es_ES\" \/>\n<meta property=\"og:type\" content=\"article\" \/>\n<meta property=\"og:title\" content=\"WICKED LADY - The axeman cometh -  (CD) | Guerssen\" \/>\n<meta property=\"og:description\" content=\"If you are looking for raw, psychedelic hard-rock, look no further! We present the complete recordings (1968-1972) from Wicked Lady, the legendary UK underground power trio leaded by ace guitarist Martin Weaver, later a member of Dark on their &quot;Round the edges&quot; album.Here&#039;s the first volume of our Wicked Lady collection, both a CD version and a lavish double vinyl of &quot;The Axeman Cometh&quot;. Our edition features new artwork and liner notes by doomy psychedelic guitar God in person, Martin Weaver, who tells the real (and bizarre!) story behind Wicked Lady for the first time. The stuff of a legend, this is a real fest of fuzz, wah-wah and heavy riffs that will blow the mind of any hard-psych collector.SIDE A: 1. Run the night (5:08) 2. War Cloud (7:37) SIDE B: 1. The Axeman Cometh (6:52) 2. Life and Death (9:58) SIDE C: 1. Wicked Lady (6:01) 2. Out of the dark (10:14) SIDE D: 1. Rebel (3:32) 2. Living on the edge (10:09)\" \/>\n<meta property=\"og:url\" content=\"https:\/\/wpguerssen-test.odoo.rgbconsulting.com\/es\/producto\/the-axeman-cometh\/\" \/>\n<meta property=\"og:site_name\" content=\"Guerssen records\" \/>\n<meta property=\"article:modified_time\" content=\"2025-05-05T09:10:56+00:00\" \/>\n<meta property=\"og:image\" content=\"https:\/\/wpguerssen-test.odoo.rgbconsulting.com\/wp-content\/uploads\/2022\/03\/13351.jpg\" \/>\n\t<meta property=\"og:image:width\" content=\"600\" \/>\n\t<meta property=\"og:image:height\" content=\"600\" \/>\n\t<meta property=\"og:image:type\" content=\"image\/jpeg\" \/>\n<meta name=\"twitter:card\" content=\"summary_large_image\" \/>\n<meta name=\"twitter:title\" content=\"WICKED LADY - The axeman cometh -  (CD) | Guerssen\" \/>\n<meta name=\"twitter:label1\" content=\"Tiempo de lectura\" \/>\n\t<meta name=\"twitter:data1\" content=\"1 minuto\" \/>\n<script type=\"application\/ld+json\" class=\"yoast-schema-graph\">{\"@context\":\"https:\/\/schema.org\",\"@graph\":[{\"@type\":\"WebPage\",\"@id\":\"https:\/\/wpguerssen-test.odoo.rgbconsulting.com\/es\/producto\/the-axeman-cometh\/\",\"url\":\"https:\/\/wpguerssen-test.odoo.rgbconsulting.com\/es\/producto\/the-axeman-cometh\/\",\"name\":\"WICKED LADY - The axeman cometh - (CD) | Guerssen\",\"isPartOf\":{\"@id\":\"https:\/\/wpguerssen-test.odoo.rgbconsulting.com\/es\/#website\"},\"primaryImageOfPage\":{\"@id\":\"https:\/\/wpguerssen-test.odoo.rgbconsulting.com\/es\/producto\/the-axeman-cometh\/#primaryimage\"},\"image\":{\"@id\":\"https:\/\/wpguerssen-test.odoo.rgbconsulting.com\/es\/producto\/the-axeman-cometh\/#primaryimage\"},\"thumbnailUrl\":\"https:\/\/wpguerssen-test.odoo.rgbconsulting.com\/wp-content\/uploads\/2022\/03\/13351.jpg\",\"datePublished\":\"2017-10-05T22:00:00+00:00\",\"dateModified\":\"2025-05-05T09:10:56+00:00\",\"description\":\"If you are looking for raw, psychedelic hard-rock, look no further! We present the complete recordings (1968-1972) from Wicked Lady, the legendary UK underground power trio leaded by ace guitarist Martin Weaver, later a member of Dark on their \\\"Round the edges\\\" album.Here's the first volume of our Wicked Lady collection, both a CD version and a lavish double vinyl of \\\"The Axeman Cometh\\\". Our edition features new artwork and liner notes by doomy psychedelic guitar God in person, Martin Weaver, who tells the real (and bizarre!) story behind Wicked Lady for the first time. The stuff of a legend, this is a real fest of fuzz, wah-wah and heavy riffs that will blow the mind of any hard-psych collector.SIDE A: 1. Run the night (5:08) 2. War Cloud (7:37) SIDE B: 1. The Axeman Cometh (6:52) 2. Life and Death (9:58) SIDE C: 1. Wicked Lady (6:01) 2. Out of the dark (10:14) SIDE D: 1. Rebel (3:32) 2. Living on the edge (10:09)\",\"breadcrumb\":{\"@id\":\"https:\/\/wpguerssen-test.odoo.rgbconsulting.com\/es\/producto\/the-axeman-cometh\/#breadcrumb\"},\"inLanguage\":\"es\",\"potentialAction\":[{\"@type\":\"ReadAction\",\"target\":[\"https:\/\/wpguerssen-test.odoo.rgbconsulting.com\/es\/producto\/the-axeman-cometh\/\"]}]},{\"@type\":\"ImageObject\",\"inLanguage\":\"es\",\"@id\":\"https:\/\/wpguerssen-test.odoo.rgbconsulting.com\/es\/producto\/the-axeman-cometh\/#primaryimage\",\"url\":\"https:\/\/wpguerssen-test.odoo.rgbconsulting.com\/wp-content\/uploads\/2022\/03\/13351.jpg\",\"contentUrl\":\"https:\/\/wpguerssen-test.odoo.rgbconsulting.com\/wp-content\/uploads\/2022\/03\/13351.jpg\",\"width\":600,\"height\":600,\"caption\":\"WICKED LADY - The axeman cometh - GUERSSEN (CD) | Guerssen\"},{\"@type\":\"BreadcrumbList\",\"@id\":\"https:\/\/wpguerssen-test.odoo.rgbconsulting.com\/es\/producto\/the-axeman-cometh\/#breadcrumb\",\"itemListElement\":[{\"@type\":\"ListItem\",\"position\":1,\"name\":\"Inicio\",\"item\":\"https:\/\/wpguerssen-test.odoo.rgbconsulting.com\/es\/\"},{\"@type\":\"ListItem\",\"position\":2,\"name\":\"Shop\",\"item\":\"https:\/\/wpguerssen-test.odoo.rgbconsulting.com\/shop\/\"},{\"@type\":\"ListItem\",\"position\":3,\"name\":\"The axeman cometh\"}]},{\"@type\":\"WebSite\",\"@id\":\"https:\/\/wpguerssen-test.odoo.rgbconsulting.com\/es\/#website\",\"url\":\"https:\/\/wpguerssen-test.odoo.rgbconsulting.com\/es\/\",\"name\":\"Guerssen records\",\"description\":\"psychedelia - progressive - folk - garage \",\"publisher\":{\"@id\":\"https:\/\/wpguerssen-test.odoo.rgbconsulting.com\/es\/#organization\"},\"potentialAction\":[{\"@type\":\"SearchAction\",\"target\":{\"@type\":\"EntryPoint\",\"urlTemplate\":\"https:\/\/wpguerssen-test.odoo.rgbconsulting.com\/es\/?s={search_term_string}\"},\"query-input\":{\"@type\":\"PropertyValueSpecification\",\"valueRequired\":true,\"valueName\":\"search_term_string\"}}],\"inLanguage\":\"es\"},{\"@type\":\"Organization\",\"@id\":\"https:\/\/wpguerssen-test.odoo.rgbconsulting.com\/es\/#organization\",\"name\":\"Guerssen records\",\"url\":\"https:\/\/wpguerssen-test.odoo.rgbconsulting.com\/es\/\",\"logo\":{\"@type\":\"ImageObject\",\"inLanguage\":\"es\",\"@id\":\"https:\/\/wpguerssen-test.odoo.rgbconsulting.com\/es\/#\/schema\/logo\/image\/\",\"url\":\"https:\/\/wpguerssen-test.odoo.rgbconsulting.com\/wp-content\/uploads\/2022\/04\/Logo_Guerssen_trans_100.png\",\"contentUrl\":\"https:\/\/wpguerssen-test.odoo.rgbconsulting.com\/wp-content\/uploads\/2022\/04\/Logo_Guerssen_trans_100.png\",\"width\":122,\"height\":100,\"caption\":\"Guerssen records\"},\"image\":{\"@id\":\"https:\/\/wpguerssen-test.odoo.rgbconsulting.com\/es\/#\/schema\/logo\/image\/\"}}]}<\/script>\n<!-- \/ Yoast SEO plugin. -->","yoast_head_json":{"title":"WICKED LADY - The axeman cometh -  (CD) | Guerssen","description":"If you are looking for raw, psychedelic hard-rock, look no further! We present the complete recordings (1968-1972) from Wicked Lady, the legendary UK underground power trio leaded by ace guitarist Martin Weaver, later a member of Dark on their \"Round the edges\" album.Here's the first volume of our Wicked Lady collection, both a CD version and a lavish double vinyl of \"The Axeman Cometh\". Our edition features new artwork and liner notes by doomy psychedelic guitar God in person, Martin Weaver, who tells the real (and bizarre!) story behind Wicked Lady for the first time. The stuff of a legend, this is a real fest of fuzz, wah-wah and heavy riffs that will blow the mind of any hard-psych collector.SIDE A: 1. Run the night (5:08) 2. War Cloud (7:37) SIDE B: 1. The Axeman Cometh (6:52) 2. Life and Death (9:58) SIDE C: 1. Wicked Lady (6:01) 2. Out of the dark (10:14) SIDE D: 1. Rebel (3:32) 2. Living on the edge (10:09)","robots":{"index":"index","follow":"follow","max-snippet":"max-snippet:-1","max-image-preview":"max-image-preview:large","max-video-preview":"max-video-preview:-1"},"canonical":"https:\/\/wpguerssen-test.odoo.rgbconsulting.com\/es\/producto\/the-axeman-cometh\/","og_locale":"es_ES","og_type":"article","og_title":"WICKED LADY - The axeman cometh -  (CD) | Guerssen","og_description":"If you are looking for raw, psychedelic hard-rock, look no further! We present the complete recordings (1968-1972) from Wicked Lady, the legendary UK underground power trio leaded by ace guitarist Martin Weaver, later a member of Dark on their \"Round the edges\" album.Here's the first volume of our Wicked Lady collection, both a CD version and a lavish double vinyl of \"The Axeman Cometh\". Our edition features new artwork and liner notes by doomy psychedelic guitar God in person, Martin Weaver, who tells the real (and bizarre!) story behind Wicked Lady for the first time. The stuff of a legend, this is a real fest of fuzz, wah-wah and heavy riffs that will blow the mind of any hard-psych collector.SIDE A: 1. Run the night (5:08) 2. War Cloud (7:37) SIDE B: 1. The Axeman Cometh (6:52) 2. Life and Death (9:58) SIDE C: 1. Wicked Lady (6:01) 2. Out of the dark (10:14) SIDE D: 1. Rebel (3:32) 2. Living on the edge (10:09)","og_url":"https:\/\/wpguerssen-test.odoo.rgbconsulting.com\/es\/producto\/the-axeman-cometh\/","og_site_name":"Guerssen records","article_modified_time":"2025-05-05T09:10:56+00:00","og_image":[{"width":600,"height":600,"url":"https:\/\/wpguerssen-test.odoo.rgbconsulting.com\/wp-content\/uploads\/2022\/03\/13351.jpg","type":"image\/jpeg"}],"twitter_card":"summary_large_image","twitter_title":"WICKED LADY - The axeman cometh -  (CD) | Guerssen","twitter_misc":{"Tiempo de lectura":"1 minuto"},"schema":{"@context":"https:\/\/schema.org","@graph":[{"@type":"WebPage","@id":"https:\/\/wpguerssen-test.odoo.rgbconsulting.com\/es\/producto\/the-axeman-cometh\/","url":"https:\/\/wpguerssen-test.odoo.rgbconsulting.com\/es\/producto\/the-axeman-cometh\/","name":"WICKED LADY - The axeman cometh - (CD) | Guerssen","isPartOf":{"@id":"https:\/\/wpguerssen-test.odoo.rgbconsulting.com\/es\/#website"},"primaryImageOfPage":{"@id":"https:\/\/wpguerssen-test.odoo.rgbconsulting.com\/es\/producto\/the-axeman-cometh\/#primaryimage"},"image":{"@id":"https:\/\/wpguerssen-test.odoo.rgbconsulting.com\/es\/producto\/the-axeman-cometh\/#primaryimage"},"thumbnailUrl":"https:\/\/wpguerssen-test.odoo.rgbconsulting.com\/wp-content\/uploads\/2022\/03\/13351.jpg","datePublished":"2017-10-05T22:00:00+00:00","dateModified":"2025-05-05T09:10:56+00:00","description":"If you are looking for raw, psychedelic hard-rock, look no further! We present the complete recordings (1968-1972) from Wicked Lady, the legendary UK underground power trio leaded by ace guitarist Martin Weaver, later a member of Dark on their \"Round the edges\" album.Here's the first volume of our Wicked Lady collection, both a CD version and a lavish double vinyl of \"The Axeman Cometh\". Our edition features new artwork and liner notes by doomy psychedelic guitar God in person, Martin Weaver, who tells the real (and bizarre!) story behind Wicked Lady for the first time. The stuff of a legend, this is a real fest of fuzz, wah-wah and heavy riffs that will blow the mind of any hard-psych collector.SIDE A: 1. Run the night (5:08) 2. War Cloud (7:37) SIDE B: 1. The Axeman Cometh (6:52) 2. Life and Death (9:58) SIDE C: 1. Wicked Lady (6:01) 2. Out of the dark (10:14) SIDE D: 1. Rebel (3:32) 2. Living on the edge (10:09)","breadcrumb":{"@id":"https:\/\/wpguerssen-test.odoo.rgbconsulting.com\/es\/producto\/the-axeman-cometh\/#breadcrumb"},"inLanguage":"es","potentialAction":[{"@type":"ReadAction","target":["https:\/\/wpguerssen-test.odoo.rgbconsulting.com\/es\/producto\/the-axeman-cometh\/"]}]},{"@type":"ImageObject","inLanguage":"es","@id":"https:\/\/wpguerssen-test.odoo.rgbconsulting.com\/es\/producto\/the-axeman-cometh\/#primaryimage","url":"https:\/\/wpguerssen-test.odoo.rgbconsulting.com\/wp-content\/uploads\/2022\/03\/13351.jpg","contentUrl":"https:\/\/wpguerssen-test.odoo.rgbconsulting.com\/wp-content\/uploads\/2022\/03\/13351.jpg","width":600,"height":600,"caption":"WICKED LADY - The axeman cometh - GUERSSEN (CD) | Guerssen"},{"@type":"BreadcrumbList","@id":"https:\/\/wpguerssen-test.odoo.rgbconsulting.com\/es\/producto\/the-axeman-cometh\/#breadcrumb","itemListElement":[{"@type":"ListItem","position":1,"name":"Inicio","item":"https:\/\/wpguerssen-test.odoo.rgbconsulting.com\/es\/"},{"@type":"ListItem","position":2,"name":"Shop","item":"https:\/\/wpguerssen-test.odoo.rgbconsulting.com\/shop\/"},{"@type":"ListItem","position":3,"name":"The axeman cometh"}]},{"@type":"WebSite","@id":"https:\/\/wpguerssen-test.odoo.rgbconsulting.com\/es\/#website","url":"https:\/\/wpguerssen-test.odoo.rgbconsulting.com\/es\/","name":"Guerssen records","description":"psychedelia - progressive - folk - garage ","publisher":{"@id":"https:\/\/wpguerssen-test.odoo.rgbconsulting.com\/es\/#organization"},"potentialAction":[{"@type":"SearchAction","target":{"@type":"EntryPoint","urlTemplate":"https:\/\/wpguerssen-test.odoo.rgbconsulting.com\/es\/?s={search_term_string}"},"query-input":{"@type":"PropertyValueSpecification","valueRequired":true,"valueName":"search_term_string"}}],"inLanguage":"es"},{"@type":"Organization","@id":"https:\/\/wpguerssen-test.odoo.rgbconsulting.com\/es\/#organization","name":"Guerssen records","url":"https:\/\/wpguerssen-test.odoo.rgbconsulting.com\/es\/","logo":{"@type":"ImageObject","inLanguage":"es","@id":"https:\/\/wpguerssen-test.odoo.rgbconsulting.com\/es\/#\/schema\/logo\/image\/","url":"https:\/\/wpguerssen-test.odoo.rgbconsulting.com\/wp-content\/uploads\/2022\/04\/Logo_Guerssen_trans_100.png","contentUrl":"https:\/\/wpguerssen-test.odoo.rgbconsulting.com\/wp-content\/uploads\/2022\/04\/Logo_Guerssen_trans_100.png","width":122,"height":100,"caption":"Guerssen records"},"image":{"@id":"https:\/\/wpguerssen-test.odoo.rgbconsulting.com\/es\/#\/schema\/logo\/image\/"}}]}},"_links":{"self":[{"href":"https:\/\/wpguerssen-test.odoo.rgbconsulting.com\/es\/wp-json\/wp\/v2\/product\/178154","targetHints":{"allow":["GET"]}}],"collection":[{"href":"https:\/\/wpguerssen-test.odoo.rgbconsulting.com\/es\/wp-json\/wp\/v2\/product"}],"about":[{"href":"https:\/\/wpguerssen-test.odoo.rgbconsulting.com\/es\/wp-json\/wp\/v2\/types\/product"}],"wp:featuredmedia":[{"embeddable":true,"href":"https:\/\/wpguerssen-test.odoo.rgbconsulting.com\/es\/wp-json\/wp\/v2\/media\/113457"}],"wp:attachment":[{"href":"https:\/\/wpguerssen-test.odoo.rgbconsulting.com\/es\/wp-json\/wp\/v2\/media?parent=178154"}],"wp:term":[{"taxonomy":"product_brand","embeddable":true,"href":"https:\/\/wpguerssen-test.odoo.rgbconsulting.com\/es\/wp-json\/wp\/v2\/product_brand?post=178154"},{"taxonomy":"product_cat","embeddable":true,"href":"https:\/\/wpguerssen-test.odoo.rgbconsulting.com\/es\/wp-json\/wp\/v2\/product_cat?post=178154"},{"taxonomy":"product_tag","embeddable":true,"href":"https:\/\/wpguerssen-test.odoo.rgbconsulting.com\/es\/wp-json\/wp\/v2\/product_tag?post=178154"}],"curies":[{"name":"wp","href":"https:\/\/api.w.org\/{rel}","templated":true}]}}