{"id":178156,"date":"2012-04-19T00:00:00","date_gmt":"2012-04-18T22:00:00","guid":{"rendered":"http:\/\/guerssen.hl1097.dinaserver.com\/product\/per-que-es-grillen-les-patates-lpmp3\/"},"modified":"2024-12-02T16:47:11","modified_gmt":"2024-12-02T15:47:11","slug":"per-que-es-grillen-les-patates-lpmp3","status":"publish","type":"product","link":"https:\/\/wpguerssen-test.odoo.rgbconsulting.com\/es\/producto\/per-que-es-grillen-les-patates-lpmp3\/","title":{"rendered":"Per qu\u00e8 es grillen les patates? (LP+Mp3)"},"content":{"rendered":"<p>Tenemos que remontarnos al a\u00f1o 2007. Tras mucho tiempo tocando en los grupos m\u00e1s dispares (Laviporc, Autohaus Stopanski&#8230;) y todav\u00eda con la herencia del hardcore a flor de piel, Joan Pons empez\u00f3 a escribir unas canciones que nada ten\u00edan que ver con lo que estaba haciendo hasta entonces.<BR>Se trataba de una materia mucho m\u00e1s personal, cercana, unas canciones que \u00e9l, como un juego, iba grabando en la soledad de su casa de Guissona, con la ayuda puntual de alg\u00fan amigo o las voces de sus sobrinos. <\/p>\n<p> Esas grabaciones, reunidas bajo el t\u00edtulo de \u00abPer qu\u00e8 es grillen les patates?\u00bb, se difundieron a muy peque\u00f1a escala. Fueron solamente 110 copias hechas a mano. Muy pocas, aunque las suficientes como para poner en marcha la actividad de El Petit de Cal Eril. Fue escogido para participar en un proyecto de creaci\u00f3n del Centro de Arte Santa M\u00f3nica y tuvo que reunir una banda a toda prisa con los m\u00fasicos que ten\u00eda m\u00e1s cerca. Y as\u00ed empez\u00f3 a andar el grupo. <\/p>\n<p> M\u00e1s adelante llegar\u00eda el te\u00f3rico disco de debut, \u00abI les sargantanes al sol\u00bb (2009), formado completamente por canciones nuevas y sin referencia alguna a aquellas primeras grabaciones. As\u00ed, canciones tan emblem\u00e1ticas como \u00abMel\u00bb, \u00abTornar\u00e0s\u00bb o \u00abMenys o menys\u00bb -que figuran entre las m\u00e1s queridas de su repertorio- han sido inaccesibles hasta hoy, igual que experimentos del calibre de \u00abRap juganer\u00bb o \u00abEls gats\u00bb y tambi\u00e9n divertimentos familiares como \u00abOh s\u00ed! Aussi\u00bb. <\/p>\n<p> Hoy, cinco a\u00f1os despu\u00e9s de aquellas sesiones, llega al fin el momento de sacarlas del caj\u00f3n y constatar que \u00abPer qu\u00e8 es grillen les patates?\u00bb es mucho m\u00e1s que una maqueta. Es, en toda regla, el primer disco de El Petit de Cal Eril. Una \u00f3pera prima rica y de alto inter\u00e9s musical, que aguanta m\u00e1s all\u00e1 de la curiosidad y de alg\u00fan pecado de juventud. Y que emociona y sorprende a partes iguales, como todo lo que ha firmado El Petit de Cal Eril desde entonces. <\/p>\n<p> La presentamos en una edici\u00f3n limitada en vinilo, con 490 \u00fanicas copias numeradas a mano con sellos de patata, tal como nos ense\u00f1aron a hacer en el cole.<\/p>\n","protected":false},"excerpt":{"rendered":"<p>Tenemos que remontarnos al a\u00f1o 2007. Tras mucho tiempo tocando en los grupos m\u00e1s dispares (Laviporc, Autohaus Stopanski&#8230;) y todav\u00eda con la herencia del hardcore<a class=\"read\" href=\"https:\/\/wpguerssen-test.odoo.rgbconsulting.com\/es\/producto\/per-que-es-grillen-les-patates-lpmp3\/\"> (...)<\/a>","protected":false},"featured_media":113463,"template":"","meta":{"_acf_changed":false},"product_brand":[],"product_cat":[23273,23234],"product_tag":[24190],"class_list":{"0":"post-178156","1":"product","2":"type-product","3":"status-publish","4":"has-post-thumbnail","6":"product_cat-folk-rock-00s-now-es","7":"product_cat-pop-rock-es","8":"product_tag-sales-es","9":"pa_artist-petit-de-cal-eril-el-es","10":"pa_format-lp-es","11":"pa_gender-folk-rock-00s-now-pop-rock","12":"pa_label-bankrobber","13":"pa_location-spain-es","14":"pa_other-filters-vinyl-only-es","16":"first","17":"instock","18":"taxable","19":"shipping-taxable","20":"purchasable","21":"product-type-simple"},"acf":[],"yoast_head":"<!-- This site is optimized with the Yoast SEO plugin v24.9 - https:\/\/yoast.com\/wordpress\/plugins\/seo\/ -->\n<title>PETIT DE CAL ERIL, El - Per qu\u00e8 es grillen les patates? (LP+Mp3) -  (LP) | Guerssen<\/title>\n<meta name=\"description\" content=\"El Petit de Cal Eril surprised me profoundly in 2009 with his debut &quot;I les sargantanes al sol&quot;, a very fresh and innocent psychedelic folk album that made it somehow big in Catalonia. Then he did the nice and dark &quot;Vol i dol&quot;, but before all that he did this unreleased album, in 2007, that was circulating only on a short CDR run for friends. But this is not a demo, this is a great LP in its own right, with similarities to his debut but much more electric. Now it&#039;s released as limited vinyl of 500 copies, numbered and in a very nice packaging.\" \/>\n<meta name=\"robots\" content=\"index, follow, max-snippet:-1, max-image-preview:large, max-video-preview:-1\" \/>\n<link rel=\"canonical\" href=\"https:\/\/wpguerssen-test.odoo.rgbconsulting.com\/es\/producto\/per-que-es-grillen-les-patates-lpmp3\/\" \/>\n<meta property=\"og:locale\" content=\"es_ES\" \/>\n<meta property=\"og:type\" content=\"article\" \/>\n<meta property=\"og:title\" content=\"PETIT DE CAL ERIL, El - Per qu\u00e8 es grillen les patates? (LP+Mp3) -  (LP) | Guerssen\" \/>\n<meta property=\"og:description\" content=\"El Petit de Cal Eril surprised me profoundly in 2009 with his debut &quot;I les sargantanes al sol&quot;, a very fresh and innocent psychedelic folk album that made it somehow big in Catalonia. Then he did the nice and dark &quot;Vol i dol&quot;, but before all that he did this unreleased album, in 2007, that was circulating only on a short CDR run for friends. But this is not a demo, this is a great LP in its own right, with similarities to his debut but much more electric. Now it&#039;s released as limited vinyl of 500 copies, numbered and in a very nice packaging.\" \/>\n<meta property=\"og:url\" content=\"https:\/\/wpguerssen-test.odoo.rgbconsulting.com\/es\/producto\/per-que-es-grillen-les-patates-lpmp3\/\" \/>\n<meta property=\"og:site_name\" content=\"Guerssen records\" \/>\n<meta property=\"article:modified_time\" content=\"2024-12-02T15:47:11+00:00\" \/>\n<meta property=\"og:image\" content=\"https:\/\/wpguerssen-test.odoo.rgbconsulting.com\/wp-content\/uploads\/2022\/03\/13353.jpg\" \/>\n\t<meta property=\"og:image:width\" content=\"283\" \/>\n\t<meta property=\"og:image:height\" content=\"283\" \/>\n\t<meta property=\"og:image:type\" content=\"image\/jpeg\" \/>\n<meta name=\"twitter:card\" content=\"summary_large_image\" \/>\n<meta name=\"twitter:title\" content=\"PETIT DE CAL ERIL, El - Per qu\u00e8 es grillen les patates? (LP+Mp3) -  (LP) | Guerssen\" \/>\n<meta name=\"twitter:label1\" content=\"Tiempo de lectura\" \/>\n\t<meta name=\"twitter:data1\" content=\"2 minutos\" \/>\n<script type=\"application\/ld+json\" class=\"yoast-schema-graph\">{\"@context\":\"https:\/\/schema.org\",\"@graph\":[{\"@type\":\"WebPage\",\"@id\":\"https:\/\/wpguerssen-test.odoo.rgbconsulting.com\/es\/producto\/per-que-es-grillen-les-patates-lpmp3\/\",\"url\":\"https:\/\/wpguerssen-test.odoo.rgbconsulting.com\/es\/producto\/per-que-es-grillen-les-patates-lpmp3\/\",\"name\":\"PETIT DE CAL ERIL, El - Per qu\u00e8 es grillen les patates? (LP+Mp3) - (LP) | Guerssen\",\"isPartOf\":{\"@id\":\"https:\/\/wpguerssen-test.odoo.rgbconsulting.com\/es\/#website\"},\"primaryImageOfPage\":{\"@id\":\"https:\/\/wpguerssen-test.odoo.rgbconsulting.com\/es\/producto\/per-que-es-grillen-les-patates-lpmp3\/#primaryimage\"},\"image\":{\"@id\":\"https:\/\/wpguerssen-test.odoo.rgbconsulting.com\/es\/producto\/per-que-es-grillen-les-patates-lpmp3\/#primaryimage\"},\"thumbnailUrl\":\"https:\/\/wpguerssen-test.odoo.rgbconsulting.com\/wp-content\/uploads\/2022\/03\/13353.jpg\",\"datePublished\":\"2012-04-18T22:00:00+00:00\",\"dateModified\":\"2024-12-02T15:47:11+00:00\",\"description\":\"El Petit de Cal Eril surprised me profoundly in 2009 with his debut \\\"I les sargantanes al sol\\\", a very fresh and innocent psychedelic folk album that made it somehow big in Catalonia. Then he did the nice and dark \\\"Vol i dol\\\", but before all that he did this unreleased album, in 2007, that was circulating only on a short CDR run for friends. But this is not a demo, this is a great LP in its own right, with similarities to his debut but much more electric. Now it's released as limited vinyl of 500 copies, numbered and in a very nice packaging.\",\"breadcrumb\":{\"@id\":\"https:\/\/wpguerssen-test.odoo.rgbconsulting.com\/es\/producto\/per-que-es-grillen-les-patates-lpmp3\/#breadcrumb\"},\"inLanguage\":\"es\",\"potentialAction\":[{\"@type\":\"ReadAction\",\"target\":[\"https:\/\/wpguerssen-test.odoo.rgbconsulting.com\/es\/producto\/per-que-es-grillen-les-patates-lpmp3\/\"]}]},{\"@type\":\"ImageObject\",\"inLanguage\":\"es\",\"@id\":\"https:\/\/wpguerssen-test.odoo.rgbconsulting.com\/es\/producto\/per-que-es-grillen-les-patates-lpmp3\/#primaryimage\",\"url\":\"https:\/\/wpguerssen-test.odoo.rgbconsulting.com\/wp-content\/uploads\/2022\/03\/13353.jpg\",\"contentUrl\":\"https:\/\/wpguerssen-test.odoo.rgbconsulting.com\/wp-content\/uploads\/2022\/03\/13353.jpg\",\"width\":283,\"height\":283,\"caption\":\"El - Per qu\u00e8 es grillen les patates? (LP+Mp3) - BANKROBBER (LP) | Guerssen\"},{\"@type\":\"BreadcrumbList\",\"@id\":\"https:\/\/wpguerssen-test.odoo.rgbconsulting.com\/es\/producto\/per-que-es-grillen-les-patates-lpmp3\/#breadcrumb\",\"itemListElement\":[{\"@type\":\"ListItem\",\"position\":1,\"name\":\"Inicio\",\"item\":\"https:\/\/wpguerssen-test.odoo.rgbconsulting.com\/es\/\"},{\"@type\":\"ListItem\",\"position\":2,\"name\":\"Shop\",\"item\":\"https:\/\/wpguerssen-test.odoo.rgbconsulting.com\/shop\/\"},{\"@type\":\"ListItem\",\"position\":3,\"name\":\"Per qu\u00e8 es grillen les patates? (LP+Mp3)\"}]},{\"@type\":\"WebSite\",\"@id\":\"https:\/\/wpguerssen-test.odoo.rgbconsulting.com\/es\/#website\",\"url\":\"https:\/\/wpguerssen-test.odoo.rgbconsulting.com\/es\/\",\"name\":\"Guerssen records\",\"description\":\"psychedelia - progressive - folk - garage \",\"publisher\":{\"@id\":\"https:\/\/wpguerssen-test.odoo.rgbconsulting.com\/es\/#organization\"},\"potentialAction\":[{\"@type\":\"SearchAction\",\"target\":{\"@type\":\"EntryPoint\",\"urlTemplate\":\"https:\/\/wpguerssen-test.odoo.rgbconsulting.com\/es\/?s={search_term_string}\"},\"query-input\":{\"@type\":\"PropertyValueSpecification\",\"valueRequired\":true,\"valueName\":\"search_term_string\"}}],\"inLanguage\":\"es\"},{\"@type\":\"Organization\",\"@id\":\"https:\/\/wpguerssen-test.odoo.rgbconsulting.com\/es\/#organization\",\"name\":\"Guerssen records\",\"url\":\"https:\/\/wpguerssen-test.odoo.rgbconsulting.com\/es\/\",\"logo\":{\"@type\":\"ImageObject\",\"inLanguage\":\"es\",\"@id\":\"https:\/\/wpguerssen-test.odoo.rgbconsulting.com\/es\/#\/schema\/logo\/image\/\",\"url\":\"https:\/\/wpguerssen-test.odoo.rgbconsulting.com\/wp-content\/uploads\/2022\/04\/Logo_Guerssen_trans_100.png\",\"contentUrl\":\"https:\/\/wpguerssen-test.odoo.rgbconsulting.com\/wp-content\/uploads\/2022\/04\/Logo_Guerssen_trans_100.png\",\"width\":122,\"height\":100,\"caption\":\"Guerssen records\"},\"image\":{\"@id\":\"https:\/\/wpguerssen-test.odoo.rgbconsulting.com\/es\/#\/schema\/logo\/image\/\"}}]}<\/script>\n<!-- \/ Yoast SEO plugin. -->","yoast_head_json":{"title":"PETIT DE CAL ERIL, El - Per qu\u00e8 es grillen les patates? (LP+Mp3) -  (LP) | Guerssen","description":"El Petit de Cal Eril surprised me profoundly in 2009 with his debut \"I les sargantanes al sol\", a very fresh and innocent psychedelic folk album that made it somehow big in Catalonia. Then he did the nice and dark \"Vol i dol\", but before all that he did this unreleased album, in 2007, that was circulating only on a short CDR run for friends. But this is not a demo, this is a great LP in its own right, with similarities to his debut but much more electric. Now it's released as limited vinyl of 500 copies, numbered and in a very nice packaging.","robots":{"index":"index","follow":"follow","max-snippet":"max-snippet:-1","max-image-preview":"max-image-preview:large","max-video-preview":"max-video-preview:-1"},"canonical":"https:\/\/wpguerssen-test.odoo.rgbconsulting.com\/es\/producto\/per-que-es-grillen-les-patates-lpmp3\/","og_locale":"es_ES","og_type":"article","og_title":"PETIT DE CAL ERIL, El - Per qu\u00e8 es grillen les patates? (LP+Mp3) -  (LP) | Guerssen","og_description":"El Petit de Cal Eril surprised me profoundly in 2009 with his debut \"I les sargantanes al sol\", a very fresh and innocent psychedelic folk album that made it somehow big in Catalonia. Then he did the nice and dark \"Vol i dol\", but before all that he did this unreleased album, in 2007, that was circulating only on a short CDR run for friends. But this is not a demo, this is a great LP in its own right, with similarities to his debut but much more electric. Now it's released as limited vinyl of 500 copies, numbered and in a very nice packaging.","og_url":"https:\/\/wpguerssen-test.odoo.rgbconsulting.com\/es\/producto\/per-que-es-grillen-les-patates-lpmp3\/","og_site_name":"Guerssen records","article_modified_time":"2024-12-02T15:47:11+00:00","og_image":[{"width":283,"height":283,"url":"https:\/\/wpguerssen-test.odoo.rgbconsulting.com\/wp-content\/uploads\/2022\/03\/13353.jpg","type":"image\/jpeg"}],"twitter_card":"summary_large_image","twitter_title":"PETIT DE CAL ERIL, El - Per qu\u00e8 es grillen les patates? (LP+Mp3) -  (LP) | Guerssen","twitter_misc":{"Tiempo de lectura":"2 minutos"},"schema":{"@context":"https:\/\/schema.org","@graph":[{"@type":"WebPage","@id":"https:\/\/wpguerssen-test.odoo.rgbconsulting.com\/es\/producto\/per-que-es-grillen-les-patates-lpmp3\/","url":"https:\/\/wpguerssen-test.odoo.rgbconsulting.com\/es\/producto\/per-que-es-grillen-les-patates-lpmp3\/","name":"PETIT DE CAL ERIL, El - Per qu\u00e8 es grillen les patates? (LP+Mp3) - (LP) | Guerssen","isPartOf":{"@id":"https:\/\/wpguerssen-test.odoo.rgbconsulting.com\/es\/#website"},"primaryImageOfPage":{"@id":"https:\/\/wpguerssen-test.odoo.rgbconsulting.com\/es\/producto\/per-que-es-grillen-les-patates-lpmp3\/#primaryimage"},"image":{"@id":"https:\/\/wpguerssen-test.odoo.rgbconsulting.com\/es\/producto\/per-que-es-grillen-les-patates-lpmp3\/#primaryimage"},"thumbnailUrl":"https:\/\/wpguerssen-test.odoo.rgbconsulting.com\/wp-content\/uploads\/2022\/03\/13353.jpg","datePublished":"2012-04-18T22:00:00+00:00","dateModified":"2024-12-02T15:47:11+00:00","description":"El Petit de Cal Eril surprised me profoundly in 2009 with his debut \"I les sargantanes al sol\", a very fresh and innocent psychedelic folk album that made it somehow big in Catalonia. Then he did the nice and dark \"Vol i dol\", but before all that he did this unreleased album, in 2007, that was circulating only on a short CDR run for friends. But this is not a demo, this is a great LP in its own right, with similarities to his debut but much more electric. Now it's released as limited vinyl of 500 copies, numbered and in a very nice packaging.","breadcrumb":{"@id":"https:\/\/wpguerssen-test.odoo.rgbconsulting.com\/es\/producto\/per-que-es-grillen-les-patates-lpmp3\/#breadcrumb"},"inLanguage":"es","potentialAction":[{"@type":"ReadAction","target":["https:\/\/wpguerssen-test.odoo.rgbconsulting.com\/es\/producto\/per-que-es-grillen-les-patates-lpmp3\/"]}]},{"@type":"ImageObject","inLanguage":"es","@id":"https:\/\/wpguerssen-test.odoo.rgbconsulting.com\/es\/producto\/per-que-es-grillen-les-patates-lpmp3\/#primaryimage","url":"https:\/\/wpguerssen-test.odoo.rgbconsulting.com\/wp-content\/uploads\/2022\/03\/13353.jpg","contentUrl":"https:\/\/wpguerssen-test.odoo.rgbconsulting.com\/wp-content\/uploads\/2022\/03\/13353.jpg","width":283,"height":283,"caption":"El - Per qu\u00e8 es grillen les patates? (LP+Mp3) - BANKROBBER (LP) | Guerssen"},{"@type":"BreadcrumbList","@id":"https:\/\/wpguerssen-test.odoo.rgbconsulting.com\/es\/producto\/per-que-es-grillen-les-patates-lpmp3\/#breadcrumb","itemListElement":[{"@type":"ListItem","position":1,"name":"Inicio","item":"https:\/\/wpguerssen-test.odoo.rgbconsulting.com\/es\/"},{"@type":"ListItem","position":2,"name":"Shop","item":"https:\/\/wpguerssen-test.odoo.rgbconsulting.com\/shop\/"},{"@type":"ListItem","position":3,"name":"Per qu\u00e8 es grillen les patates? (LP+Mp3)"}]},{"@type":"WebSite","@id":"https:\/\/wpguerssen-test.odoo.rgbconsulting.com\/es\/#website","url":"https:\/\/wpguerssen-test.odoo.rgbconsulting.com\/es\/","name":"Guerssen records","description":"psychedelia - progressive - folk - garage ","publisher":{"@id":"https:\/\/wpguerssen-test.odoo.rgbconsulting.com\/es\/#organization"},"potentialAction":[{"@type":"SearchAction","target":{"@type":"EntryPoint","urlTemplate":"https:\/\/wpguerssen-test.odoo.rgbconsulting.com\/es\/?s={search_term_string}"},"query-input":{"@type":"PropertyValueSpecification","valueRequired":true,"valueName":"search_term_string"}}],"inLanguage":"es"},{"@type":"Organization","@id":"https:\/\/wpguerssen-test.odoo.rgbconsulting.com\/es\/#organization","name":"Guerssen records","url":"https:\/\/wpguerssen-test.odoo.rgbconsulting.com\/es\/","logo":{"@type":"ImageObject","inLanguage":"es","@id":"https:\/\/wpguerssen-test.odoo.rgbconsulting.com\/es\/#\/schema\/logo\/image\/","url":"https:\/\/wpguerssen-test.odoo.rgbconsulting.com\/wp-content\/uploads\/2022\/04\/Logo_Guerssen_trans_100.png","contentUrl":"https:\/\/wpguerssen-test.odoo.rgbconsulting.com\/wp-content\/uploads\/2022\/04\/Logo_Guerssen_trans_100.png","width":122,"height":100,"caption":"Guerssen records"},"image":{"@id":"https:\/\/wpguerssen-test.odoo.rgbconsulting.com\/es\/#\/schema\/logo\/image\/"}}]}},"_links":{"self":[{"href":"https:\/\/wpguerssen-test.odoo.rgbconsulting.com\/es\/wp-json\/wp\/v2\/product\/178156","targetHints":{"allow":["GET"]}}],"collection":[{"href":"https:\/\/wpguerssen-test.odoo.rgbconsulting.com\/es\/wp-json\/wp\/v2\/product"}],"about":[{"href":"https:\/\/wpguerssen-test.odoo.rgbconsulting.com\/es\/wp-json\/wp\/v2\/types\/product"}],"wp:featuredmedia":[{"embeddable":true,"href":"https:\/\/wpguerssen-test.odoo.rgbconsulting.com\/es\/wp-json\/wp\/v2\/media\/113463"}],"wp:attachment":[{"href":"https:\/\/wpguerssen-test.odoo.rgbconsulting.com\/es\/wp-json\/wp\/v2\/media?parent=178156"}],"wp:term":[{"taxonomy":"product_brand","embeddable":true,"href":"https:\/\/wpguerssen-test.odoo.rgbconsulting.com\/es\/wp-json\/wp\/v2\/product_brand?post=178156"},{"taxonomy":"product_cat","embeddable":true,"href":"https:\/\/wpguerssen-test.odoo.rgbconsulting.com\/es\/wp-json\/wp\/v2\/product_cat?post=178156"},{"taxonomy":"product_tag","embeddable":true,"href":"https:\/\/wpguerssen-test.odoo.rgbconsulting.com\/es\/wp-json\/wp\/v2\/product_tag?post=178156"}],"curies":[{"name":"wp","href":"https:\/\/api.w.org\/{rel}","templated":true}]}}