{"id":178169,"date":"2012-05-30T00:00:00","date_gmt":"2012-05-29T22:00:00","guid":{"rendered":"http:\/\/guerssen.hl1097.dinaserver.com\/product\/diggin-down-argentina-vol-2\/"},"modified":"2024-12-11T17:21:43","modified_gmt":"2024-12-11T16:21:43","slug":"diggin-down-argentina-vol-2","status":"publish","type":"product","link":"https:\/\/wpguerssen-test.odoo.rgbconsulting.com\/es\/producto\/diggin-down-argentina-vol-2\/","title":{"rendered":"Diggin&#8217; down Argentina Vol. 2"},"content":{"rendered":"<p>La publicaci\u00f3n hace un par de a\u00f1os del primer volumen de \u00abDiggin&#8217; Down Argentina\u00bb fue toda una sorpresa. Fue como la entrada secreta a un oscuro universo paralelo repleto de imposibles grupos con el m\u00e1s crudo sonido freakbeat, garage y hard-psicod\u00e9lico que jam\u00e1s pudieras imaginar. Este segundo volumen presenta otra incre\u00edble selecci\u00f3n de temazos (aqu\u00ed no encontrar\u00e1s nada de relleno!). Alucina con el monstruoso sonido freakbeat-fuzz de Mel Williams, bailables temas mod-soul garagero por Tios Queridos, Trio Galleta y Tonelada ; dura psicodelia por Caballo Vapor, Brujos, Bosques, Formaci\u00f3n 2000, Crema&#8230; ; garage psicod\u00e9lico por Tonelada y Alta Tensi\u00f3n ( con versi\u00f3n fuzz del \u00abStand Out\u00bb de Love!) y m\u00e1s. Perfecto sonido remasterizado, portada a color, insert con raras fotos y detalladas notas en ingl\u00e9s. <\/p>\n<p> TRACKLISTING: SIDE 1: 01. MEL WILLIAMS &#8211; Mr. Baker (1970)  02.  BOSQUES &#8211; La Casa Que Un Dia (1970) 03. TRIO GALLETA &#8211; Te Vere En La Esquina (1971) 04. PACIFIC BAND &#8211; Sally Row (1971) 05. BRUJOS &#8211; Desesperacion (1970) 06. ALTA TENSION -Sobresaliente (Stand Out) (1970) 07. KON-TIKI &#8211; Recorrido Sin Final (1976) <\/p>\n<p> SIDE 2: 01. CABALLO VAPOR &#8211; Ilusion De Libertad (1974) 02. JUMBO &#8211; Todo Con Eso (1970) 03. PROVOS &#8211; Eva (1970) 04. TONELADA &#8211;  Amor En Nuestras Almas (Love In Our Soul) (1972) 05. CREMA &#8211; Loco, Loco (Crazy, Crazy) (1973) 06. FORMACION 2000 &#8211; Noche Ciega (Blind Night) (1970) 07. LOS TIOS QUERIDOS &#8211; Extiendete Que Me Encontraras (Reach Out I&#8217;ll Be There) (1967)<\/p>\n","protected":false},"excerpt":{"rendered":"<p>La publicaci\u00f3n hace un par de a\u00f1os del primer volumen de \u00abDiggin&#8217; Down Argentina\u00bb fue toda una sorpresa. Fue como la entrada secreta a un oscuro universo<a class=\"read\" href=\"https:\/\/wpguerssen-test.odoo.rgbconsulting.com\/es\/producto\/diggin-down-argentina-vol-2\/\"> (...)<\/a>","protected":false},"featured_media":113506,"template":"","meta":{"_acf_changed":false},"product_brand":[],"product_cat":[23281,21639],"product_tag":[],"class_list":{"0":"post-178169","1":"product","2":"type-product","3":"status-publish","4":"has-post-thumbnail","6":"product_cat-garagebeatrnb60-70-es","7":"product_cat-psychedelic60s-70s-es","8":"pa_artist-various-artists-es","9":"pa_format-lp-es","10":"pa_gender-garagebeatrnb60-70-psychedelic60s-70s","11":"pa_label-crema","12":"pa_location-south-america-caribbean-es","13":"pa_other-filters-vinyl-only-es","15":"first","16":"instock","17":"taxable","18":"shipping-taxable","19":"purchasable","20":"product-type-simple"},"acf":[],"yoast_head":"<!-- This site is optimized with the Yoast SEO plugin v24.9 - https:\/\/yoast.com\/wordpress\/plugins\/seo\/ -->\n<title>VARIOUS ARTISTS - Diggin&#039; down Argentina Vol. 2 -  (LP) | Guerssen<\/title>\n<meta name=\"description\" content=\"When the first volume of &quot;Diggin&#039; Down Argentina&quot; was released a couple years back, it was a major revelation for many people: it was like finding a secret door to a bizarre, unknown universe full of weird bands playing some of the most crude garage, freakbeat and psychedelia you could ever hear. #nl# This second volume unleash to the world another amazing selection of obscure tracks compiled here for the first time. This is a real &quot;all killers, no fillers&quot; comp! Dig the monster freakbeat-fuzz sound of Mel Williams ; garage-soul mod dancers by Los Tios Queridos, Trio Galleta and Tonelada ; hard-psych by Caballo Vapor, Brujos, Bosques, Formaci\u00f3n 2000, Crema... ; exotic acid-psych by Kon-Tiki ; raw psychedelic garage by Provos, a fuzzed-out cover of Love&#039;s &quot;Stand Out&quot; by Alta Tensi\u00f3n...and more. #nl# All tracks taken from obscure 45s and LPs, most of them released in tiny quantities at the time. #nl# Perfect remastered sound, nice colour sleeve and insert with rare pictures and detailed liner notes in English. #nl# TRACKLISTING: SIDE 1: 01. MEL WILLIAMS - Mr. Baker (1970) 02. BOSQUES - La Casa Que Un Dia (1970) 03. TRIO GALLETA - Te Vere En La Esquina (1971) 04. PACIFIC BAND - Sally Row (1971) 05. BRUJOS - Desesperacion (1970) 06. ALTA TENSION -Sobresaliente (Stand Out) (1970) 07. KON-TIKI - Recorrido Sin Final (1976) #nl# SIDE 2: 01. CABALLO VAPOR - Ilusion De Libertad (1974) 02. JUMBO - Todo Con Eso (1970) 03. PROVOS - Eva (1970) 04. TONELADA - Amor En Nuestras Almas (Love In Our Soul) (1972) 05. CREMA - Loco, Loco (Crazy, Crazy) (1973) 06. FORMACION 2000 - Noche Ciega (Blind Night) (1970) 07. LOS TIOS QUERIDOS - Extiendete Que Me Encontraras (Reach Out I&#039;ll Be There) (1967)\" \/>\n<meta name=\"robots\" content=\"index, follow, max-snippet:-1, max-image-preview:large, max-video-preview:-1\" \/>\n<link rel=\"canonical\" href=\"https:\/\/wpguerssen-test.odoo.rgbconsulting.com\/es\/producto\/diggin-down-argentina-vol-2\/\" \/>\n<meta property=\"og:locale\" content=\"es_ES\" \/>\n<meta property=\"og:type\" content=\"article\" \/>\n<meta property=\"og:title\" content=\"VARIOUS ARTISTS - Diggin&#039; down Argentina Vol. 2 -  (LP) | Guerssen\" \/>\n<meta property=\"og:description\" content=\"When the first volume of &quot;Diggin&#039; Down Argentina&quot; was released a couple years back, it was a major revelation for many people: it was like finding a secret door to a bizarre, unknown universe full of weird bands playing some of the most crude garage, freakbeat and psychedelia you could ever hear. #nl# This second volume unleash to the world another amazing selection of obscure tracks compiled here for the first time. This is a real &quot;all killers, no fillers&quot; comp! Dig the monster freakbeat-fuzz sound of Mel Williams ; garage-soul mod dancers by Los Tios Queridos, Trio Galleta and Tonelada ; hard-psych by Caballo Vapor, Brujos, Bosques, Formaci\u00f3n 2000, Crema... ; exotic acid-psych by Kon-Tiki ; raw psychedelic garage by Provos, a fuzzed-out cover of Love&#039;s &quot;Stand Out&quot; by Alta Tensi\u00f3n...and more. #nl# All tracks taken from obscure 45s and LPs, most of them released in tiny quantities at the time. #nl# Perfect remastered sound, nice colour sleeve and insert with rare pictures and detailed liner notes in English. #nl# TRACKLISTING: SIDE 1: 01. MEL WILLIAMS - Mr. Baker (1970) 02. BOSQUES - La Casa Que Un Dia (1970) 03. TRIO GALLETA - Te Vere En La Esquina (1971) 04. PACIFIC BAND - Sally Row (1971) 05. BRUJOS - Desesperacion (1970) 06. ALTA TENSION -Sobresaliente (Stand Out) (1970) 07. KON-TIKI - Recorrido Sin Final (1976) #nl# SIDE 2: 01. CABALLO VAPOR - Ilusion De Libertad (1974) 02. JUMBO - Todo Con Eso (1970) 03. PROVOS - Eva (1970) 04. TONELADA - Amor En Nuestras Almas (Love In Our Soul) (1972) 05. CREMA - Loco, Loco (Crazy, Crazy) (1973) 06. FORMACION 2000 - Noche Ciega (Blind Night) (1970) 07. LOS TIOS QUERIDOS - Extiendete Que Me Encontraras (Reach Out I&#039;ll Be There) (1967)\" \/>\n<meta property=\"og:url\" content=\"https:\/\/wpguerssen-test.odoo.rgbconsulting.com\/es\/producto\/diggin-down-argentina-vol-2\/\" \/>\n<meta property=\"og:site_name\" content=\"Guerssen records\" \/>\n<meta property=\"article:modified_time\" content=\"2024-12-11T16:21:43+00:00\" \/>\n<meta name=\"twitter:card\" content=\"summary_large_image\" \/>\n<meta name=\"twitter:title\" content=\"VARIOUS ARTISTS - Diggin&#039; down Argentina Vol. 2 -  (LP) | Guerssen\" \/>\n<meta name=\"twitter:label1\" content=\"Tiempo de lectura\" \/>\n\t<meta name=\"twitter:data1\" content=\"1 minuto\" \/>\n<script type=\"application\/ld+json\" class=\"yoast-schema-graph\">{\"@context\":\"https:\/\/schema.org\",\"@graph\":[{\"@type\":\"WebPage\",\"@id\":\"https:\/\/wpguerssen-test.odoo.rgbconsulting.com\/es\/producto\/diggin-down-argentina-vol-2\/\",\"url\":\"https:\/\/wpguerssen-test.odoo.rgbconsulting.com\/es\/producto\/diggin-down-argentina-vol-2\/\",\"name\":\"VARIOUS ARTISTS - Diggin' down Argentina Vol. 2 - (LP) | Guerssen\",\"isPartOf\":{\"@id\":\"https:\/\/wpguerssen-test.odoo.rgbconsulting.com\/es\/#website\"},\"primaryImageOfPage\":{\"@id\":\"https:\/\/wpguerssen-test.odoo.rgbconsulting.com\/es\/producto\/diggin-down-argentina-vol-2\/#primaryimage\"},\"image\":{\"@id\":\"https:\/\/wpguerssen-test.odoo.rgbconsulting.com\/es\/producto\/diggin-down-argentina-vol-2\/#primaryimage\"},\"thumbnailUrl\":\"https:\/\/wpguerssen-test.odoo.rgbconsulting.com\/wp-content\/uploads\/2022\/03\/13420.jpg\",\"datePublished\":\"2012-05-29T22:00:00+00:00\",\"dateModified\":\"2024-12-11T16:21:43+00:00\",\"description\":\"When the first volume of \\\"Diggin' Down Argentina\\\" was released a couple years back, it was a major revelation for many people: it was like finding a secret door to a bizarre, unknown universe full of weird bands playing some of the most crude garage, freakbeat and psychedelia you could ever hear. #nl# This second volume unleash to the world another amazing selection of obscure tracks compiled here for the first time. This is a real \\\"all killers, no fillers\\\" comp! Dig the monster freakbeat-fuzz sound of Mel Williams ; garage-soul mod dancers by Los Tios Queridos, Trio Galleta and Tonelada ; hard-psych by Caballo Vapor, Brujos, Bosques, Formaci\u00f3n 2000, Crema... ; exotic acid-psych by Kon-Tiki ; raw psychedelic garage by Provos, a fuzzed-out cover of Love's \\\"Stand Out\\\" by Alta Tensi\u00f3n...and more. #nl# All tracks taken from obscure 45s and LPs, most of them released in tiny quantities at the time. #nl# Perfect remastered sound, nice colour sleeve and insert with rare pictures and detailed liner notes in English. #nl# TRACKLISTING: SIDE 1: 01. MEL WILLIAMS - Mr. Baker (1970) 02. BOSQUES - La Casa Que Un Dia (1970) 03. TRIO GALLETA - Te Vere En La Esquina (1971) 04. PACIFIC BAND - Sally Row (1971) 05. BRUJOS - Desesperacion (1970) 06. ALTA TENSION -Sobresaliente (Stand Out) (1970) 07. KON-TIKI - Recorrido Sin Final (1976) #nl# SIDE 2: 01. CABALLO VAPOR - Ilusion De Libertad (1974) 02. JUMBO - Todo Con Eso (1970) 03. PROVOS - Eva (1970) 04. TONELADA - Amor En Nuestras Almas (Love In Our Soul) (1972) 05. CREMA - Loco, Loco (Crazy, Crazy) (1973) 06. FORMACION 2000 - Noche Ciega (Blind Night) (1970) 07. LOS TIOS QUERIDOS - Extiendete Que Me Encontraras (Reach Out I'll Be There) (1967)\",\"breadcrumb\":{\"@id\":\"https:\/\/wpguerssen-test.odoo.rgbconsulting.com\/es\/producto\/diggin-down-argentina-vol-2\/#breadcrumb\"},\"inLanguage\":\"es\",\"potentialAction\":[{\"@type\":\"ReadAction\",\"target\":[\"https:\/\/wpguerssen-test.odoo.rgbconsulting.com\/es\/producto\/diggin-down-argentina-vol-2\/\"]}]},{\"@type\":\"ImageObject\",\"inLanguage\":\"es\",\"@id\":\"https:\/\/wpguerssen-test.odoo.rgbconsulting.com\/es\/producto\/diggin-down-argentina-vol-2\/#primaryimage\",\"url\":\"https:\/\/wpguerssen-test.odoo.rgbconsulting.com\/wp-content\/uploads\/2022\/03\/13420.jpg\",\"contentUrl\":\"https:\/\/wpguerssen-test.odoo.rgbconsulting.com\/wp-content\/uploads\/2022\/03\/13420.jpg\",\"width\":566,\"height\":566,\"caption\":\"VARIOUS ARTISTS - Diggin' down Argentina Vol. 2 - CREMA (LP) | Guerssen\"},{\"@type\":\"BreadcrumbList\",\"@id\":\"https:\/\/wpguerssen-test.odoo.rgbconsulting.com\/es\/producto\/diggin-down-argentina-vol-2\/#breadcrumb\",\"itemListElement\":[{\"@type\":\"ListItem\",\"position\":1,\"name\":\"Inicio\",\"item\":\"https:\/\/wpguerssen-test.odoo.rgbconsulting.com\/es\/\"},{\"@type\":\"ListItem\",\"position\":2,\"name\":\"Shop\",\"item\":\"https:\/\/wpguerssen-test.odoo.rgbconsulting.com\/shop\/\"},{\"@type\":\"ListItem\",\"position\":3,\"name\":\"Diggin&#8217; down Argentina Vol. 2\"}]},{\"@type\":\"WebSite\",\"@id\":\"https:\/\/wpguerssen-test.odoo.rgbconsulting.com\/es\/#website\",\"url\":\"https:\/\/wpguerssen-test.odoo.rgbconsulting.com\/es\/\",\"name\":\"Guerssen records\",\"description\":\"psychedelia - progressive - folk - garage \",\"publisher\":{\"@id\":\"https:\/\/wpguerssen-test.odoo.rgbconsulting.com\/es\/#organization\"},\"potentialAction\":[{\"@type\":\"SearchAction\",\"target\":{\"@type\":\"EntryPoint\",\"urlTemplate\":\"https:\/\/wpguerssen-test.odoo.rgbconsulting.com\/es\/?s={search_term_string}\"},\"query-input\":{\"@type\":\"PropertyValueSpecification\",\"valueRequired\":true,\"valueName\":\"search_term_string\"}}],\"inLanguage\":\"es\"},{\"@type\":\"Organization\",\"@id\":\"https:\/\/wpguerssen-test.odoo.rgbconsulting.com\/es\/#organization\",\"name\":\"Guerssen records\",\"url\":\"https:\/\/wpguerssen-test.odoo.rgbconsulting.com\/es\/\",\"logo\":{\"@type\":\"ImageObject\",\"inLanguage\":\"es\",\"@id\":\"https:\/\/wpguerssen-test.odoo.rgbconsulting.com\/es\/#\/schema\/logo\/image\/\",\"url\":\"https:\/\/wpguerssen-test.odoo.rgbconsulting.com\/wp-content\/uploads\/2022\/04\/Logo_Guerssen_trans_100.png\",\"contentUrl\":\"https:\/\/wpguerssen-test.odoo.rgbconsulting.com\/wp-content\/uploads\/2022\/04\/Logo_Guerssen_trans_100.png\",\"width\":122,\"height\":100,\"caption\":\"Guerssen records\"},\"image\":{\"@id\":\"https:\/\/wpguerssen-test.odoo.rgbconsulting.com\/es\/#\/schema\/logo\/image\/\"}}]}<\/script>\n<!-- \/ Yoast SEO plugin. -->","yoast_head_json":{"title":"VARIOUS ARTISTS - Diggin' down Argentina Vol. 2 -  (LP) | Guerssen","description":"When the first volume of \"Diggin' Down Argentina\" was released a couple years back, it was a major revelation for many people: it was like finding a secret door to a bizarre, unknown universe full of weird bands playing some of the most crude garage, freakbeat and psychedelia you could ever hear. #nl# This second volume unleash to the world another amazing selection of obscure tracks compiled here for the first time. This is a real \"all killers, no fillers\" comp! Dig the monster freakbeat-fuzz sound of Mel Williams ; garage-soul mod dancers by Los Tios Queridos, Trio Galleta and Tonelada ; hard-psych by Caballo Vapor, Brujos, Bosques, Formaci\u00f3n 2000, Crema... ; exotic acid-psych by Kon-Tiki ; raw psychedelic garage by Provos, a fuzzed-out cover of Love's \"Stand Out\" by Alta Tensi\u00f3n...and more. #nl# All tracks taken from obscure 45s and LPs, most of them released in tiny quantities at the time. #nl# Perfect remastered sound, nice colour sleeve and insert with rare pictures and detailed liner notes in English. #nl# TRACKLISTING: SIDE 1: 01. MEL WILLIAMS - Mr. Baker (1970) 02. BOSQUES - La Casa Que Un Dia (1970) 03. TRIO GALLETA - Te Vere En La Esquina (1971) 04. PACIFIC BAND - Sally Row (1971) 05. BRUJOS - Desesperacion (1970) 06. ALTA TENSION -Sobresaliente (Stand Out) (1970) 07. KON-TIKI - Recorrido Sin Final (1976) #nl# SIDE 2: 01. CABALLO VAPOR - Ilusion De Libertad (1974) 02. JUMBO - Todo Con Eso (1970) 03. PROVOS - Eva (1970) 04. TONELADA - Amor En Nuestras Almas (Love In Our Soul) (1972) 05. CREMA - Loco, Loco (Crazy, Crazy) (1973) 06. FORMACION 2000 - Noche Ciega (Blind Night) (1970) 07. LOS TIOS QUERIDOS - Extiendete Que Me Encontraras (Reach Out I'll Be There) (1967)","robots":{"index":"index","follow":"follow","max-snippet":"max-snippet:-1","max-image-preview":"max-image-preview:large","max-video-preview":"max-video-preview:-1"},"canonical":"https:\/\/wpguerssen-test.odoo.rgbconsulting.com\/es\/producto\/diggin-down-argentina-vol-2\/","og_locale":"es_ES","og_type":"article","og_title":"VARIOUS ARTISTS - Diggin' down Argentina Vol. 2 -  (LP) | Guerssen","og_description":"When the first volume of \"Diggin' Down Argentina\" was released a couple years back, it was a major revelation for many people: it was like finding a secret door to a bizarre, unknown universe full of weird bands playing some of the most crude garage, freakbeat and psychedelia you could ever hear. #nl# This second volume unleash to the world another amazing selection of obscure tracks compiled here for the first time. This is a real \"all killers, no fillers\" comp! Dig the monster freakbeat-fuzz sound of Mel Williams ; garage-soul mod dancers by Los Tios Queridos, Trio Galleta and Tonelada ; hard-psych by Caballo Vapor, Brujos, Bosques, Formaci\u00f3n 2000, Crema... ; exotic acid-psych by Kon-Tiki ; raw psychedelic garage by Provos, a fuzzed-out cover of Love's \"Stand Out\" by Alta Tensi\u00f3n...and more. #nl# All tracks taken from obscure 45s and LPs, most of them released in tiny quantities at the time. #nl# Perfect remastered sound, nice colour sleeve and insert with rare pictures and detailed liner notes in English. #nl# TRACKLISTING: SIDE 1: 01. MEL WILLIAMS - Mr. Baker (1970) 02. BOSQUES - La Casa Que Un Dia (1970) 03. TRIO GALLETA - Te Vere En La Esquina (1971) 04. PACIFIC BAND - Sally Row (1971) 05. BRUJOS - Desesperacion (1970) 06. ALTA TENSION -Sobresaliente (Stand Out) (1970) 07. KON-TIKI - Recorrido Sin Final (1976) #nl# SIDE 2: 01. CABALLO VAPOR - Ilusion De Libertad (1974) 02. JUMBO - Todo Con Eso (1970) 03. PROVOS - Eva (1970) 04. TONELADA - Amor En Nuestras Almas (Love In Our Soul) (1972) 05. CREMA - Loco, Loco (Crazy, Crazy) (1973) 06. FORMACION 2000 - Noche Ciega (Blind Night) (1970) 07. LOS TIOS QUERIDOS - Extiendete Que Me Encontraras (Reach Out I'll Be There) (1967)","og_url":"https:\/\/wpguerssen-test.odoo.rgbconsulting.com\/es\/producto\/diggin-down-argentina-vol-2\/","og_site_name":"Guerssen records","article_modified_time":"2024-12-11T16:21:43+00:00","twitter_card":"summary_large_image","twitter_title":"VARIOUS ARTISTS - Diggin' down Argentina Vol. 2 -  (LP) | Guerssen","twitter_misc":{"Tiempo de lectura":"1 minuto"},"schema":{"@context":"https:\/\/schema.org","@graph":[{"@type":"WebPage","@id":"https:\/\/wpguerssen-test.odoo.rgbconsulting.com\/es\/producto\/diggin-down-argentina-vol-2\/","url":"https:\/\/wpguerssen-test.odoo.rgbconsulting.com\/es\/producto\/diggin-down-argentina-vol-2\/","name":"VARIOUS ARTISTS - Diggin' down Argentina Vol. 2 - (LP) | Guerssen","isPartOf":{"@id":"https:\/\/wpguerssen-test.odoo.rgbconsulting.com\/es\/#website"},"primaryImageOfPage":{"@id":"https:\/\/wpguerssen-test.odoo.rgbconsulting.com\/es\/producto\/diggin-down-argentina-vol-2\/#primaryimage"},"image":{"@id":"https:\/\/wpguerssen-test.odoo.rgbconsulting.com\/es\/producto\/diggin-down-argentina-vol-2\/#primaryimage"},"thumbnailUrl":"https:\/\/wpguerssen-test.odoo.rgbconsulting.com\/wp-content\/uploads\/2022\/03\/13420.jpg","datePublished":"2012-05-29T22:00:00+00:00","dateModified":"2024-12-11T16:21:43+00:00","description":"When the first volume of \"Diggin' Down Argentina\" was released a couple years back, it was a major revelation for many people: it was like finding a secret door to a bizarre, unknown universe full of weird bands playing some of the most crude garage, freakbeat and psychedelia you could ever hear. #nl# This second volume unleash to the world another amazing selection of obscure tracks compiled here for the first time. This is a real \"all killers, no fillers\" comp! Dig the monster freakbeat-fuzz sound of Mel Williams ; garage-soul mod dancers by Los Tios Queridos, Trio Galleta and Tonelada ; hard-psych by Caballo Vapor, Brujos, Bosques, Formaci\u00f3n 2000, Crema... ; exotic acid-psych by Kon-Tiki ; raw psychedelic garage by Provos, a fuzzed-out cover of Love's \"Stand Out\" by Alta Tensi\u00f3n...and more. #nl# All tracks taken from obscure 45s and LPs, most of them released in tiny quantities at the time. #nl# Perfect remastered sound, nice colour sleeve and insert with rare pictures and detailed liner notes in English. #nl# TRACKLISTING: SIDE 1: 01. MEL WILLIAMS - Mr. Baker (1970) 02. BOSQUES - La Casa Que Un Dia (1970) 03. TRIO GALLETA - Te Vere En La Esquina (1971) 04. PACIFIC BAND - Sally Row (1971) 05. BRUJOS - Desesperacion (1970) 06. ALTA TENSION -Sobresaliente (Stand Out) (1970) 07. KON-TIKI - Recorrido Sin Final (1976) #nl# SIDE 2: 01. CABALLO VAPOR - Ilusion De Libertad (1974) 02. JUMBO - Todo Con Eso (1970) 03. PROVOS - Eva (1970) 04. TONELADA - Amor En Nuestras Almas (Love In Our Soul) (1972) 05. CREMA - Loco, Loco (Crazy, Crazy) (1973) 06. FORMACION 2000 - Noche Ciega (Blind Night) (1970) 07. LOS TIOS QUERIDOS - Extiendete Que Me Encontraras (Reach Out I'll Be There) (1967)","breadcrumb":{"@id":"https:\/\/wpguerssen-test.odoo.rgbconsulting.com\/es\/producto\/diggin-down-argentina-vol-2\/#breadcrumb"},"inLanguage":"es","potentialAction":[{"@type":"ReadAction","target":["https:\/\/wpguerssen-test.odoo.rgbconsulting.com\/es\/producto\/diggin-down-argentina-vol-2\/"]}]},{"@type":"ImageObject","inLanguage":"es","@id":"https:\/\/wpguerssen-test.odoo.rgbconsulting.com\/es\/producto\/diggin-down-argentina-vol-2\/#primaryimage","url":"https:\/\/wpguerssen-test.odoo.rgbconsulting.com\/wp-content\/uploads\/2022\/03\/13420.jpg","contentUrl":"https:\/\/wpguerssen-test.odoo.rgbconsulting.com\/wp-content\/uploads\/2022\/03\/13420.jpg","width":566,"height":566,"caption":"VARIOUS ARTISTS - Diggin' down Argentina Vol. 2 - CREMA (LP) | Guerssen"},{"@type":"BreadcrumbList","@id":"https:\/\/wpguerssen-test.odoo.rgbconsulting.com\/es\/producto\/diggin-down-argentina-vol-2\/#breadcrumb","itemListElement":[{"@type":"ListItem","position":1,"name":"Inicio","item":"https:\/\/wpguerssen-test.odoo.rgbconsulting.com\/es\/"},{"@type":"ListItem","position":2,"name":"Shop","item":"https:\/\/wpguerssen-test.odoo.rgbconsulting.com\/shop\/"},{"@type":"ListItem","position":3,"name":"Diggin&#8217; down Argentina Vol. 2"}]},{"@type":"WebSite","@id":"https:\/\/wpguerssen-test.odoo.rgbconsulting.com\/es\/#website","url":"https:\/\/wpguerssen-test.odoo.rgbconsulting.com\/es\/","name":"Guerssen records","description":"psychedelia - progressive - folk - garage ","publisher":{"@id":"https:\/\/wpguerssen-test.odoo.rgbconsulting.com\/es\/#organization"},"potentialAction":[{"@type":"SearchAction","target":{"@type":"EntryPoint","urlTemplate":"https:\/\/wpguerssen-test.odoo.rgbconsulting.com\/es\/?s={search_term_string}"},"query-input":{"@type":"PropertyValueSpecification","valueRequired":true,"valueName":"search_term_string"}}],"inLanguage":"es"},{"@type":"Organization","@id":"https:\/\/wpguerssen-test.odoo.rgbconsulting.com\/es\/#organization","name":"Guerssen records","url":"https:\/\/wpguerssen-test.odoo.rgbconsulting.com\/es\/","logo":{"@type":"ImageObject","inLanguage":"es","@id":"https:\/\/wpguerssen-test.odoo.rgbconsulting.com\/es\/#\/schema\/logo\/image\/","url":"https:\/\/wpguerssen-test.odoo.rgbconsulting.com\/wp-content\/uploads\/2022\/04\/Logo_Guerssen_trans_100.png","contentUrl":"https:\/\/wpguerssen-test.odoo.rgbconsulting.com\/wp-content\/uploads\/2022\/04\/Logo_Guerssen_trans_100.png","width":122,"height":100,"caption":"Guerssen records"},"image":{"@id":"https:\/\/wpguerssen-test.odoo.rgbconsulting.com\/es\/#\/schema\/logo\/image\/"}}]}},"_links":{"self":[{"href":"https:\/\/wpguerssen-test.odoo.rgbconsulting.com\/es\/wp-json\/wp\/v2\/product\/178169","targetHints":{"allow":["GET"]}}],"collection":[{"href":"https:\/\/wpguerssen-test.odoo.rgbconsulting.com\/es\/wp-json\/wp\/v2\/product"}],"about":[{"href":"https:\/\/wpguerssen-test.odoo.rgbconsulting.com\/es\/wp-json\/wp\/v2\/types\/product"}],"wp:featuredmedia":[{"embeddable":true,"href":"https:\/\/wpguerssen-test.odoo.rgbconsulting.com\/es\/wp-json\/wp\/v2\/media\/113506"}],"wp:attachment":[{"href":"https:\/\/wpguerssen-test.odoo.rgbconsulting.com\/es\/wp-json\/wp\/v2\/media?parent=178169"}],"wp:term":[{"taxonomy":"product_brand","embeddable":true,"href":"https:\/\/wpguerssen-test.odoo.rgbconsulting.com\/es\/wp-json\/wp\/v2\/product_brand?post=178169"},{"taxonomy":"product_cat","embeddable":true,"href":"https:\/\/wpguerssen-test.odoo.rgbconsulting.com\/es\/wp-json\/wp\/v2\/product_cat?post=178169"},{"taxonomy":"product_tag","embeddable":true,"href":"https:\/\/wpguerssen-test.odoo.rgbconsulting.com\/es\/wp-json\/wp\/v2\/product_tag?post=178169"}],"curies":[{"name":"wp","href":"https:\/\/api.w.org\/{rel}","templated":true}]}}