{"id":178177,"date":"2012-06-22T00:00:00","date_gmt":"2012-06-21T22:00:00","guid":{"rendered":"http:\/\/guerssen.hl1097.dinaserver.com\/product\/i-lost-my-mind\/"},"modified":"2025-04-22T15:45:21","modified_gmt":"2025-04-22T13:45:21","slug":"i-lost-my-mind","status":"publish","type":"product","link":"https:\/\/wpguerssen-test.odoo.rgbconsulting.com\/es\/producto\/i-lost-my-mind\/","title":{"rendered":"I lost my mind"},"content":{"rendered":"<p>En \u00abI Lost My Mind\u00bb  encontrar\u00e1s lo raro de lo raro, el underground del underground !! <\/p>\n<p> Trece temas de grupos espa\u00f1oles grabados entre 1971 y 1977, rescatados de oscuros singles editados en peque\u00f1os sellos o de forma promocional, LPs que no llegaron a distribuirse y cintas in\u00e9ditas. <\/p>\n<p> Psicodelia, garage, hard-rock, proto-progresivo, funk psicod\u00e9lico&#8230;todo ali\u00f1ado con buenas dosis de fuzz, Hammond y wah-wah. <\/p>\n<p> Se incluyen aut\u00e9nticas rarezas como \u00abEsc\u00fachame\u00bb de Atardecer, probablemente el mejor y m\u00e1s raro single de garage 70s jam\u00e1s grabado aqu\u00ed ;  El hasta ahora desconocido single de Iron Horse, una aut\u00e9ntica barbaridad progresiva repleta de fuzz ; Oscuros grupos procedentes de Canarias y Baleares como Grupo Vida, Snake y Los Demar ; Fuzz-funk \/ Hammond groove por The Ten Tops ; Rock psicod\u00e9lico a lo Evolution por N\u00facleos, de su raro single promocional ; Impresionante hard-rock por Indiana, extra\u00eddo del imposible LP recopilatorio \u00abNi lo uno ni lo otro&#8230;\u00bb cuya tirada fue destruida ; Demos in\u00e9ditas de Polmagenti (el organista de Bruno Lomas en plan progresivo-sat\u00e1nico!) y Els Talps, con un instrumental con el pedal de fuzz a todo trapo ; Los Grecos y su ex\u00f3tico sonido flamenco-freakbeat ; Primitiva psicodelia proto-punk por los misterioros Vibraci\u00f3n&#8230;y m\u00e1s. <\/p>\n<p> Sonido cuidadosamente remasterizado profesionalmente, insert a color con raras fotos y detalladas notas. Limitado a 600 copias <\/p>\n<p> 1. IRON HORSE &#8211; If you go away ( 1976 )   2. ATARDECER &#8211; Esc\u00fachame ( 1974 )   3. LOS GRECOS &#8211; Ante el altar ( 1974 )   4. SNAKE &#8211; V\u00edbora ( 1977 )   5. LOS DE MAR &#8211; Oye como va ( 1973 )   6. THE TEN TOPS &#8211; Margarina ( 1973) <\/p>\n<p> SIDE B: 1. N\u00daCLEOS &#8211; Un mundo maravilloso ( 1971 )   2. PI\u00d1ONATE &#8211; Abertura ( 1973 )   3. GRUPO VIDA &#8211; Ambici\u00f3n ( 1972 )   4. ELS TALPS &#8211; Som-hi ( 1970 )   5. VIBRACI\u00d3N &#8211; Conc\u00e9ntrate ( 1972 )   6. POLMAGENTI &#8211; Reino oscuro de Satan\u00e1s ( 197? )   7. INDIANA &#8211; Centuria ( 1977 )<\/p>\n","protected":false},"excerpt":{"rendered":"<p>En \u00abI Lost My Mind\u00bb  encontrar\u00e1s lo raro de lo raro, el underground del underground !! <\/p>\n<p>\u00a0<\/p>\n<p> Trece temas de grupos espa\u00f1oles grabados entre 1971 y<a class=\"read\" href=\"https:\/\/wpguerssen-test.odoo.rgbconsulting.com\/es\/producto\/i-lost-my-mind\/\"> (...)<\/a>","protected":false},"featured_media":113538,"template":"","meta":{"_acf_changed":false},"product_brand":[],"product_cat":[21639],"product_tag":[],"class_list":{"0":"post-178177","1":"product","2":"type-product","3":"status-publish","4":"has-post-thumbnail","6":"product_cat-psychedelic60s-70s-es","7":"pa_artist-various-artists-es","8":"pa_format-lp-es","9":"pa_gender-psychedelic60s-70s","10":"pa_label-ahcid","11":"pa_location-spain-es","12":"pa_other-filters-vinyl-only-es","14":"first","15":"instock","16":"taxable","17":"shipping-taxable","18":"purchasable","19":"product-type-simple"},"acf":[],"yoast_head":"<!-- This site is optimized with the Yoast SEO plugin v24.9 - https:\/\/yoast.com\/wordpress\/plugins\/seo\/ -->\n<title>VARIOUS ARTISTS - I lost my mind -  (LP) | Guerssen<\/title>\n<meta name=\"description\" content=\"&quot;I Lost My Mind&quot; is dedicated to the rarest of the rarest...the underground of the underground!! Thirteen tracks from obscure Spanish bands recorded between 1971-1977, taken from obscure pressings, promo singles, non-distributed albums and unreleased tapes, compiled here for the first time. Psych-fuzz, late garage, crude hard-rock, proto-prog, psychedelic-funk... #nl# Including many monster rarities like Atardecer (the rarest Spanish 70s garage 45 ever), N\u00facleos ( psych-rock \u00e1 la Evolution, taken from a non-distributed promo 45), Los Grecos (exotic flamenco-psych), funk-psych \/ Hammond groove by exploito group Ten Tops, primitive basement fuzz-psych by Vibraci\u00f3n, powerful hard-rock by Indiana, taken from a monstruos rare withdrawn LP ; unreleased demo recordings by Polmagenti (dark\/satanic prog-psych) and Els Talps (instrumental fuzz-psych) ; unknown bands from the Canary and Balearic Islands like Snake,Grupo Vida and Los Demar...and more. Pro-remastered sound, colour insert with rare pictures and detailed liner notes in English \/ Spanish. #nl# Tracklisting: 1. IRON HORSE - If you go away ( 1976 ) 2. ATARDECER - Esc\u00fachame ( 1974 ) 3. LOS GRECOS - Ante el altar ( 1974 ) 4. SNAKE - V\u00edbora ( 1977 ) 5. LOS DE MAR - Oye como va ( 1973 ) 6. THE TEN TOPS - Margarina ( 1973) #nl# SIDE B: 1. N\u00daCLEOS - Un mundo maravilloso ( 1971 ) 2. PI\u00d1ONATE - Abertura ( 1973 ) 3. GRUPO VIDA - Ambici\u00f3n ( 1972 ) 4. ELS TALPS - Som-hi ( 1970 ) 5. VIBRACI\u00d3N - Conc\u00e9ntrate ( 1972 ) 6. POLMAGENTI - Reino oscuro de Satan\u00e1s ( 197? ) 7. INDIANA - Centuria ( 1977 )\" \/>\n<meta name=\"robots\" content=\"index, follow, max-snippet:-1, max-image-preview:large, max-video-preview:-1\" \/>\n<link rel=\"canonical\" href=\"https:\/\/wpguerssen-test.odoo.rgbconsulting.com\/es\/producto\/i-lost-my-mind\/\" \/>\n<meta property=\"og:locale\" content=\"es_ES\" \/>\n<meta property=\"og:type\" content=\"article\" \/>\n<meta property=\"og:title\" content=\"VARIOUS ARTISTS - I lost my mind -  (LP) | Guerssen\" \/>\n<meta property=\"og:description\" content=\"&quot;I Lost My Mind&quot; is dedicated to the rarest of the rarest...the underground of the underground!! Thirteen tracks from obscure Spanish bands recorded between 1971-1977, taken from obscure pressings, promo singles, non-distributed albums and unreleased tapes, compiled here for the first time. Psych-fuzz, late garage, crude hard-rock, proto-prog, psychedelic-funk... #nl# Including many monster rarities like Atardecer (the rarest Spanish 70s garage 45 ever), N\u00facleos ( psych-rock \u00e1 la Evolution, taken from a non-distributed promo 45), Los Grecos (exotic flamenco-psych), funk-psych \/ Hammond groove by exploito group Ten Tops, primitive basement fuzz-psych by Vibraci\u00f3n, powerful hard-rock by Indiana, taken from a monstruos rare withdrawn LP ; unreleased demo recordings by Polmagenti (dark\/satanic prog-psych) and Els Talps (instrumental fuzz-psych) ; unknown bands from the Canary and Balearic Islands like Snake,Grupo Vida and Los Demar...and more. Pro-remastered sound, colour insert with rare pictures and detailed liner notes in English \/ Spanish. #nl# Tracklisting: 1. IRON HORSE - If you go away ( 1976 ) 2. ATARDECER - Esc\u00fachame ( 1974 ) 3. LOS GRECOS - Ante el altar ( 1974 ) 4. SNAKE - V\u00edbora ( 1977 ) 5. LOS DE MAR - Oye como va ( 1973 ) 6. THE TEN TOPS - Margarina ( 1973) #nl# SIDE B: 1. N\u00daCLEOS - Un mundo maravilloso ( 1971 ) 2. PI\u00d1ONATE - Abertura ( 1973 ) 3. GRUPO VIDA - Ambici\u00f3n ( 1972 ) 4. ELS TALPS - Som-hi ( 1970 ) 5. VIBRACI\u00d3N - Conc\u00e9ntrate ( 1972 ) 6. POLMAGENTI - Reino oscuro de Satan\u00e1s ( 197? ) 7. INDIANA - Centuria ( 1977 )\" \/>\n<meta property=\"og:url\" content=\"https:\/\/wpguerssen-test.odoo.rgbconsulting.com\/es\/producto\/i-lost-my-mind\/\" \/>\n<meta property=\"og:site_name\" content=\"Guerssen records\" \/>\n<meta property=\"article:modified_time\" content=\"2025-04-22T13:45:21+00:00\" \/>\n<meta name=\"twitter:card\" content=\"summary_large_image\" \/>\n<meta name=\"twitter:title\" content=\"VARIOUS ARTISTS - I lost my mind -  (LP) | Guerssen\" \/>\n<meta name=\"twitter:label1\" content=\"Tiempo de lectura\" \/>\n\t<meta name=\"twitter:data1\" content=\"1 minuto\" \/>\n<script type=\"application\/ld+json\" class=\"yoast-schema-graph\">{\"@context\":\"https:\/\/schema.org\",\"@graph\":[{\"@type\":\"WebPage\",\"@id\":\"https:\/\/wpguerssen-test.odoo.rgbconsulting.com\/es\/producto\/i-lost-my-mind\/\",\"url\":\"https:\/\/wpguerssen-test.odoo.rgbconsulting.com\/es\/producto\/i-lost-my-mind\/\",\"name\":\"VARIOUS ARTISTS - I lost my mind - (LP) | Guerssen\",\"isPartOf\":{\"@id\":\"https:\/\/wpguerssen-test.odoo.rgbconsulting.com\/es\/#website\"},\"primaryImageOfPage\":{\"@id\":\"https:\/\/wpguerssen-test.odoo.rgbconsulting.com\/es\/producto\/i-lost-my-mind\/#primaryimage\"},\"image\":{\"@id\":\"https:\/\/wpguerssen-test.odoo.rgbconsulting.com\/es\/producto\/i-lost-my-mind\/#primaryimage\"},\"thumbnailUrl\":\"https:\/\/wpguerssen-test.odoo.rgbconsulting.com\/wp-content\/uploads\/2022\/03\/13445.jpg\",\"datePublished\":\"2012-06-21T22:00:00+00:00\",\"dateModified\":\"2025-04-22T13:45:21+00:00\",\"description\":\"\\\"I Lost My Mind\\\" is dedicated to the rarest of the rarest...the underground of the underground!! Thirteen tracks from obscure Spanish bands recorded between 1971-1977, taken from obscure pressings, promo singles, non-distributed albums and unreleased tapes, compiled here for the first time. Psych-fuzz, late garage, crude hard-rock, proto-prog, psychedelic-funk... #nl# Including many monster rarities like Atardecer (the rarest Spanish 70s garage 45 ever), N\u00facleos ( psych-rock \u00e1 la Evolution, taken from a non-distributed promo 45), Los Grecos (exotic flamenco-psych), funk-psych \/ Hammond groove by exploito group Ten Tops, primitive basement fuzz-psych by Vibraci\u00f3n, powerful hard-rock by Indiana, taken from a monstruos rare withdrawn LP ; unreleased demo recordings by Polmagenti (dark\/satanic prog-psych) and Els Talps (instrumental fuzz-psych) ; unknown bands from the Canary and Balearic Islands like Snake,Grupo Vida and Los Demar...and more. Pro-remastered sound, colour insert with rare pictures and detailed liner notes in English \/ Spanish. #nl# Tracklisting: 1. IRON HORSE - If you go away ( 1976 ) 2. ATARDECER - Esc\u00fachame ( 1974 ) 3. LOS GRECOS - Ante el altar ( 1974 ) 4. SNAKE - V\u00edbora ( 1977 ) 5. LOS DE MAR - Oye como va ( 1973 ) 6. THE TEN TOPS - Margarina ( 1973) #nl# SIDE B: 1. N\u00daCLEOS - Un mundo maravilloso ( 1971 ) 2. PI\u00d1ONATE - Abertura ( 1973 ) 3. GRUPO VIDA - Ambici\u00f3n ( 1972 ) 4. ELS TALPS - Som-hi ( 1970 ) 5. VIBRACI\u00d3N - Conc\u00e9ntrate ( 1972 ) 6. POLMAGENTI - Reino oscuro de Satan\u00e1s ( 197? ) 7. INDIANA - Centuria ( 1977 )\",\"breadcrumb\":{\"@id\":\"https:\/\/wpguerssen-test.odoo.rgbconsulting.com\/es\/producto\/i-lost-my-mind\/#breadcrumb\"},\"inLanguage\":\"es\",\"potentialAction\":[{\"@type\":\"ReadAction\",\"target\":[\"https:\/\/wpguerssen-test.odoo.rgbconsulting.com\/es\/producto\/i-lost-my-mind\/\"]}]},{\"@type\":\"ImageObject\",\"inLanguage\":\"es\",\"@id\":\"https:\/\/wpguerssen-test.odoo.rgbconsulting.com\/es\/producto\/i-lost-my-mind\/#primaryimage\",\"url\":\"https:\/\/wpguerssen-test.odoo.rgbconsulting.com\/wp-content\/uploads\/2022\/03\/13445.jpg\",\"contentUrl\":\"https:\/\/wpguerssen-test.odoo.rgbconsulting.com\/wp-content\/uploads\/2022\/03\/13445.jpg\",\"width\":500,\"height\":500,\"caption\":\"VARIOUS ARTISTS - I lost my mind - AHCID (LP) | Guerssen\"},{\"@type\":\"BreadcrumbList\",\"@id\":\"https:\/\/wpguerssen-test.odoo.rgbconsulting.com\/es\/producto\/i-lost-my-mind\/#breadcrumb\",\"itemListElement\":[{\"@type\":\"ListItem\",\"position\":1,\"name\":\"Inicio\",\"item\":\"https:\/\/wpguerssen-test.odoo.rgbconsulting.com\/es\/\"},{\"@type\":\"ListItem\",\"position\":2,\"name\":\"Shop\",\"item\":\"https:\/\/wpguerssen-test.odoo.rgbconsulting.com\/shop\/\"},{\"@type\":\"ListItem\",\"position\":3,\"name\":\"I lost my mind\"}]},{\"@type\":\"WebSite\",\"@id\":\"https:\/\/wpguerssen-test.odoo.rgbconsulting.com\/es\/#website\",\"url\":\"https:\/\/wpguerssen-test.odoo.rgbconsulting.com\/es\/\",\"name\":\"Guerssen records\",\"description\":\"psychedelia - progressive - folk - garage \",\"publisher\":{\"@id\":\"https:\/\/wpguerssen-test.odoo.rgbconsulting.com\/es\/#organization\"},\"potentialAction\":[{\"@type\":\"SearchAction\",\"target\":{\"@type\":\"EntryPoint\",\"urlTemplate\":\"https:\/\/wpguerssen-test.odoo.rgbconsulting.com\/es\/?s={search_term_string}\"},\"query-input\":{\"@type\":\"PropertyValueSpecification\",\"valueRequired\":true,\"valueName\":\"search_term_string\"}}],\"inLanguage\":\"es\"},{\"@type\":\"Organization\",\"@id\":\"https:\/\/wpguerssen-test.odoo.rgbconsulting.com\/es\/#organization\",\"name\":\"Guerssen records\",\"url\":\"https:\/\/wpguerssen-test.odoo.rgbconsulting.com\/es\/\",\"logo\":{\"@type\":\"ImageObject\",\"inLanguage\":\"es\",\"@id\":\"https:\/\/wpguerssen-test.odoo.rgbconsulting.com\/es\/#\/schema\/logo\/image\/\",\"url\":\"https:\/\/wpguerssen-test.odoo.rgbconsulting.com\/wp-content\/uploads\/2022\/04\/Logo_Guerssen_trans_100.png\",\"contentUrl\":\"https:\/\/wpguerssen-test.odoo.rgbconsulting.com\/wp-content\/uploads\/2022\/04\/Logo_Guerssen_trans_100.png\",\"width\":122,\"height\":100,\"caption\":\"Guerssen records\"},\"image\":{\"@id\":\"https:\/\/wpguerssen-test.odoo.rgbconsulting.com\/es\/#\/schema\/logo\/image\/\"}}]}<\/script>\n<!-- \/ Yoast SEO plugin. -->","yoast_head_json":{"title":"VARIOUS ARTISTS - I lost my mind -  (LP) | Guerssen","description":"\"I Lost My Mind\" is dedicated to the rarest of the rarest...the underground of the underground!! Thirteen tracks from obscure Spanish bands recorded between 1971-1977, taken from obscure pressings, promo singles, non-distributed albums and unreleased tapes, compiled here for the first time. Psych-fuzz, late garage, crude hard-rock, proto-prog, psychedelic-funk... #nl# Including many monster rarities like Atardecer (the rarest Spanish 70s garage 45 ever), N\u00facleos ( psych-rock \u00e1 la Evolution, taken from a non-distributed promo 45), Los Grecos (exotic flamenco-psych), funk-psych \/ Hammond groove by exploito group Ten Tops, primitive basement fuzz-psych by Vibraci\u00f3n, powerful hard-rock by Indiana, taken from a monstruos rare withdrawn LP ; unreleased demo recordings by Polmagenti (dark\/satanic prog-psych) and Els Talps (instrumental fuzz-psych) ; unknown bands from the Canary and Balearic Islands like Snake,Grupo Vida and Los Demar...and more. Pro-remastered sound, colour insert with rare pictures and detailed liner notes in English \/ Spanish. #nl# Tracklisting: 1. IRON HORSE - If you go away ( 1976 ) 2. ATARDECER - Esc\u00fachame ( 1974 ) 3. LOS GRECOS - Ante el altar ( 1974 ) 4. SNAKE - V\u00edbora ( 1977 ) 5. LOS DE MAR - Oye como va ( 1973 ) 6. THE TEN TOPS - Margarina ( 1973) #nl# SIDE B: 1. N\u00daCLEOS - Un mundo maravilloso ( 1971 ) 2. PI\u00d1ONATE - Abertura ( 1973 ) 3. GRUPO VIDA - Ambici\u00f3n ( 1972 ) 4. ELS TALPS - Som-hi ( 1970 ) 5. VIBRACI\u00d3N - Conc\u00e9ntrate ( 1972 ) 6. POLMAGENTI - Reino oscuro de Satan\u00e1s ( 197? ) 7. INDIANA - Centuria ( 1977 )","robots":{"index":"index","follow":"follow","max-snippet":"max-snippet:-1","max-image-preview":"max-image-preview:large","max-video-preview":"max-video-preview:-1"},"canonical":"https:\/\/wpguerssen-test.odoo.rgbconsulting.com\/es\/producto\/i-lost-my-mind\/","og_locale":"es_ES","og_type":"article","og_title":"VARIOUS ARTISTS - I lost my mind -  (LP) | Guerssen","og_description":"\"I Lost My Mind\" is dedicated to the rarest of the rarest...the underground of the underground!! Thirteen tracks from obscure Spanish bands recorded between 1971-1977, taken from obscure pressings, promo singles, non-distributed albums and unreleased tapes, compiled here for the first time. Psych-fuzz, late garage, crude hard-rock, proto-prog, psychedelic-funk... #nl# Including many monster rarities like Atardecer (the rarest Spanish 70s garage 45 ever), N\u00facleos ( psych-rock \u00e1 la Evolution, taken from a non-distributed promo 45), Los Grecos (exotic flamenco-psych), funk-psych \/ Hammond groove by exploito group Ten Tops, primitive basement fuzz-psych by Vibraci\u00f3n, powerful hard-rock by Indiana, taken from a monstruos rare withdrawn LP ; unreleased demo recordings by Polmagenti (dark\/satanic prog-psych) and Els Talps (instrumental fuzz-psych) ; unknown bands from the Canary and Balearic Islands like Snake,Grupo Vida and Los Demar...and more. Pro-remastered sound, colour insert with rare pictures and detailed liner notes in English \/ Spanish. #nl# Tracklisting: 1. IRON HORSE - If you go away ( 1976 ) 2. ATARDECER - Esc\u00fachame ( 1974 ) 3. LOS GRECOS - Ante el altar ( 1974 ) 4. SNAKE - V\u00edbora ( 1977 ) 5. LOS DE MAR - Oye como va ( 1973 ) 6. THE TEN TOPS - Margarina ( 1973) #nl# SIDE B: 1. N\u00daCLEOS - Un mundo maravilloso ( 1971 ) 2. PI\u00d1ONATE - Abertura ( 1973 ) 3. GRUPO VIDA - Ambici\u00f3n ( 1972 ) 4. ELS TALPS - Som-hi ( 1970 ) 5. VIBRACI\u00d3N - Conc\u00e9ntrate ( 1972 ) 6. POLMAGENTI - Reino oscuro de Satan\u00e1s ( 197? ) 7. INDIANA - Centuria ( 1977 )","og_url":"https:\/\/wpguerssen-test.odoo.rgbconsulting.com\/es\/producto\/i-lost-my-mind\/","og_site_name":"Guerssen records","article_modified_time":"2025-04-22T13:45:21+00:00","twitter_card":"summary_large_image","twitter_title":"VARIOUS ARTISTS - I lost my mind -  (LP) | Guerssen","twitter_misc":{"Tiempo de lectura":"1 minuto"},"schema":{"@context":"https:\/\/schema.org","@graph":[{"@type":"WebPage","@id":"https:\/\/wpguerssen-test.odoo.rgbconsulting.com\/es\/producto\/i-lost-my-mind\/","url":"https:\/\/wpguerssen-test.odoo.rgbconsulting.com\/es\/producto\/i-lost-my-mind\/","name":"VARIOUS ARTISTS - I lost my mind - (LP) | Guerssen","isPartOf":{"@id":"https:\/\/wpguerssen-test.odoo.rgbconsulting.com\/es\/#website"},"primaryImageOfPage":{"@id":"https:\/\/wpguerssen-test.odoo.rgbconsulting.com\/es\/producto\/i-lost-my-mind\/#primaryimage"},"image":{"@id":"https:\/\/wpguerssen-test.odoo.rgbconsulting.com\/es\/producto\/i-lost-my-mind\/#primaryimage"},"thumbnailUrl":"https:\/\/wpguerssen-test.odoo.rgbconsulting.com\/wp-content\/uploads\/2022\/03\/13445.jpg","datePublished":"2012-06-21T22:00:00+00:00","dateModified":"2025-04-22T13:45:21+00:00","description":"\"I Lost My Mind\" is dedicated to the rarest of the rarest...the underground of the underground!! Thirteen tracks from obscure Spanish bands recorded between 1971-1977, taken from obscure pressings, promo singles, non-distributed albums and unreleased tapes, compiled here for the first time. Psych-fuzz, late garage, crude hard-rock, proto-prog, psychedelic-funk... #nl# Including many monster rarities like Atardecer (the rarest Spanish 70s garage 45 ever), N\u00facleos ( psych-rock \u00e1 la Evolution, taken from a non-distributed promo 45), Los Grecos (exotic flamenco-psych), funk-psych \/ Hammond groove by exploito group Ten Tops, primitive basement fuzz-psych by Vibraci\u00f3n, powerful hard-rock by Indiana, taken from a monstruos rare withdrawn LP ; unreleased demo recordings by Polmagenti (dark\/satanic prog-psych) and Els Talps (instrumental fuzz-psych) ; unknown bands from the Canary and Balearic Islands like Snake,Grupo Vida and Los Demar...and more. Pro-remastered sound, colour insert with rare pictures and detailed liner notes in English \/ Spanish. #nl# Tracklisting: 1. IRON HORSE - If you go away ( 1976 ) 2. ATARDECER - Esc\u00fachame ( 1974 ) 3. LOS GRECOS - Ante el altar ( 1974 ) 4. SNAKE - V\u00edbora ( 1977 ) 5. LOS DE MAR - Oye como va ( 1973 ) 6. THE TEN TOPS - Margarina ( 1973) #nl# SIDE B: 1. N\u00daCLEOS - Un mundo maravilloso ( 1971 ) 2. PI\u00d1ONATE - Abertura ( 1973 ) 3. GRUPO VIDA - Ambici\u00f3n ( 1972 ) 4. ELS TALPS - Som-hi ( 1970 ) 5. VIBRACI\u00d3N - Conc\u00e9ntrate ( 1972 ) 6. POLMAGENTI - Reino oscuro de Satan\u00e1s ( 197? ) 7. INDIANA - Centuria ( 1977 )","breadcrumb":{"@id":"https:\/\/wpguerssen-test.odoo.rgbconsulting.com\/es\/producto\/i-lost-my-mind\/#breadcrumb"},"inLanguage":"es","potentialAction":[{"@type":"ReadAction","target":["https:\/\/wpguerssen-test.odoo.rgbconsulting.com\/es\/producto\/i-lost-my-mind\/"]}]},{"@type":"ImageObject","inLanguage":"es","@id":"https:\/\/wpguerssen-test.odoo.rgbconsulting.com\/es\/producto\/i-lost-my-mind\/#primaryimage","url":"https:\/\/wpguerssen-test.odoo.rgbconsulting.com\/wp-content\/uploads\/2022\/03\/13445.jpg","contentUrl":"https:\/\/wpguerssen-test.odoo.rgbconsulting.com\/wp-content\/uploads\/2022\/03\/13445.jpg","width":500,"height":500,"caption":"VARIOUS ARTISTS - I lost my mind - AHCID (LP) | Guerssen"},{"@type":"BreadcrumbList","@id":"https:\/\/wpguerssen-test.odoo.rgbconsulting.com\/es\/producto\/i-lost-my-mind\/#breadcrumb","itemListElement":[{"@type":"ListItem","position":1,"name":"Inicio","item":"https:\/\/wpguerssen-test.odoo.rgbconsulting.com\/es\/"},{"@type":"ListItem","position":2,"name":"Shop","item":"https:\/\/wpguerssen-test.odoo.rgbconsulting.com\/shop\/"},{"@type":"ListItem","position":3,"name":"I lost my mind"}]},{"@type":"WebSite","@id":"https:\/\/wpguerssen-test.odoo.rgbconsulting.com\/es\/#website","url":"https:\/\/wpguerssen-test.odoo.rgbconsulting.com\/es\/","name":"Guerssen records","description":"psychedelia - progressive - folk - garage ","publisher":{"@id":"https:\/\/wpguerssen-test.odoo.rgbconsulting.com\/es\/#organization"},"potentialAction":[{"@type":"SearchAction","target":{"@type":"EntryPoint","urlTemplate":"https:\/\/wpguerssen-test.odoo.rgbconsulting.com\/es\/?s={search_term_string}"},"query-input":{"@type":"PropertyValueSpecification","valueRequired":true,"valueName":"search_term_string"}}],"inLanguage":"es"},{"@type":"Organization","@id":"https:\/\/wpguerssen-test.odoo.rgbconsulting.com\/es\/#organization","name":"Guerssen records","url":"https:\/\/wpguerssen-test.odoo.rgbconsulting.com\/es\/","logo":{"@type":"ImageObject","inLanguage":"es","@id":"https:\/\/wpguerssen-test.odoo.rgbconsulting.com\/es\/#\/schema\/logo\/image\/","url":"https:\/\/wpguerssen-test.odoo.rgbconsulting.com\/wp-content\/uploads\/2022\/04\/Logo_Guerssen_trans_100.png","contentUrl":"https:\/\/wpguerssen-test.odoo.rgbconsulting.com\/wp-content\/uploads\/2022\/04\/Logo_Guerssen_trans_100.png","width":122,"height":100,"caption":"Guerssen records"},"image":{"@id":"https:\/\/wpguerssen-test.odoo.rgbconsulting.com\/es\/#\/schema\/logo\/image\/"}}]}},"_links":{"self":[{"href":"https:\/\/wpguerssen-test.odoo.rgbconsulting.com\/es\/wp-json\/wp\/v2\/product\/178177","targetHints":{"allow":["GET"]}}],"collection":[{"href":"https:\/\/wpguerssen-test.odoo.rgbconsulting.com\/es\/wp-json\/wp\/v2\/product"}],"about":[{"href":"https:\/\/wpguerssen-test.odoo.rgbconsulting.com\/es\/wp-json\/wp\/v2\/types\/product"}],"wp:featuredmedia":[{"embeddable":true,"href":"https:\/\/wpguerssen-test.odoo.rgbconsulting.com\/es\/wp-json\/wp\/v2\/media\/113538"}],"wp:attachment":[{"href":"https:\/\/wpguerssen-test.odoo.rgbconsulting.com\/es\/wp-json\/wp\/v2\/media?parent=178177"}],"wp:term":[{"taxonomy":"product_brand","embeddable":true,"href":"https:\/\/wpguerssen-test.odoo.rgbconsulting.com\/es\/wp-json\/wp\/v2\/product_brand?post=178177"},{"taxonomy":"product_cat","embeddable":true,"href":"https:\/\/wpguerssen-test.odoo.rgbconsulting.com\/es\/wp-json\/wp\/v2\/product_cat?post=178177"},{"taxonomy":"product_tag","embeddable":true,"href":"https:\/\/wpguerssen-test.odoo.rgbconsulting.com\/es\/wp-json\/wp\/v2\/product_tag?post=178177"}],"curies":[{"name":"wp","href":"https:\/\/api.w.org\/{rel}","templated":true}]}}