{"id":178204,"date":"2012-10-23T00:00:00","date_gmt":"2012-10-22T22:00:00","guid":{"rendered":"http:\/\/guerssen.hl1097.dinaserver.com\/product\/shock-cd\/"},"modified":"2024-11-21T16:41:14","modified_gmt":"2024-11-21T15:41:14","slug":"shock-cd","status":"publish","type":"product","link":"https:\/\/wpguerssen-test.odoo.rgbconsulting.com\/es\/producto\/shock-cd\/","title":{"rendered":"Shock! (CD)"},"content":{"rendered":"<p>Estamos realmente emocionados de poder compartir el que es para nosotros el mayor descubrimiento dentro de la escena psicod\u00e9lica-progresiva espa\u00f1ola. Nada m\u00e1s y nada menos que un LP in\u00e9dito grabado en 1970 por el oscuro grupo madrile\u00f1o Shock. Hasta ahora, Shock eran todo un misterio. \u00danicamente editaron un single en la epoca (el tremendo acid-fuzz punker \u00abNo se puede ser Superman\u00bb) pero no se sab\u00eda nada sobre ellos&#8230;hasta que los localizamos y descubrimos que un a\u00f1o antes de editar su single, dejaron grabado un LP que nunca lleg\u00f3 a publicarse.<br \/>Shock practicaban garage-psicod\u00e9lico con prominente guitarra fuzz-wah, voz en ingl\u00e9s, efectos, bongos-precusiones&#8230;su sonido te podr\u00e1 recordar a grupos como Agua de Regaliz, los Pan&#038;Regaliz de los primeros singles, Cerebrum e inluso a oscuros grupos brasile\u00f1os como Tobruk pero con un aire m\u00e1s primitivo. Diez canciones incluyendo las versiones originales de los dos temas que luego se grabaron en su \u00fanico single:  \u00abNo se puede ser Superman\u00bb, que aqu\u00ed aparece cantada en ingl\u00e9s: \u00abI&#8217;m being mad\u00bb y una versi\u00f3n diferente y m\u00e1s larga de \u00abI want to laugh\u00bb, originalmente la cara B del single.<br \/>Sonido remasterizado de la cinta original de dos pistas (desgraciadamente, la cinta no se encontraba en perfectas condiciones pero el sonido es m\u00e1s que aceptable), libreto con detalladas notas y fotos.<br \/>Tracklist: I want to laugh &#8211; What&#8217;s your name &#8211; Mister Harris &#8211; I am blind &#8211; Every Sunday &#8211; Oh baby now I love you &#8211; Come here to dance &#8211; I&#8217;m getting free &#8211; There is a woman &#8211; I&#8217;m being mad<\/p>\n","protected":false},"excerpt":{"rendered":"<p>Estamos realmente emocionados de poder compartir el que es para nosotros el mayor descubrimiento dentro de la escena psicod\u00e9lica-progresiva espa\u00f1ola. Nada m\u00e1s y<a class=\"read\" href=\"https:\/\/wpguerssen-test.odoo.rgbconsulting.com\/es\/producto\/shock-cd\/\"> (...)<\/a>","protected":false},"featured_media":113628,"template":"","meta":{"_acf_changed":false},"product_brand":[],"product_cat":[21639,23215],"product_tag":[29138],"class_list":{"0":"post-178204","1":"product","2":"type-product","3":"status-publish","4":"has-post-thumbnail","6":"product_cat-psychedelic60s-70s-es","7":"product_cat-progressive60s-70s-es","8":"product_tag-cd-es","9":"pa_artist-shock-es","10":"pa_format-cd-2-es","11":"pa_gender-psychedelic60s-70s-progressive60s-70s","12":"pa_label-guerssen-es","13":"pa_location-spain-es","15":"first","16":"instock","17":"taxable","18":"shipping-taxable","19":"purchasable","20":"product-type-simple"},"acf":[],"yoast_head":"<!-- This site is optimized with the Yoast SEO plugin v24.9 - https:\/\/yoast.com\/wordpress\/plugins\/seo\/ -->\n<title>SHOCK - Shock! (CD) -  (CD) | Guerssen<\/title>\n<meta name=\"description\" content=\"We are very excited to present what it&#039;s for us the major discovery in the Spanish Psych-Prog collector scene: a previously unreleased album from 1970 by this obscure Spanish garage-psych band. Until now, Shock were a total mystery. They only released one 45 back at the time (the killer acid-fuzz punker &quot;No se puede ser Superman&quot;) and nothing was known about the band...until we tracked them down.We discovered that prior to their 45 release, they recorded a whole album which was never released. Shock&#039;s music is underground garage-psychedelia with crude acid-fuzz guitar, effects, English vocals...think of Agua de Regaliz, early Pan &amp; Regaliz, Cerebrum or even obscure Brazilian bands such as Tobruk but with a more primitive sound. The album features ten songs including the original versions of the two tracks later re-recorded for their only 45: &quot;No se puede ser Superman&quot; (titled here &quot;I&#039;m being mad&quot;, it&#039;s a different and superior English sung version) and &quot;I want to laugh&quot; (a longer version than the one included on the 45). Remastered from the original 2-track tape (which is unfortunately not in perfect condition, but more than good enough), insert with detailed liner notes in English \/ Spanish, 180gr vinyl. CD comes with colour booklet.Tracklist: I want to laugh - What&#039;s your name - Mister Harris - I am blind - Every Sunday - Oh baby now I love you - Come here to dance - I&#039;m getting free - There is a woman - I&#039;m being mad\" \/>\n<meta name=\"robots\" content=\"index, follow, max-snippet:-1, max-image-preview:large, max-video-preview:-1\" \/>\n<link rel=\"canonical\" href=\"https:\/\/wpguerssen-test.odoo.rgbconsulting.com\/es\/producto\/shock-cd\/\" \/>\n<meta property=\"og:locale\" content=\"es_ES\" \/>\n<meta property=\"og:type\" content=\"article\" \/>\n<meta property=\"og:title\" content=\"SHOCK - Shock! (CD) -  (CD) | Guerssen\" \/>\n<meta property=\"og:description\" content=\"We are very excited to present what it&#039;s for us the major discovery in the Spanish Psych-Prog collector scene: a previously unreleased album from 1970 by this obscure Spanish garage-psych band. Until now, Shock were a total mystery. They only released one 45 back at the time (the killer acid-fuzz punker &quot;No se puede ser Superman&quot;) and nothing was known about the band...until we tracked them down.We discovered that prior to their 45 release, they recorded a whole album which was never released. Shock&#039;s music is underground garage-psychedelia with crude acid-fuzz guitar, effects, English vocals...think of Agua de Regaliz, early Pan &amp; Regaliz, Cerebrum or even obscure Brazilian bands such as Tobruk but with a more primitive sound. The album features ten songs including the original versions of the two tracks later re-recorded for their only 45: &quot;No se puede ser Superman&quot; (titled here &quot;I&#039;m being mad&quot;, it&#039;s a different and superior English sung version) and &quot;I want to laugh&quot; (a longer version than the one included on the 45). Remastered from the original 2-track tape (which is unfortunately not in perfect condition, but more than good enough), insert with detailed liner notes in English \/ Spanish, 180gr vinyl. CD comes with colour booklet.Tracklist: I want to laugh - What&#039;s your name - Mister Harris - I am blind - Every Sunday - Oh baby now I love you - Come here to dance - I&#039;m getting free - There is a woman - I&#039;m being mad\" \/>\n<meta property=\"og:url\" content=\"https:\/\/wpguerssen-test.odoo.rgbconsulting.com\/es\/producto\/shock-cd\/\" \/>\n<meta property=\"og:site_name\" content=\"Guerssen records\" \/>\n<meta property=\"article:modified_time\" content=\"2024-11-21T15:41:14+00:00\" \/>\n<meta property=\"og:image\" content=\"https:\/\/wpguerssen-test.odoo.rgbconsulting.com\/wp-content\/uploads\/2022\/03\/13629.jpg\" \/>\n\t<meta property=\"og:image:width\" content=\"600\" \/>\n\t<meta property=\"og:image:height\" content=\"600\" \/>\n\t<meta property=\"og:image:type\" content=\"image\/jpeg\" \/>\n<meta name=\"twitter:card\" content=\"summary_large_image\" \/>\n<meta name=\"twitter:title\" content=\"SHOCK - Shock! (CD) -  (CD) | Guerssen\" \/>\n<meta name=\"twitter:label1\" content=\"Tiempo de lectura\" \/>\n\t<meta name=\"twitter:data1\" content=\"1 minuto\" \/>\n<script type=\"application\/ld+json\" class=\"yoast-schema-graph\">{\"@context\":\"https:\/\/schema.org\",\"@graph\":[{\"@type\":\"WebPage\",\"@id\":\"https:\/\/wpguerssen-test.odoo.rgbconsulting.com\/es\/producto\/shock-cd\/\",\"url\":\"https:\/\/wpguerssen-test.odoo.rgbconsulting.com\/es\/producto\/shock-cd\/\",\"name\":\"SHOCK - Shock! (CD) - (CD) | Guerssen\",\"isPartOf\":{\"@id\":\"https:\/\/wpguerssen-test.odoo.rgbconsulting.com\/es\/#website\"},\"primaryImageOfPage\":{\"@id\":\"https:\/\/wpguerssen-test.odoo.rgbconsulting.com\/es\/producto\/shock-cd\/#primaryimage\"},\"image\":{\"@id\":\"https:\/\/wpguerssen-test.odoo.rgbconsulting.com\/es\/producto\/shock-cd\/#primaryimage\"},\"thumbnailUrl\":\"https:\/\/wpguerssen-test.odoo.rgbconsulting.com\/wp-content\/uploads\/2022\/03\/13629.jpg\",\"datePublished\":\"2012-10-22T22:00:00+00:00\",\"dateModified\":\"2024-11-21T15:41:14+00:00\",\"description\":\"We are very excited to present what it's for us the major discovery in the Spanish Psych-Prog collector scene: a previously unreleased album from 1970 by this obscure Spanish garage-psych band. Until now, Shock were a total mystery. They only released one 45 back at the time (the killer acid-fuzz punker \\\"No se puede ser Superman\\\") and nothing was known about the band...until we tracked them down.We discovered that prior to their 45 release, they recorded a whole album which was never released. Shock's music is underground garage-psychedelia with crude acid-fuzz guitar, effects, English vocals...think of Agua de Regaliz, early Pan & Regaliz, Cerebrum or even obscure Brazilian bands such as Tobruk but with a more primitive sound. The album features ten songs including the original versions of the two tracks later re-recorded for their only 45: \\\"No se puede ser Superman\\\" (titled here \\\"I'm being mad\\\", it's a different and superior English sung version) and \\\"I want to laugh\\\" (a longer version than the one included on the 45). Remastered from the original 2-track tape (which is unfortunately not in perfect condition, but more than good enough), insert with detailed liner notes in English \/ Spanish, 180gr vinyl. CD comes with colour booklet.Tracklist: I want to laugh - What's your name - Mister Harris - I am blind - Every Sunday - Oh baby now I love you - Come here to dance - I'm getting free - There is a woman - I'm being mad\",\"breadcrumb\":{\"@id\":\"https:\/\/wpguerssen-test.odoo.rgbconsulting.com\/es\/producto\/shock-cd\/#breadcrumb\"},\"inLanguage\":\"es\",\"potentialAction\":[{\"@type\":\"ReadAction\",\"target\":[\"https:\/\/wpguerssen-test.odoo.rgbconsulting.com\/es\/producto\/shock-cd\/\"]}]},{\"@type\":\"ImageObject\",\"inLanguage\":\"es\",\"@id\":\"https:\/\/wpguerssen-test.odoo.rgbconsulting.com\/es\/producto\/shock-cd\/#primaryimage\",\"url\":\"https:\/\/wpguerssen-test.odoo.rgbconsulting.com\/wp-content\/uploads\/2022\/03\/13629.jpg\",\"contentUrl\":\"https:\/\/wpguerssen-test.odoo.rgbconsulting.com\/wp-content\/uploads\/2022\/03\/13629.jpg\",\"width\":600,\"height\":600,\"caption\":\"SHOCK - Shock! (CD) - GUERSSEN (CD) | Guerssen\"},{\"@type\":\"BreadcrumbList\",\"@id\":\"https:\/\/wpguerssen-test.odoo.rgbconsulting.com\/es\/producto\/shock-cd\/#breadcrumb\",\"itemListElement\":[{\"@type\":\"ListItem\",\"position\":1,\"name\":\"Inicio\",\"item\":\"https:\/\/wpguerssen-test.odoo.rgbconsulting.com\/es\/\"},{\"@type\":\"ListItem\",\"position\":2,\"name\":\"Shop\",\"item\":\"https:\/\/wpguerssen-test.odoo.rgbconsulting.com\/shop\/\"},{\"@type\":\"ListItem\",\"position\":3,\"name\":\"Shock! (CD)\"}]},{\"@type\":\"WebSite\",\"@id\":\"https:\/\/wpguerssen-test.odoo.rgbconsulting.com\/es\/#website\",\"url\":\"https:\/\/wpguerssen-test.odoo.rgbconsulting.com\/es\/\",\"name\":\"Guerssen records\",\"description\":\"psychedelia - progressive - folk - garage \",\"publisher\":{\"@id\":\"https:\/\/wpguerssen-test.odoo.rgbconsulting.com\/es\/#organization\"},\"potentialAction\":[{\"@type\":\"SearchAction\",\"target\":{\"@type\":\"EntryPoint\",\"urlTemplate\":\"https:\/\/wpguerssen-test.odoo.rgbconsulting.com\/es\/?s={search_term_string}\"},\"query-input\":{\"@type\":\"PropertyValueSpecification\",\"valueRequired\":true,\"valueName\":\"search_term_string\"}}],\"inLanguage\":\"es\"},{\"@type\":\"Organization\",\"@id\":\"https:\/\/wpguerssen-test.odoo.rgbconsulting.com\/es\/#organization\",\"name\":\"Guerssen records\",\"url\":\"https:\/\/wpguerssen-test.odoo.rgbconsulting.com\/es\/\",\"logo\":{\"@type\":\"ImageObject\",\"inLanguage\":\"es\",\"@id\":\"https:\/\/wpguerssen-test.odoo.rgbconsulting.com\/es\/#\/schema\/logo\/image\/\",\"url\":\"https:\/\/wpguerssen-test.odoo.rgbconsulting.com\/wp-content\/uploads\/2022\/04\/Logo_Guerssen_trans_100.png\",\"contentUrl\":\"https:\/\/wpguerssen-test.odoo.rgbconsulting.com\/wp-content\/uploads\/2022\/04\/Logo_Guerssen_trans_100.png\",\"width\":122,\"height\":100,\"caption\":\"Guerssen records\"},\"image\":{\"@id\":\"https:\/\/wpguerssen-test.odoo.rgbconsulting.com\/es\/#\/schema\/logo\/image\/\"}}]}<\/script>\n<!-- \/ Yoast SEO plugin. -->","yoast_head_json":{"title":"SHOCK - Shock! (CD) -  (CD) | Guerssen","description":"We are very excited to present what it's for us the major discovery in the Spanish Psych-Prog collector scene: a previously unreleased album from 1970 by this obscure Spanish garage-psych band. Until now, Shock were a total mystery. They only released one 45 back at the time (the killer acid-fuzz punker \"No se puede ser Superman\") and nothing was known about the band...until we tracked them down.We discovered that prior to their 45 release, they recorded a whole album which was never released. Shock's music is underground garage-psychedelia with crude acid-fuzz guitar, effects, English vocals...think of Agua de Regaliz, early Pan & Regaliz, Cerebrum or even obscure Brazilian bands such as Tobruk but with a more primitive sound. The album features ten songs including the original versions of the two tracks later re-recorded for their only 45: \"No se puede ser Superman\" (titled here \"I'm being mad\", it's a different and superior English sung version) and \"I want to laugh\" (a longer version than the one included on the 45). Remastered from the original 2-track tape (which is unfortunately not in perfect condition, but more than good enough), insert with detailed liner notes in English \/ Spanish, 180gr vinyl. CD comes with colour booklet.Tracklist: I want to laugh - What's your name - Mister Harris - I am blind - Every Sunday - Oh baby now I love you - Come here to dance - I'm getting free - There is a woman - I'm being mad","robots":{"index":"index","follow":"follow","max-snippet":"max-snippet:-1","max-image-preview":"max-image-preview:large","max-video-preview":"max-video-preview:-1"},"canonical":"https:\/\/wpguerssen-test.odoo.rgbconsulting.com\/es\/producto\/shock-cd\/","og_locale":"es_ES","og_type":"article","og_title":"SHOCK - Shock! (CD) -  (CD) | Guerssen","og_description":"We are very excited to present what it's for us the major discovery in the Spanish Psych-Prog collector scene: a previously unreleased album from 1970 by this obscure Spanish garage-psych band. Until now, Shock were a total mystery. They only released one 45 back at the time (the killer acid-fuzz punker \"No se puede ser Superman\") and nothing was known about the band...until we tracked them down.We discovered that prior to their 45 release, they recorded a whole album which was never released. Shock's music is underground garage-psychedelia with crude acid-fuzz guitar, effects, English vocals...think of Agua de Regaliz, early Pan & Regaliz, Cerebrum or even obscure Brazilian bands such as Tobruk but with a more primitive sound. The album features ten songs including the original versions of the two tracks later re-recorded for their only 45: \"No se puede ser Superman\" (titled here \"I'm being mad\", it's a different and superior English sung version) and \"I want to laugh\" (a longer version than the one included on the 45). Remastered from the original 2-track tape (which is unfortunately not in perfect condition, but more than good enough), insert with detailed liner notes in English \/ Spanish, 180gr vinyl. CD comes with colour booklet.Tracklist: I want to laugh - What's your name - Mister Harris - I am blind - Every Sunday - Oh baby now I love you - Come here to dance - I'm getting free - There is a woman - I'm being mad","og_url":"https:\/\/wpguerssen-test.odoo.rgbconsulting.com\/es\/producto\/shock-cd\/","og_site_name":"Guerssen records","article_modified_time":"2024-11-21T15:41:14+00:00","og_image":[{"width":600,"height":600,"url":"https:\/\/wpguerssen-test.odoo.rgbconsulting.com\/wp-content\/uploads\/2022\/03\/13629.jpg","type":"image\/jpeg"}],"twitter_card":"summary_large_image","twitter_title":"SHOCK - Shock! (CD) -  (CD) | Guerssen","twitter_misc":{"Tiempo de lectura":"1 minuto"},"schema":{"@context":"https:\/\/schema.org","@graph":[{"@type":"WebPage","@id":"https:\/\/wpguerssen-test.odoo.rgbconsulting.com\/es\/producto\/shock-cd\/","url":"https:\/\/wpguerssen-test.odoo.rgbconsulting.com\/es\/producto\/shock-cd\/","name":"SHOCK - Shock! (CD) - (CD) | Guerssen","isPartOf":{"@id":"https:\/\/wpguerssen-test.odoo.rgbconsulting.com\/es\/#website"},"primaryImageOfPage":{"@id":"https:\/\/wpguerssen-test.odoo.rgbconsulting.com\/es\/producto\/shock-cd\/#primaryimage"},"image":{"@id":"https:\/\/wpguerssen-test.odoo.rgbconsulting.com\/es\/producto\/shock-cd\/#primaryimage"},"thumbnailUrl":"https:\/\/wpguerssen-test.odoo.rgbconsulting.com\/wp-content\/uploads\/2022\/03\/13629.jpg","datePublished":"2012-10-22T22:00:00+00:00","dateModified":"2024-11-21T15:41:14+00:00","description":"We are very excited to present what it's for us the major discovery in the Spanish Psych-Prog collector scene: a previously unreleased album from 1970 by this obscure Spanish garage-psych band. Until now, Shock were a total mystery. They only released one 45 back at the time (the killer acid-fuzz punker \"No se puede ser Superman\") and nothing was known about the band...until we tracked them down.We discovered that prior to their 45 release, they recorded a whole album which was never released. Shock's music is underground garage-psychedelia with crude acid-fuzz guitar, effects, English vocals...think of Agua de Regaliz, early Pan & Regaliz, Cerebrum or even obscure Brazilian bands such as Tobruk but with a more primitive sound. The album features ten songs including the original versions of the two tracks later re-recorded for their only 45: \"No se puede ser Superman\" (titled here \"I'm being mad\", it's a different and superior English sung version) and \"I want to laugh\" (a longer version than the one included on the 45). Remastered from the original 2-track tape (which is unfortunately not in perfect condition, but more than good enough), insert with detailed liner notes in English \/ Spanish, 180gr vinyl. CD comes with colour booklet.Tracklist: I want to laugh - What's your name - Mister Harris - I am blind - Every Sunday - Oh baby now I love you - Come here to dance - I'm getting free - There is a woman - I'm being mad","breadcrumb":{"@id":"https:\/\/wpguerssen-test.odoo.rgbconsulting.com\/es\/producto\/shock-cd\/#breadcrumb"},"inLanguage":"es","potentialAction":[{"@type":"ReadAction","target":["https:\/\/wpguerssen-test.odoo.rgbconsulting.com\/es\/producto\/shock-cd\/"]}]},{"@type":"ImageObject","inLanguage":"es","@id":"https:\/\/wpguerssen-test.odoo.rgbconsulting.com\/es\/producto\/shock-cd\/#primaryimage","url":"https:\/\/wpguerssen-test.odoo.rgbconsulting.com\/wp-content\/uploads\/2022\/03\/13629.jpg","contentUrl":"https:\/\/wpguerssen-test.odoo.rgbconsulting.com\/wp-content\/uploads\/2022\/03\/13629.jpg","width":600,"height":600,"caption":"SHOCK - Shock! (CD) - GUERSSEN (CD) | Guerssen"},{"@type":"BreadcrumbList","@id":"https:\/\/wpguerssen-test.odoo.rgbconsulting.com\/es\/producto\/shock-cd\/#breadcrumb","itemListElement":[{"@type":"ListItem","position":1,"name":"Inicio","item":"https:\/\/wpguerssen-test.odoo.rgbconsulting.com\/es\/"},{"@type":"ListItem","position":2,"name":"Shop","item":"https:\/\/wpguerssen-test.odoo.rgbconsulting.com\/shop\/"},{"@type":"ListItem","position":3,"name":"Shock! (CD)"}]},{"@type":"WebSite","@id":"https:\/\/wpguerssen-test.odoo.rgbconsulting.com\/es\/#website","url":"https:\/\/wpguerssen-test.odoo.rgbconsulting.com\/es\/","name":"Guerssen records","description":"psychedelia - progressive - folk - garage ","publisher":{"@id":"https:\/\/wpguerssen-test.odoo.rgbconsulting.com\/es\/#organization"},"potentialAction":[{"@type":"SearchAction","target":{"@type":"EntryPoint","urlTemplate":"https:\/\/wpguerssen-test.odoo.rgbconsulting.com\/es\/?s={search_term_string}"},"query-input":{"@type":"PropertyValueSpecification","valueRequired":true,"valueName":"search_term_string"}}],"inLanguage":"es"},{"@type":"Organization","@id":"https:\/\/wpguerssen-test.odoo.rgbconsulting.com\/es\/#organization","name":"Guerssen records","url":"https:\/\/wpguerssen-test.odoo.rgbconsulting.com\/es\/","logo":{"@type":"ImageObject","inLanguage":"es","@id":"https:\/\/wpguerssen-test.odoo.rgbconsulting.com\/es\/#\/schema\/logo\/image\/","url":"https:\/\/wpguerssen-test.odoo.rgbconsulting.com\/wp-content\/uploads\/2022\/04\/Logo_Guerssen_trans_100.png","contentUrl":"https:\/\/wpguerssen-test.odoo.rgbconsulting.com\/wp-content\/uploads\/2022\/04\/Logo_Guerssen_trans_100.png","width":122,"height":100,"caption":"Guerssen records"},"image":{"@id":"https:\/\/wpguerssen-test.odoo.rgbconsulting.com\/es\/#\/schema\/logo\/image\/"}}]}},"_links":{"self":[{"href":"https:\/\/wpguerssen-test.odoo.rgbconsulting.com\/es\/wp-json\/wp\/v2\/product\/178204","targetHints":{"allow":["GET"]}}],"collection":[{"href":"https:\/\/wpguerssen-test.odoo.rgbconsulting.com\/es\/wp-json\/wp\/v2\/product"}],"about":[{"href":"https:\/\/wpguerssen-test.odoo.rgbconsulting.com\/es\/wp-json\/wp\/v2\/types\/product"}],"wp:featuredmedia":[{"embeddable":true,"href":"https:\/\/wpguerssen-test.odoo.rgbconsulting.com\/es\/wp-json\/wp\/v2\/media\/113628"}],"wp:attachment":[{"href":"https:\/\/wpguerssen-test.odoo.rgbconsulting.com\/es\/wp-json\/wp\/v2\/media?parent=178204"}],"wp:term":[{"taxonomy":"product_brand","embeddable":true,"href":"https:\/\/wpguerssen-test.odoo.rgbconsulting.com\/es\/wp-json\/wp\/v2\/product_brand?post=178204"},{"taxonomy":"product_cat","embeddable":true,"href":"https:\/\/wpguerssen-test.odoo.rgbconsulting.com\/es\/wp-json\/wp\/v2\/product_cat?post=178204"},{"taxonomy":"product_tag","embeddable":true,"href":"https:\/\/wpguerssen-test.odoo.rgbconsulting.com\/es\/wp-json\/wp\/v2\/product_tag?post=178204"}],"curies":[{"name":"wp","href":"https:\/\/api.w.org\/{rel}","templated":true}]}}