{"id":178216,"date":"2013-01-25T00:00:00","date_gmt":"2013-01-24T23:00:00","guid":{"rendered":"http:\/\/guerssen.hl1097.dinaserver.com\/product\/arap-saci-2cd\/"},"modified":"2025-04-25T13:31:30","modified_gmt":"2025-04-25T11:31:30","slug":"arap-saci-2cd","status":"publish","type":"product","link":"https:\/\/wpguerssen-test.odoo.rgbconsulting.com\/es\/producto\/arap-saci-2cd\/","title":{"rendered":"Arap Sa\u00e7i (2CD)"},"content":{"rendered":"<p>Tremenda recopilaci\u00f3n con temas extra\u00eddos de singles y LPs del rey de la psicodelia Turca. Maestro del saz-fuzz y para muchos el equivalente turco de Clapton o Hendrix, Koray mezcl\u00f3 como nadie viejas melod\u00edas de Anatolia con ataques hard-guitarreros. Doble CD, booklet con detalladas notas. <\/p>\n<p> TRACKLISTING: Mesafeler &#8211; Askimiz bitecek &#8211; Yagmur &#8211; Silinmeyen hatiralar &#8211; Istemem &#8211; Sana birseyler olmus &#8211; Seni her g\u00f6rd\u00fcg\u00fcmde &#8211; Aska inanmiyorum &#8211; Anma arkadas &#8211; Saskin &#8211; Eyvah &#8211; Fesuphanallah &#8211; Sevince &#8211; Estarabim &#8211; Arap sa\u00e7i &#8211; Komsu kizi &#8211; Timbilli &#8211; Neden b\u00f6yle &#8211; Ilahi morluk &#8211; Senden ayri &#8211; Z\u00fcleyha &#8211; Hop hop gelsin &#8211; Yine yalnizim &#8211; K\u00f6pr\u00fcden ge\u00e7ti gelin<\/p>\n","protected":false},"excerpt":{"rendered":"<p>Tremenda recopilaci\u00f3n con temas extra\u00eddos de singles y LPs del rey de la psicodelia Turca. Maestro del saz-fuzz y para muchos el equivalente turco de Clapton o Hendrix,<a class=\"read\" href=\"https:\/\/wpguerssen-test.odoo.rgbconsulting.com\/es\/producto\/arap-saci-2cd\/\"> (...)<\/a>","protected":false},"featured_media":113670,"template":"","meta":{"_acf_changed":false},"product_brand":[],"product_cat":[21639],"product_tag":[],"class_list":{"0":"post-178216","1":"product","2":"type-product","3":"status-publish","4":"has-post-thumbnail","6":"product_cat-psychedelic60s-70s-es","7":"pa_artist-koray-erkin-es","8":"pa_format-2cd-es","9":"pa_gender-psychedelic60s-70s","10":"pa_label-pharaway-sounds-es","11":"pa_location-eastern-es","13":"first","14":"instock","15":"taxable","16":"shipping-taxable","17":"purchasable","18":"product-type-simple"},"acf":[],"yoast_head":"<!-- This site is optimized with the Yoast SEO plugin v24.9 - https:\/\/yoast.com\/wordpress\/plugins\/seo\/ -->\n<title>KORAY, Erkin - Arap Sa\u00e7i (2CD) -  (2CD) | Guerssen<\/title>\n<meta name=\"description\" content=\"Master of the fuzz saz, Turkey&#039;s answer to Eric Clapton brings burly axe attacks to the snakey folk melodies of Anatolia. Long proven to cause just the brain-rot you&#039;re looking for, here&#039;s a Koray collection of tracks taken from singles and LPs for your acid-drenched pleasure. The guitar slinger who was once stabbed for wearing his hair too long around the streets of Istanbul interweaves melodies as old as the ruins of Ephesus with the riffs of Black Sabbath &amp; his own souped-up baglama. Find out why they call him Erkin Baba. Double LP and double CD sets, with insert \/ booklet including extensive linernotes. #nl# TRACKLISTING: Mesafeler - Askimiz bitecek - Yagmur - Silinmeyen hatiralar - Istemem - Sana birseyler olmus - Seni her g\u00f6rd\u00fcg\u00fcmde - Aska inanmiyorum - Anma arkadas - Saskin - Eyvah - Fesuphanallah - Sevince - Estarabim - Arap sa\u00e7i - Komsu kizi - Timbilli - Neden b\u00f6yle - Ilahi morluk - Senden ayri - Z\u00fcleyha - Hop hop gelsin - Yine yalnizim - K\u00f6pr\u00fcden ge\u00e7ti gelin\" \/>\n<meta name=\"robots\" content=\"index, follow, max-snippet:-1, max-image-preview:large, max-video-preview:-1\" \/>\n<link rel=\"canonical\" href=\"https:\/\/wpguerssen-test.odoo.rgbconsulting.com\/es\/producto\/arap-saci-2cd\/\" \/>\n<meta property=\"og:locale\" content=\"es_ES\" \/>\n<meta property=\"og:type\" content=\"article\" \/>\n<meta property=\"og:title\" content=\"KORAY, Erkin - Arap Sa\u00e7i (2CD) -  (2CD) | Guerssen\" \/>\n<meta property=\"og:description\" content=\"Master of the fuzz saz, Turkey&#039;s answer to Eric Clapton brings burly axe attacks to the snakey folk melodies of Anatolia. Long proven to cause just the brain-rot you&#039;re looking for, here&#039;s a Koray collection of tracks taken from singles and LPs for your acid-drenched pleasure. The guitar slinger who was once stabbed for wearing his hair too long around the streets of Istanbul interweaves melodies as old as the ruins of Ephesus with the riffs of Black Sabbath &amp; his own souped-up baglama. Find out why they call him Erkin Baba. Double LP and double CD sets, with insert \/ booklet including extensive linernotes. #nl# TRACKLISTING: Mesafeler - Askimiz bitecek - Yagmur - Silinmeyen hatiralar - Istemem - Sana birseyler olmus - Seni her g\u00f6rd\u00fcg\u00fcmde - Aska inanmiyorum - Anma arkadas - Saskin - Eyvah - Fesuphanallah - Sevince - Estarabim - Arap sa\u00e7i - Komsu kizi - Timbilli - Neden b\u00f6yle - Ilahi morluk - Senden ayri - Z\u00fcleyha - Hop hop gelsin - Yine yalnizim - K\u00f6pr\u00fcden ge\u00e7ti gelin\" \/>\n<meta property=\"og:url\" content=\"https:\/\/wpguerssen-test.odoo.rgbconsulting.com\/es\/producto\/arap-saci-2cd\/\" \/>\n<meta property=\"og:site_name\" content=\"Guerssen records\" \/>\n<meta property=\"article:modified_time\" content=\"2025-04-25T11:31:30+00:00\" \/>\n<meta property=\"og:image\" content=\"https:\/\/wpguerssen-test.odoo.rgbconsulting.com\/wp-content\/uploads\/2022\/03\/13721.jpg\" \/>\n\t<meta property=\"og:image:width\" content=\"600\" \/>\n\t<meta property=\"og:image:height\" content=\"600\" \/>\n\t<meta property=\"og:image:type\" content=\"image\/jpeg\" \/>\n<meta name=\"twitter:card\" content=\"summary_large_image\" \/>\n<meta name=\"twitter:title\" content=\"KORAY, Erkin - Arap Sa\u00e7i (2CD) -  (2CD) | Guerssen\" \/>\n<meta name=\"twitter:label1\" content=\"Tiempo de lectura\" \/>\n\t<meta name=\"twitter:data1\" content=\"1 minuto\" \/>\n<script type=\"application\/ld+json\" class=\"yoast-schema-graph\">{\"@context\":\"https:\/\/schema.org\",\"@graph\":[{\"@type\":\"WebPage\",\"@id\":\"https:\/\/wpguerssen-test.odoo.rgbconsulting.com\/es\/producto\/arap-saci-2cd\/\",\"url\":\"https:\/\/wpguerssen-test.odoo.rgbconsulting.com\/es\/producto\/arap-saci-2cd\/\",\"name\":\"KORAY, Erkin - Arap Sa\u00e7i (2CD) - (2CD) | Guerssen\",\"isPartOf\":{\"@id\":\"https:\/\/wpguerssen-test.odoo.rgbconsulting.com\/es\/#website\"},\"primaryImageOfPage\":{\"@id\":\"https:\/\/wpguerssen-test.odoo.rgbconsulting.com\/es\/producto\/arap-saci-2cd\/#primaryimage\"},\"image\":{\"@id\":\"https:\/\/wpguerssen-test.odoo.rgbconsulting.com\/es\/producto\/arap-saci-2cd\/#primaryimage\"},\"thumbnailUrl\":\"https:\/\/wpguerssen-test.odoo.rgbconsulting.com\/wp-content\/uploads\/2022\/03\/13721.jpg\",\"datePublished\":\"2013-01-24T23:00:00+00:00\",\"dateModified\":\"2025-04-25T11:31:30+00:00\",\"description\":\"Master of the fuzz saz, Turkey's answer to Eric Clapton brings burly axe attacks to the snakey folk melodies of Anatolia. Long proven to cause just the brain-rot you're looking for, here's a Koray collection of tracks taken from singles and LPs for your acid-drenched pleasure. The guitar slinger who was once stabbed for wearing his hair too long around the streets of Istanbul interweaves melodies as old as the ruins of Ephesus with the riffs of Black Sabbath & his own souped-up baglama. Find out why they call him Erkin Baba. Double LP and double CD sets, with insert \/ booklet including extensive linernotes. #nl# TRACKLISTING: Mesafeler - Askimiz bitecek - Yagmur - Silinmeyen hatiralar - Istemem - Sana birseyler olmus - Seni her g\u00f6rd\u00fcg\u00fcmde - Aska inanmiyorum - Anma arkadas - Saskin - Eyvah - Fesuphanallah - Sevince - Estarabim - Arap sa\u00e7i - Komsu kizi - Timbilli - Neden b\u00f6yle - Ilahi morluk - Senden ayri - Z\u00fcleyha - Hop hop gelsin - Yine yalnizim - K\u00f6pr\u00fcden ge\u00e7ti gelin\",\"breadcrumb\":{\"@id\":\"https:\/\/wpguerssen-test.odoo.rgbconsulting.com\/es\/producto\/arap-saci-2cd\/#breadcrumb\"},\"inLanguage\":\"es\",\"potentialAction\":[{\"@type\":\"ReadAction\",\"target\":[\"https:\/\/wpguerssen-test.odoo.rgbconsulting.com\/es\/producto\/arap-saci-2cd\/\"]}]},{\"@type\":\"ImageObject\",\"inLanguage\":\"es\",\"@id\":\"https:\/\/wpguerssen-test.odoo.rgbconsulting.com\/es\/producto\/arap-saci-2cd\/#primaryimage\",\"url\":\"https:\/\/wpguerssen-test.odoo.rgbconsulting.com\/wp-content\/uploads\/2022\/03\/13721.jpg\",\"contentUrl\":\"https:\/\/wpguerssen-test.odoo.rgbconsulting.com\/wp-content\/uploads\/2022\/03\/13721.jpg\",\"width\":600,\"height\":600,\"caption\":\"Erkin - Arap Sa\u00e7i (2CD) - PHARAWAY SOUNDS (2CD) | Guerssen\"},{\"@type\":\"BreadcrumbList\",\"@id\":\"https:\/\/wpguerssen-test.odoo.rgbconsulting.com\/es\/producto\/arap-saci-2cd\/#breadcrumb\",\"itemListElement\":[{\"@type\":\"ListItem\",\"position\":1,\"name\":\"Inicio\",\"item\":\"https:\/\/wpguerssen-test.odoo.rgbconsulting.com\/es\/\"},{\"@type\":\"ListItem\",\"position\":2,\"name\":\"Shop\",\"item\":\"https:\/\/wpguerssen-test.odoo.rgbconsulting.com\/shop\/\"},{\"@type\":\"ListItem\",\"position\":3,\"name\":\"Arap Sa\u00e7i (2CD)\"}]},{\"@type\":\"WebSite\",\"@id\":\"https:\/\/wpguerssen-test.odoo.rgbconsulting.com\/es\/#website\",\"url\":\"https:\/\/wpguerssen-test.odoo.rgbconsulting.com\/es\/\",\"name\":\"Guerssen records\",\"description\":\"psychedelia - progressive - folk - garage \",\"publisher\":{\"@id\":\"https:\/\/wpguerssen-test.odoo.rgbconsulting.com\/es\/#organization\"},\"potentialAction\":[{\"@type\":\"SearchAction\",\"target\":{\"@type\":\"EntryPoint\",\"urlTemplate\":\"https:\/\/wpguerssen-test.odoo.rgbconsulting.com\/es\/?s={search_term_string}\"},\"query-input\":{\"@type\":\"PropertyValueSpecification\",\"valueRequired\":true,\"valueName\":\"search_term_string\"}}],\"inLanguage\":\"es\"},{\"@type\":\"Organization\",\"@id\":\"https:\/\/wpguerssen-test.odoo.rgbconsulting.com\/es\/#organization\",\"name\":\"Guerssen records\",\"url\":\"https:\/\/wpguerssen-test.odoo.rgbconsulting.com\/es\/\",\"logo\":{\"@type\":\"ImageObject\",\"inLanguage\":\"es\",\"@id\":\"https:\/\/wpguerssen-test.odoo.rgbconsulting.com\/es\/#\/schema\/logo\/image\/\",\"url\":\"https:\/\/wpguerssen-test.odoo.rgbconsulting.com\/wp-content\/uploads\/2022\/04\/Logo_Guerssen_trans_100.png\",\"contentUrl\":\"https:\/\/wpguerssen-test.odoo.rgbconsulting.com\/wp-content\/uploads\/2022\/04\/Logo_Guerssen_trans_100.png\",\"width\":122,\"height\":100,\"caption\":\"Guerssen records\"},\"image\":{\"@id\":\"https:\/\/wpguerssen-test.odoo.rgbconsulting.com\/es\/#\/schema\/logo\/image\/\"}}]}<\/script>\n<!-- \/ Yoast SEO plugin. -->","yoast_head_json":{"title":"KORAY, Erkin - Arap Sa\u00e7i (2CD) -  (2CD) | Guerssen","description":"Master of the fuzz saz, Turkey's answer to Eric Clapton brings burly axe attacks to the snakey folk melodies of Anatolia. Long proven to cause just the brain-rot you're looking for, here's a Koray collection of tracks taken from singles and LPs for your acid-drenched pleasure. The guitar slinger who was once stabbed for wearing his hair too long around the streets of Istanbul interweaves melodies as old as the ruins of Ephesus with the riffs of Black Sabbath & his own souped-up baglama. Find out why they call him Erkin Baba. Double LP and double CD sets, with insert \/ booklet including extensive linernotes. #nl# TRACKLISTING: Mesafeler - Askimiz bitecek - Yagmur - Silinmeyen hatiralar - Istemem - Sana birseyler olmus - Seni her g\u00f6rd\u00fcg\u00fcmde - Aska inanmiyorum - Anma arkadas - Saskin - Eyvah - Fesuphanallah - Sevince - Estarabim - Arap sa\u00e7i - Komsu kizi - Timbilli - Neden b\u00f6yle - Ilahi morluk - Senden ayri - Z\u00fcleyha - Hop hop gelsin - Yine yalnizim - K\u00f6pr\u00fcden ge\u00e7ti gelin","robots":{"index":"index","follow":"follow","max-snippet":"max-snippet:-1","max-image-preview":"max-image-preview:large","max-video-preview":"max-video-preview:-1"},"canonical":"https:\/\/wpguerssen-test.odoo.rgbconsulting.com\/es\/producto\/arap-saci-2cd\/","og_locale":"es_ES","og_type":"article","og_title":"KORAY, Erkin - Arap Sa\u00e7i (2CD) -  (2CD) | Guerssen","og_description":"Master of the fuzz saz, Turkey's answer to Eric Clapton brings burly axe attacks to the snakey folk melodies of Anatolia. Long proven to cause just the brain-rot you're looking for, here's a Koray collection of tracks taken from singles and LPs for your acid-drenched pleasure. The guitar slinger who was once stabbed for wearing his hair too long around the streets of Istanbul interweaves melodies as old as the ruins of Ephesus with the riffs of Black Sabbath & his own souped-up baglama. Find out why they call him Erkin Baba. Double LP and double CD sets, with insert \/ booklet including extensive linernotes. #nl# TRACKLISTING: Mesafeler - Askimiz bitecek - Yagmur - Silinmeyen hatiralar - Istemem - Sana birseyler olmus - Seni her g\u00f6rd\u00fcg\u00fcmde - Aska inanmiyorum - Anma arkadas - Saskin - Eyvah - Fesuphanallah - Sevince - Estarabim - Arap sa\u00e7i - Komsu kizi - Timbilli - Neden b\u00f6yle - Ilahi morluk - Senden ayri - Z\u00fcleyha - Hop hop gelsin - Yine yalnizim - K\u00f6pr\u00fcden ge\u00e7ti gelin","og_url":"https:\/\/wpguerssen-test.odoo.rgbconsulting.com\/es\/producto\/arap-saci-2cd\/","og_site_name":"Guerssen records","article_modified_time":"2025-04-25T11:31:30+00:00","og_image":[{"width":600,"height":600,"url":"https:\/\/wpguerssen-test.odoo.rgbconsulting.com\/wp-content\/uploads\/2022\/03\/13721.jpg","type":"image\/jpeg"}],"twitter_card":"summary_large_image","twitter_title":"KORAY, Erkin - Arap Sa\u00e7i (2CD) -  (2CD) | Guerssen","twitter_misc":{"Tiempo de lectura":"1 minuto"},"schema":{"@context":"https:\/\/schema.org","@graph":[{"@type":"WebPage","@id":"https:\/\/wpguerssen-test.odoo.rgbconsulting.com\/es\/producto\/arap-saci-2cd\/","url":"https:\/\/wpguerssen-test.odoo.rgbconsulting.com\/es\/producto\/arap-saci-2cd\/","name":"KORAY, Erkin - Arap Sa\u00e7i (2CD) - (2CD) | Guerssen","isPartOf":{"@id":"https:\/\/wpguerssen-test.odoo.rgbconsulting.com\/es\/#website"},"primaryImageOfPage":{"@id":"https:\/\/wpguerssen-test.odoo.rgbconsulting.com\/es\/producto\/arap-saci-2cd\/#primaryimage"},"image":{"@id":"https:\/\/wpguerssen-test.odoo.rgbconsulting.com\/es\/producto\/arap-saci-2cd\/#primaryimage"},"thumbnailUrl":"https:\/\/wpguerssen-test.odoo.rgbconsulting.com\/wp-content\/uploads\/2022\/03\/13721.jpg","datePublished":"2013-01-24T23:00:00+00:00","dateModified":"2025-04-25T11:31:30+00:00","description":"Master of the fuzz saz, Turkey's answer to Eric Clapton brings burly axe attacks to the snakey folk melodies of Anatolia. Long proven to cause just the brain-rot you're looking for, here's a Koray collection of tracks taken from singles and LPs for your acid-drenched pleasure. The guitar slinger who was once stabbed for wearing his hair too long around the streets of Istanbul interweaves melodies as old as the ruins of Ephesus with the riffs of Black Sabbath & his own souped-up baglama. Find out why they call him Erkin Baba. Double LP and double CD sets, with insert \/ booklet including extensive linernotes. #nl# TRACKLISTING: Mesafeler - Askimiz bitecek - Yagmur - Silinmeyen hatiralar - Istemem - Sana birseyler olmus - Seni her g\u00f6rd\u00fcg\u00fcmde - Aska inanmiyorum - Anma arkadas - Saskin - Eyvah - Fesuphanallah - Sevince - Estarabim - Arap sa\u00e7i - Komsu kizi - Timbilli - Neden b\u00f6yle - Ilahi morluk - Senden ayri - Z\u00fcleyha - Hop hop gelsin - Yine yalnizim - K\u00f6pr\u00fcden ge\u00e7ti gelin","breadcrumb":{"@id":"https:\/\/wpguerssen-test.odoo.rgbconsulting.com\/es\/producto\/arap-saci-2cd\/#breadcrumb"},"inLanguage":"es","potentialAction":[{"@type":"ReadAction","target":["https:\/\/wpguerssen-test.odoo.rgbconsulting.com\/es\/producto\/arap-saci-2cd\/"]}]},{"@type":"ImageObject","inLanguage":"es","@id":"https:\/\/wpguerssen-test.odoo.rgbconsulting.com\/es\/producto\/arap-saci-2cd\/#primaryimage","url":"https:\/\/wpguerssen-test.odoo.rgbconsulting.com\/wp-content\/uploads\/2022\/03\/13721.jpg","contentUrl":"https:\/\/wpguerssen-test.odoo.rgbconsulting.com\/wp-content\/uploads\/2022\/03\/13721.jpg","width":600,"height":600,"caption":"Erkin - Arap Sa\u00e7i (2CD) - PHARAWAY SOUNDS (2CD) | Guerssen"},{"@type":"BreadcrumbList","@id":"https:\/\/wpguerssen-test.odoo.rgbconsulting.com\/es\/producto\/arap-saci-2cd\/#breadcrumb","itemListElement":[{"@type":"ListItem","position":1,"name":"Inicio","item":"https:\/\/wpguerssen-test.odoo.rgbconsulting.com\/es\/"},{"@type":"ListItem","position":2,"name":"Shop","item":"https:\/\/wpguerssen-test.odoo.rgbconsulting.com\/shop\/"},{"@type":"ListItem","position":3,"name":"Arap Sa\u00e7i (2CD)"}]},{"@type":"WebSite","@id":"https:\/\/wpguerssen-test.odoo.rgbconsulting.com\/es\/#website","url":"https:\/\/wpguerssen-test.odoo.rgbconsulting.com\/es\/","name":"Guerssen records","description":"psychedelia - progressive - folk - garage ","publisher":{"@id":"https:\/\/wpguerssen-test.odoo.rgbconsulting.com\/es\/#organization"},"potentialAction":[{"@type":"SearchAction","target":{"@type":"EntryPoint","urlTemplate":"https:\/\/wpguerssen-test.odoo.rgbconsulting.com\/es\/?s={search_term_string}"},"query-input":{"@type":"PropertyValueSpecification","valueRequired":true,"valueName":"search_term_string"}}],"inLanguage":"es"},{"@type":"Organization","@id":"https:\/\/wpguerssen-test.odoo.rgbconsulting.com\/es\/#organization","name":"Guerssen records","url":"https:\/\/wpguerssen-test.odoo.rgbconsulting.com\/es\/","logo":{"@type":"ImageObject","inLanguage":"es","@id":"https:\/\/wpguerssen-test.odoo.rgbconsulting.com\/es\/#\/schema\/logo\/image\/","url":"https:\/\/wpguerssen-test.odoo.rgbconsulting.com\/wp-content\/uploads\/2022\/04\/Logo_Guerssen_trans_100.png","contentUrl":"https:\/\/wpguerssen-test.odoo.rgbconsulting.com\/wp-content\/uploads\/2022\/04\/Logo_Guerssen_trans_100.png","width":122,"height":100,"caption":"Guerssen records"},"image":{"@id":"https:\/\/wpguerssen-test.odoo.rgbconsulting.com\/es\/#\/schema\/logo\/image\/"}}]}},"_links":{"self":[{"href":"https:\/\/wpguerssen-test.odoo.rgbconsulting.com\/es\/wp-json\/wp\/v2\/product\/178216","targetHints":{"allow":["GET"]}}],"collection":[{"href":"https:\/\/wpguerssen-test.odoo.rgbconsulting.com\/es\/wp-json\/wp\/v2\/product"}],"about":[{"href":"https:\/\/wpguerssen-test.odoo.rgbconsulting.com\/es\/wp-json\/wp\/v2\/types\/product"}],"wp:featuredmedia":[{"embeddable":true,"href":"https:\/\/wpguerssen-test.odoo.rgbconsulting.com\/es\/wp-json\/wp\/v2\/media\/113670"}],"wp:attachment":[{"href":"https:\/\/wpguerssen-test.odoo.rgbconsulting.com\/es\/wp-json\/wp\/v2\/media?parent=178216"}],"wp:term":[{"taxonomy":"product_brand","embeddable":true,"href":"https:\/\/wpguerssen-test.odoo.rgbconsulting.com\/es\/wp-json\/wp\/v2\/product_brand?post=178216"},{"taxonomy":"product_cat","embeddable":true,"href":"https:\/\/wpguerssen-test.odoo.rgbconsulting.com\/es\/wp-json\/wp\/v2\/product_cat?post=178216"},{"taxonomy":"product_tag","embeddable":true,"href":"https:\/\/wpguerssen-test.odoo.rgbconsulting.com\/es\/wp-json\/wp\/v2\/product_tag?post=178216"}],"curies":[{"name":"wp","href":"https:\/\/api.w.org\/{rel}","templated":true}]}}