{"id":178255,"date":"2013-04-15T00:00:00","date_gmt":"2013-04-14T22:00:00","guid":{"rendered":"http:\/\/guerssen.hl1097.dinaserver.com\/product\/revival-50-grupos-de-los-90\/"},"modified":"2024-02-15T18:05:48","modified_gmt":"2024-02-15T17:05:48","slug":"revival-50-grupos-de-los-90","status":"publish","type":"product","link":"https:\/\/wpguerssen-test.odoo.rgbconsulting.com\/es\/producto\/revival-50-grupos-de-los-90\/","title":{"rendered":"Revival: 50 Grupos de los 90&#8230;"},"content":{"rendered":"<p>\u00ab&#8230;que hicieron m\u00fasica de los 60 y 70\u00bb. Durante los 90, las bandas, sobre todo las espa\u00f1olas, raramente acabaron de ser las grandes protagonistas de una escena que adquiri\u00f3, poco a poco, mucho nivel est\u00e9tico y musical a pesar de sus fracturas internas. Fue centr\u00e1ndose en la figura del DJ y del collector, llegando a atomizarse, sobretodo durante 1998 y 1999, en varias subescenas distintas, enfocada cada una hacia gustos y preferencias est\u00e9ticas muy espec\u00edficas. <\/p>\n<p> En medio de todos estos cambios, las bandas asumieron un rol casi heroico de protagonistas secundarios, grabando discos destinados a criar polvo en las estanter\u00edas o desplaz\u00e1ndose por cach\u00e9s rid\u00edculos para actuar en salas semivac\u00edas&#8230; As\u00ed que parece aplaudible y meritorio que alguien se haya decido, por fin, no s\u00f3lo a recuperar y explicar esa singular \u00e9poca musical de revival, sino a hacerlo a trav\u00e9s de la voz de muchos de esos activistas musicales, la mayor\u00eda olvidados: 50 grupos de los 90 que hicieron m\u00fasica de los 60 y 70. Ni m\u00e1s ni menos.<\/p>\n","protected":false},"excerpt":{"rendered":"<p>\u00ab&#8230;que hicieron m\u00fasica de los 60 y 70\u00bb. Durante los 90, las bandas, sobre todo las espa\u00f1olas, raramente acabaron de ser las grandes protagonistas de una escena<a class=\"read\" href=\"https:\/\/wpguerssen-test.odoo.rgbconsulting.com\/es\/producto\/revival-50-grupos-de-los-90\/\"> (...)<\/a>","protected":false},"featured_media":113827,"template":"","meta":{"_acf_changed":false},"product_brand":[],"product_cat":[23263],"product_tag":[],"class_list":{"0":"post-178255","1":"product","2":"type-product","3":"status-publish","4":"has-post-thumbnail","6":"product_cat-books-es","7":"pa_artist-revival-50-grupos-de-los-90-es","8":"pa_format-libros-es","9":"pa_gender-books","10":"pa_location-spain-es","12":"first","13":"instock","14":"taxable","15":"shipping-taxable","16":"purchasable","17":"product-type-simple"},"acf":[],"yoast_head":"<!-- This site is optimized with the Yoast SEO plugin v24.9 - https:\/\/yoast.com\/wordpress\/plugins\/seo\/ -->\n<title>REVIVAL: 50 GRUPOS DE LOS 90... - Revival: 50 Grupos de los 90... -  (LIBROS) | Guerssen<\/title>\n<meta name=\"description\" content=\"&quot;...que hicieron m\u00fasica de los 60 y 70&quot;. Book written in Spanish about the garage-psych revival bands in Spain during the 90s. Interviews with many of the bands involved and pictures. 434 pages, 15x21 cm.\" \/>\n<meta name=\"robots\" content=\"index, follow, max-snippet:-1, max-image-preview:large, max-video-preview:-1\" \/>\n<link rel=\"canonical\" href=\"https:\/\/wpguerssen-test.odoo.rgbconsulting.com\/es\/producto\/revival-50-grupos-de-los-90\/\" \/>\n<meta property=\"og:locale\" content=\"es_ES\" \/>\n<meta property=\"og:type\" content=\"article\" \/>\n<meta property=\"og:title\" content=\"REVIVAL: 50 GRUPOS DE LOS 90... - Revival: 50 Grupos de los 90... -  (LIBROS) | Guerssen\" \/>\n<meta property=\"og:description\" content=\"&quot;...que hicieron m\u00fasica de los 60 y 70&quot;. Book written in Spanish about the garage-psych revival bands in Spain during the 90s. Interviews with many of the bands involved and pictures. 434 pages, 15x21 cm.\" \/>\n<meta property=\"og:url\" content=\"https:\/\/wpguerssen-test.odoo.rgbconsulting.com\/es\/producto\/revival-50-grupos-de-los-90\/\" \/>\n<meta property=\"og:site_name\" content=\"Guerssen records\" \/>\n<meta property=\"article:modified_time\" content=\"2024-02-15T17:05:48+00:00\" \/>\n<meta property=\"og:image\" content=\"https:\/\/wpguerssen-test.odoo.rgbconsulting.com\/wp-content\/uploads\/2022\/03\/13900.jpg\" \/>\n\t<meta property=\"og:image:width\" content=\"129\" \/>\n\t<meta property=\"og:image:height\" content=\"182\" \/>\n\t<meta property=\"og:image:type\" content=\"image\/jpeg\" \/>\n<meta name=\"twitter:card\" content=\"summary_large_image\" \/>\n<meta name=\"twitter:title\" content=\"REVIVAL: 50 GRUPOS DE LOS 90... - Revival: 50 Grupos de los 90... -  (LIBROS) | Guerssen\" \/>\n<meta name=\"twitter:label1\" content=\"Tiempo de lectura\" \/>\n\t<meta name=\"twitter:data1\" content=\"1 minuto\" \/>\n<script type=\"application\/ld+json\" class=\"yoast-schema-graph\">{\"@context\":\"https:\/\/schema.org\",\"@graph\":[{\"@type\":\"WebPage\",\"@id\":\"https:\/\/wpguerssen-test.odoo.rgbconsulting.com\/es\/producto\/revival-50-grupos-de-los-90\/\",\"url\":\"https:\/\/wpguerssen-test.odoo.rgbconsulting.com\/es\/producto\/revival-50-grupos-de-los-90\/\",\"name\":\"REVIVAL: 50 GRUPOS DE LOS 90... - Revival: 50 Grupos de los 90... - (LIBROS) | Guerssen\",\"isPartOf\":{\"@id\":\"https:\/\/wpguerssen-test.odoo.rgbconsulting.com\/es\/#website\"},\"primaryImageOfPage\":{\"@id\":\"https:\/\/wpguerssen-test.odoo.rgbconsulting.com\/es\/producto\/revival-50-grupos-de-los-90\/#primaryimage\"},\"image\":{\"@id\":\"https:\/\/wpguerssen-test.odoo.rgbconsulting.com\/es\/producto\/revival-50-grupos-de-los-90\/#primaryimage\"},\"thumbnailUrl\":\"https:\/\/wpguerssen-test.odoo.rgbconsulting.com\/wp-content\/uploads\/2022\/03\/13900.jpg\",\"datePublished\":\"2013-04-14T22:00:00+00:00\",\"dateModified\":\"2024-02-15T17:05:48+00:00\",\"description\":\"\\\"...que hicieron m\u00fasica de los 60 y 70\\\". Book written in Spanish about the garage-psych revival bands in Spain during the 90s. Interviews with many of the bands involved and pictures. 434 pages, 15x21 cm.\",\"breadcrumb\":{\"@id\":\"https:\/\/wpguerssen-test.odoo.rgbconsulting.com\/es\/producto\/revival-50-grupos-de-los-90\/#breadcrumb\"},\"inLanguage\":\"es\",\"potentialAction\":[{\"@type\":\"ReadAction\",\"target\":[\"https:\/\/wpguerssen-test.odoo.rgbconsulting.com\/es\/producto\/revival-50-grupos-de-los-90\/\"]}]},{\"@type\":\"ImageObject\",\"inLanguage\":\"es\",\"@id\":\"https:\/\/wpguerssen-test.odoo.rgbconsulting.com\/es\/producto\/revival-50-grupos-de-los-90\/#primaryimage\",\"url\":\"https:\/\/wpguerssen-test.odoo.rgbconsulting.com\/wp-content\/uploads\/2022\/03\/13900.jpg\",\"contentUrl\":\"https:\/\/wpguerssen-test.odoo.rgbconsulting.com\/wp-content\/uploads\/2022\/03\/13900.jpg\",\"width\":129,\"height\":182,\"caption\":\"REVIVAL: 50 GRUPOS DE LOS 90... - Revival: 50 Grupos de los 90... - MILENIO (LIBROS) | Guerssen\"},{\"@type\":\"BreadcrumbList\",\"@id\":\"https:\/\/wpguerssen-test.odoo.rgbconsulting.com\/es\/producto\/revival-50-grupos-de-los-90\/#breadcrumb\",\"itemListElement\":[{\"@type\":\"ListItem\",\"position\":1,\"name\":\"Inicio\",\"item\":\"https:\/\/wpguerssen-test.odoo.rgbconsulting.com\/es\/\"},{\"@type\":\"ListItem\",\"position\":2,\"name\":\"Shop\",\"item\":\"https:\/\/wpguerssen-test.odoo.rgbconsulting.com\/shop\/\"},{\"@type\":\"ListItem\",\"position\":3,\"name\":\"Revival: 50 Grupos de los 90&#8230;\"}]},{\"@type\":\"WebSite\",\"@id\":\"https:\/\/wpguerssen-test.odoo.rgbconsulting.com\/es\/#website\",\"url\":\"https:\/\/wpguerssen-test.odoo.rgbconsulting.com\/es\/\",\"name\":\"Guerssen records\",\"description\":\"psychedelia - progressive - folk - garage \",\"publisher\":{\"@id\":\"https:\/\/wpguerssen-test.odoo.rgbconsulting.com\/es\/#organization\"},\"potentialAction\":[{\"@type\":\"SearchAction\",\"target\":{\"@type\":\"EntryPoint\",\"urlTemplate\":\"https:\/\/wpguerssen-test.odoo.rgbconsulting.com\/es\/?s={search_term_string}\"},\"query-input\":{\"@type\":\"PropertyValueSpecification\",\"valueRequired\":true,\"valueName\":\"search_term_string\"}}],\"inLanguage\":\"es\"},{\"@type\":\"Organization\",\"@id\":\"https:\/\/wpguerssen-test.odoo.rgbconsulting.com\/es\/#organization\",\"name\":\"Guerssen records\",\"url\":\"https:\/\/wpguerssen-test.odoo.rgbconsulting.com\/es\/\",\"logo\":{\"@type\":\"ImageObject\",\"inLanguage\":\"es\",\"@id\":\"https:\/\/wpguerssen-test.odoo.rgbconsulting.com\/es\/#\/schema\/logo\/image\/\",\"url\":\"https:\/\/wpguerssen-test.odoo.rgbconsulting.com\/wp-content\/uploads\/2022\/04\/Logo_Guerssen_trans_100.png\",\"contentUrl\":\"https:\/\/wpguerssen-test.odoo.rgbconsulting.com\/wp-content\/uploads\/2022\/04\/Logo_Guerssen_trans_100.png\",\"width\":122,\"height\":100,\"caption\":\"Guerssen records\"},\"image\":{\"@id\":\"https:\/\/wpguerssen-test.odoo.rgbconsulting.com\/es\/#\/schema\/logo\/image\/\"}}]}<\/script>\n<!-- \/ Yoast SEO plugin. -->","yoast_head_json":{"title":"REVIVAL: 50 GRUPOS DE LOS 90... - Revival: 50 Grupos de los 90... -  (LIBROS) | Guerssen","description":"\"...que hicieron m\u00fasica de los 60 y 70\". Book written in Spanish about the garage-psych revival bands in Spain during the 90s. Interviews with many of the bands involved and pictures. 434 pages, 15x21 cm.","robots":{"index":"index","follow":"follow","max-snippet":"max-snippet:-1","max-image-preview":"max-image-preview:large","max-video-preview":"max-video-preview:-1"},"canonical":"https:\/\/wpguerssen-test.odoo.rgbconsulting.com\/es\/producto\/revival-50-grupos-de-los-90\/","og_locale":"es_ES","og_type":"article","og_title":"REVIVAL: 50 GRUPOS DE LOS 90... - Revival: 50 Grupos de los 90... -  (LIBROS) | Guerssen","og_description":"\"...que hicieron m\u00fasica de los 60 y 70\". Book written in Spanish about the garage-psych revival bands in Spain during the 90s. Interviews with many of the bands involved and pictures. 434 pages, 15x21 cm.","og_url":"https:\/\/wpguerssen-test.odoo.rgbconsulting.com\/es\/producto\/revival-50-grupos-de-los-90\/","og_site_name":"Guerssen records","article_modified_time":"2024-02-15T17:05:48+00:00","og_image":[{"width":129,"height":182,"url":"https:\/\/wpguerssen-test.odoo.rgbconsulting.com\/wp-content\/uploads\/2022\/03\/13900.jpg","type":"image\/jpeg"}],"twitter_card":"summary_large_image","twitter_title":"REVIVAL: 50 GRUPOS DE LOS 90... - Revival: 50 Grupos de los 90... -  (LIBROS) | Guerssen","twitter_misc":{"Tiempo de lectura":"1 minuto"},"schema":{"@context":"https:\/\/schema.org","@graph":[{"@type":"WebPage","@id":"https:\/\/wpguerssen-test.odoo.rgbconsulting.com\/es\/producto\/revival-50-grupos-de-los-90\/","url":"https:\/\/wpguerssen-test.odoo.rgbconsulting.com\/es\/producto\/revival-50-grupos-de-los-90\/","name":"REVIVAL: 50 GRUPOS DE LOS 90... - Revival: 50 Grupos de los 90... - (LIBROS) | Guerssen","isPartOf":{"@id":"https:\/\/wpguerssen-test.odoo.rgbconsulting.com\/es\/#website"},"primaryImageOfPage":{"@id":"https:\/\/wpguerssen-test.odoo.rgbconsulting.com\/es\/producto\/revival-50-grupos-de-los-90\/#primaryimage"},"image":{"@id":"https:\/\/wpguerssen-test.odoo.rgbconsulting.com\/es\/producto\/revival-50-grupos-de-los-90\/#primaryimage"},"thumbnailUrl":"https:\/\/wpguerssen-test.odoo.rgbconsulting.com\/wp-content\/uploads\/2022\/03\/13900.jpg","datePublished":"2013-04-14T22:00:00+00:00","dateModified":"2024-02-15T17:05:48+00:00","description":"\"...que hicieron m\u00fasica de los 60 y 70\". Book written in Spanish about the garage-psych revival bands in Spain during the 90s. Interviews with many of the bands involved and pictures. 434 pages, 15x21 cm.","breadcrumb":{"@id":"https:\/\/wpguerssen-test.odoo.rgbconsulting.com\/es\/producto\/revival-50-grupos-de-los-90\/#breadcrumb"},"inLanguage":"es","potentialAction":[{"@type":"ReadAction","target":["https:\/\/wpguerssen-test.odoo.rgbconsulting.com\/es\/producto\/revival-50-grupos-de-los-90\/"]}]},{"@type":"ImageObject","inLanguage":"es","@id":"https:\/\/wpguerssen-test.odoo.rgbconsulting.com\/es\/producto\/revival-50-grupos-de-los-90\/#primaryimage","url":"https:\/\/wpguerssen-test.odoo.rgbconsulting.com\/wp-content\/uploads\/2022\/03\/13900.jpg","contentUrl":"https:\/\/wpguerssen-test.odoo.rgbconsulting.com\/wp-content\/uploads\/2022\/03\/13900.jpg","width":129,"height":182,"caption":"REVIVAL: 50 GRUPOS DE LOS 90... - Revival: 50 Grupos de los 90... - MILENIO (LIBROS) | Guerssen"},{"@type":"BreadcrumbList","@id":"https:\/\/wpguerssen-test.odoo.rgbconsulting.com\/es\/producto\/revival-50-grupos-de-los-90\/#breadcrumb","itemListElement":[{"@type":"ListItem","position":1,"name":"Inicio","item":"https:\/\/wpguerssen-test.odoo.rgbconsulting.com\/es\/"},{"@type":"ListItem","position":2,"name":"Shop","item":"https:\/\/wpguerssen-test.odoo.rgbconsulting.com\/shop\/"},{"@type":"ListItem","position":3,"name":"Revival: 50 Grupos de los 90&#8230;"}]},{"@type":"WebSite","@id":"https:\/\/wpguerssen-test.odoo.rgbconsulting.com\/es\/#website","url":"https:\/\/wpguerssen-test.odoo.rgbconsulting.com\/es\/","name":"Guerssen records","description":"psychedelia - progressive - folk - garage ","publisher":{"@id":"https:\/\/wpguerssen-test.odoo.rgbconsulting.com\/es\/#organization"},"potentialAction":[{"@type":"SearchAction","target":{"@type":"EntryPoint","urlTemplate":"https:\/\/wpguerssen-test.odoo.rgbconsulting.com\/es\/?s={search_term_string}"},"query-input":{"@type":"PropertyValueSpecification","valueRequired":true,"valueName":"search_term_string"}}],"inLanguage":"es"},{"@type":"Organization","@id":"https:\/\/wpguerssen-test.odoo.rgbconsulting.com\/es\/#organization","name":"Guerssen records","url":"https:\/\/wpguerssen-test.odoo.rgbconsulting.com\/es\/","logo":{"@type":"ImageObject","inLanguage":"es","@id":"https:\/\/wpguerssen-test.odoo.rgbconsulting.com\/es\/#\/schema\/logo\/image\/","url":"https:\/\/wpguerssen-test.odoo.rgbconsulting.com\/wp-content\/uploads\/2022\/04\/Logo_Guerssen_trans_100.png","contentUrl":"https:\/\/wpguerssen-test.odoo.rgbconsulting.com\/wp-content\/uploads\/2022\/04\/Logo_Guerssen_trans_100.png","width":122,"height":100,"caption":"Guerssen records"},"image":{"@id":"https:\/\/wpguerssen-test.odoo.rgbconsulting.com\/es\/#\/schema\/logo\/image\/"}}]}},"_links":{"self":[{"href":"https:\/\/wpguerssen-test.odoo.rgbconsulting.com\/es\/wp-json\/wp\/v2\/product\/178255","targetHints":{"allow":["GET"]}}],"collection":[{"href":"https:\/\/wpguerssen-test.odoo.rgbconsulting.com\/es\/wp-json\/wp\/v2\/product"}],"about":[{"href":"https:\/\/wpguerssen-test.odoo.rgbconsulting.com\/es\/wp-json\/wp\/v2\/types\/product"}],"wp:featuredmedia":[{"embeddable":true,"href":"https:\/\/wpguerssen-test.odoo.rgbconsulting.com\/es\/wp-json\/wp\/v2\/media\/113827"}],"wp:attachment":[{"href":"https:\/\/wpguerssen-test.odoo.rgbconsulting.com\/es\/wp-json\/wp\/v2\/media?parent=178255"}],"wp:term":[{"taxonomy":"product_brand","embeddable":true,"href":"https:\/\/wpguerssen-test.odoo.rgbconsulting.com\/es\/wp-json\/wp\/v2\/product_brand?post=178255"},{"taxonomy":"product_cat","embeddable":true,"href":"https:\/\/wpguerssen-test.odoo.rgbconsulting.com\/es\/wp-json\/wp\/v2\/product_cat?post=178255"},{"taxonomy":"product_tag","embeddable":true,"href":"https:\/\/wpguerssen-test.odoo.rgbconsulting.com\/es\/wp-json\/wp\/v2\/product_tag?post=178255"}],"curies":[{"name":"wp","href":"https:\/\/api.w.org\/{rel}","templated":true}]}}