{"id":178271,"date":"2013-06-20T00:00:00","date_gmt":"2013-06-19T22:00:00","guid":{"rendered":"http:\/\/guerssen.hl1097.dinaserver.com\/product\/get-stoned-ezy-cd\/"},"modified":"2025-02-05T17:07:52","modified_gmt":"2025-02-05T16:07:52","slug":"get-stoned-ezy-cd","status":"publish","type":"product","link":"https:\/\/wpguerssen-test.odoo.rgbconsulting.com\/es\/producto\/get-stoned-ezy-cd\/","title":{"rendered":"Get Stoned Ezy (CD)"},"content":{"rendered":"<p>En 1982, un misterioso personaje llamado Steve Hall, que se autodefin\u00eda como \u00abhippie-punk\u00bb y que previamente hab\u00eda editado un par de m\u00edticos discos de noise-punk D.I.Y con su grupo Afflicted Man, grab\u00f3 uno de los m\u00e1s oscuros, infravalorados y alucinantes discos de heavy-psicodelia de todos los tiempos. Acreditado a High Speed &#038; The Afflicted Man, \u00abGet Stoned Ezy\u00bb contiene tres largos temas de hard-rock psicod\u00e9lico en la onda de los grupos de finales de los 60 y principios de los 70. Una brutal sobredosis de fuzz y wah-wah que lo emparenta con otras bestias pardas del guitarreo psicod\u00e9lico como Human Instinct, Wicked Lady, Hendrix, High Rise, Sabbath, Stooges, etc. pero con actitud acid-punk <\/p>\n<p> Por primera vez reeditado oficialmente, sonido remasterizado, booklet con fotos y detalladas notas por Chris Stigliano (de la m\u00edtica revista Black to Comm). <\/p>\n<p> \u00abLocura high energy, post-Stooges-fuzz-wah de m\u00e1ximo calibre. Uno de los grandes discos perdidos de los 80. Indispensable! Ripley Johnson (Moon Duo \/ Wooden Shjips) <\/p>\n<p> \u00ab\u00bfQue qui\u00e9n es Steve Hall? Es la cumbre de la psicodelia!\u00bb Chris Stigliano (Forced Exposure \/ Black To Comm) <\/p>\n<p> \u00abDemasiado freaks para los punks y demasiado punks para los freaks, \u00abGet Stoned Eazy\u00bb es una org\u00eda sangrienta de pedales y distorsi\u00f3n\u00bb Tom Lax (Siltblog) <\/p>\n<p> Tracklist: <\/p>\n<p> Get stoned ezy   \/  Zip ead \/ Sun sun<\/p>\n","protected":false},"excerpt":{"rendered":"<p>En 1982, un misterioso personaje llamado Steve Hall, que se autodefin\u00eda como \u00abhippie-punk\u00bb y que previamente hab\u00eda editado un par de m\u00edticos discos de noise-punk<a class=\"read\" href=\"https:\/\/wpguerssen-test.odoo.rgbconsulting.com\/es\/producto\/get-stoned-ezy-cd\/\"> (...)<\/a>","protected":false},"featured_media":113874,"template":"","meta":{"_acf_changed":false},"product_brand":[],"product_cat":[21688,23225],"product_tag":[],"class_list":{"0":"post-178271","1":"product","2":"type-product","3":"status-publish","4":"has-post-thumbnail","6":"product_cat-psychedelic80s-90s-es","7":"product_cat-hard-rock-80s-90s-es-2","8":"pa_artist-high-speed-afflicted-man-es","9":"pa_format-cd-2-es","10":"pa_gender-hard-rock-80s-90s-psychedelic80s-90s","11":"pa_label-guerssen-es","12":"pa_location-uk-ireland-es","14":"first","15":"instock","16":"taxable","17":"shipping-taxable","18":"purchasable","19":"product-type-simple"},"acf":[],"yoast_head":"<!-- This site is optimized with the Yoast SEO plugin v24.9 - https:\/\/yoast.com\/wordpress\/plugins\/seo\/ -->\n<title>HIGH SPEED &amp; AFFLICTED MAN - Get Stoned Ezy (CD) -  (CD) | Guerssen<\/title>\n<meta name=\"description\" content=\"In 1982, the mysterious Steve Hall, a self-proclaimed &quot;hippie-punk&quot; who had previously released a couple of D.I.Y basement-punk albums with his band Afflicted Man, recorded one of the most obscure, underrated and KILLER heavy-psych albums of all time. Credited to High Speed &amp; Afflicted Man, &quot;Get Stoned Ezy&quot; consists of three long tracks of late 60s \/ early 70s influenced psychedelic hard-rock. A fuzz-wah assault of epic proportions in the style of other guitar-damage Gods like Human Instinct, Wicked Lady, Hendrix, High Rise, Sabbath, Stooges, etc, all played with a real acid-punk attitude. #nl# We present the first ever legit reissue of this lost masterpiece, licensed by Steve Hall. #nl# Remastered sound, insert with detailed liner notes by Chris Stigliano (Black To Comm) and rare pictures. #nl# &quot;High energy post-Stooges, wah-guitar brain-melt of the highest\/lowest order. One of the great lost albums of the 80&#039;s. Fucking essential.&quot; Ripley Johnson (Moon Duo \/ Wooden Shjips) #nl# &quot;What is Steve Hall? He&#039;s the pinnacle of psych!&quot; Chris Stigliano (Forced Exposure \/ Black To Comm) #nl# &quot;Too freaked out for punks, too punked out for freaks, &#039;Get Stoned Ezy&#039; is a bloodbath of pedal stomping carnage&quot; Tom Lax (Siltblog) #nl# Tracklist: #nl# Get stoned ezy \/ Zip ead \/ Sun sun\" \/>\n<meta name=\"robots\" content=\"index, follow, max-snippet:-1, max-image-preview:large, max-video-preview:-1\" \/>\n<link rel=\"canonical\" href=\"https:\/\/wpguerssen-test.odoo.rgbconsulting.com\/es\/producto\/get-stoned-ezy-cd\/\" \/>\n<meta property=\"og:locale\" content=\"es_ES\" \/>\n<meta property=\"og:type\" content=\"article\" \/>\n<meta property=\"og:title\" content=\"HIGH SPEED &amp; AFFLICTED MAN - Get Stoned Ezy (CD) -  (CD) | Guerssen\" \/>\n<meta property=\"og:description\" content=\"In 1982, the mysterious Steve Hall, a self-proclaimed &quot;hippie-punk&quot; who had previously released a couple of D.I.Y basement-punk albums with his band Afflicted Man, recorded one of the most obscure, underrated and KILLER heavy-psych albums of all time. Credited to High Speed &amp; Afflicted Man, &quot;Get Stoned Ezy&quot; consists of three long tracks of late 60s \/ early 70s influenced psychedelic hard-rock. A fuzz-wah assault of epic proportions in the style of other guitar-damage Gods like Human Instinct, Wicked Lady, Hendrix, High Rise, Sabbath, Stooges, etc, all played with a real acid-punk attitude. #nl# We present the first ever legit reissue of this lost masterpiece, licensed by Steve Hall. #nl# Remastered sound, insert with detailed liner notes by Chris Stigliano (Black To Comm) and rare pictures. #nl# &quot;High energy post-Stooges, wah-guitar brain-melt of the highest\/lowest order. One of the great lost albums of the 80&#039;s. Fucking essential.&quot; Ripley Johnson (Moon Duo \/ Wooden Shjips) #nl# &quot;What is Steve Hall? He&#039;s the pinnacle of psych!&quot; Chris Stigliano (Forced Exposure \/ Black To Comm) #nl# &quot;Too freaked out for punks, too punked out for freaks, &#039;Get Stoned Ezy&#039; is a bloodbath of pedal stomping carnage&quot; Tom Lax (Siltblog) #nl# Tracklist: #nl# Get stoned ezy \/ Zip ead \/ Sun sun\" \/>\n<meta property=\"og:url\" content=\"https:\/\/wpguerssen-test.odoo.rgbconsulting.com\/es\/producto\/get-stoned-ezy-cd\/\" \/>\n<meta property=\"og:site_name\" content=\"Guerssen records\" \/>\n<meta property=\"article:modified_time\" content=\"2025-02-05T16:07:52+00:00\" \/>\n<meta property=\"og:image\" content=\"https:\/\/wpguerssen-test.odoo.rgbconsulting.com\/wp-content\/uploads\/2022\/03\/13946.jpg\" \/>\n\t<meta property=\"og:image:width\" content=\"600\" \/>\n\t<meta property=\"og:image:height\" content=\"600\" \/>\n\t<meta property=\"og:image:type\" content=\"image\/jpeg\" \/>\n<meta name=\"twitter:card\" content=\"summary_large_image\" \/>\n<meta name=\"twitter:title\" content=\"HIGH SPEED &amp; AFFLICTED MAN - Get Stoned Ezy (CD) -  (CD) | Guerssen\" \/>\n<meta name=\"twitter:label1\" content=\"Tiempo de lectura\" \/>\n\t<meta name=\"twitter:data1\" content=\"1 minuto\" \/>\n<script type=\"application\/ld+json\" class=\"yoast-schema-graph\">{\"@context\":\"https:\/\/schema.org\",\"@graph\":[{\"@type\":\"WebPage\",\"@id\":\"https:\/\/wpguerssen-test.odoo.rgbconsulting.com\/es\/producto\/get-stoned-ezy-cd\/\",\"url\":\"https:\/\/wpguerssen-test.odoo.rgbconsulting.com\/es\/producto\/get-stoned-ezy-cd\/\",\"name\":\"HIGH SPEED & AFFLICTED MAN - Get Stoned Ezy (CD) - (CD) | Guerssen\",\"isPartOf\":{\"@id\":\"https:\/\/wpguerssen-test.odoo.rgbconsulting.com\/es\/#website\"},\"primaryImageOfPage\":{\"@id\":\"https:\/\/wpguerssen-test.odoo.rgbconsulting.com\/es\/producto\/get-stoned-ezy-cd\/#primaryimage\"},\"image\":{\"@id\":\"https:\/\/wpguerssen-test.odoo.rgbconsulting.com\/es\/producto\/get-stoned-ezy-cd\/#primaryimage\"},\"thumbnailUrl\":\"https:\/\/wpguerssen-test.odoo.rgbconsulting.com\/wp-content\/uploads\/2022\/03\/13946.jpg\",\"datePublished\":\"2013-06-19T22:00:00+00:00\",\"dateModified\":\"2025-02-05T16:07:52+00:00\",\"description\":\"In 1982, the mysterious Steve Hall, a self-proclaimed \\\"hippie-punk\\\" who had previously released a couple of D.I.Y basement-punk albums with his band Afflicted Man, recorded one of the most obscure, underrated and KILLER heavy-psych albums of all time. Credited to High Speed & Afflicted Man, \\\"Get Stoned Ezy\\\" consists of three long tracks of late 60s \/ early 70s influenced psychedelic hard-rock. A fuzz-wah assault of epic proportions in the style of other guitar-damage Gods like Human Instinct, Wicked Lady, Hendrix, High Rise, Sabbath, Stooges, etc, all played with a real acid-punk attitude. #nl# We present the first ever legit reissue of this lost masterpiece, licensed by Steve Hall. #nl# Remastered sound, insert with detailed liner notes by Chris Stigliano (Black To Comm) and rare pictures. #nl# \\\"High energy post-Stooges, wah-guitar brain-melt of the highest\/lowest order. One of the great lost albums of the 80's. Fucking essential.\\\" Ripley Johnson (Moon Duo \/ Wooden Shjips) #nl# \\\"What is Steve Hall? He's the pinnacle of psych!\\\" Chris Stigliano (Forced Exposure \/ Black To Comm) #nl# \\\"Too freaked out for punks, too punked out for freaks, 'Get Stoned Ezy' is a bloodbath of pedal stomping carnage\\\" Tom Lax (Siltblog) #nl# Tracklist: #nl# Get stoned ezy \/ Zip ead \/ Sun sun\",\"breadcrumb\":{\"@id\":\"https:\/\/wpguerssen-test.odoo.rgbconsulting.com\/es\/producto\/get-stoned-ezy-cd\/#breadcrumb\"},\"inLanguage\":\"es\",\"potentialAction\":[{\"@type\":\"ReadAction\",\"target\":[\"https:\/\/wpguerssen-test.odoo.rgbconsulting.com\/es\/producto\/get-stoned-ezy-cd\/\"]}]},{\"@type\":\"ImageObject\",\"inLanguage\":\"es\",\"@id\":\"https:\/\/wpguerssen-test.odoo.rgbconsulting.com\/es\/producto\/get-stoned-ezy-cd\/#primaryimage\",\"url\":\"https:\/\/wpguerssen-test.odoo.rgbconsulting.com\/wp-content\/uploads\/2022\/03\/13946.jpg\",\"contentUrl\":\"https:\/\/wpguerssen-test.odoo.rgbconsulting.com\/wp-content\/uploads\/2022\/03\/13946.jpg\",\"width\":600,\"height\":600,\"caption\":\"HIGH SPEED & AFFLICTED MAN - Get Stoned Ezy (CD) - GUERSSEN (CD) | Guerssen\"},{\"@type\":\"BreadcrumbList\",\"@id\":\"https:\/\/wpguerssen-test.odoo.rgbconsulting.com\/es\/producto\/get-stoned-ezy-cd\/#breadcrumb\",\"itemListElement\":[{\"@type\":\"ListItem\",\"position\":1,\"name\":\"Inicio\",\"item\":\"https:\/\/wpguerssen-test.odoo.rgbconsulting.com\/es\/\"},{\"@type\":\"ListItem\",\"position\":2,\"name\":\"Shop\",\"item\":\"https:\/\/wpguerssen-test.odoo.rgbconsulting.com\/shop\/\"},{\"@type\":\"ListItem\",\"position\":3,\"name\":\"Get Stoned Ezy (CD)\"}]},{\"@type\":\"WebSite\",\"@id\":\"https:\/\/wpguerssen-test.odoo.rgbconsulting.com\/es\/#website\",\"url\":\"https:\/\/wpguerssen-test.odoo.rgbconsulting.com\/es\/\",\"name\":\"Guerssen records\",\"description\":\"psychedelia - progressive - folk - garage \",\"publisher\":{\"@id\":\"https:\/\/wpguerssen-test.odoo.rgbconsulting.com\/es\/#organization\"},\"potentialAction\":[{\"@type\":\"SearchAction\",\"target\":{\"@type\":\"EntryPoint\",\"urlTemplate\":\"https:\/\/wpguerssen-test.odoo.rgbconsulting.com\/es\/?s={search_term_string}\"},\"query-input\":{\"@type\":\"PropertyValueSpecification\",\"valueRequired\":true,\"valueName\":\"search_term_string\"}}],\"inLanguage\":\"es\"},{\"@type\":\"Organization\",\"@id\":\"https:\/\/wpguerssen-test.odoo.rgbconsulting.com\/es\/#organization\",\"name\":\"Guerssen records\",\"url\":\"https:\/\/wpguerssen-test.odoo.rgbconsulting.com\/es\/\",\"logo\":{\"@type\":\"ImageObject\",\"inLanguage\":\"es\",\"@id\":\"https:\/\/wpguerssen-test.odoo.rgbconsulting.com\/es\/#\/schema\/logo\/image\/\",\"url\":\"https:\/\/wpguerssen-test.odoo.rgbconsulting.com\/wp-content\/uploads\/2022\/04\/Logo_Guerssen_trans_100.png\",\"contentUrl\":\"https:\/\/wpguerssen-test.odoo.rgbconsulting.com\/wp-content\/uploads\/2022\/04\/Logo_Guerssen_trans_100.png\",\"width\":122,\"height\":100,\"caption\":\"Guerssen records\"},\"image\":{\"@id\":\"https:\/\/wpguerssen-test.odoo.rgbconsulting.com\/es\/#\/schema\/logo\/image\/\"}}]}<\/script>\n<!-- \/ Yoast SEO plugin. -->","yoast_head_json":{"title":"HIGH SPEED & AFFLICTED MAN - Get Stoned Ezy (CD) -  (CD) | Guerssen","description":"In 1982, the mysterious Steve Hall, a self-proclaimed \"hippie-punk\" who had previously released a couple of D.I.Y basement-punk albums with his band Afflicted Man, recorded one of the most obscure, underrated and KILLER heavy-psych albums of all time. Credited to High Speed & Afflicted Man, \"Get Stoned Ezy\" consists of three long tracks of late 60s \/ early 70s influenced psychedelic hard-rock. A fuzz-wah assault of epic proportions in the style of other guitar-damage Gods like Human Instinct, Wicked Lady, Hendrix, High Rise, Sabbath, Stooges, etc, all played with a real acid-punk attitude. #nl# We present the first ever legit reissue of this lost masterpiece, licensed by Steve Hall. #nl# Remastered sound, insert with detailed liner notes by Chris Stigliano (Black To Comm) and rare pictures. #nl# \"High energy post-Stooges, wah-guitar brain-melt of the highest\/lowest order. One of the great lost albums of the 80's. Fucking essential.\" Ripley Johnson (Moon Duo \/ Wooden Shjips) #nl# \"What is Steve Hall? He's the pinnacle of psych!\" Chris Stigliano (Forced Exposure \/ Black To Comm) #nl# \"Too freaked out for punks, too punked out for freaks, 'Get Stoned Ezy' is a bloodbath of pedal stomping carnage\" Tom Lax (Siltblog) #nl# Tracklist: #nl# Get stoned ezy \/ Zip ead \/ Sun sun","robots":{"index":"index","follow":"follow","max-snippet":"max-snippet:-1","max-image-preview":"max-image-preview:large","max-video-preview":"max-video-preview:-1"},"canonical":"https:\/\/wpguerssen-test.odoo.rgbconsulting.com\/es\/producto\/get-stoned-ezy-cd\/","og_locale":"es_ES","og_type":"article","og_title":"HIGH SPEED & AFFLICTED MAN - Get Stoned Ezy (CD) -  (CD) | Guerssen","og_description":"In 1982, the mysterious Steve Hall, a self-proclaimed \"hippie-punk\" who had previously released a couple of D.I.Y basement-punk albums with his band Afflicted Man, recorded one of the most obscure, underrated and KILLER heavy-psych albums of all time. Credited to High Speed & Afflicted Man, \"Get Stoned Ezy\" consists of three long tracks of late 60s \/ early 70s influenced psychedelic hard-rock. A fuzz-wah assault of epic proportions in the style of other guitar-damage Gods like Human Instinct, Wicked Lady, Hendrix, High Rise, Sabbath, Stooges, etc, all played with a real acid-punk attitude. #nl# We present the first ever legit reissue of this lost masterpiece, licensed by Steve Hall. #nl# Remastered sound, insert with detailed liner notes by Chris Stigliano (Black To Comm) and rare pictures. #nl# \"High energy post-Stooges, wah-guitar brain-melt of the highest\/lowest order. One of the great lost albums of the 80's. Fucking essential.\" Ripley Johnson (Moon Duo \/ Wooden Shjips) #nl# \"What is Steve Hall? He's the pinnacle of psych!\" Chris Stigliano (Forced Exposure \/ Black To Comm) #nl# \"Too freaked out for punks, too punked out for freaks, 'Get Stoned Ezy' is a bloodbath of pedal stomping carnage\" Tom Lax (Siltblog) #nl# Tracklist: #nl# Get stoned ezy \/ Zip ead \/ Sun sun","og_url":"https:\/\/wpguerssen-test.odoo.rgbconsulting.com\/es\/producto\/get-stoned-ezy-cd\/","og_site_name":"Guerssen records","article_modified_time":"2025-02-05T16:07:52+00:00","og_image":[{"width":600,"height":600,"url":"https:\/\/wpguerssen-test.odoo.rgbconsulting.com\/wp-content\/uploads\/2022\/03\/13946.jpg","type":"image\/jpeg"}],"twitter_card":"summary_large_image","twitter_title":"HIGH SPEED & AFFLICTED MAN - Get Stoned Ezy (CD) -  (CD) | Guerssen","twitter_misc":{"Tiempo de lectura":"1 minuto"},"schema":{"@context":"https:\/\/schema.org","@graph":[{"@type":"WebPage","@id":"https:\/\/wpguerssen-test.odoo.rgbconsulting.com\/es\/producto\/get-stoned-ezy-cd\/","url":"https:\/\/wpguerssen-test.odoo.rgbconsulting.com\/es\/producto\/get-stoned-ezy-cd\/","name":"HIGH SPEED & AFFLICTED MAN - Get Stoned Ezy (CD) - (CD) | Guerssen","isPartOf":{"@id":"https:\/\/wpguerssen-test.odoo.rgbconsulting.com\/es\/#website"},"primaryImageOfPage":{"@id":"https:\/\/wpguerssen-test.odoo.rgbconsulting.com\/es\/producto\/get-stoned-ezy-cd\/#primaryimage"},"image":{"@id":"https:\/\/wpguerssen-test.odoo.rgbconsulting.com\/es\/producto\/get-stoned-ezy-cd\/#primaryimage"},"thumbnailUrl":"https:\/\/wpguerssen-test.odoo.rgbconsulting.com\/wp-content\/uploads\/2022\/03\/13946.jpg","datePublished":"2013-06-19T22:00:00+00:00","dateModified":"2025-02-05T16:07:52+00:00","description":"In 1982, the mysterious Steve Hall, a self-proclaimed \"hippie-punk\" who had previously released a couple of D.I.Y basement-punk albums with his band Afflicted Man, recorded one of the most obscure, underrated and KILLER heavy-psych albums of all time. Credited to High Speed & Afflicted Man, \"Get Stoned Ezy\" consists of three long tracks of late 60s \/ early 70s influenced psychedelic hard-rock. A fuzz-wah assault of epic proportions in the style of other guitar-damage Gods like Human Instinct, Wicked Lady, Hendrix, High Rise, Sabbath, Stooges, etc, all played with a real acid-punk attitude. #nl# We present the first ever legit reissue of this lost masterpiece, licensed by Steve Hall. #nl# Remastered sound, insert with detailed liner notes by Chris Stigliano (Black To Comm) and rare pictures. #nl# \"High energy post-Stooges, wah-guitar brain-melt of the highest\/lowest order. One of the great lost albums of the 80's. Fucking essential.\" Ripley Johnson (Moon Duo \/ Wooden Shjips) #nl# \"What is Steve Hall? He's the pinnacle of psych!\" Chris Stigliano (Forced Exposure \/ Black To Comm) #nl# \"Too freaked out for punks, too punked out for freaks, 'Get Stoned Ezy' is a bloodbath of pedal stomping carnage\" Tom Lax (Siltblog) #nl# Tracklist: #nl# Get stoned ezy \/ Zip ead \/ Sun sun","breadcrumb":{"@id":"https:\/\/wpguerssen-test.odoo.rgbconsulting.com\/es\/producto\/get-stoned-ezy-cd\/#breadcrumb"},"inLanguage":"es","potentialAction":[{"@type":"ReadAction","target":["https:\/\/wpguerssen-test.odoo.rgbconsulting.com\/es\/producto\/get-stoned-ezy-cd\/"]}]},{"@type":"ImageObject","inLanguage":"es","@id":"https:\/\/wpguerssen-test.odoo.rgbconsulting.com\/es\/producto\/get-stoned-ezy-cd\/#primaryimage","url":"https:\/\/wpguerssen-test.odoo.rgbconsulting.com\/wp-content\/uploads\/2022\/03\/13946.jpg","contentUrl":"https:\/\/wpguerssen-test.odoo.rgbconsulting.com\/wp-content\/uploads\/2022\/03\/13946.jpg","width":600,"height":600,"caption":"HIGH SPEED & AFFLICTED MAN - Get Stoned Ezy (CD) - GUERSSEN (CD) | Guerssen"},{"@type":"BreadcrumbList","@id":"https:\/\/wpguerssen-test.odoo.rgbconsulting.com\/es\/producto\/get-stoned-ezy-cd\/#breadcrumb","itemListElement":[{"@type":"ListItem","position":1,"name":"Inicio","item":"https:\/\/wpguerssen-test.odoo.rgbconsulting.com\/es\/"},{"@type":"ListItem","position":2,"name":"Shop","item":"https:\/\/wpguerssen-test.odoo.rgbconsulting.com\/shop\/"},{"@type":"ListItem","position":3,"name":"Get Stoned Ezy (CD)"}]},{"@type":"WebSite","@id":"https:\/\/wpguerssen-test.odoo.rgbconsulting.com\/es\/#website","url":"https:\/\/wpguerssen-test.odoo.rgbconsulting.com\/es\/","name":"Guerssen records","description":"psychedelia - progressive - folk - garage ","publisher":{"@id":"https:\/\/wpguerssen-test.odoo.rgbconsulting.com\/es\/#organization"},"potentialAction":[{"@type":"SearchAction","target":{"@type":"EntryPoint","urlTemplate":"https:\/\/wpguerssen-test.odoo.rgbconsulting.com\/es\/?s={search_term_string}"},"query-input":{"@type":"PropertyValueSpecification","valueRequired":true,"valueName":"search_term_string"}}],"inLanguage":"es"},{"@type":"Organization","@id":"https:\/\/wpguerssen-test.odoo.rgbconsulting.com\/es\/#organization","name":"Guerssen records","url":"https:\/\/wpguerssen-test.odoo.rgbconsulting.com\/es\/","logo":{"@type":"ImageObject","inLanguage":"es","@id":"https:\/\/wpguerssen-test.odoo.rgbconsulting.com\/es\/#\/schema\/logo\/image\/","url":"https:\/\/wpguerssen-test.odoo.rgbconsulting.com\/wp-content\/uploads\/2022\/04\/Logo_Guerssen_trans_100.png","contentUrl":"https:\/\/wpguerssen-test.odoo.rgbconsulting.com\/wp-content\/uploads\/2022\/04\/Logo_Guerssen_trans_100.png","width":122,"height":100,"caption":"Guerssen records"},"image":{"@id":"https:\/\/wpguerssen-test.odoo.rgbconsulting.com\/es\/#\/schema\/logo\/image\/"}}]}},"_links":{"self":[{"href":"https:\/\/wpguerssen-test.odoo.rgbconsulting.com\/es\/wp-json\/wp\/v2\/product\/178271","targetHints":{"allow":["GET"]}}],"collection":[{"href":"https:\/\/wpguerssen-test.odoo.rgbconsulting.com\/es\/wp-json\/wp\/v2\/product"}],"about":[{"href":"https:\/\/wpguerssen-test.odoo.rgbconsulting.com\/es\/wp-json\/wp\/v2\/types\/product"}],"wp:featuredmedia":[{"embeddable":true,"href":"https:\/\/wpguerssen-test.odoo.rgbconsulting.com\/es\/wp-json\/wp\/v2\/media\/113874"}],"wp:attachment":[{"href":"https:\/\/wpguerssen-test.odoo.rgbconsulting.com\/es\/wp-json\/wp\/v2\/media?parent=178271"}],"wp:term":[{"taxonomy":"product_brand","embeddable":true,"href":"https:\/\/wpguerssen-test.odoo.rgbconsulting.com\/es\/wp-json\/wp\/v2\/product_brand?post=178271"},{"taxonomy":"product_cat","embeddable":true,"href":"https:\/\/wpguerssen-test.odoo.rgbconsulting.com\/es\/wp-json\/wp\/v2\/product_cat?post=178271"},{"taxonomy":"product_tag","embeddable":true,"href":"https:\/\/wpguerssen-test.odoo.rgbconsulting.com\/es\/wp-json\/wp\/v2\/product_tag?post=178271"}],"curies":[{"name":"wp","href":"https:\/\/api.w.org\/{rel}","templated":true}]}}