{"id":178292,"date":"2013-08-27T00:00:00","date_gmt":"2013-08-26T22:00:00","guid":{"rendered":"http:\/\/guerssen.hl1097.dinaserver.com\/product\/yekte-cd\/"},"modified":"2025-04-22T15:45:30","modified_gmt":"2025-04-22T13:45:30","slug":"yekte-cd","status":"publish","type":"product","link":"https:\/\/wpguerssen-test.odoo.rgbconsulting.com\/es\/producto\/yekte-cd\/","title":{"rendered":"Yekte (CD)"},"content":{"rendered":"<p>Si disfrutas con Erkin Koray y Baris Man\u00e7o, no te pierdas a Alpay! Aqu\u00ed tienes una seleci\u00f3n de sus mejores singles editados a principios de los 70: una espectacular mezcla de guitarras fuzz-wah y sonidos folk \/ tradicionales turcos con devastadores ejemplos de ex\u00f3tico psych-funk, como su famoso y buscado \u00abYekte\u00bb. Sonido remasterizado, insert con fotos y notas por Angela Sawyer (Weirdo Records).<br \/>Tracklist: Can Karag\u00f6zl\u00fcm (1973) &#8211; Ask B\u00f6yledir (1972) &#8211; Daglarin G\u00f6zyaslari  (1972) &#8211; Ben Armudu Dislerim (1974) &#8211; Suna (1971) &#8211; Denizciler  (1970) &#8211; Ak\u00e7a Kizlar  (1971) &#8211; Bak Kalbim  (1974) &#8211; G\u00f6n\u00fcllerde Bahar  (1972) &#8211; Toprak (1970) &#8211; Yekte (1973) &#8211; Seni Dileniyorum (1973)<\/p>\n","protected":false},"excerpt":{"rendered":"<p>Si disfrutas con Erkin Koray y Baris Man\u00e7o, no te pierdas a Alpay! Aqu\u00ed tienes una seleci\u00f3n de sus mejores singles editados a principios de los 70: una espectacular<a class=\"read\" href=\"https:\/\/wpguerssen-test.odoo.rgbconsulting.com\/es\/producto\/yekte-cd\/\"> (...)<\/a>","protected":false},"featured_media":113955,"template":"","meta":{"_acf_changed":false},"product_brand":[],"product_cat":[21639,23274],"product_tag":[29138,24190],"class_list":{"0":"post-178292","1":"product","2":"type-product","3":"status-publish","4":"has-post-thumbnail","6":"product_cat-psychedelic60s-70s-es","7":"product_cat-folk-rock-60s-70s-es","8":"product_tag-cd-es","9":"product_tag-sales-es","10":"pa_artist-alpay-es","11":"pa_format-cd-2-es","12":"pa_gender-psychedelic60s-70s-folk-rock-60s-70s","13":"pa_label-pharaway-sounds-es","14":"pa_location-eastern-es","16":"first","17":"instock","18":"taxable","19":"shipping-taxable","20":"purchasable","21":"product-type-simple"},"acf":[],"yoast_head":"<!-- This site is optimized with the Yoast SEO plugin v24.9 - https:\/\/yoast.com\/wordpress\/plugins\/seo\/ -->\n<title>ALPAY - Yekte (CD) -  (CD) | Guerssen<\/title>\n<meta name=\"description\" content=\"In Turkey, psychedelia wasn&#039;t just some fleeting fad. Fuzzed-out guitar shredding genuinely intersected with some of the goals of traditional folk &amp; classical music. As a result, even former twist singers &amp; folk balladeers explored some fascinating &amp; wild territory. Meet Alpay, the soccer player turned lawyer turned singer who started matching local lyrics to Western arrangements even before the mid-60s countrywide battle of the bands concerts. These early 70s singles lay down doleful Anatolian melodies, and they&#039;re simply soaking in heavy &amp; wah-ed out guitar solos. If you&#039;re ready to go beyond Baris &amp; Erkin, this is the perfect spot. #nl# Remastered Sound, insert \/ booklet with liner notes by Angela Sawyer (Weirdo Records) #nl# Tracklist: Can Karag\u00f6zl\u00fcm (1973) - Ask B\u00f6yledir (1972) - Daglarin G\u00f6zyaslari (1972) - Ben Armudu Dislerim (1974) - Suna (1971) - Denizciler (1970) - Ak\u00e7a Kizlar (1971) - Bak Kalbim (1974) - G\u00f6n\u00fcllerde Bahar (1972) - Toprak (1970) - Yekte (1973) - Seni Dileniyorum (1973)\" \/>\n<meta name=\"robots\" content=\"index, follow, max-snippet:-1, max-image-preview:large, max-video-preview:-1\" \/>\n<link rel=\"canonical\" href=\"https:\/\/wpguerssen-test.odoo.rgbconsulting.com\/es\/producto\/yekte-cd\/\" \/>\n<meta property=\"og:locale\" content=\"es_ES\" \/>\n<meta property=\"og:type\" content=\"article\" \/>\n<meta property=\"og:title\" content=\"ALPAY - Yekte (CD) -  (CD) | Guerssen\" \/>\n<meta property=\"og:description\" content=\"In Turkey, psychedelia wasn&#039;t just some fleeting fad. Fuzzed-out guitar shredding genuinely intersected with some of the goals of traditional folk &amp; classical music. As a result, even former twist singers &amp; folk balladeers explored some fascinating &amp; wild territory. Meet Alpay, the soccer player turned lawyer turned singer who started matching local lyrics to Western arrangements even before the mid-60s countrywide battle of the bands concerts. These early 70s singles lay down doleful Anatolian melodies, and they&#039;re simply soaking in heavy &amp; wah-ed out guitar solos. If you&#039;re ready to go beyond Baris &amp; Erkin, this is the perfect spot. #nl# Remastered Sound, insert \/ booklet with liner notes by Angela Sawyer (Weirdo Records) #nl# Tracklist: Can Karag\u00f6zl\u00fcm (1973) - Ask B\u00f6yledir (1972) - Daglarin G\u00f6zyaslari (1972) - Ben Armudu Dislerim (1974) - Suna (1971) - Denizciler (1970) - Ak\u00e7a Kizlar (1971) - Bak Kalbim (1974) - G\u00f6n\u00fcllerde Bahar (1972) - Toprak (1970) - Yekte (1973) - Seni Dileniyorum (1973)\" \/>\n<meta property=\"og:url\" content=\"https:\/\/wpguerssen-test.odoo.rgbconsulting.com\/es\/producto\/yekte-cd\/\" \/>\n<meta property=\"og:site_name\" content=\"Guerssen records\" \/>\n<meta property=\"article:modified_time\" content=\"2025-04-22T13:45:30+00:00\" \/>\n<meta property=\"og:image\" content=\"https:\/\/wpguerssen-test.odoo.rgbconsulting.com\/wp-content\/uploads\/2022\/03\/14049.jpg\" \/>\n\t<meta property=\"og:image:width\" content=\"600\" \/>\n\t<meta property=\"og:image:height\" content=\"600\" \/>\n\t<meta property=\"og:image:type\" content=\"image\/jpeg\" \/>\n<meta name=\"twitter:card\" content=\"summary_large_image\" \/>\n<meta name=\"twitter:title\" content=\"ALPAY - Yekte (CD) -  (CD) | Guerssen\" \/>\n<meta name=\"twitter:label1\" content=\"Tiempo de lectura\" \/>\n\t<meta name=\"twitter:data1\" content=\"1 minuto\" \/>\n<script type=\"application\/ld+json\" class=\"yoast-schema-graph\">{\"@context\":\"https:\/\/schema.org\",\"@graph\":[{\"@type\":\"WebPage\",\"@id\":\"https:\/\/wpguerssen-test.odoo.rgbconsulting.com\/es\/producto\/yekte-cd\/\",\"url\":\"https:\/\/wpguerssen-test.odoo.rgbconsulting.com\/es\/producto\/yekte-cd\/\",\"name\":\"ALPAY - Yekte (CD) - (CD) | Guerssen\",\"isPartOf\":{\"@id\":\"https:\/\/wpguerssen-test.odoo.rgbconsulting.com\/es\/#website\"},\"primaryImageOfPage\":{\"@id\":\"https:\/\/wpguerssen-test.odoo.rgbconsulting.com\/es\/producto\/yekte-cd\/#primaryimage\"},\"image\":{\"@id\":\"https:\/\/wpguerssen-test.odoo.rgbconsulting.com\/es\/producto\/yekte-cd\/#primaryimage\"},\"thumbnailUrl\":\"https:\/\/wpguerssen-test.odoo.rgbconsulting.com\/wp-content\/uploads\/2022\/03\/14049.jpg\",\"datePublished\":\"2013-08-26T22:00:00+00:00\",\"dateModified\":\"2025-04-22T13:45:30+00:00\",\"description\":\"In Turkey, psychedelia wasn't just some fleeting fad. Fuzzed-out guitar shredding genuinely intersected with some of the goals of traditional folk & classical music. As a result, even former twist singers & folk balladeers explored some fascinating & wild territory. Meet Alpay, the soccer player turned lawyer turned singer who started matching local lyrics to Western arrangements even before the mid-60s countrywide battle of the bands concerts. These early 70s singles lay down doleful Anatolian melodies, and they're simply soaking in heavy & wah-ed out guitar solos. If you're ready to go beyond Baris & Erkin, this is the perfect spot. #nl# Remastered Sound, insert \/ booklet with liner notes by Angela Sawyer (Weirdo Records) #nl# Tracklist: Can Karag\u00f6zl\u00fcm (1973) - Ask B\u00f6yledir (1972) - Daglarin G\u00f6zyaslari (1972) - Ben Armudu Dislerim (1974) - Suna (1971) - Denizciler (1970) - Ak\u00e7a Kizlar (1971) - Bak Kalbim (1974) - G\u00f6n\u00fcllerde Bahar (1972) - Toprak (1970) - Yekte (1973) - Seni Dileniyorum (1973)\",\"breadcrumb\":{\"@id\":\"https:\/\/wpguerssen-test.odoo.rgbconsulting.com\/es\/producto\/yekte-cd\/#breadcrumb\"},\"inLanguage\":\"es\",\"potentialAction\":[{\"@type\":\"ReadAction\",\"target\":[\"https:\/\/wpguerssen-test.odoo.rgbconsulting.com\/es\/producto\/yekte-cd\/\"]}]},{\"@type\":\"ImageObject\",\"inLanguage\":\"es\",\"@id\":\"https:\/\/wpguerssen-test.odoo.rgbconsulting.com\/es\/producto\/yekte-cd\/#primaryimage\",\"url\":\"https:\/\/wpguerssen-test.odoo.rgbconsulting.com\/wp-content\/uploads\/2022\/03\/14049.jpg\",\"contentUrl\":\"https:\/\/wpguerssen-test.odoo.rgbconsulting.com\/wp-content\/uploads\/2022\/03\/14049.jpg\",\"width\":600,\"height\":600,\"caption\":\"ALPAY - Yekte (CD) - PHARAWAY SOUNDS (CD) | Guerssen\"},{\"@type\":\"BreadcrumbList\",\"@id\":\"https:\/\/wpguerssen-test.odoo.rgbconsulting.com\/es\/producto\/yekte-cd\/#breadcrumb\",\"itemListElement\":[{\"@type\":\"ListItem\",\"position\":1,\"name\":\"Inicio\",\"item\":\"https:\/\/wpguerssen-test.odoo.rgbconsulting.com\/es\/\"},{\"@type\":\"ListItem\",\"position\":2,\"name\":\"Shop\",\"item\":\"https:\/\/wpguerssen-test.odoo.rgbconsulting.com\/shop\/\"},{\"@type\":\"ListItem\",\"position\":3,\"name\":\"Yekte (CD)\"}]},{\"@type\":\"WebSite\",\"@id\":\"https:\/\/wpguerssen-test.odoo.rgbconsulting.com\/es\/#website\",\"url\":\"https:\/\/wpguerssen-test.odoo.rgbconsulting.com\/es\/\",\"name\":\"Guerssen records\",\"description\":\"psychedelia - progressive - folk - garage \",\"publisher\":{\"@id\":\"https:\/\/wpguerssen-test.odoo.rgbconsulting.com\/es\/#organization\"},\"potentialAction\":[{\"@type\":\"SearchAction\",\"target\":{\"@type\":\"EntryPoint\",\"urlTemplate\":\"https:\/\/wpguerssen-test.odoo.rgbconsulting.com\/es\/?s={search_term_string}\"},\"query-input\":{\"@type\":\"PropertyValueSpecification\",\"valueRequired\":true,\"valueName\":\"search_term_string\"}}],\"inLanguage\":\"es\"},{\"@type\":\"Organization\",\"@id\":\"https:\/\/wpguerssen-test.odoo.rgbconsulting.com\/es\/#organization\",\"name\":\"Guerssen records\",\"url\":\"https:\/\/wpguerssen-test.odoo.rgbconsulting.com\/es\/\",\"logo\":{\"@type\":\"ImageObject\",\"inLanguage\":\"es\",\"@id\":\"https:\/\/wpguerssen-test.odoo.rgbconsulting.com\/es\/#\/schema\/logo\/image\/\",\"url\":\"https:\/\/wpguerssen-test.odoo.rgbconsulting.com\/wp-content\/uploads\/2022\/04\/Logo_Guerssen_trans_100.png\",\"contentUrl\":\"https:\/\/wpguerssen-test.odoo.rgbconsulting.com\/wp-content\/uploads\/2022\/04\/Logo_Guerssen_trans_100.png\",\"width\":122,\"height\":100,\"caption\":\"Guerssen records\"},\"image\":{\"@id\":\"https:\/\/wpguerssen-test.odoo.rgbconsulting.com\/es\/#\/schema\/logo\/image\/\"}}]}<\/script>\n<!-- \/ Yoast SEO plugin. -->","yoast_head_json":{"title":"ALPAY - Yekte (CD) -  (CD) | Guerssen","description":"In Turkey, psychedelia wasn't just some fleeting fad. Fuzzed-out guitar shredding genuinely intersected with some of the goals of traditional folk & classical music. As a result, even former twist singers & folk balladeers explored some fascinating & wild territory. Meet Alpay, the soccer player turned lawyer turned singer who started matching local lyrics to Western arrangements even before the mid-60s countrywide battle of the bands concerts. These early 70s singles lay down doleful Anatolian melodies, and they're simply soaking in heavy & wah-ed out guitar solos. If you're ready to go beyond Baris & Erkin, this is the perfect spot. #nl# Remastered Sound, insert \/ booklet with liner notes by Angela Sawyer (Weirdo Records) #nl# Tracklist: Can Karag\u00f6zl\u00fcm (1973) - Ask B\u00f6yledir (1972) - Daglarin G\u00f6zyaslari (1972) - Ben Armudu Dislerim (1974) - Suna (1971) - Denizciler (1970) - Ak\u00e7a Kizlar (1971) - Bak Kalbim (1974) - G\u00f6n\u00fcllerde Bahar (1972) - Toprak (1970) - Yekte (1973) - Seni Dileniyorum (1973)","robots":{"index":"index","follow":"follow","max-snippet":"max-snippet:-1","max-image-preview":"max-image-preview:large","max-video-preview":"max-video-preview:-1"},"canonical":"https:\/\/wpguerssen-test.odoo.rgbconsulting.com\/es\/producto\/yekte-cd\/","og_locale":"es_ES","og_type":"article","og_title":"ALPAY - Yekte (CD) -  (CD) | Guerssen","og_description":"In Turkey, psychedelia wasn't just some fleeting fad. Fuzzed-out guitar shredding genuinely intersected with some of the goals of traditional folk & classical music. As a result, even former twist singers & folk balladeers explored some fascinating & wild territory. Meet Alpay, the soccer player turned lawyer turned singer who started matching local lyrics to Western arrangements even before the mid-60s countrywide battle of the bands concerts. These early 70s singles lay down doleful Anatolian melodies, and they're simply soaking in heavy & wah-ed out guitar solos. If you're ready to go beyond Baris & Erkin, this is the perfect spot. #nl# Remastered Sound, insert \/ booklet with liner notes by Angela Sawyer (Weirdo Records) #nl# Tracklist: Can Karag\u00f6zl\u00fcm (1973) - Ask B\u00f6yledir (1972) - Daglarin G\u00f6zyaslari (1972) - Ben Armudu Dislerim (1974) - Suna (1971) - Denizciler (1970) - Ak\u00e7a Kizlar (1971) - Bak Kalbim (1974) - G\u00f6n\u00fcllerde Bahar (1972) - Toprak (1970) - Yekte (1973) - Seni Dileniyorum (1973)","og_url":"https:\/\/wpguerssen-test.odoo.rgbconsulting.com\/es\/producto\/yekte-cd\/","og_site_name":"Guerssen records","article_modified_time":"2025-04-22T13:45:30+00:00","og_image":[{"width":600,"height":600,"url":"https:\/\/wpguerssen-test.odoo.rgbconsulting.com\/wp-content\/uploads\/2022\/03\/14049.jpg","type":"image\/jpeg"}],"twitter_card":"summary_large_image","twitter_title":"ALPAY - Yekte (CD) -  (CD) | Guerssen","twitter_misc":{"Tiempo de lectura":"1 minuto"},"schema":{"@context":"https:\/\/schema.org","@graph":[{"@type":"WebPage","@id":"https:\/\/wpguerssen-test.odoo.rgbconsulting.com\/es\/producto\/yekte-cd\/","url":"https:\/\/wpguerssen-test.odoo.rgbconsulting.com\/es\/producto\/yekte-cd\/","name":"ALPAY - Yekte (CD) - (CD) | Guerssen","isPartOf":{"@id":"https:\/\/wpguerssen-test.odoo.rgbconsulting.com\/es\/#website"},"primaryImageOfPage":{"@id":"https:\/\/wpguerssen-test.odoo.rgbconsulting.com\/es\/producto\/yekte-cd\/#primaryimage"},"image":{"@id":"https:\/\/wpguerssen-test.odoo.rgbconsulting.com\/es\/producto\/yekte-cd\/#primaryimage"},"thumbnailUrl":"https:\/\/wpguerssen-test.odoo.rgbconsulting.com\/wp-content\/uploads\/2022\/03\/14049.jpg","datePublished":"2013-08-26T22:00:00+00:00","dateModified":"2025-04-22T13:45:30+00:00","description":"In Turkey, psychedelia wasn't just some fleeting fad. Fuzzed-out guitar shredding genuinely intersected with some of the goals of traditional folk & classical music. As a result, even former twist singers & folk balladeers explored some fascinating & wild territory. Meet Alpay, the soccer player turned lawyer turned singer who started matching local lyrics to Western arrangements even before the mid-60s countrywide battle of the bands concerts. These early 70s singles lay down doleful Anatolian melodies, and they're simply soaking in heavy & wah-ed out guitar solos. If you're ready to go beyond Baris & Erkin, this is the perfect spot. #nl# Remastered Sound, insert \/ booklet with liner notes by Angela Sawyer (Weirdo Records) #nl# Tracklist: Can Karag\u00f6zl\u00fcm (1973) - Ask B\u00f6yledir (1972) - Daglarin G\u00f6zyaslari (1972) - Ben Armudu Dislerim (1974) - Suna (1971) - Denizciler (1970) - Ak\u00e7a Kizlar (1971) - Bak Kalbim (1974) - G\u00f6n\u00fcllerde Bahar (1972) - Toprak (1970) - Yekte (1973) - Seni Dileniyorum (1973)","breadcrumb":{"@id":"https:\/\/wpguerssen-test.odoo.rgbconsulting.com\/es\/producto\/yekte-cd\/#breadcrumb"},"inLanguage":"es","potentialAction":[{"@type":"ReadAction","target":["https:\/\/wpguerssen-test.odoo.rgbconsulting.com\/es\/producto\/yekte-cd\/"]}]},{"@type":"ImageObject","inLanguage":"es","@id":"https:\/\/wpguerssen-test.odoo.rgbconsulting.com\/es\/producto\/yekte-cd\/#primaryimage","url":"https:\/\/wpguerssen-test.odoo.rgbconsulting.com\/wp-content\/uploads\/2022\/03\/14049.jpg","contentUrl":"https:\/\/wpguerssen-test.odoo.rgbconsulting.com\/wp-content\/uploads\/2022\/03\/14049.jpg","width":600,"height":600,"caption":"ALPAY - Yekte (CD) - PHARAWAY SOUNDS (CD) | Guerssen"},{"@type":"BreadcrumbList","@id":"https:\/\/wpguerssen-test.odoo.rgbconsulting.com\/es\/producto\/yekte-cd\/#breadcrumb","itemListElement":[{"@type":"ListItem","position":1,"name":"Inicio","item":"https:\/\/wpguerssen-test.odoo.rgbconsulting.com\/es\/"},{"@type":"ListItem","position":2,"name":"Shop","item":"https:\/\/wpguerssen-test.odoo.rgbconsulting.com\/shop\/"},{"@type":"ListItem","position":3,"name":"Yekte (CD)"}]},{"@type":"WebSite","@id":"https:\/\/wpguerssen-test.odoo.rgbconsulting.com\/es\/#website","url":"https:\/\/wpguerssen-test.odoo.rgbconsulting.com\/es\/","name":"Guerssen records","description":"psychedelia - progressive - folk - garage ","publisher":{"@id":"https:\/\/wpguerssen-test.odoo.rgbconsulting.com\/es\/#organization"},"potentialAction":[{"@type":"SearchAction","target":{"@type":"EntryPoint","urlTemplate":"https:\/\/wpguerssen-test.odoo.rgbconsulting.com\/es\/?s={search_term_string}"},"query-input":{"@type":"PropertyValueSpecification","valueRequired":true,"valueName":"search_term_string"}}],"inLanguage":"es"},{"@type":"Organization","@id":"https:\/\/wpguerssen-test.odoo.rgbconsulting.com\/es\/#organization","name":"Guerssen records","url":"https:\/\/wpguerssen-test.odoo.rgbconsulting.com\/es\/","logo":{"@type":"ImageObject","inLanguage":"es","@id":"https:\/\/wpguerssen-test.odoo.rgbconsulting.com\/es\/#\/schema\/logo\/image\/","url":"https:\/\/wpguerssen-test.odoo.rgbconsulting.com\/wp-content\/uploads\/2022\/04\/Logo_Guerssen_trans_100.png","contentUrl":"https:\/\/wpguerssen-test.odoo.rgbconsulting.com\/wp-content\/uploads\/2022\/04\/Logo_Guerssen_trans_100.png","width":122,"height":100,"caption":"Guerssen records"},"image":{"@id":"https:\/\/wpguerssen-test.odoo.rgbconsulting.com\/es\/#\/schema\/logo\/image\/"}}]}},"_links":{"self":[{"href":"https:\/\/wpguerssen-test.odoo.rgbconsulting.com\/es\/wp-json\/wp\/v2\/product\/178292","targetHints":{"allow":["GET"]}}],"collection":[{"href":"https:\/\/wpguerssen-test.odoo.rgbconsulting.com\/es\/wp-json\/wp\/v2\/product"}],"about":[{"href":"https:\/\/wpguerssen-test.odoo.rgbconsulting.com\/es\/wp-json\/wp\/v2\/types\/product"}],"wp:featuredmedia":[{"embeddable":true,"href":"https:\/\/wpguerssen-test.odoo.rgbconsulting.com\/es\/wp-json\/wp\/v2\/media\/113955"}],"wp:attachment":[{"href":"https:\/\/wpguerssen-test.odoo.rgbconsulting.com\/es\/wp-json\/wp\/v2\/media?parent=178292"}],"wp:term":[{"taxonomy":"product_brand","embeddable":true,"href":"https:\/\/wpguerssen-test.odoo.rgbconsulting.com\/es\/wp-json\/wp\/v2\/product_brand?post=178292"},{"taxonomy":"product_cat","embeddable":true,"href":"https:\/\/wpguerssen-test.odoo.rgbconsulting.com\/es\/wp-json\/wp\/v2\/product_cat?post=178292"},{"taxonomy":"product_tag","embeddable":true,"href":"https:\/\/wpguerssen-test.odoo.rgbconsulting.com\/es\/wp-json\/wp\/v2\/product_tag?post=178292"}],"curies":[{"name":"wp","href":"https:\/\/api.w.org\/{rel}","templated":true}]}}