{"id":178337,"date":"2013-10-21T00:00:00","date_gmt":"2013-10-20T22:00:00","guid":{"rendered":"http:\/\/guerssen.hl1097.dinaserver.com\/product\/apaslar-kardaslar-mogollar-cd\/"},"modified":"2025-04-25T13:31:42","modified_gmt":"2025-04-25T11:31:42","slug":"apaslar-kardaslar-mogollar-cd","status":"publish","type":"product","link":"https:\/\/wpguerssen-test.odoo.rgbconsulting.com\/es\/producto\/apaslar-kardaslar-mogollar-cd\/","title":{"rendered":"Apaslar, Kardaslar, Mogollar (CD)"},"content":{"rendered":"<p>Sofisticado y apasionado, con predilecci\u00f3n por las gafas de sol m\u00e1s llamativas, Cem Karaca gui\u00f3 a su p\u00fablico en Turqu\u00eda a trav\u00e9s de un tumultuoso y dif\u00edcil per\u00edodo pol\u00edtico, Karaca mezcl\u00f3 letras extra\u00eddas de viejas canciones folk con elementos el\u00e9ctricos. Este es su segundo \u00e1lbum, editado en 1974 y que incluye sus colaboraciones con diferentes agrupaciones hasta llegar a su famosa \u00e9poca con Dervisan. <\/p>\n<p> Sonido remasterizado (suena mejor que el vinilo original), booklet con notas por Angela Sawyer (Weirdo Records). <\/p>\n<p> Tracklist: <\/p>\n<p> Deniz \u00dcst\u00fc K\u00f6p\u00fcr\u00fcr &#8211; Bir Of \u00c7eksem &#8211; Askoros Deresi &#8211; Unut Beni &#8211; Hasan Kalesi &#8211; Gel Gel &#8211; Beyaz Atli &#8211; Edali Gelin &#8211; Ay Karanlik &#8211; El \u00c7ek Tabip &#8211; Ihtiyar Oldum &#8211; Obur D\u00fcnya<\/p>\n","protected":false},"excerpt":{"rendered":"<p>Sofisticado y apasionado, con predilecci\u00f3n por las gafas de sol m\u00e1s llamativas, Cem Karaca gui\u00f3 a su p\u00fablico en Turqu\u00eda a trav\u00e9s de un tumultuoso y dif\u00edcil<a class=\"read\" href=\"https:\/\/wpguerssen-test.odoo.rgbconsulting.com\/es\/producto\/apaslar-kardaslar-mogollar-cd\/\"> (...)<\/a>","protected":false},"featured_media":114048,"template":"","meta":{"_acf_changed":false},"product_brand":[],"product_cat":[21639,23219],"product_tag":[29138,24190],"class_list":{"0":"post-178337","1":"product","2":"type-product","3":"status-publish","4":"has-post-thumbnail","6":"product_cat-psychedelic60s-70s-es","7":"product_cat-funk-es","8":"product_tag-cd-es","9":"product_tag-sales-es","10":"pa_artist-karaca-cem-es","11":"pa_format-cd-2-es","12":"pa_gender-psychedelic60s-70s-funk","13":"pa_label-pharaway-sounds-es","14":"pa_location-eastern-es","16":"first","17":"instock","18":"taxable","19":"shipping-taxable","20":"purchasable","21":"product-type-simple"},"acf":[],"yoast_head":"<!-- This site is optimized with the Yoast SEO plugin v24.9 - https:\/\/yoast.com\/wordpress\/plugins\/seo\/ -->\n<title>KARACA, Cem - Apaslar, Kardaslar, Mogollar (CD) -  (CD) | Guerssen<\/title>\n<meta name=\"description\" content=\"Sophisticated &amp; passionate, with flamboyant taste in sunglasses, Cem Karaca once led Istanbul&#039;s music fans through a period of violent political turmoil. Karaca reworked traditional folk lyrics with molten electric bass lines that played up both a poet&#039;s broiling righteousness and also his listeners&#039; common ground with their elders in Turkey&#039;s history.This is the second album from Karaca, released in 1974. It leads the listener through Karaca&#039;s own musical history, skipping across various collaborations and bands up to his then-current project Dervisan. Can throbbing Anatolian guitars take on the assassins of the Grey Wolves? Imagine a hairy pied piper with R Kelly&#039;s flair for drama, wailing into a microphone over an electric baglama, and you&#039;re ready to enter the bohemian world of Papa Cem. #nl# Remastered sound (sounding much better than the original pressing), booklet with detailed liner notes. #nl# Tracklist: #nl# Deniz \u00dcst\u00fc K\u00f6p\u00fcr\u00fcr - Bir Of \u00c7eksem - Askoros Deresi - Unut Beni - Hasan Kalesi - Gel Gel - Beyaz Atli - Edali Gelin - Ay Karanlik - El \u00c7ek Tabip - Ihtiyar Oldum - Obur D\u00fcnya\" \/>\n<meta name=\"robots\" content=\"index, follow, max-snippet:-1, max-image-preview:large, max-video-preview:-1\" \/>\n<link rel=\"canonical\" href=\"https:\/\/wpguerssen-test.odoo.rgbconsulting.com\/es\/producto\/apaslar-kardaslar-mogollar-cd\/\" \/>\n<meta property=\"og:locale\" content=\"es_ES\" \/>\n<meta property=\"og:type\" content=\"article\" \/>\n<meta property=\"og:title\" content=\"KARACA, Cem - Apaslar, Kardaslar, Mogollar (CD) -  (CD) | Guerssen\" \/>\n<meta property=\"og:description\" content=\"Sophisticated &amp; passionate, with flamboyant taste in sunglasses, Cem Karaca once led Istanbul&#039;s music fans through a period of violent political turmoil. Karaca reworked traditional folk lyrics with molten electric bass lines that played up both a poet&#039;s broiling righteousness and also his listeners&#039; common ground with their elders in Turkey&#039;s history.This is the second album from Karaca, released in 1974. It leads the listener through Karaca&#039;s own musical history, skipping across various collaborations and bands up to his then-current project Dervisan. Can throbbing Anatolian guitars take on the assassins of the Grey Wolves? Imagine a hairy pied piper with R Kelly&#039;s flair for drama, wailing into a microphone over an electric baglama, and you&#039;re ready to enter the bohemian world of Papa Cem. #nl# Remastered sound (sounding much better than the original pressing), booklet with detailed liner notes. #nl# Tracklist: #nl# Deniz \u00dcst\u00fc K\u00f6p\u00fcr\u00fcr - Bir Of \u00c7eksem - Askoros Deresi - Unut Beni - Hasan Kalesi - Gel Gel - Beyaz Atli - Edali Gelin - Ay Karanlik - El \u00c7ek Tabip - Ihtiyar Oldum - Obur D\u00fcnya\" \/>\n<meta property=\"og:url\" content=\"https:\/\/wpguerssen-test.odoo.rgbconsulting.com\/es\/producto\/apaslar-kardaslar-mogollar-cd\/\" \/>\n<meta property=\"og:site_name\" content=\"Guerssen records\" \/>\n<meta property=\"article:modified_time\" content=\"2025-04-25T11:31:42+00:00\" \/>\n<meta property=\"og:image\" content=\"https:\/\/wpguerssen-test.odoo.rgbconsulting.com\/wp-content\/uploads\/2022\/03\/14298.jpg\" \/>\n\t<meta property=\"og:image:width\" content=\"600\" \/>\n\t<meta property=\"og:image:height\" content=\"600\" \/>\n\t<meta property=\"og:image:type\" content=\"image\/jpeg\" \/>\n<meta name=\"twitter:card\" content=\"summary_large_image\" \/>\n<meta name=\"twitter:title\" content=\"KARACA, Cem - Apaslar, Kardaslar, Mogollar (CD) -  (CD) | Guerssen\" \/>\n<meta name=\"twitter:label1\" content=\"Tiempo de lectura\" \/>\n\t<meta name=\"twitter:data1\" content=\"1 minuto\" \/>\n<script type=\"application\/ld+json\" class=\"yoast-schema-graph\">{\"@context\":\"https:\/\/schema.org\",\"@graph\":[{\"@type\":\"WebPage\",\"@id\":\"https:\/\/wpguerssen-test.odoo.rgbconsulting.com\/es\/producto\/apaslar-kardaslar-mogollar-cd\/\",\"url\":\"https:\/\/wpguerssen-test.odoo.rgbconsulting.com\/es\/producto\/apaslar-kardaslar-mogollar-cd\/\",\"name\":\"KARACA, Cem - Apaslar, Kardaslar, Mogollar (CD) - (CD) | Guerssen\",\"isPartOf\":{\"@id\":\"https:\/\/wpguerssen-test.odoo.rgbconsulting.com\/es\/#website\"},\"primaryImageOfPage\":{\"@id\":\"https:\/\/wpguerssen-test.odoo.rgbconsulting.com\/es\/producto\/apaslar-kardaslar-mogollar-cd\/#primaryimage\"},\"image\":{\"@id\":\"https:\/\/wpguerssen-test.odoo.rgbconsulting.com\/es\/producto\/apaslar-kardaslar-mogollar-cd\/#primaryimage\"},\"thumbnailUrl\":\"https:\/\/wpguerssen-test.odoo.rgbconsulting.com\/wp-content\/uploads\/2022\/03\/14298.jpg\",\"datePublished\":\"2013-10-20T22:00:00+00:00\",\"dateModified\":\"2025-04-25T11:31:42+00:00\",\"description\":\"Sophisticated & passionate, with flamboyant taste in sunglasses, Cem Karaca once led Istanbul's music fans through a period of violent political turmoil. Karaca reworked traditional folk lyrics with molten electric bass lines that played up both a poet's broiling righteousness and also his listeners' common ground with their elders in Turkey's history.This is the second album from Karaca, released in 1974. It leads the listener through Karaca's own musical history, skipping across various collaborations and bands up to his then-current project Dervisan. Can throbbing Anatolian guitars take on the assassins of the Grey Wolves? Imagine a hairy pied piper with R Kelly's flair for drama, wailing into a microphone over an electric baglama, and you're ready to enter the bohemian world of Papa Cem. #nl# Remastered sound (sounding much better than the original pressing), booklet with detailed liner notes. #nl# Tracklist: #nl# Deniz \u00dcst\u00fc K\u00f6p\u00fcr\u00fcr - Bir Of \u00c7eksem - Askoros Deresi - Unut Beni - Hasan Kalesi - Gel Gel - Beyaz Atli - Edali Gelin - Ay Karanlik - El \u00c7ek Tabip - Ihtiyar Oldum - Obur D\u00fcnya\",\"breadcrumb\":{\"@id\":\"https:\/\/wpguerssen-test.odoo.rgbconsulting.com\/es\/producto\/apaslar-kardaslar-mogollar-cd\/#breadcrumb\"},\"inLanguage\":\"es\",\"potentialAction\":[{\"@type\":\"ReadAction\",\"target\":[\"https:\/\/wpguerssen-test.odoo.rgbconsulting.com\/es\/producto\/apaslar-kardaslar-mogollar-cd\/\"]}]},{\"@type\":\"ImageObject\",\"inLanguage\":\"es\",\"@id\":\"https:\/\/wpguerssen-test.odoo.rgbconsulting.com\/es\/producto\/apaslar-kardaslar-mogollar-cd\/#primaryimage\",\"url\":\"https:\/\/wpguerssen-test.odoo.rgbconsulting.com\/wp-content\/uploads\/2022\/03\/14298.jpg\",\"contentUrl\":\"https:\/\/wpguerssen-test.odoo.rgbconsulting.com\/wp-content\/uploads\/2022\/03\/14298.jpg\",\"width\":600,\"height\":600,\"caption\":\"Cem - Apaslar\"},{\"@type\":\"BreadcrumbList\",\"@id\":\"https:\/\/wpguerssen-test.odoo.rgbconsulting.com\/es\/producto\/apaslar-kardaslar-mogollar-cd\/#breadcrumb\",\"itemListElement\":[{\"@type\":\"ListItem\",\"position\":1,\"name\":\"Inicio\",\"item\":\"https:\/\/wpguerssen-test.odoo.rgbconsulting.com\/es\/\"},{\"@type\":\"ListItem\",\"position\":2,\"name\":\"Shop\",\"item\":\"https:\/\/wpguerssen-test.odoo.rgbconsulting.com\/shop\/\"},{\"@type\":\"ListItem\",\"position\":3,\"name\":\"Apaslar, Kardaslar, Mogollar (CD)\"}]},{\"@type\":\"WebSite\",\"@id\":\"https:\/\/wpguerssen-test.odoo.rgbconsulting.com\/es\/#website\",\"url\":\"https:\/\/wpguerssen-test.odoo.rgbconsulting.com\/es\/\",\"name\":\"Guerssen records\",\"description\":\"psychedelia - progressive - folk - garage \",\"publisher\":{\"@id\":\"https:\/\/wpguerssen-test.odoo.rgbconsulting.com\/es\/#organization\"},\"potentialAction\":[{\"@type\":\"SearchAction\",\"target\":{\"@type\":\"EntryPoint\",\"urlTemplate\":\"https:\/\/wpguerssen-test.odoo.rgbconsulting.com\/es\/?s={search_term_string}\"},\"query-input\":{\"@type\":\"PropertyValueSpecification\",\"valueRequired\":true,\"valueName\":\"search_term_string\"}}],\"inLanguage\":\"es\"},{\"@type\":\"Organization\",\"@id\":\"https:\/\/wpguerssen-test.odoo.rgbconsulting.com\/es\/#organization\",\"name\":\"Guerssen records\",\"url\":\"https:\/\/wpguerssen-test.odoo.rgbconsulting.com\/es\/\",\"logo\":{\"@type\":\"ImageObject\",\"inLanguage\":\"es\",\"@id\":\"https:\/\/wpguerssen-test.odoo.rgbconsulting.com\/es\/#\/schema\/logo\/image\/\",\"url\":\"https:\/\/wpguerssen-test.odoo.rgbconsulting.com\/wp-content\/uploads\/2022\/04\/Logo_Guerssen_trans_100.png\",\"contentUrl\":\"https:\/\/wpguerssen-test.odoo.rgbconsulting.com\/wp-content\/uploads\/2022\/04\/Logo_Guerssen_trans_100.png\",\"width\":122,\"height\":100,\"caption\":\"Guerssen records\"},\"image\":{\"@id\":\"https:\/\/wpguerssen-test.odoo.rgbconsulting.com\/es\/#\/schema\/logo\/image\/\"}}]}<\/script>\n<!-- \/ Yoast SEO plugin. -->","yoast_head_json":{"title":"KARACA, Cem - Apaslar, Kardaslar, Mogollar (CD) -  (CD) | Guerssen","description":"Sophisticated & passionate, with flamboyant taste in sunglasses, Cem Karaca once led Istanbul's music fans through a period of violent political turmoil. Karaca reworked traditional folk lyrics with molten electric bass lines that played up both a poet's broiling righteousness and also his listeners' common ground with their elders in Turkey's history.This is the second album from Karaca, released in 1974. It leads the listener through Karaca's own musical history, skipping across various collaborations and bands up to his then-current project Dervisan. Can throbbing Anatolian guitars take on the assassins of the Grey Wolves? Imagine a hairy pied piper with R Kelly's flair for drama, wailing into a microphone over an electric baglama, and you're ready to enter the bohemian world of Papa Cem. #nl# Remastered sound (sounding much better than the original pressing), booklet with detailed liner notes. #nl# Tracklist: #nl# Deniz \u00dcst\u00fc K\u00f6p\u00fcr\u00fcr - Bir Of \u00c7eksem - Askoros Deresi - Unut Beni - Hasan Kalesi - Gel Gel - Beyaz Atli - Edali Gelin - Ay Karanlik - El \u00c7ek Tabip - Ihtiyar Oldum - Obur D\u00fcnya","robots":{"index":"index","follow":"follow","max-snippet":"max-snippet:-1","max-image-preview":"max-image-preview:large","max-video-preview":"max-video-preview:-1"},"canonical":"https:\/\/wpguerssen-test.odoo.rgbconsulting.com\/es\/producto\/apaslar-kardaslar-mogollar-cd\/","og_locale":"es_ES","og_type":"article","og_title":"KARACA, Cem - Apaslar, Kardaslar, Mogollar (CD) -  (CD) | Guerssen","og_description":"Sophisticated & passionate, with flamboyant taste in sunglasses, Cem Karaca once led Istanbul's music fans through a period of violent political turmoil. Karaca reworked traditional folk lyrics with molten electric bass lines that played up both a poet's broiling righteousness and also his listeners' common ground with their elders in Turkey's history.This is the second album from Karaca, released in 1974. It leads the listener through Karaca's own musical history, skipping across various collaborations and bands up to his then-current project Dervisan. Can throbbing Anatolian guitars take on the assassins of the Grey Wolves? Imagine a hairy pied piper with R Kelly's flair for drama, wailing into a microphone over an electric baglama, and you're ready to enter the bohemian world of Papa Cem. #nl# Remastered sound (sounding much better than the original pressing), booklet with detailed liner notes. #nl# Tracklist: #nl# Deniz \u00dcst\u00fc K\u00f6p\u00fcr\u00fcr - Bir Of \u00c7eksem - Askoros Deresi - Unut Beni - Hasan Kalesi - Gel Gel - Beyaz Atli - Edali Gelin - Ay Karanlik - El \u00c7ek Tabip - Ihtiyar Oldum - Obur D\u00fcnya","og_url":"https:\/\/wpguerssen-test.odoo.rgbconsulting.com\/es\/producto\/apaslar-kardaslar-mogollar-cd\/","og_site_name":"Guerssen records","article_modified_time":"2025-04-25T11:31:42+00:00","og_image":[{"width":600,"height":600,"url":"https:\/\/wpguerssen-test.odoo.rgbconsulting.com\/wp-content\/uploads\/2022\/03\/14298.jpg","type":"image\/jpeg"}],"twitter_card":"summary_large_image","twitter_title":"KARACA, Cem - Apaslar, Kardaslar, Mogollar (CD) -  (CD) | Guerssen","twitter_misc":{"Tiempo de lectura":"1 minuto"},"schema":{"@context":"https:\/\/schema.org","@graph":[{"@type":"WebPage","@id":"https:\/\/wpguerssen-test.odoo.rgbconsulting.com\/es\/producto\/apaslar-kardaslar-mogollar-cd\/","url":"https:\/\/wpguerssen-test.odoo.rgbconsulting.com\/es\/producto\/apaslar-kardaslar-mogollar-cd\/","name":"KARACA, Cem - Apaslar, Kardaslar, Mogollar (CD) - (CD) | Guerssen","isPartOf":{"@id":"https:\/\/wpguerssen-test.odoo.rgbconsulting.com\/es\/#website"},"primaryImageOfPage":{"@id":"https:\/\/wpguerssen-test.odoo.rgbconsulting.com\/es\/producto\/apaslar-kardaslar-mogollar-cd\/#primaryimage"},"image":{"@id":"https:\/\/wpguerssen-test.odoo.rgbconsulting.com\/es\/producto\/apaslar-kardaslar-mogollar-cd\/#primaryimage"},"thumbnailUrl":"https:\/\/wpguerssen-test.odoo.rgbconsulting.com\/wp-content\/uploads\/2022\/03\/14298.jpg","datePublished":"2013-10-20T22:00:00+00:00","dateModified":"2025-04-25T11:31:42+00:00","description":"Sophisticated & passionate, with flamboyant taste in sunglasses, Cem Karaca once led Istanbul's music fans through a period of violent political turmoil. Karaca reworked traditional folk lyrics with molten electric bass lines that played up both a poet's broiling righteousness and also his listeners' common ground with their elders in Turkey's history.This is the second album from Karaca, released in 1974. It leads the listener through Karaca's own musical history, skipping across various collaborations and bands up to his then-current project Dervisan. Can throbbing Anatolian guitars take on the assassins of the Grey Wolves? Imagine a hairy pied piper with R Kelly's flair for drama, wailing into a microphone over an electric baglama, and you're ready to enter the bohemian world of Papa Cem. #nl# Remastered sound (sounding much better than the original pressing), booklet with detailed liner notes. #nl# Tracklist: #nl# Deniz \u00dcst\u00fc K\u00f6p\u00fcr\u00fcr - Bir Of \u00c7eksem - Askoros Deresi - Unut Beni - Hasan Kalesi - Gel Gel - Beyaz Atli - Edali Gelin - Ay Karanlik - El \u00c7ek Tabip - Ihtiyar Oldum - Obur D\u00fcnya","breadcrumb":{"@id":"https:\/\/wpguerssen-test.odoo.rgbconsulting.com\/es\/producto\/apaslar-kardaslar-mogollar-cd\/#breadcrumb"},"inLanguage":"es","potentialAction":[{"@type":"ReadAction","target":["https:\/\/wpguerssen-test.odoo.rgbconsulting.com\/es\/producto\/apaslar-kardaslar-mogollar-cd\/"]}]},{"@type":"ImageObject","inLanguage":"es","@id":"https:\/\/wpguerssen-test.odoo.rgbconsulting.com\/es\/producto\/apaslar-kardaslar-mogollar-cd\/#primaryimage","url":"https:\/\/wpguerssen-test.odoo.rgbconsulting.com\/wp-content\/uploads\/2022\/03\/14298.jpg","contentUrl":"https:\/\/wpguerssen-test.odoo.rgbconsulting.com\/wp-content\/uploads\/2022\/03\/14298.jpg","width":600,"height":600,"caption":"Cem - Apaslar"},{"@type":"BreadcrumbList","@id":"https:\/\/wpguerssen-test.odoo.rgbconsulting.com\/es\/producto\/apaslar-kardaslar-mogollar-cd\/#breadcrumb","itemListElement":[{"@type":"ListItem","position":1,"name":"Inicio","item":"https:\/\/wpguerssen-test.odoo.rgbconsulting.com\/es\/"},{"@type":"ListItem","position":2,"name":"Shop","item":"https:\/\/wpguerssen-test.odoo.rgbconsulting.com\/shop\/"},{"@type":"ListItem","position":3,"name":"Apaslar, Kardaslar, Mogollar (CD)"}]},{"@type":"WebSite","@id":"https:\/\/wpguerssen-test.odoo.rgbconsulting.com\/es\/#website","url":"https:\/\/wpguerssen-test.odoo.rgbconsulting.com\/es\/","name":"Guerssen records","description":"psychedelia - progressive - folk - garage ","publisher":{"@id":"https:\/\/wpguerssen-test.odoo.rgbconsulting.com\/es\/#organization"},"potentialAction":[{"@type":"SearchAction","target":{"@type":"EntryPoint","urlTemplate":"https:\/\/wpguerssen-test.odoo.rgbconsulting.com\/es\/?s={search_term_string}"},"query-input":{"@type":"PropertyValueSpecification","valueRequired":true,"valueName":"search_term_string"}}],"inLanguage":"es"},{"@type":"Organization","@id":"https:\/\/wpguerssen-test.odoo.rgbconsulting.com\/es\/#organization","name":"Guerssen records","url":"https:\/\/wpguerssen-test.odoo.rgbconsulting.com\/es\/","logo":{"@type":"ImageObject","inLanguage":"es","@id":"https:\/\/wpguerssen-test.odoo.rgbconsulting.com\/es\/#\/schema\/logo\/image\/","url":"https:\/\/wpguerssen-test.odoo.rgbconsulting.com\/wp-content\/uploads\/2022\/04\/Logo_Guerssen_trans_100.png","contentUrl":"https:\/\/wpguerssen-test.odoo.rgbconsulting.com\/wp-content\/uploads\/2022\/04\/Logo_Guerssen_trans_100.png","width":122,"height":100,"caption":"Guerssen records"},"image":{"@id":"https:\/\/wpguerssen-test.odoo.rgbconsulting.com\/es\/#\/schema\/logo\/image\/"}}]}},"_links":{"self":[{"href":"https:\/\/wpguerssen-test.odoo.rgbconsulting.com\/es\/wp-json\/wp\/v2\/product\/178337","targetHints":{"allow":["GET"]}}],"collection":[{"href":"https:\/\/wpguerssen-test.odoo.rgbconsulting.com\/es\/wp-json\/wp\/v2\/product"}],"about":[{"href":"https:\/\/wpguerssen-test.odoo.rgbconsulting.com\/es\/wp-json\/wp\/v2\/types\/product"}],"wp:featuredmedia":[{"embeddable":true,"href":"https:\/\/wpguerssen-test.odoo.rgbconsulting.com\/es\/wp-json\/wp\/v2\/media\/114048"}],"wp:attachment":[{"href":"https:\/\/wpguerssen-test.odoo.rgbconsulting.com\/es\/wp-json\/wp\/v2\/media?parent=178337"}],"wp:term":[{"taxonomy":"product_brand","embeddable":true,"href":"https:\/\/wpguerssen-test.odoo.rgbconsulting.com\/es\/wp-json\/wp\/v2\/product_brand?post=178337"},{"taxonomy":"product_cat","embeddable":true,"href":"https:\/\/wpguerssen-test.odoo.rgbconsulting.com\/es\/wp-json\/wp\/v2\/product_cat?post=178337"},{"taxonomy":"product_tag","embeddable":true,"href":"https:\/\/wpguerssen-test.odoo.rgbconsulting.com\/es\/wp-json\/wp\/v2\/product_tag?post=178337"}],"curies":[{"name":"wp","href":"https:\/\/api.w.org\/{rel}","templated":true}]}}