{"id":178338,"date":"2013-11-06T00:00:00","date_gmt":"2013-11-05T23:00:00","guid":{"rendered":"http:\/\/guerssen.hl1097.dinaserver.com\/product\/anadoluyum-cd\/"},"modified":"2025-04-22T15:45:38","modified_gmt":"2025-04-22T13:45:38","slug":"anadoluyum-cd","status":"publish","type":"product","link":"https:\/\/wpguerssen-test.odoo.rgbconsulting.com\/es\/producto\/anadoluyum-cd\/","title":{"rendered":"Anadolu&#8217;yum (CD)"},"content":{"rendered":"<p>Qu\u00e9 hubiese pasado si Bob Dylan fuese un dentista que reclutaba a Keith Emerson para tocar los teclados en canciones escritas por \u00e9l para una obra? Pues algo parecido ocurri\u00f3 en Estanbul. Fikret fue un cantante folk turco que al mismo tiempo que trabajaba de dentista, tocaba la guitarra en un grupo beat inspirado por los Beatles. Al poco tiempo descart\u00f3 estas dos aficiones para dedicarse a sonidos ac\u00fasticos que evocaban las viejas melod\u00edas de la Turqu\u00eda rural. Pero a principios de los 70, Fikret grab\u00f3 una serie de singles acompa\u00f1ados por grupos de rock, mezclando melod\u00edas turcas con psicodelia, funk y rock progresivo. Todo un festival de guitarras fuzz, flautas, Hammond&#8230;Esta recopilaci\u00f3n de su per\u00edodo comprendido entre 1971 y 1975 es una muestra de la gran riqueza del Anatolian Rock. <\/p>\n<p> Sonido remasterizado, libreto con fotos y notas por Angela Sawyer. <\/p>\n<p> Tracklist: <\/p>\n<p> G\u00fcn Ola Devran D\u00f6ne (1971) &#8211; Leylim Leylim (1972) &#8211; Anadolu&#8217;yum (1972 &#038; 1975) &#8211; Tutamadim Ellerini (1973) &#8211; Insan miyim Mahluk muyum Ot muyum (1974) &#8211; Anadolu&#8217;yum &#8217;75 a.k.a. Akin var Akin (1975) &#8211; Askin Olmadigi Yerde (1974) &#8211; K\u00f6roglu Daglari (1973) &#8211; Bacin \u00d6nde Ben Arkada (1973) &#8211; Haberin Var mi (1974) &#8211; K\u00f6r Pencere (1974) &#8211; Dar Agaci  (1975) &#8211; G\u00f6zlerinden Bellidir (1972) &#8211; Koyverdin Gittin Beni (1973)<\/p>\n","protected":false},"excerpt":{"rendered":"<p>Qu\u00e9 hubiese pasado si Bob Dylan fuese un dentista que reclutaba a Keith Emerson para tocar los teclados en canciones escritas por \u00e9l para una obra? Pues algo parecido<a class=\"read\" href=\"https:\/\/wpguerssen-test.odoo.rgbconsulting.com\/es\/producto\/anadoluyum-cd\/\"> (...)<\/a>","protected":false},"featured_media":114054,"template":"","meta":{"_acf_changed":false},"product_brand":[],"product_cat":[23281,21639],"product_tag":[29138,24190],"class_list":{"0":"post-178338","1":"product","2":"type-product","3":"status-publish","4":"has-post-thumbnail","6":"product_cat-garagebeatrnb60-70-es","7":"product_cat-psychedelic60s-70s-es","8":"product_tag-cd-es","9":"product_tag-sales-es","10":"pa_artist-kizilok-fikret-es","11":"pa_format-cd-2-es","12":"pa_gender-garage-beat-rnb60-70-psychedelic60s-70s","13":"pa_label-pharaway-sounds-es","14":"pa_location-eastern-es","16":"first","17":"instock","18":"taxable","19":"shipping-taxable","20":"purchasable","21":"product-type-simple"},"acf":[],"yoast_head":"<!-- This site is optimized with the Yoast SEO plugin v24.9 - https:\/\/yoast.com\/wordpress\/plugins\/seo\/ -->\n<title>KIZILOK, Fikret - Anadolu&#039;yum (CD) -  (CD) | Guerssen<\/title>\n<meta name=\"description\" content=\"What if Bob Dylan was also a dentist, and then he hired Keith Emerson to play keyboards on songs he wrote for a play? It happened in Istanbul, friends. Turkish folk singer Fikret Kizilok started out balancing his interest in the toothy arts with playing rhythm guitar in a Beatles knock-off band. He quickly gave both up for more serious acoustic songwriting, unveiling aged melodies and florid picking that evoked the long history of the hilly Turkish countryside. In the early 70s, while trying to recover from a period of mourning, Kizilok also hired an electric &amp; very splashy backing band, and started throwing in prog flute and ritzy Doorsish organ rips. #nl# This collection of singles from 1971-75 lets you taste each of Kizilok&#039;s and Anatolia&#039;s many moods. #nl# Remastered sound, booklet with liner notes and pictures. #nl# Tracklist: #nl# G\u00fcn Ola Devran D\u00f6ne (1971) - Leylim Leylim (1972) - Anadolu&#039;yum (1972 &amp; 1975) - Tutamadim Ellerini (1973) - Insan miyim Mahluk muyum Ot muyum (1974) - Anadolu&#039;yum &#039;75 a.k.a. Akin var Akin (1975) - Askin Olmadigi Yerde (1974) - K\u00f6roglu Daglari (1973) - Bacin \u00d6nde Ben Arkada (1973) - Haberin Var mi (1974) - K\u00f6r Pencere (1974) - Dar Agaci (1975) - G\u00f6zlerinden Bellidir (1972) - Koyverdin Gittin Beni (1973)\" \/>\n<meta name=\"robots\" content=\"index, follow, max-snippet:-1, max-image-preview:large, max-video-preview:-1\" \/>\n<link rel=\"canonical\" href=\"https:\/\/wpguerssen-test.odoo.rgbconsulting.com\/es\/producto\/anadoluyum-cd\/\" \/>\n<meta property=\"og:locale\" content=\"es_ES\" \/>\n<meta property=\"og:type\" content=\"article\" \/>\n<meta property=\"og:title\" content=\"KIZILOK, Fikret - Anadolu&#039;yum (CD) -  (CD) | Guerssen\" \/>\n<meta property=\"og:description\" content=\"What if Bob Dylan was also a dentist, and then he hired Keith Emerson to play keyboards on songs he wrote for a play? It happened in Istanbul, friends. Turkish folk singer Fikret Kizilok started out balancing his interest in the toothy arts with playing rhythm guitar in a Beatles knock-off band. He quickly gave both up for more serious acoustic songwriting, unveiling aged melodies and florid picking that evoked the long history of the hilly Turkish countryside. In the early 70s, while trying to recover from a period of mourning, Kizilok also hired an electric &amp; very splashy backing band, and started throwing in prog flute and ritzy Doorsish organ rips. #nl# This collection of singles from 1971-75 lets you taste each of Kizilok&#039;s and Anatolia&#039;s many moods. #nl# Remastered sound, booklet with liner notes and pictures. #nl# Tracklist: #nl# G\u00fcn Ola Devran D\u00f6ne (1971) - Leylim Leylim (1972) - Anadolu&#039;yum (1972 &amp; 1975) - Tutamadim Ellerini (1973) - Insan miyim Mahluk muyum Ot muyum (1974) - Anadolu&#039;yum &#039;75 a.k.a. Akin var Akin (1975) - Askin Olmadigi Yerde (1974) - K\u00f6roglu Daglari (1973) - Bacin \u00d6nde Ben Arkada (1973) - Haberin Var mi (1974) - K\u00f6r Pencere (1974) - Dar Agaci (1975) - G\u00f6zlerinden Bellidir (1972) - Koyverdin Gittin Beni (1973)\" \/>\n<meta property=\"og:url\" content=\"https:\/\/wpguerssen-test.odoo.rgbconsulting.com\/es\/producto\/anadoluyum-cd\/\" \/>\n<meta property=\"og:site_name\" content=\"Guerssen records\" \/>\n<meta property=\"article:modified_time\" content=\"2025-04-22T13:45:38+00:00\" \/>\n<meta property=\"og:image\" content=\"https:\/\/wpguerssen-test.odoo.rgbconsulting.com\/wp-content\/uploads\/2022\/03\/14300.jpg\" \/>\n\t<meta property=\"og:image:width\" content=\"600\" \/>\n\t<meta property=\"og:image:height\" content=\"600\" \/>\n\t<meta property=\"og:image:type\" content=\"image\/jpeg\" \/>\n<meta name=\"twitter:card\" content=\"summary_large_image\" \/>\n<meta name=\"twitter:title\" content=\"KIZILOK, Fikret - Anadolu&#039;yum (CD) -  (CD) | Guerssen\" \/>\n<meta name=\"twitter:label1\" content=\"Tiempo de lectura\" \/>\n\t<meta name=\"twitter:data1\" content=\"1 minuto\" \/>\n<script type=\"application\/ld+json\" class=\"yoast-schema-graph\">{\"@context\":\"https:\/\/schema.org\",\"@graph\":[{\"@type\":\"WebPage\",\"@id\":\"https:\/\/wpguerssen-test.odoo.rgbconsulting.com\/es\/producto\/anadoluyum-cd\/\",\"url\":\"https:\/\/wpguerssen-test.odoo.rgbconsulting.com\/es\/producto\/anadoluyum-cd\/\",\"name\":\"KIZILOK, Fikret - Anadolu'yum (CD) - (CD) | Guerssen\",\"isPartOf\":{\"@id\":\"https:\/\/wpguerssen-test.odoo.rgbconsulting.com\/es\/#website\"},\"primaryImageOfPage\":{\"@id\":\"https:\/\/wpguerssen-test.odoo.rgbconsulting.com\/es\/producto\/anadoluyum-cd\/#primaryimage\"},\"image\":{\"@id\":\"https:\/\/wpguerssen-test.odoo.rgbconsulting.com\/es\/producto\/anadoluyum-cd\/#primaryimage\"},\"thumbnailUrl\":\"https:\/\/wpguerssen-test.odoo.rgbconsulting.com\/wp-content\/uploads\/2022\/03\/14300.jpg\",\"datePublished\":\"2013-11-05T23:00:00+00:00\",\"dateModified\":\"2025-04-22T13:45:38+00:00\",\"description\":\"What if Bob Dylan was also a dentist, and then he hired Keith Emerson to play keyboards on songs he wrote for a play? It happened in Istanbul, friends. Turkish folk singer Fikret Kizilok started out balancing his interest in the toothy arts with playing rhythm guitar in a Beatles knock-off band. He quickly gave both up for more serious acoustic songwriting, unveiling aged melodies and florid picking that evoked the long history of the hilly Turkish countryside. In the early 70s, while trying to recover from a period of mourning, Kizilok also hired an electric & very splashy backing band, and started throwing in prog flute and ritzy Doorsish organ rips. #nl# This collection of singles from 1971-75 lets you taste each of Kizilok's and Anatolia's many moods. #nl# Remastered sound, booklet with liner notes and pictures. #nl# Tracklist: #nl# G\u00fcn Ola Devran D\u00f6ne (1971) - Leylim Leylim (1972) - Anadolu'yum (1972 & 1975) - Tutamadim Ellerini (1973) - Insan miyim Mahluk muyum Ot muyum (1974) - Anadolu'yum '75 a.k.a. Akin var Akin (1975) - Askin Olmadigi Yerde (1974) - K\u00f6roglu Daglari (1973) - Bacin \u00d6nde Ben Arkada (1973) - Haberin Var mi (1974) - K\u00f6r Pencere (1974) - Dar Agaci (1975) - G\u00f6zlerinden Bellidir (1972) - Koyverdin Gittin Beni (1973)\",\"breadcrumb\":{\"@id\":\"https:\/\/wpguerssen-test.odoo.rgbconsulting.com\/es\/producto\/anadoluyum-cd\/#breadcrumb\"},\"inLanguage\":\"es\",\"potentialAction\":[{\"@type\":\"ReadAction\",\"target\":[\"https:\/\/wpguerssen-test.odoo.rgbconsulting.com\/es\/producto\/anadoluyum-cd\/\"]}]},{\"@type\":\"ImageObject\",\"inLanguage\":\"es\",\"@id\":\"https:\/\/wpguerssen-test.odoo.rgbconsulting.com\/es\/producto\/anadoluyum-cd\/#primaryimage\",\"url\":\"https:\/\/wpguerssen-test.odoo.rgbconsulting.com\/wp-content\/uploads\/2022\/03\/14300.jpg\",\"contentUrl\":\"https:\/\/wpguerssen-test.odoo.rgbconsulting.com\/wp-content\/uploads\/2022\/03\/14300.jpg\",\"width\":600,\"height\":600,\"caption\":\"Fikret - Anadolu'yum (CD) - PHARAWAY SOUNDS (CD) | Guerssen\"},{\"@type\":\"BreadcrumbList\",\"@id\":\"https:\/\/wpguerssen-test.odoo.rgbconsulting.com\/es\/producto\/anadoluyum-cd\/#breadcrumb\",\"itemListElement\":[{\"@type\":\"ListItem\",\"position\":1,\"name\":\"Inicio\",\"item\":\"https:\/\/wpguerssen-test.odoo.rgbconsulting.com\/es\/\"},{\"@type\":\"ListItem\",\"position\":2,\"name\":\"Shop\",\"item\":\"https:\/\/wpguerssen-test.odoo.rgbconsulting.com\/shop\/\"},{\"@type\":\"ListItem\",\"position\":3,\"name\":\"Anadolu&#8217;yum (CD)\"}]},{\"@type\":\"WebSite\",\"@id\":\"https:\/\/wpguerssen-test.odoo.rgbconsulting.com\/es\/#website\",\"url\":\"https:\/\/wpguerssen-test.odoo.rgbconsulting.com\/es\/\",\"name\":\"Guerssen records\",\"description\":\"psychedelia - progressive - folk - garage \",\"publisher\":{\"@id\":\"https:\/\/wpguerssen-test.odoo.rgbconsulting.com\/es\/#organization\"},\"potentialAction\":[{\"@type\":\"SearchAction\",\"target\":{\"@type\":\"EntryPoint\",\"urlTemplate\":\"https:\/\/wpguerssen-test.odoo.rgbconsulting.com\/es\/?s={search_term_string}\"},\"query-input\":{\"@type\":\"PropertyValueSpecification\",\"valueRequired\":true,\"valueName\":\"search_term_string\"}}],\"inLanguage\":\"es\"},{\"@type\":\"Organization\",\"@id\":\"https:\/\/wpguerssen-test.odoo.rgbconsulting.com\/es\/#organization\",\"name\":\"Guerssen records\",\"url\":\"https:\/\/wpguerssen-test.odoo.rgbconsulting.com\/es\/\",\"logo\":{\"@type\":\"ImageObject\",\"inLanguage\":\"es\",\"@id\":\"https:\/\/wpguerssen-test.odoo.rgbconsulting.com\/es\/#\/schema\/logo\/image\/\",\"url\":\"https:\/\/wpguerssen-test.odoo.rgbconsulting.com\/wp-content\/uploads\/2022\/04\/Logo_Guerssen_trans_100.png\",\"contentUrl\":\"https:\/\/wpguerssen-test.odoo.rgbconsulting.com\/wp-content\/uploads\/2022\/04\/Logo_Guerssen_trans_100.png\",\"width\":122,\"height\":100,\"caption\":\"Guerssen records\"},\"image\":{\"@id\":\"https:\/\/wpguerssen-test.odoo.rgbconsulting.com\/es\/#\/schema\/logo\/image\/\"}}]}<\/script>\n<!-- \/ Yoast SEO plugin. -->","yoast_head_json":{"title":"KIZILOK, Fikret - Anadolu'yum (CD) -  (CD) | Guerssen","description":"What if Bob Dylan was also a dentist, and then he hired Keith Emerson to play keyboards on songs he wrote for a play? It happened in Istanbul, friends. Turkish folk singer Fikret Kizilok started out balancing his interest in the toothy arts with playing rhythm guitar in a Beatles knock-off band. He quickly gave both up for more serious acoustic songwriting, unveiling aged melodies and florid picking that evoked the long history of the hilly Turkish countryside. In the early 70s, while trying to recover from a period of mourning, Kizilok also hired an electric & very splashy backing band, and started throwing in prog flute and ritzy Doorsish organ rips. #nl# This collection of singles from 1971-75 lets you taste each of Kizilok's and Anatolia's many moods. #nl# Remastered sound, booklet with liner notes and pictures. #nl# Tracklist: #nl# G\u00fcn Ola Devran D\u00f6ne (1971) - Leylim Leylim (1972) - Anadolu'yum (1972 & 1975) - Tutamadim Ellerini (1973) - Insan miyim Mahluk muyum Ot muyum (1974) - Anadolu'yum '75 a.k.a. Akin var Akin (1975) - Askin Olmadigi Yerde (1974) - K\u00f6roglu Daglari (1973) - Bacin \u00d6nde Ben Arkada (1973) - Haberin Var mi (1974) - K\u00f6r Pencere (1974) - Dar Agaci (1975) - G\u00f6zlerinden Bellidir (1972) - Koyverdin Gittin Beni (1973)","robots":{"index":"index","follow":"follow","max-snippet":"max-snippet:-1","max-image-preview":"max-image-preview:large","max-video-preview":"max-video-preview:-1"},"canonical":"https:\/\/wpguerssen-test.odoo.rgbconsulting.com\/es\/producto\/anadoluyum-cd\/","og_locale":"es_ES","og_type":"article","og_title":"KIZILOK, Fikret - Anadolu'yum (CD) -  (CD) | Guerssen","og_description":"What if Bob Dylan was also a dentist, and then he hired Keith Emerson to play keyboards on songs he wrote for a play? It happened in Istanbul, friends. Turkish folk singer Fikret Kizilok started out balancing his interest in the toothy arts with playing rhythm guitar in a Beatles knock-off band. He quickly gave both up for more serious acoustic songwriting, unveiling aged melodies and florid picking that evoked the long history of the hilly Turkish countryside. In the early 70s, while trying to recover from a period of mourning, Kizilok also hired an electric & very splashy backing band, and started throwing in prog flute and ritzy Doorsish organ rips. #nl# This collection of singles from 1971-75 lets you taste each of Kizilok's and Anatolia's many moods. #nl# Remastered sound, booklet with liner notes and pictures. #nl# Tracklist: #nl# G\u00fcn Ola Devran D\u00f6ne (1971) - Leylim Leylim (1972) - Anadolu'yum (1972 & 1975) - Tutamadim Ellerini (1973) - Insan miyim Mahluk muyum Ot muyum (1974) - Anadolu'yum '75 a.k.a. Akin var Akin (1975) - Askin Olmadigi Yerde (1974) - K\u00f6roglu Daglari (1973) - Bacin \u00d6nde Ben Arkada (1973) - Haberin Var mi (1974) - K\u00f6r Pencere (1974) - Dar Agaci (1975) - G\u00f6zlerinden Bellidir (1972) - Koyverdin Gittin Beni (1973)","og_url":"https:\/\/wpguerssen-test.odoo.rgbconsulting.com\/es\/producto\/anadoluyum-cd\/","og_site_name":"Guerssen records","article_modified_time":"2025-04-22T13:45:38+00:00","og_image":[{"width":600,"height":600,"url":"https:\/\/wpguerssen-test.odoo.rgbconsulting.com\/wp-content\/uploads\/2022\/03\/14300.jpg","type":"image\/jpeg"}],"twitter_card":"summary_large_image","twitter_title":"KIZILOK, Fikret - Anadolu'yum (CD) -  (CD) | Guerssen","twitter_misc":{"Tiempo de lectura":"1 minuto"},"schema":{"@context":"https:\/\/schema.org","@graph":[{"@type":"WebPage","@id":"https:\/\/wpguerssen-test.odoo.rgbconsulting.com\/es\/producto\/anadoluyum-cd\/","url":"https:\/\/wpguerssen-test.odoo.rgbconsulting.com\/es\/producto\/anadoluyum-cd\/","name":"KIZILOK, Fikret - Anadolu'yum (CD) - (CD) | Guerssen","isPartOf":{"@id":"https:\/\/wpguerssen-test.odoo.rgbconsulting.com\/es\/#website"},"primaryImageOfPage":{"@id":"https:\/\/wpguerssen-test.odoo.rgbconsulting.com\/es\/producto\/anadoluyum-cd\/#primaryimage"},"image":{"@id":"https:\/\/wpguerssen-test.odoo.rgbconsulting.com\/es\/producto\/anadoluyum-cd\/#primaryimage"},"thumbnailUrl":"https:\/\/wpguerssen-test.odoo.rgbconsulting.com\/wp-content\/uploads\/2022\/03\/14300.jpg","datePublished":"2013-11-05T23:00:00+00:00","dateModified":"2025-04-22T13:45:38+00:00","description":"What if Bob Dylan was also a dentist, and then he hired Keith Emerson to play keyboards on songs he wrote for a play? It happened in Istanbul, friends. Turkish folk singer Fikret Kizilok started out balancing his interest in the toothy arts with playing rhythm guitar in a Beatles knock-off band. He quickly gave both up for more serious acoustic songwriting, unveiling aged melodies and florid picking that evoked the long history of the hilly Turkish countryside. In the early 70s, while trying to recover from a period of mourning, Kizilok also hired an electric & very splashy backing band, and started throwing in prog flute and ritzy Doorsish organ rips. #nl# This collection of singles from 1971-75 lets you taste each of Kizilok's and Anatolia's many moods. #nl# Remastered sound, booklet with liner notes and pictures. #nl# Tracklist: #nl# G\u00fcn Ola Devran D\u00f6ne (1971) - Leylim Leylim (1972) - Anadolu'yum (1972 & 1975) - Tutamadim Ellerini (1973) - Insan miyim Mahluk muyum Ot muyum (1974) - Anadolu'yum '75 a.k.a. Akin var Akin (1975) - Askin Olmadigi Yerde (1974) - K\u00f6roglu Daglari (1973) - Bacin \u00d6nde Ben Arkada (1973) - Haberin Var mi (1974) - K\u00f6r Pencere (1974) - Dar Agaci (1975) - G\u00f6zlerinden Bellidir (1972) - Koyverdin Gittin Beni (1973)","breadcrumb":{"@id":"https:\/\/wpguerssen-test.odoo.rgbconsulting.com\/es\/producto\/anadoluyum-cd\/#breadcrumb"},"inLanguage":"es","potentialAction":[{"@type":"ReadAction","target":["https:\/\/wpguerssen-test.odoo.rgbconsulting.com\/es\/producto\/anadoluyum-cd\/"]}]},{"@type":"ImageObject","inLanguage":"es","@id":"https:\/\/wpguerssen-test.odoo.rgbconsulting.com\/es\/producto\/anadoluyum-cd\/#primaryimage","url":"https:\/\/wpguerssen-test.odoo.rgbconsulting.com\/wp-content\/uploads\/2022\/03\/14300.jpg","contentUrl":"https:\/\/wpguerssen-test.odoo.rgbconsulting.com\/wp-content\/uploads\/2022\/03\/14300.jpg","width":600,"height":600,"caption":"Fikret - Anadolu'yum (CD) - PHARAWAY SOUNDS (CD) | Guerssen"},{"@type":"BreadcrumbList","@id":"https:\/\/wpguerssen-test.odoo.rgbconsulting.com\/es\/producto\/anadoluyum-cd\/#breadcrumb","itemListElement":[{"@type":"ListItem","position":1,"name":"Inicio","item":"https:\/\/wpguerssen-test.odoo.rgbconsulting.com\/es\/"},{"@type":"ListItem","position":2,"name":"Shop","item":"https:\/\/wpguerssen-test.odoo.rgbconsulting.com\/shop\/"},{"@type":"ListItem","position":3,"name":"Anadolu&#8217;yum (CD)"}]},{"@type":"WebSite","@id":"https:\/\/wpguerssen-test.odoo.rgbconsulting.com\/es\/#website","url":"https:\/\/wpguerssen-test.odoo.rgbconsulting.com\/es\/","name":"Guerssen records","description":"psychedelia - progressive - folk - garage ","publisher":{"@id":"https:\/\/wpguerssen-test.odoo.rgbconsulting.com\/es\/#organization"},"potentialAction":[{"@type":"SearchAction","target":{"@type":"EntryPoint","urlTemplate":"https:\/\/wpguerssen-test.odoo.rgbconsulting.com\/es\/?s={search_term_string}"},"query-input":{"@type":"PropertyValueSpecification","valueRequired":true,"valueName":"search_term_string"}}],"inLanguage":"es"},{"@type":"Organization","@id":"https:\/\/wpguerssen-test.odoo.rgbconsulting.com\/es\/#organization","name":"Guerssen records","url":"https:\/\/wpguerssen-test.odoo.rgbconsulting.com\/es\/","logo":{"@type":"ImageObject","inLanguage":"es","@id":"https:\/\/wpguerssen-test.odoo.rgbconsulting.com\/es\/#\/schema\/logo\/image\/","url":"https:\/\/wpguerssen-test.odoo.rgbconsulting.com\/wp-content\/uploads\/2022\/04\/Logo_Guerssen_trans_100.png","contentUrl":"https:\/\/wpguerssen-test.odoo.rgbconsulting.com\/wp-content\/uploads\/2022\/04\/Logo_Guerssen_trans_100.png","width":122,"height":100,"caption":"Guerssen records"},"image":{"@id":"https:\/\/wpguerssen-test.odoo.rgbconsulting.com\/es\/#\/schema\/logo\/image\/"}}]}},"_links":{"self":[{"href":"https:\/\/wpguerssen-test.odoo.rgbconsulting.com\/es\/wp-json\/wp\/v2\/product\/178338","targetHints":{"allow":["GET"]}}],"collection":[{"href":"https:\/\/wpguerssen-test.odoo.rgbconsulting.com\/es\/wp-json\/wp\/v2\/product"}],"about":[{"href":"https:\/\/wpguerssen-test.odoo.rgbconsulting.com\/es\/wp-json\/wp\/v2\/types\/product"}],"wp:featuredmedia":[{"embeddable":true,"href":"https:\/\/wpguerssen-test.odoo.rgbconsulting.com\/es\/wp-json\/wp\/v2\/media\/114054"}],"wp:attachment":[{"href":"https:\/\/wpguerssen-test.odoo.rgbconsulting.com\/es\/wp-json\/wp\/v2\/media?parent=178338"}],"wp:term":[{"taxonomy":"product_brand","embeddable":true,"href":"https:\/\/wpguerssen-test.odoo.rgbconsulting.com\/es\/wp-json\/wp\/v2\/product_brand?post=178338"},{"taxonomy":"product_cat","embeddable":true,"href":"https:\/\/wpguerssen-test.odoo.rgbconsulting.com\/es\/wp-json\/wp\/v2\/product_cat?post=178338"},{"taxonomy":"product_tag","embeddable":true,"href":"https:\/\/wpguerssen-test.odoo.rgbconsulting.com\/es\/wp-json\/wp\/v2\/product_tag?post=178338"}],"curies":[{"name":"wp","href":"https:\/\/api.w.org\/{rel}","templated":true}]}}