{"id":178355,"date":"2013-11-06T00:00:00","date_gmt":"2013-11-05T23:00:00","guid":{"rendered":"http:\/\/guerssen.hl1097.dinaserver.com\/product\/thoughts-cd\/"},"modified":"2024-02-15T18:10:11","modified_gmt":"2024-02-15T17:10:11","slug":"thoughts-cd","status":"publish","type":"product","link":"https:\/\/wpguerssen-test.odoo.rgbconsulting.com\/es\/producto\/thoughts-cd\/","title":{"rendered":"Thoughts (CD)"},"content":{"rendered":"<p>Despu\u00e9s de pasar por diferentes grupos de folk y rock desde finales de los 60 (Hush, Tail Toddle), el cantautor holand\u00e9s Jan Duindam edit\u00f3 su primer disco en solitario en 1978 para el peque\u00f1o sello Munich. Con la ayuda del m\u00fasico local Guus Willemse, procedente del grupo progresivo Solution, que toc\u00f3 el bajo, bater\u00eda y teclados, Jan di\u00f3 forma a \u00abThoughts\u00bb: folk-rock psicod\u00e9lico \/ acid-folk con excelente guitarras ac\u00fasticas \/ el\u00e9ctricas y suaves armon\u00edas vocales. Incluye \u00abHappines and tears\u00bb, tema los reyes del indie-folk actual Midlake incluyeron en su CD mix \u00abLate Night Tales\u00bb. <\/p>\n<p> Sonido remasterizado de las cintas originales, libreto con fotos y notas informativas. <\/p>\n<p> \u00abJan cre\u00f3 una delicada obra maestra que existe en su \u00fanica, suave realidad\u00bb Hugh Dellar <\/p>\n<p> Tracklist: <\/p>\n<p> Happiness and Tears  &#8211; A Dream &#8211; Jonas Duyadans favourite  &#8211; Birds &#8211; A Nightmare &#8211; The Loner &#8211; The Point Of Life &#8211; The Flowers Of Alienation &#8211; Words (Are Like Leaves) &#8211; Comp &#8211; What Did You Feel &#8211; Litany<\/p>\n","protected":false},"excerpt":{"rendered":"<p>Despu\u00e9s de pasar por diferentes grupos de folk y rock desde finales de los 60 (Hush, Tail Toddle), el cantautor holand\u00e9s Jan Duindam edit\u00f3 su primer disco en solitario<a class=\"read\" href=\"https:\/\/wpguerssen-test.odoo.rgbconsulting.com\/es\/producto\/thoughts-cd\/\"> (...)<\/a>","protected":false},"featured_media":114089,"template":"","meta":{"_acf_changed":false},"product_brand":[],"product_cat":[21639,23274],"product_tag":[29138],"class_list":{"0":"post-178355","1":"product","2":"type-product","3":"status-publish","4":"has-post-thumbnail","6":"product_cat-psychedelic60s-70s-es","7":"product_cat-folk-rock-60s-70s-es","8":"product_tag-cd-es","9":"pa_artist-duindam-jan-es","10":"pa_format-cd-2-es","11":"pa_gender-folk-rock-60s-70s-psychedelic60s-70s","12":"pa_label-guerssen-es","13":"pa_location-europe-es","15":"first","16":"instock","17":"taxable","18":"shipping-taxable","19":"purchasable","20":"product-type-simple"},"acf":[],"yoast_head":"<!-- This site is optimized with the Yoast SEO plugin v24.9 - https:\/\/yoast.com\/wordpress\/plugins\/seo\/ -->\n<title>DUINDAM, Jan - Thoughts (CD) -  (CD) | Guerssen<\/title>\n<meta name=\"description\" content=\"After cutting his teeth in several rock and folk bands since the late Sixties (Hush, Tail Toddle), Dutch singer \/ songwriter Jan Duindam released his first solo album in 1978 for the tiny Munich label. With help from local musician Guus Willemse of progressive band Solution, who played bass, drums and synth, Jan created &quot;Thoughts&quot;: psychedelic folk-rock \/ acid-folk with stunning guitar playing and fragile, dreamy vocal harmonies. #nl# Features &quot;Happiness and tears&quot;, a track selected by modern neo-folk \/ indie-rock stars Midlake for their &quot;Late Night Tales&quot; mix. #nl# Remastered sound, booklet with photos and detailed liner notes. #nl# &quot;Jan crafted a quiet masterpiece that exists in its own soft, reflective realm&quot; Hugh Dellar #nl# Tracklist: #nl# Happiness and Tears - A Dream - Jonas Duyadans favourite - Birds - A Nightmare - The Loner - The Point Of Life - The Flowers Of Alienation - Words (Are Like Leaves) - Comp - What Did You Feel - Litany\" \/>\n<meta name=\"robots\" content=\"index, follow, max-snippet:-1, max-image-preview:large, max-video-preview:-1\" \/>\n<link rel=\"canonical\" href=\"https:\/\/wpguerssen-test.odoo.rgbconsulting.com\/es\/producto\/thoughts-cd\/\" \/>\n<meta property=\"og:locale\" content=\"es_ES\" \/>\n<meta property=\"og:type\" content=\"article\" \/>\n<meta property=\"og:title\" content=\"DUINDAM, Jan - Thoughts (CD) -  (CD) | Guerssen\" \/>\n<meta property=\"og:description\" content=\"After cutting his teeth in several rock and folk bands since the late Sixties (Hush, Tail Toddle), Dutch singer \/ songwriter Jan Duindam released his first solo album in 1978 for the tiny Munich label. With help from local musician Guus Willemse of progressive band Solution, who played bass, drums and synth, Jan created &quot;Thoughts&quot;: psychedelic folk-rock \/ acid-folk with stunning guitar playing and fragile, dreamy vocal harmonies. #nl# Features &quot;Happiness and tears&quot;, a track selected by modern neo-folk \/ indie-rock stars Midlake for their &quot;Late Night Tales&quot; mix. #nl# Remastered sound, booklet with photos and detailed liner notes. #nl# &quot;Jan crafted a quiet masterpiece that exists in its own soft, reflective realm&quot; Hugh Dellar #nl# Tracklist: #nl# Happiness and Tears - A Dream - Jonas Duyadans favourite - Birds - A Nightmare - The Loner - The Point Of Life - The Flowers Of Alienation - Words (Are Like Leaves) - Comp - What Did You Feel - Litany\" \/>\n<meta property=\"og:url\" content=\"https:\/\/wpguerssen-test.odoo.rgbconsulting.com\/es\/producto\/thoughts-cd\/\" \/>\n<meta property=\"og:site_name\" content=\"Guerssen records\" \/>\n<meta property=\"article:modified_time\" content=\"2024-02-15T17:10:11+00:00\" \/>\n<meta property=\"og:image\" content=\"https:\/\/wpguerssen-test.odoo.rgbconsulting.com\/wp-content\/uploads\/2022\/03\/14392.jpg\" \/>\n\t<meta property=\"og:image:width\" content=\"600\" \/>\n\t<meta property=\"og:image:height\" content=\"600\" \/>\n\t<meta property=\"og:image:type\" content=\"image\/jpeg\" \/>\n<meta name=\"twitter:card\" content=\"summary_large_image\" \/>\n<meta name=\"twitter:title\" content=\"DUINDAM, Jan - Thoughts (CD) -  (CD) | Guerssen\" \/>\n<meta name=\"twitter:label1\" content=\"Tiempo de lectura\" \/>\n\t<meta name=\"twitter:data1\" content=\"1 minuto\" \/>\n<script type=\"application\/ld+json\" class=\"yoast-schema-graph\">{\"@context\":\"https:\/\/schema.org\",\"@graph\":[{\"@type\":\"WebPage\",\"@id\":\"https:\/\/wpguerssen-test.odoo.rgbconsulting.com\/es\/producto\/thoughts-cd\/\",\"url\":\"https:\/\/wpguerssen-test.odoo.rgbconsulting.com\/es\/producto\/thoughts-cd\/\",\"name\":\"DUINDAM, Jan - Thoughts (CD) - (CD) | Guerssen\",\"isPartOf\":{\"@id\":\"https:\/\/wpguerssen-test.odoo.rgbconsulting.com\/es\/#website\"},\"primaryImageOfPage\":{\"@id\":\"https:\/\/wpguerssen-test.odoo.rgbconsulting.com\/es\/producto\/thoughts-cd\/#primaryimage\"},\"image\":{\"@id\":\"https:\/\/wpguerssen-test.odoo.rgbconsulting.com\/es\/producto\/thoughts-cd\/#primaryimage\"},\"thumbnailUrl\":\"https:\/\/wpguerssen-test.odoo.rgbconsulting.com\/wp-content\/uploads\/2022\/03\/14392.jpg\",\"datePublished\":\"2013-11-05T23:00:00+00:00\",\"dateModified\":\"2024-02-15T17:10:11+00:00\",\"description\":\"After cutting his teeth in several rock and folk bands since the late Sixties (Hush, Tail Toddle), Dutch singer \/ songwriter Jan Duindam released his first solo album in 1978 for the tiny Munich label. With help from local musician Guus Willemse of progressive band Solution, who played bass, drums and synth, Jan created \\\"Thoughts\\\": psychedelic folk-rock \/ acid-folk with stunning guitar playing and fragile, dreamy vocal harmonies. #nl# Features \\\"Happiness and tears\\\", a track selected by modern neo-folk \/ indie-rock stars Midlake for their \\\"Late Night Tales\\\" mix. #nl# Remastered sound, booklet with photos and detailed liner notes. #nl# \\\"Jan crafted a quiet masterpiece that exists in its own soft, reflective realm\\\" Hugh Dellar #nl# Tracklist: #nl# Happiness and Tears - A Dream - Jonas Duyadans favourite - Birds - A Nightmare - The Loner - The Point Of Life - The Flowers Of Alienation - Words (Are Like Leaves) - Comp - What Did You Feel - Litany\",\"breadcrumb\":{\"@id\":\"https:\/\/wpguerssen-test.odoo.rgbconsulting.com\/es\/producto\/thoughts-cd\/#breadcrumb\"},\"inLanguage\":\"es\",\"potentialAction\":[{\"@type\":\"ReadAction\",\"target\":[\"https:\/\/wpguerssen-test.odoo.rgbconsulting.com\/es\/producto\/thoughts-cd\/\"]}]},{\"@type\":\"ImageObject\",\"inLanguage\":\"es\",\"@id\":\"https:\/\/wpguerssen-test.odoo.rgbconsulting.com\/es\/producto\/thoughts-cd\/#primaryimage\",\"url\":\"https:\/\/wpguerssen-test.odoo.rgbconsulting.com\/wp-content\/uploads\/2022\/03\/14392.jpg\",\"contentUrl\":\"https:\/\/wpguerssen-test.odoo.rgbconsulting.com\/wp-content\/uploads\/2022\/03\/14392.jpg\",\"width\":600,\"height\":600,\"caption\":\"Jan - Thoughts (CD) - GUERSSEN (CD) | Guerssen\"},{\"@type\":\"BreadcrumbList\",\"@id\":\"https:\/\/wpguerssen-test.odoo.rgbconsulting.com\/es\/producto\/thoughts-cd\/#breadcrumb\",\"itemListElement\":[{\"@type\":\"ListItem\",\"position\":1,\"name\":\"Inicio\",\"item\":\"https:\/\/wpguerssen-test.odoo.rgbconsulting.com\/es\/\"},{\"@type\":\"ListItem\",\"position\":2,\"name\":\"Shop\",\"item\":\"https:\/\/wpguerssen-test.odoo.rgbconsulting.com\/shop\/\"},{\"@type\":\"ListItem\",\"position\":3,\"name\":\"Thoughts (CD)\"}]},{\"@type\":\"WebSite\",\"@id\":\"https:\/\/wpguerssen-test.odoo.rgbconsulting.com\/es\/#website\",\"url\":\"https:\/\/wpguerssen-test.odoo.rgbconsulting.com\/es\/\",\"name\":\"Guerssen records\",\"description\":\"psychedelia - progressive - folk - garage \",\"publisher\":{\"@id\":\"https:\/\/wpguerssen-test.odoo.rgbconsulting.com\/es\/#organization\"},\"potentialAction\":[{\"@type\":\"SearchAction\",\"target\":{\"@type\":\"EntryPoint\",\"urlTemplate\":\"https:\/\/wpguerssen-test.odoo.rgbconsulting.com\/es\/?s={search_term_string}\"},\"query-input\":{\"@type\":\"PropertyValueSpecification\",\"valueRequired\":true,\"valueName\":\"search_term_string\"}}],\"inLanguage\":\"es\"},{\"@type\":\"Organization\",\"@id\":\"https:\/\/wpguerssen-test.odoo.rgbconsulting.com\/es\/#organization\",\"name\":\"Guerssen records\",\"url\":\"https:\/\/wpguerssen-test.odoo.rgbconsulting.com\/es\/\",\"logo\":{\"@type\":\"ImageObject\",\"inLanguage\":\"es\",\"@id\":\"https:\/\/wpguerssen-test.odoo.rgbconsulting.com\/es\/#\/schema\/logo\/image\/\",\"url\":\"https:\/\/wpguerssen-test.odoo.rgbconsulting.com\/wp-content\/uploads\/2022\/04\/Logo_Guerssen_trans_100.png\",\"contentUrl\":\"https:\/\/wpguerssen-test.odoo.rgbconsulting.com\/wp-content\/uploads\/2022\/04\/Logo_Guerssen_trans_100.png\",\"width\":122,\"height\":100,\"caption\":\"Guerssen records\"},\"image\":{\"@id\":\"https:\/\/wpguerssen-test.odoo.rgbconsulting.com\/es\/#\/schema\/logo\/image\/\"}}]}<\/script>\n<!-- \/ Yoast SEO plugin. -->","yoast_head_json":{"title":"DUINDAM, Jan - Thoughts (CD) -  (CD) | Guerssen","description":"After cutting his teeth in several rock and folk bands since the late Sixties (Hush, Tail Toddle), Dutch singer \/ songwriter Jan Duindam released his first solo album in 1978 for the tiny Munich label. With help from local musician Guus Willemse of progressive band Solution, who played bass, drums and synth, Jan created \"Thoughts\": psychedelic folk-rock \/ acid-folk with stunning guitar playing and fragile, dreamy vocal harmonies. #nl# Features \"Happiness and tears\", a track selected by modern neo-folk \/ indie-rock stars Midlake for their \"Late Night Tales\" mix. #nl# Remastered sound, booklet with photos and detailed liner notes. #nl# \"Jan crafted a quiet masterpiece that exists in its own soft, reflective realm\" Hugh Dellar #nl# Tracklist: #nl# Happiness and Tears - A Dream - Jonas Duyadans favourite - Birds - A Nightmare - The Loner - The Point Of Life - The Flowers Of Alienation - Words (Are Like Leaves) - Comp - What Did You Feel - Litany","robots":{"index":"index","follow":"follow","max-snippet":"max-snippet:-1","max-image-preview":"max-image-preview:large","max-video-preview":"max-video-preview:-1"},"canonical":"https:\/\/wpguerssen-test.odoo.rgbconsulting.com\/es\/producto\/thoughts-cd\/","og_locale":"es_ES","og_type":"article","og_title":"DUINDAM, Jan - Thoughts (CD) -  (CD) | Guerssen","og_description":"After cutting his teeth in several rock and folk bands since the late Sixties (Hush, Tail Toddle), Dutch singer \/ songwriter Jan Duindam released his first solo album in 1978 for the tiny Munich label. With help from local musician Guus Willemse of progressive band Solution, who played bass, drums and synth, Jan created \"Thoughts\": psychedelic folk-rock \/ acid-folk with stunning guitar playing and fragile, dreamy vocal harmonies. #nl# Features \"Happiness and tears\", a track selected by modern neo-folk \/ indie-rock stars Midlake for their \"Late Night Tales\" mix. #nl# Remastered sound, booklet with photos and detailed liner notes. #nl# \"Jan crafted a quiet masterpiece that exists in its own soft, reflective realm\" Hugh Dellar #nl# Tracklist: #nl# Happiness and Tears - A Dream - Jonas Duyadans favourite - Birds - A Nightmare - The Loner - The Point Of Life - The Flowers Of Alienation - Words (Are Like Leaves) - Comp - What Did You Feel - Litany","og_url":"https:\/\/wpguerssen-test.odoo.rgbconsulting.com\/es\/producto\/thoughts-cd\/","og_site_name":"Guerssen records","article_modified_time":"2024-02-15T17:10:11+00:00","og_image":[{"width":600,"height":600,"url":"https:\/\/wpguerssen-test.odoo.rgbconsulting.com\/wp-content\/uploads\/2022\/03\/14392.jpg","type":"image\/jpeg"}],"twitter_card":"summary_large_image","twitter_title":"DUINDAM, Jan - Thoughts (CD) -  (CD) | Guerssen","twitter_misc":{"Tiempo de lectura":"1 minuto"},"schema":{"@context":"https:\/\/schema.org","@graph":[{"@type":"WebPage","@id":"https:\/\/wpguerssen-test.odoo.rgbconsulting.com\/es\/producto\/thoughts-cd\/","url":"https:\/\/wpguerssen-test.odoo.rgbconsulting.com\/es\/producto\/thoughts-cd\/","name":"DUINDAM, Jan - Thoughts (CD) - (CD) | Guerssen","isPartOf":{"@id":"https:\/\/wpguerssen-test.odoo.rgbconsulting.com\/es\/#website"},"primaryImageOfPage":{"@id":"https:\/\/wpguerssen-test.odoo.rgbconsulting.com\/es\/producto\/thoughts-cd\/#primaryimage"},"image":{"@id":"https:\/\/wpguerssen-test.odoo.rgbconsulting.com\/es\/producto\/thoughts-cd\/#primaryimage"},"thumbnailUrl":"https:\/\/wpguerssen-test.odoo.rgbconsulting.com\/wp-content\/uploads\/2022\/03\/14392.jpg","datePublished":"2013-11-05T23:00:00+00:00","dateModified":"2024-02-15T17:10:11+00:00","description":"After cutting his teeth in several rock and folk bands since the late Sixties (Hush, Tail Toddle), Dutch singer \/ songwriter Jan Duindam released his first solo album in 1978 for the tiny Munich label. With help from local musician Guus Willemse of progressive band Solution, who played bass, drums and synth, Jan created \"Thoughts\": psychedelic folk-rock \/ acid-folk with stunning guitar playing and fragile, dreamy vocal harmonies. #nl# Features \"Happiness and tears\", a track selected by modern neo-folk \/ indie-rock stars Midlake for their \"Late Night Tales\" mix. #nl# Remastered sound, booklet with photos and detailed liner notes. #nl# \"Jan crafted a quiet masterpiece that exists in its own soft, reflective realm\" Hugh Dellar #nl# Tracklist: #nl# Happiness and Tears - A Dream - Jonas Duyadans favourite - Birds - A Nightmare - The Loner - The Point Of Life - The Flowers Of Alienation - Words (Are Like Leaves) - Comp - What Did You Feel - Litany","breadcrumb":{"@id":"https:\/\/wpguerssen-test.odoo.rgbconsulting.com\/es\/producto\/thoughts-cd\/#breadcrumb"},"inLanguage":"es","potentialAction":[{"@type":"ReadAction","target":["https:\/\/wpguerssen-test.odoo.rgbconsulting.com\/es\/producto\/thoughts-cd\/"]}]},{"@type":"ImageObject","inLanguage":"es","@id":"https:\/\/wpguerssen-test.odoo.rgbconsulting.com\/es\/producto\/thoughts-cd\/#primaryimage","url":"https:\/\/wpguerssen-test.odoo.rgbconsulting.com\/wp-content\/uploads\/2022\/03\/14392.jpg","contentUrl":"https:\/\/wpguerssen-test.odoo.rgbconsulting.com\/wp-content\/uploads\/2022\/03\/14392.jpg","width":600,"height":600,"caption":"Jan - Thoughts (CD) - GUERSSEN (CD) | Guerssen"},{"@type":"BreadcrumbList","@id":"https:\/\/wpguerssen-test.odoo.rgbconsulting.com\/es\/producto\/thoughts-cd\/#breadcrumb","itemListElement":[{"@type":"ListItem","position":1,"name":"Inicio","item":"https:\/\/wpguerssen-test.odoo.rgbconsulting.com\/es\/"},{"@type":"ListItem","position":2,"name":"Shop","item":"https:\/\/wpguerssen-test.odoo.rgbconsulting.com\/shop\/"},{"@type":"ListItem","position":3,"name":"Thoughts (CD)"}]},{"@type":"WebSite","@id":"https:\/\/wpguerssen-test.odoo.rgbconsulting.com\/es\/#website","url":"https:\/\/wpguerssen-test.odoo.rgbconsulting.com\/es\/","name":"Guerssen records","description":"psychedelia - progressive - folk - garage ","publisher":{"@id":"https:\/\/wpguerssen-test.odoo.rgbconsulting.com\/es\/#organization"},"potentialAction":[{"@type":"SearchAction","target":{"@type":"EntryPoint","urlTemplate":"https:\/\/wpguerssen-test.odoo.rgbconsulting.com\/es\/?s={search_term_string}"},"query-input":{"@type":"PropertyValueSpecification","valueRequired":true,"valueName":"search_term_string"}}],"inLanguage":"es"},{"@type":"Organization","@id":"https:\/\/wpguerssen-test.odoo.rgbconsulting.com\/es\/#organization","name":"Guerssen records","url":"https:\/\/wpguerssen-test.odoo.rgbconsulting.com\/es\/","logo":{"@type":"ImageObject","inLanguage":"es","@id":"https:\/\/wpguerssen-test.odoo.rgbconsulting.com\/es\/#\/schema\/logo\/image\/","url":"https:\/\/wpguerssen-test.odoo.rgbconsulting.com\/wp-content\/uploads\/2022\/04\/Logo_Guerssen_trans_100.png","contentUrl":"https:\/\/wpguerssen-test.odoo.rgbconsulting.com\/wp-content\/uploads\/2022\/04\/Logo_Guerssen_trans_100.png","width":122,"height":100,"caption":"Guerssen records"},"image":{"@id":"https:\/\/wpguerssen-test.odoo.rgbconsulting.com\/es\/#\/schema\/logo\/image\/"}}]}},"_links":{"self":[{"href":"https:\/\/wpguerssen-test.odoo.rgbconsulting.com\/es\/wp-json\/wp\/v2\/product\/178355","targetHints":{"allow":["GET"]}}],"collection":[{"href":"https:\/\/wpguerssen-test.odoo.rgbconsulting.com\/es\/wp-json\/wp\/v2\/product"}],"about":[{"href":"https:\/\/wpguerssen-test.odoo.rgbconsulting.com\/es\/wp-json\/wp\/v2\/types\/product"}],"wp:featuredmedia":[{"embeddable":true,"href":"https:\/\/wpguerssen-test.odoo.rgbconsulting.com\/es\/wp-json\/wp\/v2\/media\/114089"}],"wp:attachment":[{"href":"https:\/\/wpguerssen-test.odoo.rgbconsulting.com\/es\/wp-json\/wp\/v2\/media?parent=178355"}],"wp:term":[{"taxonomy":"product_brand","embeddable":true,"href":"https:\/\/wpguerssen-test.odoo.rgbconsulting.com\/es\/wp-json\/wp\/v2\/product_brand?post=178355"},{"taxonomy":"product_cat","embeddable":true,"href":"https:\/\/wpguerssen-test.odoo.rgbconsulting.com\/es\/wp-json\/wp\/v2\/product_cat?post=178355"},{"taxonomy":"product_tag","embeddable":true,"href":"https:\/\/wpguerssen-test.odoo.rgbconsulting.com\/es\/wp-json\/wp\/v2\/product_tag?post=178355"}],"curies":[{"name":"wp","href":"https:\/\/api.w.org\/{rel}","templated":true}]}}