{"id":178370,"date":"2025-01-24T00:00:00","date_gmt":"2025-01-23T23:00:00","guid":{"rendered":"http:\/\/guerssen.hl1097.dinaserver.com\/product\/i-turned-to-see-whose-voice-it-was\/"},"modified":"2025-04-29T13:28:22","modified_gmt":"2025-04-29T11:28:22","slug":"i-turned-to-see-whose-voice-it-was","status":"publish","type":"product","link":"https:\/\/wpguerssen-test.odoo.rgbconsulting.com\/es\/producto\/i-turned-to-see-whose-voice-it-was\/","title":{"rendered":"I turned to see whose voice it was"},"content":{"rendered":"<p>Edici\u00f3n limitada y remasterizada de este famoso \u00e1lbum Kraut de principios de los 70, originalmente editado en Brain Records. Duro rock psicod\u00e9lico con ataques de guitarra y \u00f3rgano. Incluye insert con notas y fotos.<\/p>\n","protected":false},"excerpt":{"rendered":"<p>Edici\u00f3n limitada y remasterizada de este famoso \u00e1lbum Kraut de principios de los 70, originalmente editado en Brain Records. Duro rock psicod\u00e9lico con ataques de<a class=\"read\" href=\"https:\/\/wpguerssen-test.odoo.rgbconsulting.com\/es\/producto\/i-turned-to-see-whose-voice-it-was\/\"> (...)<\/a>","protected":false},"featured_media":114108,"template":"","meta":{"_acf_changed":false},"product_brand":[],"product_cat":[21639,23230],"product_tag":[24185],"class_list":{"0":"post-178370","1":"product","2":"type-product","3":"status-publish","4":"has-post-thumbnail","6":"product_cat-psychedelic60s-70s-es","7":"product_cat-krautrock-es-2","8":"product_tag-de-nuevo-en-existencia","9":"pa_artist-gomorrha-es","10":"pa_format-lp-es","11":"pa_gender-krautrock-psychedelic60s-70s","12":"pa_label-long-hair-es","13":"pa_location-europe-es","14":"pa_other-filters-vinyl-only-es","16":"first","17":"instock","18":"taxable","19":"shipping-taxable","20":"purchasable","21":"product-type-simple"},"acf":[],"yoast_head":"<!-- This site is optimized with the Yoast SEO plugin v24.9 - https:\/\/yoast.com\/wordpress\/plugins\/seo\/ -->\n<title>GOMORRHA - I turned to see whose voice it was -  (LP) | Guerssen<\/title>\n<meta name=\"description\" content=\"Remastered reissue (limited edition) of a classic early &#039;70s Krautrock album, produced and engineered by the famous Conny Plank and originally out on Brain Records. This is complex psychedelic rock, fronted by angry guitars and organ, that could be simultaneously aggressive and spacious. Also noteworthy are the bizarre lyrics about life, religion, death, etc. Re-released including the complete band story, rare photos, lyrics etc.\" \/>\n<meta name=\"robots\" content=\"index, follow, max-snippet:-1, max-image-preview:large, max-video-preview:-1\" \/>\n<link rel=\"canonical\" href=\"https:\/\/wpguerssen-test.odoo.rgbconsulting.com\/es\/producto\/i-turned-to-see-whose-voice-it-was\/\" \/>\n<meta property=\"og:locale\" content=\"es_ES\" \/>\n<meta property=\"og:type\" content=\"article\" \/>\n<meta property=\"og:title\" content=\"GOMORRHA - I turned to see whose voice it was -  (LP) | Guerssen\" \/>\n<meta property=\"og:description\" content=\"Remastered reissue (limited edition) of a classic early &#039;70s Krautrock album, produced and engineered by the famous Conny Plank and originally out on Brain Records. This is complex psychedelic rock, fronted by angry guitars and organ, that could be simultaneously aggressive and spacious. Also noteworthy are the bizarre lyrics about life, religion, death, etc. Re-released including the complete band story, rare photos, lyrics etc.\" \/>\n<meta property=\"og:url\" content=\"https:\/\/wpguerssen-test.odoo.rgbconsulting.com\/es\/producto\/i-turned-to-see-whose-voice-it-was\/\" \/>\n<meta property=\"og:site_name\" content=\"Guerssen records\" \/>\n<meta property=\"article:modified_time\" content=\"2025-04-29T11:28:22+00:00\" \/>\n<meta name=\"twitter:card\" content=\"summary_large_image\" \/>\n<meta name=\"twitter:title\" content=\"GOMORRHA - I turned to see whose voice it was -  (LP) | Guerssen\" \/>\n<script type=\"application\/ld+json\" class=\"yoast-schema-graph\">{\"@context\":\"https:\/\/schema.org\",\"@graph\":[{\"@type\":\"WebPage\",\"@id\":\"https:\/\/wpguerssen-test.odoo.rgbconsulting.com\/es\/producto\/i-turned-to-see-whose-voice-it-was\/\",\"url\":\"https:\/\/wpguerssen-test.odoo.rgbconsulting.com\/es\/producto\/i-turned-to-see-whose-voice-it-was\/\",\"name\":\"GOMORRHA - I turned to see whose voice it was - (LP) | Guerssen\",\"isPartOf\":{\"@id\":\"https:\/\/wpguerssen-test.odoo.rgbconsulting.com\/es\/#website\"},\"primaryImageOfPage\":{\"@id\":\"https:\/\/wpguerssen-test.odoo.rgbconsulting.com\/es\/producto\/i-turned-to-see-whose-voice-it-was\/#primaryimage\"},\"image\":{\"@id\":\"https:\/\/wpguerssen-test.odoo.rgbconsulting.com\/es\/producto\/i-turned-to-see-whose-voice-it-was\/#primaryimage\"},\"thumbnailUrl\":\"https:\/\/wpguerssen-test.odoo.rgbconsulting.com\/wp-content\/uploads\/2022\/03\/14483.jpg\",\"datePublished\":\"2025-01-23T23:00:00+00:00\",\"dateModified\":\"2025-04-29T11:28:22+00:00\",\"description\":\"Remastered reissue (limited edition) of a classic early '70s Krautrock album, produced and engineered by the famous Conny Plank and originally out on Brain Records. This is complex psychedelic rock, fronted by angry guitars and organ, that could be simultaneously aggressive and spacious. Also noteworthy are the bizarre lyrics about life, religion, death, etc. Re-released including the complete band story, rare photos, lyrics etc.\",\"breadcrumb\":{\"@id\":\"https:\/\/wpguerssen-test.odoo.rgbconsulting.com\/es\/producto\/i-turned-to-see-whose-voice-it-was\/#breadcrumb\"},\"inLanguage\":\"es\",\"potentialAction\":[{\"@type\":\"ReadAction\",\"target\":[\"https:\/\/wpguerssen-test.odoo.rgbconsulting.com\/es\/producto\/i-turned-to-see-whose-voice-it-was\/\"]}]},{\"@type\":\"ImageObject\",\"inLanguage\":\"es\",\"@id\":\"https:\/\/wpguerssen-test.odoo.rgbconsulting.com\/es\/producto\/i-turned-to-see-whose-voice-it-was\/#primaryimage\",\"url\":\"https:\/\/wpguerssen-test.odoo.rgbconsulting.com\/wp-content\/uploads\/2022\/03\/14483.jpg\",\"contentUrl\":\"https:\/\/wpguerssen-test.odoo.rgbconsulting.com\/wp-content\/uploads\/2022\/03\/14483.jpg\",\"width\":180,\"height\":180,\"caption\":\"GOMORRHA - I turned to see whose voice it was - LONG HAIR (LP) | Guerssen\"},{\"@type\":\"BreadcrumbList\",\"@id\":\"https:\/\/wpguerssen-test.odoo.rgbconsulting.com\/es\/producto\/i-turned-to-see-whose-voice-it-was\/#breadcrumb\",\"itemListElement\":[{\"@type\":\"ListItem\",\"position\":1,\"name\":\"Inicio\",\"item\":\"https:\/\/wpguerssen-test.odoo.rgbconsulting.com\/es\/\"},{\"@type\":\"ListItem\",\"position\":2,\"name\":\"Shop\",\"item\":\"https:\/\/wpguerssen-test.odoo.rgbconsulting.com\/shop\/\"},{\"@type\":\"ListItem\",\"position\":3,\"name\":\"I turned to see whose voice it was\"}]},{\"@type\":\"WebSite\",\"@id\":\"https:\/\/wpguerssen-test.odoo.rgbconsulting.com\/es\/#website\",\"url\":\"https:\/\/wpguerssen-test.odoo.rgbconsulting.com\/es\/\",\"name\":\"Guerssen records\",\"description\":\"psychedelia - progressive - folk - garage \",\"publisher\":{\"@id\":\"https:\/\/wpguerssen-test.odoo.rgbconsulting.com\/es\/#organization\"},\"potentialAction\":[{\"@type\":\"SearchAction\",\"target\":{\"@type\":\"EntryPoint\",\"urlTemplate\":\"https:\/\/wpguerssen-test.odoo.rgbconsulting.com\/es\/?s={search_term_string}\"},\"query-input\":{\"@type\":\"PropertyValueSpecification\",\"valueRequired\":true,\"valueName\":\"search_term_string\"}}],\"inLanguage\":\"es\"},{\"@type\":\"Organization\",\"@id\":\"https:\/\/wpguerssen-test.odoo.rgbconsulting.com\/es\/#organization\",\"name\":\"Guerssen records\",\"url\":\"https:\/\/wpguerssen-test.odoo.rgbconsulting.com\/es\/\",\"logo\":{\"@type\":\"ImageObject\",\"inLanguage\":\"es\",\"@id\":\"https:\/\/wpguerssen-test.odoo.rgbconsulting.com\/es\/#\/schema\/logo\/image\/\",\"url\":\"https:\/\/wpguerssen-test.odoo.rgbconsulting.com\/wp-content\/uploads\/2022\/04\/Logo_Guerssen_trans_100.png\",\"contentUrl\":\"https:\/\/wpguerssen-test.odoo.rgbconsulting.com\/wp-content\/uploads\/2022\/04\/Logo_Guerssen_trans_100.png\",\"width\":122,\"height\":100,\"caption\":\"Guerssen records\"},\"image\":{\"@id\":\"https:\/\/wpguerssen-test.odoo.rgbconsulting.com\/es\/#\/schema\/logo\/image\/\"}}]}<\/script>\n<!-- \/ Yoast SEO plugin. -->","yoast_head_json":{"title":"GOMORRHA - I turned to see whose voice it was -  (LP) | Guerssen","description":"Remastered reissue (limited edition) of a classic early '70s Krautrock album, produced and engineered by the famous Conny Plank and originally out on Brain Records. This is complex psychedelic rock, fronted by angry guitars and organ, that could be simultaneously aggressive and spacious. Also noteworthy are the bizarre lyrics about life, religion, death, etc. Re-released including the complete band story, rare photos, lyrics etc.","robots":{"index":"index","follow":"follow","max-snippet":"max-snippet:-1","max-image-preview":"max-image-preview:large","max-video-preview":"max-video-preview:-1"},"canonical":"https:\/\/wpguerssen-test.odoo.rgbconsulting.com\/es\/producto\/i-turned-to-see-whose-voice-it-was\/","og_locale":"es_ES","og_type":"article","og_title":"GOMORRHA - I turned to see whose voice it was -  (LP) | Guerssen","og_description":"Remastered reissue (limited edition) of a classic early '70s Krautrock album, produced and engineered by the famous Conny Plank and originally out on Brain Records. This is complex psychedelic rock, fronted by angry guitars and organ, that could be simultaneously aggressive and spacious. Also noteworthy are the bizarre lyrics about life, religion, death, etc. Re-released including the complete band story, rare photos, lyrics etc.","og_url":"https:\/\/wpguerssen-test.odoo.rgbconsulting.com\/es\/producto\/i-turned-to-see-whose-voice-it-was\/","og_site_name":"Guerssen records","article_modified_time":"2025-04-29T11:28:22+00:00","twitter_card":"summary_large_image","twitter_title":"GOMORRHA - I turned to see whose voice it was -  (LP) | Guerssen","schema":{"@context":"https:\/\/schema.org","@graph":[{"@type":"WebPage","@id":"https:\/\/wpguerssen-test.odoo.rgbconsulting.com\/es\/producto\/i-turned-to-see-whose-voice-it-was\/","url":"https:\/\/wpguerssen-test.odoo.rgbconsulting.com\/es\/producto\/i-turned-to-see-whose-voice-it-was\/","name":"GOMORRHA - I turned to see whose voice it was - (LP) | Guerssen","isPartOf":{"@id":"https:\/\/wpguerssen-test.odoo.rgbconsulting.com\/es\/#website"},"primaryImageOfPage":{"@id":"https:\/\/wpguerssen-test.odoo.rgbconsulting.com\/es\/producto\/i-turned-to-see-whose-voice-it-was\/#primaryimage"},"image":{"@id":"https:\/\/wpguerssen-test.odoo.rgbconsulting.com\/es\/producto\/i-turned-to-see-whose-voice-it-was\/#primaryimage"},"thumbnailUrl":"https:\/\/wpguerssen-test.odoo.rgbconsulting.com\/wp-content\/uploads\/2022\/03\/14483.jpg","datePublished":"2025-01-23T23:00:00+00:00","dateModified":"2025-04-29T11:28:22+00:00","description":"Remastered reissue (limited edition) of a classic early '70s Krautrock album, produced and engineered by the famous Conny Plank and originally out on Brain Records. This is complex psychedelic rock, fronted by angry guitars and organ, that could be simultaneously aggressive and spacious. Also noteworthy are the bizarre lyrics about life, religion, death, etc. Re-released including the complete band story, rare photos, lyrics etc.","breadcrumb":{"@id":"https:\/\/wpguerssen-test.odoo.rgbconsulting.com\/es\/producto\/i-turned-to-see-whose-voice-it-was\/#breadcrumb"},"inLanguage":"es","potentialAction":[{"@type":"ReadAction","target":["https:\/\/wpguerssen-test.odoo.rgbconsulting.com\/es\/producto\/i-turned-to-see-whose-voice-it-was\/"]}]},{"@type":"ImageObject","inLanguage":"es","@id":"https:\/\/wpguerssen-test.odoo.rgbconsulting.com\/es\/producto\/i-turned-to-see-whose-voice-it-was\/#primaryimage","url":"https:\/\/wpguerssen-test.odoo.rgbconsulting.com\/wp-content\/uploads\/2022\/03\/14483.jpg","contentUrl":"https:\/\/wpguerssen-test.odoo.rgbconsulting.com\/wp-content\/uploads\/2022\/03\/14483.jpg","width":180,"height":180,"caption":"GOMORRHA - I turned to see whose voice it was - LONG HAIR (LP) | Guerssen"},{"@type":"BreadcrumbList","@id":"https:\/\/wpguerssen-test.odoo.rgbconsulting.com\/es\/producto\/i-turned-to-see-whose-voice-it-was\/#breadcrumb","itemListElement":[{"@type":"ListItem","position":1,"name":"Inicio","item":"https:\/\/wpguerssen-test.odoo.rgbconsulting.com\/es\/"},{"@type":"ListItem","position":2,"name":"Shop","item":"https:\/\/wpguerssen-test.odoo.rgbconsulting.com\/shop\/"},{"@type":"ListItem","position":3,"name":"I turned to see whose voice it was"}]},{"@type":"WebSite","@id":"https:\/\/wpguerssen-test.odoo.rgbconsulting.com\/es\/#website","url":"https:\/\/wpguerssen-test.odoo.rgbconsulting.com\/es\/","name":"Guerssen records","description":"psychedelia - progressive - folk - garage ","publisher":{"@id":"https:\/\/wpguerssen-test.odoo.rgbconsulting.com\/es\/#organization"},"potentialAction":[{"@type":"SearchAction","target":{"@type":"EntryPoint","urlTemplate":"https:\/\/wpguerssen-test.odoo.rgbconsulting.com\/es\/?s={search_term_string}"},"query-input":{"@type":"PropertyValueSpecification","valueRequired":true,"valueName":"search_term_string"}}],"inLanguage":"es"},{"@type":"Organization","@id":"https:\/\/wpguerssen-test.odoo.rgbconsulting.com\/es\/#organization","name":"Guerssen records","url":"https:\/\/wpguerssen-test.odoo.rgbconsulting.com\/es\/","logo":{"@type":"ImageObject","inLanguage":"es","@id":"https:\/\/wpguerssen-test.odoo.rgbconsulting.com\/es\/#\/schema\/logo\/image\/","url":"https:\/\/wpguerssen-test.odoo.rgbconsulting.com\/wp-content\/uploads\/2022\/04\/Logo_Guerssen_trans_100.png","contentUrl":"https:\/\/wpguerssen-test.odoo.rgbconsulting.com\/wp-content\/uploads\/2022\/04\/Logo_Guerssen_trans_100.png","width":122,"height":100,"caption":"Guerssen records"},"image":{"@id":"https:\/\/wpguerssen-test.odoo.rgbconsulting.com\/es\/#\/schema\/logo\/image\/"}}]}},"_links":{"self":[{"href":"https:\/\/wpguerssen-test.odoo.rgbconsulting.com\/es\/wp-json\/wp\/v2\/product\/178370","targetHints":{"allow":["GET"]}}],"collection":[{"href":"https:\/\/wpguerssen-test.odoo.rgbconsulting.com\/es\/wp-json\/wp\/v2\/product"}],"about":[{"href":"https:\/\/wpguerssen-test.odoo.rgbconsulting.com\/es\/wp-json\/wp\/v2\/types\/product"}],"wp:featuredmedia":[{"embeddable":true,"href":"https:\/\/wpguerssen-test.odoo.rgbconsulting.com\/es\/wp-json\/wp\/v2\/media\/114108"}],"wp:attachment":[{"href":"https:\/\/wpguerssen-test.odoo.rgbconsulting.com\/es\/wp-json\/wp\/v2\/media?parent=178370"}],"wp:term":[{"taxonomy":"product_brand","embeddable":true,"href":"https:\/\/wpguerssen-test.odoo.rgbconsulting.com\/es\/wp-json\/wp\/v2\/product_brand?post=178370"},{"taxonomy":"product_cat","embeddable":true,"href":"https:\/\/wpguerssen-test.odoo.rgbconsulting.com\/es\/wp-json\/wp\/v2\/product_cat?post=178370"},{"taxonomy":"product_tag","embeddable":true,"href":"https:\/\/wpguerssen-test.odoo.rgbconsulting.com\/es\/wp-json\/wp\/v2\/product_tag?post=178370"}],"curies":[{"name":"wp","href":"https:\/\/api.w.org\/{rel}","templated":true}]}}