{"id":178373,"date":"2013-11-26T00:00:00","date_gmt":"2013-11-25T23:00:00","guid":{"rendered":"http:\/\/guerssen.hl1097.dinaserver.com\/product\/trauma-cd\/"},"modified":"2025-01-30T16:42:15","modified_gmt":"2025-01-30T15:42:15","slug":"trauma-cd","status":"publish","type":"product","link":"https:\/\/wpguerssen-test.odoo.rgbconsulting.com\/es\/producto\/trauma-cd\/","title":{"rendered":"Trauma (CD)"},"content":{"rendered":"<p>&#8216;Trauma&#8217; es b\u00e1sicamente una regrabaci\u00f3n del primer LP de Gomorrha pero cantado en ingl\u00e9s. Todo un cl\u00e1sico Kraut, incluye el largo tema que da t\u00edtulo al disco, espectacular rock psicod\u00e9lico con efectos y collages sonoros. Se incluye tambi\u00e9n la versi\u00f3n cantada en alem\u00e1n. Booklet con notas y fotos.<\/p>\n","protected":false},"excerpt":{"rendered":"<p>&#8216;Trauma&#8217; es b\u00e1sicamente una regrabaci\u00f3n del primer LP de Gomorrha pero cantado en ingl\u00e9s. Todo un cl\u00e1sico Kraut, incluye el largo tema que da t\u00edtulo<a class=\"read\" href=\"https:\/\/wpguerssen-test.odoo.rgbconsulting.com\/es\/producto\/trauma-cd\/\"> (...)<\/a>","protected":false},"featured_media":114117,"template":"","meta":{"_acf_changed":false},"product_brand":[],"product_cat":[21639,23230],"product_tag":[],"class_list":{"0":"post-178373","1":"product","2":"type-product","3":"status-publish","4":"has-post-thumbnail","6":"product_cat-psychedelic60s-70s-es","7":"product_cat-krautrock-es-2","8":"pa_artist-gomorrha-es","9":"pa_format-cd-2-es","10":"pa_gender-krautrock-psychedelic60s-70s","11":"pa_label-long-hair-es","12":"pa_location-europe-es","14":"first","15":"instock","16":"taxable","17":"shipping-taxable","18":"purchasable","19":"product-type-simple"},"acf":[],"yoast_head":"<!-- This site is optimized with the Yoast SEO plugin v24.9 - https:\/\/yoast.com\/wordpress\/plugins\/seo\/ -->\n<title>GOMORRHA - Trauma (CD) -  (CD) | Guerssen<\/title>\n<meta name=\"description\" content=\"&#039;Trauma&#039; basically was the re-recorded version of the eponymous debut album by early &#039;70s Krautrock unit Gomorrha, for the occasion with English vocals. The album includes the long title track which was a true magnus opus, full of spectacular effects and electronics, mixing freaky rock with abstract sound collages. Produced by Conny Plank (who&#039;s career pretty much took off with producing Gomorrha) this English version also gave all the other compositions a new lease of life and a more modern sound. The CD-version also features the original German sung tracks as a bonus! Comes with the complete band story, rare photos, lyrics, etc.\" \/>\n<meta name=\"robots\" content=\"index, follow, max-snippet:-1, max-image-preview:large, max-video-preview:-1\" \/>\n<link rel=\"canonical\" href=\"https:\/\/wpguerssen-test.odoo.rgbconsulting.com\/es\/producto\/trauma-cd\/\" \/>\n<meta property=\"og:locale\" content=\"es_ES\" \/>\n<meta property=\"og:type\" content=\"article\" \/>\n<meta property=\"og:title\" content=\"GOMORRHA - Trauma (CD) -  (CD) | Guerssen\" \/>\n<meta property=\"og:description\" content=\"&#039;Trauma&#039; basically was the re-recorded version of the eponymous debut album by early &#039;70s Krautrock unit Gomorrha, for the occasion with English vocals. The album includes the long title track which was a true magnus opus, full of spectacular effects and electronics, mixing freaky rock with abstract sound collages. Produced by Conny Plank (who&#039;s career pretty much took off with producing Gomorrha) this English version also gave all the other compositions a new lease of life and a more modern sound. The CD-version also features the original German sung tracks as a bonus! Comes with the complete band story, rare photos, lyrics, etc.\" \/>\n<meta property=\"og:url\" content=\"https:\/\/wpguerssen-test.odoo.rgbconsulting.com\/es\/producto\/trauma-cd\/\" \/>\n<meta property=\"og:site_name\" content=\"Guerssen records\" \/>\n<meta property=\"article:modified_time\" content=\"2025-01-30T15:42:15+00:00\" \/>\n<meta name=\"twitter:card\" content=\"summary_large_image\" \/>\n<meta name=\"twitter:title\" content=\"GOMORRHA - Trauma (CD) -  (CD) | Guerssen\" \/>\n<script type=\"application\/ld+json\" class=\"yoast-schema-graph\">{\"@context\":\"https:\/\/schema.org\",\"@graph\":[{\"@type\":\"WebPage\",\"@id\":\"https:\/\/wpguerssen-test.odoo.rgbconsulting.com\/es\/producto\/trauma-cd\/\",\"url\":\"https:\/\/wpguerssen-test.odoo.rgbconsulting.com\/es\/producto\/trauma-cd\/\",\"name\":\"GOMORRHA - Trauma (CD) - (CD) | Guerssen\",\"isPartOf\":{\"@id\":\"https:\/\/wpguerssen-test.odoo.rgbconsulting.com\/es\/#website\"},\"primaryImageOfPage\":{\"@id\":\"https:\/\/wpguerssen-test.odoo.rgbconsulting.com\/es\/producto\/trauma-cd\/#primaryimage\"},\"image\":{\"@id\":\"https:\/\/wpguerssen-test.odoo.rgbconsulting.com\/es\/producto\/trauma-cd\/#primaryimage\"},\"thumbnailUrl\":\"https:\/\/wpguerssen-test.odoo.rgbconsulting.com\/wp-content\/uploads\/2022\/03\/14486.jpg\",\"datePublished\":\"2013-11-25T23:00:00+00:00\",\"dateModified\":\"2025-01-30T15:42:15+00:00\",\"description\":\"'Trauma' basically was the re-recorded version of the eponymous debut album by early '70s Krautrock unit Gomorrha, for the occasion with English vocals. The album includes the long title track which was a true magnus opus, full of spectacular effects and electronics, mixing freaky rock with abstract sound collages. Produced by Conny Plank (who's career pretty much took off with producing Gomorrha) this English version also gave all the other compositions a new lease of life and a more modern sound. The CD-version also features the original German sung tracks as a bonus! Comes with the complete band story, rare photos, lyrics, etc.\",\"breadcrumb\":{\"@id\":\"https:\/\/wpguerssen-test.odoo.rgbconsulting.com\/es\/producto\/trauma-cd\/#breadcrumb\"},\"inLanguage\":\"es\",\"potentialAction\":[{\"@type\":\"ReadAction\",\"target\":[\"https:\/\/wpguerssen-test.odoo.rgbconsulting.com\/es\/producto\/trauma-cd\/\"]}]},{\"@type\":\"ImageObject\",\"inLanguage\":\"es\",\"@id\":\"https:\/\/wpguerssen-test.odoo.rgbconsulting.com\/es\/producto\/trauma-cd\/#primaryimage\",\"url\":\"https:\/\/wpguerssen-test.odoo.rgbconsulting.com\/wp-content\/uploads\/2022\/03\/14486.jpg\",\"contentUrl\":\"https:\/\/wpguerssen-test.odoo.rgbconsulting.com\/wp-content\/uploads\/2022\/03\/14486.jpg\",\"width\":180,\"height\":180,\"caption\":\"GOMORRHA - Trauma (CD) - LONG HAIR (CD) | Guerssen\"},{\"@type\":\"BreadcrumbList\",\"@id\":\"https:\/\/wpguerssen-test.odoo.rgbconsulting.com\/es\/producto\/trauma-cd\/#breadcrumb\",\"itemListElement\":[{\"@type\":\"ListItem\",\"position\":1,\"name\":\"Inicio\",\"item\":\"https:\/\/wpguerssen-test.odoo.rgbconsulting.com\/es\/\"},{\"@type\":\"ListItem\",\"position\":2,\"name\":\"Shop\",\"item\":\"https:\/\/wpguerssen-test.odoo.rgbconsulting.com\/shop\/\"},{\"@type\":\"ListItem\",\"position\":3,\"name\":\"Trauma (CD)\"}]},{\"@type\":\"WebSite\",\"@id\":\"https:\/\/wpguerssen-test.odoo.rgbconsulting.com\/es\/#website\",\"url\":\"https:\/\/wpguerssen-test.odoo.rgbconsulting.com\/es\/\",\"name\":\"Guerssen records\",\"description\":\"psychedelia - progressive - folk - garage \",\"publisher\":{\"@id\":\"https:\/\/wpguerssen-test.odoo.rgbconsulting.com\/es\/#organization\"},\"potentialAction\":[{\"@type\":\"SearchAction\",\"target\":{\"@type\":\"EntryPoint\",\"urlTemplate\":\"https:\/\/wpguerssen-test.odoo.rgbconsulting.com\/es\/?s={search_term_string}\"},\"query-input\":{\"@type\":\"PropertyValueSpecification\",\"valueRequired\":true,\"valueName\":\"search_term_string\"}}],\"inLanguage\":\"es\"},{\"@type\":\"Organization\",\"@id\":\"https:\/\/wpguerssen-test.odoo.rgbconsulting.com\/es\/#organization\",\"name\":\"Guerssen records\",\"url\":\"https:\/\/wpguerssen-test.odoo.rgbconsulting.com\/es\/\",\"logo\":{\"@type\":\"ImageObject\",\"inLanguage\":\"es\",\"@id\":\"https:\/\/wpguerssen-test.odoo.rgbconsulting.com\/es\/#\/schema\/logo\/image\/\",\"url\":\"https:\/\/wpguerssen-test.odoo.rgbconsulting.com\/wp-content\/uploads\/2022\/04\/Logo_Guerssen_trans_100.png\",\"contentUrl\":\"https:\/\/wpguerssen-test.odoo.rgbconsulting.com\/wp-content\/uploads\/2022\/04\/Logo_Guerssen_trans_100.png\",\"width\":122,\"height\":100,\"caption\":\"Guerssen records\"},\"image\":{\"@id\":\"https:\/\/wpguerssen-test.odoo.rgbconsulting.com\/es\/#\/schema\/logo\/image\/\"}}]}<\/script>\n<!-- \/ Yoast SEO plugin. -->","yoast_head_json":{"title":"GOMORRHA - Trauma (CD) -  (CD) | Guerssen","description":"'Trauma' basically was the re-recorded version of the eponymous debut album by early '70s Krautrock unit Gomorrha, for the occasion with English vocals. The album includes the long title track which was a true magnus opus, full of spectacular effects and electronics, mixing freaky rock with abstract sound collages. Produced by Conny Plank (who's career pretty much took off with producing Gomorrha) this English version also gave all the other compositions a new lease of life and a more modern sound. The CD-version also features the original German sung tracks as a bonus! Comes with the complete band story, rare photos, lyrics, etc.","robots":{"index":"index","follow":"follow","max-snippet":"max-snippet:-1","max-image-preview":"max-image-preview:large","max-video-preview":"max-video-preview:-1"},"canonical":"https:\/\/wpguerssen-test.odoo.rgbconsulting.com\/es\/producto\/trauma-cd\/","og_locale":"es_ES","og_type":"article","og_title":"GOMORRHA - Trauma (CD) -  (CD) | Guerssen","og_description":"'Trauma' basically was the re-recorded version of the eponymous debut album by early '70s Krautrock unit Gomorrha, for the occasion with English vocals. The album includes the long title track which was a true magnus opus, full of spectacular effects and electronics, mixing freaky rock with abstract sound collages. Produced by Conny Plank (who's career pretty much took off with producing Gomorrha) this English version also gave all the other compositions a new lease of life and a more modern sound. The CD-version also features the original German sung tracks as a bonus! Comes with the complete band story, rare photos, lyrics, etc.","og_url":"https:\/\/wpguerssen-test.odoo.rgbconsulting.com\/es\/producto\/trauma-cd\/","og_site_name":"Guerssen records","article_modified_time":"2025-01-30T15:42:15+00:00","twitter_card":"summary_large_image","twitter_title":"GOMORRHA - Trauma (CD) -  (CD) | Guerssen","schema":{"@context":"https:\/\/schema.org","@graph":[{"@type":"WebPage","@id":"https:\/\/wpguerssen-test.odoo.rgbconsulting.com\/es\/producto\/trauma-cd\/","url":"https:\/\/wpguerssen-test.odoo.rgbconsulting.com\/es\/producto\/trauma-cd\/","name":"GOMORRHA - Trauma (CD) - (CD) | Guerssen","isPartOf":{"@id":"https:\/\/wpguerssen-test.odoo.rgbconsulting.com\/es\/#website"},"primaryImageOfPage":{"@id":"https:\/\/wpguerssen-test.odoo.rgbconsulting.com\/es\/producto\/trauma-cd\/#primaryimage"},"image":{"@id":"https:\/\/wpguerssen-test.odoo.rgbconsulting.com\/es\/producto\/trauma-cd\/#primaryimage"},"thumbnailUrl":"https:\/\/wpguerssen-test.odoo.rgbconsulting.com\/wp-content\/uploads\/2022\/03\/14486.jpg","datePublished":"2013-11-25T23:00:00+00:00","dateModified":"2025-01-30T15:42:15+00:00","description":"'Trauma' basically was the re-recorded version of the eponymous debut album by early '70s Krautrock unit Gomorrha, for the occasion with English vocals. The album includes the long title track which was a true magnus opus, full of spectacular effects and electronics, mixing freaky rock with abstract sound collages. Produced by Conny Plank (who's career pretty much took off with producing Gomorrha) this English version also gave all the other compositions a new lease of life and a more modern sound. The CD-version also features the original German sung tracks as a bonus! Comes with the complete band story, rare photos, lyrics, etc.","breadcrumb":{"@id":"https:\/\/wpguerssen-test.odoo.rgbconsulting.com\/es\/producto\/trauma-cd\/#breadcrumb"},"inLanguage":"es","potentialAction":[{"@type":"ReadAction","target":["https:\/\/wpguerssen-test.odoo.rgbconsulting.com\/es\/producto\/trauma-cd\/"]}]},{"@type":"ImageObject","inLanguage":"es","@id":"https:\/\/wpguerssen-test.odoo.rgbconsulting.com\/es\/producto\/trauma-cd\/#primaryimage","url":"https:\/\/wpguerssen-test.odoo.rgbconsulting.com\/wp-content\/uploads\/2022\/03\/14486.jpg","contentUrl":"https:\/\/wpguerssen-test.odoo.rgbconsulting.com\/wp-content\/uploads\/2022\/03\/14486.jpg","width":180,"height":180,"caption":"GOMORRHA - Trauma (CD) - LONG HAIR (CD) | Guerssen"},{"@type":"BreadcrumbList","@id":"https:\/\/wpguerssen-test.odoo.rgbconsulting.com\/es\/producto\/trauma-cd\/#breadcrumb","itemListElement":[{"@type":"ListItem","position":1,"name":"Inicio","item":"https:\/\/wpguerssen-test.odoo.rgbconsulting.com\/es\/"},{"@type":"ListItem","position":2,"name":"Shop","item":"https:\/\/wpguerssen-test.odoo.rgbconsulting.com\/shop\/"},{"@type":"ListItem","position":3,"name":"Trauma (CD)"}]},{"@type":"WebSite","@id":"https:\/\/wpguerssen-test.odoo.rgbconsulting.com\/es\/#website","url":"https:\/\/wpguerssen-test.odoo.rgbconsulting.com\/es\/","name":"Guerssen records","description":"psychedelia - progressive - folk - garage ","publisher":{"@id":"https:\/\/wpguerssen-test.odoo.rgbconsulting.com\/es\/#organization"},"potentialAction":[{"@type":"SearchAction","target":{"@type":"EntryPoint","urlTemplate":"https:\/\/wpguerssen-test.odoo.rgbconsulting.com\/es\/?s={search_term_string}"},"query-input":{"@type":"PropertyValueSpecification","valueRequired":true,"valueName":"search_term_string"}}],"inLanguage":"es"},{"@type":"Organization","@id":"https:\/\/wpguerssen-test.odoo.rgbconsulting.com\/es\/#organization","name":"Guerssen records","url":"https:\/\/wpguerssen-test.odoo.rgbconsulting.com\/es\/","logo":{"@type":"ImageObject","inLanguage":"es","@id":"https:\/\/wpguerssen-test.odoo.rgbconsulting.com\/es\/#\/schema\/logo\/image\/","url":"https:\/\/wpguerssen-test.odoo.rgbconsulting.com\/wp-content\/uploads\/2022\/04\/Logo_Guerssen_trans_100.png","contentUrl":"https:\/\/wpguerssen-test.odoo.rgbconsulting.com\/wp-content\/uploads\/2022\/04\/Logo_Guerssen_trans_100.png","width":122,"height":100,"caption":"Guerssen records"},"image":{"@id":"https:\/\/wpguerssen-test.odoo.rgbconsulting.com\/es\/#\/schema\/logo\/image\/"}}]}},"_links":{"self":[{"href":"https:\/\/wpguerssen-test.odoo.rgbconsulting.com\/es\/wp-json\/wp\/v2\/product\/178373","targetHints":{"allow":["GET"]}}],"collection":[{"href":"https:\/\/wpguerssen-test.odoo.rgbconsulting.com\/es\/wp-json\/wp\/v2\/product"}],"about":[{"href":"https:\/\/wpguerssen-test.odoo.rgbconsulting.com\/es\/wp-json\/wp\/v2\/types\/product"}],"wp:featuredmedia":[{"embeddable":true,"href":"https:\/\/wpguerssen-test.odoo.rgbconsulting.com\/es\/wp-json\/wp\/v2\/media\/114117"}],"wp:attachment":[{"href":"https:\/\/wpguerssen-test.odoo.rgbconsulting.com\/es\/wp-json\/wp\/v2\/media?parent=178373"}],"wp:term":[{"taxonomy":"product_brand","embeddable":true,"href":"https:\/\/wpguerssen-test.odoo.rgbconsulting.com\/es\/wp-json\/wp\/v2\/product_brand?post=178373"},{"taxonomy":"product_cat","embeddable":true,"href":"https:\/\/wpguerssen-test.odoo.rgbconsulting.com\/es\/wp-json\/wp\/v2\/product_cat?post=178373"},{"taxonomy":"product_tag","embeddable":true,"href":"https:\/\/wpguerssen-test.odoo.rgbconsulting.com\/es\/wp-json\/wp\/v2\/product_tag?post=178373"}],"curies":[{"name":"wp","href":"https:\/\/api.w.org\/{rel}","templated":true}]}}