{"id":178396,"date":"2014-01-10T00:00:00","date_gmt":"2014-01-09T23:00:00","guid":{"rendered":"http:\/\/guerssen.hl1097.dinaserver.com\/product\/selda-1979-cd\/"},"modified":"2025-03-20T16:21:51","modified_gmt":"2025-03-20T15:21:51","slug":"selda-1979-cd","status":"publish","type":"product","link":"https:\/\/wpguerssen-test.odoo.rgbconsulting.com\/es\/producto\/selda-1979-cd\/","title":{"rendered":"Selda (1979) (CD)"},"content":{"rendered":"<p>Cuarto \u00e1lbum de la cantante turca, editado en 1979. Guitarras ac\u00fasticas y baglamas envueltas en capas de reverb con letras que hablan de sangre derramada, bosques y probemas de las familias m\u00e1s humildes. La voz de Selda puede ser suave o poderosa pero simpre emocionante. Su recompensa fue el amor del pueblo turco pero tambi\u00e9n problemas pol\u00edticos que acabaron en nueve juicios y tres estancias en prisi\u00f3n. Sonido remasterizado, arte original, booklet con notas por Angela Sawyer (Weirdo Records) <\/p>\n<p> Tracklist: <\/p>\n<p> Galdi Galdi &#8211; Almanya Aci Vatan &#8211; Yigit Muhta\u00e7 Olmus Kuru Sogana &#8211; Sorsunlar Beni &#8211; Ona D\u00f6n &#8211; Hele Yar &#8211; Ayaginda Kundura &#8211; Ah Ne Olur Bizim K\u00f6yde &#8211; Hizir Pasa &#8211; Cenderme &#8211; Izin Ize Benzemiyor &#8211; Kiymayin Efendiler<\/p>\n","protected":false},"excerpt":{"rendered":"<p>Cuarto \u00e1lbum de la cantante turca, editado en 1979. Guitarras ac\u00fasticas y baglamas envueltas en capas de reverb con letras que hablan de sangre derramada, bosques<a class=\"read\" href=\"https:\/\/wpguerssen-test.odoo.rgbconsulting.com\/es\/producto\/selda-1979-cd\/\"> (...)<\/a>","protected":false},"featured_media":114178,"template":"","meta":{"_acf_changed":false},"product_brand":[],"product_cat":[23271],"product_tag":[29138,24190],"class_list":{"0":"post-178396","1":"product","2":"type-product","3":"status-publish","4":"has-post-thumbnail","6":"product_cat-folk-60s-70s-es","7":"product_tag-cd-es","8":"product_tag-sales-es","9":"pa_artist-selda-es","10":"pa_format-cd-2-es","11":"pa_gender-folk-60s-70s","12":"pa_label-pharaway-sounds-es","13":"pa_location-eastern-es","15":"first","16":"instock","17":"taxable","18":"shipping-taxable","19":"purchasable","20":"product-type-simple"},"acf":[],"yoast_head":"<!-- This site is optimized with the Yoast SEO plugin v24.9 - https:\/\/yoast.com\/wordpress\/plugins\/seo\/ -->\n<title>SELDA - Selda (1979) (CD) -  (CD) | Guerssen<\/title>\n<meta name=\"description\" content=\"Imagine if Julia Child had marched against Vietnam, stood on the steps of the Pentagon &amp; placed a flower in a gun barrel. Selda Bagcan&#039;s later records have that same cross of easygoing motherly warmth &amp; righteous anger.This 1979 album (technically her 4th, although 6 of these songs were also released on her 3rd), was recorded when Turkey was at its most politically polarized. Selda was sentenced to a total of over 500 years in prison right about the time it came out. A pile of acoustic guitars &amp; baglamas all going off at once under a blanket of reverb, with lyrics about blood, wood, mountains, families, and desperate troubles, so it&#039;s a thick squirt for a folk album. #nl# Selda&#039;s voice can either be sultry or really surge with emotion, and when she does belt one, it&#039;s oddly high &amp; completely unique. Her reward was the love of Turkey&#039;s people, but also 9 trials and 3 prison terms from the right wing military government of the 80s. #nl# Remastered sound, insert \/ booklet with liner notes. #nl# Tracklist: #nl# Galdi Galdi - Almanya Aci Vatan - Yigit Muhta\u00e7 Olmus Kuru Sogana - Sorsunlar Beni - Ona D\u00f6n - Hele Yar - Ayaginda Kundura - Ah Ne Olur Bizim K\u00f6yde - Hizir Pasa - Cenderme - Izin Ize Benzemiyor - Kiymayin Efendiler\" \/>\n<meta name=\"robots\" content=\"index, follow, max-snippet:-1, max-image-preview:large, max-video-preview:-1\" \/>\n<link rel=\"canonical\" href=\"https:\/\/wpguerssen-test.odoo.rgbconsulting.com\/es\/producto\/selda-1979-cd\/\" \/>\n<meta property=\"og:locale\" content=\"es_ES\" \/>\n<meta property=\"og:type\" content=\"article\" \/>\n<meta property=\"og:title\" content=\"SELDA - Selda (1979) (CD) -  (CD) | Guerssen\" \/>\n<meta property=\"og:description\" content=\"Imagine if Julia Child had marched against Vietnam, stood on the steps of the Pentagon &amp; placed a flower in a gun barrel. Selda Bagcan&#039;s later records have that same cross of easygoing motherly warmth &amp; righteous anger.This 1979 album (technically her 4th, although 6 of these songs were also released on her 3rd), was recorded when Turkey was at its most politically polarized. Selda was sentenced to a total of over 500 years in prison right about the time it came out. A pile of acoustic guitars &amp; baglamas all going off at once under a blanket of reverb, with lyrics about blood, wood, mountains, families, and desperate troubles, so it&#039;s a thick squirt for a folk album. #nl# Selda&#039;s voice can either be sultry or really surge with emotion, and when she does belt one, it&#039;s oddly high &amp; completely unique. Her reward was the love of Turkey&#039;s people, but also 9 trials and 3 prison terms from the right wing military government of the 80s. #nl# Remastered sound, insert \/ booklet with liner notes. #nl# Tracklist: #nl# Galdi Galdi - Almanya Aci Vatan - Yigit Muhta\u00e7 Olmus Kuru Sogana - Sorsunlar Beni - Ona D\u00f6n - Hele Yar - Ayaginda Kundura - Ah Ne Olur Bizim K\u00f6yde - Hizir Pasa - Cenderme - Izin Ize Benzemiyor - Kiymayin Efendiler\" \/>\n<meta property=\"og:url\" content=\"https:\/\/wpguerssen-test.odoo.rgbconsulting.com\/es\/producto\/selda-1979-cd\/\" \/>\n<meta property=\"og:site_name\" content=\"Guerssen records\" \/>\n<meta property=\"article:modified_time\" content=\"2025-03-20T15:21:51+00:00\" \/>\n<meta property=\"og:image\" content=\"https:\/\/wpguerssen-test.odoo.rgbconsulting.com\/wp-content\/uploads\/2022\/03\/14557.jpg\" \/>\n\t<meta property=\"og:image:width\" content=\"600\" \/>\n\t<meta property=\"og:image:height\" content=\"600\" \/>\n\t<meta property=\"og:image:type\" content=\"image\/jpeg\" \/>\n<meta name=\"twitter:card\" content=\"summary_large_image\" \/>\n<meta name=\"twitter:title\" content=\"SELDA - Selda (1979) (CD) -  (CD) | Guerssen\" \/>\n<meta name=\"twitter:label1\" content=\"Tiempo de lectura\" \/>\n\t<meta name=\"twitter:data1\" content=\"1 minuto\" \/>\n<script type=\"application\/ld+json\" class=\"yoast-schema-graph\">{\"@context\":\"https:\/\/schema.org\",\"@graph\":[{\"@type\":\"WebPage\",\"@id\":\"https:\/\/wpguerssen-test.odoo.rgbconsulting.com\/es\/producto\/selda-1979-cd\/\",\"url\":\"https:\/\/wpguerssen-test.odoo.rgbconsulting.com\/es\/producto\/selda-1979-cd\/\",\"name\":\"SELDA - Selda (1979) (CD) - (CD) | Guerssen\",\"isPartOf\":{\"@id\":\"https:\/\/wpguerssen-test.odoo.rgbconsulting.com\/es\/#website\"},\"primaryImageOfPage\":{\"@id\":\"https:\/\/wpguerssen-test.odoo.rgbconsulting.com\/es\/producto\/selda-1979-cd\/#primaryimage\"},\"image\":{\"@id\":\"https:\/\/wpguerssen-test.odoo.rgbconsulting.com\/es\/producto\/selda-1979-cd\/#primaryimage\"},\"thumbnailUrl\":\"https:\/\/wpguerssen-test.odoo.rgbconsulting.com\/wp-content\/uploads\/2022\/03\/14557.jpg\",\"datePublished\":\"2014-01-09T23:00:00+00:00\",\"dateModified\":\"2025-03-20T15:21:51+00:00\",\"description\":\"Imagine if Julia Child had marched against Vietnam, stood on the steps of the Pentagon & placed a flower in a gun barrel. Selda Bagcan's later records have that same cross of easygoing motherly warmth & righteous anger.This 1979 album (technically her 4th, although 6 of these songs were also released on her 3rd), was recorded when Turkey was at its most politically polarized. Selda was sentenced to a total of over 500 years in prison right about the time it came out. A pile of acoustic guitars & baglamas all going off at once under a blanket of reverb, with lyrics about blood, wood, mountains, families, and desperate troubles, so it's a thick squirt for a folk album. #nl# Selda's voice can either be sultry or really surge with emotion, and when she does belt one, it's oddly high & completely unique. Her reward was the love of Turkey's people, but also 9 trials and 3 prison terms from the right wing military government of the 80s. #nl# Remastered sound, insert \/ booklet with liner notes. #nl# Tracklist: #nl# Galdi Galdi - Almanya Aci Vatan - Yigit Muhta\u00e7 Olmus Kuru Sogana - Sorsunlar Beni - Ona D\u00f6n - Hele Yar - Ayaginda Kundura - Ah Ne Olur Bizim K\u00f6yde - Hizir Pasa - Cenderme - Izin Ize Benzemiyor - Kiymayin Efendiler\",\"breadcrumb\":{\"@id\":\"https:\/\/wpguerssen-test.odoo.rgbconsulting.com\/es\/producto\/selda-1979-cd\/#breadcrumb\"},\"inLanguage\":\"es\",\"potentialAction\":[{\"@type\":\"ReadAction\",\"target\":[\"https:\/\/wpguerssen-test.odoo.rgbconsulting.com\/es\/producto\/selda-1979-cd\/\"]}]},{\"@type\":\"ImageObject\",\"inLanguage\":\"es\",\"@id\":\"https:\/\/wpguerssen-test.odoo.rgbconsulting.com\/es\/producto\/selda-1979-cd\/#primaryimage\",\"url\":\"https:\/\/wpguerssen-test.odoo.rgbconsulting.com\/wp-content\/uploads\/2022\/03\/14557.jpg\",\"contentUrl\":\"https:\/\/wpguerssen-test.odoo.rgbconsulting.com\/wp-content\/uploads\/2022\/03\/14557.jpg\",\"width\":600,\"height\":600,\"caption\":\"SELDA - Selda (1979) (CD) - PHARAWAY SOUNDS (CD) | Guerssen\"},{\"@type\":\"BreadcrumbList\",\"@id\":\"https:\/\/wpguerssen-test.odoo.rgbconsulting.com\/es\/producto\/selda-1979-cd\/#breadcrumb\",\"itemListElement\":[{\"@type\":\"ListItem\",\"position\":1,\"name\":\"Inicio\",\"item\":\"https:\/\/wpguerssen-test.odoo.rgbconsulting.com\/es\/\"},{\"@type\":\"ListItem\",\"position\":2,\"name\":\"Shop\",\"item\":\"https:\/\/wpguerssen-test.odoo.rgbconsulting.com\/shop\/\"},{\"@type\":\"ListItem\",\"position\":3,\"name\":\"Selda (1979) (CD)\"}]},{\"@type\":\"WebSite\",\"@id\":\"https:\/\/wpguerssen-test.odoo.rgbconsulting.com\/es\/#website\",\"url\":\"https:\/\/wpguerssen-test.odoo.rgbconsulting.com\/es\/\",\"name\":\"Guerssen records\",\"description\":\"psychedelia - progressive - folk - garage \",\"publisher\":{\"@id\":\"https:\/\/wpguerssen-test.odoo.rgbconsulting.com\/es\/#organization\"},\"potentialAction\":[{\"@type\":\"SearchAction\",\"target\":{\"@type\":\"EntryPoint\",\"urlTemplate\":\"https:\/\/wpguerssen-test.odoo.rgbconsulting.com\/es\/?s={search_term_string}\"},\"query-input\":{\"@type\":\"PropertyValueSpecification\",\"valueRequired\":true,\"valueName\":\"search_term_string\"}}],\"inLanguage\":\"es\"},{\"@type\":\"Organization\",\"@id\":\"https:\/\/wpguerssen-test.odoo.rgbconsulting.com\/es\/#organization\",\"name\":\"Guerssen records\",\"url\":\"https:\/\/wpguerssen-test.odoo.rgbconsulting.com\/es\/\",\"logo\":{\"@type\":\"ImageObject\",\"inLanguage\":\"es\",\"@id\":\"https:\/\/wpguerssen-test.odoo.rgbconsulting.com\/es\/#\/schema\/logo\/image\/\",\"url\":\"https:\/\/wpguerssen-test.odoo.rgbconsulting.com\/wp-content\/uploads\/2022\/04\/Logo_Guerssen_trans_100.png\",\"contentUrl\":\"https:\/\/wpguerssen-test.odoo.rgbconsulting.com\/wp-content\/uploads\/2022\/04\/Logo_Guerssen_trans_100.png\",\"width\":122,\"height\":100,\"caption\":\"Guerssen records\"},\"image\":{\"@id\":\"https:\/\/wpguerssen-test.odoo.rgbconsulting.com\/es\/#\/schema\/logo\/image\/\"}}]}<\/script>\n<!-- \/ Yoast SEO plugin. -->","yoast_head_json":{"title":"SELDA - Selda (1979) (CD) -  (CD) | Guerssen","description":"Imagine if Julia Child had marched against Vietnam, stood on the steps of the Pentagon & placed a flower in a gun barrel. Selda Bagcan's later records have that same cross of easygoing motherly warmth & righteous anger.This 1979 album (technically her 4th, although 6 of these songs were also released on her 3rd), was recorded when Turkey was at its most politically polarized. Selda was sentenced to a total of over 500 years in prison right about the time it came out. A pile of acoustic guitars & baglamas all going off at once under a blanket of reverb, with lyrics about blood, wood, mountains, families, and desperate troubles, so it's a thick squirt for a folk album. #nl# Selda's voice can either be sultry or really surge with emotion, and when she does belt one, it's oddly high & completely unique. Her reward was the love of Turkey's people, but also 9 trials and 3 prison terms from the right wing military government of the 80s. #nl# Remastered sound, insert \/ booklet with liner notes. #nl# Tracklist: #nl# Galdi Galdi - Almanya Aci Vatan - Yigit Muhta\u00e7 Olmus Kuru Sogana - Sorsunlar Beni - Ona D\u00f6n - Hele Yar - Ayaginda Kundura - Ah Ne Olur Bizim K\u00f6yde - Hizir Pasa - Cenderme - Izin Ize Benzemiyor - Kiymayin Efendiler","robots":{"index":"index","follow":"follow","max-snippet":"max-snippet:-1","max-image-preview":"max-image-preview:large","max-video-preview":"max-video-preview:-1"},"canonical":"https:\/\/wpguerssen-test.odoo.rgbconsulting.com\/es\/producto\/selda-1979-cd\/","og_locale":"es_ES","og_type":"article","og_title":"SELDA - Selda (1979) (CD) -  (CD) | Guerssen","og_description":"Imagine if Julia Child had marched against Vietnam, stood on the steps of the Pentagon & placed a flower in a gun barrel. Selda Bagcan's later records have that same cross of easygoing motherly warmth & righteous anger.This 1979 album (technically her 4th, although 6 of these songs were also released on her 3rd), was recorded when Turkey was at its most politically polarized. Selda was sentenced to a total of over 500 years in prison right about the time it came out. A pile of acoustic guitars & baglamas all going off at once under a blanket of reverb, with lyrics about blood, wood, mountains, families, and desperate troubles, so it's a thick squirt for a folk album. #nl# Selda's voice can either be sultry or really surge with emotion, and when she does belt one, it's oddly high & completely unique. Her reward was the love of Turkey's people, but also 9 trials and 3 prison terms from the right wing military government of the 80s. #nl# Remastered sound, insert \/ booklet with liner notes. #nl# Tracklist: #nl# Galdi Galdi - Almanya Aci Vatan - Yigit Muhta\u00e7 Olmus Kuru Sogana - Sorsunlar Beni - Ona D\u00f6n - Hele Yar - Ayaginda Kundura - Ah Ne Olur Bizim K\u00f6yde - Hizir Pasa - Cenderme - Izin Ize Benzemiyor - Kiymayin Efendiler","og_url":"https:\/\/wpguerssen-test.odoo.rgbconsulting.com\/es\/producto\/selda-1979-cd\/","og_site_name":"Guerssen records","article_modified_time":"2025-03-20T15:21:51+00:00","og_image":[{"width":600,"height":600,"url":"https:\/\/wpguerssen-test.odoo.rgbconsulting.com\/wp-content\/uploads\/2022\/03\/14557.jpg","type":"image\/jpeg"}],"twitter_card":"summary_large_image","twitter_title":"SELDA - Selda (1979) (CD) -  (CD) | Guerssen","twitter_misc":{"Tiempo de lectura":"1 minuto"},"schema":{"@context":"https:\/\/schema.org","@graph":[{"@type":"WebPage","@id":"https:\/\/wpguerssen-test.odoo.rgbconsulting.com\/es\/producto\/selda-1979-cd\/","url":"https:\/\/wpguerssen-test.odoo.rgbconsulting.com\/es\/producto\/selda-1979-cd\/","name":"SELDA - Selda (1979) (CD) - (CD) | Guerssen","isPartOf":{"@id":"https:\/\/wpguerssen-test.odoo.rgbconsulting.com\/es\/#website"},"primaryImageOfPage":{"@id":"https:\/\/wpguerssen-test.odoo.rgbconsulting.com\/es\/producto\/selda-1979-cd\/#primaryimage"},"image":{"@id":"https:\/\/wpguerssen-test.odoo.rgbconsulting.com\/es\/producto\/selda-1979-cd\/#primaryimage"},"thumbnailUrl":"https:\/\/wpguerssen-test.odoo.rgbconsulting.com\/wp-content\/uploads\/2022\/03\/14557.jpg","datePublished":"2014-01-09T23:00:00+00:00","dateModified":"2025-03-20T15:21:51+00:00","description":"Imagine if Julia Child had marched against Vietnam, stood on the steps of the Pentagon & placed a flower in a gun barrel. Selda Bagcan's later records have that same cross of easygoing motherly warmth & righteous anger.This 1979 album (technically her 4th, although 6 of these songs were also released on her 3rd), was recorded when Turkey was at its most politically polarized. Selda was sentenced to a total of over 500 years in prison right about the time it came out. A pile of acoustic guitars & baglamas all going off at once under a blanket of reverb, with lyrics about blood, wood, mountains, families, and desperate troubles, so it's a thick squirt for a folk album. #nl# Selda's voice can either be sultry or really surge with emotion, and when she does belt one, it's oddly high & completely unique. Her reward was the love of Turkey's people, but also 9 trials and 3 prison terms from the right wing military government of the 80s. #nl# Remastered sound, insert \/ booklet with liner notes. #nl# Tracklist: #nl# Galdi Galdi - Almanya Aci Vatan - Yigit Muhta\u00e7 Olmus Kuru Sogana - Sorsunlar Beni - Ona D\u00f6n - Hele Yar - Ayaginda Kundura - Ah Ne Olur Bizim K\u00f6yde - Hizir Pasa - Cenderme - Izin Ize Benzemiyor - Kiymayin Efendiler","breadcrumb":{"@id":"https:\/\/wpguerssen-test.odoo.rgbconsulting.com\/es\/producto\/selda-1979-cd\/#breadcrumb"},"inLanguage":"es","potentialAction":[{"@type":"ReadAction","target":["https:\/\/wpguerssen-test.odoo.rgbconsulting.com\/es\/producto\/selda-1979-cd\/"]}]},{"@type":"ImageObject","inLanguage":"es","@id":"https:\/\/wpguerssen-test.odoo.rgbconsulting.com\/es\/producto\/selda-1979-cd\/#primaryimage","url":"https:\/\/wpguerssen-test.odoo.rgbconsulting.com\/wp-content\/uploads\/2022\/03\/14557.jpg","contentUrl":"https:\/\/wpguerssen-test.odoo.rgbconsulting.com\/wp-content\/uploads\/2022\/03\/14557.jpg","width":600,"height":600,"caption":"SELDA - Selda (1979) (CD) - PHARAWAY SOUNDS (CD) | Guerssen"},{"@type":"BreadcrumbList","@id":"https:\/\/wpguerssen-test.odoo.rgbconsulting.com\/es\/producto\/selda-1979-cd\/#breadcrumb","itemListElement":[{"@type":"ListItem","position":1,"name":"Inicio","item":"https:\/\/wpguerssen-test.odoo.rgbconsulting.com\/es\/"},{"@type":"ListItem","position":2,"name":"Shop","item":"https:\/\/wpguerssen-test.odoo.rgbconsulting.com\/shop\/"},{"@type":"ListItem","position":3,"name":"Selda (1979) (CD)"}]},{"@type":"WebSite","@id":"https:\/\/wpguerssen-test.odoo.rgbconsulting.com\/es\/#website","url":"https:\/\/wpguerssen-test.odoo.rgbconsulting.com\/es\/","name":"Guerssen records","description":"psychedelia - progressive - folk - garage ","publisher":{"@id":"https:\/\/wpguerssen-test.odoo.rgbconsulting.com\/es\/#organization"},"potentialAction":[{"@type":"SearchAction","target":{"@type":"EntryPoint","urlTemplate":"https:\/\/wpguerssen-test.odoo.rgbconsulting.com\/es\/?s={search_term_string}"},"query-input":{"@type":"PropertyValueSpecification","valueRequired":true,"valueName":"search_term_string"}}],"inLanguage":"es"},{"@type":"Organization","@id":"https:\/\/wpguerssen-test.odoo.rgbconsulting.com\/es\/#organization","name":"Guerssen records","url":"https:\/\/wpguerssen-test.odoo.rgbconsulting.com\/es\/","logo":{"@type":"ImageObject","inLanguage":"es","@id":"https:\/\/wpguerssen-test.odoo.rgbconsulting.com\/es\/#\/schema\/logo\/image\/","url":"https:\/\/wpguerssen-test.odoo.rgbconsulting.com\/wp-content\/uploads\/2022\/04\/Logo_Guerssen_trans_100.png","contentUrl":"https:\/\/wpguerssen-test.odoo.rgbconsulting.com\/wp-content\/uploads\/2022\/04\/Logo_Guerssen_trans_100.png","width":122,"height":100,"caption":"Guerssen records"},"image":{"@id":"https:\/\/wpguerssen-test.odoo.rgbconsulting.com\/es\/#\/schema\/logo\/image\/"}}]}},"_links":{"self":[{"href":"https:\/\/wpguerssen-test.odoo.rgbconsulting.com\/es\/wp-json\/wp\/v2\/product\/178396","targetHints":{"allow":["GET"]}}],"collection":[{"href":"https:\/\/wpguerssen-test.odoo.rgbconsulting.com\/es\/wp-json\/wp\/v2\/product"}],"about":[{"href":"https:\/\/wpguerssen-test.odoo.rgbconsulting.com\/es\/wp-json\/wp\/v2\/types\/product"}],"wp:featuredmedia":[{"embeddable":true,"href":"https:\/\/wpguerssen-test.odoo.rgbconsulting.com\/es\/wp-json\/wp\/v2\/media\/114178"}],"wp:attachment":[{"href":"https:\/\/wpguerssen-test.odoo.rgbconsulting.com\/es\/wp-json\/wp\/v2\/media?parent=178396"}],"wp:term":[{"taxonomy":"product_brand","embeddable":true,"href":"https:\/\/wpguerssen-test.odoo.rgbconsulting.com\/es\/wp-json\/wp\/v2\/product_brand?post=178396"},{"taxonomy":"product_cat","embeddable":true,"href":"https:\/\/wpguerssen-test.odoo.rgbconsulting.com\/es\/wp-json\/wp\/v2\/product_cat?post=178396"},{"taxonomy":"product_tag","embeddable":true,"href":"https:\/\/wpguerssen-test.odoo.rgbconsulting.com\/es\/wp-json\/wp\/v2\/product_tag?post=178396"}],"curies":[{"name":"wp","href":"https:\/\/api.w.org\/{rel}","templated":true}]}}