{"id":178461,"date":"2014-04-02T00:00:00","date_gmt":"2014-04-01T22:00:00","guid":{"rendered":"http:\/\/guerssen.hl1097.dinaserver.com\/product\/product-of-pisces-and-capricorn\/"},"modified":"2025-03-03T15:17:46","modified_gmt":"2025-03-03T14:17:46","slug":"product-of-pisces-and-capricorn","status":"publish","type":"product","link":"https:\/\/wpguerssen-test.odoo.rgbconsulting.com\/es\/producto\/product-of-pisces-and-capricorn\/","title":{"rendered":"Product of pisces and capricorn"},"content":{"rendered":"<p>Segundo \u00e1lbum del d\u00fao holand\u00e9s, editado en 1971. Aqu\u00ed mezclan el pop psicod\u00e9lico con sonidos m\u00e1s hard y progresivos. Limitado a 500 copias, insert con notas y fotos.<\/p>\n","protected":false},"excerpt":{"rendered":"<p>Segundo \u00e1lbum del d\u00fao holand\u00e9s, editado en 1971. Aqu\u00ed mezclan el pop psicod\u00e9lico con sonidos m\u00e1s hard y progresivos. Limitado a 500 copias, insert con notas<a class=\"read\" href=\"https:\/\/wpguerssen-test.odoo.rgbconsulting.com\/es\/producto\/product-of-pisces-and-capricorn\/\"> (...)<\/a>","protected":false},"featured_media":114357,"template":"","meta":{"_acf_changed":false},"product_brand":[],"product_cat":[21639,23271],"product_tag":[],"class_list":{"0":"post-178461","1":"product","2":"type-product","3":"status-publish","4":"has-post-thumbnail","6":"product_cat-psychedelic60s-70s-es","7":"product_cat-folk-60s-70s-es","8":"pa_artist-o-p-m-c","9":"pa_format-lp-es","10":"pa_gender-folk-60s-70s-psychedelic60s-70s","11":"pa_label-wah-wah-es-2","12":"pa_location-europe-es","13":"pa_other-filters-vinyl-only-es","15":"first","16":"instock","17":"taxable","18":"shipping-taxable","19":"purchasable","20":"product-type-simple"},"acf":[],"yoast_head":"<!-- This site is optimized with the Yoast SEO plugin v24.9 - https:\/\/yoast.com\/wordpress\/plugins\/seo\/ -->\n<title>O.P.M.C - Product of pisces and capricorn -  (LP) | Guerssen<\/title>\n<meta name=\"description\" content=\"O.P.M.C. (Oldest Professional Music Company, as they were living in the famous Amsterdam Red Light District in those days) centered around Barrie Webb and Teun van der Slikke with different line ups during their existence. Other musicians in their recordings feature Frank van Tijn (drums), Peter van der Sande (bass, cello, electric guitar, keyboards - plus he also did arrangements and production) and Onny Lopulalan (lead guitar), some of them having served in other interesting Dutch bands such as Apartment 1 or Serpentine. Even ex-Outsiders&#039; legends Leendert Busch and Appie Rammers were at once among the O.P.M.C. line up! #nl# On their second LP, &quot;Product Of Pisces And Capricorn&quot; from 1971, their sound has reached higher labels of sofistication, mixing the popsike path with 70&#039;s rockier stuff. #nl# &quot;These two young men could have had the music world at their feet. If you listen the songs on this OPMC album, it will become apparent to you that they both loved the Beatles, yet they still managed to make their own style of music with &quot;A little help from their friends&quot; * Robbie Dale Robinson (Admiral MBF. Retired) #nl# Originally released in Pink Elephant in 1971, the Wah Wah reissue will come housed in a quality glossy laminated gatefold sleeve reproducing the original artwork, remastered sound, and featuring an insert with photos and liner notes. Limited edition of only 500 copies.\" \/>\n<meta name=\"robots\" content=\"index, follow, max-snippet:-1, max-image-preview:large, max-video-preview:-1\" \/>\n<link rel=\"canonical\" href=\"https:\/\/wpguerssen-test.odoo.rgbconsulting.com\/es\/producto\/product-of-pisces-and-capricorn\/\" \/>\n<meta property=\"og:locale\" content=\"es_ES\" \/>\n<meta property=\"og:type\" content=\"article\" \/>\n<meta property=\"og:title\" content=\"O.P.M.C - Product of pisces and capricorn -  (LP) | Guerssen\" \/>\n<meta property=\"og:description\" content=\"O.P.M.C. (Oldest Professional Music Company, as they were living in the famous Amsterdam Red Light District in those days) centered around Barrie Webb and Teun van der Slikke with different line ups during their existence. Other musicians in their recordings feature Frank van Tijn (drums), Peter van der Sande (bass, cello, electric guitar, keyboards - plus he also did arrangements and production) and Onny Lopulalan (lead guitar), some of them having served in other interesting Dutch bands such as Apartment 1 or Serpentine. Even ex-Outsiders&#039; legends Leendert Busch and Appie Rammers were at once among the O.P.M.C. line up! #nl# On their second LP, &quot;Product Of Pisces And Capricorn&quot; from 1971, their sound has reached higher labels of sofistication, mixing the popsike path with 70&#039;s rockier stuff. #nl# &quot;These two young men could have had the music world at their feet. If you listen the songs on this OPMC album, it will become apparent to you that they both loved the Beatles, yet they still managed to make their own style of music with &quot;A little help from their friends&quot; * Robbie Dale Robinson (Admiral MBF. Retired) #nl# Originally released in Pink Elephant in 1971, the Wah Wah reissue will come housed in a quality glossy laminated gatefold sleeve reproducing the original artwork, remastered sound, and featuring an insert with photos and liner notes. Limited edition of only 500 copies.\" \/>\n<meta property=\"og:url\" content=\"https:\/\/wpguerssen-test.odoo.rgbconsulting.com\/es\/producto\/product-of-pisces-and-capricorn\/\" \/>\n<meta property=\"og:site_name\" content=\"Guerssen records\" \/>\n<meta property=\"article:modified_time\" content=\"2025-03-03T14:17:46+00:00\" \/>\n<meta property=\"og:image\" content=\"https:\/\/wpguerssen-test.odoo.rgbconsulting.com\/wp-content\/uploads\/2022\/03\/14832.jpg\" \/>\n\t<meta property=\"og:image:width\" content=\"180\" \/>\n\t<meta property=\"og:image:height\" content=\"180\" \/>\n\t<meta property=\"og:image:type\" content=\"image\/jpeg\" \/>\n<meta name=\"twitter:card\" content=\"summary_large_image\" \/>\n<meta name=\"twitter:title\" content=\"O.P.M.C - Product of pisces and capricorn -  (LP) | Guerssen\" \/>\n<script type=\"application\/ld+json\" class=\"yoast-schema-graph\">{\"@context\":\"https:\/\/schema.org\",\"@graph\":[{\"@type\":\"WebPage\",\"@id\":\"https:\/\/wpguerssen-test.odoo.rgbconsulting.com\/es\/producto\/product-of-pisces-and-capricorn\/\",\"url\":\"https:\/\/wpguerssen-test.odoo.rgbconsulting.com\/es\/producto\/product-of-pisces-and-capricorn\/\",\"name\":\"O.P.M.C - Product of pisces and capricorn - (LP) | Guerssen\",\"isPartOf\":{\"@id\":\"https:\/\/wpguerssen-test.odoo.rgbconsulting.com\/es\/#website\"},\"primaryImageOfPage\":{\"@id\":\"https:\/\/wpguerssen-test.odoo.rgbconsulting.com\/es\/producto\/product-of-pisces-and-capricorn\/#primaryimage\"},\"image\":{\"@id\":\"https:\/\/wpguerssen-test.odoo.rgbconsulting.com\/es\/producto\/product-of-pisces-and-capricorn\/#primaryimage\"},\"thumbnailUrl\":\"https:\/\/wpguerssen-test.odoo.rgbconsulting.com\/wp-content\/uploads\/2022\/03\/14832.jpg\",\"datePublished\":\"2014-04-01T22:00:00+00:00\",\"dateModified\":\"2025-03-03T14:17:46+00:00\",\"description\":\"O.P.M.C. (Oldest Professional Music Company, as they were living in the famous Amsterdam Red Light District in those days) centered around Barrie Webb and Teun van der Slikke with different line ups during their existence. Other musicians in their recordings feature Frank van Tijn (drums), Peter van der Sande (bass, cello, electric guitar, keyboards - plus he also did arrangements and production) and Onny Lopulalan (lead guitar), some of them having served in other interesting Dutch bands such as Apartment 1 or Serpentine. Even ex-Outsiders' legends Leendert Busch and Appie Rammers were at once among the O.P.M.C. line up! #nl# On their second LP, \\\"Product Of Pisces And Capricorn\\\" from 1971, their sound has reached higher labels of sofistication, mixing the popsike path with 70's rockier stuff. #nl# \\\"These two young men could have had the music world at their feet. If you listen the songs on this OPMC album, it will become apparent to you that they both loved the Beatles, yet they still managed to make their own style of music with \\\"A little help from their friends\\\" * Robbie Dale Robinson (Admiral MBF. Retired) #nl# Originally released in Pink Elephant in 1971, the Wah Wah reissue will come housed in a quality glossy laminated gatefold sleeve reproducing the original artwork, remastered sound, and featuring an insert with photos and liner notes. Limited edition of only 500 copies.\",\"breadcrumb\":{\"@id\":\"https:\/\/wpguerssen-test.odoo.rgbconsulting.com\/es\/producto\/product-of-pisces-and-capricorn\/#breadcrumb\"},\"inLanguage\":\"es\",\"potentialAction\":[{\"@type\":\"ReadAction\",\"target\":[\"https:\/\/wpguerssen-test.odoo.rgbconsulting.com\/es\/producto\/product-of-pisces-and-capricorn\/\"]}]},{\"@type\":\"ImageObject\",\"inLanguage\":\"es\",\"@id\":\"https:\/\/wpguerssen-test.odoo.rgbconsulting.com\/es\/producto\/product-of-pisces-and-capricorn\/#primaryimage\",\"url\":\"https:\/\/wpguerssen-test.odoo.rgbconsulting.com\/wp-content\/uploads\/2022\/03\/14832.jpg\",\"contentUrl\":\"https:\/\/wpguerssen-test.odoo.rgbconsulting.com\/wp-content\/uploads\/2022\/03\/14832.jpg\",\"width\":180,\"height\":180,\"caption\":\"O.P.M.C - Product of pisces and capricorn - WAH WAH (LP) | Guerssen\"},{\"@type\":\"BreadcrumbList\",\"@id\":\"https:\/\/wpguerssen-test.odoo.rgbconsulting.com\/es\/producto\/product-of-pisces-and-capricorn\/#breadcrumb\",\"itemListElement\":[{\"@type\":\"ListItem\",\"position\":1,\"name\":\"Inicio\",\"item\":\"https:\/\/wpguerssen-test.odoo.rgbconsulting.com\/es\/\"},{\"@type\":\"ListItem\",\"position\":2,\"name\":\"Shop\",\"item\":\"https:\/\/wpguerssen-test.odoo.rgbconsulting.com\/shop\/\"},{\"@type\":\"ListItem\",\"position\":3,\"name\":\"Product of pisces and capricorn\"}]},{\"@type\":\"WebSite\",\"@id\":\"https:\/\/wpguerssen-test.odoo.rgbconsulting.com\/es\/#website\",\"url\":\"https:\/\/wpguerssen-test.odoo.rgbconsulting.com\/es\/\",\"name\":\"Guerssen records\",\"description\":\"psychedelia - progressive - folk - garage \",\"publisher\":{\"@id\":\"https:\/\/wpguerssen-test.odoo.rgbconsulting.com\/es\/#organization\"},\"potentialAction\":[{\"@type\":\"SearchAction\",\"target\":{\"@type\":\"EntryPoint\",\"urlTemplate\":\"https:\/\/wpguerssen-test.odoo.rgbconsulting.com\/es\/?s={search_term_string}\"},\"query-input\":{\"@type\":\"PropertyValueSpecification\",\"valueRequired\":true,\"valueName\":\"search_term_string\"}}],\"inLanguage\":\"es\"},{\"@type\":\"Organization\",\"@id\":\"https:\/\/wpguerssen-test.odoo.rgbconsulting.com\/es\/#organization\",\"name\":\"Guerssen records\",\"url\":\"https:\/\/wpguerssen-test.odoo.rgbconsulting.com\/es\/\",\"logo\":{\"@type\":\"ImageObject\",\"inLanguage\":\"es\",\"@id\":\"https:\/\/wpguerssen-test.odoo.rgbconsulting.com\/es\/#\/schema\/logo\/image\/\",\"url\":\"https:\/\/wpguerssen-test.odoo.rgbconsulting.com\/wp-content\/uploads\/2022\/04\/Logo_Guerssen_trans_100.png\",\"contentUrl\":\"https:\/\/wpguerssen-test.odoo.rgbconsulting.com\/wp-content\/uploads\/2022\/04\/Logo_Guerssen_trans_100.png\",\"width\":122,\"height\":100,\"caption\":\"Guerssen records\"},\"image\":{\"@id\":\"https:\/\/wpguerssen-test.odoo.rgbconsulting.com\/es\/#\/schema\/logo\/image\/\"}}]}<\/script>\n<!-- \/ Yoast SEO plugin. -->","yoast_head_json":{"title":"O.P.M.C - Product of pisces and capricorn -  (LP) | Guerssen","description":"O.P.M.C. (Oldest Professional Music Company, as they were living in the famous Amsterdam Red Light District in those days) centered around Barrie Webb and Teun van der Slikke with different line ups during their existence. Other musicians in their recordings feature Frank van Tijn (drums), Peter van der Sande (bass, cello, electric guitar, keyboards - plus he also did arrangements and production) and Onny Lopulalan (lead guitar), some of them having served in other interesting Dutch bands such as Apartment 1 or Serpentine. Even ex-Outsiders' legends Leendert Busch and Appie Rammers were at once among the O.P.M.C. line up! #nl# On their second LP, \"Product Of Pisces And Capricorn\" from 1971, their sound has reached higher labels of sofistication, mixing the popsike path with 70's rockier stuff. #nl# \"These two young men could have had the music world at their feet. If you listen the songs on this OPMC album, it will become apparent to you that they both loved the Beatles, yet they still managed to make their own style of music with \"A little help from their friends\" * Robbie Dale Robinson (Admiral MBF. Retired) #nl# Originally released in Pink Elephant in 1971, the Wah Wah reissue will come housed in a quality glossy laminated gatefold sleeve reproducing the original artwork, remastered sound, and featuring an insert with photos and liner notes. Limited edition of only 500 copies.","robots":{"index":"index","follow":"follow","max-snippet":"max-snippet:-1","max-image-preview":"max-image-preview:large","max-video-preview":"max-video-preview:-1"},"canonical":"https:\/\/wpguerssen-test.odoo.rgbconsulting.com\/es\/producto\/product-of-pisces-and-capricorn\/","og_locale":"es_ES","og_type":"article","og_title":"O.P.M.C - Product of pisces and capricorn -  (LP) | Guerssen","og_description":"O.P.M.C. (Oldest Professional Music Company, as they were living in the famous Amsterdam Red Light District in those days) centered around Barrie Webb and Teun van der Slikke with different line ups during their existence. Other musicians in their recordings feature Frank van Tijn (drums), Peter van der Sande (bass, cello, electric guitar, keyboards - plus he also did arrangements and production) and Onny Lopulalan (lead guitar), some of them having served in other interesting Dutch bands such as Apartment 1 or Serpentine. Even ex-Outsiders' legends Leendert Busch and Appie Rammers were at once among the O.P.M.C. line up! #nl# On their second LP, \"Product Of Pisces And Capricorn\" from 1971, their sound has reached higher labels of sofistication, mixing the popsike path with 70's rockier stuff. #nl# \"These two young men could have had the music world at their feet. If you listen the songs on this OPMC album, it will become apparent to you that they both loved the Beatles, yet they still managed to make their own style of music with \"A little help from their friends\" * Robbie Dale Robinson (Admiral MBF. Retired) #nl# Originally released in Pink Elephant in 1971, the Wah Wah reissue will come housed in a quality glossy laminated gatefold sleeve reproducing the original artwork, remastered sound, and featuring an insert with photos and liner notes. Limited edition of only 500 copies.","og_url":"https:\/\/wpguerssen-test.odoo.rgbconsulting.com\/es\/producto\/product-of-pisces-and-capricorn\/","og_site_name":"Guerssen records","article_modified_time":"2025-03-03T14:17:46+00:00","og_image":[{"width":180,"height":180,"url":"https:\/\/wpguerssen-test.odoo.rgbconsulting.com\/wp-content\/uploads\/2022\/03\/14832.jpg","type":"image\/jpeg"}],"twitter_card":"summary_large_image","twitter_title":"O.P.M.C - Product of pisces and capricorn -  (LP) | Guerssen","schema":{"@context":"https:\/\/schema.org","@graph":[{"@type":"WebPage","@id":"https:\/\/wpguerssen-test.odoo.rgbconsulting.com\/es\/producto\/product-of-pisces-and-capricorn\/","url":"https:\/\/wpguerssen-test.odoo.rgbconsulting.com\/es\/producto\/product-of-pisces-and-capricorn\/","name":"O.P.M.C - Product of pisces and capricorn - (LP) | Guerssen","isPartOf":{"@id":"https:\/\/wpguerssen-test.odoo.rgbconsulting.com\/es\/#website"},"primaryImageOfPage":{"@id":"https:\/\/wpguerssen-test.odoo.rgbconsulting.com\/es\/producto\/product-of-pisces-and-capricorn\/#primaryimage"},"image":{"@id":"https:\/\/wpguerssen-test.odoo.rgbconsulting.com\/es\/producto\/product-of-pisces-and-capricorn\/#primaryimage"},"thumbnailUrl":"https:\/\/wpguerssen-test.odoo.rgbconsulting.com\/wp-content\/uploads\/2022\/03\/14832.jpg","datePublished":"2014-04-01T22:00:00+00:00","dateModified":"2025-03-03T14:17:46+00:00","description":"O.P.M.C. (Oldest Professional Music Company, as they were living in the famous Amsterdam Red Light District in those days) centered around Barrie Webb and Teun van der Slikke with different line ups during their existence. Other musicians in their recordings feature Frank van Tijn (drums), Peter van der Sande (bass, cello, electric guitar, keyboards - plus he also did arrangements and production) and Onny Lopulalan (lead guitar), some of them having served in other interesting Dutch bands such as Apartment 1 or Serpentine. Even ex-Outsiders' legends Leendert Busch and Appie Rammers were at once among the O.P.M.C. line up! #nl# On their second LP, \"Product Of Pisces And Capricorn\" from 1971, their sound has reached higher labels of sofistication, mixing the popsike path with 70's rockier stuff. #nl# \"These two young men could have had the music world at their feet. If you listen the songs on this OPMC album, it will become apparent to you that they both loved the Beatles, yet they still managed to make their own style of music with \"A little help from their friends\" * Robbie Dale Robinson (Admiral MBF. Retired) #nl# Originally released in Pink Elephant in 1971, the Wah Wah reissue will come housed in a quality glossy laminated gatefold sleeve reproducing the original artwork, remastered sound, and featuring an insert with photos and liner notes. Limited edition of only 500 copies.","breadcrumb":{"@id":"https:\/\/wpguerssen-test.odoo.rgbconsulting.com\/es\/producto\/product-of-pisces-and-capricorn\/#breadcrumb"},"inLanguage":"es","potentialAction":[{"@type":"ReadAction","target":["https:\/\/wpguerssen-test.odoo.rgbconsulting.com\/es\/producto\/product-of-pisces-and-capricorn\/"]}]},{"@type":"ImageObject","inLanguage":"es","@id":"https:\/\/wpguerssen-test.odoo.rgbconsulting.com\/es\/producto\/product-of-pisces-and-capricorn\/#primaryimage","url":"https:\/\/wpguerssen-test.odoo.rgbconsulting.com\/wp-content\/uploads\/2022\/03\/14832.jpg","contentUrl":"https:\/\/wpguerssen-test.odoo.rgbconsulting.com\/wp-content\/uploads\/2022\/03\/14832.jpg","width":180,"height":180,"caption":"O.P.M.C - Product of pisces and capricorn - WAH WAH (LP) | Guerssen"},{"@type":"BreadcrumbList","@id":"https:\/\/wpguerssen-test.odoo.rgbconsulting.com\/es\/producto\/product-of-pisces-and-capricorn\/#breadcrumb","itemListElement":[{"@type":"ListItem","position":1,"name":"Inicio","item":"https:\/\/wpguerssen-test.odoo.rgbconsulting.com\/es\/"},{"@type":"ListItem","position":2,"name":"Shop","item":"https:\/\/wpguerssen-test.odoo.rgbconsulting.com\/shop\/"},{"@type":"ListItem","position":3,"name":"Product of pisces and capricorn"}]},{"@type":"WebSite","@id":"https:\/\/wpguerssen-test.odoo.rgbconsulting.com\/es\/#website","url":"https:\/\/wpguerssen-test.odoo.rgbconsulting.com\/es\/","name":"Guerssen records","description":"psychedelia - progressive - folk - garage ","publisher":{"@id":"https:\/\/wpguerssen-test.odoo.rgbconsulting.com\/es\/#organization"},"potentialAction":[{"@type":"SearchAction","target":{"@type":"EntryPoint","urlTemplate":"https:\/\/wpguerssen-test.odoo.rgbconsulting.com\/es\/?s={search_term_string}"},"query-input":{"@type":"PropertyValueSpecification","valueRequired":true,"valueName":"search_term_string"}}],"inLanguage":"es"},{"@type":"Organization","@id":"https:\/\/wpguerssen-test.odoo.rgbconsulting.com\/es\/#organization","name":"Guerssen records","url":"https:\/\/wpguerssen-test.odoo.rgbconsulting.com\/es\/","logo":{"@type":"ImageObject","inLanguage":"es","@id":"https:\/\/wpguerssen-test.odoo.rgbconsulting.com\/es\/#\/schema\/logo\/image\/","url":"https:\/\/wpguerssen-test.odoo.rgbconsulting.com\/wp-content\/uploads\/2022\/04\/Logo_Guerssen_trans_100.png","contentUrl":"https:\/\/wpguerssen-test.odoo.rgbconsulting.com\/wp-content\/uploads\/2022\/04\/Logo_Guerssen_trans_100.png","width":122,"height":100,"caption":"Guerssen records"},"image":{"@id":"https:\/\/wpguerssen-test.odoo.rgbconsulting.com\/es\/#\/schema\/logo\/image\/"}}]}},"_links":{"self":[{"href":"https:\/\/wpguerssen-test.odoo.rgbconsulting.com\/es\/wp-json\/wp\/v2\/product\/178461","targetHints":{"allow":["GET"]}}],"collection":[{"href":"https:\/\/wpguerssen-test.odoo.rgbconsulting.com\/es\/wp-json\/wp\/v2\/product"}],"about":[{"href":"https:\/\/wpguerssen-test.odoo.rgbconsulting.com\/es\/wp-json\/wp\/v2\/types\/product"}],"wp:featuredmedia":[{"embeddable":true,"href":"https:\/\/wpguerssen-test.odoo.rgbconsulting.com\/es\/wp-json\/wp\/v2\/media\/114357"}],"wp:attachment":[{"href":"https:\/\/wpguerssen-test.odoo.rgbconsulting.com\/es\/wp-json\/wp\/v2\/media?parent=178461"}],"wp:term":[{"taxonomy":"product_brand","embeddable":true,"href":"https:\/\/wpguerssen-test.odoo.rgbconsulting.com\/es\/wp-json\/wp\/v2\/product_brand?post=178461"},{"taxonomy":"product_cat","embeddable":true,"href":"https:\/\/wpguerssen-test.odoo.rgbconsulting.com\/es\/wp-json\/wp\/v2\/product_cat?post=178461"},{"taxonomy":"product_tag","embeddable":true,"href":"https:\/\/wpguerssen-test.odoo.rgbconsulting.com\/es\/wp-json\/wp\/v2\/product_tag?post=178461"}],"curies":[{"name":"wp","href":"https:\/\/api.w.org\/{rel}","templated":true}]}}