{"id":178465,"date":"2014-04-02T00:00:00","date_gmt":"2014-04-01T22:00:00","guid":{"rendered":"http:\/\/guerssen.hl1097.dinaserver.com\/product\/the-magic-spell-of-mothers-wrath-lp7\/"},"modified":"2024-02-07T16:38:26","modified_gmt":"2024-02-07T15:38:26","slug":"the-magic-spell-of-mothers-wrath-lp7","status":"publish","type":"product","link":"https:\/\/wpguerssen-test.odoo.rgbconsulting.com\/es\/producto\/the-magic-spell-of-mothers-wrath-lp7\/","title":{"rendered":"&#8230;The magic spell of Mother&#8217;s wrath (LP+7&#8243;)"},"content":{"rendered":"<p>Acid-folk con toques jazzy y progresivos y con momentos que pueden recordar a Pentangle o John Martyn. Grupo formado por Jim Cuomo (ex-Spoils Of War) durante su estancia en Francia, este es su segundo \u00e1lbum editado por CBS en 1972.  Incluye EP con dos temas de un raro single m\u00e1s dos in\u00e9ditos. Sonido de m\u00e1sters, insert con notas y fotos. Limitado a 500 copias.<\/p>\n","protected":false},"excerpt":{"rendered":"<p>Acid-folk con toques jazzy y progresivos y con momentos que pueden recordar a Pentangle o John Martyn. Grupo formado por Jim Cuomo (ex-Spoils Of War) durante su estancia<a class=\"read\" href=\"https:\/\/wpguerssen-test.odoo.rgbconsulting.com\/es\/producto\/the-magic-spell-of-mothers-wrath-lp7\/\"> (...)<\/a>","protected":false},"featured_media":114369,"template":"","meta":{"_acf_changed":false},"product_brand":[],"product_cat":[21639,23271],"product_tag":[],"class_list":{"0":"post-178465","1":"product","2":"type-product","3":"status-publish","4":"has-post-thumbnail","6":"product_cat-psychedelic60s-70s-es","7":"product_cat-folk-60s-70s-es","8":"pa_format-lp-es","9":"pa_gender-psychedelic60s-70s-folk-60s-70s","10":"pa_label-wah-wah-es-2","11":"pa_location-europe-es","12":"pa_other-filters-vinyl-only-es","14":"first","15":"instock","16":"taxable","17":"shipping-taxable","18":"purchasable","19":"product-type-simple"},"acf":[],"yoast_head":"<!-- This site is optimized with the Yoast SEO plugin v24.9 - https:\/\/yoast.com\/wordpress\/plugins\/seo\/ -->\n<title>MORMOS - ...The magic spell of Mother&#039;s wrath (LP+7&quot;) -  (LP) | Guerssen<\/title>\n<meta name=\"description\" content=\"For all those of you who enjoyed The Great Wall Of China, here is the second Mormos LP at last reissued! Again done in cooperation with Jim Cuomo, who provided two previously unreleased tracks for the bonus EP (which also has the two songs from their second 45), and again a fantastic masterpiece of gently crafted acid folk sounds with jazzy touches that will take you to the same lands The Pentangle or John Martyn have taken you before. The album is sure to appeal not only folk lovers, but also those into more prog stuff. #nl# Originally issued in French CBS in 1972, the Wah Wah reissue reproduces the original glossy laminated sleeve and will come with an insert with photos and text by Jim Cuomo himself. As a bonus, a 7&quot; p\/s EP will be added featuring the band&#039;s second CBS 45 plus two previously unreleased songs from the era. Remastered from the original tapes by Roger Prades, this edition will be limited to 500 copies only. Get yours before it&#039;s too late!\" \/>\n<meta name=\"robots\" content=\"index, follow, max-snippet:-1, max-image-preview:large, max-video-preview:-1\" \/>\n<link rel=\"canonical\" href=\"https:\/\/wpguerssen-test.odoo.rgbconsulting.com\/es\/producto\/the-magic-spell-of-mothers-wrath-lp7\/\" \/>\n<meta property=\"og:locale\" content=\"es_ES\" \/>\n<meta property=\"og:type\" content=\"article\" \/>\n<meta property=\"og:title\" content=\"MORMOS - ...The magic spell of Mother&#039;s wrath (LP+7&quot;) -  (LP) | Guerssen\" \/>\n<meta property=\"og:description\" content=\"For all those of you who enjoyed The Great Wall Of China, here is the second Mormos LP at last reissued! Again done in cooperation with Jim Cuomo, who provided two previously unreleased tracks for the bonus EP (which also has the two songs from their second 45), and again a fantastic masterpiece of gently crafted acid folk sounds with jazzy touches that will take you to the same lands The Pentangle or John Martyn have taken you before. The album is sure to appeal not only folk lovers, but also those into more prog stuff. #nl# Originally issued in French CBS in 1972, the Wah Wah reissue reproduces the original glossy laminated sleeve and will come with an insert with photos and text by Jim Cuomo himself. As a bonus, a 7&quot; p\/s EP will be added featuring the band&#039;s second CBS 45 plus two previously unreleased songs from the era. Remastered from the original tapes by Roger Prades, this edition will be limited to 500 copies only. Get yours before it&#039;s too late!\" \/>\n<meta property=\"og:url\" content=\"https:\/\/wpguerssen-test.odoo.rgbconsulting.com\/es\/producto\/the-magic-spell-of-mothers-wrath-lp7\/\" \/>\n<meta property=\"og:site_name\" content=\"Guerssen records\" \/>\n<meta property=\"article:modified_time\" content=\"2024-02-07T15:38:26+00:00\" \/>\n<meta property=\"og:image\" content=\"https:\/\/wpguerssen-test.odoo.rgbconsulting.com\/wp-content\/uploads\/2022\/03\/14836.jpg\" \/>\n\t<meta property=\"og:image:width\" content=\"180\" \/>\n\t<meta property=\"og:image:height\" content=\"180\" \/>\n\t<meta property=\"og:image:type\" content=\"image\/jpeg\" \/>\n<meta name=\"twitter:card\" content=\"summary_large_image\" \/>\n<meta name=\"twitter:title\" content=\"MORMOS - ...The magic spell of Mother&#039;s wrath (LP+7&quot;) -  (LP) | Guerssen\" \/>\n<script type=\"application\/ld+json\" class=\"yoast-schema-graph\">{\"@context\":\"https:\/\/schema.org\",\"@graph\":[{\"@type\":\"WebPage\",\"@id\":\"https:\/\/wpguerssen-test.odoo.rgbconsulting.com\/es\/producto\/the-magic-spell-of-mothers-wrath-lp7\/\",\"url\":\"https:\/\/wpguerssen-test.odoo.rgbconsulting.com\/es\/producto\/the-magic-spell-of-mothers-wrath-lp7\/\",\"name\":\"MORMOS - ...The magic spell of Mother's wrath (LP+7\\\") - (LP) | Guerssen\",\"isPartOf\":{\"@id\":\"https:\/\/wpguerssen-test.odoo.rgbconsulting.com\/es\/#website\"},\"primaryImageOfPage\":{\"@id\":\"https:\/\/wpguerssen-test.odoo.rgbconsulting.com\/es\/producto\/the-magic-spell-of-mothers-wrath-lp7\/#primaryimage\"},\"image\":{\"@id\":\"https:\/\/wpguerssen-test.odoo.rgbconsulting.com\/es\/producto\/the-magic-spell-of-mothers-wrath-lp7\/#primaryimage\"},\"thumbnailUrl\":\"https:\/\/wpguerssen-test.odoo.rgbconsulting.com\/wp-content\/uploads\/2022\/03\/14836.jpg\",\"datePublished\":\"2014-04-01T22:00:00+00:00\",\"dateModified\":\"2024-02-07T15:38:26+00:00\",\"description\":\"For all those of you who enjoyed The Great Wall Of China, here is the second Mormos LP at last reissued! Again done in cooperation with Jim Cuomo, who provided two previously unreleased tracks for the bonus EP (which also has the two songs from their second 45), and again a fantastic masterpiece of gently crafted acid folk sounds with jazzy touches that will take you to the same lands The Pentangle or John Martyn have taken you before. The album is sure to appeal not only folk lovers, but also those into more prog stuff. #nl# Originally issued in French CBS in 1972, the Wah Wah reissue reproduces the original glossy laminated sleeve and will come with an insert with photos and text by Jim Cuomo himself. As a bonus, a 7\\\" p\/s EP will be added featuring the band's second CBS 45 plus two previously unreleased songs from the era. Remastered from the original tapes by Roger Prades, this edition will be limited to 500 copies only. Get yours before it's too late!\",\"breadcrumb\":{\"@id\":\"https:\/\/wpguerssen-test.odoo.rgbconsulting.com\/es\/producto\/the-magic-spell-of-mothers-wrath-lp7\/#breadcrumb\"},\"inLanguage\":\"es\",\"potentialAction\":[{\"@type\":\"ReadAction\",\"target\":[\"https:\/\/wpguerssen-test.odoo.rgbconsulting.com\/es\/producto\/the-magic-spell-of-mothers-wrath-lp7\/\"]}]},{\"@type\":\"ImageObject\",\"inLanguage\":\"es\",\"@id\":\"https:\/\/wpguerssen-test.odoo.rgbconsulting.com\/es\/producto\/the-magic-spell-of-mothers-wrath-lp7\/#primaryimage\",\"url\":\"https:\/\/wpguerssen-test.odoo.rgbconsulting.com\/wp-content\/uploads\/2022\/03\/14836.jpg\",\"contentUrl\":\"https:\/\/wpguerssen-test.odoo.rgbconsulting.com\/wp-content\/uploads\/2022\/03\/14836.jpg\",\"width\":180,\"height\":180,\"caption\":\"MORMOS - ...The magic spell of Mother's wrath (LP+7\\\") - WAH WAH (LP) | Guerssen\"},{\"@type\":\"BreadcrumbList\",\"@id\":\"https:\/\/wpguerssen-test.odoo.rgbconsulting.com\/es\/producto\/the-magic-spell-of-mothers-wrath-lp7\/#breadcrumb\",\"itemListElement\":[{\"@type\":\"ListItem\",\"position\":1,\"name\":\"Inicio\",\"item\":\"https:\/\/wpguerssen-test.odoo.rgbconsulting.com\/es\/\"},{\"@type\":\"ListItem\",\"position\":2,\"name\":\"Shop\",\"item\":\"https:\/\/wpguerssen-test.odoo.rgbconsulting.com\/shop\/\"},{\"@type\":\"ListItem\",\"position\":3,\"name\":\"&#8230;The magic spell of Mother&#8217;s wrath (LP+7&#8243;)\"}]},{\"@type\":\"WebSite\",\"@id\":\"https:\/\/wpguerssen-test.odoo.rgbconsulting.com\/es\/#website\",\"url\":\"https:\/\/wpguerssen-test.odoo.rgbconsulting.com\/es\/\",\"name\":\"Guerssen records\",\"description\":\"psychedelia - progressive - folk - garage \",\"publisher\":{\"@id\":\"https:\/\/wpguerssen-test.odoo.rgbconsulting.com\/es\/#organization\"},\"potentialAction\":[{\"@type\":\"SearchAction\",\"target\":{\"@type\":\"EntryPoint\",\"urlTemplate\":\"https:\/\/wpguerssen-test.odoo.rgbconsulting.com\/es\/?s={search_term_string}\"},\"query-input\":{\"@type\":\"PropertyValueSpecification\",\"valueRequired\":true,\"valueName\":\"search_term_string\"}}],\"inLanguage\":\"es\"},{\"@type\":\"Organization\",\"@id\":\"https:\/\/wpguerssen-test.odoo.rgbconsulting.com\/es\/#organization\",\"name\":\"Guerssen records\",\"url\":\"https:\/\/wpguerssen-test.odoo.rgbconsulting.com\/es\/\",\"logo\":{\"@type\":\"ImageObject\",\"inLanguage\":\"es\",\"@id\":\"https:\/\/wpguerssen-test.odoo.rgbconsulting.com\/es\/#\/schema\/logo\/image\/\",\"url\":\"https:\/\/wpguerssen-test.odoo.rgbconsulting.com\/wp-content\/uploads\/2022\/04\/Logo_Guerssen_trans_100.png\",\"contentUrl\":\"https:\/\/wpguerssen-test.odoo.rgbconsulting.com\/wp-content\/uploads\/2022\/04\/Logo_Guerssen_trans_100.png\",\"width\":122,\"height\":100,\"caption\":\"Guerssen records\"},\"image\":{\"@id\":\"https:\/\/wpguerssen-test.odoo.rgbconsulting.com\/es\/#\/schema\/logo\/image\/\"}}]}<\/script>\n<!-- \/ Yoast SEO plugin. -->","yoast_head_json":{"title":"MORMOS - ...The magic spell of Mother's wrath (LP+7\") -  (LP) | Guerssen","description":"For all those of you who enjoyed The Great Wall Of China, here is the second Mormos LP at last reissued! Again done in cooperation with Jim Cuomo, who provided two previously unreleased tracks for the bonus EP (which also has the two songs from their second 45), and again a fantastic masterpiece of gently crafted acid folk sounds with jazzy touches that will take you to the same lands The Pentangle or John Martyn have taken you before. The album is sure to appeal not only folk lovers, but also those into more prog stuff. #nl# Originally issued in French CBS in 1972, the Wah Wah reissue reproduces the original glossy laminated sleeve and will come with an insert with photos and text by Jim Cuomo himself. As a bonus, a 7\" p\/s EP will be added featuring the band's second CBS 45 plus two previously unreleased songs from the era. Remastered from the original tapes by Roger Prades, this edition will be limited to 500 copies only. Get yours before it's too late!","robots":{"index":"index","follow":"follow","max-snippet":"max-snippet:-1","max-image-preview":"max-image-preview:large","max-video-preview":"max-video-preview:-1"},"canonical":"https:\/\/wpguerssen-test.odoo.rgbconsulting.com\/es\/producto\/the-magic-spell-of-mothers-wrath-lp7\/","og_locale":"es_ES","og_type":"article","og_title":"MORMOS - ...The magic spell of Mother's wrath (LP+7\") -  (LP) | Guerssen","og_description":"For all those of you who enjoyed The Great Wall Of China, here is the second Mormos LP at last reissued! Again done in cooperation with Jim Cuomo, who provided two previously unreleased tracks for the bonus EP (which also has the two songs from their second 45), and again a fantastic masterpiece of gently crafted acid folk sounds with jazzy touches that will take you to the same lands The Pentangle or John Martyn have taken you before. The album is sure to appeal not only folk lovers, but also those into more prog stuff. #nl# Originally issued in French CBS in 1972, the Wah Wah reissue reproduces the original glossy laminated sleeve and will come with an insert with photos and text by Jim Cuomo himself. As a bonus, a 7\" p\/s EP will be added featuring the band's second CBS 45 plus two previously unreleased songs from the era. Remastered from the original tapes by Roger Prades, this edition will be limited to 500 copies only. Get yours before it's too late!","og_url":"https:\/\/wpguerssen-test.odoo.rgbconsulting.com\/es\/producto\/the-magic-spell-of-mothers-wrath-lp7\/","og_site_name":"Guerssen records","article_modified_time":"2024-02-07T15:38:26+00:00","og_image":[{"width":180,"height":180,"url":"https:\/\/wpguerssen-test.odoo.rgbconsulting.com\/wp-content\/uploads\/2022\/03\/14836.jpg","type":"image\/jpeg"}],"twitter_card":"summary_large_image","twitter_title":"MORMOS - ...The magic spell of Mother's wrath (LP+7\") -  (LP) | Guerssen","schema":{"@context":"https:\/\/schema.org","@graph":[{"@type":"WebPage","@id":"https:\/\/wpguerssen-test.odoo.rgbconsulting.com\/es\/producto\/the-magic-spell-of-mothers-wrath-lp7\/","url":"https:\/\/wpguerssen-test.odoo.rgbconsulting.com\/es\/producto\/the-magic-spell-of-mothers-wrath-lp7\/","name":"MORMOS - ...The magic spell of Mother's wrath (LP+7\") - (LP) | Guerssen","isPartOf":{"@id":"https:\/\/wpguerssen-test.odoo.rgbconsulting.com\/es\/#website"},"primaryImageOfPage":{"@id":"https:\/\/wpguerssen-test.odoo.rgbconsulting.com\/es\/producto\/the-magic-spell-of-mothers-wrath-lp7\/#primaryimage"},"image":{"@id":"https:\/\/wpguerssen-test.odoo.rgbconsulting.com\/es\/producto\/the-magic-spell-of-mothers-wrath-lp7\/#primaryimage"},"thumbnailUrl":"https:\/\/wpguerssen-test.odoo.rgbconsulting.com\/wp-content\/uploads\/2022\/03\/14836.jpg","datePublished":"2014-04-01T22:00:00+00:00","dateModified":"2024-02-07T15:38:26+00:00","description":"For all those of you who enjoyed The Great Wall Of China, here is the second Mormos LP at last reissued! Again done in cooperation with Jim Cuomo, who provided two previously unreleased tracks for the bonus EP (which also has the two songs from their second 45), and again a fantastic masterpiece of gently crafted acid folk sounds with jazzy touches that will take you to the same lands The Pentangle or John Martyn have taken you before. The album is sure to appeal not only folk lovers, but also those into more prog stuff. #nl# Originally issued in French CBS in 1972, the Wah Wah reissue reproduces the original glossy laminated sleeve and will come with an insert with photos and text by Jim Cuomo himself. As a bonus, a 7\" p\/s EP will be added featuring the band's second CBS 45 plus two previously unreleased songs from the era. Remastered from the original tapes by Roger Prades, this edition will be limited to 500 copies only. Get yours before it's too late!","breadcrumb":{"@id":"https:\/\/wpguerssen-test.odoo.rgbconsulting.com\/es\/producto\/the-magic-spell-of-mothers-wrath-lp7\/#breadcrumb"},"inLanguage":"es","potentialAction":[{"@type":"ReadAction","target":["https:\/\/wpguerssen-test.odoo.rgbconsulting.com\/es\/producto\/the-magic-spell-of-mothers-wrath-lp7\/"]}]},{"@type":"ImageObject","inLanguage":"es","@id":"https:\/\/wpguerssen-test.odoo.rgbconsulting.com\/es\/producto\/the-magic-spell-of-mothers-wrath-lp7\/#primaryimage","url":"https:\/\/wpguerssen-test.odoo.rgbconsulting.com\/wp-content\/uploads\/2022\/03\/14836.jpg","contentUrl":"https:\/\/wpguerssen-test.odoo.rgbconsulting.com\/wp-content\/uploads\/2022\/03\/14836.jpg","width":180,"height":180,"caption":"MORMOS - ...The magic spell of Mother's wrath (LP+7\") - WAH WAH (LP) | Guerssen"},{"@type":"BreadcrumbList","@id":"https:\/\/wpguerssen-test.odoo.rgbconsulting.com\/es\/producto\/the-magic-spell-of-mothers-wrath-lp7\/#breadcrumb","itemListElement":[{"@type":"ListItem","position":1,"name":"Inicio","item":"https:\/\/wpguerssen-test.odoo.rgbconsulting.com\/es\/"},{"@type":"ListItem","position":2,"name":"Shop","item":"https:\/\/wpguerssen-test.odoo.rgbconsulting.com\/shop\/"},{"@type":"ListItem","position":3,"name":"&#8230;The magic spell of Mother&#8217;s wrath (LP+7&#8243;)"}]},{"@type":"WebSite","@id":"https:\/\/wpguerssen-test.odoo.rgbconsulting.com\/es\/#website","url":"https:\/\/wpguerssen-test.odoo.rgbconsulting.com\/es\/","name":"Guerssen records","description":"psychedelia - progressive - folk - garage ","publisher":{"@id":"https:\/\/wpguerssen-test.odoo.rgbconsulting.com\/es\/#organization"},"potentialAction":[{"@type":"SearchAction","target":{"@type":"EntryPoint","urlTemplate":"https:\/\/wpguerssen-test.odoo.rgbconsulting.com\/es\/?s={search_term_string}"},"query-input":{"@type":"PropertyValueSpecification","valueRequired":true,"valueName":"search_term_string"}}],"inLanguage":"es"},{"@type":"Organization","@id":"https:\/\/wpguerssen-test.odoo.rgbconsulting.com\/es\/#organization","name":"Guerssen records","url":"https:\/\/wpguerssen-test.odoo.rgbconsulting.com\/es\/","logo":{"@type":"ImageObject","inLanguage":"es","@id":"https:\/\/wpguerssen-test.odoo.rgbconsulting.com\/es\/#\/schema\/logo\/image\/","url":"https:\/\/wpguerssen-test.odoo.rgbconsulting.com\/wp-content\/uploads\/2022\/04\/Logo_Guerssen_trans_100.png","contentUrl":"https:\/\/wpguerssen-test.odoo.rgbconsulting.com\/wp-content\/uploads\/2022\/04\/Logo_Guerssen_trans_100.png","width":122,"height":100,"caption":"Guerssen records"},"image":{"@id":"https:\/\/wpguerssen-test.odoo.rgbconsulting.com\/es\/#\/schema\/logo\/image\/"}}]}},"_links":{"self":[{"href":"https:\/\/wpguerssen-test.odoo.rgbconsulting.com\/es\/wp-json\/wp\/v2\/product\/178465","targetHints":{"allow":["GET"]}}],"collection":[{"href":"https:\/\/wpguerssen-test.odoo.rgbconsulting.com\/es\/wp-json\/wp\/v2\/product"}],"about":[{"href":"https:\/\/wpguerssen-test.odoo.rgbconsulting.com\/es\/wp-json\/wp\/v2\/types\/product"}],"wp:featuredmedia":[{"embeddable":true,"href":"https:\/\/wpguerssen-test.odoo.rgbconsulting.com\/es\/wp-json\/wp\/v2\/media\/114369"}],"wp:attachment":[{"href":"https:\/\/wpguerssen-test.odoo.rgbconsulting.com\/es\/wp-json\/wp\/v2\/media?parent=178465"}],"wp:term":[{"taxonomy":"product_brand","embeddable":true,"href":"https:\/\/wpguerssen-test.odoo.rgbconsulting.com\/es\/wp-json\/wp\/v2\/product_brand?post=178465"},{"taxonomy":"product_cat","embeddable":true,"href":"https:\/\/wpguerssen-test.odoo.rgbconsulting.com\/es\/wp-json\/wp\/v2\/product_cat?post=178465"},{"taxonomy":"product_tag","embeddable":true,"href":"https:\/\/wpguerssen-test.odoo.rgbconsulting.com\/es\/wp-json\/wp\/v2\/product_tag?post=178465"}],"curies":[{"name":"wp","href":"https:\/\/api.w.org\/{rel}","templated":true}]}}