{"id":178467,"date":"2014-04-09T00:00:00","date_gmt":"2014-04-08T22:00:00","guid":{"rendered":"http:\/\/guerssen.hl1097.dinaserver.com\/product\/the-wind-that-shakes-the-barley-cd\/"},"modified":"2025-02-17T16:28:42","modified_gmt":"2025-02-17T15:28:42","slug":"the-wind-that-shakes-the-barley-cd","status":"publish","type":"product","link":"https:\/\/wpguerssen-test.odoo.rgbconsulting.com\/es\/producto\/the-wind-that-shakes-the-barley-cd\/","title":{"rendered":"The wind that shakes the barley (CD)"},"content":{"rendered":"<p>Originalmente editado en el legendario y coleccionable sello Midas, el \u00fanico \u00e1lbum de Gallery es uno de los m\u00e1s raros discos de la escena underground-folk brit\u00e1nico 70s. Atm\u00f3sfera misteriosa y medieval a lo Wicker Man con preciosas voces chica-chico y preciosos toques de viol\u00edn, muy en la onda del primer disco de Barry Dransfield para Polydor.<br \/>Por primera vez reeditado en vinilo, respetando el arte original con \u00abbackflaps\u00bb. Incluye booklet con notas por Richard Allen y fotos. <\/p>\n<p> \u00abDelicadas y refinadas interpretaciones de temas tradicionales con alguna similitud a Spriguns Of Tolgus y Tickawinda. \u00abIcy Acres\u00bb es impresionante y sobrecogedora con su atm\u00f3sfera cristalina y la fant\u00e1stica voz de Barbara Atkinson\u00bb &#8211; Richard Falk (Galactic Ramble) <\/p>\n<p> Tracklist: <\/p>\n<p> Seven Gypsies &#8211; False Bride &#8211; Queen Of Hearts &#8211; Gilderoy \/ Staten Island \/  Harvest Home \/ Let No Man Steal Your Thyme &#8211; Dowie Dens Of Yarrow \/ The Wind That Shakes The Barley &#8211; Broomfield Wager &#8211;  Chaconne &#8211; The Baron Of Brackley &#8211; Icy Acres<\/p>\n","protected":false},"excerpt":{"rendered":"<p>Originalmente editado en el legendario y coleccionable sello Midas, el \u00fanico \u00e1lbum de Gallery es uno de los m\u00e1s raros discos de la escena underground-folk brit\u00e1nico<a class=\"read\" href=\"https:\/\/wpguerssen-test.odoo.rgbconsulting.com\/es\/producto\/the-wind-that-shakes-the-barley-cd\/\"> (...)<\/a>","protected":false},"featured_media":114378,"template":"","meta":{"_acf_changed":false},"product_brand":[],"product_cat":[23271],"product_tag":[29138],"class_list":{"0":"post-178467","1":"product","2":"type-product","3":"status-publish","4":"has-post-thumbnail","6":"product_cat-folk-60s-70s-es","7":"product_tag-cd-es","8":"pa_artist-gallery-2","9":"pa_format-cd-2-es","10":"pa_gender-folk-60s-70s","11":"pa_label-guerssen-es","12":"pa_location-uk-ireland-es","14":"first","15":"instock","16":"taxable","17":"shipping-taxable","18":"purchasable","19":"product-type-simple"},"acf":[],"yoast_head":"<!-- This site is optimized with the Yoast SEO plugin v24.9 - https:\/\/yoast.com\/wordpress\/plugins\/seo\/ -->\n<title>GALLERY - The wind that shakes the barley (CD) -  (CD) | Guerssen<\/title>\n<meta name=\"description\" content=\"One of the rarest albums from the 70s British folk underground scene, originally released on the legendary Midas label. Haunting medieval atmosphere \u00e1 la Wicker Man, serene male-female vocals and beautiful violin playing which brings to mind Barry Dransfield&#039;s first album for Polydor. #nl# First ever reissue featuring the original artwork. Booklet with liner notes by Richard Allen and rare promo photo. #nl# &quot;Very delicate and refined interpretations of traditional themes, with notable similarities to Spriguns Of Tolgus and (to a lesser extent) Tickawinda. &quot;Icy Acress&quot; is especially impressive, with a haunting, melancholy and crystalline atmosphere highlighted by Barbara Atkinson&#039;s superb vocals&quot; - Richard Falk (Galactic Ramble) #nl# Tracklist: #nl# Seven Gypsies - False Bride - Queen Of Hearts - Gilderoy \/ Staten Island \/ Harvest Home \/ Let No Man Steal Your Thyme - Dowie Dens Of Yarrow \/ The Wind That Shakes The Barley - Broomfield Wager - Chaconne - The Baron Of Brackley - Icy Acres\" \/>\n<meta name=\"robots\" content=\"index, follow, max-snippet:-1, max-image-preview:large, max-video-preview:-1\" \/>\n<link rel=\"canonical\" href=\"https:\/\/wpguerssen-test.odoo.rgbconsulting.com\/es\/producto\/the-wind-that-shakes-the-barley-cd\/\" \/>\n<meta property=\"og:locale\" content=\"es_ES\" \/>\n<meta property=\"og:type\" content=\"article\" \/>\n<meta property=\"og:title\" content=\"GALLERY - The wind that shakes the barley (CD) -  (CD) | Guerssen\" \/>\n<meta property=\"og:description\" content=\"One of the rarest albums from the 70s British folk underground scene, originally released on the legendary Midas label. Haunting medieval atmosphere \u00e1 la Wicker Man, serene male-female vocals and beautiful violin playing which brings to mind Barry Dransfield&#039;s first album for Polydor. #nl# First ever reissue featuring the original artwork. Booklet with liner notes by Richard Allen and rare promo photo. #nl# &quot;Very delicate and refined interpretations of traditional themes, with notable similarities to Spriguns Of Tolgus and (to a lesser extent) Tickawinda. &quot;Icy Acress&quot; is especially impressive, with a haunting, melancholy and crystalline atmosphere highlighted by Barbara Atkinson&#039;s superb vocals&quot; - Richard Falk (Galactic Ramble) #nl# Tracklist: #nl# Seven Gypsies - False Bride - Queen Of Hearts - Gilderoy \/ Staten Island \/ Harvest Home \/ Let No Man Steal Your Thyme - Dowie Dens Of Yarrow \/ The Wind That Shakes The Barley - Broomfield Wager - Chaconne - The Baron Of Brackley - Icy Acres\" \/>\n<meta property=\"og:url\" content=\"https:\/\/wpguerssen-test.odoo.rgbconsulting.com\/es\/producto\/the-wind-that-shakes-the-barley-cd\/\" \/>\n<meta property=\"og:site_name\" content=\"Guerssen records\" \/>\n<meta property=\"article:modified_time\" content=\"2025-02-17T15:28:42+00:00\" \/>\n<meta property=\"og:image\" content=\"https:\/\/wpguerssen-test.odoo.rgbconsulting.com\/wp-content\/uploads\/2022\/03\/14840.jpg\" \/>\n\t<meta property=\"og:image:width\" content=\"600\" \/>\n\t<meta property=\"og:image:height\" content=\"600\" \/>\n\t<meta property=\"og:image:type\" content=\"image\/jpeg\" \/>\n<meta name=\"twitter:card\" content=\"summary_large_image\" \/>\n<meta name=\"twitter:title\" content=\"GALLERY - The wind that shakes the barley (CD) -  (CD) | Guerssen\" \/>\n<meta name=\"twitter:label1\" content=\"Tiempo de lectura\" \/>\n\t<meta name=\"twitter:data1\" content=\"1 minuto\" \/>\n<script type=\"application\/ld+json\" class=\"yoast-schema-graph\">{\"@context\":\"https:\/\/schema.org\",\"@graph\":[{\"@type\":\"WebPage\",\"@id\":\"https:\/\/wpguerssen-test.odoo.rgbconsulting.com\/es\/producto\/the-wind-that-shakes-the-barley-cd\/\",\"url\":\"https:\/\/wpguerssen-test.odoo.rgbconsulting.com\/es\/producto\/the-wind-that-shakes-the-barley-cd\/\",\"name\":\"GALLERY - The wind that shakes the barley (CD) - (CD) | Guerssen\",\"isPartOf\":{\"@id\":\"https:\/\/wpguerssen-test.odoo.rgbconsulting.com\/es\/#website\"},\"primaryImageOfPage\":{\"@id\":\"https:\/\/wpguerssen-test.odoo.rgbconsulting.com\/es\/producto\/the-wind-that-shakes-the-barley-cd\/#primaryimage\"},\"image\":{\"@id\":\"https:\/\/wpguerssen-test.odoo.rgbconsulting.com\/es\/producto\/the-wind-that-shakes-the-barley-cd\/#primaryimage\"},\"thumbnailUrl\":\"https:\/\/wpguerssen-test.odoo.rgbconsulting.com\/wp-content\/uploads\/2022\/03\/14840.jpg\",\"datePublished\":\"2014-04-08T22:00:00+00:00\",\"dateModified\":\"2025-02-17T15:28:42+00:00\",\"description\":\"One of the rarest albums from the 70s British folk underground scene, originally released on the legendary Midas label. Haunting medieval atmosphere \u00e1 la Wicker Man, serene male-female vocals and beautiful violin playing which brings to mind Barry Dransfield's first album for Polydor. #nl# First ever reissue featuring the original artwork. Booklet with liner notes by Richard Allen and rare promo photo. #nl# \\\"Very delicate and refined interpretations of traditional themes, with notable similarities to Spriguns Of Tolgus and (to a lesser extent) Tickawinda. \\\"Icy Acress\\\" is especially impressive, with a haunting, melancholy and crystalline atmosphere highlighted by Barbara Atkinson's superb vocals\\\" - Richard Falk (Galactic Ramble) #nl# Tracklist: #nl# Seven Gypsies - False Bride - Queen Of Hearts - Gilderoy \/ Staten Island \/ Harvest Home \/ Let No Man Steal Your Thyme - Dowie Dens Of Yarrow \/ The Wind That Shakes The Barley - Broomfield Wager - Chaconne - The Baron Of Brackley - Icy Acres\",\"breadcrumb\":{\"@id\":\"https:\/\/wpguerssen-test.odoo.rgbconsulting.com\/es\/producto\/the-wind-that-shakes-the-barley-cd\/#breadcrumb\"},\"inLanguage\":\"es\",\"potentialAction\":[{\"@type\":\"ReadAction\",\"target\":[\"https:\/\/wpguerssen-test.odoo.rgbconsulting.com\/es\/producto\/the-wind-that-shakes-the-barley-cd\/\"]}]},{\"@type\":\"ImageObject\",\"inLanguage\":\"es\",\"@id\":\"https:\/\/wpguerssen-test.odoo.rgbconsulting.com\/es\/producto\/the-wind-that-shakes-the-barley-cd\/#primaryimage\",\"url\":\"https:\/\/wpguerssen-test.odoo.rgbconsulting.com\/wp-content\/uploads\/2022\/03\/14840.jpg\",\"contentUrl\":\"https:\/\/wpguerssen-test.odoo.rgbconsulting.com\/wp-content\/uploads\/2022\/03\/14840.jpg\",\"width\":600,\"height\":600,\"caption\":\"GALLERY - The wind that shakes the barley (CD) - GUERSSEN (CD) | Guerssen\"},{\"@type\":\"BreadcrumbList\",\"@id\":\"https:\/\/wpguerssen-test.odoo.rgbconsulting.com\/es\/producto\/the-wind-that-shakes-the-barley-cd\/#breadcrumb\",\"itemListElement\":[{\"@type\":\"ListItem\",\"position\":1,\"name\":\"Inicio\",\"item\":\"https:\/\/wpguerssen-test.odoo.rgbconsulting.com\/es\/\"},{\"@type\":\"ListItem\",\"position\":2,\"name\":\"Shop\",\"item\":\"https:\/\/wpguerssen-test.odoo.rgbconsulting.com\/shop\/\"},{\"@type\":\"ListItem\",\"position\":3,\"name\":\"The wind that shakes the barley (CD)\"}]},{\"@type\":\"WebSite\",\"@id\":\"https:\/\/wpguerssen-test.odoo.rgbconsulting.com\/es\/#website\",\"url\":\"https:\/\/wpguerssen-test.odoo.rgbconsulting.com\/es\/\",\"name\":\"Guerssen records\",\"description\":\"psychedelia - progressive - folk - garage \",\"publisher\":{\"@id\":\"https:\/\/wpguerssen-test.odoo.rgbconsulting.com\/es\/#organization\"},\"potentialAction\":[{\"@type\":\"SearchAction\",\"target\":{\"@type\":\"EntryPoint\",\"urlTemplate\":\"https:\/\/wpguerssen-test.odoo.rgbconsulting.com\/es\/?s={search_term_string}\"},\"query-input\":{\"@type\":\"PropertyValueSpecification\",\"valueRequired\":true,\"valueName\":\"search_term_string\"}}],\"inLanguage\":\"es\"},{\"@type\":\"Organization\",\"@id\":\"https:\/\/wpguerssen-test.odoo.rgbconsulting.com\/es\/#organization\",\"name\":\"Guerssen records\",\"url\":\"https:\/\/wpguerssen-test.odoo.rgbconsulting.com\/es\/\",\"logo\":{\"@type\":\"ImageObject\",\"inLanguage\":\"es\",\"@id\":\"https:\/\/wpguerssen-test.odoo.rgbconsulting.com\/es\/#\/schema\/logo\/image\/\",\"url\":\"https:\/\/wpguerssen-test.odoo.rgbconsulting.com\/wp-content\/uploads\/2022\/04\/Logo_Guerssen_trans_100.png\",\"contentUrl\":\"https:\/\/wpguerssen-test.odoo.rgbconsulting.com\/wp-content\/uploads\/2022\/04\/Logo_Guerssen_trans_100.png\",\"width\":122,\"height\":100,\"caption\":\"Guerssen records\"},\"image\":{\"@id\":\"https:\/\/wpguerssen-test.odoo.rgbconsulting.com\/es\/#\/schema\/logo\/image\/\"}}]}<\/script>\n<!-- \/ Yoast SEO plugin. -->","yoast_head_json":{"title":"GALLERY - The wind that shakes the barley (CD) -  (CD) | Guerssen","description":"One of the rarest albums from the 70s British folk underground scene, originally released on the legendary Midas label. Haunting medieval atmosphere \u00e1 la Wicker Man, serene male-female vocals and beautiful violin playing which brings to mind Barry Dransfield's first album for Polydor. #nl# First ever reissue featuring the original artwork. Booklet with liner notes by Richard Allen and rare promo photo. #nl# \"Very delicate and refined interpretations of traditional themes, with notable similarities to Spriguns Of Tolgus and (to a lesser extent) Tickawinda. \"Icy Acress\" is especially impressive, with a haunting, melancholy and crystalline atmosphere highlighted by Barbara Atkinson's superb vocals\" - Richard Falk (Galactic Ramble) #nl# Tracklist: #nl# Seven Gypsies - False Bride - Queen Of Hearts - Gilderoy \/ Staten Island \/ Harvest Home \/ Let No Man Steal Your Thyme - Dowie Dens Of Yarrow \/ The Wind That Shakes The Barley - Broomfield Wager - Chaconne - The Baron Of Brackley - Icy Acres","robots":{"index":"index","follow":"follow","max-snippet":"max-snippet:-1","max-image-preview":"max-image-preview:large","max-video-preview":"max-video-preview:-1"},"canonical":"https:\/\/wpguerssen-test.odoo.rgbconsulting.com\/es\/producto\/the-wind-that-shakes-the-barley-cd\/","og_locale":"es_ES","og_type":"article","og_title":"GALLERY - The wind that shakes the barley (CD) -  (CD) | Guerssen","og_description":"One of the rarest albums from the 70s British folk underground scene, originally released on the legendary Midas label. Haunting medieval atmosphere \u00e1 la Wicker Man, serene male-female vocals and beautiful violin playing which brings to mind Barry Dransfield's first album for Polydor. #nl# First ever reissue featuring the original artwork. Booklet with liner notes by Richard Allen and rare promo photo. #nl# \"Very delicate and refined interpretations of traditional themes, with notable similarities to Spriguns Of Tolgus and (to a lesser extent) Tickawinda. \"Icy Acress\" is especially impressive, with a haunting, melancholy and crystalline atmosphere highlighted by Barbara Atkinson's superb vocals\" - Richard Falk (Galactic Ramble) #nl# Tracklist: #nl# Seven Gypsies - False Bride - Queen Of Hearts - Gilderoy \/ Staten Island \/ Harvest Home \/ Let No Man Steal Your Thyme - Dowie Dens Of Yarrow \/ The Wind That Shakes The Barley - Broomfield Wager - Chaconne - The Baron Of Brackley - Icy Acres","og_url":"https:\/\/wpguerssen-test.odoo.rgbconsulting.com\/es\/producto\/the-wind-that-shakes-the-barley-cd\/","og_site_name":"Guerssen records","article_modified_time":"2025-02-17T15:28:42+00:00","og_image":[{"width":600,"height":600,"url":"https:\/\/wpguerssen-test.odoo.rgbconsulting.com\/wp-content\/uploads\/2022\/03\/14840.jpg","type":"image\/jpeg"}],"twitter_card":"summary_large_image","twitter_title":"GALLERY - The wind that shakes the barley (CD) -  (CD) | Guerssen","twitter_misc":{"Tiempo de lectura":"1 minuto"},"schema":{"@context":"https:\/\/schema.org","@graph":[{"@type":"WebPage","@id":"https:\/\/wpguerssen-test.odoo.rgbconsulting.com\/es\/producto\/the-wind-that-shakes-the-barley-cd\/","url":"https:\/\/wpguerssen-test.odoo.rgbconsulting.com\/es\/producto\/the-wind-that-shakes-the-barley-cd\/","name":"GALLERY - The wind that shakes the barley (CD) - (CD) | Guerssen","isPartOf":{"@id":"https:\/\/wpguerssen-test.odoo.rgbconsulting.com\/es\/#website"},"primaryImageOfPage":{"@id":"https:\/\/wpguerssen-test.odoo.rgbconsulting.com\/es\/producto\/the-wind-that-shakes-the-barley-cd\/#primaryimage"},"image":{"@id":"https:\/\/wpguerssen-test.odoo.rgbconsulting.com\/es\/producto\/the-wind-that-shakes-the-barley-cd\/#primaryimage"},"thumbnailUrl":"https:\/\/wpguerssen-test.odoo.rgbconsulting.com\/wp-content\/uploads\/2022\/03\/14840.jpg","datePublished":"2014-04-08T22:00:00+00:00","dateModified":"2025-02-17T15:28:42+00:00","description":"One of the rarest albums from the 70s British folk underground scene, originally released on the legendary Midas label. Haunting medieval atmosphere \u00e1 la Wicker Man, serene male-female vocals and beautiful violin playing which brings to mind Barry Dransfield's first album for Polydor. #nl# First ever reissue featuring the original artwork. Booklet with liner notes by Richard Allen and rare promo photo. #nl# \"Very delicate and refined interpretations of traditional themes, with notable similarities to Spriguns Of Tolgus and (to a lesser extent) Tickawinda. \"Icy Acress\" is especially impressive, with a haunting, melancholy and crystalline atmosphere highlighted by Barbara Atkinson's superb vocals\" - Richard Falk (Galactic Ramble) #nl# Tracklist: #nl# Seven Gypsies - False Bride - Queen Of Hearts - Gilderoy \/ Staten Island \/ Harvest Home \/ Let No Man Steal Your Thyme - Dowie Dens Of Yarrow \/ The Wind That Shakes The Barley - Broomfield Wager - Chaconne - The Baron Of Brackley - Icy Acres","breadcrumb":{"@id":"https:\/\/wpguerssen-test.odoo.rgbconsulting.com\/es\/producto\/the-wind-that-shakes-the-barley-cd\/#breadcrumb"},"inLanguage":"es","potentialAction":[{"@type":"ReadAction","target":["https:\/\/wpguerssen-test.odoo.rgbconsulting.com\/es\/producto\/the-wind-that-shakes-the-barley-cd\/"]}]},{"@type":"ImageObject","inLanguage":"es","@id":"https:\/\/wpguerssen-test.odoo.rgbconsulting.com\/es\/producto\/the-wind-that-shakes-the-barley-cd\/#primaryimage","url":"https:\/\/wpguerssen-test.odoo.rgbconsulting.com\/wp-content\/uploads\/2022\/03\/14840.jpg","contentUrl":"https:\/\/wpguerssen-test.odoo.rgbconsulting.com\/wp-content\/uploads\/2022\/03\/14840.jpg","width":600,"height":600,"caption":"GALLERY - The wind that shakes the barley (CD) - GUERSSEN (CD) | Guerssen"},{"@type":"BreadcrumbList","@id":"https:\/\/wpguerssen-test.odoo.rgbconsulting.com\/es\/producto\/the-wind-that-shakes-the-barley-cd\/#breadcrumb","itemListElement":[{"@type":"ListItem","position":1,"name":"Inicio","item":"https:\/\/wpguerssen-test.odoo.rgbconsulting.com\/es\/"},{"@type":"ListItem","position":2,"name":"Shop","item":"https:\/\/wpguerssen-test.odoo.rgbconsulting.com\/shop\/"},{"@type":"ListItem","position":3,"name":"The wind that shakes the barley (CD)"}]},{"@type":"WebSite","@id":"https:\/\/wpguerssen-test.odoo.rgbconsulting.com\/es\/#website","url":"https:\/\/wpguerssen-test.odoo.rgbconsulting.com\/es\/","name":"Guerssen records","description":"psychedelia - progressive - folk - garage ","publisher":{"@id":"https:\/\/wpguerssen-test.odoo.rgbconsulting.com\/es\/#organization"},"potentialAction":[{"@type":"SearchAction","target":{"@type":"EntryPoint","urlTemplate":"https:\/\/wpguerssen-test.odoo.rgbconsulting.com\/es\/?s={search_term_string}"},"query-input":{"@type":"PropertyValueSpecification","valueRequired":true,"valueName":"search_term_string"}}],"inLanguage":"es"},{"@type":"Organization","@id":"https:\/\/wpguerssen-test.odoo.rgbconsulting.com\/es\/#organization","name":"Guerssen records","url":"https:\/\/wpguerssen-test.odoo.rgbconsulting.com\/es\/","logo":{"@type":"ImageObject","inLanguage":"es","@id":"https:\/\/wpguerssen-test.odoo.rgbconsulting.com\/es\/#\/schema\/logo\/image\/","url":"https:\/\/wpguerssen-test.odoo.rgbconsulting.com\/wp-content\/uploads\/2022\/04\/Logo_Guerssen_trans_100.png","contentUrl":"https:\/\/wpguerssen-test.odoo.rgbconsulting.com\/wp-content\/uploads\/2022\/04\/Logo_Guerssen_trans_100.png","width":122,"height":100,"caption":"Guerssen records"},"image":{"@id":"https:\/\/wpguerssen-test.odoo.rgbconsulting.com\/es\/#\/schema\/logo\/image\/"}}]}},"_links":{"self":[{"href":"https:\/\/wpguerssen-test.odoo.rgbconsulting.com\/es\/wp-json\/wp\/v2\/product\/178467","targetHints":{"allow":["GET"]}}],"collection":[{"href":"https:\/\/wpguerssen-test.odoo.rgbconsulting.com\/es\/wp-json\/wp\/v2\/product"}],"about":[{"href":"https:\/\/wpguerssen-test.odoo.rgbconsulting.com\/es\/wp-json\/wp\/v2\/types\/product"}],"wp:featuredmedia":[{"embeddable":true,"href":"https:\/\/wpguerssen-test.odoo.rgbconsulting.com\/es\/wp-json\/wp\/v2\/media\/114378"}],"wp:attachment":[{"href":"https:\/\/wpguerssen-test.odoo.rgbconsulting.com\/es\/wp-json\/wp\/v2\/media?parent=178467"}],"wp:term":[{"taxonomy":"product_brand","embeddable":true,"href":"https:\/\/wpguerssen-test.odoo.rgbconsulting.com\/es\/wp-json\/wp\/v2\/product_brand?post=178467"},{"taxonomy":"product_cat","embeddable":true,"href":"https:\/\/wpguerssen-test.odoo.rgbconsulting.com\/es\/wp-json\/wp\/v2\/product_cat?post=178467"},{"taxonomy":"product_tag","embeddable":true,"href":"https:\/\/wpguerssen-test.odoo.rgbconsulting.com\/es\/wp-json\/wp\/v2\/product_tag?post=178467"}],"curies":[{"name":"wp","href":"https:\/\/api.w.org\/{rel}","templated":true}]}}