{"id":178468,"date":"2014-03-11T00:00:00","date_gmt":"2014-03-10T23:00:00","guid":{"rendered":"http:\/\/guerssen.hl1097.dinaserver.com\/product\/angel-dust-psychedelia\/"},"modified":"2025-04-25T13:32:04","modified_gmt":"2025-04-25T11:32:04","slug":"angel-dust-psychedelia","status":"publish","type":"product","link":"https:\/\/wpguerssen-test.odoo.rgbconsulting.com\/es\/producto\/angel-dust-psychedelia\/","title":{"rendered":"Angel dust psychedelia"},"content":{"rendered":"<p>Devastadora \u00abno-hippie\u00bb psicodelia! ANGEL DUST PSYCHEDELIA recopila oscuros singles mayormente editados de forma privada, acetatos y cintas in\u00e9ditas de bandas USA 60s-70s. Muchos grupos underground de la \u00e9poca no pudieron llegar a grabar un LP, debido a la falta de dinero y ayuda, teni\u00e9ndose que contentar con un 45, la mayor\u00eda de las veces autoeditado. Ahora, muchos de esos singles son buscados y puestos al mismo nivel que legendarios LPs privados como Boa o Mystic Siva. <\/p>\n<p> 14 temas incluyendo el salvaje acid-punker \u00abTime gone to waste\u00bb de Local Traffic ; un in\u00e9dito del grupo post-Stereo Shoestring Red House ; el s\u00faper raro acetato del grupo de Houston Matchbox, \u00e1cida psicodelia por Dick St. John y Ragweed Patch, duro hard-rock por Masque y Zoo y mucho m\u00e1s. Sin duda la compa\u00f1\u00eda ideal para esas legendarias recopilaciones de los 80 como Brain Shadows, Acid Dreams, Endless Journey&#8230; <\/p>\n<p> Sonido remasterizado \u00abin-your-face\u00bb para que disfrutes de un aut\u00e9ntico viaje guitarrero psicod\u00e9lico. Limitado a 500 copias. <\/p>\n<p> TRACKLIST: <\/p>\n<p> SIDE 1 <\/p>\n<p> 1. MASALLA &#8211; Burning Feeling 2. MATCHBOX &#8211; Metaphysical Composition 3. OBO REED &#8211; Here By Me 4. DICK ST JOHN &#8211; Lady Of Burning Green Jade 5. LOCAL TRAFFIC &#8211; Time Gone To Waste 6. RED HOUSE &#8211; Mary-Ann 7. MASQUE &#8211; Wake Up In The Morning <\/p>\n<p> SIDE 2 <\/p>\n<p> 1. ZOO &#8211; 4-44 2. RAGWEED PATCH &#8211; Burn The Midnight Oil 3. LIFE &#8211; This Time 4. FIRST STATE BANK &#8211; Mr Sun 5. MASQUE &#8211; Lady Of The Land 6. PUNCH &#8211; Death Head 7. FLINTLOCK &#8211; Hope You&#8217;re Feeling Better<\/p>\n","protected":false},"excerpt":{"rendered":"<p>Devastadora \u00abno-hippie\u00bb psicodelia! ANGEL DUST PSYCHEDELIA recopila oscuros singles mayormente editados de forma privada, acetatos y cintas in\u00e9ditas de bandas USA<a class=\"read\" href=\"https:\/\/wpguerssen-test.odoo.rgbconsulting.com\/es\/producto\/angel-dust-psychedelia\/\"> (...)<\/a>","protected":false},"featured_media":114381,"template":"","meta":{"_acf_changed":false},"product_brand":[],"product_cat":[21639,23224],"product_tag":[],"class_list":{"0":"post-178468","1":"product","2":"type-product","3":"status-publish","4":"has-post-thumbnail","6":"product_cat-psychedelic60s-70s-es","7":"product_cat-hard-rock-60s-70s-es","8":"pa_artist-various-artists-es","9":"pa_format-lp-es","10":"pa_gender-hard-rock-60s-70s-psychedelic60s-70s","11":"pa_label-frisco-speedball","12":"pa_location-uk-ireland-es","13":"pa_other-filters-vinyl-only-es","15":"first","16":"instock","17":"taxable","18":"shipping-taxable","19":"purchasable","20":"product-type-simple"},"acf":[],"yoast_head":"<!-- This site is optimized with the Yoast SEO plugin v24.9 - https:\/\/yoast.com\/wordpress\/plugins\/seo\/ -->\n<title>VARIOUS ARTISTS - Angel dust psychedelia -  (LP) | Guerssen<\/title>\n<meta name=\"description\" content=\"Non-hippie devastating guitar-psych and PCP induced hard-rock!! ANGEL DUST PSYCHEDELIA is a &quot;100% killers, no fillers&quot; compilation featuring obscure and unknown 45s \/ unreleased acetates from the US, most of them released on private labels. Many local underground bands of the late 1960s-early 1970s lacked the money and\/or material needed to make a full-length album, and would put out a self-released 45 instead. Record collectors and writers have been slow to understand this treasure of vintage private press singles, with music that is every bit as good as hallowed underground LPs like Mystic Siva or Boa. #nl# 14 tracks including the monster acid-punker &quot;Time gone to waste&quot; by Local Traffic, post-Stereo Shoestring band Red House with an unreleased track, the mega rare acetate by Matchbox from Houston, tremendous acid-psych by Dick St John and Ragweed Patch, raw hard-rock by Masque and Zoo and more. #nl# The perfect companion to those legendary 80s psych comps like Brain Shadows, Acid Dreams, Endless Journey... #nl# Remastered sound for a stunning in-your-face heavy guitar experience. Limited to 500 copies. #nl# TRACKLIST: #nl# SIDE 1 #nl# 1. MASALLA - Burning Feeling 2. MATCHBOX - Metaphysical Composition 3. OBO REED - Here By Me 4. DICK ST JOHN - Lady Of Burning Green Jade 5. LOCAL TRAFFIC - Time Gone To Waste 6. RED HOUSE - Mary-Ann 7. MASQUE - Wake Up In The Morning #nl# SIDE 2 #nl# 1. ZOO - 4-44 2. RAGWEED PATCH - Burn The Midnight Oil 3. LIFE - This Time 4. FIRST STATE BANK - Mr Sun 5. MASQUE - Lady Of The Land 6. PUNCH - Death Head 7. FLINTLOCK - Hope You&#039;re Feeling Better\" \/>\n<meta name=\"robots\" content=\"index, follow, max-snippet:-1, max-image-preview:large, max-video-preview:-1\" \/>\n<link rel=\"canonical\" href=\"https:\/\/wpguerssen-test.odoo.rgbconsulting.com\/es\/producto\/angel-dust-psychedelia\/\" \/>\n<meta property=\"og:locale\" content=\"es_ES\" \/>\n<meta property=\"og:type\" content=\"article\" \/>\n<meta property=\"og:title\" content=\"VARIOUS ARTISTS - Angel dust psychedelia -  (LP) | Guerssen\" \/>\n<meta property=\"og:description\" content=\"Non-hippie devastating guitar-psych and PCP induced hard-rock!! ANGEL DUST PSYCHEDELIA is a &quot;100% killers, no fillers&quot; compilation featuring obscure and unknown 45s \/ unreleased acetates from the US, most of them released on private labels. Many local underground bands of the late 1960s-early 1970s lacked the money and\/or material needed to make a full-length album, and would put out a self-released 45 instead. Record collectors and writers have been slow to understand this treasure of vintage private press singles, with music that is every bit as good as hallowed underground LPs like Mystic Siva or Boa. #nl# 14 tracks including the monster acid-punker &quot;Time gone to waste&quot; by Local Traffic, post-Stereo Shoestring band Red House with an unreleased track, the mega rare acetate by Matchbox from Houston, tremendous acid-psych by Dick St John and Ragweed Patch, raw hard-rock by Masque and Zoo and more. #nl# The perfect companion to those legendary 80s psych comps like Brain Shadows, Acid Dreams, Endless Journey... #nl# Remastered sound for a stunning in-your-face heavy guitar experience. Limited to 500 copies. #nl# TRACKLIST: #nl# SIDE 1 #nl# 1. MASALLA - Burning Feeling 2. MATCHBOX - Metaphysical Composition 3. OBO REED - Here By Me 4. DICK ST JOHN - Lady Of Burning Green Jade 5. LOCAL TRAFFIC - Time Gone To Waste 6. RED HOUSE - Mary-Ann 7. MASQUE - Wake Up In The Morning #nl# SIDE 2 #nl# 1. ZOO - 4-44 2. RAGWEED PATCH - Burn The Midnight Oil 3. LIFE - This Time 4. FIRST STATE BANK - Mr Sun 5. MASQUE - Lady Of The Land 6. PUNCH - Death Head 7. FLINTLOCK - Hope You&#039;re Feeling Better\" \/>\n<meta property=\"og:url\" content=\"https:\/\/wpguerssen-test.odoo.rgbconsulting.com\/es\/producto\/angel-dust-psychedelia\/\" \/>\n<meta property=\"og:site_name\" content=\"Guerssen records\" \/>\n<meta property=\"article:modified_time\" content=\"2025-04-25T11:32:04+00:00\" \/>\n<meta property=\"og:image\" content=\"https:\/\/wpguerssen-test.odoo.rgbconsulting.com\/wp-content\/uploads\/2022\/03\/14842.jpg\" \/>\n\t<meta property=\"og:image:width\" content=\"600\" \/>\n\t<meta property=\"og:image:height\" content=\"600\" \/>\n\t<meta property=\"og:image:type\" content=\"image\/jpeg\" \/>\n<meta name=\"twitter:card\" content=\"summary_large_image\" \/>\n<meta name=\"twitter:title\" content=\"VARIOUS ARTISTS - Angel dust psychedelia -  (LP) | Guerssen\" \/>\n<meta name=\"twitter:label1\" content=\"Tiempo de lectura\" \/>\n\t<meta name=\"twitter:data1\" content=\"1 minuto\" \/>\n<script type=\"application\/ld+json\" class=\"yoast-schema-graph\">{\"@context\":\"https:\/\/schema.org\",\"@graph\":[{\"@type\":\"WebPage\",\"@id\":\"https:\/\/wpguerssen-test.odoo.rgbconsulting.com\/es\/producto\/angel-dust-psychedelia\/\",\"url\":\"https:\/\/wpguerssen-test.odoo.rgbconsulting.com\/es\/producto\/angel-dust-psychedelia\/\",\"name\":\"VARIOUS ARTISTS - Angel dust psychedelia - (LP) | Guerssen\",\"isPartOf\":{\"@id\":\"https:\/\/wpguerssen-test.odoo.rgbconsulting.com\/es\/#website\"},\"primaryImageOfPage\":{\"@id\":\"https:\/\/wpguerssen-test.odoo.rgbconsulting.com\/es\/producto\/angel-dust-psychedelia\/#primaryimage\"},\"image\":{\"@id\":\"https:\/\/wpguerssen-test.odoo.rgbconsulting.com\/es\/producto\/angel-dust-psychedelia\/#primaryimage\"},\"thumbnailUrl\":\"https:\/\/wpguerssen-test.odoo.rgbconsulting.com\/wp-content\/uploads\/2022\/03\/14842.jpg\",\"datePublished\":\"2014-03-10T23:00:00+00:00\",\"dateModified\":\"2025-04-25T11:32:04+00:00\",\"description\":\"Non-hippie devastating guitar-psych and PCP induced hard-rock!! ANGEL DUST PSYCHEDELIA is a \\\"100% killers, no fillers\\\" compilation featuring obscure and unknown 45s \/ unreleased acetates from the US, most of them released on private labels. Many local underground bands of the late 1960s-early 1970s lacked the money and\/or material needed to make a full-length album, and would put out a self-released 45 instead. Record collectors and writers have been slow to understand this treasure of vintage private press singles, with music that is every bit as good as hallowed underground LPs like Mystic Siva or Boa. #nl# 14 tracks including the monster acid-punker \\\"Time gone to waste\\\" by Local Traffic, post-Stereo Shoestring band Red House with an unreleased track, the mega rare acetate by Matchbox from Houston, tremendous acid-psych by Dick St John and Ragweed Patch, raw hard-rock by Masque and Zoo and more. #nl# The perfect companion to those legendary 80s psych comps like Brain Shadows, Acid Dreams, Endless Journey... #nl# Remastered sound for a stunning in-your-face heavy guitar experience. Limited to 500 copies. #nl# TRACKLIST: #nl# SIDE 1 #nl# 1. MASALLA - Burning Feeling 2. MATCHBOX - Metaphysical Composition 3. OBO REED - Here By Me 4. DICK ST JOHN - Lady Of Burning Green Jade 5. LOCAL TRAFFIC - Time Gone To Waste 6. RED HOUSE - Mary-Ann 7. MASQUE - Wake Up In The Morning #nl# SIDE 2 #nl# 1. ZOO - 4-44 2. RAGWEED PATCH - Burn The Midnight Oil 3. LIFE - This Time 4. FIRST STATE BANK - Mr Sun 5. MASQUE - Lady Of The Land 6. PUNCH - Death Head 7. FLINTLOCK - Hope You're Feeling Better\",\"breadcrumb\":{\"@id\":\"https:\/\/wpguerssen-test.odoo.rgbconsulting.com\/es\/producto\/angel-dust-psychedelia\/#breadcrumb\"},\"inLanguage\":\"es\",\"potentialAction\":[{\"@type\":\"ReadAction\",\"target\":[\"https:\/\/wpguerssen-test.odoo.rgbconsulting.com\/es\/producto\/angel-dust-psychedelia\/\"]}]},{\"@type\":\"ImageObject\",\"inLanguage\":\"es\",\"@id\":\"https:\/\/wpguerssen-test.odoo.rgbconsulting.com\/es\/producto\/angel-dust-psychedelia\/#primaryimage\",\"url\":\"https:\/\/wpguerssen-test.odoo.rgbconsulting.com\/wp-content\/uploads\/2022\/03\/14842.jpg\",\"contentUrl\":\"https:\/\/wpguerssen-test.odoo.rgbconsulting.com\/wp-content\/uploads\/2022\/03\/14842.jpg\",\"width\":600,\"height\":600,\"caption\":\"VARIOUS ARTISTS - Angel dust psychedelia - FRISCO SPEEDBALL (LP) | Guerssen\"},{\"@type\":\"BreadcrumbList\",\"@id\":\"https:\/\/wpguerssen-test.odoo.rgbconsulting.com\/es\/producto\/angel-dust-psychedelia\/#breadcrumb\",\"itemListElement\":[{\"@type\":\"ListItem\",\"position\":1,\"name\":\"Inicio\",\"item\":\"https:\/\/wpguerssen-test.odoo.rgbconsulting.com\/es\/\"},{\"@type\":\"ListItem\",\"position\":2,\"name\":\"Shop\",\"item\":\"https:\/\/wpguerssen-test.odoo.rgbconsulting.com\/shop\/\"},{\"@type\":\"ListItem\",\"position\":3,\"name\":\"Angel dust psychedelia\"}]},{\"@type\":\"WebSite\",\"@id\":\"https:\/\/wpguerssen-test.odoo.rgbconsulting.com\/es\/#website\",\"url\":\"https:\/\/wpguerssen-test.odoo.rgbconsulting.com\/es\/\",\"name\":\"Guerssen records\",\"description\":\"psychedelia - progressive - folk - garage \",\"publisher\":{\"@id\":\"https:\/\/wpguerssen-test.odoo.rgbconsulting.com\/es\/#organization\"},\"potentialAction\":[{\"@type\":\"SearchAction\",\"target\":{\"@type\":\"EntryPoint\",\"urlTemplate\":\"https:\/\/wpguerssen-test.odoo.rgbconsulting.com\/es\/?s={search_term_string}\"},\"query-input\":{\"@type\":\"PropertyValueSpecification\",\"valueRequired\":true,\"valueName\":\"search_term_string\"}}],\"inLanguage\":\"es\"},{\"@type\":\"Organization\",\"@id\":\"https:\/\/wpguerssen-test.odoo.rgbconsulting.com\/es\/#organization\",\"name\":\"Guerssen records\",\"url\":\"https:\/\/wpguerssen-test.odoo.rgbconsulting.com\/es\/\",\"logo\":{\"@type\":\"ImageObject\",\"inLanguage\":\"es\",\"@id\":\"https:\/\/wpguerssen-test.odoo.rgbconsulting.com\/es\/#\/schema\/logo\/image\/\",\"url\":\"https:\/\/wpguerssen-test.odoo.rgbconsulting.com\/wp-content\/uploads\/2022\/04\/Logo_Guerssen_trans_100.png\",\"contentUrl\":\"https:\/\/wpguerssen-test.odoo.rgbconsulting.com\/wp-content\/uploads\/2022\/04\/Logo_Guerssen_trans_100.png\",\"width\":122,\"height\":100,\"caption\":\"Guerssen records\"},\"image\":{\"@id\":\"https:\/\/wpguerssen-test.odoo.rgbconsulting.com\/es\/#\/schema\/logo\/image\/\"}}]}<\/script>\n<!-- \/ Yoast SEO plugin. -->","yoast_head_json":{"title":"VARIOUS ARTISTS - Angel dust psychedelia -  (LP) | Guerssen","description":"Non-hippie devastating guitar-psych and PCP induced hard-rock!! ANGEL DUST PSYCHEDELIA is a \"100% killers, no fillers\" compilation featuring obscure and unknown 45s \/ unreleased acetates from the US, most of them released on private labels. Many local underground bands of the late 1960s-early 1970s lacked the money and\/or material needed to make a full-length album, and would put out a self-released 45 instead. Record collectors and writers have been slow to understand this treasure of vintage private press singles, with music that is every bit as good as hallowed underground LPs like Mystic Siva or Boa. #nl# 14 tracks including the monster acid-punker \"Time gone to waste\" by Local Traffic, post-Stereo Shoestring band Red House with an unreleased track, the mega rare acetate by Matchbox from Houston, tremendous acid-psych by Dick St John and Ragweed Patch, raw hard-rock by Masque and Zoo and more. #nl# The perfect companion to those legendary 80s psych comps like Brain Shadows, Acid Dreams, Endless Journey... #nl# Remastered sound for a stunning in-your-face heavy guitar experience. Limited to 500 copies. #nl# TRACKLIST: #nl# SIDE 1 #nl# 1. MASALLA - Burning Feeling 2. MATCHBOX - Metaphysical Composition 3. OBO REED - Here By Me 4. DICK ST JOHN - Lady Of Burning Green Jade 5. LOCAL TRAFFIC - Time Gone To Waste 6. RED HOUSE - Mary-Ann 7. MASQUE - Wake Up In The Morning #nl# SIDE 2 #nl# 1. ZOO - 4-44 2. RAGWEED PATCH - Burn The Midnight Oil 3. LIFE - This Time 4. FIRST STATE BANK - Mr Sun 5. MASQUE - Lady Of The Land 6. PUNCH - Death Head 7. FLINTLOCK - Hope You're Feeling Better","robots":{"index":"index","follow":"follow","max-snippet":"max-snippet:-1","max-image-preview":"max-image-preview:large","max-video-preview":"max-video-preview:-1"},"canonical":"https:\/\/wpguerssen-test.odoo.rgbconsulting.com\/es\/producto\/angel-dust-psychedelia\/","og_locale":"es_ES","og_type":"article","og_title":"VARIOUS ARTISTS - Angel dust psychedelia -  (LP) | Guerssen","og_description":"Non-hippie devastating guitar-psych and PCP induced hard-rock!! ANGEL DUST PSYCHEDELIA is a \"100% killers, no fillers\" compilation featuring obscure and unknown 45s \/ unreleased acetates from the US, most of them released on private labels. Many local underground bands of the late 1960s-early 1970s lacked the money and\/or material needed to make a full-length album, and would put out a self-released 45 instead. Record collectors and writers have been slow to understand this treasure of vintage private press singles, with music that is every bit as good as hallowed underground LPs like Mystic Siva or Boa. #nl# 14 tracks including the monster acid-punker \"Time gone to waste\" by Local Traffic, post-Stereo Shoestring band Red House with an unreleased track, the mega rare acetate by Matchbox from Houston, tremendous acid-psych by Dick St John and Ragweed Patch, raw hard-rock by Masque and Zoo and more. #nl# The perfect companion to those legendary 80s psych comps like Brain Shadows, Acid Dreams, Endless Journey... #nl# Remastered sound for a stunning in-your-face heavy guitar experience. Limited to 500 copies. #nl# TRACKLIST: #nl# SIDE 1 #nl# 1. MASALLA - Burning Feeling 2. MATCHBOX - Metaphysical Composition 3. OBO REED - Here By Me 4. DICK ST JOHN - Lady Of Burning Green Jade 5. LOCAL TRAFFIC - Time Gone To Waste 6. RED HOUSE - Mary-Ann 7. MASQUE - Wake Up In The Morning #nl# SIDE 2 #nl# 1. ZOO - 4-44 2. RAGWEED PATCH - Burn The Midnight Oil 3. LIFE - This Time 4. FIRST STATE BANK - Mr Sun 5. MASQUE - Lady Of The Land 6. PUNCH - Death Head 7. FLINTLOCK - Hope You're Feeling Better","og_url":"https:\/\/wpguerssen-test.odoo.rgbconsulting.com\/es\/producto\/angel-dust-psychedelia\/","og_site_name":"Guerssen records","article_modified_time":"2025-04-25T11:32:04+00:00","og_image":[{"width":600,"height":600,"url":"https:\/\/wpguerssen-test.odoo.rgbconsulting.com\/wp-content\/uploads\/2022\/03\/14842.jpg","type":"image\/jpeg"}],"twitter_card":"summary_large_image","twitter_title":"VARIOUS ARTISTS - Angel dust psychedelia -  (LP) | Guerssen","twitter_misc":{"Tiempo de lectura":"1 minuto"},"schema":{"@context":"https:\/\/schema.org","@graph":[{"@type":"WebPage","@id":"https:\/\/wpguerssen-test.odoo.rgbconsulting.com\/es\/producto\/angel-dust-psychedelia\/","url":"https:\/\/wpguerssen-test.odoo.rgbconsulting.com\/es\/producto\/angel-dust-psychedelia\/","name":"VARIOUS ARTISTS - Angel dust psychedelia - (LP) | Guerssen","isPartOf":{"@id":"https:\/\/wpguerssen-test.odoo.rgbconsulting.com\/es\/#website"},"primaryImageOfPage":{"@id":"https:\/\/wpguerssen-test.odoo.rgbconsulting.com\/es\/producto\/angel-dust-psychedelia\/#primaryimage"},"image":{"@id":"https:\/\/wpguerssen-test.odoo.rgbconsulting.com\/es\/producto\/angel-dust-psychedelia\/#primaryimage"},"thumbnailUrl":"https:\/\/wpguerssen-test.odoo.rgbconsulting.com\/wp-content\/uploads\/2022\/03\/14842.jpg","datePublished":"2014-03-10T23:00:00+00:00","dateModified":"2025-04-25T11:32:04+00:00","description":"Non-hippie devastating guitar-psych and PCP induced hard-rock!! ANGEL DUST PSYCHEDELIA is a \"100% killers, no fillers\" compilation featuring obscure and unknown 45s \/ unreleased acetates from the US, most of them released on private labels. Many local underground bands of the late 1960s-early 1970s lacked the money and\/or material needed to make a full-length album, and would put out a self-released 45 instead. Record collectors and writers have been slow to understand this treasure of vintage private press singles, with music that is every bit as good as hallowed underground LPs like Mystic Siva or Boa. #nl# 14 tracks including the monster acid-punker \"Time gone to waste\" by Local Traffic, post-Stereo Shoestring band Red House with an unreleased track, the mega rare acetate by Matchbox from Houston, tremendous acid-psych by Dick St John and Ragweed Patch, raw hard-rock by Masque and Zoo and more. #nl# The perfect companion to those legendary 80s psych comps like Brain Shadows, Acid Dreams, Endless Journey... #nl# Remastered sound for a stunning in-your-face heavy guitar experience. Limited to 500 copies. #nl# TRACKLIST: #nl# SIDE 1 #nl# 1. MASALLA - Burning Feeling 2. MATCHBOX - Metaphysical Composition 3. OBO REED - Here By Me 4. DICK ST JOHN - Lady Of Burning Green Jade 5. LOCAL TRAFFIC - Time Gone To Waste 6. RED HOUSE - Mary-Ann 7. MASQUE - Wake Up In The Morning #nl# SIDE 2 #nl# 1. ZOO - 4-44 2. RAGWEED PATCH - Burn The Midnight Oil 3. LIFE - This Time 4. FIRST STATE BANK - Mr Sun 5. MASQUE - Lady Of The Land 6. PUNCH - Death Head 7. FLINTLOCK - Hope You're Feeling Better","breadcrumb":{"@id":"https:\/\/wpguerssen-test.odoo.rgbconsulting.com\/es\/producto\/angel-dust-psychedelia\/#breadcrumb"},"inLanguage":"es","potentialAction":[{"@type":"ReadAction","target":["https:\/\/wpguerssen-test.odoo.rgbconsulting.com\/es\/producto\/angel-dust-psychedelia\/"]}]},{"@type":"ImageObject","inLanguage":"es","@id":"https:\/\/wpguerssen-test.odoo.rgbconsulting.com\/es\/producto\/angel-dust-psychedelia\/#primaryimage","url":"https:\/\/wpguerssen-test.odoo.rgbconsulting.com\/wp-content\/uploads\/2022\/03\/14842.jpg","contentUrl":"https:\/\/wpguerssen-test.odoo.rgbconsulting.com\/wp-content\/uploads\/2022\/03\/14842.jpg","width":600,"height":600,"caption":"VARIOUS ARTISTS - Angel dust psychedelia - FRISCO SPEEDBALL (LP) | Guerssen"},{"@type":"BreadcrumbList","@id":"https:\/\/wpguerssen-test.odoo.rgbconsulting.com\/es\/producto\/angel-dust-psychedelia\/#breadcrumb","itemListElement":[{"@type":"ListItem","position":1,"name":"Inicio","item":"https:\/\/wpguerssen-test.odoo.rgbconsulting.com\/es\/"},{"@type":"ListItem","position":2,"name":"Shop","item":"https:\/\/wpguerssen-test.odoo.rgbconsulting.com\/shop\/"},{"@type":"ListItem","position":3,"name":"Angel dust psychedelia"}]},{"@type":"WebSite","@id":"https:\/\/wpguerssen-test.odoo.rgbconsulting.com\/es\/#website","url":"https:\/\/wpguerssen-test.odoo.rgbconsulting.com\/es\/","name":"Guerssen records","description":"psychedelia - progressive - folk - garage ","publisher":{"@id":"https:\/\/wpguerssen-test.odoo.rgbconsulting.com\/es\/#organization"},"potentialAction":[{"@type":"SearchAction","target":{"@type":"EntryPoint","urlTemplate":"https:\/\/wpguerssen-test.odoo.rgbconsulting.com\/es\/?s={search_term_string}"},"query-input":{"@type":"PropertyValueSpecification","valueRequired":true,"valueName":"search_term_string"}}],"inLanguage":"es"},{"@type":"Organization","@id":"https:\/\/wpguerssen-test.odoo.rgbconsulting.com\/es\/#organization","name":"Guerssen records","url":"https:\/\/wpguerssen-test.odoo.rgbconsulting.com\/es\/","logo":{"@type":"ImageObject","inLanguage":"es","@id":"https:\/\/wpguerssen-test.odoo.rgbconsulting.com\/es\/#\/schema\/logo\/image\/","url":"https:\/\/wpguerssen-test.odoo.rgbconsulting.com\/wp-content\/uploads\/2022\/04\/Logo_Guerssen_trans_100.png","contentUrl":"https:\/\/wpguerssen-test.odoo.rgbconsulting.com\/wp-content\/uploads\/2022\/04\/Logo_Guerssen_trans_100.png","width":122,"height":100,"caption":"Guerssen records"},"image":{"@id":"https:\/\/wpguerssen-test.odoo.rgbconsulting.com\/es\/#\/schema\/logo\/image\/"}}]}},"_links":{"self":[{"href":"https:\/\/wpguerssen-test.odoo.rgbconsulting.com\/es\/wp-json\/wp\/v2\/product\/178468","targetHints":{"allow":["GET"]}}],"collection":[{"href":"https:\/\/wpguerssen-test.odoo.rgbconsulting.com\/es\/wp-json\/wp\/v2\/product"}],"about":[{"href":"https:\/\/wpguerssen-test.odoo.rgbconsulting.com\/es\/wp-json\/wp\/v2\/types\/product"}],"wp:featuredmedia":[{"embeddable":true,"href":"https:\/\/wpguerssen-test.odoo.rgbconsulting.com\/es\/wp-json\/wp\/v2\/media\/114381"}],"wp:attachment":[{"href":"https:\/\/wpguerssen-test.odoo.rgbconsulting.com\/es\/wp-json\/wp\/v2\/media?parent=178468"}],"wp:term":[{"taxonomy":"product_brand","embeddable":true,"href":"https:\/\/wpguerssen-test.odoo.rgbconsulting.com\/es\/wp-json\/wp\/v2\/product_brand?post=178468"},{"taxonomy":"product_cat","embeddable":true,"href":"https:\/\/wpguerssen-test.odoo.rgbconsulting.com\/es\/wp-json\/wp\/v2\/product_cat?post=178468"},{"taxonomy":"product_tag","embeddable":true,"href":"https:\/\/wpguerssen-test.odoo.rgbconsulting.com\/es\/wp-json\/wp\/v2\/product_tag?post=178468"}],"curies":[{"name":"wp","href":"https:\/\/api.w.org\/{rel}","templated":true}]}}