{"id":178470,"date":"2014-04-09T00:00:00","date_gmt":"2014-04-08T22:00:00","guid":{"rendered":"http:\/\/guerssen.hl1097.dinaserver.com\/product\/firesides-and-guitars-cd\/"},"modified":"2025-03-17T17:27:05","modified_gmt":"2025-03-17T16:27:05","slug":"firesides-and-guitars-cd","status":"publish","type":"product","link":"https:\/\/wpguerssen-test.odoo.rgbconsulting.com\/es\/producto\/firesides-and-guitars-cd\/","title":{"rendered":"Firesides and guitars (CD)"},"content":{"rendered":"<p>\u00abFiresides and Guitars\u00bb de Logos era hasta ahora uno de los m\u00e1s misterioros prensajes privados USA 70s. Envuelto en una sencilla portada con apenas informaci\u00f3n del grupo, fue editado en un micro-prensaje en el sello custom Audio House (donde grabaron otros oscuros grupos como Smack). No exist\u00eda ning\u00fan dato del grupo hasta ahora: Logos proced\u00edan de Kansas y eran un tr\u00edo de folk-rock formado por el m\u00fasico de 16 a\u00f1os Steve Epley junto a los hermanos Chris y Cindy Williams. Su sonido consist\u00eda en agradable e inocente folk casero con capas de cristalinas guitarras ac\u00fasticas y armon\u00edas vocales a lo Beatles o CS&#038;N, con un alto nivel compositivo, comparado con otros discos privados como Shadrack Chameleon. Muy recomendado a fans de sonidos folk-rock 70S y SSW (singer-songwriter). <\/p>\n<p> Sonido remasterizado del vinilo original (no existen m\u00e1sters), booklet a color con notas y fotos. <\/p>\n<p> \u00abLa combinaci\u00f3n de guitarras ac\u00fasticas y voces a lo Beatles crea una fant\u00e1stica atm\u00f3sfera que se mantiene en sucesivas escuchas. Es sorprendente encontrar esta joya dentro de todos los mediocres \u00e1lbumes 70s de hippie-folk que abundaban en la \u00e9poca. La \u00fanica canci\u00f3n con voz principal femenina flirtea con el sonido soft-psych, lo cual es un plus\u00bb \u00abNo estamos hablando de un disco blandengue, sino un raro caso de un grupo local encontrando su propio marco hippie-folk que les encaja perfectamente\u00bb &#8211; Patrick Lundborg (Acid Archives) <\/p>\n<p> Tracklist: <\/p>\n<p> It&#8217;s Alright &#8211; Do You Hear (The People Scream)   &#8211; If I Wanted To  &#8211; I Wish &#8211; Slow Down &#8211; No More Loneliness  &#8211; All American Boy &#8211; Love Is Real &#8211; What We Say (Everyday)   &#8211;  Peace &#8211;  (All The) Soldiers  &#8211; Firesides and Guitars<\/p>\n","protected":false},"excerpt":{"rendered":"<p>\u00abFiresides and Guitars\u00bb de Logos era hasta ahora uno de los m\u00e1s misterioros prensajes privados USA 70s. Envuelto en una sencilla portada con apenas informaci\u00f3n<a class=\"read\" href=\"https:\/\/wpguerssen-test.odoo.rgbconsulting.com\/es\/producto\/firesides-and-guitars-cd\/\"> (...)<\/a>","protected":false},"featured_media":114387,"template":"","meta":{"_acf_changed":false},"product_brand":[],"product_cat":[21639,23274],"product_tag":[29138,24190],"class_list":{"0":"post-178470","1":"product","2":"type-product","3":"status-publish","4":"has-post-thumbnail","6":"product_cat-psychedelic60s-70s-es","7":"product_cat-folk-rock-60s-70s-es","8":"product_tag-cd-es","9":"product_tag-sales-es","10":"pa_artist-logos","11":"pa_format-cd-2-es","12":"pa_gender-folk-rock-60s-70s-psychedelic60s-70s","13":"pa_label-out-sider-music-es","14":"pa_location-north-america-es","16":"first","17":"instock","18":"taxable","19":"shipping-taxable","20":"purchasable","21":"product-type-simple"},"acf":[],"yoast_head":"<!-- This site is optimized with the Yoast SEO plugin v24.9 - https:\/\/yoast.com\/wordpress\/plugins\/seo\/ -->\n<title>LOGOS - Firesides and guitars (CD) -  (CD) | Guerssen<\/title>\n<meta name=\"description\" content=\"Logos &quot;Firesides and Guitars&quot; was one of the most enigmatic private albums from the US. Housed in a sparse cover with little info, it was released in tiny quantities on the collectable Audio House label (home also of Smack). Nothing was known about the band until now: they were an obscure folk-rock trio from Kansas, comprised of 16-year-old Steve Epley plus brothers Chris and Cindy Williams. Their sound was charming, home-made folk-rock full of youthful innocence with layers of dual acoustic guitars and refreshing male-female vocals, featuring an impressive set of self-penned songs. Comparisons bring to mind Crosby Still &amp; Nash or Shadrack Chameleon. #nl# Highly recommended to any folk-rock \/ SSW sounds collector. #nl# First time ever reissue. Full colour booklet with rare photo and liner notes by band member Steve Epley. #nl# &quot;...The combination of guitar tapestries and strong, almost Beatles-like melodies, creates an appealing experience that stands up well for repeat plays... #nl# &quot;...It&#039;s refreshing to find this gem among all the mediocre 1970s hippie-folkers being touted...&quot; #nl# &quot;The one track with female lead vocals borders on femme soft psych, and none the worse for that. This is not a wimpy LP, but a rare case of a local band finding a melodic hippie frame that fits them perfect&quot; - Patrick Lundborg (Acid Archives) #nl# Tracklist: #nl# It&#039;s Alright - Do You Hear (The People Scream) - If I Wanted To - I Wish - Slow Down - No More Loneliness - All American Boy - Love Is Real - What We Say (Everyday) - Peace - (All The) Soldiers - Firesides and Guitars\" \/>\n<meta name=\"robots\" content=\"index, follow, max-snippet:-1, max-image-preview:large, max-video-preview:-1\" \/>\n<link rel=\"canonical\" href=\"https:\/\/wpguerssen-test.odoo.rgbconsulting.com\/es\/producto\/firesides-and-guitars-cd\/\" \/>\n<meta property=\"og:locale\" content=\"es_ES\" \/>\n<meta property=\"og:type\" content=\"article\" \/>\n<meta property=\"og:title\" content=\"LOGOS - Firesides and guitars (CD) -  (CD) | Guerssen\" \/>\n<meta property=\"og:description\" content=\"Logos &quot;Firesides and Guitars&quot; was one of the most enigmatic private albums from the US. Housed in a sparse cover with little info, it was released in tiny quantities on the collectable Audio House label (home also of Smack). Nothing was known about the band until now: they were an obscure folk-rock trio from Kansas, comprised of 16-year-old Steve Epley plus brothers Chris and Cindy Williams. Their sound was charming, home-made folk-rock full of youthful innocence with layers of dual acoustic guitars and refreshing male-female vocals, featuring an impressive set of self-penned songs. Comparisons bring to mind Crosby Still &amp; Nash or Shadrack Chameleon. #nl# Highly recommended to any folk-rock \/ SSW sounds collector. #nl# First time ever reissue. Full colour booklet with rare photo and liner notes by band member Steve Epley. #nl# &quot;...The combination of guitar tapestries and strong, almost Beatles-like melodies, creates an appealing experience that stands up well for repeat plays... #nl# &quot;...It&#039;s refreshing to find this gem among all the mediocre 1970s hippie-folkers being touted...&quot; #nl# &quot;The one track with female lead vocals borders on femme soft psych, and none the worse for that. This is not a wimpy LP, but a rare case of a local band finding a melodic hippie frame that fits them perfect&quot; - Patrick Lundborg (Acid Archives) #nl# Tracklist: #nl# It&#039;s Alright - Do You Hear (The People Scream) - If I Wanted To - I Wish - Slow Down - No More Loneliness - All American Boy - Love Is Real - What We Say (Everyday) - Peace - (All The) Soldiers - Firesides and Guitars\" \/>\n<meta property=\"og:url\" content=\"https:\/\/wpguerssen-test.odoo.rgbconsulting.com\/es\/producto\/firesides-and-guitars-cd\/\" \/>\n<meta property=\"og:site_name\" content=\"Guerssen records\" \/>\n<meta property=\"article:modified_time\" content=\"2025-03-17T16:27:05+00:00\" \/>\n<meta property=\"og:image\" content=\"https:\/\/wpguerssen-test.odoo.rgbconsulting.com\/wp-content\/uploads\/2022\/03\/14844.jpg\" \/>\n\t<meta property=\"og:image:width\" content=\"600\" \/>\n\t<meta property=\"og:image:height\" content=\"600\" \/>\n\t<meta property=\"og:image:type\" content=\"image\/jpeg\" \/>\n<meta name=\"twitter:card\" content=\"summary_large_image\" \/>\n<meta name=\"twitter:title\" content=\"LOGOS - Firesides and guitars (CD) -  (CD) | Guerssen\" \/>\n<meta name=\"twitter:label1\" content=\"Tiempo de lectura\" \/>\n\t<meta name=\"twitter:data1\" content=\"1 minuto\" \/>\n<script type=\"application\/ld+json\" class=\"yoast-schema-graph\">{\"@context\":\"https:\/\/schema.org\",\"@graph\":[{\"@type\":\"WebPage\",\"@id\":\"https:\/\/wpguerssen-test.odoo.rgbconsulting.com\/es\/producto\/firesides-and-guitars-cd\/\",\"url\":\"https:\/\/wpguerssen-test.odoo.rgbconsulting.com\/es\/producto\/firesides-and-guitars-cd\/\",\"name\":\"LOGOS - Firesides and guitars (CD) - (CD) | Guerssen\",\"isPartOf\":{\"@id\":\"https:\/\/wpguerssen-test.odoo.rgbconsulting.com\/es\/#website\"},\"primaryImageOfPage\":{\"@id\":\"https:\/\/wpguerssen-test.odoo.rgbconsulting.com\/es\/producto\/firesides-and-guitars-cd\/#primaryimage\"},\"image\":{\"@id\":\"https:\/\/wpguerssen-test.odoo.rgbconsulting.com\/es\/producto\/firesides-and-guitars-cd\/#primaryimage\"},\"thumbnailUrl\":\"https:\/\/wpguerssen-test.odoo.rgbconsulting.com\/wp-content\/uploads\/2022\/03\/14844.jpg\",\"datePublished\":\"2014-04-08T22:00:00+00:00\",\"dateModified\":\"2025-03-17T16:27:05+00:00\",\"description\":\"Logos \\\"Firesides and Guitars\\\" was one of the most enigmatic private albums from the US. Housed in a sparse cover with little info, it was released in tiny quantities on the collectable Audio House label (home also of Smack). Nothing was known about the band until now: they were an obscure folk-rock trio from Kansas, comprised of 16-year-old Steve Epley plus brothers Chris and Cindy Williams. Their sound was charming, home-made folk-rock full of youthful innocence with layers of dual acoustic guitars and refreshing male-female vocals, featuring an impressive set of self-penned songs. Comparisons bring to mind Crosby Still & Nash or Shadrack Chameleon. #nl# Highly recommended to any folk-rock \/ SSW sounds collector. #nl# First time ever reissue. Full colour booklet with rare photo and liner notes by band member Steve Epley. #nl# \\\"...The combination of guitar tapestries and strong, almost Beatles-like melodies, creates an appealing experience that stands up well for repeat plays... #nl# \\\"...It's refreshing to find this gem among all the mediocre 1970s hippie-folkers being touted...\\\" #nl# \\\"The one track with female lead vocals borders on femme soft psych, and none the worse for that. This is not a wimpy LP, but a rare case of a local band finding a melodic hippie frame that fits them perfect\\\" - Patrick Lundborg (Acid Archives) #nl# Tracklist: #nl# It's Alright - Do You Hear (The People Scream) - If I Wanted To - I Wish - Slow Down - No More Loneliness - All American Boy - Love Is Real - What We Say (Everyday) - Peace - (All The) Soldiers - Firesides and Guitars\",\"breadcrumb\":{\"@id\":\"https:\/\/wpguerssen-test.odoo.rgbconsulting.com\/es\/producto\/firesides-and-guitars-cd\/#breadcrumb\"},\"inLanguage\":\"es\",\"potentialAction\":[{\"@type\":\"ReadAction\",\"target\":[\"https:\/\/wpguerssen-test.odoo.rgbconsulting.com\/es\/producto\/firesides-and-guitars-cd\/\"]}]},{\"@type\":\"ImageObject\",\"inLanguage\":\"es\",\"@id\":\"https:\/\/wpguerssen-test.odoo.rgbconsulting.com\/es\/producto\/firesides-and-guitars-cd\/#primaryimage\",\"url\":\"https:\/\/wpguerssen-test.odoo.rgbconsulting.com\/wp-content\/uploads\/2022\/03\/14844.jpg\",\"contentUrl\":\"https:\/\/wpguerssen-test.odoo.rgbconsulting.com\/wp-content\/uploads\/2022\/03\/14844.jpg\",\"width\":600,\"height\":600,\"caption\":\"LOGOS - Firesides and guitars (CD) - OUT-SIDER MUSIC (CD) | Guerssen\"},{\"@type\":\"BreadcrumbList\",\"@id\":\"https:\/\/wpguerssen-test.odoo.rgbconsulting.com\/es\/producto\/firesides-and-guitars-cd\/#breadcrumb\",\"itemListElement\":[{\"@type\":\"ListItem\",\"position\":1,\"name\":\"Inicio\",\"item\":\"https:\/\/wpguerssen-test.odoo.rgbconsulting.com\/es\/\"},{\"@type\":\"ListItem\",\"position\":2,\"name\":\"Shop\",\"item\":\"https:\/\/wpguerssen-test.odoo.rgbconsulting.com\/shop\/\"},{\"@type\":\"ListItem\",\"position\":3,\"name\":\"Firesides and guitars (CD)\"}]},{\"@type\":\"WebSite\",\"@id\":\"https:\/\/wpguerssen-test.odoo.rgbconsulting.com\/es\/#website\",\"url\":\"https:\/\/wpguerssen-test.odoo.rgbconsulting.com\/es\/\",\"name\":\"Guerssen records\",\"description\":\"psychedelia - progressive - folk - garage \",\"publisher\":{\"@id\":\"https:\/\/wpguerssen-test.odoo.rgbconsulting.com\/es\/#organization\"},\"potentialAction\":[{\"@type\":\"SearchAction\",\"target\":{\"@type\":\"EntryPoint\",\"urlTemplate\":\"https:\/\/wpguerssen-test.odoo.rgbconsulting.com\/es\/?s={search_term_string}\"},\"query-input\":{\"@type\":\"PropertyValueSpecification\",\"valueRequired\":true,\"valueName\":\"search_term_string\"}}],\"inLanguage\":\"es\"},{\"@type\":\"Organization\",\"@id\":\"https:\/\/wpguerssen-test.odoo.rgbconsulting.com\/es\/#organization\",\"name\":\"Guerssen records\",\"url\":\"https:\/\/wpguerssen-test.odoo.rgbconsulting.com\/es\/\",\"logo\":{\"@type\":\"ImageObject\",\"inLanguage\":\"es\",\"@id\":\"https:\/\/wpguerssen-test.odoo.rgbconsulting.com\/es\/#\/schema\/logo\/image\/\",\"url\":\"https:\/\/wpguerssen-test.odoo.rgbconsulting.com\/wp-content\/uploads\/2022\/04\/Logo_Guerssen_trans_100.png\",\"contentUrl\":\"https:\/\/wpguerssen-test.odoo.rgbconsulting.com\/wp-content\/uploads\/2022\/04\/Logo_Guerssen_trans_100.png\",\"width\":122,\"height\":100,\"caption\":\"Guerssen records\"},\"image\":{\"@id\":\"https:\/\/wpguerssen-test.odoo.rgbconsulting.com\/es\/#\/schema\/logo\/image\/\"}}]}<\/script>\n<!-- \/ Yoast SEO plugin. -->","yoast_head_json":{"title":"LOGOS - Firesides and guitars (CD) -  (CD) | Guerssen","description":"Logos \"Firesides and Guitars\" was one of the most enigmatic private albums from the US. Housed in a sparse cover with little info, it was released in tiny quantities on the collectable Audio House label (home also of Smack). Nothing was known about the band until now: they were an obscure folk-rock trio from Kansas, comprised of 16-year-old Steve Epley plus brothers Chris and Cindy Williams. Their sound was charming, home-made folk-rock full of youthful innocence with layers of dual acoustic guitars and refreshing male-female vocals, featuring an impressive set of self-penned songs. Comparisons bring to mind Crosby Still & Nash or Shadrack Chameleon. #nl# Highly recommended to any folk-rock \/ SSW sounds collector. #nl# First time ever reissue. Full colour booklet with rare photo and liner notes by band member Steve Epley. #nl# \"...The combination of guitar tapestries and strong, almost Beatles-like melodies, creates an appealing experience that stands up well for repeat plays... #nl# \"...It's refreshing to find this gem among all the mediocre 1970s hippie-folkers being touted...\" #nl# \"The one track with female lead vocals borders on femme soft psych, and none the worse for that. This is not a wimpy LP, but a rare case of a local band finding a melodic hippie frame that fits them perfect\" - Patrick Lundborg (Acid Archives) #nl# Tracklist: #nl# It's Alright - Do You Hear (The People Scream) - If I Wanted To - I Wish - Slow Down - No More Loneliness - All American Boy - Love Is Real - What We Say (Everyday) - Peace - (All The) Soldiers - Firesides and Guitars","robots":{"index":"index","follow":"follow","max-snippet":"max-snippet:-1","max-image-preview":"max-image-preview:large","max-video-preview":"max-video-preview:-1"},"canonical":"https:\/\/wpguerssen-test.odoo.rgbconsulting.com\/es\/producto\/firesides-and-guitars-cd\/","og_locale":"es_ES","og_type":"article","og_title":"LOGOS - Firesides and guitars (CD) -  (CD) | Guerssen","og_description":"Logos \"Firesides and Guitars\" was one of the most enigmatic private albums from the US. Housed in a sparse cover with little info, it was released in tiny quantities on the collectable Audio House label (home also of Smack). Nothing was known about the band until now: they were an obscure folk-rock trio from Kansas, comprised of 16-year-old Steve Epley plus brothers Chris and Cindy Williams. Their sound was charming, home-made folk-rock full of youthful innocence with layers of dual acoustic guitars and refreshing male-female vocals, featuring an impressive set of self-penned songs. Comparisons bring to mind Crosby Still & Nash or Shadrack Chameleon. #nl# Highly recommended to any folk-rock \/ SSW sounds collector. #nl# First time ever reissue. Full colour booklet with rare photo and liner notes by band member Steve Epley. #nl# \"...The combination of guitar tapestries and strong, almost Beatles-like melodies, creates an appealing experience that stands up well for repeat plays... #nl# \"...It's refreshing to find this gem among all the mediocre 1970s hippie-folkers being touted...\" #nl# \"The one track with female lead vocals borders on femme soft psych, and none the worse for that. This is not a wimpy LP, but a rare case of a local band finding a melodic hippie frame that fits them perfect\" - Patrick Lundborg (Acid Archives) #nl# Tracklist: #nl# It's Alright - Do You Hear (The People Scream) - If I Wanted To - I Wish - Slow Down - No More Loneliness - All American Boy - Love Is Real - What We Say (Everyday) - Peace - (All The) Soldiers - Firesides and Guitars","og_url":"https:\/\/wpguerssen-test.odoo.rgbconsulting.com\/es\/producto\/firesides-and-guitars-cd\/","og_site_name":"Guerssen records","article_modified_time":"2025-03-17T16:27:05+00:00","og_image":[{"width":600,"height":600,"url":"https:\/\/wpguerssen-test.odoo.rgbconsulting.com\/wp-content\/uploads\/2022\/03\/14844.jpg","type":"image\/jpeg"}],"twitter_card":"summary_large_image","twitter_title":"LOGOS - Firesides and guitars (CD) -  (CD) | Guerssen","twitter_misc":{"Tiempo de lectura":"1 minuto"},"schema":{"@context":"https:\/\/schema.org","@graph":[{"@type":"WebPage","@id":"https:\/\/wpguerssen-test.odoo.rgbconsulting.com\/es\/producto\/firesides-and-guitars-cd\/","url":"https:\/\/wpguerssen-test.odoo.rgbconsulting.com\/es\/producto\/firesides-and-guitars-cd\/","name":"LOGOS - Firesides and guitars (CD) - (CD) | Guerssen","isPartOf":{"@id":"https:\/\/wpguerssen-test.odoo.rgbconsulting.com\/es\/#website"},"primaryImageOfPage":{"@id":"https:\/\/wpguerssen-test.odoo.rgbconsulting.com\/es\/producto\/firesides-and-guitars-cd\/#primaryimage"},"image":{"@id":"https:\/\/wpguerssen-test.odoo.rgbconsulting.com\/es\/producto\/firesides-and-guitars-cd\/#primaryimage"},"thumbnailUrl":"https:\/\/wpguerssen-test.odoo.rgbconsulting.com\/wp-content\/uploads\/2022\/03\/14844.jpg","datePublished":"2014-04-08T22:00:00+00:00","dateModified":"2025-03-17T16:27:05+00:00","description":"Logos \"Firesides and Guitars\" was one of the most enigmatic private albums from the US. Housed in a sparse cover with little info, it was released in tiny quantities on the collectable Audio House label (home also of Smack). Nothing was known about the band until now: they were an obscure folk-rock trio from Kansas, comprised of 16-year-old Steve Epley plus brothers Chris and Cindy Williams. Their sound was charming, home-made folk-rock full of youthful innocence with layers of dual acoustic guitars and refreshing male-female vocals, featuring an impressive set of self-penned songs. Comparisons bring to mind Crosby Still & Nash or Shadrack Chameleon. #nl# Highly recommended to any folk-rock \/ SSW sounds collector. #nl# First time ever reissue. Full colour booklet with rare photo and liner notes by band member Steve Epley. #nl# \"...The combination of guitar tapestries and strong, almost Beatles-like melodies, creates an appealing experience that stands up well for repeat plays... #nl# \"...It's refreshing to find this gem among all the mediocre 1970s hippie-folkers being touted...\" #nl# \"The one track with female lead vocals borders on femme soft psych, and none the worse for that. This is not a wimpy LP, but a rare case of a local band finding a melodic hippie frame that fits them perfect\" - Patrick Lundborg (Acid Archives) #nl# Tracklist: #nl# It's Alright - Do You Hear (The People Scream) - If I Wanted To - I Wish - Slow Down - No More Loneliness - All American Boy - Love Is Real - What We Say (Everyday) - Peace - (All The) Soldiers - Firesides and Guitars","breadcrumb":{"@id":"https:\/\/wpguerssen-test.odoo.rgbconsulting.com\/es\/producto\/firesides-and-guitars-cd\/#breadcrumb"},"inLanguage":"es","potentialAction":[{"@type":"ReadAction","target":["https:\/\/wpguerssen-test.odoo.rgbconsulting.com\/es\/producto\/firesides-and-guitars-cd\/"]}]},{"@type":"ImageObject","inLanguage":"es","@id":"https:\/\/wpguerssen-test.odoo.rgbconsulting.com\/es\/producto\/firesides-and-guitars-cd\/#primaryimage","url":"https:\/\/wpguerssen-test.odoo.rgbconsulting.com\/wp-content\/uploads\/2022\/03\/14844.jpg","contentUrl":"https:\/\/wpguerssen-test.odoo.rgbconsulting.com\/wp-content\/uploads\/2022\/03\/14844.jpg","width":600,"height":600,"caption":"LOGOS - Firesides and guitars (CD) - OUT-SIDER MUSIC (CD) | Guerssen"},{"@type":"BreadcrumbList","@id":"https:\/\/wpguerssen-test.odoo.rgbconsulting.com\/es\/producto\/firesides-and-guitars-cd\/#breadcrumb","itemListElement":[{"@type":"ListItem","position":1,"name":"Inicio","item":"https:\/\/wpguerssen-test.odoo.rgbconsulting.com\/es\/"},{"@type":"ListItem","position":2,"name":"Shop","item":"https:\/\/wpguerssen-test.odoo.rgbconsulting.com\/shop\/"},{"@type":"ListItem","position":3,"name":"Firesides and guitars (CD)"}]},{"@type":"WebSite","@id":"https:\/\/wpguerssen-test.odoo.rgbconsulting.com\/es\/#website","url":"https:\/\/wpguerssen-test.odoo.rgbconsulting.com\/es\/","name":"Guerssen records","description":"psychedelia - progressive - folk - garage ","publisher":{"@id":"https:\/\/wpguerssen-test.odoo.rgbconsulting.com\/es\/#organization"},"potentialAction":[{"@type":"SearchAction","target":{"@type":"EntryPoint","urlTemplate":"https:\/\/wpguerssen-test.odoo.rgbconsulting.com\/es\/?s={search_term_string}"},"query-input":{"@type":"PropertyValueSpecification","valueRequired":true,"valueName":"search_term_string"}}],"inLanguage":"es"},{"@type":"Organization","@id":"https:\/\/wpguerssen-test.odoo.rgbconsulting.com\/es\/#organization","name":"Guerssen records","url":"https:\/\/wpguerssen-test.odoo.rgbconsulting.com\/es\/","logo":{"@type":"ImageObject","inLanguage":"es","@id":"https:\/\/wpguerssen-test.odoo.rgbconsulting.com\/es\/#\/schema\/logo\/image\/","url":"https:\/\/wpguerssen-test.odoo.rgbconsulting.com\/wp-content\/uploads\/2022\/04\/Logo_Guerssen_trans_100.png","contentUrl":"https:\/\/wpguerssen-test.odoo.rgbconsulting.com\/wp-content\/uploads\/2022\/04\/Logo_Guerssen_trans_100.png","width":122,"height":100,"caption":"Guerssen records"},"image":{"@id":"https:\/\/wpguerssen-test.odoo.rgbconsulting.com\/es\/#\/schema\/logo\/image\/"}}]}},"_links":{"self":[{"href":"https:\/\/wpguerssen-test.odoo.rgbconsulting.com\/es\/wp-json\/wp\/v2\/product\/178470","targetHints":{"allow":["GET"]}}],"collection":[{"href":"https:\/\/wpguerssen-test.odoo.rgbconsulting.com\/es\/wp-json\/wp\/v2\/product"}],"about":[{"href":"https:\/\/wpguerssen-test.odoo.rgbconsulting.com\/es\/wp-json\/wp\/v2\/types\/product"}],"wp:featuredmedia":[{"embeddable":true,"href":"https:\/\/wpguerssen-test.odoo.rgbconsulting.com\/es\/wp-json\/wp\/v2\/media\/114387"}],"wp:attachment":[{"href":"https:\/\/wpguerssen-test.odoo.rgbconsulting.com\/es\/wp-json\/wp\/v2\/media?parent=178470"}],"wp:term":[{"taxonomy":"product_brand","embeddable":true,"href":"https:\/\/wpguerssen-test.odoo.rgbconsulting.com\/es\/wp-json\/wp\/v2\/product_brand?post=178470"},{"taxonomy":"product_cat","embeddable":true,"href":"https:\/\/wpguerssen-test.odoo.rgbconsulting.com\/es\/wp-json\/wp\/v2\/product_cat?post=178470"},{"taxonomy":"product_tag","embeddable":true,"href":"https:\/\/wpguerssen-test.odoo.rgbconsulting.com\/es\/wp-json\/wp\/v2\/product_tag?post=178470"}],"curies":[{"name":"wp","href":"https:\/\/api.w.org\/{rel}","templated":true}]}}