{"id":178473,"date":"2014-05-09T00:00:00","date_gmt":"2014-05-08T22:00:00","guid":{"rendered":"http:\/\/guerssen.hl1097.dinaserver.com\/product\/edip-akbayram-1974-cd\/"},"modified":"2025-04-22T15:46:05","modified_gmt":"2025-04-22T13:46:05","slug":"edip-akbayram-1974-cd","status":"publish","type":"product","link":"https:\/\/wpguerssen-test.odoo.rgbconsulting.com\/es\/producto\/edip-akbayram-1974-cd\/","title":{"rendered":"Edip Akbayram (1974) (CD)"},"content":{"rendered":"<p>Primer \u00e1lbum de este legendario artista turco, uno de los pilares del Anatolian Rock. Este primer trabado de Edip era en realidad una recopilaci\u00f3n de singles editados entre 1972 y 1974. Una alucinante mezcla de oscuras melod\u00edas, poemas Sufi e instrumentos tradicionales con devastadora secci\u00f3n r\u00edtmica, guitarras distorsionadas, Moog y teclados anal\u00f3gicos&#8230;Pura psicodelia turca! Sonido remasterizado, booklet con fotos y notas por Angela Sawyer (Weirdo Records). <\/p>\n<p> Tracklist:Ince Ince Bir Kar YaGar &#8211; Degmen Benim Gamli Yasl? G\u00f6nl\u00fcme &#8211; Dumanli Dumanli Oy Bizim Eller &#8211; Anam Aglar Basucumda Oturur &#8211; Bosu Bosuna &#8211; Daglar Dagladi Beni &#8211; Yakar Inceden Inceden &#8211; Deniz \u00dcst\u00fc K\u00f6p\u00fcr\u00fcr &#8211; Sev Beni Beni &#8211; K\u00fckredi \u00c7imenler<\/p>\n","protected":false},"excerpt":{"rendered":"<p>Primer \u00e1lbum de este legendario artista turco, uno de los pilares del Anatolian Rock. Este primer trabado de Edip era en realidad una recopilaci\u00f3n de singles editados<a class=\"read\" href=\"https:\/\/wpguerssen-test.odoo.rgbconsulting.com\/es\/producto\/edip-akbayram-1974-cd\/\"> (...)<\/a>","protected":false},"featured_media":114396,"template":"","meta":{"_acf_changed":false},"product_brand":[],"product_cat":[21639,23274],"product_tag":[29138,24190],"class_list":{"0":"post-178473","1":"product","2":"type-product","3":"status-publish","4":"has-post-thumbnail","6":"product_cat-psychedelic60s-70s-es","7":"product_cat-folk-rock-60s-70s-es","8":"product_tag-cd-es","9":"product_tag-sales-es","10":"pa_artist-akbayram-edip-es","11":"pa_format-cd-2-es","12":"pa_gender-psychedelic60s-70s-folk-rock-60s-70s","13":"pa_label-pharaway-sounds-es","14":"pa_location-eastern-es","16":"first","17":"instock","18":"taxable","19":"shipping-taxable","20":"purchasable","21":"product-type-simple"},"acf":[],"yoast_head":"<!-- This site is optimized with the Yoast SEO plugin v24.9 - https:\/\/yoast.com\/wordpress\/plugins\/seo\/ -->\n<title>AKBAYRAM, Edip - Edip Akbayram (1974) (CD) -  (CD) | Guerssen<\/title>\n<meta name=\"description\" content=\"Edip Akbayram&#039;s a frail guy who spent his childhood unable to walk, but once he grew up he was on Istanbul TV in a whitey-fro and knee length colored robes. Akbayram&#039;s voice is big &amp; open, and it took him all across Turkey at the height of Anatolian psychedelia.This 1st album collects precious singles from 1972-74, with dark melodies that descend in loose spirals, seemingly forever. Tunes taken from mystic Sufi poets who played the ba?lama, but retrofitted with hard plowing electric bass lines, funky drums, fuzz-wah guitars and keyboards. #nl# Remastered sound, insert \/ booklet with photos and liner notes by Angela Sawyer (Weirdo Records). #nl# Tracklist:Ince Ince Bir Kar YaGar - Degmen Benim Gamli Yasl? G\u00f6nl\u00fcme - Dumanli Dumanli Oy Bizim Eller - Anam Aglar Basucumda Oturur - Bosu Bosuna - Daglar Dagladi Beni - Yakar Inceden Inceden - Deniz \u00dcst\u00fc K\u00f6p\u00fcr\u00fcr - Sev Beni Beni - K\u00fckredi \u00c7imenler\" \/>\n<meta name=\"robots\" content=\"index, follow, max-snippet:-1, max-image-preview:large, max-video-preview:-1\" \/>\n<link rel=\"canonical\" href=\"https:\/\/wpguerssen-test.odoo.rgbconsulting.com\/es\/producto\/edip-akbayram-1974-cd\/\" \/>\n<meta property=\"og:locale\" content=\"es_ES\" \/>\n<meta property=\"og:type\" content=\"article\" \/>\n<meta property=\"og:title\" content=\"AKBAYRAM, Edip - Edip Akbayram (1974) (CD) -  (CD) | Guerssen\" \/>\n<meta property=\"og:description\" content=\"Edip Akbayram&#039;s a frail guy who spent his childhood unable to walk, but once he grew up he was on Istanbul TV in a whitey-fro and knee length colored robes. Akbayram&#039;s voice is big &amp; open, and it took him all across Turkey at the height of Anatolian psychedelia.This 1st album collects precious singles from 1972-74, with dark melodies that descend in loose spirals, seemingly forever. Tunes taken from mystic Sufi poets who played the ba?lama, but retrofitted with hard plowing electric bass lines, funky drums, fuzz-wah guitars and keyboards. #nl# Remastered sound, insert \/ booklet with photos and liner notes by Angela Sawyer (Weirdo Records). #nl# Tracklist:Ince Ince Bir Kar YaGar - Degmen Benim Gamli Yasl? G\u00f6nl\u00fcme - Dumanli Dumanli Oy Bizim Eller - Anam Aglar Basucumda Oturur - Bosu Bosuna - Daglar Dagladi Beni - Yakar Inceden Inceden - Deniz \u00dcst\u00fc K\u00f6p\u00fcr\u00fcr - Sev Beni Beni - K\u00fckredi \u00c7imenler\" \/>\n<meta property=\"og:url\" content=\"https:\/\/wpguerssen-test.odoo.rgbconsulting.com\/es\/producto\/edip-akbayram-1974-cd\/\" \/>\n<meta property=\"og:site_name\" content=\"Guerssen records\" \/>\n<meta property=\"article:modified_time\" content=\"2025-04-22T13:46:05+00:00\" \/>\n<meta property=\"og:image\" content=\"https:\/\/wpguerssen-test.odoo.rgbconsulting.com\/wp-content\/uploads\/2022\/03\/14849.jpg\" \/>\n\t<meta property=\"og:image:width\" content=\"600\" \/>\n\t<meta property=\"og:image:height\" content=\"600\" \/>\n\t<meta property=\"og:image:type\" content=\"image\/jpeg\" \/>\n<meta name=\"twitter:card\" content=\"summary_large_image\" \/>\n<meta name=\"twitter:title\" content=\"AKBAYRAM, Edip - Edip Akbayram (1974) (CD) -  (CD) | Guerssen\" \/>\n<meta name=\"twitter:label1\" content=\"Tiempo de lectura\" \/>\n\t<meta name=\"twitter:data1\" content=\"1 minuto\" \/>\n<script type=\"application\/ld+json\" class=\"yoast-schema-graph\">{\"@context\":\"https:\/\/schema.org\",\"@graph\":[{\"@type\":\"WebPage\",\"@id\":\"https:\/\/wpguerssen-test.odoo.rgbconsulting.com\/es\/producto\/edip-akbayram-1974-cd\/\",\"url\":\"https:\/\/wpguerssen-test.odoo.rgbconsulting.com\/es\/producto\/edip-akbayram-1974-cd\/\",\"name\":\"AKBAYRAM, Edip - Edip Akbayram (1974) (CD) - (CD) | Guerssen\",\"isPartOf\":{\"@id\":\"https:\/\/wpguerssen-test.odoo.rgbconsulting.com\/es\/#website\"},\"primaryImageOfPage\":{\"@id\":\"https:\/\/wpguerssen-test.odoo.rgbconsulting.com\/es\/producto\/edip-akbayram-1974-cd\/#primaryimage\"},\"image\":{\"@id\":\"https:\/\/wpguerssen-test.odoo.rgbconsulting.com\/es\/producto\/edip-akbayram-1974-cd\/#primaryimage\"},\"thumbnailUrl\":\"https:\/\/wpguerssen-test.odoo.rgbconsulting.com\/wp-content\/uploads\/2022\/03\/14849.jpg\",\"datePublished\":\"2014-05-08T22:00:00+00:00\",\"dateModified\":\"2025-04-22T13:46:05+00:00\",\"description\":\"Edip Akbayram's a frail guy who spent his childhood unable to walk, but once he grew up he was on Istanbul TV in a whitey-fro and knee length colored robes. Akbayram's voice is big & open, and it took him all across Turkey at the height of Anatolian psychedelia.This 1st album collects precious singles from 1972-74, with dark melodies that descend in loose spirals, seemingly forever. Tunes taken from mystic Sufi poets who played the ba?lama, but retrofitted with hard plowing electric bass lines, funky drums, fuzz-wah guitars and keyboards. #nl# Remastered sound, insert \/ booklet with photos and liner notes by Angela Sawyer (Weirdo Records). #nl# Tracklist:Ince Ince Bir Kar YaGar - Degmen Benim Gamli Yasl? G\u00f6nl\u00fcme - Dumanli Dumanli Oy Bizim Eller - Anam Aglar Basucumda Oturur - Bosu Bosuna - Daglar Dagladi Beni - Yakar Inceden Inceden - Deniz \u00dcst\u00fc K\u00f6p\u00fcr\u00fcr - Sev Beni Beni - K\u00fckredi \u00c7imenler\",\"breadcrumb\":{\"@id\":\"https:\/\/wpguerssen-test.odoo.rgbconsulting.com\/es\/producto\/edip-akbayram-1974-cd\/#breadcrumb\"},\"inLanguage\":\"es\",\"potentialAction\":[{\"@type\":\"ReadAction\",\"target\":[\"https:\/\/wpguerssen-test.odoo.rgbconsulting.com\/es\/producto\/edip-akbayram-1974-cd\/\"]}]},{\"@type\":\"ImageObject\",\"inLanguage\":\"es\",\"@id\":\"https:\/\/wpguerssen-test.odoo.rgbconsulting.com\/es\/producto\/edip-akbayram-1974-cd\/#primaryimage\",\"url\":\"https:\/\/wpguerssen-test.odoo.rgbconsulting.com\/wp-content\/uploads\/2022\/03\/14849.jpg\",\"contentUrl\":\"https:\/\/wpguerssen-test.odoo.rgbconsulting.com\/wp-content\/uploads\/2022\/03\/14849.jpg\",\"width\":600,\"height\":600,\"caption\":\"Edip - Edip Akbayram (1974) (CD) - PHARAWAY SOUNDS (CD) | Guerssen\"},{\"@type\":\"BreadcrumbList\",\"@id\":\"https:\/\/wpguerssen-test.odoo.rgbconsulting.com\/es\/producto\/edip-akbayram-1974-cd\/#breadcrumb\",\"itemListElement\":[{\"@type\":\"ListItem\",\"position\":1,\"name\":\"Inicio\",\"item\":\"https:\/\/wpguerssen-test.odoo.rgbconsulting.com\/es\/\"},{\"@type\":\"ListItem\",\"position\":2,\"name\":\"Shop\",\"item\":\"https:\/\/wpguerssen-test.odoo.rgbconsulting.com\/shop\/\"},{\"@type\":\"ListItem\",\"position\":3,\"name\":\"Edip Akbayram (1974) (CD)\"}]},{\"@type\":\"WebSite\",\"@id\":\"https:\/\/wpguerssen-test.odoo.rgbconsulting.com\/es\/#website\",\"url\":\"https:\/\/wpguerssen-test.odoo.rgbconsulting.com\/es\/\",\"name\":\"Guerssen records\",\"description\":\"psychedelia - progressive - folk - garage \",\"publisher\":{\"@id\":\"https:\/\/wpguerssen-test.odoo.rgbconsulting.com\/es\/#organization\"},\"potentialAction\":[{\"@type\":\"SearchAction\",\"target\":{\"@type\":\"EntryPoint\",\"urlTemplate\":\"https:\/\/wpguerssen-test.odoo.rgbconsulting.com\/es\/?s={search_term_string}\"},\"query-input\":{\"@type\":\"PropertyValueSpecification\",\"valueRequired\":true,\"valueName\":\"search_term_string\"}}],\"inLanguage\":\"es\"},{\"@type\":\"Organization\",\"@id\":\"https:\/\/wpguerssen-test.odoo.rgbconsulting.com\/es\/#organization\",\"name\":\"Guerssen records\",\"url\":\"https:\/\/wpguerssen-test.odoo.rgbconsulting.com\/es\/\",\"logo\":{\"@type\":\"ImageObject\",\"inLanguage\":\"es\",\"@id\":\"https:\/\/wpguerssen-test.odoo.rgbconsulting.com\/es\/#\/schema\/logo\/image\/\",\"url\":\"https:\/\/wpguerssen-test.odoo.rgbconsulting.com\/wp-content\/uploads\/2022\/04\/Logo_Guerssen_trans_100.png\",\"contentUrl\":\"https:\/\/wpguerssen-test.odoo.rgbconsulting.com\/wp-content\/uploads\/2022\/04\/Logo_Guerssen_trans_100.png\",\"width\":122,\"height\":100,\"caption\":\"Guerssen records\"},\"image\":{\"@id\":\"https:\/\/wpguerssen-test.odoo.rgbconsulting.com\/es\/#\/schema\/logo\/image\/\"}}]}<\/script>\n<!-- \/ Yoast SEO plugin. -->","yoast_head_json":{"title":"AKBAYRAM, Edip - Edip Akbayram (1974) (CD) -  (CD) | Guerssen","description":"Edip Akbayram's a frail guy who spent his childhood unable to walk, but once he grew up he was on Istanbul TV in a whitey-fro and knee length colored robes. Akbayram's voice is big & open, and it took him all across Turkey at the height of Anatolian psychedelia.This 1st album collects precious singles from 1972-74, with dark melodies that descend in loose spirals, seemingly forever. Tunes taken from mystic Sufi poets who played the ba?lama, but retrofitted with hard plowing electric bass lines, funky drums, fuzz-wah guitars and keyboards. #nl# Remastered sound, insert \/ booklet with photos and liner notes by Angela Sawyer (Weirdo Records). #nl# Tracklist:Ince Ince Bir Kar YaGar - Degmen Benim Gamli Yasl? G\u00f6nl\u00fcme - Dumanli Dumanli Oy Bizim Eller - Anam Aglar Basucumda Oturur - Bosu Bosuna - Daglar Dagladi Beni - Yakar Inceden Inceden - Deniz \u00dcst\u00fc K\u00f6p\u00fcr\u00fcr - Sev Beni Beni - K\u00fckredi \u00c7imenler","robots":{"index":"index","follow":"follow","max-snippet":"max-snippet:-1","max-image-preview":"max-image-preview:large","max-video-preview":"max-video-preview:-1"},"canonical":"https:\/\/wpguerssen-test.odoo.rgbconsulting.com\/es\/producto\/edip-akbayram-1974-cd\/","og_locale":"es_ES","og_type":"article","og_title":"AKBAYRAM, Edip - Edip Akbayram (1974) (CD) -  (CD) | Guerssen","og_description":"Edip Akbayram's a frail guy who spent his childhood unable to walk, but once he grew up he was on Istanbul TV in a whitey-fro and knee length colored robes. Akbayram's voice is big & open, and it took him all across Turkey at the height of Anatolian psychedelia.This 1st album collects precious singles from 1972-74, with dark melodies that descend in loose spirals, seemingly forever. Tunes taken from mystic Sufi poets who played the ba?lama, but retrofitted with hard plowing electric bass lines, funky drums, fuzz-wah guitars and keyboards. #nl# Remastered sound, insert \/ booklet with photos and liner notes by Angela Sawyer (Weirdo Records). #nl# Tracklist:Ince Ince Bir Kar YaGar - Degmen Benim Gamli Yasl? G\u00f6nl\u00fcme - Dumanli Dumanli Oy Bizim Eller - Anam Aglar Basucumda Oturur - Bosu Bosuna - Daglar Dagladi Beni - Yakar Inceden Inceden - Deniz \u00dcst\u00fc K\u00f6p\u00fcr\u00fcr - Sev Beni Beni - K\u00fckredi \u00c7imenler","og_url":"https:\/\/wpguerssen-test.odoo.rgbconsulting.com\/es\/producto\/edip-akbayram-1974-cd\/","og_site_name":"Guerssen records","article_modified_time":"2025-04-22T13:46:05+00:00","og_image":[{"width":600,"height":600,"url":"https:\/\/wpguerssen-test.odoo.rgbconsulting.com\/wp-content\/uploads\/2022\/03\/14849.jpg","type":"image\/jpeg"}],"twitter_card":"summary_large_image","twitter_title":"AKBAYRAM, Edip - Edip Akbayram (1974) (CD) -  (CD) | Guerssen","twitter_misc":{"Tiempo de lectura":"1 minuto"},"schema":{"@context":"https:\/\/schema.org","@graph":[{"@type":"WebPage","@id":"https:\/\/wpguerssen-test.odoo.rgbconsulting.com\/es\/producto\/edip-akbayram-1974-cd\/","url":"https:\/\/wpguerssen-test.odoo.rgbconsulting.com\/es\/producto\/edip-akbayram-1974-cd\/","name":"AKBAYRAM, Edip - Edip Akbayram (1974) (CD) - (CD) | Guerssen","isPartOf":{"@id":"https:\/\/wpguerssen-test.odoo.rgbconsulting.com\/es\/#website"},"primaryImageOfPage":{"@id":"https:\/\/wpguerssen-test.odoo.rgbconsulting.com\/es\/producto\/edip-akbayram-1974-cd\/#primaryimage"},"image":{"@id":"https:\/\/wpguerssen-test.odoo.rgbconsulting.com\/es\/producto\/edip-akbayram-1974-cd\/#primaryimage"},"thumbnailUrl":"https:\/\/wpguerssen-test.odoo.rgbconsulting.com\/wp-content\/uploads\/2022\/03\/14849.jpg","datePublished":"2014-05-08T22:00:00+00:00","dateModified":"2025-04-22T13:46:05+00:00","description":"Edip Akbayram's a frail guy who spent his childhood unable to walk, but once he grew up he was on Istanbul TV in a whitey-fro and knee length colored robes. Akbayram's voice is big & open, and it took him all across Turkey at the height of Anatolian psychedelia.This 1st album collects precious singles from 1972-74, with dark melodies that descend in loose spirals, seemingly forever. Tunes taken from mystic Sufi poets who played the ba?lama, but retrofitted with hard plowing electric bass lines, funky drums, fuzz-wah guitars and keyboards. #nl# Remastered sound, insert \/ booklet with photos and liner notes by Angela Sawyer (Weirdo Records). #nl# Tracklist:Ince Ince Bir Kar YaGar - Degmen Benim Gamli Yasl? G\u00f6nl\u00fcme - Dumanli Dumanli Oy Bizim Eller - Anam Aglar Basucumda Oturur - Bosu Bosuna - Daglar Dagladi Beni - Yakar Inceden Inceden - Deniz \u00dcst\u00fc K\u00f6p\u00fcr\u00fcr - Sev Beni Beni - K\u00fckredi \u00c7imenler","breadcrumb":{"@id":"https:\/\/wpguerssen-test.odoo.rgbconsulting.com\/es\/producto\/edip-akbayram-1974-cd\/#breadcrumb"},"inLanguage":"es","potentialAction":[{"@type":"ReadAction","target":["https:\/\/wpguerssen-test.odoo.rgbconsulting.com\/es\/producto\/edip-akbayram-1974-cd\/"]}]},{"@type":"ImageObject","inLanguage":"es","@id":"https:\/\/wpguerssen-test.odoo.rgbconsulting.com\/es\/producto\/edip-akbayram-1974-cd\/#primaryimage","url":"https:\/\/wpguerssen-test.odoo.rgbconsulting.com\/wp-content\/uploads\/2022\/03\/14849.jpg","contentUrl":"https:\/\/wpguerssen-test.odoo.rgbconsulting.com\/wp-content\/uploads\/2022\/03\/14849.jpg","width":600,"height":600,"caption":"Edip - Edip Akbayram (1974) (CD) - PHARAWAY SOUNDS (CD) | Guerssen"},{"@type":"BreadcrumbList","@id":"https:\/\/wpguerssen-test.odoo.rgbconsulting.com\/es\/producto\/edip-akbayram-1974-cd\/#breadcrumb","itemListElement":[{"@type":"ListItem","position":1,"name":"Inicio","item":"https:\/\/wpguerssen-test.odoo.rgbconsulting.com\/es\/"},{"@type":"ListItem","position":2,"name":"Shop","item":"https:\/\/wpguerssen-test.odoo.rgbconsulting.com\/shop\/"},{"@type":"ListItem","position":3,"name":"Edip Akbayram (1974) (CD)"}]},{"@type":"WebSite","@id":"https:\/\/wpguerssen-test.odoo.rgbconsulting.com\/es\/#website","url":"https:\/\/wpguerssen-test.odoo.rgbconsulting.com\/es\/","name":"Guerssen records","description":"psychedelia - progressive - folk - garage ","publisher":{"@id":"https:\/\/wpguerssen-test.odoo.rgbconsulting.com\/es\/#organization"},"potentialAction":[{"@type":"SearchAction","target":{"@type":"EntryPoint","urlTemplate":"https:\/\/wpguerssen-test.odoo.rgbconsulting.com\/es\/?s={search_term_string}"},"query-input":{"@type":"PropertyValueSpecification","valueRequired":true,"valueName":"search_term_string"}}],"inLanguage":"es"},{"@type":"Organization","@id":"https:\/\/wpguerssen-test.odoo.rgbconsulting.com\/es\/#organization","name":"Guerssen records","url":"https:\/\/wpguerssen-test.odoo.rgbconsulting.com\/es\/","logo":{"@type":"ImageObject","inLanguage":"es","@id":"https:\/\/wpguerssen-test.odoo.rgbconsulting.com\/es\/#\/schema\/logo\/image\/","url":"https:\/\/wpguerssen-test.odoo.rgbconsulting.com\/wp-content\/uploads\/2022\/04\/Logo_Guerssen_trans_100.png","contentUrl":"https:\/\/wpguerssen-test.odoo.rgbconsulting.com\/wp-content\/uploads\/2022\/04\/Logo_Guerssen_trans_100.png","width":122,"height":100,"caption":"Guerssen records"},"image":{"@id":"https:\/\/wpguerssen-test.odoo.rgbconsulting.com\/es\/#\/schema\/logo\/image\/"}}]}},"_links":{"self":[{"href":"https:\/\/wpguerssen-test.odoo.rgbconsulting.com\/es\/wp-json\/wp\/v2\/product\/178473","targetHints":{"allow":["GET"]}}],"collection":[{"href":"https:\/\/wpguerssen-test.odoo.rgbconsulting.com\/es\/wp-json\/wp\/v2\/product"}],"about":[{"href":"https:\/\/wpguerssen-test.odoo.rgbconsulting.com\/es\/wp-json\/wp\/v2\/types\/product"}],"wp:featuredmedia":[{"embeddable":true,"href":"https:\/\/wpguerssen-test.odoo.rgbconsulting.com\/es\/wp-json\/wp\/v2\/media\/114396"}],"wp:attachment":[{"href":"https:\/\/wpguerssen-test.odoo.rgbconsulting.com\/es\/wp-json\/wp\/v2\/media?parent=178473"}],"wp:term":[{"taxonomy":"product_brand","embeddable":true,"href":"https:\/\/wpguerssen-test.odoo.rgbconsulting.com\/es\/wp-json\/wp\/v2\/product_brand?post=178473"},{"taxonomy":"product_cat","embeddable":true,"href":"https:\/\/wpguerssen-test.odoo.rgbconsulting.com\/es\/wp-json\/wp\/v2\/product_cat?post=178473"},{"taxonomy":"product_tag","embeddable":true,"href":"https:\/\/wpguerssen-test.odoo.rgbconsulting.com\/es\/wp-json\/wp\/v2\/product_tag?post=178473"}],"curies":[{"name":"wp","href":"https:\/\/api.w.org\/{rel}","templated":true}]}}