{"id":178475,"date":"2014-09-04T00:00:00","date_gmt":"2014-09-03T22:00:00","guid":{"rendered":"http:\/\/guerssen.hl1097.dinaserver.com\/product\/nedir-ne-degildir-cd\/"},"modified":"2025-04-22T15:46:13","modified_gmt":"2025-04-22T13:46:13","slug":"nedir-ne-degildir-cd","status":"publish","type":"product","link":"https:\/\/wpguerssen-test.odoo.rgbconsulting.com\/es\/producto\/nedir-ne-degildir-cd\/","title":{"rendered":"Nedir Ne Degildir? (CD)"},"content":{"rendered":"<p>Fant\u00e1stico segundo \u00e1lbum de Edip Akbayram, otro de los m\u00fasicos turcos m\u00e1s destacados de los 70. Psicod\u00e9lico folk-rock con wah-wah, fuzz guitar y wah-wah saz junto a ritmos funk-psych. Impresionante! Remasterizado, libreto con fotos y notas por Angela Sawyer (Weirdo Records). <\/p>\n<p> Tracklist: <\/p>\n<p> Yaralarim &#8211; Arabam Kaldi Yolda &#8211; Adam Olmak Dile Kolay &#8211; Dar Agaci &#8211; Kolum Nerden Aldin Zinciri &#8211; Ayrilik &#8211; Birak Beni &#8211; Haberin Varmi &#8211; Mehmet Emmi &#8211; Ka?larin Karasina<\/p>\n","protected":false},"excerpt":{"rendered":"<p>Fant\u00e1stico segundo \u00e1lbum de Edip Akbayram, otro de los m\u00fasicos turcos m\u00e1s destacados de los 70. Psicod\u00e9lico folk-rock con wah-wah, fuzz guitar y wah-wah saz junto<a class=\"read\" href=\"https:\/\/wpguerssen-test.odoo.rgbconsulting.com\/es\/producto\/nedir-ne-degildir-cd\/\"> (...)<\/a>","protected":false},"featured_media":114402,"template":"","meta":{"_acf_changed":false},"product_brand":[],"product_cat":[21639,23274],"product_tag":[29138,24190],"class_list":{"0":"post-178475","1":"product","2":"type-product","3":"status-publish","4":"has-post-thumbnail","6":"product_cat-psychedelic60s-70s-es","7":"product_cat-folk-rock-60s-70s-es","8":"product_tag-cd-es","9":"product_tag-sales-es","10":"pa_artist-akbayram-edip-ve-dostlar-es","11":"pa_format-cd-2-es","12":"pa_gender-psychedelic60s-70s-folk-rock-60s-70s","13":"pa_label-pharaway-sounds-es","14":"pa_location-eastern-es","16":"first","17":"instock","18":"taxable","19":"shipping-taxable","20":"purchasable","21":"product-type-simple"},"acf":[],"yoast_head":"<!-- This site is optimized with the Yoast SEO plugin v24.9 - https:\/\/yoast.com\/wordpress\/plugins\/seo\/ -->\n<title>AKBAYRAM, Edip Ve DOSTLAR - Nedir Ne Degildir? (CD) -  (CD) | Guerssen<\/title>\n<meta name=\"description\" content=\"As Turkey&#039;s political factions turned more and more violent in the late 1970s, Buscemi-eyed Edip Akbayram was nearly beaten up by rioting audiences for daring to sing about rural points of view that were naturally critical of Istanbul&#039;s political leaders. This second album of Anatolian psychedelia, originally released in 1977, showed defiance even in its gatefold art, with a drawing of the band members seeming to grow straight out the ground, covered in plant tendrils. #nl# Akbayram poached members of Mo?ollar and Bari? Man\u00e7o&#039;s Kurtalan Ekspres to get the best fuzz breaks and hammond slams &amp; put &#039;em straight in your ears. The band also tried out some mixes that pushed the vocals or a particular instrument way up front, and of course long, low, reverberant welcomes from Edip&#039;s echo-covered voice. #nl# Remastered sound, booklet with photos and liner notes by Angela Sawyer (Weirdo Records). #nl# Tracklist: #nl# Yaralarim - Arabam Kaldi Yolda - Adam Olmak Dile Kolay - Dar Agaci - Kolum Nerden Aldin Zinciri - Ayrilik - Birak Beni - Haberin Varmi - Mehmet Emmi - Ka?larin Karasina\" \/>\n<meta name=\"robots\" content=\"index, follow, max-snippet:-1, max-image-preview:large, max-video-preview:-1\" \/>\n<link rel=\"canonical\" href=\"https:\/\/wpguerssen-test.odoo.rgbconsulting.com\/es\/producto\/nedir-ne-degildir-cd\/\" \/>\n<meta property=\"og:locale\" content=\"es_ES\" \/>\n<meta property=\"og:type\" content=\"article\" \/>\n<meta property=\"og:title\" content=\"AKBAYRAM, Edip Ve DOSTLAR - Nedir Ne Degildir? (CD) -  (CD) | Guerssen\" \/>\n<meta property=\"og:description\" content=\"As Turkey&#039;s political factions turned more and more violent in the late 1970s, Buscemi-eyed Edip Akbayram was nearly beaten up by rioting audiences for daring to sing about rural points of view that were naturally critical of Istanbul&#039;s political leaders. This second album of Anatolian psychedelia, originally released in 1977, showed defiance even in its gatefold art, with a drawing of the band members seeming to grow straight out the ground, covered in plant tendrils. #nl# Akbayram poached members of Mo?ollar and Bari? Man\u00e7o&#039;s Kurtalan Ekspres to get the best fuzz breaks and hammond slams &amp; put &#039;em straight in your ears. The band also tried out some mixes that pushed the vocals or a particular instrument way up front, and of course long, low, reverberant welcomes from Edip&#039;s echo-covered voice. #nl# Remastered sound, booklet with photos and liner notes by Angela Sawyer (Weirdo Records). #nl# Tracklist: #nl# Yaralarim - Arabam Kaldi Yolda - Adam Olmak Dile Kolay - Dar Agaci - Kolum Nerden Aldin Zinciri - Ayrilik - Birak Beni - Haberin Varmi - Mehmet Emmi - Ka?larin Karasina\" \/>\n<meta property=\"og:url\" content=\"https:\/\/wpguerssen-test.odoo.rgbconsulting.com\/es\/producto\/nedir-ne-degildir-cd\/\" \/>\n<meta property=\"og:site_name\" content=\"Guerssen records\" \/>\n<meta property=\"article:modified_time\" content=\"2025-04-22T13:46:13+00:00\" \/>\n<meta property=\"og:image\" content=\"https:\/\/wpguerssen-test.odoo.rgbconsulting.com\/wp-content\/uploads\/2022\/03\/14851.jpg\" \/>\n\t<meta property=\"og:image:width\" content=\"600\" \/>\n\t<meta property=\"og:image:height\" content=\"600\" \/>\n\t<meta property=\"og:image:type\" content=\"image\/jpeg\" \/>\n<meta name=\"twitter:card\" content=\"summary_large_image\" \/>\n<meta name=\"twitter:title\" content=\"AKBAYRAM, Edip Ve DOSTLAR - Nedir Ne Degildir? (CD) -  (CD) | Guerssen\" \/>\n<script type=\"application\/ld+json\" class=\"yoast-schema-graph\">{\"@context\":\"https:\/\/schema.org\",\"@graph\":[{\"@type\":\"WebPage\",\"@id\":\"https:\/\/wpguerssen-test.odoo.rgbconsulting.com\/es\/producto\/nedir-ne-degildir-cd\/\",\"url\":\"https:\/\/wpguerssen-test.odoo.rgbconsulting.com\/es\/producto\/nedir-ne-degildir-cd\/\",\"name\":\"AKBAYRAM, Edip Ve DOSTLAR - Nedir Ne Degildir? (CD) - (CD) | Guerssen\",\"isPartOf\":{\"@id\":\"https:\/\/wpguerssen-test.odoo.rgbconsulting.com\/es\/#website\"},\"primaryImageOfPage\":{\"@id\":\"https:\/\/wpguerssen-test.odoo.rgbconsulting.com\/es\/producto\/nedir-ne-degildir-cd\/#primaryimage\"},\"image\":{\"@id\":\"https:\/\/wpguerssen-test.odoo.rgbconsulting.com\/es\/producto\/nedir-ne-degildir-cd\/#primaryimage\"},\"thumbnailUrl\":\"https:\/\/wpguerssen-test.odoo.rgbconsulting.com\/wp-content\/uploads\/2022\/03\/14851.jpg\",\"datePublished\":\"2014-09-03T22:00:00+00:00\",\"dateModified\":\"2025-04-22T13:46:13+00:00\",\"description\":\"As Turkey's political factions turned more and more violent in the late 1970s, Buscemi-eyed Edip Akbayram was nearly beaten up by rioting audiences for daring to sing about rural points of view that were naturally critical of Istanbul's political leaders. This second album of Anatolian psychedelia, originally released in 1977, showed defiance even in its gatefold art, with a drawing of the band members seeming to grow straight out the ground, covered in plant tendrils. #nl# Akbayram poached members of Mo?ollar and Bari? Man\u00e7o's Kurtalan Ekspres to get the best fuzz breaks and hammond slams & put 'em straight in your ears. The band also tried out some mixes that pushed the vocals or a particular instrument way up front, and of course long, low, reverberant welcomes from Edip's echo-covered voice. #nl# Remastered sound, booklet with photos and liner notes by Angela Sawyer (Weirdo Records). #nl# Tracklist: #nl# Yaralarim - Arabam Kaldi Yolda - Adam Olmak Dile Kolay - Dar Agaci - Kolum Nerden Aldin Zinciri - Ayrilik - Birak Beni - Haberin Varmi - Mehmet Emmi - Ka?larin Karasina\",\"breadcrumb\":{\"@id\":\"https:\/\/wpguerssen-test.odoo.rgbconsulting.com\/es\/producto\/nedir-ne-degildir-cd\/#breadcrumb\"},\"inLanguage\":\"es\",\"potentialAction\":[{\"@type\":\"ReadAction\",\"target\":[\"https:\/\/wpguerssen-test.odoo.rgbconsulting.com\/es\/producto\/nedir-ne-degildir-cd\/\"]}]},{\"@type\":\"ImageObject\",\"inLanguage\":\"es\",\"@id\":\"https:\/\/wpguerssen-test.odoo.rgbconsulting.com\/es\/producto\/nedir-ne-degildir-cd\/#primaryimage\",\"url\":\"https:\/\/wpguerssen-test.odoo.rgbconsulting.com\/wp-content\/uploads\/2022\/03\/14851.jpg\",\"contentUrl\":\"https:\/\/wpguerssen-test.odoo.rgbconsulting.com\/wp-content\/uploads\/2022\/03\/14851.jpg\",\"width\":600,\"height\":600,\"caption\":\"Edip Ve DOSTLAR - Nedir Ne Degildir? (CD) - PHARAWAY SOUNDS (CD) | Guerssen\"},{\"@type\":\"BreadcrumbList\",\"@id\":\"https:\/\/wpguerssen-test.odoo.rgbconsulting.com\/es\/producto\/nedir-ne-degildir-cd\/#breadcrumb\",\"itemListElement\":[{\"@type\":\"ListItem\",\"position\":1,\"name\":\"Inicio\",\"item\":\"https:\/\/wpguerssen-test.odoo.rgbconsulting.com\/es\/\"},{\"@type\":\"ListItem\",\"position\":2,\"name\":\"Shop\",\"item\":\"https:\/\/wpguerssen-test.odoo.rgbconsulting.com\/shop\/\"},{\"@type\":\"ListItem\",\"position\":3,\"name\":\"Nedir Ne Degildir? (CD)\"}]},{\"@type\":\"WebSite\",\"@id\":\"https:\/\/wpguerssen-test.odoo.rgbconsulting.com\/es\/#website\",\"url\":\"https:\/\/wpguerssen-test.odoo.rgbconsulting.com\/es\/\",\"name\":\"Guerssen records\",\"description\":\"psychedelia - progressive - folk - garage \",\"publisher\":{\"@id\":\"https:\/\/wpguerssen-test.odoo.rgbconsulting.com\/es\/#organization\"},\"potentialAction\":[{\"@type\":\"SearchAction\",\"target\":{\"@type\":\"EntryPoint\",\"urlTemplate\":\"https:\/\/wpguerssen-test.odoo.rgbconsulting.com\/es\/?s={search_term_string}\"},\"query-input\":{\"@type\":\"PropertyValueSpecification\",\"valueRequired\":true,\"valueName\":\"search_term_string\"}}],\"inLanguage\":\"es\"},{\"@type\":\"Organization\",\"@id\":\"https:\/\/wpguerssen-test.odoo.rgbconsulting.com\/es\/#organization\",\"name\":\"Guerssen records\",\"url\":\"https:\/\/wpguerssen-test.odoo.rgbconsulting.com\/es\/\",\"logo\":{\"@type\":\"ImageObject\",\"inLanguage\":\"es\",\"@id\":\"https:\/\/wpguerssen-test.odoo.rgbconsulting.com\/es\/#\/schema\/logo\/image\/\",\"url\":\"https:\/\/wpguerssen-test.odoo.rgbconsulting.com\/wp-content\/uploads\/2022\/04\/Logo_Guerssen_trans_100.png\",\"contentUrl\":\"https:\/\/wpguerssen-test.odoo.rgbconsulting.com\/wp-content\/uploads\/2022\/04\/Logo_Guerssen_trans_100.png\",\"width\":122,\"height\":100,\"caption\":\"Guerssen records\"},\"image\":{\"@id\":\"https:\/\/wpguerssen-test.odoo.rgbconsulting.com\/es\/#\/schema\/logo\/image\/\"}}]}<\/script>\n<!-- \/ Yoast SEO plugin. -->","yoast_head_json":{"title":"AKBAYRAM, Edip Ve DOSTLAR - Nedir Ne Degildir? (CD) -  (CD) | Guerssen","description":"As Turkey's political factions turned more and more violent in the late 1970s, Buscemi-eyed Edip Akbayram was nearly beaten up by rioting audiences for daring to sing about rural points of view that were naturally critical of Istanbul's political leaders. This second album of Anatolian psychedelia, originally released in 1977, showed defiance even in its gatefold art, with a drawing of the band members seeming to grow straight out the ground, covered in plant tendrils. #nl# Akbayram poached members of Mo?ollar and Bari? Man\u00e7o's Kurtalan Ekspres to get the best fuzz breaks and hammond slams & put 'em straight in your ears. The band also tried out some mixes that pushed the vocals or a particular instrument way up front, and of course long, low, reverberant welcomes from Edip's echo-covered voice. #nl# Remastered sound, booklet with photos and liner notes by Angela Sawyer (Weirdo Records). #nl# Tracklist: #nl# Yaralarim - Arabam Kaldi Yolda - Adam Olmak Dile Kolay - Dar Agaci - Kolum Nerden Aldin Zinciri - Ayrilik - Birak Beni - Haberin Varmi - Mehmet Emmi - Ka?larin Karasina","robots":{"index":"index","follow":"follow","max-snippet":"max-snippet:-1","max-image-preview":"max-image-preview:large","max-video-preview":"max-video-preview:-1"},"canonical":"https:\/\/wpguerssen-test.odoo.rgbconsulting.com\/es\/producto\/nedir-ne-degildir-cd\/","og_locale":"es_ES","og_type":"article","og_title":"AKBAYRAM, Edip Ve DOSTLAR - Nedir Ne Degildir? (CD) -  (CD) | Guerssen","og_description":"As Turkey's political factions turned more and more violent in the late 1970s, Buscemi-eyed Edip Akbayram was nearly beaten up by rioting audiences for daring to sing about rural points of view that were naturally critical of Istanbul's political leaders. This second album of Anatolian psychedelia, originally released in 1977, showed defiance even in its gatefold art, with a drawing of the band members seeming to grow straight out the ground, covered in plant tendrils. #nl# Akbayram poached members of Mo?ollar and Bari? Man\u00e7o's Kurtalan Ekspres to get the best fuzz breaks and hammond slams & put 'em straight in your ears. The band also tried out some mixes that pushed the vocals or a particular instrument way up front, and of course long, low, reverberant welcomes from Edip's echo-covered voice. #nl# Remastered sound, booklet with photos and liner notes by Angela Sawyer (Weirdo Records). #nl# Tracklist: #nl# Yaralarim - Arabam Kaldi Yolda - Adam Olmak Dile Kolay - Dar Agaci - Kolum Nerden Aldin Zinciri - Ayrilik - Birak Beni - Haberin Varmi - Mehmet Emmi - Ka?larin Karasina","og_url":"https:\/\/wpguerssen-test.odoo.rgbconsulting.com\/es\/producto\/nedir-ne-degildir-cd\/","og_site_name":"Guerssen records","article_modified_time":"2025-04-22T13:46:13+00:00","og_image":[{"width":600,"height":600,"url":"https:\/\/wpguerssen-test.odoo.rgbconsulting.com\/wp-content\/uploads\/2022\/03\/14851.jpg","type":"image\/jpeg"}],"twitter_card":"summary_large_image","twitter_title":"AKBAYRAM, Edip Ve DOSTLAR - Nedir Ne Degildir? (CD) -  (CD) | Guerssen","schema":{"@context":"https:\/\/schema.org","@graph":[{"@type":"WebPage","@id":"https:\/\/wpguerssen-test.odoo.rgbconsulting.com\/es\/producto\/nedir-ne-degildir-cd\/","url":"https:\/\/wpguerssen-test.odoo.rgbconsulting.com\/es\/producto\/nedir-ne-degildir-cd\/","name":"AKBAYRAM, Edip Ve DOSTLAR - Nedir Ne Degildir? (CD) - (CD) | Guerssen","isPartOf":{"@id":"https:\/\/wpguerssen-test.odoo.rgbconsulting.com\/es\/#website"},"primaryImageOfPage":{"@id":"https:\/\/wpguerssen-test.odoo.rgbconsulting.com\/es\/producto\/nedir-ne-degildir-cd\/#primaryimage"},"image":{"@id":"https:\/\/wpguerssen-test.odoo.rgbconsulting.com\/es\/producto\/nedir-ne-degildir-cd\/#primaryimage"},"thumbnailUrl":"https:\/\/wpguerssen-test.odoo.rgbconsulting.com\/wp-content\/uploads\/2022\/03\/14851.jpg","datePublished":"2014-09-03T22:00:00+00:00","dateModified":"2025-04-22T13:46:13+00:00","description":"As Turkey's political factions turned more and more violent in the late 1970s, Buscemi-eyed Edip Akbayram was nearly beaten up by rioting audiences for daring to sing about rural points of view that were naturally critical of Istanbul's political leaders. This second album of Anatolian psychedelia, originally released in 1977, showed defiance even in its gatefold art, with a drawing of the band members seeming to grow straight out the ground, covered in plant tendrils. #nl# Akbayram poached members of Mo?ollar and Bari? Man\u00e7o's Kurtalan Ekspres to get the best fuzz breaks and hammond slams & put 'em straight in your ears. The band also tried out some mixes that pushed the vocals or a particular instrument way up front, and of course long, low, reverberant welcomes from Edip's echo-covered voice. #nl# Remastered sound, booklet with photos and liner notes by Angela Sawyer (Weirdo Records). #nl# Tracklist: #nl# Yaralarim - Arabam Kaldi Yolda - Adam Olmak Dile Kolay - Dar Agaci - Kolum Nerden Aldin Zinciri - Ayrilik - Birak Beni - Haberin Varmi - Mehmet Emmi - Ka?larin Karasina","breadcrumb":{"@id":"https:\/\/wpguerssen-test.odoo.rgbconsulting.com\/es\/producto\/nedir-ne-degildir-cd\/#breadcrumb"},"inLanguage":"es","potentialAction":[{"@type":"ReadAction","target":["https:\/\/wpguerssen-test.odoo.rgbconsulting.com\/es\/producto\/nedir-ne-degildir-cd\/"]}]},{"@type":"ImageObject","inLanguage":"es","@id":"https:\/\/wpguerssen-test.odoo.rgbconsulting.com\/es\/producto\/nedir-ne-degildir-cd\/#primaryimage","url":"https:\/\/wpguerssen-test.odoo.rgbconsulting.com\/wp-content\/uploads\/2022\/03\/14851.jpg","contentUrl":"https:\/\/wpguerssen-test.odoo.rgbconsulting.com\/wp-content\/uploads\/2022\/03\/14851.jpg","width":600,"height":600,"caption":"Edip Ve DOSTLAR - Nedir Ne Degildir? (CD) - PHARAWAY SOUNDS (CD) | Guerssen"},{"@type":"BreadcrumbList","@id":"https:\/\/wpguerssen-test.odoo.rgbconsulting.com\/es\/producto\/nedir-ne-degildir-cd\/#breadcrumb","itemListElement":[{"@type":"ListItem","position":1,"name":"Inicio","item":"https:\/\/wpguerssen-test.odoo.rgbconsulting.com\/es\/"},{"@type":"ListItem","position":2,"name":"Shop","item":"https:\/\/wpguerssen-test.odoo.rgbconsulting.com\/shop\/"},{"@type":"ListItem","position":3,"name":"Nedir Ne Degildir? (CD)"}]},{"@type":"WebSite","@id":"https:\/\/wpguerssen-test.odoo.rgbconsulting.com\/es\/#website","url":"https:\/\/wpguerssen-test.odoo.rgbconsulting.com\/es\/","name":"Guerssen records","description":"psychedelia - progressive - folk - garage ","publisher":{"@id":"https:\/\/wpguerssen-test.odoo.rgbconsulting.com\/es\/#organization"},"potentialAction":[{"@type":"SearchAction","target":{"@type":"EntryPoint","urlTemplate":"https:\/\/wpguerssen-test.odoo.rgbconsulting.com\/es\/?s={search_term_string}"},"query-input":{"@type":"PropertyValueSpecification","valueRequired":true,"valueName":"search_term_string"}}],"inLanguage":"es"},{"@type":"Organization","@id":"https:\/\/wpguerssen-test.odoo.rgbconsulting.com\/es\/#organization","name":"Guerssen records","url":"https:\/\/wpguerssen-test.odoo.rgbconsulting.com\/es\/","logo":{"@type":"ImageObject","inLanguage":"es","@id":"https:\/\/wpguerssen-test.odoo.rgbconsulting.com\/es\/#\/schema\/logo\/image\/","url":"https:\/\/wpguerssen-test.odoo.rgbconsulting.com\/wp-content\/uploads\/2022\/04\/Logo_Guerssen_trans_100.png","contentUrl":"https:\/\/wpguerssen-test.odoo.rgbconsulting.com\/wp-content\/uploads\/2022\/04\/Logo_Guerssen_trans_100.png","width":122,"height":100,"caption":"Guerssen records"},"image":{"@id":"https:\/\/wpguerssen-test.odoo.rgbconsulting.com\/es\/#\/schema\/logo\/image\/"}}]}},"_links":{"self":[{"href":"https:\/\/wpguerssen-test.odoo.rgbconsulting.com\/es\/wp-json\/wp\/v2\/product\/178475","targetHints":{"allow":["GET"]}}],"collection":[{"href":"https:\/\/wpguerssen-test.odoo.rgbconsulting.com\/es\/wp-json\/wp\/v2\/product"}],"about":[{"href":"https:\/\/wpguerssen-test.odoo.rgbconsulting.com\/es\/wp-json\/wp\/v2\/types\/product"}],"wp:featuredmedia":[{"embeddable":true,"href":"https:\/\/wpguerssen-test.odoo.rgbconsulting.com\/es\/wp-json\/wp\/v2\/media\/114402"}],"wp:attachment":[{"href":"https:\/\/wpguerssen-test.odoo.rgbconsulting.com\/es\/wp-json\/wp\/v2\/media?parent=178475"}],"wp:term":[{"taxonomy":"product_brand","embeddable":true,"href":"https:\/\/wpguerssen-test.odoo.rgbconsulting.com\/es\/wp-json\/wp\/v2\/product_brand?post=178475"},{"taxonomy":"product_cat","embeddable":true,"href":"https:\/\/wpguerssen-test.odoo.rgbconsulting.com\/es\/wp-json\/wp\/v2\/product_cat?post=178475"},{"taxonomy":"product_tag","embeddable":true,"href":"https:\/\/wpguerssen-test.odoo.rgbconsulting.com\/es\/wp-json\/wp\/v2\/product_tag?post=178475"}],"curies":[{"name":"wp","href":"https:\/\/api.w.org\/{rel}","templated":true}]}}