{"id":178480,"date":"2014-07-14T00:00:00","date_gmt":"2014-07-13T22:00:00","guid":{"rendered":"http:\/\/guerssen.hl1097.dinaserver.com\/product\/classic-epics-cd\/"},"modified":"2025-03-04T15:22:57","modified_gmt":"2025-03-04T14:22:57","slug":"classic-epics-cd","status":"publish","type":"product","link":"https:\/\/wpguerssen-test.odoo.rgbconsulting.com\/es\/producto\/classic-epics-cd\/","title":{"rendered":"Classic Epics (CD)"},"content":{"rendered":"<p>Steve Linnegar es una figura legendaria dentro de la escena underground de Sud\u00e1frica. Pintor, m\u00fasico, experto en arte marciales y filosof\u00edas orientales&#8230;El \u00abrey de los hippies de Cape Town\u00bb form\u00f3 Snakeshed durante los 70 junto al virtuoso guitarrista Martin Kopelowitz y el organista \/ productor Peter Hubber. Tras rechazar ofertas de diversos sellos que los obligaban a ser m\u00e1s comerciales, decidieron editar su primer disco de forma privada. En 1982 vi\u00f3 la luz \u00abClassic Epics\u00bb, sin duda la joya de la corona dentro de la escena psicod\u00e9lico-progresiva de Sud\u00e1frica.<br \/>A pesar de la fecha, musicalmente suena totalmente 70s, mel\u00f3dica y suave voz, punzante guitarra a lo David Gilmour, teclados&#8230;culminando el en s\u00faper-psicod\u00e9lico \u00abDesert\u00bb, una suite de 14 minutos. Como bien dice Paul Major \u00abUn cruce entre Marcus y Pink Floyd\u00bb. <\/p>\n<p> Por primera vez reeditado de las cintas originales, booklet con notas por Aaron Milenski (Acid Archives) y raras fotos. Portada abierta como el original  <\/p>\n<p> Tracklist: <\/p>\n<p> Tao Ch&#8217;ang Wu Wei  &#8211; Monitoring &#8211; Kamakura Dragons &#8211; Lamplight Shines &#8211; Desert &#8211; Cry<\/p>\n","protected":false},"excerpt":{"rendered":"<p>Steve Linnegar es una figura legendaria dentro de la escena underground de Sud\u00e1frica. Pintor, m\u00fasico, experto en arte marciales y filosof\u00edas orientales&#8230;El<a class=\"read\" href=\"https:\/\/wpguerssen-test.odoo.rgbconsulting.com\/es\/producto\/classic-epics-cd\/\"> (...)<\/a>","protected":false},"featured_media":114413,"template":"","meta":{"_acf_changed":false},"product_brand":[],"product_cat":[21688,21677],"product_tag":[29138],"class_list":{"0":"post-178480","1":"product","2":"type-product","3":"status-publish","4":"has-post-thumbnail","6":"product_cat-psychedelic80s-90s-es","7":"product_cat-progressive80s-90s-es","8":"product_tag-cd-es","9":"pa_artist-linnegars-snakeshed-steve-es","10":"pa_format-cd-2-es","11":"pa_gender-psychedelic80s-90s-progressive80s-90s","12":"pa_label-guerssen-es","13":"pa_location-africa-es","15":"first","16":"instock","17":"taxable","18":"shipping-taxable","19":"purchasable","20":"product-type-simple"},"acf":[],"yoast_head":"<!-- This site is optimized with the Yoast SEO plugin v24.9 - https:\/\/yoast.com\/wordpress\/plugins\/seo\/ -->\n<title>LINNEGAR&#039;S SNAKESHED, Steve - Classic Epics (CD) -  (CD) | Guerssen<\/title>\n<meta name=\"description\" content=\"Steve Linnegar was an accomplished songwriter, musician, painter and martial arts disciple. A legendary figure from the South African 60s-70s underground music scene, the &quot;hippie king of Cape Town&quot; formed the Snakeshed band in the 70s along with top guitar player Martin Kopelowitz. Refusing offers from some record labels who insisted they should go &quot;commercial&quot;, they decided to record and release their first album, &quot;Classic Epics&quot;, all by themselves with collaborations from keyboard player \/ producer Peter Hubner and legendary session guitar player Jehtro Butow. #nl# Released in 1982 on their own private label, this is one of South African Prog\/Psych crown jewels. Layers of acoustic \/ electric guitars, Gilmour-alike guitar solos, ultra-melodic vocals, effects, cool Oriental-Tao inspired lyrics...Culminating on the haunting 14-minutes long &quot;Desert&quot;.For the first time remastered from the original tapes.Booklet with rare photos and liner notes by Aaron Milenski (Acid Archives). #nl# &quot;Mysterious psych prog monster LP which gets better &amp; better...Dreamy organ &amp; soaring fuzz leads, at times like a cross between Marcus &amp; Pink Floyd with folk elements &amp; melodics all over the rhythmic grooves. Eastern tinged lyrics &amp; samurai charging vocals which float amidst the pools of organ &amp; catch late Beatle harmonic embers&quot; - Paul Major #nl# &quot;Terrific flowing westcoasty 70s rock with deep psych atmospheres on the 14-minute &quot;Desert&quot; - Patrick Lundborg (Lysergia.com) #nl# Tracklist:Tao Ch&#039;ang Wu Wei - Monitoring - Kamakura Dragons - Lamplight Shines - Desert - Cry\" \/>\n<meta name=\"robots\" content=\"index, follow, max-snippet:-1, max-image-preview:large, max-video-preview:-1\" \/>\n<link rel=\"canonical\" href=\"https:\/\/wpguerssen-test.odoo.rgbconsulting.com\/es\/producto\/classic-epics-cd\/\" \/>\n<meta property=\"og:locale\" content=\"es_ES\" \/>\n<meta property=\"og:type\" content=\"article\" \/>\n<meta property=\"og:title\" content=\"LINNEGAR&#039;S SNAKESHED, Steve - Classic Epics (CD) -  (CD) | Guerssen\" \/>\n<meta property=\"og:description\" content=\"Steve Linnegar was an accomplished songwriter, musician, painter and martial arts disciple. A legendary figure from the South African 60s-70s underground music scene, the &quot;hippie king of Cape Town&quot; formed the Snakeshed band in the 70s along with top guitar player Martin Kopelowitz. Refusing offers from some record labels who insisted they should go &quot;commercial&quot;, they decided to record and release their first album, &quot;Classic Epics&quot;, all by themselves with collaborations from keyboard player \/ producer Peter Hubner and legendary session guitar player Jehtro Butow. #nl# Released in 1982 on their own private label, this is one of South African Prog\/Psych crown jewels. Layers of acoustic \/ electric guitars, Gilmour-alike guitar solos, ultra-melodic vocals, effects, cool Oriental-Tao inspired lyrics...Culminating on the haunting 14-minutes long &quot;Desert&quot;.For the first time remastered from the original tapes.Booklet with rare photos and liner notes by Aaron Milenski (Acid Archives). #nl# &quot;Mysterious psych prog monster LP which gets better &amp; better...Dreamy organ &amp; soaring fuzz leads, at times like a cross between Marcus &amp; Pink Floyd with folk elements &amp; melodics all over the rhythmic grooves. Eastern tinged lyrics &amp; samurai charging vocals which float amidst the pools of organ &amp; catch late Beatle harmonic embers&quot; - Paul Major #nl# &quot;Terrific flowing westcoasty 70s rock with deep psych atmospheres on the 14-minute &quot;Desert&quot; - Patrick Lundborg (Lysergia.com) #nl# Tracklist:Tao Ch&#039;ang Wu Wei - Monitoring - Kamakura Dragons - Lamplight Shines - Desert - Cry\" \/>\n<meta property=\"og:url\" content=\"https:\/\/wpguerssen-test.odoo.rgbconsulting.com\/es\/producto\/classic-epics-cd\/\" \/>\n<meta property=\"og:site_name\" content=\"Guerssen records\" \/>\n<meta property=\"article:modified_time\" content=\"2025-03-04T14:22:57+00:00\" \/>\n<meta property=\"og:image\" content=\"https:\/\/wpguerssen-test.odoo.rgbconsulting.com\/wp-content\/uploads\/2022\/03\/14857.jpg\" \/>\n\t<meta property=\"og:image:width\" content=\"600\" \/>\n\t<meta property=\"og:image:height\" content=\"600\" \/>\n\t<meta property=\"og:image:type\" content=\"image\/jpeg\" \/>\n<meta name=\"twitter:card\" content=\"summary_large_image\" \/>\n<meta name=\"twitter:title\" content=\"LINNEGAR&#039;S SNAKESHED, Steve - Classic Epics (CD) -  (CD) | Guerssen\" \/>\n<meta name=\"twitter:label1\" content=\"Tiempo de lectura\" \/>\n\t<meta name=\"twitter:data1\" content=\"1 minuto\" \/>\n<script type=\"application\/ld+json\" class=\"yoast-schema-graph\">{\"@context\":\"https:\/\/schema.org\",\"@graph\":[{\"@type\":\"WebPage\",\"@id\":\"https:\/\/wpguerssen-test.odoo.rgbconsulting.com\/es\/producto\/classic-epics-cd\/\",\"url\":\"https:\/\/wpguerssen-test.odoo.rgbconsulting.com\/es\/producto\/classic-epics-cd\/\",\"name\":\"LINNEGAR'S SNAKESHED, Steve - Classic Epics (CD) - (CD) | Guerssen\",\"isPartOf\":{\"@id\":\"https:\/\/wpguerssen-test.odoo.rgbconsulting.com\/es\/#website\"},\"primaryImageOfPage\":{\"@id\":\"https:\/\/wpguerssen-test.odoo.rgbconsulting.com\/es\/producto\/classic-epics-cd\/#primaryimage\"},\"image\":{\"@id\":\"https:\/\/wpguerssen-test.odoo.rgbconsulting.com\/es\/producto\/classic-epics-cd\/#primaryimage\"},\"thumbnailUrl\":\"https:\/\/wpguerssen-test.odoo.rgbconsulting.com\/wp-content\/uploads\/2022\/03\/14857.jpg\",\"datePublished\":\"2014-07-13T22:00:00+00:00\",\"dateModified\":\"2025-03-04T14:22:57+00:00\",\"description\":\"Steve Linnegar was an accomplished songwriter, musician, painter and martial arts disciple. A legendary figure from the South African 60s-70s underground music scene, the \\\"hippie king of Cape Town\\\" formed the Snakeshed band in the 70s along with top guitar player Martin Kopelowitz. Refusing offers from some record labels who insisted they should go \\\"commercial\\\", they decided to record and release their first album, \\\"Classic Epics\\\", all by themselves with collaborations from keyboard player \/ producer Peter Hubner and legendary session guitar player Jehtro Butow. #nl# Released in 1982 on their own private label, this is one of South African Prog\/Psych crown jewels. Layers of acoustic \/ electric guitars, Gilmour-alike guitar solos, ultra-melodic vocals, effects, cool Oriental-Tao inspired lyrics...Culminating on the haunting 14-minutes long \\\"Desert\\\".For the first time remastered from the original tapes.Booklet with rare photos and liner notes by Aaron Milenski (Acid Archives). #nl# \\\"Mysterious psych prog monster LP which gets better & better...Dreamy organ & soaring fuzz leads, at times like a cross between Marcus & Pink Floyd with folk elements & melodics all over the rhythmic grooves. Eastern tinged lyrics & samurai charging vocals which float amidst the pools of organ & catch late Beatle harmonic embers\\\" - Paul Major #nl# \\\"Terrific flowing westcoasty 70s rock with deep psych atmospheres on the 14-minute \\\"Desert\\\" - Patrick Lundborg (Lysergia.com) #nl# Tracklist:Tao Ch'ang Wu Wei - Monitoring - Kamakura Dragons - Lamplight Shines - Desert - Cry\",\"breadcrumb\":{\"@id\":\"https:\/\/wpguerssen-test.odoo.rgbconsulting.com\/es\/producto\/classic-epics-cd\/#breadcrumb\"},\"inLanguage\":\"es\",\"potentialAction\":[{\"@type\":\"ReadAction\",\"target\":[\"https:\/\/wpguerssen-test.odoo.rgbconsulting.com\/es\/producto\/classic-epics-cd\/\"]}]},{\"@type\":\"ImageObject\",\"inLanguage\":\"es\",\"@id\":\"https:\/\/wpguerssen-test.odoo.rgbconsulting.com\/es\/producto\/classic-epics-cd\/#primaryimage\",\"url\":\"https:\/\/wpguerssen-test.odoo.rgbconsulting.com\/wp-content\/uploads\/2022\/03\/14857.jpg\",\"contentUrl\":\"https:\/\/wpguerssen-test.odoo.rgbconsulting.com\/wp-content\/uploads\/2022\/03\/14857.jpg\",\"width\":600,\"height\":600,\"caption\":\"Steve - Classic Epics (CD) - GUERSSEN (CD) | Guerssen\"},{\"@type\":\"BreadcrumbList\",\"@id\":\"https:\/\/wpguerssen-test.odoo.rgbconsulting.com\/es\/producto\/classic-epics-cd\/#breadcrumb\",\"itemListElement\":[{\"@type\":\"ListItem\",\"position\":1,\"name\":\"Inicio\",\"item\":\"https:\/\/wpguerssen-test.odoo.rgbconsulting.com\/es\/\"},{\"@type\":\"ListItem\",\"position\":2,\"name\":\"Shop\",\"item\":\"https:\/\/wpguerssen-test.odoo.rgbconsulting.com\/shop\/\"},{\"@type\":\"ListItem\",\"position\":3,\"name\":\"Classic Epics (CD)\"}]},{\"@type\":\"WebSite\",\"@id\":\"https:\/\/wpguerssen-test.odoo.rgbconsulting.com\/es\/#website\",\"url\":\"https:\/\/wpguerssen-test.odoo.rgbconsulting.com\/es\/\",\"name\":\"Guerssen records\",\"description\":\"psychedelia - progressive - folk - garage \",\"publisher\":{\"@id\":\"https:\/\/wpguerssen-test.odoo.rgbconsulting.com\/es\/#organization\"},\"potentialAction\":[{\"@type\":\"SearchAction\",\"target\":{\"@type\":\"EntryPoint\",\"urlTemplate\":\"https:\/\/wpguerssen-test.odoo.rgbconsulting.com\/es\/?s={search_term_string}\"},\"query-input\":{\"@type\":\"PropertyValueSpecification\",\"valueRequired\":true,\"valueName\":\"search_term_string\"}}],\"inLanguage\":\"es\"},{\"@type\":\"Organization\",\"@id\":\"https:\/\/wpguerssen-test.odoo.rgbconsulting.com\/es\/#organization\",\"name\":\"Guerssen records\",\"url\":\"https:\/\/wpguerssen-test.odoo.rgbconsulting.com\/es\/\",\"logo\":{\"@type\":\"ImageObject\",\"inLanguage\":\"es\",\"@id\":\"https:\/\/wpguerssen-test.odoo.rgbconsulting.com\/es\/#\/schema\/logo\/image\/\",\"url\":\"https:\/\/wpguerssen-test.odoo.rgbconsulting.com\/wp-content\/uploads\/2022\/04\/Logo_Guerssen_trans_100.png\",\"contentUrl\":\"https:\/\/wpguerssen-test.odoo.rgbconsulting.com\/wp-content\/uploads\/2022\/04\/Logo_Guerssen_trans_100.png\",\"width\":122,\"height\":100,\"caption\":\"Guerssen records\"},\"image\":{\"@id\":\"https:\/\/wpguerssen-test.odoo.rgbconsulting.com\/es\/#\/schema\/logo\/image\/\"}}]}<\/script>\n<!-- \/ Yoast SEO plugin. -->","yoast_head_json":{"title":"LINNEGAR'S SNAKESHED, Steve - Classic Epics (CD) -  (CD) | Guerssen","description":"Steve Linnegar was an accomplished songwriter, musician, painter and martial arts disciple. A legendary figure from the South African 60s-70s underground music scene, the \"hippie king of Cape Town\" formed the Snakeshed band in the 70s along with top guitar player Martin Kopelowitz. Refusing offers from some record labels who insisted they should go \"commercial\", they decided to record and release their first album, \"Classic Epics\", all by themselves with collaborations from keyboard player \/ producer Peter Hubner and legendary session guitar player Jehtro Butow. #nl# Released in 1982 on their own private label, this is one of South African Prog\/Psych crown jewels. Layers of acoustic \/ electric guitars, Gilmour-alike guitar solos, ultra-melodic vocals, effects, cool Oriental-Tao inspired lyrics...Culminating on the haunting 14-minutes long \"Desert\".For the first time remastered from the original tapes.Booklet with rare photos and liner notes by Aaron Milenski (Acid Archives). #nl# \"Mysterious psych prog monster LP which gets better & better...Dreamy organ & soaring fuzz leads, at times like a cross between Marcus & Pink Floyd with folk elements & melodics all over the rhythmic grooves. Eastern tinged lyrics & samurai charging vocals which float amidst the pools of organ & catch late Beatle harmonic embers\" - Paul Major #nl# \"Terrific flowing westcoasty 70s rock with deep psych atmospheres on the 14-minute \"Desert\" - Patrick Lundborg (Lysergia.com) #nl# Tracklist:Tao Ch'ang Wu Wei - Monitoring - Kamakura Dragons - Lamplight Shines - Desert - Cry","robots":{"index":"index","follow":"follow","max-snippet":"max-snippet:-1","max-image-preview":"max-image-preview:large","max-video-preview":"max-video-preview:-1"},"canonical":"https:\/\/wpguerssen-test.odoo.rgbconsulting.com\/es\/producto\/classic-epics-cd\/","og_locale":"es_ES","og_type":"article","og_title":"LINNEGAR'S SNAKESHED, Steve - Classic Epics (CD) -  (CD) | Guerssen","og_description":"Steve Linnegar was an accomplished songwriter, musician, painter and martial arts disciple. A legendary figure from the South African 60s-70s underground music scene, the \"hippie king of Cape Town\" formed the Snakeshed band in the 70s along with top guitar player Martin Kopelowitz. Refusing offers from some record labels who insisted they should go \"commercial\", they decided to record and release their first album, \"Classic Epics\", all by themselves with collaborations from keyboard player \/ producer Peter Hubner and legendary session guitar player Jehtro Butow. #nl# Released in 1982 on their own private label, this is one of South African Prog\/Psych crown jewels. Layers of acoustic \/ electric guitars, Gilmour-alike guitar solos, ultra-melodic vocals, effects, cool Oriental-Tao inspired lyrics...Culminating on the haunting 14-minutes long \"Desert\".For the first time remastered from the original tapes.Booklet with rare photos and liner notes by Aaron Milenski (Acid Archives). #nl# \"Mysterious psych prog monster LP which gets better & better...Dreamy organ & soaring fuzz leads, at times like a cross between Marcus & Pink Floyd with folk elements & melodics all over the rhythmic grooves. Eastern tinged lyrics & samurai charging vocals which float amidst the pools of organ & catch late Beatle harmonic embers\" - Paul Major #nl# \"Terrific flowing westcoasty 70s rock with deep psych atmospheres on the 14-minute \"Desert\" - Patrick Lundborg (Lysergia.com) #nl# Tracklist:Tao Ch'ang Wu Wei - Monitoring - Kamakura Dragons - Lamplight Shines - Desert - Cry","og_url":"https:\/\/wpguerssen-test.odoo.rgbconsulting.com\/es\/producto\/classic-epics-cd\/","og_site_name":"Guerssen records","article_modified_time":"2025-03-04T14:22:57+00:00","og_image":[{"width":600,"height":600,"url":"https:\/\/wpguerssen-test.odoo.rgbconsulting.com\/wp-content\/uploads\/2022\/03\/14857.jpg","type":"image\/jpeg"}],"twitter_card":"summary_large_image","twitter_title":"LINNEGAR'S SNAKESHED, Steve - Classic Epics (CD) -  (CD) | Guerssen","twitter_misc":{"Tiempo de lectura":"1 minuto"},"schema":{"@context":"https:\/\/schema.org","@graph":[{"@type":"WebPage","@id":"https:\/\/wpguerssen-test.odoo.rgbconsulting.com\/es\/producto\/classic-epics-cd\/","url":"https:\/\/wpguerssen-test.odoo.rgbconsulting.com\/es\/producto\/classic-epics-cd\/","name":"LINNEGAR'S SNAKESHED, Steve - Classic Epics (CD) - (CD) | Guerssen","isPartOf":{"@id":"https:\/\/wpguerssen-test.odoo.rgbconsulting.com\/es\/#website"},"primaryImageOfPage":{"@id":"https:\/\/wpguerssen-test.odoo.rgbconsulting.com\/es\/producto\/classic-epics-cd\/#primaryimage"},"image":{"@id":"https:\/\/wpguerssen-test.odoo.rgbconsulting.com\/es\/producto\/classic-epics-cd\/#primaryimage"},"thumbnailUrl":"https:\/\/wpguerssen-test.odoo.rgbconsulting.com\/wp-content\/uploads\/2022\/03\/14857.jpg","datePublished":"2014-07-13T22:00:00+00:00","dateModified":"2025-03-04T14:22:57+00:00","description":"Steve Linnegar was an accomplished songwriter, musician, painter and martial arts disciple. A legendary figure from the South African 60s-70s underground music scene, the \"hippie king of Cape Town\" formed the Snakeshed band in the 70s along with top guitar player Martin Kopelowitz. Refusing offers from some record labels who insisted they should go \"commercial\", they decided to record and release their first album, \"Classic Epics\", all by themselves with collaborations from keyboard player \/ producer Peter Hubner and legendary session guitar player Jehtro Butow. #nl# Released in 1982 on their own private label, this is one of South African Prog\/Psych crown jewels. Layers of acoustic \/ electric guitars, Gilmour-alike guitar solos, ultra-melodic vocals, effects, cool Oriental-Tao inspired lyrics...Culminating on the haunting 14-minutes long \"Desert\".For the first time remastered from the original tapes.Booklet with rare photos and liner notes by Aaron Milenski (Acid Archives). #nl# \"Mysterious psych prog monster LP which gets better & better...Dreamy organ & soaring fuzz leads, at times like a cross between Marcus & Pink Floyd with folk elements & melodics all over the rhythmic grooves. Eastern tinged lyrics & samurai charging vocals which float amidst the pools of organ & catch late Beatle harmonic embers\" - Paul Major #nl# \"Terrific flowing westcoasty 70s rock with deep psych atmospheres on the 14-minute \"Desert\" - Patrick Lundborg (Lysergia.com) #nl# Tracklist:Tao Ch'ang Wu Wei - Monitoring - Kamakura Dragons - Lamplight Shines - Desert - Cry","breadcrumb":{"@id":"https:\/\/wpguerssen-test.odoo.rgbconsulting.com\/es\/producto\/classic-epics-cd\/#breadcrumb"},"inLanguage":"es","potentialAction":[{"@type":"ReadAction","target":["https:\/\/wpguerssen-test.odoo.rgbconsulting.com\/es\/producto\/classic-epics-cd\/"]}]},{"@type":"ImageObject","inLanguage":"es","@id":"https:\/\/wpguerssen-test.odoo.rgbconsulting.com\/es\/producto\/classic-epics-cd\/#primaryimage","url":"https:\/\/wpguerssen-test.odoo.rgbconsulting.com\/wp-content\/uploads\/2022\/03\/14857.jpg","contentUrl":"https:\/\/wpguerssen-test.odoo.rgbconsulting.com\/wp-content\/uploads\/2022\/03\/14857.jpg","width":600,"height":600,"caption":"Steve - Classic Epics (CD) - GUERSSEN (CD) | Guerssen"},{"@type":"BreadcrumbList","@id":"https:\/\/wpguerssen-test.odoo.rgbconsulting.com\/es\/producto\/classic-epics-cd\/#breadcrumb","itemListElement":[{"@type":"ListItem","position":1,"name":"Inicio","item":"https:\/\/wpguerssen-test.odoo.rgbconsulting.com\/es\/"},{"@type":"ListItem","position":2,"name":"Shop","item":"https:\/\/wpguerssen-test.odoo.rgbconsulting.com\/shop\/"},{"@type":"ListItem","position":3,"name":"Classic Epics (CD)"}]},{"@type":"WebSite","@id":"https:\/\/wpguerssen-test.odoo.rgbconsulting.com\/es\/#website","url":"https:\/\/wpguerssen-test.odoo.rgbconsulting.com\/es\/","name":"Guerssen records","description":"psychedelia - progressive - folk - garage ","publisher":{"@id":"https:\/\/wpguerssen-test.odoo.rgbconsulting.com\/es\/#organization"},"potentialAction":[{"@type":"SearchAction","target":{"@type":"EntryPoint","urlTemplate":"https:\/\/wpguerssen-test.odoo.rgbconsulting.com\/es\/?s={search_term_string}"},"query-input":{"@type":"PropertyValueSpecification","valueRequired":true,"valueName":"search_term_string"}}],"inLanguage":"es"},{"@type":"Organization","@id":"https:\/\/wpguerssen-test.odoo.rgbconsulting.com\/es\/#organization","name":"Guerssen records","url":"https:\/\/wpguerssen-test.odoo.rgbconsulting.com\/es\/","logo":{"@type":"ImageObject","inLanguage":"es","@id":"https:\/\/wpguerssen-test.odoo.rgbconsulting.com\/es\/#\/schema\/logo\/image\/","url":"https:\/\/wpguerssen-test.odoo.rgbconsulting.com\/wp-content\/uploads\/2022\/04\/Logo_Guerssen_trans_100.png","contentUrl":"https:\/\/wpguerssen-test.odoo.rgbconsulting.com\/wp-content\/uploads\/2022\/04\/Logo_Guerssen_trans_100.png","width":122,"height":100,"caption":"Guerssen records"},"image":{"@id":"https:\/\/wpguerssen-test.odoo.rgbconsulting.com\/es\/#\/schema\/logo\/image\/"}}]}},"_links":{"self":[{"href":"https:\/\/wpguerssen-test.odoo.rgbconsulting.com\/es\/wp-json\/wp\/v2\/product\/178480","targetHints":{"allow":["GET"]}}],"collection":[{"href":"https:\/\/wpguerssen-test.odoo.rgbconsulting.com\/es\/wp-json\/wp\/v2\/product"}],"about":[{"href":"https:\/\/wpguerssen-test.odoo.rgbconsulting.com\/es\/wp-json\/wp\/v2\/types\/product"}],"wp:featuredmedia":[{"embeddable":true,"href":"https:\/\/wpguerssen-test.odoo.rgbconsulting.com\/es\/wp-json\/wp\/v2\/media\/114413"}],"wp:attachment":[{"href":"https:\/\/wpguerssen-test.odoo.rgbconsulting.com\/es\/wp-json\/wp\/v2\/media?parent=178480"}],"wp:term":[{"taxonomy":"product_brand","embeddable":true,"href":"https:\/\/wpguerssen-test.odoo.rgbconsulting.com\/es\/wp-json\/wp\/v2\/product_brand?post=178480"},{"taxonomy":"product_cat","embeddable":true,"href":"https:\/\/wpguerssen-test.odoo.rgbconsulting.com\/es\/wp-json\/wp\/v2\/product_cat?post=178480"},{"taxonomy":"product_tag","embeddable":true,"href":"https:\/\/wpguerssen-test.odoo.rgbconsulting.com\/es\/wp-json\/wp\/v2\/product_tag?post=178480"}],"curies":[{"name":"wp","href":"https:\/\/api.w.org\/{rel}","templated":true}]}}