{"id":178503,"date":"2014-09-04T00:00:00","date_gmt":"2014-09-03T22:00:00","guid":{"rendered":"http:\/\/guerssen.hl1097.dinaserver.com\/product\/nem-kaldi-cd\/"},"modified":"2025-04-25T13:32:32","modified_gmt":"2025-04-25T11:32:32","slug":"nem-kaldi-cd","status":"publish","type":"product","link":"https:\/\/wpguerssen-test.odoo.rgbconsulting.com\/es\/producto\/nem-kaldi-cd\/","title":{"rendered":"Nem kaldi? (CD)"},"content":{"rendered":"<p>Tercer \u00e1lbum de Karaca editado en 1975 y que recog\u00eda singles editados en los 60 \/ 70.  Una buena muestra de Anatolian Rock con la impresionante voz de Cem, multitud de teclados anal\u00f3gicos, tremenda secci\u00f3n r\u00edtmica, ocasional fuzz&#8230;Remasterizado, booklet con fotos y notas por Angela Sawyer (Weirdo records). <\/p>\n<p> Tracklist: <\/p>\n<p> Nem Kald? &#8211; Unutamadigim &#8211; Oy Babo &#8211; Ads?z &#8211; Baba &#8211; Oy Bana Bana &#8211; Namus Belas? &#8211; Ihtarname &#8211; O Leyli &#8211; Muhtar.- Gurbet &#8211; Kendim Ettim Kendim Buldum<\/p>\n","protected":false},"excerpt":{"rendered":"<p>Tercer \u00e1lbum de Karaca editado en 1975 y que recog\u00eda singles editados en los 60 \/ 70.  Una buena muestra de Anatolian Rock con la impresionante voz de Cem, multitud<a class=\"read\" href=\"https:\/\/wpguerssen-test.odoo.rgbconsulting.com\/es\/producto\/nem-kaldi-cd\/\"> (...)<\/a>","protected":false},"featured_media":114458,"template":"","meta":{"_acf_changed":false},"product_brand":[],"product_cat":[21639],"product_tag":[29138,24190],"class_list":{"0":"post-178503","1":"product","2":"type-product","3":"status-publish","4":"has-post-thumbnail","6":"product_cat-psychedelic60s-70s-es","7":"product_tag-cd-es","8":"product_tag-sales-es","9":"pa_artist-karaca-cem-es","10":"pa_format-cd-2-es","11":"pa_gender-psychedelic60s-70s","12":"pa_label-pharaway-sounds-es","13":"pa_location-eastern-es","15":"first","16":"instock","17":"taxable","18":"shipping-taxable","19":"purchasable","20":"product-type-simple"},"acf":[],"yoast_head":"<!-- This site is optimized with the Yoast SEO plugin v24.9 - https:\/\/yoast.com\/wordpress\/plugins\/seo\/ -->\n<title>KARACA, Cem - Nem kaldi? (CD) -  (CD) | Guerssen<\/title>\n<meta name=\"description\" content=\"Cem Karaca announces his intent to slay all enemies of Istanbul&#039;s leftist counterculture with stompin&#039; prog keyboards. Sophisticated &amp; passionate, with flamboyant taste in sunglasses, Cem Karaca led Istanbul&#039;s music fans through a period of violent political turmoil. Karaca reworked traditional folk lyrics with molten electric bass lines that played up both a poet&#039;s broiling righteousness and also his listeners&#039; common ground with their elders in Turkey&#039;s history. #nl# 1975&#039;s &#039;Nem Kaldi&#039; gathers more 60s-70s singles that lead the listener through Karaca&#039;s own musical history, skipping across various collaborations. Sink deeper into the intrigue both musical &amp; otherwise as fractious personnel changes &amp; real-life assassins multiply, yet the double-time drums &amp; badass synthesizer schwings pound on. #nl# Tracklist: #nl# Nem Kald? - Unutamadigim - Oy Babo - Ads?z - Baba - Oy Bana Bana - Namus Belas? - Ihtarname - O Leyli - Muhtar.- Gurbet - Kendim Ettim Kendim Buldum\" \/>\n<meta name=\"robots\" content=\"index, follow, max-snippet:-1, max-image-preview:large, max-video-preview:-1\" \/>\n<link rel=\"canonical\" href=\"https:\/\/wpguerssen-test.odoo.rgbconsulting.com\/es\/producto\/nem-kaldi-cd\/\" \/>\n<meta property=\"og:locale\" content=\"es_ES\" \/>\n<meta property=\"og:type\" content=\"article\" \/>\n<meta property=\"og:title\" content=\"KARACA, Cem - Nem kaldi? (CD) -  (CD) | Guerssen\" \/>\n<meta property=\"og:description\" content=\"Cem Karaca announces his intent to slay all enemies of Istanbul&#039;s leftist counterculture with stompin&#039; prog keyboards. Sophisticated &amp; passionate, with flamboyant taste in sunglasses, Cem Karaca led Istanbul&#039;s music fans through a period of violent political turmoil. Karaca reworked traditional folk lyrics with molten electric bass lines that played up both a poet&#039;s broiling righteousness and also his listeners&#039; common ground with their elders in Turkey&#039;s history. #nl# 1975&#039;s &#039;Nem Kaldi&#039; gathers more 60s-70s singles that lead the listener through Karaca&#039;s own musical history, skipping across various collaborations. Sink deeper into the intrigue both musical &amp; otherwise as fractious personnel changes &amp; real-life assassins multiply, yet the double-time drums &amp; badass synthesizer schwings pound on. #nl# Tracklist: #nl# Nem Kald? - Unutamadigim - Oy Babo - Ads?z - Baba - Oy Bana Bana - Namus Belas? - Ihtarname - O Leyli - Muhtar.- Gurbet - Kendim Ettim Kendim Buldum\" \/>\n<meta property=\"og:url\" content=\"https:\/\/wpguerssen-test.odoo.rgbconsulting.com\/es\/producto\/nem-kaldi-cd\/\" \/>\n<meta property=\"og:site_name\" content=\"Guerssen records\" \/>\n<meta property=\"article:modified_time\" content=\"2025-04-25T11:32:32+00:00\" \/>\n<meta property=\"og:image\" content=\"https:\/\/wpguerssen-test.odoo.rgbconsulting.com\/wp-content\/uploads\/2022\/03\/14929.jpg\" \/>\n\t<meta property=\"og:image:width\" content=\"600\" \/>\n\t<meta property=\"og:image:height\" content=\"600\" \/>\n\t<meta property=\"og:image:type\" content=\"image\/jpeg\" \/>\n<meta name=\"twitter:card\" content=\"summary_large_image\" \/>\n<meta name=\"twitter:title\" content=\"KARACA, Cem - Nem kaldi? (CD) -  (CD) | Guerssen\" \/>\n<script type=\"application\/ld+json\" class=\"yoast-schema-graph\">{\"@context\":\"https:\/\/schema.org\",\"@graph\":[{\"@type\":\"WebPage\",\"@id\":\"https:\/\/wpguerssen-test.odoo.rgbconsulting.com\/es\/producto\/nem-kaldi-cd\/\",\"url\":\"https:\/\/wpguerssen-test.odoo.rgbconsulting.com\/es\/producto\/nem-kaldi-cd\/\",\"name\":\"KARACA, Cem - Nem kaldi? (CD) - (CD) | Guerssen\",\"isPartOf\":{\"@id\":\"https:\/\/wpguerssen-test.odoo.rgbconsulting.com\/es\/#website\"},\"primaryImageOfPage\":{\"@id\":\"https:\/\/wpguerssen-test.odoo.rgbconsulting.com\/es\/producto\/nem-kaldi-cd\/#primaryimage\"},\"image\":{\"@id\":\"https:\/\/wpguerssen-test.odoo.rgbconsulting.com\/es\/producto\/nem-kaldi-cd\/#primaryimage\"},\"thumbnailUrl\":\"https:\/\/wpguerssen-test.odoo.rgbconsulting.com\/wp-content\/uploads\/2022\/03\/14929.jpg\",\"datePublished\":\"2014-09-03T22:00:00+00:00\",\"dateModified\":\"2025-04-25T11:32:32+00:00\",\"description\":\"Cem Karaca announces his intent to slay all enemies of Istanbul's leftist counterculture with stompin' prog keyboards. Sophisticated & passionate, with flamboyant taste in sunglasses, Cem Karaca led Istanbul's music fans through a period of violent political turmoil. Karaca reworked traditional folk lyrics with molten electric bass lines that played up both a poet's broiling righteousness and also his listeners' common ground with their elders in Turkey's history. #nl# 1975's 'Nem Kaldi' gathers more 60s-70s singles that lead the listener through Karaca's own musical history, skipping across various collaborations. Sink deeper into the intrigue both musical & otherwise as fractious personnel changes & real-life assassins multiply, yet the double-time drums & badass synthesizer schwings pound on. #nl# Tracklist: #nl# Nem Kald? - Unutamadigim - Oy Babo - Ads?z - Baba - Oy Bana Bana - Namus Belas? - Ihtarname - O Leyli - Muhtar.- Gurbet - Kendim Ettim Kendim Buldum\",\"breadcrumb\":{\"@id\":\"https:\/\/wpguerssen-test.odoo.rgbconsulting.com\/es\/producto\/nem-kaldi-cd\/#breadcrumb\"},\"inLanguage\":\"es\",\"potentialAction\":[{\"@type\":\"ReadAction\",\"target\":[\"https:\/\/wpguerssen-test.odoo.rgbconsulting.com\/es\/producto\/nem-kaldi-cd\/\"]}]},{\"@type\":\"ImageObject\",\"inLanguage\":\"es\",\"@id\":\"https:\/\/wpguerssen-test.odoo.rgbconsulting.com\/es\/producto\/nem-kaldi-cd\/#primaryimage\",\"url\":\"https:\/\/wpguerssen-test.odoo.rgbconsulting.com\/wp-content\/uploads\/2022\/03\/14929.jpg\",\"contentUrl\":\"https:\/\/wpguerssen-test.odoo.rgbconsulting.com\/wp-content\/uploads\/2022\/03\/14929.jpg\",\"width\":600,\"height\":600,\"caption\":\"Cem - Nem kaldi? (CD) - PHARAWAY SOUNDS (CD) | Guerssen\"},{\"@type\":\"BreadcrumbList\",\"@id\":\"https:\/\/wpguerssen-test.odoo.rgbconsulting.com\/es\/producto\/nem-kaldi-cd\/#breadcrumb\",\"itemListElement\":[{\"@type\":\"ListItem\",\"position\":1,\"name\":\"Inicio\",\"item\":\"https:\/\/wpguerssen-test.odoo.rgbconsulting.com\/es\/\"},{\"@type\":\"ListItem\",\"position\":2,\"name\":\"Shop\",\"item\":\"https:\/\/wpguerssen-test.odoo.rgbconsulting.com\/shop\/\"},{\"@type\":\"ListItem\",\"position\":3,\"name\":\"Nem kaldi? (CD)\"}]},{\"@type\":\"WebSite\",\"@id\":\"https:\/\/wpguerssen-test.odoo.rgbconsulting.com\/es\/#website\",\"url\":\"https:\/\/wpguerssen-test.odoo.rgbconsulting.com\/es\/\",\"name\":\"Guerssen records\",\"description\":\"psychedelia - progressive - folk - garage \",\"publisher\":{\"@id\":\"https:\/\/wpguerssen-test.odoo.rgbconsulting.com\/es\/#organization\"},\"potentialAction\":[{\"@type\":\"SearchAction\",\"target\":{\"@type\":\"EntryPoint\",\"urlTemplate\":\"https:\/\/wpguerssen-test.odoo.rgbconsulting.com\/es\/?s={search_term_string}\"},\"query-input\":{\"@type\":\"PropertyValueSpecification\",\"valueRequired\":true,\"valueName\":\"search_term_string\"}}],\"inLanguage\":\"es\"},{\"@type\":\"Organization\",\"@id\":\"https:\/\/wpguerssen-test.odoo.rgbconsulting.com\/es\/#organization\",\"name\":\"Guerssen records\",\"url\":\"https:\/\/wpguerssen-test.odoo.rgbconsulting.com\/es\/\",\"logo\":{\"@type\":\"ImageObject\",\"inLanguage\":\"es\",\"@id\":\"https:\/\/wpguerssen-test.odoo.rgbconsulting.com\/es\/#\/schema\/logo\/image\/\",\"url\":\"https:\/\/wpguerssen-test.odoo.rgbconsulting.com\/wp-content\/uploads\/2022\/04\/Logo_Guerssen_trans_100.png\",\"contentUrl\":\"https:\/\/wpguerssen-test.odoo.rgbconsulting.com\/wp-content\/uploads\/2022\/04\/Logo_Guerssen_trans_100.png\",\"width\":122,\"height\":100,\"caption\":\"Guerssen records\"},\"image\":{\"@id\":\"https:\/\/wpguerssen-test.odoo.rgbconsulting.com\/es\/#\/schema\/logo\/image\/\"}}]}<\/script>\n<!-- \/ Yoast SEO plugin. -->","yoast_head_json":{"title":"KARACA, Cem - Nem kaldi? (CD) -  (CD) | Guerssen","description":"Cem Karaca announces his intent to slay all enemies of Istanbul's leftist counterculture with stompin' prog keyboards. Sophisticated & passionate, with flamboyant taste in sunglasses, Cem Karaca led Istanbul's music fans through a period of violent political turmoil. Karaca reworked traditional folk lyrics with molten electric bass lines that played up both a poet's broiling righteousness and also his listeners' common ground with their elders in Turkey's history. #nl# 1975's 'Nem Kaldi' gathers more 60s-70s singles that lead the listener through Karaca's own musical history, skipping across various collaborations. Sink deeper into the intrigue both musical & otherwise as fractious personnel changes & real-life assassins multiply, yet the double-time drums & badass synthesizer schwings pound on. #nl# Tracklist: #nl# Nem Kald? - Unutamadigim - Oy Babo - Ads?z - Baba - Oy Bana Bana - Namus Belas? - Ihtarname - O Leyli - Muhtar.- Gurbet - Kendim Ettim Kendim Buldum","robots":{"index":"index","follow":"follow","max-snippet":"max-snippet:-1","max-image-preview":"max-image-preview:large","max-video-preview":"max-video-preview:-1"},"canonical":"https:\/\/wpguerssen-test.odoo.rgbconsulting.com\/es\/producto\/nem-kaldi-cd\/","og_locale":"es_ES","og_type":"article","og_title":"KARACA, Cem - Nem kaldi? (CD) -  (CD) | Guerssen","og_description":"Cem Karaca announces his intent to slay all enemies of Istanbul's leftist counterculture with stompin' prog keyboards. Sophisticated & passionate, with flamboyant taste in sunglasses, Cem Karaca led Istanbul's music fans through a period of violent political turmoil. Karaca reworked traditional folk lyrics with molten electric bass lines that played up both a poet's broiling righteousness and also his listeners' common ground with their elders in Turkey's history. #nl# 1975's 'Nem Kaldi' gathers more 60s-70s singles that lead the listener through Karaca's own musical history, skipping across various collaborations. Sink deeper into the intrigue both musical & otherwise as fractious personnel changes & real-life assassins multiply, yet the double-time drums & badass synthesizer schwings pound on. #nl# Tracklist: #nl# Nem Kald? - Unutamadigim - Oy Babo - Ads?z - Baba - Oy Bana Bana - Namus Belas? - Ihtarname - O Leyli - Muhtar.- Gurbet - Kendim Ettim Kendim Buldum","og_url":"https:\/\/wpguerssen-test.odoo.rgbconsulting.com\/es\/producto\/nem-kaldi-cd\/","og_site_name":"Guerssen records","article_modified_time":"2025-04-25T11:32:32+00:00","og_image":[{"width":600,"height":600,"url":"https:\/\/wpguerssen-test.odoo.rgbconsulting.com\/wp-content\/uploads\/2022\/03\/14929.jpg","type":"image\/jpeg"}],"twitter_card":"summary_large_image","twitter_title":"KARACA, Cem - Nem kaldi? (CD) -  (CD) | Guerssen","schema":{"@context":"https:\/\/schema.org","@graph":[{"@type":"WebPage","@id":"https:\/\/wpguerssen-test.odoo.rgbconsulting.com\/es\/producto\/nem-kaldi-cd\/","url":"https:\/\/wpguerssen-test.odoo.rgbconsulting.com\/es\/producto\/nem-kaldi-cd\/","name":"KARACA, Cem - Nem kaldi? (CD) - (CD) | Guerssen","isPartOf":{"@id":"https:\/\/wpguerssen-test.odoo.rgbconsulting.com\/es\/#website"},"primaryImageOfPage":{"@id":"https:\/\/wpguerssen-test.odoo.rgbconsulting.com\/es\/producto\/nem-kaldi-cd\/#primaryimage"},"image":{"@id":"https:\/\/wpguerssen-test.odoo.rgbconsulting.com\/es\/producto\/nem-kaldi-cd\/#primaryimage"},"thumbnailUrl":"https:\/\/wpguerssen-test.odoo.rgbconsulting.com\/wp-content\/uploads\/2022\/03\/14929.jpg","datePublished":"2014-09-03T22:00:00+00:00","dateModified":"2025-04-25T11:32:32+00:00","description":"Cem Karaca announces his intent to slay all enemies of Istanbul's leftist counterculture with stompin' prog keyboards. Sophisticated & passionate, with flamboyant taste in sunglasses, Cem Karaca led Istanbul's music fans through a period of violent political turmoil. Karaca reworked traditional folk lyrics with molten electric bass lines that played up both a poet's broiling righteousness and also his listeners' common ground with their elders in Turkey's history. #nl# 1975's 'Nem Kaldi' gathers more 60s-70s singles that lead the listener through Karaca's own musical history, skipping across various collaborations. Sink deeper into the intrigue both musical & otherwise as fractious personnel changes & real-life assassins multiply, yet the double-time drums & badass synthesizer schwings pound on. #nl# Tracklist: #nl# Nem Kald? - Unutamadigim - Oy Babo - Ads?z - Baba - Oy Bana Bana - Namus Belas? - Ihtarname - O Leyli - Muhtar.- Gurbet - Kendim Ettim Kendim Buldum","breadcrumb":{"@id":"https:\/\/wpguerssen-test.odoo.rgbconsulting.com\/es\/producto\/nem-kaldi-cd\/#breadcrumb"},"inLanguage":"es","potentialAction":[{"@type":"ReadAction","target":["https:\/\/wpguerssen-test.odoo.rgbconsulting.com\/es\/producto\/nem-kaldi-cd\/"]}]},{"@type":"ImageObject","inLanguage":"es","@id":"https:\/\/wpguerssen-test.odoo.rgbconsulting.com\/es\/producto\/nem-kaldi-cd\/#primaryimage","url":"https:\/\/wpguerssen-test.odoo.rgbconsulting.com\/wp-content\/uploads\/2022\/03\/14929.jpg","contentUrl":"https:\/\/wpguerssen-test.odoo.rgbconsulting.com\/wp-content\/uploads\/2022\/03\/14929.jpg","width":600,"height":600,"caption":"Cem - Nem kaldi? (CD) - PHARAWAY SOUNDS (CD) | Guerssen"},{"@type":"BreadcrumbList","@id":"https:\/\/wpguerssen-test.odoo.rgbconsulting.com\/es\/producto\/nem-kaldi-cd\/#breadcrumb","itemListElement":[{"@type":"ListItem","position":1,"name":"Inicio","item":"https:\/\/wpguerssen-test.odoo.rgbconsulting.com\/es\/"},{"@type":"ListItem","position":2,"name":"Shop","item":"https:\/\/wpguerssen-test.odoo.rgbconsulting.com\/shop\/"},{"@type":"ListItem","position":3,"name":"Nem kaldi? (CD)"}]},{"@type":"WebSite","@id":"https:\/\/wpguerssen-test.odoo.rgbconsulting.com\/es\/#website","url":"https:\/\/wpguerssen-test.odoo.rgbconsulting.com\/es\/","name":"Guerssen records","description":"psychedelia - progressive - folk - garage ","publisher":{"@id":"https:\/\/wpguerssen-test.odoo.rgbconsulting.com\/es\/#organization"},"potentialAction":[{"@type":"SearchAction","target":{"@type":"EntryPoint","urlTemplate":"https:\/\/wpguerssen-test.odoo.rgbconsulting.com\/es\/?s={search_term_string}"},"query-input":{"@type":"PropertyValueSpecification","valueRequired":true,"valueName":"search_term_string"}}],"inLanguage":"es"},{"@type":"Organization","@id":"https:\/\/wpguerssen-test.odoo.rgbconsulting.com\/es\/#organization","name":"Guerssen records","url":"https:\/\/wpguerssen-test.odoo.rgbconsulting.com\/es\/","logo":{"@type":"ImageObject","inLanguage":"es","@id":"https:\/\/wpguerssen-test.odoo.rgbconsulting.com\/es\/#\/schema\/logo\/image\/","url":"https:\/\/wpguerssen-test.odoo.rgbconsulting.com\/wp-content\/uploads\/2022\/04\/Logo_Guerssen_trans_100.png","contentUrl":"https:\/\/wpguerssen-test.odoo.rgbconsulting.com\/wp-content\/uploads\/2022\/04\/Logo_Guerssen_trans_100.png","width":122,"height":100,"caption":"Guerssen records"},"image":{"@id":"https:\/\/wpguerssen-test.odoo.rgbconsulting.com\/es\/#\/schema\/logo\/image\/"}}]}},"_links":{"self":[{"href":"https:\/\/wpguerssen-test.odoo.rgbconsulting.com\/es\/wp-json\/wp\/v2\/product\/178503","targetHints":{"allow":["GET"]}}],"collection":[{"href":"https:\/\/wpguerssen-test.odoo.rgbconsulting.com\/es\/wp-json\/wp\/v2\/product"}],"about":[{"href":"https:\/\/wpguerssen-test.odoo.rgbconsulting.com\/es\/wp-json\/wp\/v2\/types\/product"}],"wp:featuredmedia":[{"embeddable":true,"href":"https:\/\/wpguerssen-test.odoo.rgbconsulting.com\/es\/wp-json\/wp\/v2\/media\/114458"}],"wp:attachment":[{"href":"https:\/\/wpguerssen-test.odoo.rgbconsulting.com\/es\/wp-json\/wp\/v2\/media?parent=178503"}],"wp:term":[{"taxonomy":"product_brand","embeddable":true,"href":"https:\/\/wpguerssen-test.odoo.rgbconsulting.com\/es\/wp-json\/wp\/v2\/product_brand?post=178503"},{"taxonomy":"product_cat","embeddable":true,"href":"https:\/\/wpguerssen-test.odoo.rgbconsulting.com\/es\/wp-json\/wp\/v2\/product_cat?post=178503"},{"taxonomy":"product_tag","embeddable":true,"href":"https:\/\/wpguerssen-test.odoo.rgbconsulting.com\/es\/wp-json\/wp\/v2\/product_tag?post=178503"}],"curies":[{"name":"wp","href":"https:\/\/api.w.org\/{rel}","templated":true}]}}