{"id":178508,"date":"2014-07-14T00:00:00","date_gmt":"2014-07-13T22:00:00","guid":{"rendered":"http:\/\/guerssen.hl1097.dinaserver.com\/product\/inside-out-the-demos-1973-77-cd\/"},"modified":"2025-04-01T17:39:47","modified_gmt":"2025-04-01T15:39:47","slug":"inside-out-the-demos-1973-77-cd","status":"publish","type":"product","link":"https:\/\/wpguerssen-test.odoo.rgbconsulting.com\/es\/producto\/inside-out-the-demos-1973-77-cd\/","title":{"rendered":"Inside out: the demos 1973-77 (CD)"},"content":{"rendered":"<p>Segundo \u00e1lbum de Athanor despu\u00e9s del exitoso \u00abFlashback\u00bb (Guess110). En esta ocasi\u00f3n, Greg y Rick han extra\u00eddo de sus archivos grabaciones in\u00e9ditas, registradas en su estudio casero entre 1973 y 1977. M\u00e1s que demos como indica el t\u00edtulo, se trata de canciones perfectamente grabadas y finalizadas. Un fest\u00edn de folk-rock y pop psicod\u00e9lico con armon\u00edas vocales, voces a lo Lennon, Rickenbackers de 6 y 12 cuerdas, crudo fuzz, guitarras al rev\u00e9s&#8230;Se incluye de bonus un tema compuesto en los 70 pero grabado en 2014 con Jeff Murphy (Shoes) a los coros y con sonido totalmente 70s.<br \/>Sonido extra\u00eddo de las cintas originales.<br \/>Booklet con notas por Jeff Murphy (Shoes) y Jeremy Cargill (Ugly Things \/ Got Kinda Lost) <\/p>\n<p> Tracklist: Love Shining  &#8211; I Feel So Bad  &#8211; Inside Out  &#8211; No Long Song  &#8211; Something That&#8217;s Coming &#8211; Behind a Cloud  &#8211; Moral Sense &#8211; Die &#8211; You Look at Me  &#8211; Somehow, Someway  &#8211; Dead in the Rain &#8211; Roll Me like the Ocean (Writing Demo) &#8211; Roll Me like the Ocean (2014) &#8211; You Look at Me (Reprise) \/ Drayevarg<\/p>\n","protected":false},"excerpt":{"rendered":"<p>Segundo \u00e1lbum de Athanor despu\u00e9s del exitoso \u00abFlashback\u00bb (Guess110). En esta ocasi\u00f3n, Greg y Rick han extra\u00eddo de sus archivos grabaciones in\u00e9ditas, registradas<a class=\"read\" href=\"https:\/\/wpguerssen-test.odoo.rgbconsulting.com\/es\/producto\/inside-out-the-demos-1973-77-cd\/\"> (...)<\/a>","protected":false},"featured_media":114476,"template":"","meta":{"_acf_changed":false},"product_brand":[],"product_cat":[21639,23274],"product_tag":[29138,24190],"class_list":{"0":"post-178508","1":"product","2":"type-product","3":"status-publish","4":"has-post-thumbnail","6":"product_cat-psychedelic60s-70s-es","7":"product_cat-folk-rock-60s-70s-es","8":"product_tag-cd-es","9":"product_tag-sales-es","10":"pa_artist-athanor-es","11":"pa_format-cd-2-es","12":"pa_gender-folk-rock-60s-70s-psychedelic60s-70s","13":"pa_label-guerssen-es","14":"pa_location-north-america-es","16":"first","17":"instock","18":"taxable","19":"shipping-taxable","20":"purchasable","21":"product-type-simple"},"acf":[],"yoast_head":"<!-- This site is optimized with the Yoast SEO plugin v24.9 - https:\/\/yoast.com\/wordpress\/plugins\/seo\/ -->\n<title>ATHANOR - Inside out: the demos 1973-77 (CD) -  (CD) | Guerssen<\/title>\n<meta name=\"description\" content=\"The follow-up to our acclaimed &quot;Flashback&quot; (Guess110), finds Athanor (the duo formed by Greg Herriges and Rick Vittenson) digging deeper into their archives and coming out with and amazing set of previously unreleased recordings, done at their state-of-the-art home studio back at the time.Captivating Beatle&#039;esque, fuzzed-out psychedelia &amp; folk-rock full of Lennon-esque vocals and 12-string Rickenbackers by &#039;70s Chicago wunderkind duo.1973-1977 recordings plus one &#039;70s-era track cut in 2014 with Jeff Murphy (Shoes) on backup vocals.Basement psych-pop and proto-power pop has rarely sounded better!Remastered sound from the original tapes, booklet with rare photos and detailed liner notes by Jeremy Cargill (Ugly Things\/Got Kinda Lost) and Jeff Murphy (Shoes). #nl# &quot;...These aren&#039;t longing, writing demos with tossed-off guide attempts, but instead full-form creations... The pulsating waves of snaking fuzz opening the set with &quot;Love Shining&quot; prepare you for the trip with an indelible riff, while moments of soul exorcism lay bare elsewhere&quot; - Jeremy Cargill #nl# Tracklist: Love Shining - I Feel So Bad - Inside Out - No Long Song - Something That&#039;s Coming - Behind a Cloud - Moral Sense - Die - You Look at Me - Somehow, Someway - Dead in the Rain - Roll Me like the Ocean (Writing Demo) - Roll Me like the Ocean (2014) - You Look at Me (Reprise) \/ Drayevarg\" \/>\n<meta name=\"robots\" content=\"index, follow, max-snippet:-1, max-image-preview:large, max-video-preview:-1\" \/>\n<link rel=\"canonical\" href=\"https:\/\/wpguerssen-test.odoo.rgbconsulting.com\/es\/producto\/inside-out-the-demos-1973-77-cd\/\" \/>\n<meta property=\"og:locale\" content=\"es_ES\" \/>\n<meta property=\"og:type\" content=\"article\" \/>\n<meta property=\"og:title\" content=\"ATHANOR - Inside out: the demos 1973-77 (CD) -  (CD) | Guerssen\" \/>\n<meta property=\"og:description\" content=\"The follow-up to our acclaimed &quot;Flashback&quot; (Guess110), finds Athanor (the duo formed by Greg Herriges and Rick Vittenson) digging deeper into their archives and coming out with and amazing set of previously unreleased recordings, done at their state-of-the-art home studio back at the time.Captivating Beatle&#039;esque, fuzzed-out psychedelia &amp; folk-rock full of Lennon-esque vocals and 12-string Rickenbackers by &#039;70s Chicago wunderkind duo.1973-1977 recordings plus one &#039;70s-era track cut in 2014 with Jeff Murphy (Shoes) on backup vocals.Basement psych-pop and proto-power pop has rarely sounded better!Remastered sound from the original tapes, booklet with rare photos and detailed liner notes by Jeremy Cargill (Ugly Things\/Got Kinda Lost) and Jeff Murphy (Shoes). #nl# &quot;...These aren&#039;t longing, writing demos with tossed-off guide attempts, but instead full-form creations... The pulsating waves of snaking fuzz opening the set with &quot;Love Shining&quot; prepare you for the trip with an indelible riff, while moments of soul exorcism lay bare elsewhere&quot; - Jeremy Cargill #nl# Tracklist: Love Shining - I Feel So Bad - Inside Out - No Long Song - Something That&#039;s Coming - Behind a Cloud - Moral Sense - Die - You Look at Me - Somehow, Someway - Dead in the Rain - Roll Me like the Ocean (Writing Demo) - Roll Me like the Ocean (2014) - You Look at Me (Reprise) \/ Drayevarg\" \/>\n<meta property=\"og:url\" content=\"https:\/\/wpguerssen-test.odoo.rgbconsulting.com\/es\/producto\/inside-out-the-demos-1973-77-cd\/\" \/>\n<meta property=\"og:site_name\" content=\"Guerssen records\" \/>\n<meta property=\"article:modified_time\" content=\"2025-04-01T15:39:47+00:00\" \/>\n<meta property=\"og:image\" content=\"https:\/\/wpguerssen-test.odoo.rgbconsulting.com\/wp-content\/uploads\/2022\/03\/14935.jpg\" \/>\n\t<meta property=\"og:image:width\" content=\"600\" \/>\n\t<meta property=\"og:image:height\" content=\"600\" \/>\n\t<meta property=\"og:image:type\" content=\"image\/jpeg\" \/>\n<meta name=\"twitter:card\" content=\"summary_large_image\" \/>\n<meta name=\"twitter:title\" content=\"ATHANOR - Inside out: the demos 1973-77 (CD) -  (CD) | Guerssen\" \/>\n<meta name=\"twitter:label1\" content=\"Tiempo de lectura\" \/>\n\t<meta name=\"twitter:data1\" content=\"1 minuto\" \/>\n<script type=\"application\/ld+json\" class=\"yoast-schema-graph\">{\"@context\":\"https:\/\/schema.org\",\"@graph\":[{\"@type\":\"WebPage\",\"@id\":\"https:\/\/wpguerssen-test.odoo.rgbconsulting.com\/es\/producto\/inside-out-the-demos-1973-77-cd\/\",\"url\":\"https:\/\/wpguerssen-test.odoo.rgbconsulting.com\/es\/producto\/inside-out-the-demos-1973-77-cd\/\",\"name\":\"ATHANOR - Inside out: the demos 1973-77 (CD) - (CD) | Guerssen\",\"isPartOf\":{\"@id\":\"https:\/\/wpguerssen-test.odoo.rgbconsulting.com\/es\/#website\"},\"primaryImageOfPage\":{\"@id\":\"https:\/\/wpguerssen-test.odoo.rgbconsulting.com\/es\/producto\/inside-out-the-demos-1973-77-cd\/#primaryimage\"},\"image\":{\"@id\":\"https:\/\/wpguerssen-test.odoo.rgbconsulting.com\/es\/producto\/inside-out-the-demos-1973-77-cd\/#primaryimage\"},\"thumbnailUrl\":\"https:\/\/wpguerssen-test.odoo.rgbconsulting.com\/wp-content\/uploads\/2022\/03\/14935.jpg\",\"datePublished\":\"2014-07-13T22:00:00+00:00\",\"dateModified\":\"2025-04-01T15:39:47+00:00\",\"description\":\"The follow-up to our acclaimed \\\"Flashback\\\" (Guess110), finds Athanor (the duo formed by Greg Herriges and Rick Vittenson) digging deeper into their archives and coming out with and amazing set of previously unreleased recordings, done at their state-of-the-art home studio back at the time.Captivating Beatle'esque, fuzzed-out psychedelia & folk-rock full of Lennon-esque vocals and 12-string Rickenbackers by '70s Chicago wunderkind duo.1973-1977 recordings plus one '70s-era track cut in 2014 with Jeff Murphy (Shoes) on backup vocals.Basement psych-pop and proto-power pop has rarely sounded better!Remastered sound from the original tapes, booklet with rare photos and detailed liner notes by Jeremy Cargill (Ugly Things\/Got Kinda Lost) and Jeff Murphy (Shoes). #nl# \\\"...These aren't longing, writing demos with tossed-off guide attempts, but instead full-form creations... The pulsating waves of snaking fuzz opening the set with \\\"Love Shining\\\" prepare you for the trip with an indelible riff, while moments of soul exorcism lay bare elsewhere\\\" - Jeremy Cargill #nl# Tracklist: Love Shining - I Feel So Bad - Inside Out - No Long Song - Something That's Coming - Behind a Cloud - Moral Sense - Die - You Look at Me - Somehow, Someway - Dead in the Rain - Roll Me like the Ocean (Writing Demo) - Roll Me like the Ocean (2014) - You Look at Me (Reprise) \/ Drayevarg\",\"breadcrumb\":{\"@id\":\"https:\/\/wpguerssen-test.odoo.rgbconsulting.com\/es\/producto\/inside-out-the-demos-1973-77-cd\/#breadcrumb\"},\"inLanguage\":\"es\",\"potentialAction\":[{\"@type\":\"ReadAction\",\"target\":[\"https:\/\/wpguerssen-test.odoo.rgbconsulting.com\/es\/producto\/inside-out-the-demos-1973-77-cd\/\"]}]},{\"@type\":\"ImageObject\",\"inLanguage\":\"es\",\"@id\":\"https:\/\/wpguerssen-test.odoo.rgbconsulting.com\/es\/producto\/inside-out-the-demos-1973-77-cd\/#primaryimage\",\"url\":\"https:\/\/wpguerssen-test.odoo.rgbconsulting.com\/wp-content\/uploads\/2022\/03\/14935.jpg\",\"contentUrl\":\"https:\/\/wpguerssen-test.odoo.rgbconsulting.com\/wp-content\/uploads\/2022\/03\/14935.jpg\",\"width\":600,\"height\":600,\"caption\":\"ATHANOR - Inside out: the demos 1973-77 (CD) - GUERSSEN (CD) | Guerssen\"},{\"@type\":\"BreadcrumbList\",\"@id\":\"https:\/\/wpguerssen-test.odoo.rgbconsulting.com\/es\/producto\/inside-out-the-demos-1973-77-cd\/#breadcrumb\",\"itemListElement\":[{\"@type\":\"ListItem\",\"position\":1,\"name\":\"Inicio\",\"item\":\"https:\/\/wpguerssen-test.odoo.rgbconsulting.com\/es\/\"},{\"@type\":\"ListItem\",\"position\":2,\"name\":\"Shop\",\"item\":\"https:\/\/wpguerssen-test.odoo.rgbconsulting.com\/shop\/\"},{\"@type\":\"ListItem\",\"position\":3,\"name\":\"Inside out: the demos 1973-77 (CD)\"}]},{\"@type\":\"WebSite\",\"@id\":\"https:\/\/wpguerssen-test.odoo.rgbconsulting.com\/es\/#website\",\"url\":\"https:\/\/wpguerssen-test.odoo.rgbconsulting.com\/es\/\",\"name\":\"Guerssen records\",\"description\":\"psychedelia - progressive - folk - garage \",\"publisher\":{\"@id\":\"https:\/\/wpguerssen-test.odoo.rgbconsulting.com\/es\/#organization\"},\"potentialAction\":[{\"@type\":\"SearchAction\",\"target\":{\"@type\":\"EntryPoint\",\"urlTemplate\":\"https:\/\/wpguerssen-test.odoo.rgbconsulting.com\/es\/?s={search_term_string}\"},\"query-input\":{\"@type\":\"PropertyValueSpecification\",\"valueRequired\":true,\"valueName\":\"search_term_string\"}}],\"inLanguage\":\"es\"},{\"@type\":\"Organization\",\"@id\":\"https:\/\/wpguerssen-test.odoo.rgbconsulting.com\/es\/#organization\",\"name\":\"Guerssen records\",\"url\":\"https:\/\/wpguerssen-test.odoo.rgbconsulting.com\/es\/\",\"logo\":{\"@type\":\"ImageObject\",\"inLanguage\":\"es\",\"@id\":\"https:\/\/wpguerssen-test.odoo.rgbconsulting.com\/es\/#\/schema\/logo\/image\/\",\"url\":\"https:\/\/wpguerssen-test.odoo.rgbconsulting.com\/wp-content\/uploads\/2022\/04\/Logo_Guerssen_trans_100.png\",\"contentUrl\":\"https:\/\/wpguerssen-test.odoo.rgbconsulting.com\/wp-content\/uploads\/2022\/04\/Logo_Guerssen_trans_100.png\",\"width\":122,\"height\":100,\"caption\":\"Guerssen records\"},\"image\":{\"@id\":\"https:\/\/wpguerssen-test.odoo.rgbconsulting.com\/es\/#\/schema\/logo\/image\/\"}}]}<\/script>\n<!-- \/ Yoast SEO plugin. -->","yoast_head_json":{"title":"ATHANOR - Inside out: the demos 1973-77 (CD) -  (CD) | Guerssen","description":"The follow-up to our acclaimed \"Flashback\" (Guess110), finds Athanor (the duo formed by Greg Herriges and Rick Vittenson) digging deeper into their archives and coming out with and amazing set of previously unreleased recordings, done at their state-of-the-art home studio back at the time.Captivating Beatle'esque, fuzzed-out psychedelia & folk-rock full of Lennon-esque vocals and 12-string Rickenbackers by '70s Chicago wunderkind duo.1973-1977 recordings plus one '70s-era track cut in 2014 with Jeff Murphy (Shoes) on backup vocals.Basement psych-pop and proto-power pop has rarely sounded better!Remastered sound from the original tapes, booklet with rare photos and detailed liner notes by Jeremy Cargill (Ugly Things\/Got Kinda Lost) and Jeff Murphy (Shoes). #nl# \"...These aren't longing, writing demos with tossed-off guide attempts, but instead full-form creations... The pulsating waves of snaking fuzz opening the set with \"Love Shining\" prepare you for the trip with an indelible riff, while moments of soul exorcism lay bare elsewhere\" - Jeremy Cargill #nl# Tracklist: Love Shining - I Feel So Bad - Inside Out - No Long Song - Something That's Coming - Behind a Cloud - Moral Sense - Die - You Look at Me - Somehow, Someway - Dead in the Rain - Roll Me like the Ocean (Writing Demo) - Roll Me like the Ocean (2014) - You Look at Me (Reprise) \/ Drayevarg","robots":{"index":"index","follow":"follow","max-snippet":"max-snippet:-1","max-image-preview":"max-image-preview:large","max-video-preview":"max-video-preview:-1"},"canonical":"https:\/\/wpguerssen-test.odoo.rgbconsulting.com\/es\/producto\/inside-out-the-demos-1973-77-cd\/","og_locale":"es_ES","og_type":"article","og_title":"ATHANOR - Inside out: the demos 1973-77 (CD) -  (CD) | Guerssen","og_description":"The follow-up to our acclaimed \"Flashback\" (Guess110), finds Athanor (the duo formed by Greg Herriges and Rick Vittenson) digging deeper into their archives and coming out with and amazing set of previously unreleased recordings, done at their state-of-the-art home studio back at the time.Captivating Beatle'esque, fuzzed-out psychedelia & folk-rock full of Lennon-esque vocals and 12-string Rickenbackers by '70s Chicago wunderkind duo.1973-1977 recordings plus one '70s-era track cut in 2014 with Jeff Murphy (Shoes) on backup vocals.Basement psych-pop and proto-power pop has rarely sounded better!Remastered sound from the original tapes, booklet with rare photos and detailed liner notes by Jeremy Cargill (Ugly Things\/Got Kinda Lost) and Jeff Murphy (Shoes). #nl# \"...These aren't longing, writing demos with tossed-off guide attempts, but instead full-form creations... The pulsating waves of snaking fuzz opening the set with \"Love Shining\" prepare you for the trip with an indelible riff, while moments of soul exorcism lay bare elsewhere\" - Jeremy Cargill #nl# Tracklist: Love Shining - I Feel So Bad - Inside Out - No Long Song - Something That's Coming - Behind a Cloud - Moral Sense - Die - You Look at Me - Somehow, Someway - Dead in the Rain - Roll Me like the Ocean (Writing Demo) - Roll Me like the Ocean (2014) - You Look at Me (Reprise) \/ Drayevarg","og_url":"https:\/\/wpguerssen-test.odoo.rgbconsulting.com\/es\/producto\/inside-out-the-demos-1973-77-cd\/","og_site_name":"Guerssen records","article_modified_time":"2025-04-01T15:39:47+00:00","og_image":[{"width":600,"height":600,"url":"https:\/\/wpguerssen-test.odoo.rgbconsulting.com\/wp-content\/uploads\/2022\/03\/14935.jpg","type":"image\/jpeg"}],"twitter_card":"summary_large_image","twitter_title":"ATHANOR - Inside out: the demos 1973-77 (CD) -  (CD) | Guerssen","twitter_misc":{"Tiempo de lectura":"1 minuto"},"schema":{"@context":"https:\/\/schema.org","@graph":[{"@type":"WebPage","@id":"https:\/\/wpguerssen-test.odoo.rgbconsulting.com\/es\/producto\/inside-out-the-demos-1973-77-cd\/","url":"https:\/\/wpguerssen-test.odoo.rgbconsulting.com\/es\/producto\/inside-out-the-demos-1973-77-cd\/","name":"ATHANOR - Inside out: the demos 1973-77 (CD) - (CD) | Guerssen","isPartOf":{"@id":"https:\/\/wpguerssen-test.odoo.rgbconsulting.com\/es\/#website"},"primaryImageOfPage":{"@id":"https:\/\/wpguerssen-test.odoo.rgbconsulting.com\/es\/producto\/inside-out-the-demos-1973-77-cd\/#primaryimage"},"image":{"@id":"https:\/\/wpguerssen-test.odoo.rgbconsulting.com\/es\/producto\/inside-out-the-demos-1973-77-cd\/#primaryimage"},"thumbnailUrl":"https:\/\/wpguerssen-test.odoo.rgbconsulting.com\/wp-content\/uploads\/2022\/03\/14935.jpg","datePublished":"2014-07-13T22:00:00+00:00","dateModified":"2025-04-01T15:39:47+00:00","description":"The follow-up to our acclaimed \"Flashback\" (Guess110), finds Athanor (the duo formed by Greg Herriges and Rick Vittenson) digging deeper into their archives and coming out with and amazing set of previously unreleased recordings, done at their state-of-the-art home studio back at the time.Captivating Beatle'esque, fuzzed-out psychedelia & folk-rock full of Lennon-esque vocals and 12-string Rickenbackers by '70s Chicago wunderkind duo.1973-1977 recordings plus one '70s-era track cut in 2014 with Jeff Murphy (Shoes) on backup vocals.Basement psych-pop and proto-power pop has rarely sounded better!Remastered sound from the original tapes, booklet with rare photos and detailed liner notes by Jeremy Cargill (Ugly Things\/Got Kinda Lost) and Jeff Murphy (Shoes). #nl# \"...These aren't longing, writing demos with tossed-off guide attempts, but instead full-form creations... The pulsating waves of snaking fuzz opening the set with \"Love Shining\" prepare you for the trip with an indelible riff, while moments of soul exorcism lay bare elsewhere\" - Jeremy Cargill #nl# Tracklist: Love Shining - I Feel So Bad - Inside Out - No Long Song - Something That's Coming - Behind a Cloud - Moral Sense - Die - You Look at Me - Somehow, Someway - Dead in the Rain - Roll Me like the Ocean (Writing Demo) - Roll Me like the Ocean (2014) - You Look at Me (Reprise) \/ Drayevarg","breadcrumb":{"@id":"https:\/\/wpguerssen-test.odoo.rgbconsulting.com\/es\/producto\/inside-out-the-demos-1973-77-cd\/#breadcrumb"},"inLanguage":"es","potentialAction":[{"@type":"ReadAction","target":["https:\/\/wpguerssen-test.odoo.rgbconsulting.com\/es\/producto\/inside-out-the-demos-1973-77-cd\/"]}]},{"@type":"ImageObject","inLanguage":"es","@id":"https:\/\/wpguerssen-test.odoo.rgbconsulting.com\/es\/producto\/inside-out-the-demos-1973-77-cd\/#primaryimage","url":"https:\/\/wpguerssen-test.odoo.rgbconsulting.com\/wp-content\/uploads\/2022\/03\/14935.jpg","contentUrl":"https:\/\/wpguerssen-test.odoo.rgbconsulting.com\/wp-content\/uploads\/2022\/03\/14935.jpg","width":600,"height":600,"caption":"ATHANOR - Inside out: the demos 1973-77 (CD) - GUERSSEN (CD) | Guerssen"},{"@type":"BreadcrumbList","@id":"https:\/\/wpguerssen-test.odoo.rgbconsulting.com\/es\/producto\/inside-out-the-demos-1973-77-cd\/#breadcrumb","itemListElement":[{"@type":"ListItem","position":1,"name":"Inicio","item":"https:\/\/wpguerssen-test.odoo.rgbconsulting.com\/es\/"},{"@type":"ListItem","position":2,"name":"Shop","item":"https:\/\/wpguerssen-test.odoo.rgbconsulting.com\/shop\/"},{"@type":"ListItem","position":3,"name":"Inside out: the demos 1973-77 (CD)"}]},{"@type":"WebSite","@id":"https:\/\/wpguerssen-test.odoo.rgbconsulting.com\/es\/#website","url":"https:\/\/wpguerssen-test.odoo.rgbconsulting.com\/es\/","name":"Guerssen records","description":"psychedelia - progressive - folk - garage ","publisher":{"@id":"https:\/\/wpguerssen-test.odoo.rgbconsulting.com\/es\/#organization"},"potentialAction":[{"@type":"SearchAction","target":{"@type":"EntryPoint","urlTemplate":"https:\/\/wpguerssen-test.odoo.rgbconsulting.com\/es\/?s={search_term_string}"},"query-input":{"@type":"PropertyValueSpecification","valueRequired":true,"valueName":"search_term_string"}}],"inLanguage":"es"},{"@type":"Organization","@id":"https:\/\/wpguerssen-test.odoo.rgbconsulting.com\/es\/#organization","name":"Guerssen records","url":"https:\/\/wpguerssen-test.odoo.rgbconsulting.com\/es\/","logo":{"@type":"ImageObject","inLanguage":"es","@id":"https:\/\/wpguerssen-test.odoo.rgbconsulting.com\/es\/#\/schema\/logo\/image\/","url":"https:\/\/wpguerssen-test.odoo.rgbconsulting.com\/wp-content\/uploads\/2022\/04\/Logo_Guerssen_trans_100.png","contentUrl":"https:\/\/wpguerssen-test.odoo.rgbconsulting.com\/wp-content\/uploads\/2022\/04\/Logo_Guerssen_trans_100.png","width":122,"height":100,"caption":"Guerssen records"},"image":{"@id":"https:\/\/wpguerssen-test.odoo.rgbconsulting.com\/es\/#\/schema\/logo\/image\/"}}]}},"_links":{"self":[{"href":"https:\/\/wpguerssen-test.odoo.rgbconsulting.com\/es\/wp-json\/wp\/v2\/product\/178508","targetHints":{"allow":["GET"]}}],"collection":[{"href":"https:\/\/wpguerssen-test.odoo.rgbconsulting.com\/es\/wp-json\/wp\/v2\/product"}],"about":[{"href":"https:\/\/wpguerssen-test.odoo.rgbconsulting.com\/es\/wp-json\/wp\/v2\/types\/product"}],"wp:featuredmedia":[{"embeddable":true,"href":"https:\/\/wpguerssen-test.odoo.rgbconsulting.com\/es\/wp-json\/wp\/v2\/media\/114476"}],"wp:attachment":[{"href":"https:\/\/wpguerssen-test.odoo.rgbconsulting.com\/es\/wp-json\/wp\/v2\/media?parent=178508"}],"wp:term":[{"taxonomy":"product_brand","embeddable":true,"href":"https:\/\/wpguerssen-test.odoo.rgbconsulting.com\/es\/wp-json\/wp\/v2\/product_brand?post=178508"},{"taxonomy":"product_cat","embeddable":true,"href":"https:\/\/wpguerssen-test.odoo.rgbconsulting.com\/es\/wp-json\/wp\/v2\/product_cat?post=178508"},{"taxonomy":"product_tag","embeddable":true,"href":"https:\/\/wpguerssen-test.odoo.rgbconsulting.com\/es\/wp-json\/wp\/v2\/product_tag?post=178508"}],"curies":[{"name":"wp","href":"https:\/\/api.w.org\/{rel}","templated":true}]}}