{"id":178521,"date":"2014-07-14T00:00:00","date_gmt":"2014-07-13T22:00:00","guid":{"rendered":"http:\/\/guerssen.hl1097.dinaserver.com\/product\/sirio-2222\/"},"modified":"2025-04-23T17:11:50","modified_gmt":"2025-04-23T15:11:50","slug":"sirio-2222-slight-corner-bump-in-cover","status":"publish","type":"product","link":"https:\/\/wpguerssen-test.odoo.rgbconsulting.com\/es\/producto\/sirio-2222-slight-corner-bump-in-cover\/","title":{"rendered":"Sirio 2222  (slight corner bump in cover)"},"content":{"rendered":"<p>Uno de los mejores \u00e1lbumes de los 70, recomendad\u00edsimo disco de hard-psychedelia italiano de 1970, el debut de los (luego) progresivos Balletto di Bronzo, desde N\u00e1poles. Originales a $1000, ahora en preciosa reedici\u00f3n oficial. Portada con un liger\u00edsimo golpe en una esquina, no perfecta.<\/p>\n","protected":false},"excerpt":{"rendered":"<p>Uno de los mejores \u00e1lbumes de los 70, recomendad\u00edsimo disco de hard-psychedelia italiano de 1970, el debut de los (luego) progresivos Balletto di Bronzo, desde N\u00e1poles.<a class=\"read\" href=\"https:\/\/wpguerssen-test.odoo.rgbconsulting.com\/es\/producto\/sirio-2222-slight-corner-bump-in-cover\/\"> (...)<\/a>","protected":false},"featured_media":114516,"template":"","meta":{"_acf_changed":false},"product_brand":[],"product_cat":[21639,23215],"product_tag":[],"class_list":{"0":"post-178521","1":"product","2":"type-product","3":"status-publish","4":"has-post-thumbnail","6":"product_cat-psychedelic60s-70s-es","7":"product_cat-progressive60s-70s-es","8":"pa_artist-balletto-di-bronzo-es","9":"pa_format-lp-es","10":"pa_gender-psychedelic60s-70s-progressive60s-70s","11":"pa_label-lion-es","12":"pa_location-europe-es","13":"pa_other-filters-vinyl-only-es","15":"first","16":"instock","17":"taxable","18":"shipping-taxable","19":"purchasable","20":"product-type-simple"},"acf":[],"yoast_head":"<!-- This site is optimized with the Yoast SEO plugin v24.9 - https:\/\/yoast.com\/wordpress\/plugins\/seo\/ -->\n<title>BALLETTO DI BRONZO - Sirio 2222 (slight corner bump in cover) -  (LP) | Guerssen<\/title>\n<meta name=\"description\" content=\"Raw-edged heavy rock, fronted by Lino Ajello&#039;s powerful electric guitars, channeling the dark, jagged energy of Jimmy Page, Adrian Gurvitz, and Jeff Beck. Il Balletto di Bronzo absorbed their influences (Led Zeppelin, Jimi Hendrix, The Yardbirds), but moved from there into an inspired, hard-edged musical space; the band&#039;s overwhelming power and great melodies make them irresistible. &#039;Un posto&#039; and &#039;Neve Calda&#039; are centered around simple but effective guitar riffs. &#039;Eh eh ah ah&#039; starts like a nice mellow ballad, but gets into a hard blues rock groove.On side two, there&#039;s the seven-minute mammoth heavy grind of &#039;Incantesimo&#039; and the colossal &#039;Missione Sirio 2222,&#039; almost ten minutes of droning acid rock with whirling guitars and heavy pounding drums, sandwiched between an acoustic intro and outro. No surprise then that Nurse With Wound cited Il Balletto di Bronzo as an influence. Original artwork, 12-page colour booklet. COVERS HAVE A VERY LIGHT BUMP IN ONE CORNER, NOT PERFECT.\" \/>\n<meta name=\"robots\" content=\"index, follow, max-snippet:-1, max-image-preview:large, max-video-preview:-1\" \/>\n<link rel=\"canonical\" href=\"https:\/\/wpguerssen-test.odoo.rgbconsulting.com\/es\/producto\/sirio-2222-slight-corner-bump-in-cover\/\" \/>\n<meta property=\"og:locale\" content=\"es_ES\" \/>\n<meta property=\"og:type\" content=\"article\" \/>\n<meta property=\"og:title\" content=\"BALLETTO DI BRONZO - Sirio 2222 (slight corner bump in cover) -  (LP) | Guerssen\" \/>\n<meta property=\"og:description\" content=\"Raw-edged heavy rock, fronted by Lino Ajello&#039;s powerful electric guitars, channeling the dark, jagged energy of Jimmy Page, Adrian Gurvitz, and Jeff Beck. Il Balletto di Bronzo absorbed their influences (Led Zeppelin, Jimi Hendrix, The Yardbirds), but moved from there into an inspired, hard-edged musical space; the band&#039;s overwhelming power and great melodies make them irresistible. &#039;Un posto&#039; and &#039;Neve Calda&#039; are centered around simple but effective guitar riffs. &#039;Eh eh ah ah&#039; starts like a nice mellow ballad, but gets into a hard blues rock groove.On side two, there&#039;s the seven-minute mammoth heavy grind of &#039;Incantesimo&#039; and the colossal &#039;Missione Sirio 2222,&#039; almost ten minutes of droning acid rock with whirling guitars and heavy pounding drums, sandwiched between an acoustic intro and outro. No surprise then that Nurse With Wound cited Il Balletto di Bronzo as an influence. Original artwork, 12-page colour booklet. COVERS HAVE A VERY LIGHT BUMP IN ONE CORNER, NOT PERFECT.\" \/>\n<meta property=\"og:url\" content=\"https:\/\/wpguerssen-test.odoo.rgbconsulting.com\/es\/producto\/sirio-2222-slight-corner-bump-in-cover\/\" \/>\n<meta property=\"og:site_name\" content=\"Guerssen records\" \/>\n<meta property=\"article:modified_time\" content=\"2025-04-23T15:11:50+00:00\" \/>\n<meta property=\"og:image\" content=\"https:\/\/wpguerssen-test.odoo.rgbconsulting.com\/wp-content\/uploads\/2022\/03\/14975.jpg\" \/>\n\t<meta property=\"og:image:width\" content=\"180\" \/>\n\t<meta property=\"og:image:height\" content=\"180\" \/>\n\t<meta property=\"og:image:type\" content=\"image\/jpeg\" \/>\n<meta name=\"twitter:card\" content=\"summary_large_image\" \/>\n<meta name=\"twitter:title\" content=\"BALLETTO DI BRONZO - Sirio 2222 (slight corner bump in cover) -  (LP) | Guerssen\" \/>\n<script type=\"application\/ld+json\" class=\"yoast-schema-graph\">{\"@context\":\"https:\/\/schema.org\",\"@graph\":[{\"@type\":\"WebPage\",\"@id\":\"https:\/\/wpguerssen-test.odoo.rgbconsulting.com\/es\/producto\/sirio-2222-slight-corner-bump-in-cover\/\",\"url\":\"https:\/\/wpguerssen-test.odoo.rgbconsulting.com\/es\/producto\/sirio-2222-slight-corner-bump-in-cover\/\",\"name\":\"BALLETTO DI BRONZO - Sirio 2222 (slight corner bump in cover) - (LP) | Guerssen\",\"isPartOf\":{\"@id\":\"https:\/\/wpguerssen-test.odoo.rgbconsulting.com\/es\/#website\"},\"primaryImageOfPage\":{\"@id\":\"https:\/\/wpguerssen-test.odoo.rgbconsulting.com\/es\/producto\/sirio-2222-slight-corner-bump-in-cover\/#primaryimage\"},\"image\":{\"@id\":\"https:\/\/wpguerssen-test.odoo.rgbconsulting.com\/es\/producto\/sirio-2222-slight-corner-bump-in-cover\/#primaryimage\"},\"thumbnailUrl\":\"https:\/\/wpguerssen-test.odoo.rgbconsulting.com\/wp-content\/uploads\/2022\/03\/14975.jpg\",\"datePublished\":\"2014-07-13T22:00:00+00:00\",\"dateModified\":\"2025-04-23T15:11:50+00:00\",\"description\":\"Raw-edged heavy rock, fronted by Lino Ajello's powerful electric guitars, channeling the dark, jagged energy of Jimmy Page, Adrian Gurvitz, and Jeff Beck. Il Balletto di Bronzo absorbed their influences (Led Zeppelin, Jimi Hendrix, The Yardbirds), but moved from there into an inspired, hard-edged musical space; the band's overwhelming power and great melodies make them irresistible. 'Un posto' and 'Neve Calda' are centered around simple but effective guitar riffs. 'Eh eh ah ah' starts like a nice mellow ballad, but gets into a hard blues rock groove.On side two, there's the seven-minute mammoth heavy grind of 'Incantesimo' and the colossal 'Missione Sirio 2222,' almost ten minutes of droning acid rock with whirling guitars and heavy pounding drums, sandwiched between an acoustic intro and outro. No surprise then that Nurse With Wound cited Il Balletto di Bronzo as an influence. Original artwork, 12-page colour booklet. COVERS HAVE A VERY LIGHT BUMP IN ONE CORNER, NOT PERFECT.\",\"breadcrumb\":{\"@id\":\"https:\/\/wpguerssen-test.odoo.rgbconsulting.com\/es\/producto\/sirio-2222-slight-corner-bump-in-cover\/#breadcrumb\"},\"inLanguage\":\"es\",\"potentialAction\":[{\"@type\":\"ReadAction\",\"target\":[\"https:\/\/wpguerssen-test.odoo.rgbconsulting.com\/es\/producto\/sirio-2222-slight-corner-bump-in-cover\/\"]}]},{\"@type\":\"ImageObject\",\"inLanguage\":\"es\",\"@id\":\"https:\/\/wpguerssen-test.odoo.rgbconsulting.com\/es\/producto\/sirio-2222-slight-corner-bump-in-cover\/#primaryimage\",\"url\":\"https:\/\/wpguerssen-test.odoo.rgbconsulting.com\/wp-content\/uploads\/2022\/03\/14975.jpg\",\"contentUrl\":\"https:\/\/wpguerssen-test.odoo.rgbconsulting.com\/wp-content\/uploads\/2022\/03\/14975.jpg\",\"width\":180,\"height\":180,\"caption\":\"BALLETTO DI BRONZO - Sirio 2222 - LION (LP) | Guerssen\"},{\"@type\":\"BreadcrumbList\",\"@id\":\"https:\/\/wpguerssen-test.odoo.rgbconsulting.com\/es\/producto\/sirio-2222-slight-corner-bump-in-cover\/#breadcrumb\",\"itemListElement\":[{\"@type\":\"ListItem\",\"position\":1,\"name\":\"Inicio\",\"item\":\"https:\/\/wpguerssen-test.odoo.rgbconsulting.com\/es\/\"},{\"@type\":\"ListItem\",\"position\":2,\"name\":\"Shop\",\"item\":\"https:\/\/wpguerssen-test.odoo.rgbconsulting.com\/shop\/\"},{\"@type\":\"ListItem\",\"position\":3,\"name\":\"Sirio 2222 (slight corner bump in cover)\"}]},{\"@type\":\"WebSite\",\"@id\":\"https:\/\/wpguerssen-test.odoo.rgbconsulting.com\/es\/#website\",\"url\":\"https:\/\/wpguerssen-test.odoo.rgbconsulting.com\/es\/\",\"name\":\"Guerssen records\",\"description\":\"psychedelia - progressive - folk - garage \",\"publisher\":{\"@id\":\"https:\/\/wpguerssen-test.odoo.rgbconsulting.com\/es\/#organization\"},\"potentialAction\":[{\"@type\":\"SearchAction\",\"target\":{\"@type\":\"EntryPoint\",\"urlTemplate\":\"https:\/\/wpguerssen-test.odoo.rgbconsulting.com\/es\/?s={search_term_string}\"},\"query-input\":{\"@type\":\"PropertyValueSpecification\",\"valueRequired\":true,\"valueName\":\"search_term_string\"}}],\"inLanguage\":\"es\"},{\"@type\":\"Organization\",\"@id\":\"https:\/\/wpguerssen-test.odoo.rgbconsulting.com\/es\/#organization\",\"name\":\"Guerssen records\",\"url\":\"https:\/\/wpguerssen-test.odoo.rgbconsulting.com\/es\/\",\"logo\":{\"@type\":\"ImageObject\",\"inLanguage\":\"es\",\"@id\":\"https:\/\/wpguerssen-test.odoo.rgbconsulting.com\/es\/#\/schema\/logo\/image\/\",\"url\":\"https:\/\/wpguerssen-test.odoo.rgbconsulting.com\/wp-content\/uploads\/2022\/04\/Logo_Guerssen_trans_100.png\",\"contentUrl\":\"https:\/\/wpguerssen-test.odoo.rgbconsulting.com\/wp-content\/uploads\/2022\/04\/Logo_Guerssen_trans_100.png\",\"width\":122,\"height\":100,\"caption\":\"Guerssen records\"},\"image\":{\"@id\":\"https:\/\/wpguerssen-test.odoo.rgbconsulting.com\/es\/#\/schema\/logo\/image\/\"}}]}<\/script>\n<!-- \/ Yoast SEO plugin. -->","yoast_head_json":{"title":"BALLETTO DI BRONZO - Sirio 2222 (slight corner bump in cover) -  (LP) | Guerssen","description":"Raw-edged heavy rock, fronted by Lino Ajello's powerful electric guitars, channeling the dark, jagged energy of Jimmy Page, Adrian Gurvitz, and Jeff Beck. Il Balletto di Bronzo absorbed their influences (Led Zeppelin, Jimi Hendrix, The Yardbirds), but moved from there into an inspired, hard-edged musical space; the band's overwhelming power and great melodies make them irresistible. 'Un posto' and 'Neve Calda' are centered around simple but effective guitar riffs. 'Eh eh ah ah' starts like a nice mellow ballad, but gets into a hard blues rock groove.On side two, there's the seven-minute mammoth heavy grind of 'Incantesimo' and the colossal 'Missione Sirio 2222,' almost ten minutes of droning acid rock with whirling guitars and heavy pounding drums, sandwiched between an acoustic intro and outro. No surprise then that Nurse With Wound cited Il Balletto di Bronzo as an influence. Original artwork, 12-page colour booklet. COVERS HAVE A VERY LIGHT BUMP IN ONE CORNER, NOT PERFECT.","robots":{"index":"index","follow":"follow","max-snippet":"max-snippet:-1","max-image-preview":"max-image-preview:large","max-video-preview":"max-video-preview:-1"},"canonical":"https:\/\/wpguerssen-test.odoo.rgbconsulting.com\/es\/producto\/sirio-2222-slight-corner-bump-in-cover\/","og_locale":"es_ES","og_type":"article","og_title":"BALLETTO DI BRONZO - Sirio 2222 (slight corner bump in cover) -  (LP) | Guerssen","og_description":"Raw-edged heavy rock, fronted by Lino Ajello's powerful electric guitars, channeling the dark, jagged energy of Jimmy Page, Adrian Gurvitz, and Jeff Beck. Il Balletto di Bronzo absorbed their influences (Led Zeppelin, Jimi Hendrix, The Yardbirds), but moved from there into an inspired, hard-edged musical space; the band's overwhelming power and great melodies make them irresistible. 'Un posto' and 'Neve Calda' are centered around simple but effective guitar riffs. 'Eh eh ah ah' starts like a nice mellow ballad, but gets into a hard blues rock groove.On side two, there's the seven-minute mammoth heavy grind of 'Incantesimo' and the colossal 'Missione Sirio 2222,' almost ten minutes of droning acid rock with whirling guitars and heavy pounding drums, sandwiched between an acoustic intro and outro. No surprise then that Nurse With Wound cited Il Balletto di Bronzo as an influence. Original artwork, 12-page colour booklet. COVERS HAVE A VERY LIGHT BUMP IN ONE CORNER, NOT PERFECT.","og_url":"https:\/\/wpguerssen-test.odoo.rgbconsulting.com\/es\/producto\/sirio-2222-slight-corner-bump-in-cover\/","og_site_name":"Guerssen records","article_modified_time":"2025-04-23T15:11:50+00:00","og_image":[{"width":180,"height":180,"url":"https:\/\/wpguerssen-test.odoo.rgbconsulting.com\/wp-content\/uploads\/2022\/03\/14975.jpg","type":"image\/jpeg"}],"twitter_card":"summary_large_image","twitter_title":"BALLETTO DI BRONZO - Sirio 2222 (slight corner bump in cover) -  (LP) | Guerssen","schema":{"@context":"https:\/\/schema.org","@graph":[{"@type":"WebPage","@id":"https:\/\/wpguerssen-test.odoo.rgbconsulting.com\/es\/producto\/sirio-2222-slight-corner-bump-in-cover\/","url":"https:\/\/wpguerssen-test.odoo.rgbconsulting.com\/es\/producto\/sirio-2222-slight-corner-bump-in-cover\/","name":"BALLETTO DI BRONZO - Sirio 2222 (slight corner bump in cover) - (LP) | Guerssen","isPartOf":{"@id":"https:\/\/wpguerssen-test.odoo.rgbconsulting.com\/es\/#website"},"primaryImageOfPage":{"@id":"https:\/\/wpguerssen-test.odoo.rgbconsulting.com\/es\/producto\/sirio-2222-slight-corner-bump-in-cover\/#primaryimage"},"image":{"@id":"https:\/\/wpguerssen-test.odoo.rgbconsulting.com\/es\/producto\/sirio-2222-slight-corner-bump-in-cover\/#primaryimage"},"thumbnailUrl":"https:\/\/wpguerssen-test.odoo.rgbconsulting.com\/wp-content\/uploads\/2022\/03\/14975.jpg","datePublished":"2014-07-13T22:00:00+00:00","dateModified":"2025-04-23T15:11:50+00:00","description":"Raw-edged heavy rock, fronted by Lino Ajello's powerful electric guitars, channeling the dark, jagged energy of Jimmy Page, Adrian Gurvitz, and Jeff Beck. Il Balletto di Bronzo absorbed their influences (Led Zeppelin, Jimi Hendrix, The Yardbirds), but moved from there into an inspired, hard-edged musical space; the band's overwhelming power and great melodies make them irresistible. 'Un posto' and 'Neve Calda' are centered around simple but effective guitar riffs. 'Eh eh ah ah' starts like a nice mellow ballad, but gets into a hard blues rock groove.On side two, there's the seven-minute mammoth heavy grind of 'Incantesimo' and the colossal 'Missione Sirio 2222,' almost ten minutes of droning acid rock with whirling guitars and heavy pounding drums, sandwiched between an acoustic intro and outro. No surprise then that Nurse With Wound cited Il Balletto di Bronzo as an influence. Original artwork, 12-page colour booklet. COVERS HAVE A VERY LIGHT BUMP IN ONE CORNER, NOT PERFECT.","breadcrumb":{"@id":"https:\/\/wpguerssen-test.odoo.rgbconsulting.com\/es\/producto\/sirio-2222-slight-corner-bump-in-cover\/#breadcrumb"},"inLanguage":"es","potentialAction":[{"@type":"ReadAction","target":["https:\/\/wpguerssen-test.odoo.rgbconsulting.com\/es\/producto\/sirio-2222-slight-corner-bump-in-cover\/"]}]},{"@type":"ImageObject","inLanguage":"es","@id":"https:\/\/wpguerssen-test.odoo.rgbconsulting.com\/es\/producto\/sirio-2222-slight-corner-bump-in-cover\/#primaryimage","url":"https:\/\/wpguerssen-test.odoo.rgbconsulting.com\/wp-content\/uploads\/2022\/03\/14975.jpg","contentUrl":"https:\/\/wpguerssen-test.odoo.rgbconsulting.com\/wp-content\/uploads\/2022\/03\/14975.jpg","width":180,"height":180,"caption":"BALLETTO DI BRONZO - Sirio 2222 - LION (LP) | Guerssen"},{"@type":"BreadcrumbList","@id":"https:\/\/wpguerssen-test.odoo.rgbconsulting.com\/es\/producto\/sirio-2222-slight-corner-bump-in-cover\/#breadcrumb","itemListElement":[{"@type":"ListItem","position":1,"name":"Inicio","item":"https:\/\/wpguerssen-test.odoo.rgbconsulting.com\/es\/"},{"@type":"ListItem","position":2,"name":"Shop","item":"https:\/\/wpguerssen-test.odoo.rgbconsulting.com\/shop\/"},{"@type":"ListItem","position":3,"name":"Sirio 2222 (slight corner bump in cover)"}]},{"@type":"WebSite","@id":"https:\/\/wpguerssen-test.odoo.rgbconsulting.com\/es\/#website","url":"https:\/\/wpguerssen-test.odoo.rgbconsulting.com\/es\/","name":"Guerssen records","description":"psychedelia - progressive - folk - garage ","publisher":{"@id":"https:\/\/wpguerssen-test.odoo.rgbconsulting.com\/es\/#organization"},"potentialAction":[{"@type":"SearchAction","target":{"@type":"EntryPoint","urlTemplate":"https:\/\/wpguerssen-test.odoo.rgbconsulting.com\/es\/?s={search_term_string}"},"query-input":{"@type":"PropertyValueSpecification","valueRequired":true,"valueName":"search_term_string"}}],"inLanguage":"es"},{"@type":"Organization","@id":"https:\/\/wpguerssen-test.odoo.rgbconsulting.com\/es\/#organization","name":"Guerssen records","url":"https:\/\/wpguerssen-test.odoo.rgbconsulting.com\/es\/","logo":{"@type":"ImageObject","inLanguage":"es","@id":"https:\/\/wpguerssen-test.odoo.rgbconsulting.com\/es\/#\/schema\/logo\/image\/","url":"https:\/\/wpguerssen-test.odoo.rgbconsulting.com\/wp-content\/uploads\/2022\/04\/Logo_Guerssen_trans_100.png","contentUrl":"https:\/\/wpguerssen-test.odoo.rgbconsulting.com\/wp-content\/uploads\/2022\/04\/Logo_Guerssen_trans_100.png","width":122,"height":100,"caption":"Guerssen records"},"image":{"@id":"https:\/\/wpguerssen-test.odoo.rgbconsulting.com\/es\/#\/schema\/logo\/image\/"}}]}},"_links":{"self":[{"href":"https:\/\/wpguerssen-test.odoo.rgbconsulting.com\/es\/wp-json\/wp\/v2\/product\/178521","targetHints":{"allow":["GET"]}}],"collection":[{"href":"https:\/\/wpguerssen-test.odoo.rgbconsulting.com\/es\/wp-json\/wp\/v2\/product"}],"about":[{"href":"https:\/\/wpguerssen-test.odoo.rgbconsulting.com\/es\/wp-json\/wp\/v2\/types\/product"}],"wp:featuredmedia":[{"embeddable":true,"href":"https:\/\/wpguerssen-test.odoo.rgbconsulting.com\/es\/wp-json\/wp\/v2\/media\/114516"}],"wp:attachment":[{"href":"https:\/\/wpguerssen-test.odoo.rgbconsulting.com\/es\/wp-json\/wp\/v2\/media?parent=178521"}],"wp:term":[{"taxonomy":"product_brand","embeddable":true,"href":"https:\/\/wpguerssen-test.odoo.rgbconsulting.com\/es\/wp-json\/wp\/v2\/product_brand?post=178521"},{"taxonomy":"product_cat","embeddable":true,"href":"https:\/\/wpguerssen-test.odoo.rgbconsulting.com\/es\/wp-json\/wp\/v2\/product_cat?post=178521"},{"taxonomy":"product_tag","embeddable":true,"href":"https:\/\/wpguerssen-test.odoo.rgbconsulting.com\/es\/wp-json\/wp\/v2\/product_tag?post=178521"}],"curies":[{"name":"wp","href":"https:\/\/api.w.org\/{rel}","templated":true}]}}