{"id":178534,"date":"2014-06-19T00:00:00","date_gmt":"2014-06-18T22:00:00","guid":{"rendered":"http:\/\/guerssen.hl1097.dinaserver.com\/product\/transmission-barcelona-second-anniversary\/"},"modified":"2024-02-16T09:03:33","modified_gmt":"2024-02-16T08:03:33","slug":"transmission-barcelona-second-anniversary","status":"publish","type":"product","link":"https:\/\/wpguerssen-test.odoo.rgbconsulting.com\/es\/producto\/transmission-barcelona-second-anniversary\/","title":{"rendered":"Transmission &#8211; Barcelona: Second Anniversary"},"content":{"rendered":"<p>Recopilaci\u00f3n dedicada a la escena internacional de Post-Punk, Cold y Dark Wave con canciones que sonaban en las fiestas celebradas en Barcelona bajo ese t\u00edtulo. Con: Xiu, M\u00e1s All\u00e1, Madmoizel&#8230;<\/p>\n","protected":false},"excerpt":{"rendered":"<p>Recopilaci\u00f3n dedicada a la escena internacional de Post-Punk, Cold y Dark Wave con canciones que sonaban en las fiestas celebradas en Barcelona bajo ese t\u00edtulo.<a class=\"read\" href=\"https:\/\/wpguerssen-test.odoo.rgbconsulting.com\/es\/producto\/transmission-barcelona-second-anniversary\/\"> (...)<\/a>","protected":false},"featured_media":114559,"template":"","meta":{"_acf_changed":false},"product_brand":[],"product_cat":[23226,23222],"product_tag":[],"class_list":{"0":"post-178534","1":"product","2":"type-product","3":"status-publish","4":"has-post-thumbnail","6":"product_cat-industrial-es","7":"product_cat-goth-darkwave-minima-es","8":"pa_artist-various-artists-es","9":"pa_format-lp-es","10":"pa_gender-industrial-goth-darkwave-minima","11":"pa_location-spain-es","12":"pa_other-filters-vinyl-only-es","14":"first","15":"instock","16":"taxable","17":"shipping-taxable","18":"purchasable","19":"product-type-simple"},"acf":[],"yoast_head":"<!-- This site is optimized with the Yoast SEO plugin v24.9 - https:\/\/yoast.com\/wordpress\/plugins\/seo\/ -->\n<title>VARIOUS ARTISTS - Transmission - Barcelona: Second Anniversary -  (LP) | Guerssen<\/title>\n<meta name=\"description\" content=\"We are so happy to introduce: Transmission - Barcelona &#039;Second Anniversary&#039;, compilated and produced by Dj Sandman and Domestica Records. After the great success of volume one, edited on CD due to Transimission&#039;s first anniversary, we decided that volume two should be presented in the format we love the most: vinyl. #nl# Transmission is a monthly party dedicated to all the international New New Wave, Post Punk, Cold Wave, Dark Wave scene, celebrated at Antiobiotic Bar in Barcelona since December 2011. Sessions are accurately selected by Dj Sandman, where emerging and unknown bands are really important and also forgotten gems from the underrated 80s scene. #nl# Dj Sandman started his career as dj in the middle 80s, he has performed in the most emblematic clubs in Barcelona and Madrid, and he has also taken part in some important parties happening in Germany, like in the Nachtwerk club (Karlsruhe) or the 17th edition of the Wave Gotik Treffen Festival (Leipzig). #nl# Next June, Transmission session is going to take place at the WGT festival too, we will be waiting for you! #nl# We want to thanks especially to Seacrypt, Madmoizel, Phosphor, Des \u00c2mes Libres, Schonwald, In Death It Ends, Noi Kab\u00e1t, M\u00e1s All\u00e1, In A Lonely Place and Xiu and Roger Cuixart (Mastering) for all his support and his great contribution.\" \/>\n<meta name=\"robots\" content=\"index, follow, max-snippet:-1, max-image-preview:large, max-video-preview:-1\" \/>\n<link rel=\"canonical\" href=\"https:\/\/wpguerssen-test.odoo.rgbconsulting.com\/es\/producto\/transmission-barcelona-second-anniversary\/\" \/>\n<meta property=\"og:locale\" content=\"es_ES\" \/>\n<meta property=\"og:type\" content=\"article\" \/>\n<meta property=\"og:title\" content=\"VARIOUS ARTISTS - Transmission - Barcelona: Second Anniversary -  (LP) | Guerssen\" \/>\n<meta property=\"og:description\" content=\"We are so happy to introduce: Transmission - Barcelona &#039;Second Anniversary&#039;, compilated and produced by Dj Sandman and Domestica Records. After the great success of volume one, edited on CD due to Transimission&#039;s first anniversary, we decided that volume two should be presented in the format we love the most: vinyl. #nl# Transmission is a monthly party dedicated to all the international New New Wave, Post Punk, Cold Wave, Dark Wave scene, celebrated at Antiobiotic Bar in Barcelona since December 2011. Sessions are accurately selected by Dj Sandman, where emerging and unknown bands are really important and also forgotten gems from the underrated 80s scene. #nl# Dj Sandman started his career as dj in the middle 80s, he has performed in the most emblematic clubs in Barcelona and Madrid, and he has also taken part in some important parties happening in Germany, like in the Nachtwerk club (Karlsruhe) or the 17th edition of the Wave Gotik Treffen Festival (Leipzig). #nl# Next June, Transmission session is going to take place at the WGT festival too, we will be waiting for you! #nl# We want to thanks especially to Seacrypt, Madmoizel, Phosphor, Des \u00c2mes Libres, Schonwald, In Death It Ends, Noi Kab\u00e1t, M\u00e1s All\u00e1, In A Lonely Place and Xiu and Roger Cuixart (Mastering) for all his support and his great contribution.\" \/>\n<meta property=\"og:url\" content=\"https:\/\/wpguerssen-test.odoo.rgbconsulting.com\/es\/producto\/transmission-barcelona-second-anniversary\/\" \/>\n<meta property=\"og:site_name\" content=\"Guerssen records\" \/>\n<meta property=\"article:modified_time\" content=\"2024-02-16T08:03:33+00:00\" \/>\n<meta property=\"og:image\" content=\"https:\/\/wpguerssen-test.odoo.rgbconsulting.com\/wp-content\/uploads\/2022\/03\/15016.jpg\" \/>\n\t<meta property=\"og:image:width\" content=\"340\" \/>\n\t<meta property=\"og:image:height\" content=\"340\" \/>\n\t<meta property=\"og:image:type\" content=\"image\/jpeg\" \/>\n<meta name=\"twitter:card\" content=\"summary_large_image\" \/>\n<meta name=\"twitter:title\" content=\"VARIOUS ARTISTS - Transmission - Barcelona: Second Anniversary -  (LP) | Guerssen\" \/>\n<script type=\"application\/ld+json\" class=\"yoast-schema-graph\">{\"@context\":\"https:\/\/schema.org\",\"@graph\":[{\"@type\":\"WebPage\",\"@id\":\"https:\/\/wpguerssen-test.odoo.rgbconsulting.com\/es\/producto\/transmission-barcelona-second-anniversary\/\",\"url\":\"https:\/\/wpguerssen-test.odoo.rgbconsulting.com\/es\/producto\/transmission-barcelona-second-anniversary\/\",\"name\":\"VARIOUS ARTISTS - Transmission - Barcelona: Second Anniversary - (LP) | Guerssen\",\"isPartOf\":{\"@id\":\"https:\/\/wpguerssen-test.odoo.rgbconsulting.com\/es\/#website\"},\"primaryImageOfPage\":{\"@id\":\"https:\/\/wpguerssen-test.odoo.rgbconsulting.com\/es\/producto\/transmission-barcelona-second-anniversary\/#primaryimage\"},\"image\":{\"@id\":\"https:\/\/wpguerssen-test.odoo.rgbconsulting.com\/es\/producto\/transmission-barcelona-second-anniversary\/#primaryimage\"},\"thumbnailUrl\":\"https:\/\/wpguerssen-test.odoo.rgbconsulting.com\/wp-content\/uploads\/2022\/03\/15016.jpg\",\"datePublished\":\"2014-06-18T22:00:00+00:00\",\"dateModified\":\"2024-02-16T08:03:33+00:00\",\"description\":\"We are so happy to introduce: Transmission - Barcelona 'Second Anniversary', compilated and produced by Dj Sandman and Domestica Records. After the great success of volume one, edited on CD due to Transimission's first anniversary, we decided that volume two should be presented in the format we love the most: vinyl. #nl# Transmission is a monthly party dedicated to all the international New New Wave, Post Punk, Cold Wave, Dark Wave scene, celebrated at Antiobiotic Bar in Barcelona since December 2011. Sessions are accurately selected by Dj Sandman, where emerging and unknown bands are really important and also forgotten gems from the underrated 80s scene. #nl# Dj Sandman started his career as dj in the middle 80s, he has performed in the most emblematic clubs in Barcelona and Madrid, and he has also taken part in some important parties happening in Germany, like in the Nachtwerk club (Karlsruhe) or the 17th edition of the Wave Gotik Treffen Festival (Leipzig). #nl# Next June, Transmission session is going to take place at the WGT festival too, we will be waiting for you! #nl# We want to thanks especially to Seacrypt, Madmoizel, Phosphor, Des \u00c2mes Libres, Schonwald, In Death It Ends, Noi Kab\u00e1t, M\u00e1s All\u00e1, In A Lonely Place and Xiu and Roger Cuixart (Mastering) for all his support and his great contribution.\",\"breadcrumb\":{\"@id\":\"https:\/\/wpguerssen-test.odoo.rgbconsulting.com\/es\/producto\/transmission-barcelona-second-anniversary\/#breadcrumb\"},\"inLanguage\":\"es\",\"potentialAction\":[{\"@type\":\"ReadAction\",\"target\":[\"https:\/\/wpguerssen-test.odoo.rgbconsulting.com\/es\/producto\/transmission-barcelona-second-anniversary\/\"]}]},{\"@type\":\"ImageObject\",\"inLanguage\":\"es\",\"@id\":\"https:\/\/wpguerssen-test.odoo.rgbconsulting.com\/es\/producto\/transmission-barcelona-second-anniversary\/#primaryimage\",\"url\":\"https:\/\/wpguerssen-test.odoo.rgbconsulting.com\/wp-content\/uploads\/2022\/03\/15016.jpg\",\"contentUrl\":\"https:\/\/wpguerssen-test.odoo.rgbconsulting.com\/wp-content\/uploads\/2022\/03\/15016.jpg\",\"width\":340,\"height\":340,\"caption\":\"VARIOUS ARTISTS - Transmission - Barcelona: Second Anniversary - DOMESTICA (LP) | Guerssen\"},{\"@type\":\"BreadcrumbList\",\"@id\":\"https:\/\/wpguerssen-test.odoo.rgbconsulting.com\/es\/producto\/transmission-barcelona-second-anniversary\/#breadcrumb\",\"itemListElement\":[{\"@type\":\"ListItem\",\"position\":1,\"name\":\"Inicio\",\"item\":\"https:\/\/wpguerssen-test.odoo.rgbconsulting.com\/es\/\"},{\"@type\":\"ListItem\",\"position\":2,\"name\":\"Shop\",\"item\":\"https:\/\/wpguerssen-test.odoo.rgbconsulting.com\/shop\/\"},{\"@type\":\"ListItem\",\"position\":3,\"name\":\"Transmission &#8211; Barcelona: Second Anniversary\"}]},{\"@type\":\"WebSite\",\"@id\":\"https:\/\/wpguerssen-test.odoo.rgbconsulting.com\/es\/#website\",\"url\":\"https:\/\/wpguerssen-test.odoo.rgbconsulting.com\/es\/\",\"name\":\"Guerssen records\",\"description\":\"psychedelia - progressive - folk - garage \",\"publisher\":{\"@id\":\"https:\/\/wpguerssen-test.odoo.rgbconsulting.com\/es\/#organization\"},\"potentialAction\":[{\"@type\":\"SearchAction\",\"target\":{\"@type\":\"EntryPoint\",\"urlTemplate\":\"https:\/\/wpguerssen-test.odoo.rgbconsulting.com\/es\/?s={search_term_string}\"},\"query-input\":{\"@type\":\"PropertyValueSpecification\",\"valueRequired\":true,\"valueName\":\"search_term_string\"}}],\"inLanguage\":\"es\"},{\"@type\":\"Organization\",\"@id\":\"https:\/\/wpguerssen-test.odoo.rgbconsulting.com\/es\/#organization\",\"name\":\"Guerssen records\",\"url\":\"https:\/\/wpguerssen-test.odoo.rgbconsulting.com\/es\/\",\"logo\":{\"@type\":\"ImageObject\",\"inLanguage\":\"es\",\"@id\":\"https:\/\/wpguerssen-test.odoo.rgbconsulting.com\/es\/#\/schema\/logo\/image\/\",\"url\":\"https:\/\/wpguerssen-test.odoo.rgbconsulting.com\/wp-content\/uploads\/2022\/04\/Logo_Guerssen_trans_100.png\",\"contentUrl\":\"https:\/\/wpguerssen-test.odoo.rgbconsulting.com\/wp-content\/uploads\/2022\/04\/Logo_Guerssen_trans_100.png\",\"width\":122,\"height\":100,\"caption\":\"Guerssen records\"},\"image\":{\"@id\":\"https:\/\/wpguerssen-test.odoo.rgbconsulting.com\/es\/#\/schema\/logo\/image\/\"}}]}<\/script>\n<!-- \/ Yoast SEO plugin. -->","yoast_head_json":{"title":"VARIOUS ARTISTS - Transmission - Barcelona: Second Anniversary -  (LP) | Guerssen","description":"We are so happy to introduce: Transmission - Barcelona 'Second Anniversary', compilated and produced by Dj Sandman and Domestica Records. After the great success of volume one, edited on CD due to Transimission's first anniversary, we decided that volume two should be presented in the format we love the most: vinyl. #nl# Transmission is a monthly party dedicated to all the international New New Wave, Post Punk, Cold Wave, Dark Wave scene, celebrated at Antiobiotic Bar in Barcelona since December 2011. Sessions are accurately selected by Dj Sandman, where emerging and unknown bands are really important and also forgotten gems from the underrated 80s scene. #nl# Dj Sandman started his career as dj in the middle 80s, he has performed in the most emblematic clubs in Barcelona and Madrid, and he has also taken part in some important parties happening in Germany, like in the Nachtwerk club (Karlsruhe) or the 17th edition of the Wave Gotik Treffen Festival (Leipzig). #nl# Next June, Transmission session is going to take place at the WGT festival too, we will be waiting for you! #nl# We want to thanks especially to Seacrypt, Madmoizel, Phosphor, Des \u00c2mes Libres, Schonwald, In Death It Ends, Noi Kab\u00e1t, M\u00e1s All\u00e1, In A Lonely Place and Xiu and Roger Cuixart (Mastering) for all his support and his great contribution.","robots":{"index":"index","follow":"follow","max-snippet":"max-snippet:-1","max-image-preview":"max-image-preview:large","max-video-preview":"max-video-preview:-1"},"canonical":"https:\/\/wpguerssen-test.odoo.rgbconsulting.com\/es\/producto\/transmission-barcelona-second-anniversary\/","og_locale":"es_ES","og_type":"article","og_title":"VARIOUS ARTISTS - Transmission - Barcelona: Second Anniversary -  (LP) | Guerssen","og_description":"We are so happy to introduce: Transmission - Barcelona 'Second Anniversary', compilated and produced by Dj Sandman and Domestica Records. After the great success of volume one, edited on CD due to Transimission's first anniversary, we decided that volume two should be presented in the format we love the most: vinyl. #nl# Transmission is a monthly party dedicated to all the international New New Wave, Post Punk, Cold Wave, Dark Wave scene, celebrated at Antiobiotic Bar in Barcelona since December 2011. Sessions are accurately selected by Dj Sandman, where emerging and unknown bands are really important and also forgotten gems from the underrated 80s scene. #nl# Dj Sandman started his career as dj in the middle 80s, he has performed in the most emblematic clubs in Barcelona and Madrid, and he has also taken part in some important parties happening in Germany, like in the Nachtwerk club (Karlsruhe) or the 17th edition of the Wave Gotik Treffen Festival (Leipzig). #nl# Next June, Transmission session is going to take place at the WGT festival too, we will be waiting for you! #nl# We want to thanks especially to Seacrypt, Madmoizel, Phosphor, Des \u00c2mes Libres, Schonwald, In Death It Ends, Noi Kab\u00e1t, M\u00e1s All\u00e1, In A Lonely Place and Xiu and Roger Cuixart (Mastering) for all his support and his great contribution.","og_url":"https:\/\/wpguerssen-test.odoo.rgbconsulting.com\/es\/producto\/transmission-barcelona-second-anniversary\/","og_site_name":"Guerssen records","article_modified_time":"2024-02-16T08:03:33+00:00","og_image":[{"width":340,"height":340,"url":"https:\/\/wpguerssen-test.odoo.rgbconsulting.com\/wp-content\/uploads\/2022\/03\/15016.jpg","type":"image\/jpeg"}],"twitter_card":"summary_large_image","twitter_title":"VARIOUS ARTISTS - Transmission - Barcelona: Second Anniversary -  (LP) | Guerssen","schema":{"@context":"https:\/\/schema.org","@graph":[{"@type":"WebPage","@id":"https:\/\/wpguerssen-test.odoo.rgbconsulting.com\/es\/producto\/transmission-barcelona-second-anniversary\/","url":"https:\/\/wpguerssen-test.odoo.rgbconsulting.com\/es\/producto\/transmission-barcelona-second-anniversary\/","name":"VARIOUS ARTISTS - Transmission - Barcelona: Second Anniversary - (LP) | Guerssen","isPartOf":{"@id":"https:\/\/wpguerssen-test.odoo.rgbconsulting.com\/es\/#website"},"primaryImageOfPage":{"@id":"https:\/\/wpguerssen-test.odoo.rgbconsulting.com\/es\/producto\/transmission-barcelona-second-anniversary\/#primaryimage"},"image":{"@id":"https:\/\/wpguerssen-test.odoo.rgbconsulting.com\/es\/producto\/transmission-barcelona-second-anniversary\/#primaryimage"},"thumbnailUrl":"https:\/\/wpguerssen-test.odoo.rgbconsulting.com\/wp-content\/uploads\/2022\/03\/15016.jpg","datePublished":"2014-06-18T22:00:00+00:00","dateModified":"2024-02-16T08:03:33+00:00","description":"We are so happy to introduce: Transmission - Barcelona 'Second Anniversary', compilated and produced by Dj Sandman and Domestica Records. After the great success of volume one, edited on CD due to Transimission's first anniversary, we decided that volume two should be presented in the format we love the most: vinyl. #nl# Transmission is a monthly party dedicated to all the international New New Wave, Post Punk, Cold Wave, Dark Wave scene, celebrated at Antiobiotic Bar in Barcelona since December 2011. Sessions are accurately selected by Dj Sandman, where emerging and unknown bands are really important and also forgotten gems from the underrated 80s scene. #nl# Dj Sandman started his career as dj in the middle 80s, he has performed in the most emblematic clubs in Barcelona and Madrid, and he has also taken part in some important parties happening in Germany, like in the Nachtwerk club (Karlsruhe) or the 17th edition of the Wave Gotik Treffen Festival (Leipzig). #nl# Next June, Transmission session is going to take place at the WGT festival too, we will be waiting for you! #nl# We want to thanks especially to Seacrypt, Madmoizel, Phosphor, Des \u00c2mes Libres, Schonwald, In Death It Ends, Noi Kab\u00e1t, M\u00e1s All\u00e1, In A Lonely Place and Xiu and Roger Cuixart (Mastering) for all his support and his great contribution.","breadcrumb":{"@id":"https:\/\/wpguerssen-test.odoo.rgbconsulting.com\/es\/producto\/transmission-barcelona-second-anniversary\/#breadcrumb"},"inLanguage":"es","potentialAction":[{"@type":"ReadAction","target":["https:\/\/wpguerssen-test.odoo.rgbconsulting.com\/es\/producto\/transmission-barcelona-second-anniversary\/"]}]},{"@type":"ImageObject","inLanguage":"es","@id":"https:\/\/wpguerssen-test.odoo.rgbconsulting.com\/es\/producto\/transmission-barcelona-second-anniversary\/#primaryimage","url":"https:\/\/wpguerssen-test.odoo.rgbconsulting.com\/wp-content\/uploads\/2022\/03\/15016.jpg","contentUrl":"https:\/\/wpguerssen-test.odoo.rgbconsulting.com\/wp-content\/uploads\/2022\/03\/15016.jpg","width":340,"height":340,"caption":"VARIOUS ARTISTS - Transmission - Barcelona: Second Anniversary - DOMESTICA (LP) | Guerssen"},{"@type":"BreadcrumbList","@id":"https:\/\/wpguerssen-test.odoo.rgbconsulting.com\/es\/producto\/transmission-barcelona-second-anniversary\/#breadcrumb","itemListElement":[{"@type":"ListItem","position":1,"name":"Inicio","item":"https:\/\/wpguerssen-test.odoo.rgbconsulting.com\/es\/"},{"@type":"ListItem","position":2,"name":"Shop","item":"https:\/\/wpguerssen-test.odoo.rgbconsulting.com\/shop\/"},{"@type":"ListItem","position":3,"name":"Transmission &#8211; Barcelona: Second Anniversary"}]},{"@type":"WebSite","@id":"https:\/\/wpguerssen-test.odoo.rgbconsulting.com\/es\/#website","url":"https:\/\/wpguerssen-test.odoo.rgbconsulting.com\/es\/","name":"Guerssen records","description":"psychedelia - progressive - folk - garage ","publisher":{"@id":"https:\/\/wpguerssen-test.odoo.rgbconsulting.com\/es\/#organization"},"potentialAction":[{"@type":"SearchAction","target":{"@type":"EntryPoint","urlTemplate":"https:\/\/wpguerssen-test.odoo.rgbconsulting.com\/es\/?s={search_term_string}"},"query-input":{"@type":"PropertyValueSpecification","valueRequired":true,"valueName":"search_term_string"}}],"inLanguage":"es"},{"@type":"Organization","@id":"https:\/\/wpguerssen-test.odoo.rgbconsulting.com\/es\/#organization","name":"Guerssen records","url":"https:\/\/wpguerssen-test.odoo.rgbconsulting.com\/es\/","logo":{"@type":"ImageObject","inLanguage":"es","@id":"https:\/\/wpguerssen-test.odoo.rgbconsulting.com\/es\/#\/schema\/logo\/image\/","url":"https:\/\/wpguerssen-test.odoo.rgbconsulting.com\/wp-content\/uploads\/2022\/04\/Logo_Guerssen_trans_100.png","contentUrl":"https:\/\/wpguerssen-test.odoo.rgbconsulting.com\/wp-content\/uploads\/2022\/04\/Logo_Guerssen_trans_100.png","width":122,"height":100,"caption":"Guerssen records"},"image":{"@id":"https:\/\/wpguerssen-test.odoo.rgbconsulting.com\/es\/#\/schema\/logo\/image\/"}}]}},"_links":{"self":[{"href":"https:\/\/wpguerssen-test.odoo.rgbconsulting.com\/es\/wp-json\/wp\/v2\/product\/178534","targetHints":{"allow":["GET"]}}],"collection":[{"href":"https:\/\/wpguerssen-test.odoo.rgbconsulting.com\/es\/wp-json\/wp\/v2\/product"}],"about":[{"href":"https:\/\/wpguerssen-test.odoo.rgbconsulting.com\/es\/wp-json\/wp\/v2\/types\/product"}],"wp:featuredmedia":[{"embeddable":true,"href":"https:\/\/wpguerssen-test.odoo.rgbconsulting.com\/es\/wp-json\/wp\/v2\/media\/114559"}],"wp:attachment":[{"href":"https:\/\/wpguerssen-test.odoo.rgbconsulting.com\/es\/wp-json\/wp\/v2\/media?parent=178534"}],"wp:term":[{"taxonomy":"product_brand","embeddable":true,"href":"https:\/\/wpguerssen-test.odoo.rgbconsulting.com\/es\/wp-json\/wp\/v2\/product_brand?post=178534"},{"taxonomy":"product_cat","embeddable":true,"href":"https:\/\/wpguerssen-test.odoo.rgbconsulting.com\/es\/wp-json\/wp\/v2\/product_cat?post=178534"},{"taxonomy":"product_tag","embeddable":true,"href":"https:\/\/wpguerssen-test.odoo.rgbconsulting.com\/es\/wp-json\/wp\/v2\/product_tag?post=178534"}],"curies":[{"name":"wp","href":"https:\/\/api.w.org\/{rel}","templated":true}]}}