{"id":178549,"date":"2014-09-02T00:00:00","date_gmt":"2014-09-01T22:00:00","guid":{"rendered":"http:\/\/guerssen.hl1097.dinaserver.com\/product\/unikuva\/"},"modified":"2024-02-07T16:38:48","modified_gmt":"2024-02-07T15:38:48","slug":"unikuva","status":"publish","type":"product","link":"https:\/\/wpguerssen-test.odoo.rgbconsulting.com\/es\/producto\/unikuva\/","title":{"rendered":"Unikuva"},"content":{"rendered":"<p>Finlandia, principios de los 70. Heavy-prog con influencia de Cream, largos solos de guitarra, \u00f3rgano, piano el\u00e9ctrico, dura secci\u00f3n r\u00edtmica&#8230;Incluye insert y p\u00f3ster.<\/p>\n","protected":false},"excerpt":{"rendered":"<p>Finlandia, principios de los 70. Heavy-prog con influencia de Cream, largos solos de guitarra, \u00f3rgano, piano el\u00e9ctrico, dura secci\u00f3n r\u00edtmica&#8230;Incluye insert<a class=\"read\" href=\"https:\/\/wpguerssen-test.odoo.rgbconsulting.com\/es\/producto\/unikuva\/\"> (...)<\/a>","protected":false},"featured_media":114598,"template":"","meta":{"_acf_changed":false},"product_brand":[],"product_cat":[23215,23224],"product_tag":[],"class_list":{"0":"post-178549","1":"product","2":"type-product","3":"status-publish","4":"has-post-thumbnail","6":"product_cat-progressive60s-70s-es","7":"product_cat-hard-rock-60s-70s-es","8":"pa_format-lp-es","9":"pa_gender-hard-rock-60s-70s-progressive60s-70s","10":"pa_location-europe-es","11":"pa_other-filters-vinyl-only-es","13":"first","14":"instock","15":"taxable","16":"shipping-taxable","17":"purchasable","18":"product-type-simple"},"acf":[],"yoast_head":"<!-- This site is optimized with the Yoast SEO plugin v24.9 - https:\/\/yoast.com\/wordpress\/plugins\/seo\/ -->\n<title>SESSION - Unikuva -  (LP) | Guerssen<\/title>\n<meta name=\"description\" content=\"Session was a Finnish rock band founded in 1970. They played typical experimental rock common in the 70s, but they added their own touch of creativity in the music and while the majority of the lyrics were in Finnish, it stands out compared to most progressive rock bands. Their most active time period was between 1972 - 1974 when they released two 7&quot; singles and one album, which are rare and highly sought after collector items. Recorded also for EMI as &quot;Elonkorjuu&quot;, but Session is rarer and as good or even better. When &quot;Charlies&quot; is the Finnish equivalent of the &quot;Cream&quot;, &quot;Session&quot; might work in the same musical style as bands such as &quot;IF&quot; and other prog bands on the Vertigo label. A strong progressive rock album with loud guitar solos, organ, electric piano, horns and most significant, a fiercely driving bass. Insert, poster.\" \/>\n<meta name=\"robots\" content=\"index, follow, max-snippet:-1, max-image-preview:large, max-video-preview:-1\" \/>\n<link rel=\"canonical\" href=\"https:\/\/wpguerssen-test.odoo.rgbconsulting.com\/es\/producto\/unikuva\/\" \/>\n<meta property=\"og:locale\" content=\"es_ES\" \/>\n<meta property=\"og:type\" content=\"article\" \/>\n<meta property=\"og:title\" content=\"SESSION - Unikuva -  (LP) | Guerssen\" \/>\n<meta property=\"og:description\" content=\"Session was a Finnish rock band founded in 1970. They played typical experimental rock common in the 70s, but they added their own touch of creativity in the music and while the majority of the lyrics were in Finnish, it stands out compared to most progressive rock bands. Their most active time period was between 1972 - 1974 when they released two 7&quot; singles and one album, which are rare and highly sought after collector items. Recorded also for EMI as &quot;Elonkorjuu&quot;, but Session is rarer and as good or even better. When &quot;Charlies&quot; is the Finnish equivalent of the &quot;Cream&quot;, &quot;Session&quot; might work in the same musical style as bands such as &quot;IF&quot; and other prog bands on the Vertigo label. A strong progressive rock album with loud guitar solos, organ, electric piano, horns and most significant, a fiercely driving bass. Insert, poster.\" \/>\n<meta property=\"og:url\" content=\"https:\/\/wpguerssen-test.odoo.rgbconsulting.com\/es\/producto\/unikuva\/\" \/>\n<meta property=\"og:site_name\" content=\"Guerssen records\" \/>\n<meta property=\"article:modified_time\" content=\"2024-02-07T15:38:48+00:00\" \/>\n<meta property=\"og:image\" content=\"https:\/\/wpguerssen-test.odoo.rgbconsulting.com\/wp-content\/uploads\/2022\/03\/15043.jpg\" \/>\n\t<meta property=\"og:image:width\" content=\"135\" \/>\n\t<meta property=\"og:image:height\" content=\"135\" \/>\n\t<meta property=\"og:image:type\" content=\"image\/jpeg\" \/>\n<meta name=\"twitter:card\" content=\"summary_large_image\" \/>\n<meta name=\"twitter:title\" content=\"SESSION - Unikuva -  (LP) | Guerssen\" \/>\n<script type=\"application\/ld+json\" class=\"yoast-schema-graph\">{\"@context\":\"https:\/\/schema.org\",\"@graph\":[{\"@type\":\"WebPage\",\"@id\":\"https:\/\/wpguerssen-test.odoo.rgbconsulting.com\/es\/producto\/unikuva\/\",\"url\":\"https:\/\/wpguerssen-test.odoo.rgbconsulting.com\/es\/producto\/unikuva\/\",\"name\":\"SESSION - Unikuva - (LP) | Guerssen\",\"isPartOf\":{\"@id\":\"https:\/\/wpguerssen-test.odoo.rgbconsulting.com\/es\/#website\"},\"primaryImageOfPage\":{\"@id\":\"https:\/\/wpguerssen-test.odoo.rgbconsulting.com\/es\/producto\/unikuva\/#primaryimage\"},\"image\":{\"@id\":\"https:\/\/wpguerssen-test.odoo.rgbconsulting.com\/es\/producto\/unikuva\/#primaryimage\"},\"thumbnailUrl\":\"https:\/\/wpguerssen-test.odoo.rgbconsulting.com\/wp-content\/uploads\/2022\/03\/15043.jpg\",\"datePublished\":\"2014-09-01T22:00:00+00:00\",\"dateModified\":\"2024-02-07T15:38:48+00:00\",\"description\":\"Session was a Finnish rock band founded in 1970. They played typical experimental rock common in the 70s, but they added their own touch of creativity in the music and while the majority of the lyrics were in Finnish, it stands out compared to most progressive rock bands. Their most active time period was between 1972 - 1974 when they released two 7\\\" singles and one album, which are rare and highly sought after collector items. Recorded also for EMI as \\\"Elonkorjuu\\\", but Session is rarer and as good or even better. When \\\"Charlies\\\" is the Finnish equivalent of the \\\"Cream\\\", \\\"Session\\\" might work in the same musical style as bands such as \\\"IF\\\" and other prog bands on the Vertigo label. A strong progressive rock album with loud guitar solos, organ, electric piano, horns and most significant, a fiercely driving bass. Insert, poster.\",\"breadcrumb\":{\"@id\":\"https:\/\/wpguerssen-test.odoo.rgbconsulting.com\/es\/producto\/unikuva\/#breadcrumb\"},\"inLanguage\":\"es\",\"potentialAction\":[{\"@type\":\"ReadAction\",\"target\":[\"https:\/\/wpguerssen-test.odoo.rgbconsulting.com\/es\/producto\/unikuva\/\"]}]},{\"@type\":\"ImageObject\",\"inLanguage\":\"es\",\"@id\":\"https:\/\/wpguerssen-test.odoo.rgbconsulting.com\/es\/producto\/unikuva\/#primaryimage\",\"url\":\"https:\/\/wpguerssen-test.odoo.rgbconsulting.com\/wp-content\/uploads\/2022\/03\/15043.jpg\",\"contentUrl\":\"https:\/\/wpguerssen-test.odoo.rgbconsulting.com\/wp-content\/uploads\/2022\/03\/15043.jpg\",\"width\":135,\"height\":135,\"caption\":\"SESSION - Unikuva - SHADOKS (LP) | Guerssen\"},{\"@type\":\"BreadcrumbList\",\"@id\":\"https:\/\/wpguerssen-test.odoo.rgbconsulting.com\/es\/producto\/unikuva\/#breadcrumb\",\"itemListElement\":[{\"@type\":\"ListItem\",\"position\":1,\"name\":\"Inicio\",\"item\":\"https:\/\/wpguerssen-test.odoo.rgbconsulting.com\/es\/\"},{\"@type\":\"ListItem\",\"position\":2,\"name\":\"Shop\",\"item\":\"https:\/\/wpguerssen-test.odoo.rgbconsulting.com\/shop\/\"},{\"@type\":\"ListItem\",\"position\":3,\"name\":\"Unikuva\"}]},{\"@type\":\"WebSite\",\"@id\":\"https:\/\/wpguerssen-test.odoo.rgbconsulting.com\/es\/#website\",\"url\":\"https:\/\/wpguerssen-test.odoo.rgbconsulting.com\/es\/\",\"name\":\"Guerssen records\",\"description\":\"psychedelia - progressive - folk - garage \",\"publisher\":{\"@id\":\"https:\/\/wpguerssen-test.odoo.rgbconsulting.com\/es\/#organization\"},\"potentialAction\":[{\"@type\":\"SearchAction\",\"target\":{\"@type\":\"EntryPoint\",\"urlTemplate\":\"https:\/\/wpguerssen-test.odoo.rgbconsulting.com\/es\/?s={search_term_string}\"},\"query-input\":{\"@type\":\"PropertyValueSpecification\",\"valueRequired\":true,\"valueName\":\"search_term_string\"}}],\"inLanguage\":\"es\"},{\"@type\":\"Organization\",\"@id\":\"https:\/\/wpguerssen-test.odoo.rgbconsulting.com\/es\/#organization\",\"name\":\"Guerssen records\",\"url\":\"https:\/\/wpguerssen-test.odoo.rgbconsulting.com\/es\/\",\"logo\":{\"@type\":\"ImageObject\",\"inLanguage\":\"es\",\"@id\":\"https:\/\/wpguerssen-test.odoo.rgbconsulting.com\/es\/#\/schema\/logo\/image\/\",\"url\":\"https:\/\/wpguerssen-test.odoo.rgbconsulting.com\/wp-content\/uploads\/2022\/04\/Logo_Guerssen_trans_100.png\",\"contentUrl\":\"https:\/\/wpguerssen-test.odoo.rgbconsulting.com\/wp-content\/uploads\/2022\/04\/Logo_Guerssen_trans_100.png\",\"width\":122,\"height\":100,\"caption\":\"Guerssen records\"},\"image\":{\"@id\":\"https:\/\/wpguerssen-test.odoo.rgbconsulting.com\/es\/#\/schema\/logo\/image\/\"}}]}<\/script>\n<!-- \/ Yoast SEO plugin. -->","yoast_head_json":{"title":"SESSION - Unikuva -  (LP) | Guerssen","description":"Session was a Finnish rock band founded in 1970. They played typical experimental rock common in the 70s, but they added their own touch of creativity in the music and while the majority of the lyrics were in Finnish, it stands out compared to most progressive rock bands. Their most active time period was between 1972 - 1974 when they released two 7\" singles and one album, which are rare and highly sought after collector items. Recorded also for EMI as \"Elonkorjuu\", but Session is rarer and as good or even better. When \"Charlies\" is the Finnish equivalent of the \"Cream\", \"Session\" might work in the same musical style as bands such as \"IF\" and other prog bands on the Vertigo label. A strong progressive rock album with loud guitar solos, organ, electric piano, horns and most significant, a fiercely driving bass. Insert, poster.","robots":{"index":"index","follow":"follow","max-snippet":"max-snippet:-1","max-image-preview":"max-image-preview:large","max-video-preview":"max-video-preview:-1"},"canonical":"https:\/\/wpguerssen-test.odoo.rgbconsulting.com\/es\/producto\/unikuva\/","og_locale":"es_ES","og_type":"article","og_title":"SESSION - Unikuva -  (LP) | Guerssen","og_description":"Session was a Finnish rock band founded in 1970. They played typical experimental rock common in the 70s, but they added their own touch of creativity in the music and while the majority of the lyrics were in Finnish, it stands out compared to most progressive rock bands. Their most active time period was between 1972 - 1974 when they released two 7\" singles and one album, which are rare and highly sought after collector items. Recorded also for EMI as \"Elonkorjuu\", but Session is rarer and as good or even better. When \"Charlies\" is the Finnish equivalent of the \"Cream\", \"Session\" might work in the same musical style as bands such as \"IF\" and other prog bands on the Vertigo label. A strong progressive rock album with loud guitar solos, organ, electric piano, horns and most significant, a fiercely driving bass. Insert, poster.","og_url":"https:\/\/wpguerssen-test.odoo.rgbconsulting.com\/es\/producto\/unikuva\/","og_site_name":"Guerssen records","article_modified_time":"2024-02-07T15:38:48+00:00","og_image":[{"width":135,"height":135,"url":"https:\/\/wpguerssen-test.odoo.rgbconsulting.com\/wp-content\/uploads\/2022\/03\/15043.jpg","type":"image\/jpeg"}],"twitter_card":"summary_large_image","twitter_title":"SESSION - Unikuva -  (LP) | Guerssen","schema":{"@context":"https:\/\/schema.org","@graph":[{"@type":"WebPage","@id":"https:\/\/wpguerssen-test.odoo.rgbconsulting.com\/es\/producto\/unikuva\/","url":"https:\/\/wpguerssen-test.odoo.rgbconsulting.com\/es\/producto\/unikuva\/","name":"SESSION - Unikuva - (LP) | Guerssen","isPartOf":{"@id":"https:\/\/wpguerssen-test.odoo.rgbconsulting.com\/es\/#website"},"primaryImageOfPage":{"@id":"https:\/\/wpguerssen-test.odoo.rgbconsulting.com\/es\/producto\/unikuva\/#primaryimage"},"image":{"@id":"https:\/\/wpguerssen-test.odoo.rgbconsulting.com\/es\/producto\/unikuva\/#primaryimage"},"thumbnailUrl":"https:\/\/wpguerssen-test.odoo.rgbconsulting.com\/wp-content\/uploads\/2022\/03\/15043.jpg","datePublished":"2014-09-01T22:00:00+00:00","dateModified":"2024-02-07T15:38:48+00:00","description":"Session was a Finnish rock band founded in 1970. They played typical experimental rock common in the 70s, but they added their own touch of creativity in the music and while the majority of the lyrics were in Finnish, it stands out compared to most progressive rock bands. Their most active time period was between 1972 - 1974 when they released two 7\" singles and one album, which are rare and highly sought after collector items. Recorded also for EMI as \"Elonkorjuu\", but Session is rarer and as good or even better. When \"Charlies\" is the Finnish equivalent of the \"Cream\", \"Session\" might work in the same musical style as bands such as \"IF\" and other prog bands on the Vertigo label. A strong progressive rock album with loud guitar solos, organ, electric piano, horns and most significant, a fiercely driving bass. Insert, poster.","breadcrumb":{"@id":"https:\/\/wpguerssen-test.odoo.rgbconsulting.com\/es\/producto\/unikuva\/#breadcrumb"},"inLanguage":"es","potentialAction":[{"@type":"ReadAction","target":["https:\/\/wpguerssen-test.odoo.rgbconsulting.com\/es\/producto\/unikuva\/"]}]},{"@type":"ImageObject","inLanguage":"es","@id":"https:\/\/wpguerssen-test.odoo.rgbconsulting.com\/es\/producto\/unikuva\/#primaryimage","url":"https:\/\/wpguerssen-test.odoo.rgbconsulting.com\/wp-content\/uploads\/2022\/03\/15043.jpg","contentUrl":"https:\/\/wpguerssen-test.odoo.rgbconsulting.com\/wp-content\/uploads\/2022\/03\/15043.jpg","width":135,"height":135,"caption":"SESSION - Unikuva - SHADOKS (LP) | Guerssen"},{"@type":"BreadcrumbList","@id":"https:\/\/wpguerssen-test.odoo.rgbconsulting.com\/es\/producto\/unikuva\/#breadcrumb","itemListElement":[{"@type":"ListItem","position":1,"name":"Inicio","item":"https:\/\/wpguerssen-test.odoo.rgbconsulting.com\/es\/"},{"@type":"ListItem","position":2,"name":"Shop","item":"https:\/\/wpguerssen-test.odoo.rgbconsulting.com\/shop\/"},{"@type":"ListItem","position":3,"name":"Unikuva"}]},{"@type":"WebSite","@id":"https:\/\/wpguerssen-test.odoo.rgbconsulting.com\/es\/#website","url":"https:\/\/wpguerssen-test.odoo.rgbconsulting.com\/es\/","name":"Guerssen records","description":"psychedelia - progressive - folk - garage ","publisher":{"@id":"https:\/\/wpguerssen-test.odoo.rgbconsulting.com\/es\/#organization"},"potentialAction":[{"@type":"SearchAction","target":{"@type":"EntryPoint","urlTemplate":"https:\/\/wpguerssen-test.odoo.rgbconsulting.com\/es\/?s={search_term_string}"},"query-input":{"@type":"PropertyValueSpecification","valueRequired":true,"valueName":"search_term_string"}}],"inLanguage":"es"},{"@type":"Organization","@id":"https:\/\/wpguerssen-test.odoo.rgbconsulting.com\/es\/#organization","name":"Guerssen records","url":"https:\/\/wpguerssen-test.odoo.rgbconsulting.com\/es\/","logo":{"@type":"ImageObject","inLanguage":"es","@id":"https:\/\/wpguerssen-test.odoo.rgbconsulting.com\/es\/#\/schema\/logo\/image\/","url":"https:\/\/wpguerssen-test.odoo.rgbconsulting.com\/wp-content\/uploads\/2022\/04\/Logo_Guerssen_trans_100.png","contentUrl":"https:\/\/wpguerssen-test.odoo.rgbconsulting.com\/wp-content\/uploads\/2022\/04\/Logo_Guerssen_trans_100.png","width":122,"height":100,"caption":"Guerssen records"},"image":{"@id":"https:\/\/wpguerssen-test.odoo.rgbconsulting.com\/es\/#\/schema\/logo\/image\/"}}]}},"_links":{"self":[{"href":"https:\/\/wpguerssen-test.odoo.rgbconsulting.com\/es\/wp-json\/wp\/v2\/product\/178549","targetHints":{"allow":["GET"]}}],"collection":[{"href":"https:\/\/wpguerssen-test.odoo.rgbconsulting.com\/es\/wp-json\/wp\/v2\/product"}],"about":[{"href":"https:\/\/wpguerssen-test.odoo.rgbconsulting.com\/es\/wp-json\/wp\/v2\/types\/product"}],"wp:featuredmedia":[{"embeddable":true,"href":"https:\/\/wpguerssen-test.odoo.rgbconsulting.com\/es\/wp-json\/wp\/v2\/media\/114598"}],"wp:attachment":[{"href":"https:\/\/wpguerssen-test.odoo.rgbconsulting.com\/es\/wp-json\/wp\/v2\/media?parent=178549"}],"wp:term":[{"taxonomy":"product_brand","embeddable":true,"href":"https:\/\/wpguerssen-test.odoo.rgbconsulting.com\/es\/wp-json\/wp\/v2\/product_brand?post=178549"},{"taxonomy":"product_cat","embeddable":true,"href":"https:\/\/wpguerssen-test.odoo.rgbconsulting.com\/es\/wp-json\/wp\/v2\/product_cat?post=178549"},{"taxonomy":"product_tag","embeddable":true,"href":"https:\/\/wpguerssen-test.odoo.rgbconsulting.com\/es\/wp-json\/wp\/v2\/product_tag?post=178549"}],"curies":[{"name":"wp","href":"https:\/\/api.w.org\/{rel}","templated":true}]}}