{"id":178583,"date":"2025-01-24T00:00:00","date_gmt":"2025-01-23T23:00:00","guid":{"rendered":"http:\/\/guerssen.hl1097.dinaserver.com\/product\/algo-salvaje-vol-1-2lp\/"},"modified":"2025-03-26T16:26:40","modified_gmt":"2025-03-26T15:26:40","slug":"algo-salvaje-vol-1-2lp","status":"publish","type":"product","link":"https:\/\/wpguerssen-test.odoo.rgbconsulting.com\/es\/producto\/algo-salvaje-vol-1-2lp\/","title":{"rendered":"Algo Salvaje, vol. 1 (2LP)"},"content":{"rendered":"<p>Acu\u00f1ado internacionalmente como nuggets (a partir del primigenio recopilatorio del mismo nombre urdido por Jac Holzman y Lenny Kaye en 1972 para el sello Elektra), el m\u00e1s usual t\u00e9rmino de garage rock ha servido para situar y explicar uno de los cap\u00edtulos m\u00e1s f\u00e9rtiles de la historia del rock &#038; roll en sus a\u00f1os de m\u00e1xima creatividad. Una historia subterr\u00e1nea felizmente al descubierto, protagonizada globalmente en cualquier rinc\u00f3n del planeta por m\u00fasicos an\u00f3nimos, sellos independientes de nombres imposibles y tiradas irrisorias a menudo sin sobrepasar unos cientos de ejemplares. Hoy, la mayor\u00eda de ellos, brutal pasto de coleccionistas. <\/p>\n<p> El detonante del fen\u00f3meno, sin duda, fue la concluyente invasi\u00f3n del beat brit\u00e1nico en Estados Unidos a partir de 1964: ese deslumbramiento juvenil colectivo de asistir a un fen\u00f3meno musical ins\u00f3lito en el que unos ingleses orquestan y regeneran m\u00fasica americana a su verdadero antojo. Todas esas bandas consiguieron abrir una enorme brecha en el acomodado status del rock de los primeros 60 por la que el garage rock, en un ins\u00f3lito juego de fascinaci\u00f3n y rabia, comenz\u00f3 a fluir libremente. A caballo del beat, el rhythm &#038; blues y los nov\u00edsimos apuntes psicod\u00e9licos que ya sobrevolaban la escena rock, emergi\u00f3 gloriosa una m\u00fasica tosca. <\/p>\n<p> Question Mark?, The 13th Floor Elevators, The Remains, The Chocolate Watchband, Electric Prunes, The Seeds, The Standells, Kenny &#038; The Casuals, The Sonics, Music Machine&#8230; y mil conjuntos m\u00e1s. Ellos lideraron esa respuesta americana a los ingleses y todos alcanzaron cotas puntuales realmente fant\u00e1sticas. <\/p>\n<p> Deslumbrados por esa luz cegadora, miles de grupos airados aparecieron por todo el orbe, Espa\u00f1a incluida, of course. Pocas de las obligadas trabas derivadas de la situaci\u00f3n pol\u00edtica y social que la Espa\u00f1a franquista impon\u00eda parecieron importar demasiado a nuestros chicos. A su ritmo, a su aire, y casi en las mismas fechas que todo esto suced\u00eda al otro lado del Atl\u00e1ntico, los nuggets espa\u00f1oles comenzaron a funcionar sin mayor miramiento y pasaron de la banda de m\u00fasica del pueblo al conjunto ye-y\u00e9. El adolescente m\u00e1s espabilado se percat\u00f3 de que algo nuevo andaba por el aire, de que esa m\u00fasica embriagadora le permit\u00eda vehicular actitudes y palabras sin otra salida posible en aquella sociedad an\u00f3mala. <\/p>\n<p> El caldo de cultivo se coci\u00f3 usualmente en peque\u00f1os sellos discogr\u00e1ficos y a veces, las menos, arriesgadas propuestas de alguno grande. En ambos casos los temas en clave nugget siempre ven\u00edan alojados en la cara B de los singles o EPs, puerta de servicio de un teatro cuya entrada principal les estaba vetada. Especial menci\u00f3n al ins\u00f3lito caso Brincos y su beatlesque y estruendoso debut con &#8216;Dance The Pulga&#8217;, visionaria pieza que inaugura con todos los honores el g\u00e9nero en 1964, y cuyo segundo 7&#8243;, &#8216;Flamenco&#8217;, presentar\u00e1 otra de las espec\u00edficas aportaciones del garage espa\u00f1ol: ruidosas aproximaciones o versiones de viejos temas de copla y flamenco. Obligado y honroso ajuste de cuentas con m\u00fasicas atadas a un pasado y a un modelo de familia autoritaria cuyos cimientos comenzaban a resquebrajarse. <\/p>\n<p> Y aunque el mapa punteado de las zonas m\u00e1s prol\u00edficas apunta a los enclaves tur\u00edsticos de la costa mediterr\u00e1nea, lo cierto es que hablamos de un fen\u00f3meno global que aparece en cualquier lugar hispano por rec\u00f3ndito que \u00e9ste sea. Procedentes en su mayor\u00eda de aquella clase media que empezaba a consolidarse, el adolescente espa\u00f1ol de los a\u00f1os 60 us\u00f3 aproximadamente los mismos modelos musicales que sus colegas for\u00e1neos, pero su aportaci\u00f3n no solo acab\u00f3 siendo en muchos casos mod\u00e9lica, sino que pr\u00e1cticamente en su totalidad hubo de resultar espec\u00edficamente genuina. Estos Spanish Nuggets, eterna asignatura pendiente a reeditar de nuestro patrimonio musical por fin llevada a cabo, son los que aqu\u00ed festejamos con este primer volumen de \u00abAlgo salvaje\u00bb. <\/p>\n<p> Con: Los Beta, Els Trons, Los Buitres, Los Impala,  Los Botines, Los Pepes&#8230;<\/p>\n","protected":false},"excerpt":{"rendered":"<p>Acu\u00f1ado internacionalmente como nuggets (a partir del primigenio recopilatorio del mismo nombre urdido por Jac Holzman y Lenny Kaye en 1972 para el sello Elektra),<a class=\"read\" href=\"https:\/\/wpguerssen-test.odoo.rgbconsulting.com\/es\/producto\/algo-salvaje-vol-1-2lp\/\"> (...)<\/a>","protected":false},"featured_media":156043,"template":"","meta":{"_acf_changed":false},"product_brand":[],"product_cat":[23281],"product_tag":[24185],"class_list":{"0":"post-178583","1":"product","2":"type-product","3":"status-publish","4":"has-post-thumbnail","6":"product_cat-garagebeatrnb60-70-es","7":"product_tag-de-nuevo-en-existencia","8":"pa_artist-various-artists-es","9":"pa_format-2lp-es","10":"pa_gender-garage-beat-rnb60-70-garagebeatrnb60-70","11":"pa_label-munster-es","12":"pa_location-south-america-caribbean-es","13":"pa_other-filters-vinyl-only-es","15":"first","16":"instock","17":"taxable","18":"shipping-taxable","19":"purchasable","20":"product-type-simple"},"acf":[],"yoast_head":"<!-- This site is optimized with the Yoast SEO plugin v24.9 - https:\/\/yoast.com\/wordpress\/plugins\/seo\/ -->\n<title>VARIOUS ARTISTS - Algo Salvaje, vol. 1 (2LP) -  (2LP) | Guerssen<\/title>\n<meta name=\"description\" content=\"&quot;Untamed 60s Beat and Garage nuggets from Spain Vol. 1&quot;. Raw 60s-70s Spanish beat and garage, all tracks taken from rare 45s and EPs. Remastered sound, detailes liner notes, gatefold sleeve. With: Los Brincos, Los Pepes, Los Botines, Los Impala...\" \/>\n<meta name=\"robots\" content=\"index, follow, max-snippet:-1, max-image-preview:large, max-video-preview:-1\" \/>\n<link rel=\"canonical\" href=\"https:\/\/wpguerssen-test.odoo.rgbconsulting.com\/es\/producto\/algo-salvaje-vol-1-2lp\/\" \/>\n<meta property=\"og:locale\" content=\"es_ES\" \/>\n<meta property=\"og:type\" content=\"article\" \/>\n<meta property=\"og:title\" content=\"VARIOUS ARTISTS - Algo Salvaje, vol. 1 (2LP) -  (2LP) | Guerssen\" \/>\n<meta property=\"og:description\" content=\"&quot;Untamed 60s Beat and Garage nuggets from Spain Vol. 1&quot;. Raw 60s-70s Spanish beat and garage, all tracks taken from rare 45s and EPs. Remastered sound, detailes liner notes, gatefold sleeve. With: Los Brincos, Los Pepes, Los Botines, Los Impala...\" \/>\n<meta property=\"og:url\" content=\"https:\/\/wpguerssen-test.odoo.rgbconsulting.com\/es\/producto\/algo-salvaje-vol-1-2lp\/\" \/>\n<meta property=\"og:site_name\" content=\"Guerssen records\" \/>\n<meta property=\"article:modified_time\" content=\"2025-03-26T15:26:40+00:00\" \/>\n<meta property=\"og:image\" content=\"https:\/\/wpguerssen-test.odoo.rgbconsulting.com\/wp-content\/uploads\/2022\/03\/15158.jpg\" \/>\n\t<meta property=\"og:image:width\" content=\"283\" \/>\n\t<meta property=\"og:image:height\" content=\"283\" \/>\n\t<meta property=\"og:image:type\" content=\"image\/jpeg\" \/>\n<meta name=\"twitter:card\" content=\"summary_large_image\" \/>\n<meta name=\"twitter:title\" content=\"VARIOUS ARTISTS - Algo Salvaje, vol. 1 (2LP) -  (2LP) | Guerssen\" \/>\n<meta name=\"twitter:label1\" content=\"Tiempo de lectura\" \/>\n\t<meta name=\"twitter:data1\" content=\"3 minutos\" \/>\n<script type=\"application\/ld+json\" class=\"yoast-schema-graph\">{\"@context\":\"https:\/\/schema.org\",\"@graph\":[{\"@type\":\"WebPage\",\"@id\":\"https:\/\/wpguerssen-test.odoo.rgbconsulting.com\/es\/producto\/algo-salvaje-vol-1-2lp\/\",\"url\":\"https:\/\/wpguerssen-test.odoo.rgbconsulting.com\/es\/producto\/algo-salvaje-vol-1-2lp\/\",\"name\":\"VARIOUS ARTISTS - Algo Salvaje, vol. 1 (2LP) - (2LP) | Guerssen\",\"isPartOf\":{\"@id\":\"https:\/\/wpguerssen-test.odoo.rgbconsulting.com\/es\/#website\"},\"primaryImageOfPage\":{\"@id\":\"https:\/\/wpguerssen-test.odoo.rgbconsulting.com\/es\/producto\/algo-salvaje-vol-1-2lp\/#primaryimage\"},\"image\":{\"@id\":\"https:\/\/wpguerssen-test.odoo.rgbconsulting.com\/es\/producto\/algo-salvaje-vol-1-2lp\/#primaryimage\"},\"thumbnailUrl\":\"https:\/\/wpguerssen-test.odoo.rgbconsulting.com\/wp-content\/uploads\/2022\/03\/15158.jpg\",\"datePublished\":\"2025-01-23T23:00:00+00:00\",\"dateModified\":\"2025-03-26T15:26:40+00:00\",\"description\":\"\\\"Untamed 60s Beat and Garage nuggets from Spain Vol. 1\\\". Raw 60s-70s Spanish beat and garage, all tracks taken from rare 45s and EPs. Remastered sound, detailes liner notes, gatefold sleeve. With: Los Brincos, Los Pepes, Los Botines, Los Impala...\",\"breadcrumb\":{\"@id\":\"https:\/\/wpguerssen-test.odoo.rgbconsulting.com\/es\/producto\/algo-salvaje-vol-1-2lp\/#breadcrumb\"},\"inLanguage\":\"es\",\"potentialAction\":[{\"@type\":\"ReadAction\",\"target\":[\"https:\/\/wpguerssen-test.odoo.rgbconsulting.com\/es\/producto\/algo-salvaje-vol-1-2lp\/\"]}]},{\"@type\":\"ImageObject\",\"inLanguage\":\"es\",\"@id\":\"https:\/\/wpguerssen-test.odoo.rgbconsulting.com\/es\/producto\/algo-salvaje-vol-1-2lp\/#primaryimage\",\"url\":\"https:\/\/wpguerssen-test.odoo.rgbconsulting.com\/wp-content\/uploads\/2022\/03\/15158.jpg\",\"contentUrl\":\"https:\/\/wpguerssen-test.odoo.rgbconsulting.com\/wp-content\/uploads\/2022\/03\/15158.jpg\",\"width\":283,\"height\":283,\"caption\":\"vol. 1 (2LP) - MUNSTER (2LP) | Guerssen\"},{\"@type\":\"BreadcrumbList\",\"@id\":\"https:\/\/wpguerssen-test.odoo.rgbconsulting.com\/es\/producto\/algo-salvaje-vol-1-2lp\/#breadcrumb\",\"itemListElement\":[{\"@type\":\"ListItem\",\"position\":1,\"name\":\"Inicio\",\"item\":\"https:\/\/wpguerssen-test.odoo.rgbconsulting.com\/es\/\"},{\"@type\":\"ListItem\",\"position\":2,\"name\":\"Shop\",\"item\":\"https:\/\/wpguerssen-test.odoo.rgbconsulting.com\/shop\/\"},{\"@type\":\"ListItem\",\"position\":3,\"name\":\"Algo Salvaje, vol. 1 (2LP)\"}]},{\"@type\":\"WebSite\",\"@id\":\"https:\/\/wpguerssen-test.odoo.rgbconsulting.com\/es\/#website\",\"url\":\"https:\/\/wpguerssen-test.odoo.rgbconsulting.com\/es\/\",\"name\":\"Guerssen records\",\"description\":\"psychedelia - progressive - folk - garage \",\"publisher\":{\"@id\":\"https:\/\/wpguerssen-test.odoo.rgbconsulting.com\/es\/#organization\"},\"potentialAction\":[{\"@type\":\"SearchAction\",\"target\":{\"@type\":\"EntryPoint\",\"urlTemplate\":\"https:\/\/wpguerssen-test.odoo.rgbconsulting.com\/es\/?s={search_term_string}\"},\"query-input\":{\"@type\":\"PropertyValueSpecification\",\"valueRequired\":true,\"valueName\":\"search_term_string\"}}],\"inLanguage\":\"es\"},{\"@type\":\"Organization\",\"@id\":\"https:\/\/wpguerssen-test.odoo.rgbconsulting.com\/es\/#organization\",\"name\":\"Guerssen records\",\"url\":\"https:\/\/wpguerssen-test.odoo.rgbconsulting.com\/es\/\",\"logo\":{\"@type\":\"ImageObject\",\"inLanguage\":\"es\",\"@id\":\"https:\/\/wpguerssen-test.odoo.rgbconsulting.com\/es\/#\/schema\/logo\/image\/\",\"url\":\"https:\/\/wpguerssen-test.odoo.rgbconsulting.com\/wp-content\/uploads\/2022\/04\/Logo_Guerssen_trans_100.png\",\"contentUrl\":\"https:\/\/wpguerssen-test.odoo.rgbconsulting.com\/wp-content\/uploads\/2022\/04\/Logo_Guerssen_trans_100.png\",\"width\":122,\"height\":100,\"caption\":\"Guerssen records\"},\"image\":{\"@id\":\"https:\/\/wpguerssen-test.odoo.rgbconsulting.com\/es\/#\/schema\/logo\/image\/\"}}]}<\/script>\n<!-- \/ Yoast SEO plugin. -->","yoast_head_json":{"title":"VARIOUS ARTISTS - Algo Salvaje, vol. 1 (2LP) -  (2LP) | Guerssen","description":"\"Untamed 60s Beat and Garage nuggets from Spain Vol. 1\". Raw 60s-70s Spanish beat and garage, all tracks taken from rare 45s and EPs. Remastered sound, detailes liner notes, gatefold sleeve. With: Los Brincos, Los Pepes, Los Botines, Los Impala...","robots":{"index":"index","follow":"follow","max-snippet":"max-snippet:-1","max-image-preview":"max-image-preview:large","max-video-preview":"max-video-preview:-1"},"canonical":"https:\/\/wpguerssen-test.odoo.rgbconsulting.com\/es\/producto\/algo-salvaje-vol-1-2lp\/","og_locale":"es_ES","og_type":"article","og_title":"VARIOUS ARTISTS - Algo Salvaje, vol. 1 (2LP) -  (2LP) | Guerssen","og_description":"\"Untamed 60s Beat and Garage nuggets from Spain Vol. 1\". Raw 60s-70s Spanish beat and garage, all tracks taken from rare 45s and EPs. Remastered sound, detailes liner notes, gatefold sleeve. With: Los Brincos, Los Pepes, Los Botines, Los Impala...","og_url":"https:\/\/wpguerssen-test.odoo.rgbconsulting.com\/es\/producto\/algo-salvaje-vol-1-2lp\/","og_site_name":"Guerssen records","article_modified_time":"2025-03-26T15:26:40+00:00","og_image":[{"width":283,"height":283,"url":"https:\/\/wpguerssen-test.odoo.rgbconsulting.com\/wp-content\/uploads\/2022\/03\/15158.jpg","type":"image\/jpeg"}],"twitter_card":"summary_large_image","twitter_title":"VARIOUS ARTISTS - Algo Salvaje, vol. 1 (2LP) -  (2LP) | Guerssen","twitter_misc":{"Tiempo de lectura":"3 minutos"},"schema":{"@context":"https:\/\/schema.org","@graph":[{"@type":"WebPage","@id":"https:\/\/wpguerssen-test.odoo.rgbconsulting.com\/es\/producto\/algo-salvaje-vol-1-2lp\/","url":"https:\/\/wpguerssen-test.odoo.rgbconsulting.com\/es\/producto\/algo-salvaje-vol-1-2lp\/","name":"VARIOUS ARTISTS - Algo Salvaje, vol. 1 (2LP) - (2LP) | Guerssen","isPartOf":{"@id":"https:\/\/wpguerssen-test.odoo.rgbconsulting.com\/es\/#website"},"primaryImageOfPage":{"@id":"https:\/\/wpguerssen-test.odoo.rgbconsulting.com\/es\/producto\/algo-salvaje-vol-1-2lp\/#primaryimage"},"image":{"@id":"https:\/\/wpguerssen-test.odoo.rgbconsulting.com\/es\/producto\/algo-salvaje-vol-1-2lp\/#primaryimage"},"thumbnailUrl":"https:\/\/wpguerssen-test.odoo.rgbconsulting.com\/wp-content\/uploads\/2022\/03\/15158.jpg","datePublished":"2025-01-23T23:00:00+00:00","dateModified":"2025-03-26T15:26:40+00:00","description":"\"Untamed 60s Beat and Garage nuggets from Spain Vol. 1\". Raw 60s-70s Spanish beat and garage, all tracks taken from rare 45s and EPs. Remastered sound, detailes liner notes, gatefold sleeve. With: Los Brincos, Los Pepes, Los Botines, Los Impala...","breadcrumb":{"@id":"https:\/\/wpguerssen-test.odoo.rgbconsulting.com\/es\/producto\/algo-salvaje-vol-1-2lp\/#breadcrumb"},"inLanguage":"es","potentialAction":[{"@type":"ReadAction","target":["https:\/\/wpguerssen-test.odoo.rgbconsulting.com\/es\/producto\/algo-salvaje-vol-1-2lp\/"]}]},{"@type":"ImageObject","inLanguage":"es","@id":"https:\/\/wpguerssen-test.odoo.rgbconsulting.com\/es\/producto\/algo-salvaje-vol-1-2lp\/#primaryimage","url":"https:\/\/wpguerssen-test.odoo.rgbconsulting.com\/wp-content\/uploads\/2022\/03\/15158.jpg","contentUrl":"https:\/\/wpguerssen-test.odoo.rgbconsulting.com\/wp-content\/uploads\/2022\/03\/15158.jpg","width":283,"height":283,"caption":"vol. 1 (2LP) - MUNSTER (2LP) | Guerssen"},{"@type":"BreadcrumbList","@id":"https:\/\/wpguerssen-test.odoo.rgbconsulting.com\/es\/producto\/algo-salvaje-vol-1-2lp\/#breadcrumb","itemListElement":[{"@type":"ListItem","position":1,"name":"Inicio","item":"https:\/\/wpguerssen-test.odoo.rgbconsulting.com\/es\/"},{"@type":"ListItem","position":2,"name":"Shop","item":"https:\/\/wpguerssen-test.odoo.rgbconsulting.com\/shop\/"},{"@type":"ListItem","position":3,"name":"Algo Salvaje, vol. 1 (2LP)"}]},{"@type":"WebSite","@id":"https:\/\/wpguerssen-test.odoo.rgbconsulting.com\/es\/#website","url":"https:\/\/wpguerssen-test.odoo.rgbconsulting.com\/es\/","name":"Guerssen records","description":"psychedelia - progressive - folk - garage ","publisher":{"@id":"https:\/\/wpguerssen-test.odoo.rgbconsulting.com\/es\/#organization"},"potentialAction":[{"@type":"SearchAction","target":{"@type":"EntryPoint","urlTemplate":"https:\/\/wpguerssen-test.odoo.rgbconsulting.com\/es\/?s={search_term_string}"},"query-input":{"@type":"PropertyValueSpecification","valueRequired":true,"valueName":"search_term_string"}}],"inLanguage":"es"},{"@type":"Organization","@id":"https:\/\/wpguerssen-test.odoo.rgbconsulting.com\/es\/#organization","name":"Guerssen records","url":"https:\/\/wpguerssen-test.odoo.rgbconsulting.com\/es\/","logo":{"@type":"ImageObject","inLanguage":"es","@id":"https:\/\/wpguerssen-test.odoo.rgbconsulting.com\/es\/#\/schema\/logo\/image\/","url":"https:\/\/wpguerssen-test.odoo.rgbconsulting.com\/wp-content\/uploads\/2022\/04\/Logo_Guerssen_trans_100.png","contentUrl":"https:\/\/wpguerssen-test.odoo.rgbconsulting.com\/wp-content\/uploads\/2022\/04\/Logo_Guerssen_trans_100.png","width":122,"height":100,"caption":"Guerssen records"},"image":{"@id":"https:\/\/wpguerssen-test.odoo.rgbconsulting.com\/es\/#\/schema\/logo\/image\/"}}]}},"_links":{"self":[{"href":"https:\/\/wpguerssen-test.odoo.rgbconsulting.com\/es\/wp-json\/wp\/v2\/product\/178583","targetHints":{"allow":["GET"]}}],"collection":[{"href":"https:\/\/wpguerssen-test.odoo.rgbconsulting.com\/es\/wp-json\/wp\/v2\/product"}],"about":[{"href":"https:\/\/wpguerssen-test.odoo.rgbconsulting.com\/es\/wp-json\/wp\/v2\/types\/product"}],"wp:featuredmedia":[{"embeddable":true,"href":"https:\/\/wpguerssen-test.odoo.rgbconsulting.com\/es\/wp-json\/wp\/v2\/media\/156043"}],"wp:attachment":[{"href":"https:\/\/wpguerssen-test.odoo.rgbconsulting.com\/es\/wp-json\/wp\/v2\/media?parent=178583"}],"wp:term":[{"taxonomy":"product_brand","embeddable":true,"href":"https:\/\/wpguerssen-test.odoo.rgbconsulting.com\/es\/wp-json\/wp\/v2\/product_brand?post=178583"},{"taxonomy":"product_cat","embeddable":true,"href":"https:\/\/wpguerssen-test.odoo.rgbconsulting.com\/es\/wp-json\/wp\/v2\/product_cat?post=178583"},{"taxonomy":"product_tag","embeddable":true,"href":"https:\/\/wpguerssen-test.odoo.rgbconsulting.com\/es\/wp-json\/wp\/v2\/product_tag?post=178583"}],"curies":[{"name":"wp","href":"https:\/\/api.w.org\/{rel}","templated":true}]}}