{"id":178629,"date":"2015-01-28T00:00:00","date_gmt":"2015-01-27T23:00:00","guid":{"rendered":"http:\/\/guerssen.hl1097.dinaserver.com\/product\/essais\/"},"modified":"2024-07-01T17:57:10","modified_gmt":"2024-07-01T15:57:10","slug":"essais","status":"publish","type":"product","link":"https:\/\/wpguerssen-test.odoo.rgbconsulting.com\/es\/producto\/essais\/","title":{"rendered":"Essais"},"content":{"rendered":"<p>Imagina a Black Sabbath de jam con Pink Floyd en un s\u00f3tano. As\u00ed es como suenan Semool. Ultra-primitiva grabaci\u00f3n lo-fi con capas de guitarras envueltas en delay y efectos.<\/p>\n","protected":false},"excerpt":{"rendered":"<p>Imagina a Black Sabbath de jam con Pink Floyd en un s\u00f3tano. As\u00ed es como suenan Semool. Ultra-primitiva grabaci\u00f3n lo-fi con capas de guitarras envueltas en delay<a class=\"read\" href=\"https:\/\/wpguerssen-test.odoo.rgbconsulting.com\/es\/producto\/essais\/\"> (...)<\/a>","protected":false},"featured_media":114814,"template":"","meta":{"_acf_changed":false},"product_brand":[],"product_cat":[23218,23260],"product_tag":[],"class_list":{"0":"post-178629","1":"product","2":"type-product","3":"status-publish","4":"has-post-thumbnail","6":"product_cat-free-jazz-es","7":"product_cat-avant-garde-experime-es","8":"pa_format-lp-es","9":"pa_gender-avant-garde-experime-free-jazz","10":"pa_location-europe-es","11":"pa_other-filters-vinyl-only-es","13":"first","14":"instock","15":"taxable","16":"shipping-taxable","17":"purchasable","18":"product-type-simple"},"acf":[],"yoast_head":"<!-- This site is optimized with the Yoast SEO plugin v24.9 - https:\/\/yoast.com\/wordpress\/plugins\/seo\/ -->\n<title>SEMOOL - Essais -  (LP) | Guerssen<\/title>\n<meta name=\"description\" content=\"Third in a series of ten reissues of the cult French underground Futura label. Semool were the trio of Philippe Martineau, Olivier Cauquil and R\u00e9my D\u00e9d\u00e9 Dreano. They recorded &quot;Essais&quot; between 1969 and 1971. Under the underground, it&#039;s a foggy lo-fi psychedelic alien with echoes of Pink Floyd and Black Sabbath drowned in oceans of heavy delay and acid guitars. This high quality reissue is fully licenced by Gerard Terrones. #nl# &quot;Absolute masterpiece released through Futura label&quot; Mutant Sounds #nl# &quot;This is what might&#039;ve happened if an absinthe-laden Pink Floyd had cut a session for Actuel\/BYG! Dare I say essential?&quot; John Gibson - Other Music\" \/>\n<meta name=\"robots\" content=\"index, follow, max-snippet:-1, max-image-preview:large, max-video-preview:-1\" \/>\n<link rel=\"canonical\" href=\"https:\/\/wpguerssen-test.odoo.rgbconsulting.com\/es\/producto\/essais\/\" \/>\n<meta property=\"og:locale\" content=\"es_ES\" \/>\n<meta property=\"og:type\" content=\"article\" \/>\n<meta property=\"og:title\" content=\"SEMOOL - Essais -  (LP) | Guerssen\" \/>\n<meta property=\"og:description\" content=\"Third in a series of ten reissues of the cult French underground Futura label. Semool were the trio of Philippe Martineau, Olivier Cauquil and R\u00e9my D\u00e9d\u00e9 Dreano. They recorded &quot;Essais&quot; between 1969 and 1971. Under the underground, it&#039;s a foggy lo-fi psychedelic alien with echoes of Pink Floyd and Black Sabbath drowned in oceans of heavy delay and acid guitars. This high quality reissue is fully licenced by Gerard Terrones. #nl# &quot;Absolute masterpiece released through Futura label&quot; Mutant Sounds #nl# &quot;This is what might&#039;ve happened if an absinthe-laden Pink Floyd had cut a session for Actuel\/BYG! Dare I say essential?&quot; John Gibson - Other Music\" \/>\n<meta property=\"og:url\" content=\"https:\/\/wpguerssen-test.odoo.rgbconsulting.com\/es\/producto\/essais\/\" \/>\n<meta property=\"og:site_name\" content=\"Guerssen records\" \/>\n<meta property=\"article:modified_time\" content=\"2024-07-01T15:57:10+00:00\" \/>\n<meta property=\"og:image\" content=\"https:\/\/wpguerssen-test.odoo.rgbconsulting.com\/wp-content\/uploads\/2022\/03\/15311.jpg\" \/>\n\t<meta property=\"og:image:width\" content=\"180\" \/>\n\t<meta property=\"og:image:height\" content=\"180\" \/>\n\t<meta property=\"og:image:type\" content=\"image\/jpeg\" \/>\n<meta name=\"twitter:card\" content=\"summary_large_image\" \/>\n<meta name=\"twitter:title\" content=\"SEMOOL - Essais -  (LP) | Guerssen\" \/>\n<script type=\"application\/ld+json\" class=\"yoast-schema-graph\">{\"@context\":\"https:\/\/schema.org\",\"@graph\":[{\"@type\":\"WebPage\",\"@id\":\"https:\/\/wpguerssen-test.odoo.rgbconsulting.com\/es\/producto\/essais\/\",\"url\":\"https:\/\/wpguerssen-test.odoo.rgbconsulting.com\/es\/producto\/essais\/\",\"name\":\"SEMOOL - Essais - (LP) | Guerssen\",\"isPartOf\":{\"@id\":\"https:\/\/wpguerssen-test.odoo.rgbconsulting.com\/es\/#website\"},\"primaryImageOfPage\":{\"@id\":\"https:\/\/wpguerssen-test.odoo.rgbconsulting.com\/es\/producto\/essais\/#primaryimage\"},\"image\":{\"@id\":\"https:\/\/wpguerssen-test.odoo.rgbconsulting.com\/es\/producto\/essais\/#primaryimage\"},\"thumbnailUrl\":\"https:\/\/wpguerssen-test.odoo.rgbconsulting.com\/wp-content\/uploads\/2022\/03\/15311.jpg\",\"datePublished\":\"2015-01-27T23:00:00+00:00\",\"dateModified\":\"2024-07-01T15:57:10+00:00\",\"description\":\"Third in a series of ten reissues of the cult French underground Futura label. Semool were the trio of Philippe Martineau, Olivier Cauquil and R\u00e9my D\u00e9d\u00e9 Dreano. They recorded \\\"Essais\\\" between 1969 and 1971. Under the underground, it's a foggy lo-fi psychedelic alien with echoes of Pink Floyd and Black Sabbath drowned in oceans of heavy delay and acid guitars. This high quality reissue is fully licenced by Gerard Terrones. #nl# \\\"Absolute masterpiece released through Futura label\\\" Mutant Sounds #nl# \\\"This is what might've happened if an absinthe-laden Pink Floyd had cut a session for Actuel\/BYG! Dare I say essential?\\\" John Gibson - Other Music\",\"breadcrumb\":{\"@id\":\"https:\/\/wpguerssen-test.odoo.rgbconsulting.com\/es\/producto\/essais\/#breadcrumb\"},\"inLanguage\":\"es\",\"potentialAction\":[{\"@type\":\"ReadAction\",\"target\":[\"https:\/\/wpguerssen-test.odoo.rgbconsulting.com\/es\/producto\/essais\/\"]}]},{\"@type\":\"ImageObject\",\"inLanguage\":\"es\",\"@id\":\"https:\/\/wpguerssen-test.odoo.rgbconsulting.com\/es\/producto\/essais\/#primaryimage\",\"url\":\"https:\/\/wpguerssen-test.odoo.rgbconsulting.com\/wp-content\/uploads\/2022\/03\/15311.jpg\",\"contentUrl\":\"https:\/\/wpguerssen-test.odoo.rgbconsulting.com\/wp-content\/uploads\/2022\/03\/15311.jpg\",\"width\":180,\"height\":180,\"caption\":\"SEMOOL - Essais - SOUFFLECONTINU (LP) | Guerssen\"},{\"@type\":\"BreadcrumbList\",\"@id\":\"https:\/\/wpguerssen-test.odoo.rgbconsulting.com\/es\/producto\/essais\/#breadcrumb\",\"itemListElement\":[{\"@type\":\"ListItem\",\"position\":1,\"name\":\"Inicio\",\"item\":\"https:\/\/wpguerssen-test.odoo.rgbconsulting.com\/es\/\"},{\"@type\":\"ListItem\",\"position\":2,\"name\":\"Shop\",\"item\":\"https:\/\/wpguerssen-test.odoo.rgbconsulting.com\/shop\/\"},{\"@type\":\"ListItem\",\"position\":3,\"name\":\"Essais\"}]},{\"@type\":\"WebSite\",\"@id\":\"https:\/\/wpguerssen-test.odoo.rgbconsulting.com\/es\/#website\",\"url\":\"https:\/\/wpguerssen-test.odoo.rgbconsulting.com\/es\/\",\"name\":\"Guerssen records\",\"description\":\"psychedelia - progressive - folk - garage \",\"publisher\":{\"@id\":\"https:\/\/wpguerssen-test.odoo.rgbconsulting.com\/es\/#organization\"},\"potentialAction\":[{\"@type\":\"SearchAction\",\"target\":{\"@type\":\"EntryPoint\",\"urlTemplate\":\"https:\/\/wpguerssen-test.odoo.rgbconsulting.com\/es\/?s={search_term_string}\"},\"query-input\":{\"@type\":\"PropertyValueSpecification\",\"valueRequired\":true,\"valueName\":\"search_term_string\"}}],\"inLanguage\":\"es\"},{\"@type\":\"Organization\",\"@id\":\"https:\/\/wpguerssen-test.odoo.rgbconsulting.com\/es\/#organization\",\"name\":\"Guerssen records\",\"url\":\"https:\/\/wpguerssen-test.odoo.rgbconsulting.com\/es\/\",\"logo\":{\"@type\":\"ImageObject\",\"inLanguage\":\"es\",\"@id\":\"https:\/\/wpguerssen-test.odoo.rgbconsulting.com\/es\/#\/schema\/logo\/image\/\",\"url\":\"https:\/\/wpguerssen-test.odoo.rgbconsulting.com\/wp-content\/uploads\/2022\/04\/Logo_Guerssen_trans_100.png\",\"contentUrl\":\"https:\/\/wpguerssen-test.odoo.rgbconsulting.com\/wp-content\/uploads\/2022\/04\/Logo_Guerssen_trans_100.png\",\"width\":122,\"height\":100,\"caption\":\"Guerssen records\"},\"image\":{\"@id\":\"https:\/\/wpguerssen-test.odoo.rgbconsulting.com\/es\/#\/schema\/logo\/image\/\"}}]}<\/script>\n<!-- \/ Yoast SEO plugin. -->","yoast_head_json":{"title":"SEMOOL - Essais -  (LP) | Guerssen","description":"Third in a series of ten reissues of the cult French underground Futura label. Semool were the trio of Philippe Martineau, Olivier Cauquil and R\u00e9my D\u00e9d\u00e9 Dreano. They recorded \"Essais\" between 1969 and 1971. Under the underground, it's a foggy lo-fi psychedelic alien with echoes of Pink Floyd and Black Sabbath drowned in oceans of heavy delay and acid guitars. This high quality reissue is fully licenced by Gerard Terrones. #nl# \"Absolute masterpiece released through Futura label\" Mutant Sounds #nl# \"This is what might've happened if an absinthe-laden Pink Floyd had cut a session for Actuel\/BYG! Dare I say essential?\" John Gibson - Other Music","robots":{"index":"index","follow":"follow","max-snippet":"max-snippet:-1","max-image-preview":"max-image-preview:large","max-video-preview":"max-video-preview:-1"},"canonical":"https:\/\/wpguerssen-test.odoo.rgbconsulting.com\/es\/producto\/essais\/","og_locale":"es_ES","og_type":"article","og_title":"SEMOOL - Essais -  (LP) | Guerssen","og_description":"Third in a series of ten reissues of the cult French underground Futura label. Semool were the trio of Philippe Martineau, Olivier Cauquil and R\u00e9my D\u00e9d\u00e9 Dreano. They recorded \"Essais\" between 1969 and 1971. Under the underground, it's a foggy lo-fi psychedelic alien with echoes of Pink Floyd and Black Sabbath drowned in oceans of heavy delay and acid guitars. This high quality reissue is fully licenced by Gerard Terrones. #nl# \"Absolute masterpiece released through Futura label\" Mutant Sounds #nl# \"This is what might've happened if an absinthe-laden Pink Floyd had cut a session for Actuel\/BYG! Dare I say essential?\" John Gibson - Other Music","og_url":"https:\/\/wpguerssen-test.odoo.rgbconsulting.com\/es\/producto\/essais\/","og_site_name":"Guerssen records","article_modified_time":"2024-07-01T15:57:10+00:00","og_image":[{"width":180,"height":180,"url":"https:\/\/wpguerssen-test.odoo.rgbconsulting.com\/wp-content\/uploads\/2022\/03\/15311.jpg","type":"image\/jpeg"}],"twitter_card":"summary_large_image","twitter_title":"SEMOOL - Essais -  (LP) | Guerssen","schema":{"@context":"https:\/\/schema.org","@graph":[{"@type":"WebPage","@id":"https:\/\/wpguerssen-test.odoo.rgbconsulting.com\/es\/producto\/essais\/","url":"https:\/\/wpguerssen-test.odoo.rgbconsulting.com\/es\/producto\/essais\/","name":"SEMOOL - Essais - (LP) | Guerssen","isPartOf":{"@id":"https:\/\/wpguerssen-test.odoo.rgbconsulting.com\/es\/#website"},"primaryImageOfPage":{"@id":"https:\/\/wpguerssen-test.odoo.rgbconsulting.com\/es\/producto\/essais\/#primaryimage"},"image":{"@id":"https:\/\/wpguerssen-test.odoo.rgbconsulting.com\/es\/producto\/essais\/#primaryimage"},"thumbnailUrl":"https:\/\/wpguerssen-test.odoo.rgbconsulting.com\/wp-content\/uploads\/2022\/03\/15311.jpg","datePublished":"2015-01-27T23:00:00+00:00","dateModified":"2024-07-01T15:57:10+00:00","description":"Third in a series of ten reissues of the cult French underground Futura label. Semool were the trio of Philippe Martineau, Olivier Cauquil and R\u00e9my D\u00e9d\u00e9 Dreano. They recorded \"Essais\" between 1969 and 1971. Under the underground, it's a foggy lo-fi psychedelic alien with echoes of Pink Floyd and Black Sabbath drowned in oceans of heavy delay and acid guitars. This high quality reissue is fully licenced by Gerard Terrones. #nl# \"Absolute masterpiece released through Futura label\" Mutant Sounds #nl# \"This is what might've happened if an absinthe-laden Pink Floyd had cut a session for Actuel\/BYG! Dare I say essential?\" John Gibson - Other Music","breadcrumb":{"@id":"https:\/\/wpguerssen-test.odoo.rgbconsulting.com\/es\/producto\/essais\/#breadcrumb"},"inLanguage":"es","potentialAction":[{"@type":"ReadAction","target":["https:\/\/wpguerssen-test.odoo.rgbconsulting.com\/es\/producto\/essais\/"]}]},{"@type":"ImageObject","inLanguage":"es","@id":"https:\/\/wpguerssen-test.odoo.rgbconsulting.com\/es\/producto\/essais\/#primaryimage","url":"https:\/\/wpguerssen-test.odoo.rgbconsulting.com\/wp-content\/uploads\/2022\/03\/15311.jpg","contentUrl":"https:\/\/wpguerssen-test.odoo.rgbconsulting.com\/wp-content\/uploads\/2022\/03\/15311.jpg","width":180,"height":180,"caption":"SEMOOL - Essais - SOUFFLECONTINU (LP) | Guerssen"},{"@type":"BreadcrumbList","@id":"https:\/\/wpguerssen-test.odoo.rgbconsulting.com\/es\/producto\/essais\/#breadcrumb","itemListElement":[{"@type":"ListItem","position":1,"name":"Inicio","item":"https:\/\/wpguerssen-test.odoo.rgbconsulting.com\/es\/"},{"@type":"ListItem","position":2,"name":"Shop","item":"https:\/\/wpguerssen-test.odoo.rgbconsulting.com\/shop\/"},{"@type":"ListItem","position":3,"name":"Essais"}]},{"@type":"WebSite","@id":"https:\/\/wpguerssen-test.odoo.rgbconsulting.com\/es\/#website","url":"https:\/\/wpguerssen-test.odoo.rgbconsulting.com\/es\/","name":"Guerssen records","description":"psychedelia - progressive - folk - garage ","publisher":{"@id":"https:\/\/wpguerssen-test.odoo.rgbconsulting.com\/es\/#organization"},"potentialAction":[{"@type":"SearchAction","target":{"@type":"EntryPoint","urlTemplate":"https:\/\/wpguerssen-test.odoo.rgbconsulting.com\/es\/?s={search_term_string}"},"query-input":{"@type":"PropertyValueSpecification","valueRequired":true,"valueName":"search_term_string"}}],"inLanguage":"es"},{"@type":"Organization","@id":"https:\/\/wpguerssen-test.odoo.rgbconsulting.com\/es\/#organization","name":"Guerssen records","url":"https:\/\/wpguerssen-test.odoo.rgbconsulting.com\/es\/","logo":{"@type":"ImageObject","inLanguage":"es","@id":"https:\/\/wpguerssen-test.odoo.rgbconsulting.com\/es\/#\/schema\/logo\/image\/","url":"https:\/\/wpguerssen-test.odoo.rgbconsulting.com\/wp-content\/uploads\/2022\/04\/Logo_Guerssen_trans_100.png","contentUrl":"https:\/\/wpguerssen-test.odoo.rgbconsulting.com\/wp-content\/uploads\/2022\/04\/Logo_Guerssen_trans_100.png","width":122,"height":100,"caption":"Guerssen records"},"image":{"@id":"https:\/\/wpguerssen-test.odoo.rgbconsulting.com\/es\/#\/schema\/logo\/image\/"}}]}},"_links":{"self":[{"href":"https:\/\/wpguerssen-test.odoo.rgbconsulting.com\/es\/wp-json\/wp\/v2\/product\/178629","targetHints":{"allow":["GET"]}}],"collection":[{"href":"https:\/\/wpguerssen-test.odoo.rgbconsulting.com\/es\/wp-json\/wp\/v2\/product"}],"about":[{"href":"https:\/\/wpguerssen-test.odoo.rgbconsulting.com\/es\/wp-json\/wp\/v2\/types\/product"}],"wp:featuredmedia":[{"embeddable":true,"href":"https:\/\/wpguerssen-test.odoo.rgbconsulting.com\/es\/wp-json\/wp\/v2\/media\/114814"}],"wp:attachment":[{"href":"https:\/\/wpguerssen-test.odoo.rgbconsulting.com\/es\/wp-json\/wp\/v2\/media?parent=178629"}],"wp:term":[{"taxonomy":"product_brand","embeddable":true,"href":"https:\/\/wpguerssen-test.odoo.rgbconsulting.com\/es\/wp-json\/wp\/v2\/product_brand?post=178629"},{"taxonomy":"product_cat","embeddable":true,"href":"https:\/\/wpguerssen-test.odoo.rgbconsulting.com\/es\/wp-json\/wp\/v2\/product_cat?post=178629"},{"taxonomy":"product_tag","embeddable":true,"href":"https:\/\/wpguerssen-test.odoo.rgbconsulting.com\/es\/wp-json\/wp\/v2\/product_tag?post=178629"}],"curies":[{"name":"wp","href":"https:\/\/api.w.org\/{rel}","templated":true}]}}