{"id":178737,"date":"2025-03-31T00:00:00","date_gmt":"2025-03-30T22:00:00","guid":{"rendered":"http:\/\/guerssen.hl1097.dinaserver.com\/product\/the-madcap-laughs\/"},"modified":"2025-03-31T18:17:27","modified_gmt":"2025-03-31T16:17:27","slug":"the-madcap-laughs","status":"publish","type":"product","link":"https:\/\/wpguerssen-test.odoo.rgbconsulting.com\/es\/producto\/the-madcap-laughs\/","title":{"rendered":"The Madcap Laughs"},"content":{"rendered":"<p>The Madcap Laughs es el primer \u00e1lbum como solista de Syd Barrett despu\u00e9s de abandonar Pink Floyd. Producido por Roger Waters, David Gilmour, Malcolm Jones y Peter Jenner, grabado en 1969 y editado en enero de 1970. La mayor\u00eda de sus canciones reflejan el estado mental de Barrett en ese tiempo. Fue un \u00e1lbum con sesiones dif\u00edciles, ya que al ser una persona inestable los m\u00fasicos dif\u00edcilmente pod\u00edan acompa\u00f1arlo en cuanto a m\u00e9trica y ejecuci\u00f3n de sus piezas. <\/p>\n<p> Es un disco distinto a lo que cualquier otro artista de la \u00e9poca hubiera hecho: ca\u00f3tico, depresivo, incoherente, psicod\u00e9lico, brillante, carente de mayores arreglos. Gilmour tuvo la idea de publicar los temas en bruto, por ello en la mayor\u00eda de las canciones se escucha tan s\u00f3lo la voz de Barrett y su Fender Telecaster. Cabe destacar de este trabajo canciones como \u00abDark Globe\u00bb, \u00abHere I Go\u00bb , \u00abOctopus\u00bb, \u00abGolden Hair\u00bb (un poema de James Joyce), \u00abFeel\u00bb (mezcla de bohemia e incoherencia) o \u00abIf It&#8217;s In You\u00bb (con su voz desentonando sobre una melod\u00eda que cautiva al oyente). Sus letras exploran distintas atm\u00f3sferas, consiguiendo en cada canci\u00f3n un mundo.<\/p>\n","protected":false},"excerpt":{"rendered":"<p>The Madcap Laughs es el primer \u00e1lbum como solista de Syd Barrett despu\u00e9s de abandonar Pink Floyd. Producido por Roger Waters, David Gilmour, Malcolm Jones y Peter<a class=\"read\" href=\"https:\/\/wpguerssen-test.odoo.rgbconsulting.com\/es\/producto\/the-madcap-laughs\/\"> (...)<\/a>","protected":false},"featured_media":114999,"template":"","meta":{"_acf_changed":false},"product_brand":[],"product_cat":[21639,23215],"product_tag":[24185],"class_list":{"0":"post-178737","1":"product","2":"type-product","3":"status-publish","4":"has-post-thumbnail","6":"product_cat-psychedelic60s-70s-es","7":"product_cat-progressive60s-70s-es","8":"product_tag-de-nuevo-en-existencia","9":"pa_artist-barrett-syd-es","10":"pa_format-lp-es","11":"pa_gender-psychedelic60s-70s-progressive60s-70s","12":"pa_label-warner-es","13":"pa_location-uk-ireland-es","14":"pa_other-filters-vinyl-only-es","16":"first","17":"instock","18":"taxable","19":"shipping-taxable","20":"purchasable","21":"product-type-simple"},"acf":[],"yoast_head":"<!-- This site is optimized with the Yoast SEO plugin v24.9 - https:\/\/yoast.com\/wordpress\/plugins\/seo\/ -->\n<title>BARRETT, Syd - The Madcap Laughs -  (LP) | Guerssen<\/title>\n<meta name=\"description\" content=\"The Madcap Laughs is the debut solo album by the English singer-songwriter Syd Barrett. It was recorded after Barrett had left Pink Floyd in April 1968. The album had a chequered recording history, with work beginning in mid-1968, but the bulk of the sessions taking place between April and July 1969, for which five different producers were credited - including Barrett, Peter Jenner (1968 sessions), Malcolm Jones (early-to-mid-1969 sessions), and fellow Pink Floyd members David Gilmour and Roger Waters (mid-1969 sessions). Among the guest musicians are Willie Wilson from Gilmour&#039;s old band Jokers Wild and several members of Soft Machine. #nl# The Madcap Laughs, released in January 1970 on Harvest in the UK but not released in the US until 1974, enjoyed minimal commercial success on release, reaching number 40 on the UK&#039;s official albums chart.\" \/>\n<meta name=\"robots\" content=\"index, follow, max-snippet:-1, max-image-preview:large, max-video-preview:-1\" \/>\n<link rel=\"canonical\" href=\"https:\/\/wpguerssen-test.odoo.rgbconsulting.com\/es\/producto\/the-madcap-laughs\/\" \/>\n<meta property=\"og:locale\" content=\"es_ES\" \/>\n<meta property=\"og:type\" content=\"article\" \/>\n<meta property=\"og:title\" content=\"BARRETT, Syd - The Madcap Laughs -  (LP) | Guerssen\" \/>\n<meta property=\"og:description\" content=\"The Madcap Laughs is the debut solo album by the English singer-songwriter Syd Barrett. It was recorded after Barrett had left Pink Floyd in April 1968. The album had a chequered recording history, with work beginning in mid-1968, but the bulk of the sessions taking place between April and July 1969, for which five different producers were credited - including Barrett, Peter Jenner (1968 sessions), Malcolm Jones (early-to-mid-1969 sessions), and fellow Pink Floyd members David Gilmour and Roger Waters (mid-1969 sessions). Among the guest musicians are Willie Wilson from Gilmour&#039;s old band Jokers Wild and several members of Soft Machine. #nl# The Madcap Laughs, released in January 1970 on Harvest in the UK but not released in the US until 1974, enjoyed minimal commercial success on release, reaching number 40 on the UK&#039;s official albums chart.\" \/>\n<meta property=\"og:url\" content=\"https:\/\/wpguerssen-test.odoo.rgbconsulting.com\/es\/producto\/the-madcap-laughs\/\" \/>\n<meta property=\"og:site_name\" content=\"Guerssen records\" \/>\n<meta property=\"article:modified_time\" content=\"2025-03-31T16:17:27+00:00\" \/>\n<meta property=\"og:image\" content=\"https:\/\/wpguerssen-test.odoo.rgbconsulting.com\/wp-content\/uploads\/2022\/03\/15600.jpg\" \/>\n\t<meta property=\"og:image:width\" content=\"226\" \/>\n\t<meta property=\"og:image:height\" content=\"223\" \/>\n\t<meta property=\"og:image:type\" content=\"image\/jpeg\" \/>\n<meta name=\"twitter:card\" content=\"summary_large_image\" \/>\n<meta name=\"twitter:title\" content=\"BARRETT, Syd - The Madcap Laughs -  (LP) | Guerssen\" \/>\n<meta name=\"twitter:label1\" content=\"Tiempo de lectura\" \/>\n\t<meta name=\"twitter:data1\" content=\"1 minuto\" \/>\n<script type=\"application\/ld+json\" class=\"yoast-schema-graph\">{\"@context\":\"https:\/\/schema.org\",\"@graph\":[{\"@type\":\"WebPage\",\"@id\":\"https:\/\/wpguerssen-test.odoo.rgbconsulting.com\/es\/producto\/the-madcap-laughs\/\",\"url\":\"https:\/\/wpguerssen-test.odoo.rgbconsulting.com\/es\/producto\/the-madcap-laughs\/\",\"name\":\"BARRETT, Syd - The Madcap Laughs - (LP) | Guerssen\",\"isPartOf\":{\"@id\":\"https:\/\/wpguerssen-test.odoo.rgbconsulting.com\/es\/#website\"},\"primaryImageOfPage\":{\"@id\":\"https:\/\/wpguerssen-test.odoo.rgbconsulting.com\/es\/producto\/the-madcap-laughs\/#primaryimage\"},\"image\":{\"@id\":\"https:\/\/wpguerssen-test.odoo.rgbconsulting.com\/es\/producto\/the-madcap-laughs\/#primaryimage\"},\"thumbnailUrl\":\"https:\/\/wpguerssen-test.odoo.rgbconsulting.com\/wp-content\/uploads\/2022\/03\/15600.jpg\",\"datePublished\":\"2025-03-30T22:00:00+00:00\",\"dateModified\":\"2025-03-31T16:17:27+00:00\",\"description\":\"The Madcap Laughs is the debut solo album by the English singer-songwriter Syd Barrett. It was recorded after Barrett had left Pink Floyd in April 1968. The album had a chequered recording history, with work beginning in mid-1968, but the bulk of the sessions taking place between April and July 1969, for which five different producers were credited - including Barrett, Peter Jenner (1968 sessions), Malcolm Jones (early-to-mid-1969 sessions), and fellow Pink Floyd members David Gilmour and Roger Waters (mid-1969 sessions). Among the guest musicians are Willie Wilson from Gilmour's old band Jokers Wild and several members of Soft Machine. #nl# The Madcap Laughs, released in January 1970 on Harvest in the UK but not released in the US until 1974, enjoyed minimal commercial success on release, reaching number 40 on the UK's official albums chart.\",\"breadcrumb\":{\"@id\":\"https:\/\/wpguerssen-test.odoo.rgbconsulting.com\/es\/producto\/the-madcap-laughs\/#breadcrumb\"},\"inLanguage\":\"es\",\"potentialAction\":[{\"@type\":\"ReadAction\",\"target\":[\"https:\/\/wpguerssen-test.odoo.rgbconsulting.com\/es\/producto\/the-madcap-laughs\/\"]}]},{\"@type\":\"ImageObject\",\"inLanguage\":\"es\",\"@id\":\"https:\/\/wpguerssen-test.odoo.rgbconsulting.com\/es\/producto\/the-madcap-laughs\/#primaryimage\",\"url\":\"https:\/\/wpguerssen-test.odoo.rgbconsulting.com\/wp-content\/uploads\/2022\/03\/15600.jpg\",\"contentUrl\":\"https:\/\/wpguerssen-test.odoo.rgbconsulting.com\/wp-content\/uploads\/2022\/03\/15600.jpg\",\"width\":226,\"height\":223,\"caption\":\"Syd - The Madcap Laughs - WARNER (LP) | Guerssen\"},{\"@type\":\"BreadcrumbList\",\"@id\":\"https:\/\/wpguerssen-test.odoo.rgbconsulting.com\/es\/producto\/the-madcap-laughs\/#breadcrumb\",\"itemListElement\":[{\"@type\":\"ListItem\",\"position\":1,\"name\":\"Inicio\",\"item\":\"https:\/\/wpguerssen-test.odoo.rgbconsulting.com\/es\/\"},{\"@type\":\"ListItem\",\"position\":2,\"name\":\"Shop\",\"item\":\"https:\/\/wpguerssen-test.odoo.rgbconsulting.com\/shop\/\"},{\"@type\":\"ListItem\",\"position\":3,\"name\":\"The Madcap Laughs\"}]},{\"@type\":\"WebSite\",\"@id\":\"https:\/\/wpguerssen-test.odoo.rgbconsulting.com\/es\/#website\",\"url\":\"https:\/\/wpguerssen-test.odoo.rgbconsulting.com\/es\/\",\"name\":\"Guerssen records\",\"description\":\"psychedelia - progressive - folk - garage \",\"publisher\":{\"@id\":\"https:\/\/wpguerssen-test.odoo.rgbconsulting.com\/es\/#organization\"},\"potentialAction\":[{\"@type\":\"SearchAction\",\"target\":{\"@type\":\"EntryPoint\",\"urlTemplate\":\"https:\/\/wpguerssen-test.odoo.rgbconsulting.com\/es\/?s={search_term_string}\"},\"query-input\":{\"@type\":\"PropertyValueSpecification\",\"valueRequired\":true,\"valueName\":\"search_term_string\"}}],\"inLanguage\":\"es\"},{\"@type\":\"Organization\",\"@id\":\"https:\/\/wpguerssen-test.odoo.rgbconsulting.com\/es\/#organization\",\"name\":\"Guerssen records\",\"url\":\"https:\/\/wpguerssen-test.odoo.rgbconsulting.com\/es\/\",\"logo\":{\"@type\":\"ImageObject\",\"inLanguage\":\"es\",\"@id\":\"https:\/\/wpguerssen-test.odoo.rgbconsulting.com\/es\/#\/schema\/logo\/image\/\",\"url\":\"https:\/\/wpguerssen-test.odoo.rgbconsulting.com\/wp-content\/uploads\/2022\/04\/Logo_Guerssen_trans_100.png\",\"contentUrl\":\"https:\/\/wpguerssen-test.odoo.rgbconsulting.com\/wp-content\/uploads\/2022\/04\/Logo_Guerssen_trans_100.png\",\"width\":122,\"height\":100,\"caption\":\"Guerssen records\"},\"image\":{\"@id\":\"https:\/\/wpguerssen-test.odoo.rgbconsulting.com\/es\/#\/schema\/logo\/image\/\"}}]}<\/script>\n<!-- \/ Yoast SEO plugin. -->","yoast_head_json":{"title":"BARRETT, Syd - The Madcap Laughs -  (LP) | Guerssen","description":"The Madcap Laughs is the debut solo album by the English singer-songwriter Syd Barrett. It was recorded after Barrett had left Pink Floyd in April 1968. The album had a chequered recording history, with work beginning in mid-1968, but the bulk of the sessions taking place between April and July 1969, for which five different producers were credited - including Barrett, Peter Jenner (1968 sessions), Malcolm Jones (early-to-mid-1969 sessions), and fellow Pink Floyd members David Gilmour and Roger Waters (mid-1969 sessions). Among the guest musicians are Willie Wilson from Gilmour's old band Jokers Wild and several members of Soft Machine. #nl# The Madcap Laughs, released in January 1970 on Harvest in the UK but not released in the US until 1974, enjoyed minimal commercial success on release, reaching number 40 on the UK's official albums chart.","robots":{"index":"index","follow":"follow","max-snippet":"max-snippet:-1","max-image-preview":"max-image-preview:large","max-video-preview":"max-video-preview:-1"},"canonical":"https:\/\/wpguerssen-test.odoo.rgbconsulting.com\/es\/producto\/the-madcap-laughs\/","og_locale":"es_ES","og_type":"article","og_title":"BARRETT, Syd - The Madcap Laughs -  (LP) | Guerssen","og_description":"The Madcap Laughs is the debut solo album by the English singer-songwriter Syd Barrett. It was recorded after Barrett had left Pink Floyd in April 1968. The album had a chequered recording history, with work beginning in mid-1968, but the bulk of the sessions taking place between April and July 1969, for which five different producers were credited - including Barrett, Peter Jenner (1968 sessions), Malcolm Jones (early-to-mid-1969 sessions), and fellow Pink Floyd members David Gilmour and Roger Waters (mid-1969 sessions). Among the guest musicians are Willie Wilson from Gilmour's old band Jokers Wild and several members of Soft Machine. #nl# The Madcap Laughs, released in January 1970 on Harvest in the UK but not released in the US until 1974, enjoyed minimal commercial success on release, reaching number 40 on the UK's official albums chart.","og_url":"https:\/\/wpguerssen-test.odoo.rgbconsulting.com\/es\/producto\/the-madcap-laughs\/","og_site_name":"Guerssen records","article_modified_time":"2025-03-31T16:17:27+00:00","og_image":[{"width":226,"height":223,"url":"https:\/\/wpguerssen-test.odoo.rgbconsulting.com\/wp-content\/uploads\/2022\/03\/15600.jpg","type":"image\/jpeg"}],"twitter_card":"summary_large_image","twitter_title":"BARRETT, Syd - The Madcap Laughs -  (LP) | Guerssen","twitter_misc":{"Tiempo de lectura":"1 minuto"},"schema":{"@context":"https:\/\/schema.org","@graph":[{"@type":"WebPage","@id":"https:\/\/wpguerssen-test.odoo.rgbconsulting.com\/es\/producto\/the-madcap-laughs\/","url":"https:\/\/wpguerssen-test.odoo.rgbconsulting.com\/es\/producto\/the-madcap-laughs\/","name":"BARRETT, Syd - The Madcap Laughs - (LP) | Guerssen","isPartOf":{"@id":"https:\/\/wpguerssen-test.odoo.rgbconsulting.com\/es\/#website"},"primaryImageOfPage":{"@id":"https:\/\/wpguerssen-test.odoo.rgbconsulting.com\/es\/producto\/the-madcap-laughs\/#primaryimage"},"image":{"@id":"https:\/\/wpguerssen-test.odoo.rgbconsulting.com\/es\/producto\/the-madcap-laughs\/#primaryimage"},"thumbnailUrl":"https:\/\/wpguerssen-test.odoo.rgbconsulting.com\/wp-content\/uploads\/2022\/03\/15600.jpg","datePublished":"2025-03-30T22:00:00+00:00","dateModified":"2025-03-31T16:17:27+00:00","description":"The Madcap Laughs is the debut solo album by the English singer-songwriter Syd Barrett. It was recorded after Barrett had left Pink Floyd in April 1968. The album had a chequered recording history, with work beginning in mid-1968, but the bulk of the sessions taking place between April and July 1969, for which five different producers were credited - including Barrett, Peter Jenner (1968 sessions), Malcolm Jones (early-to-mid-1969 sessions), and fellow Pink Floyd members David Gilmour and Roger Waters (mid-1969 sessions). Among the guest musicians are Willie Wilson from Gilmour's old band Jokers Wild and several members of Soft Machine. #nl# The Madcap Laughs, released in January 1970 on Harvest in the UK but not released in the US until 1974, enjoyed minimal commercial success on release, reaching number 40 on the UK's official albums chart.","breadcrumb":{"@id":"https:\/\/wpguerssen-test.odoo.rgbconsulting.com\/es\/producto\/the-madcap-laughs\/#breadcrumb"},"inLanguage":"es","potentialAction":[{"@type":"ReadAction","target":["https:\/\/wpguerssen-test.odoo.rgbconsulting.com\/es\/producto\/the-madcap-laughs\/"]}]},{"@type":"ImageObject","inLanguage":"es","@id":"https:\/\/wpguerssen-test.odoo.rgbconsulting.com\/es\/producto\/the-madcap-laughs\/#primaryimage","url":"https:\/\/wpguerssen-test.odoo.rgbconsulting.com\/wp-content\/uploads\/2022\/03\/15600.jpg","contentUrl":"https:\/\/wpguerssen-test.odoo.rgbconsulting.com\/wp-content\/uploads\/2022\/03\/15600.jpg","width":226,"height":223,"caption":"Syd - The Madcap Laughs - WARNER (LP) | Guerssen"},{"@type":"BreadcrumbList","@id":"https:\/\/wpguerssen-test.odoo.rgbconsulting.com\/es\/producto\/the-madcap-laughs\/#breadcrumb","itemListElement":[{"@type":"ListItem","position":1,"name":"Inicio","item":"https:\/\/wpguerssen-test.odoo.rgbconsulting.com\/es\/"},{"@type":"ListItem","position":2,"name":"Shop","item":"https:\/\/wpguerssen-test.odoo.rgbconsulting.com\/shop\/"},{"@type":"ListItem","position":3,"name":"The Madcap Laughs"}]},{"@type":"WebSite","@id":"https:\/\/wpguerssen-test.odoo.rgbconsulting.com\/es\/#website","url":"https:\/\/wpguerssen-test.odoo.rgbconsulting.com\/es\/","name":"Guerssen records","description":"psychedelia - progressive - folk - garage ","publisher":{"@id":"https:\/\/wpguerssen-test.odoo.rgbconsulting.com\/es\/#organization"},"potentialAction":[{"@type":"SearchAction","target":{"@type":"EntryPoint","urlTemplate":"https:\/\/wpguerssen-test.odoo.rgbconsulting.com\/es\/?s={search_term_string}"},"query-input":{"@type":"PropertyValueSpecification","valueRequired":true,"valueName":"search_term_string"}}],"inLanguage":"es"},{"@type":"Organization","@id":"https:\/\/wpguerssen-test.odoo.rgbconsulting.com\/es\/#organization","name":"Guerssen records","url":"https:\/\/wpguerssen-test.odoo.rgbconsulting.com\/es\/","logo":{"@type":"ImageObject","inLanguage":"es","@id":"https:\/\/wpguerssen-test.odoo.rgbconsulting.com\/es\/#\/schema\/logo\/image\/","url":"https:\/\/wpguerssen-test.odoo.rgbconsulting.com\/wp-content\/uploads\/2022\/04\/Logo_Guerssen_trans_100.png","contentUrl":"https:\/\/wpguerssen-test.odoo.rgbconsulting.com\/wp-content\/uploads\/2022\/04\/Logo_Guerssen_trans_100.png","width":122,"height":100,"caption":"Guerssen records"},"image":{"@id":"https:\/\/wpguerssen-test.odoo.rgbconsulting.com\/es\/#\/schema\/logo\/image\/"}}]}},"_links":{"self":[{"href":"https:\/\/wpguerssen-test.odoo.rgbconsulting.com\/es\/wp-json\/wp\/v2\/product\/178737","targetHints":{"allow":["GET"]}}],"collection":[{"href":"https:\/\/wpguerssen-test.odoo.rgbconsulting.com\/es\/wp-json\/wp\/v2\/product"}],"about":[{"href":"https:\/\/wpguerssen-test.odoo.rgbconsulting.com\/es\/wp-json\/wp\/v2\/types\/product"}],"wp:featuredmedia":[{"embeddable":true,"href":"https:\/\/wpguerssen-test.odoo.rgbconsulting.com\/es\/wp-json\/wp\/v2\/media\/114999"}],"wp:attachment":[{"href":"https:\/\/wpguerssen-test.odoo.rgbconsulting.com\/es\/wp-json\/wp\/v2\/media?parent=178737"}],"wp:term":[{"taxonomy":"product_brand","embeddable":true,"href":"https:\/\/wpguerssen-test.odoo.rgbconsulting.com\/es\/wp-json\/wp\/v2\/product_brand?post=178737"},{"taxonomy":"product_cat","embeddable":true,"href":"https:\/\/wpguerssen-test.odoo.rgbconsulting.com\/es\/wp-json\/wp\/v2\/product_cat?post=178737"},{"taxonomy":"product_tag","embeddable":true,"href":"https:\/\/wpguerssen-test.odoo.rgbconsulting.com\/es\/wp-json\/wp\/v2\/product_tag?post=178737"}],"curies":[{"name":"wp","href":"https:\/\/api.w.org\/{rel}","templated":true}]}}