{"id":178746,"date":"2015-01-12T00:00:00","date_gmt":"2015-01-11T23:00:00","guid":{"rendered":"http:\/\/guerssen.hl1097.dinaserver.com\/product\/perseverance-kills-our-game-cd\/"},"modified":"2025-04-22T15:46:22","modified_gmt":"2025-04-22T13:46:22","slug":"perseverance-kills-our-game-cd","status":"publish","type":"product","link":"https:\/\/wpguerssen-test.odoo.rgbconsulting.com\/es\/producto\/perseverance-kills-our-game-cd\/","title":{"rendered":"Perseverance kills our game (CD)"},"content":{"rendered":"<p>Obra maestra absoluta si hablamos de folk-progresivo \/ psicod\u00e9lico 70s! Los holandeses Avalanche se formaron a principios de los 70 y en 1979 editaron su \u00fanico disco de forma privada, s\u00f3lo 500 copias que distribuyeron a nivel local. A pesar de ser un disco grabado de forma rudimentaria y totalmente casera, el resultado es apabullante. Sonido folk-rock totalmente de principios de los 70 con flauta, piano, bajo, bater\u00eda y punzante guitarra fuzz. <\/p>\n<p> Casi todo instrumental con unas pocas parte cantadas en ingl\u00e9s, alterna delicados pasajes ac\u00fasticos y medievales con pasajes el\u00e9ctricos que culminan en el largo tema que cierra el disco, repleto de capas y capas de guitarra acid-fuzz. \u00bfPuedes imaginar a Fairport Convention de jam com los primeros Ash Ra Tempel? <\/p>\n<p> Por primera vez reeditado en LP\/CD, en colaboraci\u00f3n con los miembros del grupo. Sonido cuidadosamente remasterizado de vinilo original (los m\u00e1sters se destruyeron) usando equipamiento \u00abstate-of-the-art\u00bb, con un resultado realmente excelente. Insert \/ booklet con fotos y notas a cargo de Richard Allen. <\/p>\n<p> Tracklist: <\/p>\n<p> Lodalientje &#8211; Cola-Tik &#8211; Hymn On Wind And Water &#8211; Maiden Voyage &#8211; Gimmick For Twenty Fingers &#8211; Transcendence (for Leo)- Images Of Long Gone By &#8211; Oblivion<\/p>\n","protected":false},"excerpt":{"rendered":"<p>Obra maestra absoluta si hablamos de folk-progresivo \/ psicod\u00e9lico 70s! Los holandeses Avalanche se formaron a principios de los 70 y en 1979 editaron su \u00fanico disco<a class=\"read\" href=\"https:\/\/wpguerssen-test.odoo.rgbconsulting.com\/es\/producto\/perseverance-kills-our-game-cd\/\"> (...)<\/a>","protected":false},"featured_media":115010,"template":"","meta":{"_acf_changed":false},"product_brand":[],"product_cat":[21639,23274],"product_tag":[29138],"class_list":{"0":"post-178746","1":"product","2":"type-product","3":"status-publish","4":"has-post-thumbnail","6":"product_cat-psychedelic60s-70s-es","7":"product_cat-folk-rock-60s-70s-es","8":"product_tag-cd-es","9":"pa_artist-avalanche-es","10":"pa_format-cd-2-es","11":"pa_gender-folk-rock-60s-70s-psychedelic60s-70s","12":"pa_label-guerssen-es","13":"pa_location-europe-es","15":"first","16":"instock","17":"taxable","18":"shipping-taxable","19":"purchasable","20":"product-type-simple"},"acf":[],"yoast_head":"<!-- This site is optimized with the Yoast SEO plugin v24.9 - https:\/\/yoast.com\/wordpress\/plugins\/seo\/ -->\n<title>AVALANCHE - Perseverance kills our game (CD) -  (CD) | Guerssen<\/title>\n<meta name=\"description\" content=\"Absolute masterpiece when talking about progressive \/ psychedelic folk-rock from Europe. Dutch band Avalanche was formed in the early 70s and recorded their only album in 1979. &quot;Perseverance kills our game&quot; was released as a private edition of 500 copies, which were only distributed among friends and relatives. Despite being a home-made project (the album was recorded in just one day!) the result was stunning. #nl# Totally early 70s sounding electric folk-rock with flute, piano, bass, drums, and killer fuzz guitar. Mostly instrumental with a few vocals in English. It alternates delicate acoustic passages with devastating fuzz leads, sounding like Fairport Convention jamming with early Ash Ra Tempel. The album closes with an extended 11 minute track on which guitar player Daan Slaman starts playing leads like a madman, creating layers and layers of liquid acid-fuzz guitar. It has to be heard to be believed! #nl# First ever LP \/ CD reissue, done in cooperation with the original band members. #nl# Insert \/ booklet with rare photos and liner notes by Richard Allen. #nl# Carefully remastered from original vinyl (the masters were destroyed long ago) using state-of-the-art equipment, resulting in stunning sound quality. #nl# Tracklist: #nl# Lodalientje - Cola-Tik - Hymn On Wind And Water - Maiden Voyage - Gimmick For Twenty Fingers - Transcendence (for Leo)- Images Of Long Gone By - Oblivion\" \/>\n<meta name=\"robots\" content=\"index, follow, max-snippet:-1, max-image-preview:large, max-video-preview:-1\" \/>\n<link rel=\"canonical\" href=\"https:\/\/wpguerssen-test.odoo.rgbconsulting.com\/es\/producto\/perseverance-kills-our-game-cd\/\" \/>\n<meta property=\"og:locale\" content=\"es_ES\" \/>\n<meta property=\"og:type\" content=\"article\" \/>\n<meta property=\"og:title\" content=\"AVALANCHE - Perseverance kills our game (CD) -  (CD) | Guerssen\" \/>\n<meta property=\"og:description\" content=\"Absolute masterpiece when talking about progressive \/ psychedelic folk-rock from Europe. Dutch band Avalanche was formed in the early 70s and recorded their only album in 1979. &quot;Perseverance kills our game&quot; was released as a private edition of 500 copies, which were only distributed among friends and relatives. Despite being a home-made project (the album was recorded in just one day!) the result was stunning. #nl# Totally early 70s sounding electric folk-rock with flute, piano, bass, drums, and killer fuzz guitar. Mostly instrumental with a few vocals in English. It alternates delicate acoustic passages with devastating fuzz leads, sounding like Fairport Convention jamming with early Ash Ra Tempel. The album closes with an extended 11 minute track on which guitar player Daan Slaman starts playing leads like a madman, creating layers and layers of liquid acid-fuzz guitar. It has to be heard to be believed! #nl# First ever LP \/ CD reissue, done in cooperation with the original band members. #nl# Insert \/ booklet with rare photos and liner notes by Richard Allen. #nl# Carefully remastered from original vinyl (the masters were destroyed long ago) using state-of-the-art equipment, resulting in stunning sound quality. #nl# Tracklist: #nl# Lodalientje - Cola-Tik - Hymn On Wind And Water - Maiden Voyage - Gimmick For Twenty Fingers - Transcendence (for Leo)- Images Of Long Gone By - Oblivion\" \/>\n<meta property=\"og:url\" content=\"https:\/\/wpguerssen-test.odoo.rgbconsulting.com\/es\/producto\/perseverance-kills-our-game-cd\/\" \/>\n<meta property=\"og:site_name\" content=\"Guerssen records\" \/>\n<meta property=\"article:modified_time\" content=\"2025-04-22T13:46:22+00:00\" \/>\n<meta property=\"og:image\" content=\"https:\/\/wpguerssen-test.odoo.rgbconsulting.com\/wp-content\/uploads\/2022\/03\/15610.jpg\" \/>\n\t<meta property=\"og:image:width\" content=\"600\" \/>\n\t<meta property=\"og:image:height\" content=\"600\" \/>\n\t<meta property=\"og:image:type\" content=\"image\/jpeg\" \/>\n<meta name=\"twitter:card\" content=\"summary_large_image\" \/>\n<meta name=\"twitter:title\" content=\"AVALANCHE - Perseverance kills our game (CD) -  (CD) | Guerssen\" \/>\n<meta name=\"twitter:label1\" content=\"Tiempo de lectura\" \/>\n\t<meta name=\"twitter:data1\" content=\"1 minuto\" \/>\n<script type=\"application\/ld+json\" class=\"yoast-schema-graph\">{\"@context\":\"https:\/\/schema.org\",\"@graph\":[{\"@type\":\"WebPage\",\"@id\":\"https:\/\/wpguerssen-test.odoo.rgbconsulting.com\/es\/producto\/perseverance-kills-our-game-cd\/\",\"url\":\"https:\/\/wpguerssen-test.odoo.rgbconsulting.com\/es\/producto\/perseverance-kills-our-game-cd\/\",\"name\":\"AVALANCHE - Perseverance kills our game (CD) - (CD) | Guerssen\",\"isPartOf\":{\"@id\":\"https:\/\/wpguerssen-test.odoo.rgbconsulting.com\/es\/#website\"},\"primaryImageOfPage\":{\"@id\":\"https:\/\/wpguerssen-test.odoo.rgbconsulting.com\/es\/producto\/perseverance-kills-our-game-cd\/#primaryimage\"},\"image\":{\"@id\":\"https:\/\/wpguerssen-test.odoo.rgbconsulting.com\/es\/producto\/perseverance-kills-our-game-cd\/#primaryimage\"},\"thumbnailUrl\":\"https:\/\/wpguerssen-test.odoo.rgbconsulting.com\/wp-content\/uploads\/2022\/03\/15610.jpg\",\"datePublished\":\"2015-01-11T23:00:00+00:00\",\"dateModified\":\"2025-04-22T13:46:22+00:00\",\"description\":\"Absolute masterpiece when talking about progressive \/ psychedelic folk-rock from Europe. Dutch band Avalanche was formed in the early 70s and recorded their only album in 1979. \\\"Perseverance kills our game\\\" was released as a private edition of 500 copies, which were only distributed among friends and relatives. Despite being a home-made project (the album was recorded in just one day!) the result was stunning. #nl# Totally early 70s sounding electric folk-rock with flute, piano, bass, drums, and killer fuzz guitar. Mostly instrumental with a few vocals in English. It alternates delicate acoustic passages with devastating fuzz leads, sounding like Fairport Convention jamming with early Ash Ra Tempel. The album closes with an extended 11 minute track on which guitar player Daan Slaman starts playing leads like a madman, creating layers and layers of liquid acid-fuzz guitar. It has to be heard to be believed! #nl# First ever LP \/ CD reissue, done in cooperation with the original band members. #nl# Insert \/ booklet with rare photos and liner notes by Richard Allen. #nl# Carefully remastered from original vinyl (the masters were destroyed long ago) using state-of-the-art equipment, resulting in stunning sound quality. #nl# Tracklist: #nl# Lodalientje - Cola-Tik - Hymn On Wind And Water - Maiden Voyage - Gimmick For Twenty Fingers - Transcendence (for Leo)- Images Of Long Gone By - Oblivion\",\"breadcrumb\":{\"@id\":\"https:\/\/wpguerssen-test.odoo.rgbconsulting.com\/es\/producto\/perseverance-kills-our-game-cd\/#breadcrumb\"},\"inLanguage\":\"es\",\"potentialAction\":[{\"@type\":\"ReadAction\",\"target\":[\"https:\/\/wpguerssen-test.odoo.rgbconsulting.com\/es\/producto\/perseverance-kills-our-game-cd\/\"]}]},{\"@type\":\"ImageObject\",\"inLanguage\":\"es\",\"@id\":\"https:\/\/wpguerssen-test.odoo.rgbconsulting.com\/es\/producto\/perseverance-kills-our-game-cd\/#primaryimage\",\"url\":\"https:\/\/wpguerssen-test.odoo.rgbconsulting.com\/wp-content\/uploads\/2022\/03\/15610.jpg\",\"contentUrl\":\"https:\/\/wpguerssen-test.odoo.rgbconsulting.com\/wp-content\/uploads\/2022\/03\/15610.jpg\",\"width\":600,\"height\":600,\"caption\":\"AVALANCHE - Perseverance kills our game (CD) - GUERSSEN (CD) | Guerssen\"},{\"@type\":\"BreadcrumbList\",\"@id\":\"https:\/\/wpguerssen-test.odoo.rgbconsulting.com\/es\/producto\/perseverance-kills-our-game-cd\/#breadcrumb\",\"itemListElement\":[{\"@type\":\"ListItem\",\"position\":1,\"name\":\"Inicio\",\"item\":\"https:\/\/wpguerssen-test.odoo.rgbconsulting.com\/es\/\"},{\"@type\":\"ListItem\",\"position\":2,\"name\":\"Shop\",\"item\":\"https:\/\/wpguerssen-test.odoo.rgbconsulting.com\/shop\/\"},{\"@type\":\"ListItem\",\"position\":3,\"name\":\"Perseverance kills our game (CD)\"}]},{\"@type\":\"WebSite\",\"@id\":\"https:\/\/wpguerssen-test.odoo.rgbconsulting.com\/es\/#website\",\"url\":\"https:\/\/wpguerssen-test.odoo.rgbconsulting.com\/es\/\",\"name\":\"Guerssen records\",\"description\":\"psychedelia - progressive - folk - garage \",\"publisher\":{\"@id\":\"https:\/\/wpguerssen-test.odoo.rgbconsulting.com\/es\/#organization\"},\"potentialAction\":[{\"@type\":\"SearchAction\",\"target\":{\"@type\":\"EntryPoint\",\"urlTemplate\":\"https:\/\/wpguerssen-test.odoo.rgbconsulting.com\/es\/?s={search_term_string}\"},\"query-input\":{\"@type\":\"PropertyValueSpecification\",\"valueRequired\":true,\"valueName\":\"search_term_string\"}}],\"inLanguage\":\"es\"},{\"@type\":\"Organization\",\"@id\":\"https:\/\/wpguerssen-test.odoo.rgbconsulting.com\/es\/#organization\",\"name\":\"Guerssen records\",\"url\":\"https:\/\/wpguerssen-test.odoo.rgbconsulting.com\/es\/\",\"logo\":{\"@type\":\"ImageObject\",\"inLanguage\":\"es\",\"@id\":\"https:\/\/wpguerssen-test.odoo.rgbconsulting.com\/es\/#\/schema\/logo\/image\/\",\"url\":\"https:\/\/wpguerssen-test.odoo.rgbconsulting.com\/wp-content\/uploads\/2022\/04\/Logo_Guerssen_trans_100.png\",\"contentUrl\":\"https:\/\/wpguerssen-test.odoo.rgbconsulting.com\/wp-content\/uploads\/2022\/04\/Logo_Guerssen_trans_100.png\",\"width\":122,\"height\":100,\"caption\":\"Guerssen records\"},\"image\":{\"@id\":\"https:\/\/wpguerssen-test.odoo.rgbconsulting.com\/es\/#\/schema\/logo\/image\/\"}}]}<\/script>\n<!-- \/ Yoast SEO plugin. -->","yoast_head_json":{"title":"AVALANCHE - Perseverance kills our game (CD) -  (CD) | Guerssen","description":"Absolute masterpiece when talking about progressive \/ psychedelic folk-rock from Europe. Dutch band Avalanche was formed in the early 70s and recorded their only album in 1979. \"Perseverance kills our game\" was released as a private edition of 500 copies, which were only distributed among friends and relatives. Despite being a home-made project (the album was recorded in just one day!) the result was stunning. #nl# Totally early 70s sounding electric folk-rock with flute, piano, bass, drums, and killer fuzz guitar. Mostly instrumental with a few vocals in English. It alternates delicate acoustic passages with devastating fuzz leads, sounding like Fairport Convention jamming with early Ash Ra Tempel. The album closes with an extended 11 minute track on which guitar player Daan Slaman starts playing leads like a madman, creating layers and layers of liquid acid-fuzz guitar. It has to be heard to be believed! #nl# First ever LP \/ CD reissue, done in cooperation with the original band members. #nl# Insert \/ booklet with rare photos and liner notes by Richard Allen. #nl# Carefully remastered from original vinyl (the masters were destroyed long ago) using state-of-the-art equipment, resulting in stunning sound quality. #nl# Tracklist: #nl# Lodalientje - Cola-Tik - Hymn On Wind And Water - Maiden Voyage - Gimmick For Twenty Fingers - Transcendence (for Leo)- Images Of Long Gone By - Oblivion","robots":{"index":"index","follow":"follow","max-snippet":"max-snippet:-1","max-image-preview":"max-image-preview:large","max-video-preview":"max-video-preview:-1"},"canonical":"https:\/\/wpguerssen-test.odoo.rgbconsulting.com\/es\/producto\/perseverance-kills-our-game-cd\/","og_locale":"es_ES","og_type":"article","og_title":"AVALANCHE - Perseverance kills our game (CD) -  (CD) | Guerssen","og_description":"Absolute masterpiece when talking about progressive \/ psychedelic folk-rock from Europe. Dutch band Avalanche was formed in the early 70s and recorded their only album in 1979. \"Perseverance kills our game\" was released as a private edition of 500 copies, which were only distributed among friends and relatives. Despite being a home-made project (the album was recorded in just one day!) the result was stunning. #nl# Totally early 70s sounding electric folk-rock with flute, piano, bass, drums, and killer fuzz guitar. Mostly instrumental with a few vocals in English. It alternates delicate acoustic passages with devastating fuzz leads, sounding like Fairport Convention jamming with early Ash Ra Tempel. The album closes with an extended 11 minute track on which guitar player Daan Slaman starts playing leads like a madman, creating layers and layers of liquid acid-fuzz guitar. It has to be heard to be believed! #nl# First ever LP \/ CD reissue, done in cooperation with the original band members. #nl# Insert \/ booklet with rare photos and liner notes by Richard Allen. #nl# Carefully remastered from original vinyl (the masters were destroyed long ago) using state-of-the-art equipment, resulting in stunning sound quality. #nl# Tracklist: #nl# Lodalientje - Cola-Tik - Hymn On Wind And Water - Maiden Voyage - Gimmick For Twenty Fingers - Transcendence (for Leo)- Images Of Long Gone By - Oblivion","og_url":"https:\/\/wpguerssen-test.odoo.rgbconsulting.com\/es\/producto\/perseverance-kills-our-game-cd\/","og_site_name":"Guerssen records","article_modified_time":"2025-04-22T13:46:22+00:00","og_image":[{"width":600,"height":600,"url":"https:\/\/wpguerssen-test.odoo.rgbconsulting.com\/wp-content\/uploads\/2022\/03\/15610.jpg","type":"image\/jpeg"}],"twitter_card":"summary_large_image","twitter_title":"AVALANCHE - Perseverance kills our game (CD) -  (CD) | Guerssen","twitter_misc":{"Tiempo de lectura":"1 minuto"},"schema":{"@context":"https:\/\/schema.org","@graph":[{"@type":"WebPage","@id":"https:\/\/wpguerssen-test.odoo.rgbconsulting.com\/es\/producto\/perseverance-kills-our-game-cd\/","url":"https:\/\/wpguerssen-test.odoo.rgbconsulting.com\/es\/producto\/perseverance-kills-our-game-cd\/","name":"AVALANCHE - Perseverance kills our game (CD) - (CD) | Guerssen","isPartOf":{"@id":"https:\/\/wpguerssen-test.odoo.rgbconsulting.com\/es\/#website"},"primaryImageOfPage":{"@id":"https:\/\/wpguerssen-test.odoo.rgbconsulting.com\/es\/producto\/perseverance-kills-our-game-cd\/#primaryimage"},"image":{"@id":"https:\/\/wpguerssen-test.odoo.rgbconsulting.com\/es\/producto\/perseverance-kills-our-game-cd\/#primaryimage"},"thumbnailUrl":"https:\/\/wpguerssen-test.odoo.rgbconsulting.com\/wp-content\/uploads\/2022\/03\/15610.jpg","datePublished":"2015-01-11T23:00:00+00:00","dateModified":"2025-04-22T13:46:22+00:00","description":"Absolute masterpiece when talking about progressive \/ psychedelic folk-rock from Europe. Dutch band Avalanche was formed in the early 70s and recorded their only album in 1979. \"Perseverance kills our game\" was released as a private edition of 500 copies, which were only distributed among friends and relatives. Despite being a home-made project (the album was recorded in just one day!) the result was stunning. #nl# Totally early 70s sounding electric folk-rock with flute, piano, bass, drums, and killer fuzz guitar. Mostly instrumental with a few vocals in English. It alternates delicate acoustic passages with devastating fuzz leads, sounding like Fairport Convention jamming with early Ash Ra Tempel. The album closes with an extended 11 minute track on which guitar player Daan Slaman starts playing leads like a madman, creating layers and layers of liquid acid-fuzz guitar. It has to be heard to be believed! #nl# First ever LP \/ CD reissue, done in cooperation with the original band members. #nl# Insert \/ booklet with rare photos and liner notes by Richard Allen. #nl# Carefully remastered from original vinyl (the masters were destroyed long ago) using state-of-the-art equipment, resulting in stunning sound quality. #nl# Tracklist: #nl# Lodalientje - Cola-Tik - Hymn On Wind And Water - Maiden Voyage - Gimmick For Twenty Fingers - Transcendence (for Leo)- Images Of Long Gone By - Oblivion","breadcrumb":{"@id":"https:\/\/wpguerssen-test.odoo.rgbconsulting.com\/es\/producto\/perseverance-kills-our-game-cd\/#breadcrumb"},"inLanguage":"es","potentialAction":[{"@type":"ReadAction","target":["https:\/\/wpguerssen-test.odoo.rgbconsulting.com\/es\/producto\/perseverance-kills-our-game-cd\/"]}]},{"@type":"ImageObject","inLanguage":"es","@id":"https:\/\/wpguerssen-test.odoo.rgbconsulting.com\/es\/producto\/perseverance-kills-our-game-cd\/#primaryimage","url":"https:\/\/wpguerssen-test.odoo.rgbconsulting.com\/wp-content\/uploads\/2022\/03\/15610.jpg","contentUrl":"https:\/\/wpguerssen-test.odoo.rgbconsulting.com\/wp-content\/uploads\/2022\/03\/15610.jpg","width":600,"height":600,"caption":"AVALANCHE - Perseverance kills our game (CD) - GUERSSEN (CD) | Guerssen"},{"@type":"BreadcrumbList","@id":"https:\/\/wpguerssen-test.odoo.rgbconsulting.com\/es\/producto\/perseverance-kills-our-game-cd\/#breadcrumb","itemListElement":[{"@type":"ListItem","position":1,"name":"Inicio","item":"https:\/\/wpguerssen-test.odoo.rgbconsulting.com\/es\/"},{"@type":"ListItem","position":2,"name":"Shop","item":"https:\/\/wpguerssen-test.odoo.rgbconsulting.com\/shop\/"},{"@type":"ListItem","position":3,"name":"Perseverance kills our game (CD)"}]},{"@type":"WebSite","@id":"https:\/\/wpguerssen-test.odoo.rgbconsulting.com\/es\/#website","url":"https:\/\/wpguerssen-test.odoo.rgbconsulting.com\/es\/","name":"Guerssen records","description":"psychedelia - progressive - folk - garage ","publisher":{"@id":"https:\/\/wpguerssen-test.odoo.rgbconsulting.com\/es\/#organization"},"potentialAction":[{"@type":"SearchAction","target":{"@type":"EntryPoint","urlTemplate":"https:\/\/wpguerssen-test.odoo.rgbconsulting.com\/es\/?s={search_term_string}"},"query-input":{"@type":"PropertyValueSpecification","valueRequired":true,"valueName":"search_term_string"}}],"inLanguage":"es"},{"@type":"Organization","@id":"https:\/\/wpguerssen-test.odoo.rgbconsulting.com\/es\/#organization","name":"Guerssen records","url":"https:\/\/wpguerssen-test.odoo.rgbconsulting.com\/es\/","logo":{"@type":"ImageObject","inLanguage":"es","@id":"https:\/\/wpguerssen-test.odoo.rgbconsulting.com\/es\/#\/schema\/logo\/image\/","url":"https:\/\/wpguerssen-test.odoo.rgbconsulting.com\/wp-content\/uploads\/2022\/04\/Logo_Guerssen_trans_100.png","contentUrl":"https:\/\/wpguerssen-test.odoo.rgbconsulting.com\/wp-content\/uploads\/2022\/04\/Logo_Guerssen_trans_100.png","width":122,"height":100,"caption":"Guerssen records"},"image":{"@id":"https:\/\/wpguerssen-test.odoo.rgbconsulting.com\/es\/#\/schema\/logo\/image\/"}}]}},"_links":{"self":[{"href":"https:\/\/wpguerssen-test.odoo.rgbconsulting.com\/es\/wp-json\/wp\/v2\/product\/178746","targetHints":{"allow":["GET"]}}],"collection":[{"href":"https:\/\/wpguerssen-test.odoo.rgbconsulting.com\/es\/wp-json\/wp\/v2\/product"}],"about":[{"href":"https:\/\/wpguerssen-test.odoo.rgbconsulting.com\/es\/wp-json\/wp\/v2\/types\/product"}],"wp:featuredmedia":[{"embeddable":true,"href":"https:\/\/wpguerssen-test.odoo.rgbconsulting.com\/es\/wp-json\/wp\/v2\/media\/115010"}],"wp:attachment":[{"href":"https:\/\/wpguerssen-test.odoo.rgbconsulting.com\/es\/wp-json\/wp\/v2\/media?parent=178746"}],"wp:term":[{"taxonomy":"product_brand","embeddable":true,"href":"https:\/\/wpguerssen-test.odoo.rgbconsulting.com\/es\/wp-json\/wp\/v2\/product_brand?post=178746"},{"taxonomy":"product_cat","embeddable":true,"href":"https:\/\/wpguerssen-test.odoo.rgbconsulting.com\/es\/wp-json\/wp\/v2\/product_cat?post=178746"},{"taxonomy":"product_tag","embeddable":true,"href":"https:\/\/wpguerssen-test.odoo.rgbconsulting.com\/es\/wp-json\/wp\/v2\/product_tag?post=178746"}],"curies":[{"name":"wp","href":"https:\/\/api.w.org\/{rel}","templated":true}]}}