{"id":178984,"date":"2015-01-07T00:00:00","date_gmt":"2015-01-06T23:00:00","guid":{"rendered":"http:\/\/guerssen.hl1097.dinaserver.com\/product\/supernatural-girl\/"},"modified":"2025-04-16T17:47:01","modified_gmt":"2025-04-16T15:47:01","slug":"supernatural-girl","status":"publish","type":"product","link":"https:\/\/wpguerssen-test.odoo.rgbconsulting.com\/es\/producto\/supernatural-girl\/","title":{"rendered":"Supernatural Girl"},"content":{"rendered":"<p>Uno de los m\u00e1s oscuros y misteriosos discos privados de todos los tiempos, editado en UK en 1974. \u00c1cido folk-rock psicod\u00e9lico con atm\u00f3sfera totalmente casera y grabado de forma muy rudimentaria, en la onda de algunos de los discos de Holyground. Primitiva percusi\u00f3n, efectos, ocasional fuzz&#8230;Sin duda Ferris Wheel se adelantaron varias decadas a todo el movimiento lo-fi y weird folk de los 90!<br \/>Comparado con otras obras de culto psych-folk como Virgin Insanity, A-Austr, Tony, Caro &#038; John e incluso Velvet Underground pero este es sin duda un disco \u00fanico y especial. <\/p>\n<p> Por primera vez reditado en vinilo, arte original, remasterizado portada con \u00abbackflaps\u00bb a la vieja usanza.<\/p>\n","protected":false},"excerpt":{"rendered":"<p>Uno de los m\u00e1s oscuros y misteriosos discos privados de todos los tiempos, editado en UK en 1974. \u00c1cido folk-rock psicod\u00e9lico con atm\u00f3sfera totalmente casera y<a class=\"read\" href=\"https:\/\/wpguerssen-test.odoo.rgbconsulting.com\/es\/producto\/supernatural-girl\/\"> (...)<\/a>","protected":false},"featured_media":115402,"template":"","meta":{"_acf_changed":false},"product_brand":[],"product_cat":[21639,23271],"product_tag":[],"class_list":{"0":"post-178984","1":"product","2":"type-product","3":"status-publish","4":"has-post-thumbnail","6":"product_cat-psychedelic60s-70s-es","7":"product_cat-folk-60s-70s-es","8":"pa_artist-ferris-wheel-es","9":"pa_format-lp-es","10":"pa_gender-folk-60s-70s-psychedelic60s-70s","11":"pa_label-nicro","12":"pa_location-uk-ireland-es","13":"pa_other-filters-vinyl-only-es","15":"first","16":"instock","17":"taxable","18":"shipping-taxable","19":"purchasable","20":"product-type-simple"},"acf":[],"yoast_head":"<!-- This site is optimized with the Yoast SEO plugin v24.9 - https:\/\/yoast.com\/wordpress\/plugins\/seo\/ -->\n<title>FERRIS WHEEL - Supernatural Girl -  (LP) | Guerssen<\/title>\n<meta name=\"description\" content=\"One of the most obscure UK private pressings ever with only a handful of copies actually known in collections. Ultra lo-fi, fragile psychedelic folk from 1974 with acid flashes, backward effects, electric guitars, homemade stoned atmosphere...Compared to other psych-folk classics like Virgin Insanity, A-Austr or Tony, Caro &amp; John but this is a beast of its own. First ever vinyl reissue. Original artwork. Remastered sound.\" \/>\n<meta name=\"robots\" content=\"index, follow, max-snippet:-1, max-image-preview:large, max-video-preview:-1\" \/>\n<link rel=\"canonical\" href=\"https:\/\/wpguerssen-test.odoo.rgbconsulting.com\/es\/producto\/supernatural-girl\/\" \/>\n<meta property=\"og:locale\" content=\"es_ES\" \/>\n<meta property=\"og:type\" content=\"article\" \/>\n<meta property=\"og:title\" content=\"FERRIS WHEEL - Supernatural Girl -  (LP) | Guerssen\" \/>\n<meta property=\"og:description\" content=\"One of the most obscure UK private pressings ever with only a handful of copies actually known in collections. Ultra lo-fi, fragile psychedelic folk from 1974 with acid flashes, backward effects, electric guitars, homemade stoned atmosphere...Compared to other psych-folk classics like Virgin Insanity, A-Austr or Tony, Caro &amp; John but this is a beast of its own. First ever vinyl reissue. Original artwork. Remastered sound.\" \/>\n<meta property=\"og:url\" content=\"https:\/\/wpguerssen-test.odoo.rgbconsulting.com\/es\/producto\/supernatural-girl\/\" \/>\n<meta property=\"og:site_name\" content=\"Guerssen records\" \/>\n<meta property=\"article:modified_time\" content=\"2025-04-16T15:47:01+00:00\" \/>\n<meta property=\"og:image\" content=\"https:\/\/wpguerssen-test.odoo.rgbconsulting.com\/wp-content\/uploads\/2022\/03\/16910.jpg\" \/>\n\t<meta property=\"og:image:width\" content=\"1134\" \/>\n\t<meta property=\"og:image:height\" content=\"1134\" \/>\n\t<meta property=\"og:image:type\" content=\"image\/jpeg\" \/>\n<meta name=\"twitter:card\" content=\"summary_large_image\" \/>\n<meta name=\"twitter:title\" content=\"FERRIS WHEEL - Supernatural Girl -  (LP) | Guerssen\" \/>\n<meta name=\"twitter:label1\" content=\"Tiempo de lectura\" \/>\n\t<meta name=\"twitter:data1\" content=\"1 minuto\" \/>\n<script type=\"application\/ld+json\" class=\"yoast-schema-graph\">{\"@context\":\"https:\/\/schema.org\",\"@graph\":[{\"@type\":\"WebPage\",\"@id\":\"https:\/\/wpguerssen-test.odoo.rgbconsulting.com\/es\/producto\/supernatural-girl\/\",\"url\":\"https:\/\/wpguerssen-test.odoo.rgbconsulting.com\/es\/producto\/supernatural-girl\/\",\"name\":\"FERRIS WHEEL - Supernatural Girl - (LP) | Guerssen\",\"isPartOf\":{\"@id\":\"https:\/\/wpguerssen-test.odoo.rgbconsulting.com\/es\/#website\"},\"primaryImageOfPage\":{\"@id\":\"https:\/\/wpguerssen-test.odoo.rgbconsulting.com\/es\/producto\/supernatural-girl\/#primaryimage\"},\"image\":{\"@id\":\"https:\/\/wpguerssen-test.odoo.rgbconsulting.com\/es\/producto\/supernatural-girl\/#primaryimage\"},\"thumbnailUrl\":\"https:\/\/wpguerssen-test.odoo.rgbconsulting.com\/wp-content\/uploads\/2022\/03\/16910.jpg\",\"datePublished\":\"2015-01-06T23:00:00+00:00\",\"dateModified\":\"2025-04-16T15:47:01+00:00\",\"description\":\"One of the most obscure UK private pressings ever with only a handful of copies actually known in collections. Ultra lo-fi, fragile psychedelic folk from 1974 with acid flashes, backward effects, electric guitars, homemade stoned atmosphere...Compared to other psych-folk classics like Virgin Insanity, A-Austr or Tony, Caro & John but this is a beast of its own. First ever vinyl reissue. Original artwork. Remastered sound.\",\"breadcrumb\":{\"@id\":\"https:\/\/wpguerssen-test.odoo.rgbconsulting.com\/es\/producto\/supernatural-girl\/#breadcrumb\"},\"inLanguage\":\"es\",\"potentialAction\":[{\"@type\":\"ReadAction\",\"target\":[\"https:\/\/wpguerssen-test.odoo.rgbconsulting.com\/es\/producto\/supernatural-girl\/\"]}]},{\"@type\":\"ImageObject\",\"inLanguage\":\"es\",\"@id\":\"https:\/\/wpguerssen-test.odoo.rgbconsulting.com\/es\/producto\/supernatural-girl\/#primaryimage\",\"url\":\"https:\/\/wpguerssen-test.odoo.rgbconsulting.com\/wp-content\/uploads\/2022\/03\/16910.jpg\",\"contentUrl\":\"https:\/\/wpguerssen-test.odoo.rgbconsulting.com\/wp-content\/uploads\/2022\/03\/16910.jpg\",\"width\":1134,\"height\":1134,\"caption\":\"FERRIS WHEEL - Supernatural Girl - NICRO (LP) | Guerssen\"},{\"@type\":\"BreadcrumbList\",\"@id\":\"https:\/\/wpguerssen-test.odoo.rgbconsulting.com\/es\/producto\/supernatural-girl\/#breadcrumb\",\"itemListElement\":[{\"@type\":\"ListItem\",\"position\":1,\"name\":\"Inicio\",\"item\":\"https:\/\/wpguerssen-test.odoo.rgbconsulting.com\/es\/\"},{\"@type\":\"ListItem\",\"position\":2,\"name\":\"Shop\",\"item\":\"https:\/\/wpguerssen-test.odoo.rgbconsulting.com\/shop\/\"},{\"@type\":\"ListItem\",\"position\":3,\"name\":\"Supernatural Girl\"}]},{\"@type\":\"WebSite\",\"@id\":\"https:\/\/wpguerssen-test.odoo.rgbconsulting.com\/es\/#website\",\"url\":\"https:\/\/wpguerssen-test.odoo.rgbconsulting.com\/es\/\",\"name\":\"Guerssen records\",\"description\":\"psychedelia - progressive - folk - garage \",\"publisher\":{\"@id\":\"https:\/\/wpguerssen-test.odoo.rgbconsulting.com\/es\/#organization\"},\"potentialAction\":[{\"@type\":\"SearchAction\",\"target\":{\"@type\":\"EntryPoint\",\"urlTemplate\":\"https:\/\/wpguerssen-test.odoo.rgbconsulting.com\/es\/?s={search_term_string}\"},\"query-input\":{\"@type\":\"PropertyValueSpecification\",\"valueRequired\":true,\"valueName\":\"search_term_string\"}}],\"inLanguage\":\"es\"},{\"@type\":\"Organization\",\"@id\":\"https:\/\/wpguerssen-test.odoo.rgbconsulting.com\/es\/#organization\",\"name\":\"Guerssen records\",\"url\":\"https:\/\/wpguerssen-test.odoo.rgbconsulting.com\/es\/\",\"logo\":{\"@type\":\"ImageObject\",\"inLanguage\":\"es\",\"@id\":\"https:\/\/wpguerssen-test.odoo.rgbconsulting.com\/es\/#\/schema\/logo\/image\/\",\"url\":\"https:\/\/wpguerssen-test.odoo.rgbconsulting.com\/wp-content\/uploads\/2022\/04\/Logo_Guerssen_trans_100.png\",\"contentUrl\":\"https:\/\/wpguerssen-test.odoo.rgbconsulting.com\/wp-content\/uploads\/2022\/04\/Logo_Guerssen_trans_100.png\",\"width\":122,\"height\":100,\"caption\":\"Guerssen records\"},\"image\":{\"@id\":\"https:\/\/wpguerssen-test.odoo.rgbconsulting.com\/es\/#\/schema\/logo\/image\/\"}}]}<\/script>\n<!-- \/ Yoast SEO plugin. -->","yoast_head_json":{"title":"FERRIS WHEEL - Supernatural Girl -  (LP) | Guerssen","description":"One of the most obscure UK private pressings ever with only a handful of copies actually known in collections. Ultra lo-fi, fragile psychedelic folk from 1974 with acid flashes, backward effects, electric guitars, homemade stoned atmosphere...Compared to other psych-folk classics like Virgin Insanity, A-Austr or Tony, Caro & John but this is a beast of its own. First ever vinyl reissue. Original artwork. Remastered sound.","robots":{"index":"index","follow":"follow","max-snippet":"max-snippet:-1","max-image-preview":"max-image-preview:large","max-video-preview":"max-video-preview:-1"},"canonical":"https:\/\/wpguerssen-test.odoo.rgbconsulting.com\/es\/producto\/supernatural-girl\/","og_locale":"es_ES","og_type":"article","og_title":"FERRIS WHEEL - Supernatural Girl -  (LP) | Guerssen","og_description":"One of the most obscure UK private pressings ever with only a handful of copies actually known in collections. Ultra lo-fi, fragile psychedelic folk from 1974 with acid flashes, backward effects, electric guitars, homemade stoned atmosphere...Compared to other psych-folk classics like Virgin Insanity, A-Austr or Tony, Caro & John but this is a beast of its own. First ever vinyl reissue. Original artwork. Remastered sound.","og_url":"https:\/\/wpguerssen-test.odoo.rgbconsulting.com\/es\/producto\/supernatural-girl\/","og_site_name":"Guerssen records","article_modified_time":"2025-04-16T15:47:01+00:00","og_image":[{"width":1134,"height":1134,"url":"https:\/\/wpguerssen-test.odoo.rgbconsulting.com\/wp-content\/uploads\/2022\/03\/16910.jpg","type":"image\/jpeg"}],"twitter_card":"summary_large_image","twitter_title":"FERRIS WHEEL - Supernatural Girl -  (LP) | Guerssen","twitter_misc":{"Tiempo de lectura":"1 minuto"},"schema":{"@context":"https:\/\/schema.org","@graph":[{"@type":"WebPage","@id":"https:\/\/wpguerssen-test.odoo.rgbconsulting.com\/es\/producto\/supernatural-girl\/","url":"https:\/\/wpguerssen-test.odoo.rgbconsulting.com\/es\/producto\/supernatural-girl\/","name":"FERRIS WHEEL - Supernatural Girl - (LP) | Guerssen","isPartOf":{"@id":"https:\/\/wpguerssen-test.odoo.rgbconsulting.com\/es\/#website"},"primaryImageOfPage":{"@id":"https:\/\/wpguerssen-test.odoo.rgbconsulting.com\/es\/producto\/supernatural-girl\/#primaryimage"},"image":{"@id":"https:\/\/wpguerssen-test.odoo.rgbconsulting.com\/es\/producto\/supernatural-girl\/#primaryimage"},"thumbnailUrl":"https:\/\/wpguerssen-test.odoo.rgbconsulting.com\/wp-content\/uploads\/2022\/03\/16910.jpg","datePublished":"2015-01-06T23:00:00+00:00","dateModified":"2025-04-16T15:47:01+00:00","description":"One of the most obscure UK private pressings ever with only a handful of copies actually known in collections. Ultra lo-fi, fragile psychedelic folk from 1974 with acid flashes, backward effects, electric guitars, homemade stoned atmosphere...Compared to other psych-folk classics like Virgin Insanity, A-Austr or Tony, Caro & John but this is a beast of its own. First ever vinyl reissue. Original artwork. Remastered sound.","breadcrumb":{"@id":"https:\/\/wpguerssen-test.odoo.rgbconsulting.com\/es\/producto\/supernatural-girl\/#breadcrumb"},"inLanguage":"es","potentialAction":[{"@type":"ReadAction","target":["https:\/\/wpguerssen-test.odoo.rgbconsulting.com\/es\/producto\/supernatural-girl\/"]}]},{"@type":"ImageObject","inLanguage":"es","@id":"https:\/\/wpguerssen-test.odoo.rgbconsulting.com\/es\/producto\/supernatural-girl\/#primaryimage","url":"https:\/\/wpguerssen-test.odoo.rgbconsulting.com\/wp-content\/uploads\/2022\/03\/16910.jpg","contentUrl":"https:\/\/wpguerssen-test.odoo.rgbconsulting.com\/wp-content\/uploads\/2022\/03\/16910.jpg","width":1134,"height":1134,"caption":"FERRIS WHEEL - Supernatural Girl - NICRO (LP) | Guerssen"},{"@type":"BreadcrumbList","@id":"https:\/\/wpguerssen-test.odoo.rgbconsulting.com\/es\/producto\/supernatural-girl\/#breadcrumb","itemListElement":[{"@type":"ListItem","position":1,"name":"Inicio","item":"https:\/\/wpguerssen-test.odoo.rgbconsulting.com\/es\/"},{"@type":"ListItem","position":2,"name":"Shop","item":"https:\/\/wpguerssen-test.odoo.rgbconsulting.com\/shop\/"},{"@type":"ListItem","position":3,"name":"Supernatural Girl"}]},{"@type":"WebSite","@id":"https:\/\/wpguerssen-test.odoo.rgbconsulting.com\/es\/#website","url":"https:\/\/wpguerssen-test.odoo.rgbconsulting.com\/es\/","name":"Guerssen records","description":"psychedelia - progressive - folk - garage ","publisher":{"@id":"https:\/\/wpguerssen-test.odoo.rgbconsulting.com\/es\/#organization"},"potentialAction":[{"@type":"SearchAction","target":{"@type":"EntryPoint","urlTemplate":"https:\/\/wpguerssen-test.odoo.rgbconsulting.com\/es\/?s={search_term_string}"},"query-input":{"@type":"PropertyValueSpecification","valueRequired":true,"valueName":"search_term_string"}}],"inLanguage":"es"},{"@type":"Organization","@id":"https:\/\/wpguerssen-test.odoo.rgbconsulting.com\/es\/#organization","name":"Guerssen records","url":"https:\/\/wpguerssen-test.odoo.rgbconsulting.com\/es\/","logo":{"@type":"ImageObject","inLanguage":"es","@id":"https:\/\/wpguerssen-test.odoo.rgbconsulting.com\/es\/#\/schema\/logo\/image\/","url":"https:\/\/wpguerssen-test.odoo.rgbconsulting.com\/wp-content\/uploads\/2022\/04\/Logo_Guerssen_trans_100.png","contentUrl":"https:\/\/wpguerssen-test.odoo.rgbconsulting.com\/wp-content\/uploads\/2022\/04\/Logo_Guerssen_trans_100.png","width":122,"height":100,"caption":"Guerssen records"},"image":{"@id":"https:\/\/wpguerssen-test.odoo.rgbconsulting.com\/es\/#\/schema\/logo\/image\/"}}]}},"_links":{"self":[{"href":"https:\/\/wpguerssen-test.odoo.rgbconsulting.com\/es\/wp-json\/wp\/v2\/product\/178984","targetHints":{"allow":["GET"]}}],"collection":[{"href":"https:\/\/wpguerssen-test.odoo.rgbconsulting.com\/es\/wp-json\/wp\/v2\/product"}],"about":[{"href":"https:\/\/wpguerssen-test.odoo.rgbconsulting.com\/es\/wp-json\/wp\/v2\/types\/product"}],"wp:featuredmedia":[{"embeddable":true,"href":"https:\/\/wpguerssen-test.odoo.rgbconsulting.com\/es\/wp-json\/wp\/v2\/media\/115402"}],"wp:attachment":[{"href":"https:\/\/wpguerssen-test.odoo.rgbconsulting.com\/es\/wp-json\/wp\/v2\/media?parent=178984"}],"wp:term":[{"taxonomy":"product_brand","embeddable":true,"href":"https:\/\/wpguerssen-test.odoo.rgbconsulting.com\/es\/wp-json\/wp\/v2\/product_brand?post=178984"},{"taxonomy":"product_cat","embeddable":true,"href":"https:\/\/wpguerssen-test.odoo.rgbconsulting.com\/es\/wp-json\/wp\/v2\/product_cat?post=178984"},{"taxonomy":"product_tag","embeddable":true,"href":"https:\/\/wpguerssen-test.odoo.rgbconsulting.com\/es\/wp-json\/wp\/v2\/product_tag?post=178984"}],"curies":[{"name":"wp","href":"https:\/\/api.w.org\/{rel}","templated":true}]}}