{"id":179037,"date":"2015-02-03T00:00:00","date_gmt":"2015-02-02T23:00:00","guid":{"rendered":"http:\/\/guerssen.hl1097.dinaserver.com\/product\/promise-cd\/"},"modified":"2024-03-21T15:52:34","modified_gmt":"2024-03-21T14:52:34","slug":"promise-cd","status":"publish","type":"product","link":"https:\/\/wpguerssen-test.odoo.rgbconsulting.com\/es\/producto\/promise-cd\/","title":{"rendered":"Promise (CD)"},"content":{"rendered":"<p>Si eres un amante de los sonidos m\u00e1s 60s y \u00abBeatlesque\u00bb, caer\u00e1s rendido ante el \u00fanico \u00e1lbum que este grupo perdido de Boulder, Colorado, edit\u00f3 en 1980. Para Curt Mangan y sus chicos, los 60 nunca se fueron y  grupos como Beatles o Big Star segu\u00edan siendo los reyes. Editado de forma privada, \u00abPromise\u00bb permaneci\u00f3 oculto durante a\u00f1os hasta que algunos de los m\u00e1s inquietos arque\u00f3logos musicales lo descubrieron y dieron a conocer gracias a publicaciones como Acid Archives. <\/p>\n<p> Aqu\u00ed no encontrar\u00e1s nada de punk o new-wave, sino puro pop de guitarras y exquisitas armon\u00edas vocales. Ecos de John Lennon, Emitt Rhodes, Badfinger, los primeros Cheap Trick, Scruffs, Shoes, etc. Por primera vez reeditado. Sonido de las cintas originales. Extensas notas por el experto Jeremy Cargill (Got Kinda Lost \/ Ugly Things) y raras fotos. <\/p>\n<p> Tracklist: <\/p>\n<p> Say Allright &#8211; Back In My Heart Again &#8211; Guitar &#8211; Later On Tonite &#8211; Main Street Lanes &#8211; Hands Of Luck &#8211; Lucky Star &#8211; The Find &#8211; Captain Domino &#8211; Putman&#8217;s Ranch?<\/p>\n","protected":false},"excerpt":{"rendered":"<p>Si eres un amante de los sonidos m\u00e1s 60s y \u00abBeatlesque\u00bb, caer\u00e1s rendido ante el \u00fanico \u00e1lbum que este grupo perdido de Boulder, Colorado, edit\u00f3 en 1980. Para<a class=\"read\" href=\"https:\/\/wpguerssen-test.odoo.rgbconsulting.com\/es\/producto\/promise-cd\/\"> (...)<\/a>","protected":false},"featured_media":115512,"template":"","meta":{"_acf_changed":false},"product_brand":[],"product_cat":[23257,23236],"product_tag":[29138],"class_list":{"0":"post-179037","1":"product","2":"type-product","3":"status-publish","4":"has-post-thumbnail","6":"product_cat-a-o-r-soft-rock-es","7":"product_cat-power-pop-es","8":"product_tag-cd-es","9":"pa_format-cd-2-es","10":"pa_gender-power-pop-a-o-r-soft-rock","11":"pa_label-got-kinda-lost-es","12":"pa_location-north-america-es","14":"first","15":"instock","16":"taxable","17":"shipping-taxable","18":"purchasable","19":"product-type-simple"},"acf":[],"yoast_head":"<!-- This site is optimized with the Yoast SEO plugin v24.9 - https:\/\/yoast.com\/wordpress\/plugins\/seo\/ -->\n<title>PROMISE - Promise (CD) -  (CD) | Guerssen<\/title>\n<meta name=\"description\" content=\"If you&#039;re continuously searching the margins for lost artifacts of the pop pantheon, you can find your daily dose in late period exponents of pure, lean, Beatlesque early &#039;70s power pop, Promise. Originally issued in 1980 on the Boulder, Colorado, area band&#039;s own Cumulus label, their eponymous debut is filled with melodic, beatific blasts of pure pop, replete with ringing, jangly guitars, and rollicking crunch. Co-led by singer-songwriter&#039;s\/guitarists Curt Mangan and Danny Mey-with aid provided by the just right rhythms of bassist Randy Jones and drummer Gary York-the group created an album with precious little allying it to the punk-inspired power pop or prescient &quot;New Wave&quot; of the time, instead choosing to hone in on a classicist pop sound highly indebted to those famous moptops from Liverpool. #nl# Abetted by the fact some of the group&#039;s members had been playing together since their teenage combo&#039;s of the mid-&#039;60s the album carries an &quot;out of time&quot; flair across surging rockers and mournful balladry. #nl# Got Kinda Lost Records is ecstatic to give this benchmark of privately-pressed power pop another chance to shine. #nl# RIYL: Badfinger, Big Star, early Cheap Trick, Emitt Rhodes, Raspberries, Liverpool Echo, the Scruffs, Shoes, Dwight Twilley Band, etc. #nl# &quot;An exciting, terrific British Invasion-styled guitar pop album full of catchy, memorable hooks, displaying a tougher, &#039;rock&#039; edge than most of its ilk and some excellent softer songs. Equally recommended to power pop and &#039;60s rock fans.&quot; - (Aaron Milenski, The Acid Archives) #nl# Highlights:&lt;brGot Kinda Lost Records continues with their series of under-heard heroes of pop with our third label release from Colorado combo Promise. #nl# First time reissue of a sterling effort of privately-pressed power pop, with original master tape sound. #nl# Recorded in 1980 while carrying a distinct late &#039;60s\/early &#039;70s influence provides the album an &quot;out of time&quot; quality #nl# Exhaustive liner notes by Jeremy Cargill (Ugly Things Magazine \/ Got Kinda Lost Records), culled from interviewing group members Curt Mangan and Danny Mey. #nl# Tracklist: #nl# Say Allright - Back In My Heart Again - Guitar - Later On Tonite - Main Street Lanes - Hands Of Luck - Lucky Star - The Find - Captain Domino - Putman&#039;s Ranch?\" \/>\n<meta name=\"robots\" content=\"index, follow, max-snippet:-1, max-image-preview:large, max-video-preview:-1\" \/>\n<link rel=\"canonical\" href=\"https:\/\/wpguerssen-test.odoo.rgbconsulting.com\/es\/producto\/promise-cd\/\" \/>\n<meta property=\"og:locale\" content=\"es_ES\" \/>\n<meta property=\"og:type\" content=\"article\" \/>\n<meta property=\"og:title\" content=\"PROMISE - Promise (CD) -  (CD) | Guerssen\" \/>\n<meta property=\"og:description\" content=\"If you&#039;re continuously searching the margins for lost artifacts of the pop pantheon, you can find your daily dose in late period exponents of pure, lean, Beatlesque early &#039;70s power pop, Promise. Originally issued in 1980 on the Boulder, Colorado, area band&#039;s own Cumulus label, their eponymous debut is filled with melodic, beatific blasts of pure pop, replete with ringing, jangly guitars, and rollicking crunch. Co-led by singer-songwriter&#039;s\/guitarists Curt Mangan and Danny Mey-with aid provided by the just right rhythms of bassist Randy Jones and drummer Gary York-the group created an album with precious little allying it to the punk-inspired power pop or prescient &quot;New Wave&quot; of the time, instead choosing to hone in on a classicist pop sound highly indebted to those famous moptops from Liverpool. #nl# Abetted by the fact some of the group&#039;s members had been playing together since their teenage combo&#039;s of the mid-&#039;60s the album carries an &quot;out of time&quot; flair across surging rockers and mournful balladry. #nl# Got Kinda Lost Records is ecstatic to give this benchmark of privately-pressed power pop another chance to shine. #nl# RIYL: Badfinger, Big Star, early Cheap Trick, Emitt Rhodes, Raspberries, Liverpool Echo, the Scruffs, Shoes, Dwight Twilley Band, etc. #nl# &quot;An exciting, terrific British Invasion-styled guitar pop album full of catchy, memorable hooks, displaying a tougher, &#039;rock&#039; edge than most of its ilk and some excellent softer songs. Equally recommended to power pop and &#039;60s rock fans.&quot; - (Aaron Milenski, The Acid Archives) #nl# Highlights:&lt;brGot Kinda Lost Records continues with their series of under-heard heroes of pop with our third label release from Colorado combo Promise. #nl# First time reissue of a sterling effort of privately-pressed power pop, with original master tape sound. #nl# Recorded in 1980 while carrying a distinct late &#039;60s\/early &#039;70s influence provides the album an &quot;out of time&quot; quality #nl# Exhaustive liner notes by Jeremy Cargill (Ugly Things Magazine \/ Got Kinda Lost Records), culled from interviewing group members Curt Mangan and Danny Mey. #nl# Tracklist: #nl# Say Allright - Back In My Heart Again - Guitar - Later On Tonite - Main Street Lanes - Hands Of Luck - Lucky Star - The Find - Captain Domino - Putman&#039;s Ranch?\" \/>\n<meta property=\"og:url\" content=\"https:\/\/wpguerssen-test.odoo.rgbconsulting.com\/es\/producto\/promise-cd\/\" \/>\n<meta property=\"og:site_name\" content=\"Guerssen records\" \/>\n<meta property=\"article:modified_time\" content=\"2024-03-21T14:52:34+00:00\" \/>\n<meta property=\"og:image\" content=\"https:\/\/wpguerssen-test.odoo.rgbconsulting.com\/wp-content\/uploads\/2022\/03\/17119.jpg\" \/>\n\t<meta property=\"og:image:width\" content=\"600\" \/>\n\t<meta property=\"og:image:height\" content=\"600\" \/>\n\t<meta property=\"og:image:type\" content=\"image\/jpeg\" \/>\n<meta name=\"twitter:card\" content=\"summary_large_image\" \/>\n<meta name=\"twitter:title\" content=\"PROMISE - Promise (CD) -  (CD) | Guerssen\" \/>\n<meta name=\"twitter:label1\" content=\"Tiempo de lectura\" \/>\n\t<meta name=\"twitter:data1\" content=\"1 minuto\" \/>\n<script type=\"application\/ld+json\" class=\"yoast-schema-graph\">{\"@context\":\"https:\/\/schema.org\",\"@graph\":[{\"@type\":\"WebPage\",\"@id\":\"https:\/\/wpguerssen-test.odoo.rgbconsulting.com\/es\/producto\/promise-cd\/\",\"url\":\"https:\/\/wpguerssen-test.odoo.rgbconsulting.com\/es\/producto\/promise-cd\/\",\"name\":\"PROMISE - Promise (CD) - (CD) | Guerssen\",\"isPartOf\":{\"@id\":\"https:\/\/wpguerssen-test.odoo.rgbconsulting.com\/es\/#website\"},\"primaryImageOfPage\":{\"@id\":\"https:\/\/wpguerssen-test.odoo.rgbconsulting.com\/es\/producto\/promise-cd\/#primaryimage\"},\"image\":{\"@id\":\"https:\/\/wpguerssen-test.odoo.rgbconsulting.com\/es\/producto\/promise-cd\/#primaryimage\"},\"thumbnailUrl\":\"https:\/\/wpguerssen-test.odoo.rgbconsulting.com\/wp-content\/uploads\/2022\/03\/17119.jpg\",\"datePublished\":\"2015-02-02T23:00:00+00:00\",\"dateModified\":\"2024-03-21T14:52:34+00:00\",\"description\":\"If you're continuously searching the margins for lost artifacts of the pop pantheon, you can find your daily dose in late period exponents of pure, lean, Beatlesque early '70s power pop, Promise. Originally issued in 1980 on the Boulder, Colorado, area band's own Cumulus label, their eponymous debut is filled with melodic, beatific blasts of pure pop, replete with ringing, jangly guitars, and rollicking crunch. Co-led by singer-songwriter's\/guitarists Curt Mangan and Danny Mey-with aid provided by the just right rhythms of bassist Randy Jones and drummer Gary York-the group created an album with precious little allying it to the punk-inspired power pop or prescient \\\"New Wave\\\" of the time, instead choosing to hone in on a classicist pop sound highly indebted to those famous moptops from Liverpool. #nl# Abetted by the fact some of the group's members had been playing together since their teenage combo's of the mid-'60s the album carries an \\\"out of time\\\" flair across surging rockers and mournful balladry. #nl# Got Kinda Lost Records is ecstatic to give this benchmark of privately-pressed power pop another chance to shine. #nl# RIYL: Badfinger, Big Star, early Cheap Trick, Emitt Rhodes, Raspberries, Liverpool Echo, the Scruffs, Shoes, Dwight Twilley Band, etc. #nl# \\\"An exciting, terrific British Invasion-styled guitar pop album full of catchy, memorable hooks, displaying a tougher, 'rock' edge than most of its ilk and some excellent softer songs. Equally recommended to power pop and '60s rock fans.\\\" - (Aaron Milenski, The Acid Archives) #nl# Highlights:&lt;brGot Kinda Lost Records continues with their series of under-heard heroes of pop with our third label release from Colorado combo Promise. #nl# First time reissue of a sterling effort of privately-pressed power pop, with original master tape sound. #nl# Recorded in 1980 while carrying a distinct late &#039;60s\/early &#039;70s influence provides the album an &quot;out of time&quot; quality #nl# Exhaustive liner notes by Jeremy Cargill (Ugly Things Magazine \/ Got Kinda Lost Records), culled from interviewing group members Curt Mangan and Danny Mey. #nl# Tracklist: #nl# Say Allright - Back In My Heart Again - Guitar - Later On Tonite - Main Street Lanes - Hands Of Luck - Lucky Star - The Find - Captain Domino - Putman&#039;s Ranch?\",\"breadcrumb\":{\"@id\":\"https:\/\/wpguerssen-test.odoo.rgbconsulting.com\/es\/producto\/promise-cd\/#breadcrumb\"},\"inLanguage\":\"es\",\"potentialAction\":[{\"@type\":\"ReadAction\",\"target\":[\"https:\/\/wpguerssen-test.odoo.rgbconsulting.com\/es\/producto\/promise-cd\/\"]}]},{\"@type\":\"ImageObject\",\"inLanguage\":\"es\",\"@id\":\"https:\/\/wpguerssen-test.odoo.rgbconsulting.com\/es\/producto\/promise-cd\/#primaryimage\",\"url\":\"https:\/\/wpguerssen-test.odoo.rgbconsulting.com\/wp-content\/uploads\/2022\/03\/17119.jpg\",\"contentUrl\":\"https:\/\/wpguerssen-test.odoo.rgbconsulting.com\/wp-content\/uploads\/2022\/03\/17119.jpg\",\"width\":600,\"height\":600,\"caption\":\"PROMISE - Promise (CD) - GOT KINDA LOST (CD) | Guerssen\"},{\"@type\":\"BreadcrumbList\",\"@id\":\"https:\/\/wpguerssen-test.odoo.rgbconsulting.com\/es\/producto\/promise-cd\/#breadcrumb\",\"itemListElement\":[{\"@type\":\"ListItem\",\"position\":1,\"name\":\"Inicio\",\"item\":\"https:\/\/wpguerssen-test.odoo.rgbconsulting.com\/es\/\"},{\"@type\":\"ListItem\",\"position\":2,\"name\":\"Shop\",\"item\":\"https:\/\/wpguerssen-test.odoo.rgbconsulting.com\/shop\/\"},{\"@type\":\"ListItem\",\"position\":3,\"name\":\"Promise (CD)\"}]},{\"@type\":\"WebSite\",\"@id\":\"https:\/\/wpguerssen-test.odoo.rgbconsulting.com\/es\/#website\",\"url\":\"https:\/\/wpguerssen-test.odoo.rgbconsulting.com\/es\/\",\"name\":\"Guerssen records\",\"description\":\"psychedelia - progressive - folk - garage \",\"publisher\":{\"@id\":\"https:\/\/wpguerssen-test.odoo.rgbconsulting.com\/es\/#organization\"},\"potentialAction\":[{\"@type\":\"SearchAction\",\"target\":{\"@type\":\"EntryPoint\",\"urlTemplate\":\"https:\/\/wpguerssen-test.odoo.rgbconsulting.com\/es\/?s={search_term_string}\"},\"query-input\":{\"@type\":\"PropertyValueSpecification\",\"valueRequired\":true,\"valueName\":\"search_term_string\"}}],\"inLanguage\":\"es\"},{\"@type\":\"Organization\",\"@id\":\"https:\/\/wpguerssen-test.odoo.rgbconsulting.com\/es\/#organization\",\"name\":\"Guerssen records\",\"url\":\"https:\/\/wpguerssen-test.odoo.rgbconsulting.com\/es\/\",\"logo\":{\"@type\":\"ImageObject\",\"inLanguage\":\"es\",\"@id\":\"https:\/\/wpguerssen-test.odoo.rgbconsulting.com\/es\/#\/schema\/logo\/image\/\",\"url\":\"https:\/\/wpguerssen-test.odoo.rgbconsulting.com\/wp-content\/uploads\/2022\/04\/Logo_Guerssen_trans_100.png\",\"contentUrl\":\"https:\/\/wpguerssen-test.odoo.rgbconsulting.com\/wp-content\/uploads\/2022\/04\/Logo_Guerssen_trans_100.png\",\"width\":122,\"height\":100,\"caption\":\"Guerssen records\"},\"image\":{\"@id\":\"https:\/\/wpguerssen-test.odoo.rgbconsulting.com\/es\/#\/schema\/logo\/image\/\"}}]}<\/script>\n<!-- \/ Yoast SEO plugin. -->","yoast_head_json":{"title":"PROMISE - Promise (CD) -  (CD) | Guerssen","description":"If you're continuously searching the margins for lost artifacts of the pop pantheon, you can find your daily dose in late period exponents of pure, lean, Beatlesque early '70s power pop, Promise. Originally issued in 1980 on the Boulder, Colorado, area band's own Cumulus label, their eponymous debut is filled with melodic, beatific blasts of pure pop, replete with ringing, jangly guitars, and rollicking crunch. Co-led by singer-songwriter's\/guitarists Curt Mangan and Danny Mey-with aid provided by the just right rhythms of bassist Randy Jones and drummer Gary York-the group created an album with precious little allying it to the punk-inspired power pop or prescient \"New Wave\" of the time, instead choosing to hone in on a classicist pop sound highly indebted to those famous moptops from Liverpool. #nl# Abetted by the fact some of the group's members had been playing together since their teenage combo's of the mid-'60s the album carries an \"out of time\" flair across surging rockers and mournful balladry. #nl# Got Kinda Lost Records is ecstatic to give this benchmark of privately-pressed power pop another chance to shine. #nl# RIYL: Badfinger, Big Star, early Cheap Trick, Emitt Rhodes, Raspberries, Liverpool Echo, the Scruffs, Shoes, Dwight Twilley Band, etc. #nl# \"An exciting, terrific British Invasion-styled guitar pop album full of catchy, memorable hooks, displaying a tougher, 'rock' edge than most of its ilk and some excellent softer songs. Equally recommended to power pop and '60s rock fans.\" - (Aaron Milenski, The Acid Archives) #nl# Highlights:&lt;brGot Kinda Lost Records continues with their series of under-heard heroes of pop with our third label release from Colorado combo Promise. #nl# First time reissue of a sterling effort of privately-pressed power pop, with original master tape sound. #nl# Recorded in 1980 while carrying a distinct late &#039;60s\/early &#039;70s influence provides the album an &quot;out of time&quot; quality #nl# Exhaustive liner notes by Jeremy Cargill (Ugly Things Magazine \/ Got Kinda Lost Records), culled from interviewing group members Curt Mangan and Danny Mey. #nl# Tracklist: #nl# Say Allright - Back In My Heart Again - Guitar - Later On Tonite - Main Street Lanes - Hands Of Luck - Lucky Star - The Find - Captain Domino - Putman&#039;s Ranch?","robots":{"index":"index","follow":"follow","max-snippet":"max-snippet:-1","max-image-preview":"max-image-preview:large","max-video-preview":"max-video-preview:-1"},"canonical":"https:\/\/wpguerssen-test.odoo.rgbconsulting.com\/es\/producto\/promise-cd\/","og_locale":"es_ES","og_type":"article","og_title":"PROMISE - Promise (CD) -  (CD) | Guerssen","og_description":"If you're continuously searching the margins for lost artifacts of the pop pantheon, you can find your daily dose in late period exponents of pure, lean, Beatlesque early '70s power pop, Promise. Originally issued in 1980 on the Boulder, Colorado, area band's own Cumulus label, their eponymous debut is filled with melodic, beatific blasts of pure pop, replete with ringing, jangly guitars, and rollicking crunch. Co-led by singer-songwriter's\/guitarists Curt Mangan and Danny Mey-with aid provided by the just right rhythms of bassist Randy Jones and drummer Gary York-the group created an album with precious little allying it to the punk-inspired power pop or prescient \"New Wave\" of the time, instead choosing to hone in on a classicist pop sound highly indebted to those famous moptops from Liverpool. #nl# Abetted by the fact some of the group's members had been playing together since their teenage combo's of the mid-'60s the album carries an \"out of time\" flair across surging rockers and mournful balladry. #nl# Got Kinda Lost Records is ecstatic to give this benchmark of privately-pressed power pop another chance to shine. #nl# RIYL: Badfinger, Big Star, early Cheap Trick, Emitt Rhodes, Raspberries, Liverpool Echo, the Scruffs, Shoes, Dwight Twilley Band, etc. #nl# \"An exciting, terrific British Invasion-styled guitar pop album full of catchy, memorable hooks, displaying a tougher, 'rock' edge than most of its ilk and some excellent softer songs. Equally recommended to power pop and '60s rock fans.\" - (Aaron Milenski, The Acid Archives) #nl# Highlights:&lt;brGot Kinda Lost Records continues with their series of under-heard heroes of pop with our third label release from Colorado combo Promise. #nl# First time reissue of a sterling effort of privately-pressed power pop, with original master tape sound. #nl# Recorded in 1980 while carrying a distinct late &#039;60s\/early &#039;70s influence provides the album an &quot;out of time&quot; quality #nl# Exhaustive liner notes by Jeremy Cargill (Ugly Things Magazine \/ Got Kinda Lost Records), culled from interviewing group members Curt Mangan and Danny Mey. #nl# Tracklist: #nl# Say Allright - Back In My Heart Again - Guitar - Later On Tonite - Main Street Lanes - Hands Of Luck - Lucky Star - The Find - Captain Domino - Putman&#039;s Ranch?","og_url":"https:\/\/wpguerssen-test.odoo.rgbconsulting.com\/es\/producto\/promise-cd\/","og_site_name":"Guerssen records","article_modified_time":"2024-03-21T14:52:34+00:00","og_image":[{"width":600,"height":600,"url":"https:\/\/wpguerssen-test.odoo.rgbconsulting.com\/wp-content\/uploads\/2022\/03\/17119.jpg","type":"image\/jpeg"}],"twitter_card":"summary_large_image","twitter_title":"PROMISE - Promise (CD) -  (CD) | Guerssen","twitter_misc":{"Tiempo de lectura":"1 minuto"},"schema":{"@context":"https:\/\/schema.org","@graph":[{"@type":"WebPage","@id":"https:\/\/wpguerssen-test.odoo.rgbconsulting.com\/es\/producto\/promise-cd\/","url":"https:\/\/wpguerssen-test.odoo.rgbconsulting.com\/es\/producto\/promise-cd\/","name":"PROMISE - Promise (CD) - (CD) | Guerssen","isPartOf":{"@id":"https:\/\/wpguerssen-test.odoo.rgbconsulting.com\/es\/#website"},"primaryImageOfPage":{"@id":"https:\/\/wpguerssen-test.odoo.rgbconsulting.com\/es\/producto\/promise-cd\/#primaryimage"},"image":{"@id":"https:\/\/wpguerssen-test.odoo.rgbconsulting.com\/es\/producto\/promise-cd\/#primaryimage"},"thumbnailUrl":"https:\/\/wpguerssen-test.odoo.rgbconsulting.com\/wp-content\/uploads\/2022\/03\/17119.jpg","datePublished":"2015-02-02T23:00:00+00:00","dateModified":"2024-03-21T14:52:34+00:00","description":"If you're continuously searching the margins for lost artifacts of the pop pantheon, you can find your daily dose in late period exponents of pure, lean, Beatlesque early '70s power pop, Promise. Originally issued in 1980 on the Boulder, Colorado, area band's own Cumulus label, their eponymous debut is filled with melodic, beatific blasts of pure pop, replete with ringing, jangly guitars, and rollicking crunch. Co-led by singer-songwriter's\/guitarists Curt Mangan and Danny Mey-with aid provided by the just right rhythms of bassist Randy Jones and drummer Gary York-the group created an album with precious little allying it to the punk-inspired power pop or prescient \"New Wave\" of the time, instead choosing to hone in on a classicist pop sound highly indebted to those famous moptops from Liverpool. #nl# Abetted by the fact some of the group's members had been playing together since their teenage combo's of the mid-'60s the album carries an \"out of time\" flair across surging rockers and mournful balladry. #nl# Got Kinda Lost Records is ecstatic to give this benchmark of privately-pressed power pop another chance to shine. #nl# RIYL: Badfinger, Big Star, early Cheap Trick, Emitt Rhodes, Raspberries, Liverpool Echo, the Scruffs, Shoes, Dwight Twilley Band, etc. #nl# \"An exciting, terrific British Invasion-styled guitar pop album full of catchy, memorable hooks, displaying a tougher, 'rock' edge than most of its ilk and some excellent softer songs. Equally recommended to power pop and '60s rock fans.\" - (Aaron Milenski, The Acid Archives) #nl# Highlights:&lt;brGot Kinda Lost Records continues with their series of under-heard heroes of pop with our third label release from Colorado combo Promise. #nl# First time reissue of a sterling effort of privately-pressed power pop, with original master tape sound. #nl# Recorded in 1980 while carrying a distinct late &#039;60s\/early &#039;70s influence provides the album an &quot;out of time&quot; quality #nl# Exhaustive liner notes by Jeremy Cargill (Ugly Things Magazine \/ Got Kinda Lost Records), culled from interviewing group members Curt Mangan and Danny Mey. #nl# Tracklist: #nl# Say Allright - Back In My Heart Again - Guitar - Later On Tonite - Main Street Lanes - Hands Of Luck - Lucky Star - The Find - Captain Domino - Putman&#039;s Ranch?","breadcrumb":{"@id":"https:\/\/wpguerssen-test.odoo.rgbconsulting.com\/es\/producto\/promise-cd\/#breadcrumb"},"inLanguage":"es","potentialAction":[{"@type":"ReadAction","target":["https:\/\/wpguerssen-test.odoo.rgbconsulting.com\/es\/producto\/promise-cd\/"]}]},{"@type":"ImageObject","inLanguage":"es","@id":"https:\/\/wpguerssen-test.odoo.rgbconsulting.com\/es\/producto\/promise-cd\/#primaryimage","url":"https:\/\/wpguerssen-test.odoo.rgbconsulting.com\/wp-content\/uploads\/2022\/03\/17119.jpg","contentUrl":"https:\/\/wpguerssen-test.odoo.rgbconsulting.com\/wp-content\/uploads\/2022\/03\/17119.jpg","width":600,"height":600,"caption":"PROMISE - Promise (CD) - GOT KINDA LOST (CD) | Guerssen"},{"@type":"BreadcrumbList","@id":"https:\/\/wpguerssen-test.odoo.rgbconsulting.com\/es\/producto\/promise-cd\/#breadcrumb","itemListElement":[{"@type":"ListItem","position":1,"name":"Inicio","item":"https:\/\/wpguerssen-test.odoo.rgbconsulting.com\/es\/"},{"@type":"ListItem","position":2,"name":"Shop","item":"https:\/\/wpguerssen-test.odoo.rgbconsulting.com\/shop\/"},{"@type":"ListItem","position":3,"name":"Promise (CD)"}]},{"@type":"WebSite","@id":"https:\/\/wpguerssen-test.odoo.rgbconsulting.com\/es\/#website","url":"https:\/\/wpguerssen-test.odoo.rgbconsulting.com\/es\/","name":"Guerssen records","description":"psychedelia - progressive - folk - garage ","publisher":{"@id":"https:\/\/wpguerssen-test.odoo.rgbconsulting.com\/es\/#organization"},"potentialAction":[{"@type":"SearchAction","target":{"@type":"EntryPoint","urlTemplate":"https:\/\/wpguerssen-test.odoo.rgbconsulting.com\/es\/?s={search_term_string}"},"query-input":{"@type":"PropertyValueSpecification","valueRequired":true,"valueName":"search_term_string"}}],"inLanguage":"es"},{"@type":"Organization","@id":"https:\/\/wpguerssen-test.odoo.rgbconsulting.com\/es\/#organization","name":"Guerssen records","url":"https:\/\/wpguerssen-test.odoo.rgbconsulting.com\/es\/","logo":{"@type":"ImageObject","inLanguage":"es","@id":"https:\/\/wpguerssen-test.odoo.rgbconsulting.com\/es\/#\/schema\/logo\/image\/","url":"https:\/\/wpguerssen-test.odoo.rgbconsulting.com\/wp-content\/uploads\/2022\/04\/Logo_Guerssen_trans_100.png","contentUrl":"https:\/\/wpguerssen-test.odoo.rgbconsulting.com\/wp-content\/uploads\/2022\/04\/Logo_Guerssen_trans_100.png","width":122,"height":100,"caption":"Guerssen records"},"image":{"@id":"https:\/\/wpguerssen-test.odoo.rgbconsulting.com\/es\/#\/schema\/logo\/image\/"}}]}},"_links":{"self":[{"href":"https:\/\/wpguerssen-test.odoo.rgbconsulting.com\/es\/wp-json\/wp\/v2\/product\/179037","targetHints":{"allow":["GET"]}}],"collection":[{"href":"https:\/\/wpguerssen-test.odoo.rgbconsulting.com\/es\/wp-json\/wp\/v2\/product"}],"about":[{"href":"https:\/\/wpguerssen-test.odoo.rgbconsulting.com\/es\/wp-json\/wp\/v2\/types\/product"}],"wp:featuredmedia":[{"embeddable":true,"href":"https:\/\/wpguerssen-test.odoo.rgbconsulting.com\/es\/wp-json\/wp\/v2\/media\/115512"}],"wp:attachment":[{"href":"https:\/\/wpguerssen-test.odoo.rgbconsulting.com\/es\/wp-json\/wp\/v2\/media?parent=179037"}],"wp:term":[{"taxonomy":"product_brand","embeddable":true,"href":"https:\/\/wpguerssen-test.odoo.rgbconsulting.com\/es\/wp-json\/wp\/v2\/product_brand?post=179037"},{"taxonomy":"product_cat","embeddable":true,"href":"https:\/\/wpguerssen-test.odoo.rgbconsulting.com\/es\/wp-json\/wp\/v2\/product_cat?post=179037"},{"taxonomy":"product_tag","embeddable":true,"href":"https:\/\/wpguerssen-test.odoo.rgbconsulting.com\/es\/wp-json\/wp\/v2\/product_tag?post=179037"}],"curies":[{"name":"wp","href":"https:\/\/api.w.org\/{rel}","templated":true}]}}