{"id":179097,"date":"2015-03-26T00:00:00","date_gmt":"2015-03-25T23:00:00","guid":{"rendered":"http:\/\/guerssen.hl1097.dinaserver.com\/product\/palmeira-cd\/"},"modified":"2024-02-16T09:34:36","modified_gmt":"2024-02-16T08:34:36","slug":"palmeira-cd","status":"publish","type":"product","link":"https:\/\/wpguerssen-test.odoo.rgbconsulting.com\/es\/producto\/palmeira-cd\/","title":{"rendered":"Palmeira (CD)"},"content":{"rendered":"<p>Puedes imaginar a un grupo holand\u00e9s tocando pura bossa-nova y latin-jazz de influencia brasile\u00f1a? Bienvenido al mundo de Palmeira, grupo formado Angelo Noce Santoro, ex-miembro del grupo progresivo holand\u00e9s Cosmic Dealer, junto a m\u00fasicos holandeses y brasile\u00f1os. Palmeira solo editaron un \u00fanico \u00e1lbum en 1983, una rara edici\u00f3n privada de 500 copias. <\/p>\n<p> Sonido atemporal que te remite a los grandes a\u00f1os de la m\u00fasica brasile\u00f1a, pura bossa-nova y latin jazz 60s-70s con voces femeninas y sorprendente guitarra el\u00e9ctrica de la virtuosa Jeanette van der Pligt. Incre\u00edbles versiones de gigantes como Caetano Veloso, Jo\u00e3o Gilberto y Rita Lee junto a canciones propias. <\/p>\n<p> Todo un disco de culto para amantes de la Bossa-Jazz, reeditado en Jap\u00f3n hace a\u00f1os y descatalogado al instante. Aqu\u00ed tienes una nueva reedici\u00f3n con seis bonus tracks en la versi\u00f3n CD (uno m\u00e1s respecto a la edici\u00f3n japonesa). Todos extra\u00eddos de los archivos de cinta de Angelo Santoro, con versiones de Edu Lobo y Jorge Ben entre otros. <\/p>\n<p> *Sonido de las cintas originales <\/p>\n<p> *Insert \/ booklet con notas informativas y fotos <\/p>\n<p> *6 bonus tracks (S\u00f3lo en el CD) <\/p>\n<p> Tracklist: <\/p>\n<p> Trilhos Urbanos &#8211; Undi\u00fa &#8211; Na Baixa Do Sapateiro &#8211; Telephone &#8211; Living In More Than One Way &#8211; Amanhecer &#8211; Mania De Voc\u00ea &#8211; Tapajos <\/p>\n<p> Bonus Tracks (CD): Falsa Baiana &#8211; Na Baixa Do Sapateiro Part. 2 &#8211; Ponteio &#8211; Zazueira  &#8211; Voc\u00ea Abusou  &#8211; Pomba<\/p>\n","protected":false},"excerpt":{"rendered":"<p>Puedes imaginar a un grupo holand\u00e9s tocando pura bossa-nova y latin-jazz de influencia brasile\u00f1a? Bienvenido al mundo de Palmeira, grupo formado Angelo Noce Santoro,<a class=\"read\" href=\"https:\/\/wpguerssen-test.odoo.rgbconsulting.com\/es\/producto\/palmeira-cd\/\"> (...)<\/a>","protected":false},"featured_media":115611,"template":"","meta":{"_acf_changed":false},"product_brand":[],"product_cat":[23231,23228],"product_tag":[29138],"class_list":{"0":"post-179097","1":"product","2":"type-product","3":"status-publish","4":"has-post-thumbnail","6":"product_cat-latin-brazilian-es","7":"product_cat-jazz-funk-es","8":"product_tag-cd-es","9":"pa_artist-palmeira-es","10":"pa_format-cd-2-es","11":"pa_gender-latin-brazilian-jazz-funk","12":"pa_label-pharaway-sounds-es","13":"pa_location-europe-es","15":"first","16":"instock","17":"taxable","18":"shipping-taxable","19":"purchasable","20":"product-type-simple"},"acf":[],"yoast_head":"<!-- This site is optimized with the Yoast SEO plugin v24.9 - https:\/\/yoast.com\/wordpress\/plugins\/seo\/ -->\n<title>PALMEIRA - Palmeira (CD) -  (CD) | Guerssen<\/title>\n<meta name=\"description\" content=\"Can you imagine a Dutch band playing top-notch 60s-70s sounding Brazilian music? #nl# Originally released as a private pressing in 1983, Palmeira&#039;s only album will please any lover of bossa, jazzy and latin-fusion sounds. #nl# Beautiful femme vocals, superb musicianship featuring the awesome lead electric guitar of Jeanette van der Pligt, self-penned songs and choice covers of Caetano Veloso, Jo\u00e3o Gilberto and Rita Lee among others. #nl# Palmeira was a Brazilian styled band formed by Angelo Noce Santoro (ex-Cosmic Dealer) along with some Dutch, North American and Brazilian musicians. The group existed from 1979 till 1985, playing lots of gigs at jazz and night clubs in Holland. In 1983 they released their only album in a private edition of 500 copies on Angelo&#039;s ANS label. A cult item for fans of Bossa-Jazz, it was first reissued as a limited edition in Japan, now long out of print. Here&#039;s a new reissue featuring no less than six bonus tracks on our CD edition. These bonus (one more over the previous Japanese CD release) come from Angelo&#039;s tape archive and all of them were recorded the same year as the album, including some great covers of giants like Edu Lobo and Jorge Ben among others. #nl# *Master tape sound #nl# *Insert \/ booklet with liner notes and pictures #nl# *Six bonus tracks (CD only) #nl# File under: Brazilian, Bossa-Nova, Latin-Jazz #nl# Tracklist: #nl# Trilhos Urbanos - Undi\u00fa - Na Baixa Do Sapateiro - Telephone - Living In More Than One Way - Amanhecer - Mania De Voc\u00ea - Tapajos #nl# Bonus Tracks (CD only): Falsa Baiana - Na Baixa Do Sapateiro Part. 2 - Ponteio - Zazueira - Voc\u00ea Abusou - Pomba\" \/>\n<meta name=\"robots\" content=\"index, follow, max-snippet:-1, max-image-preview:large, max-video-preview:-1\" \/>\n<link rel=\"canonical\" href=\"https:\/\/wpguerssen-test.odoo.rgbconsulting.com\/es\/producto\/palmeira-cd\/\" \/>\n<meta property=\"og:locale\" content=\"es_ES\" \/>\n<meta property=\"og:type\" content=\"article\" \/>\n<meta property=\"og:title\" content=\"PALMEIRA - Palmeira (CD) -  (CD) | Guerssen\" \/>\n<meta property=\"og:description\" content=\"Can you imagine a Dutch band playing top-notch 60s-70s sounding Brazilian music? #nl# Originally released as a private pressing in 1983, Palmeira&#039;s only album will please any lover of bossa, jazzy and latin-fusion sounds. #nl# Beautiful femme vocals, superb musicianship featuring the awesome lead electric guitar of Jeanette van der Pligt, self-penned songs and choice covers of Caetano Veloso, Jo\u00e3o Gilberto and Rita Lee among others. #nl# Palmeira was a Brazilian styled band formed by Angelo Noce Santoro (ex-Cosmic Dealer) along with some Dutch, North American and Brazilian musicians. The group existed from 1979 till 1985, playing lots of gigs at jazz and night clubs in Holland. In 1983 they released their only album in a private edition of 500 copies on Angelo&#039;s ANS label. A cult item for fans of Bossa-Jazz, it was first reissued as a limited edition in Japan, now long out of print. Here&#039;s a new reissue featuring no less than six bonus tracks on our CD edition. These bonus (one more over the previous Japanese CD release) come from Angelo&#039;s tape archive and all of them were recorded the same year as the album, including some great covers of giants like Edu Lobo and Jorge Ben among others. #nl# *Master tape sound #nl# *Insert \/ booklet with liner notes and pictures #nl# *Six bonus tracks (CD only) #nl# File under: Brazilian, Bossa-Nova, Latin-Jazz #nl# Tracklist: #nl# Trilhos Urbanos - Undi\u00fa - Na Baixa Do Sapateiro - Telephone - Living In More Than One Way - Amanhecer - Mania De Voc\u00ea - Tapajos #nl# Bonus Tracks (CD only): Falsa Baiana - Na Baixa Do Sapateiro Part. 2 - Ponteio - Zazueira - Voc\u00ea Abusou - Pomba\" \/>\n<meta property=\"og:url\" content=\"https:\/\/wpguerssen-test.odoo.rgbconsulting.com\/es\/producto\/palmeira-cd\/\" \/>\n<meta property=\"og:site_name\" content=\"Guerssen records\" \/>\n<meta property=\"article:modified_time\" content=\"2024-02-16T08:34:36+00:00\" \/>\n<meta property=\"og:image\" content=\"https:\/\/wpguerssen-test.odoo.rgbconsulting.com\/wp-content\/uploads\/2022\/03\/17565.jpg\" \/>\n\t<meta property=\"og:image:width\" content=\"600\" \/>\n\t<meta property=\"og:image:height\" content=\"600\" \/>\n\t<meta property=\"og:image:type\" content=\"image\/jpeg\" \/>\n<meta name=\"twitter:card\" content=\"summary_large_image\" \/>\n<meta name=\"twitter:title\" content=\"PALMEIRA - Palmeira (CD) -  (CD) | Guerssen\" \/>\n<meta name=\"twitter:label1\" content=\"Tiempo de lectura\" \/>\n\t<meta name=\"twitter:data1\" content=\"1 minuto\" \/>\n<script type=\"application\/ld+json\" class=\"yoast-schema-graph\">{\"@context\":\"https:\/\/schema.org\",\"@graph\":[{\"@type\":\"WebPage\",\"@id\":\"https:\/\/wpguerssen-test.odoo.rgbconsulting.com\/es\/producto\/palmeira-cd\/\",\"url\":\"https:\/\/wpguerssen-test.odoo.rgbconsulting.com\/es\/producto\/palmeira-cd\/\",\"name\":\"PALMEIRA - Palmeira (CD) - (CD) | Guerssen\",\"isPartOf\":{\"@id\":\"https:\/\/wpguerssen-test.odoo.rgbconsulting.com\/es\/#website\"},\"primaryImageOfPage\":{\"@id\":\"https:\/\/wpguerssen-test.odoo.rgbconsulting.com\/es\/producto\/palmeira-cd\/#primaryimage\"},\"image\":{\"@id\":\"https:\/\/wpguerssen-test.odoo.rgbconsulting.com\/es\/producto\/palmeira-cd\/#primaryimage\"},\"thumbnailUrl\":\"https:\/\/wpguerssen-test.odoo.rgbconsulting.com\/wp-content\/uploads\/2022\/03\/17565.jpg\",\"datePublished\":\"2015-03-25T23:00:00+00:00\",\"dateModified\":\"2024-02-16T08:34:36+00:00\",\"description\":\"Can you imagine a Dutch band playing top-notch 60s-70s sounding Brazilian music? #nl# Originally released as a private pressing in 1983, Palmeira's only album will please any lover of bossa, jazzy and latin-fusion sounds. #nl# Beautiful femme vocals, superb musicianship featuring the awesome lead electric guitar of Jeanette van der Pligt, self-penned songs and choice covers of Caetano Veloso, Jo\u00e3o Gilberto and Rita Lee among others. #nl# Palmeira was a Brazilian styled band formed by Angelo Noce Santoro (ex-Cosmic Dealer) along with some Dutch, North American and Brazilian musicians. The group existed from 1979 till 1985, playing lots of gigs at jazz and night clubs in Holland. In 1983 they released their only album in a private edition of 500 copies on Angelo's ANS label. A cult item for fans of Bossa-Jazz, it was first reissued as a limited edition in Japan, now long out of print. Here's a new reissue featuring no less than six bonus tracks on our CD edition. These bonus (one more over the previous Japanese CD release) come from Angelo's tape archive and all of them were recorded the same year as the album, including some great covers of giants like Edu Lobo and Jorge Ben among others. #nl# *Master tape sound #nl# *Insert \/ booklet with liner notes and pictures #nl# *Six bonus tracks (CD only) #nl# File under: Brazilian, Bossa-Nova, Latin-Jazz #nl# Tracklist: #nl# Trilhos Urbanos - Undi\u00fa - Na Baixa Do Sapateiro - Telephone - Living In More Than One Way - Amanhecer - Mania De Voc\u00ea - Tapajos #nl# Bonus Tracks (CD only): Falsa Baiana - Na Baixa Do Sapateiro Part. 2 - Ponteio - Zazueira - Voc\u00ea Abusou - Pomba\",\"breadcrumb\":{\"@id\":\"https:\/\/wpguerssen-test.odoo.rgbconsulting.com\/es\/producto\/palmeira-cd\/#breadcrumb\"},\"inLanguage\":\"es\",\"potentialAction\":[{\"@type\":\"ReadAction\",\"target\":[\"https:\/\/wpguerssen-test.odoo.rgbconsulting.com\/es\/producto\/palmeira-cd\/\"]}]},{\"@type\":\"ImageObject\",\"inLanguage\":\"es\",\"@id\":\"https:\/\/wpguerssen-test.odoo.rgbconsulting.com\/es\/producto\/palmeira-cd\/#primaryimage\",\"url\":\"https:\/\/wpguerssen-test.odoo.rgbconsulting.com\/wp-content\/uploads\/2022\/03\/17565.jpg\",\"contentUrl\":\"https:\/\/wpguerssen-test.odoo.rgbconsulting.com\/wp-content\/uploads\/2022\/03\/17565.jpg\",\"width\":600,\"height\":600,\"caption\":\"PALMEIRA - Palmeira (CD) - PHARAWAY SOUNDS (CD) | Guerssen\"},{\"@type\":\"BreadcrumbList\",\"@id\":\"https:\/\/wpguerssen-test.odoo.rgbconsulting.com\/es\/producto\/palmeira-cd\/#breadcrumb\",\"itemListElement\":[{\"@type\":\"ListItem\",\"position\":1,\"name\":\"Inicio\",\"item\":\"https:\/\/wpguerssen-test.odoo.rgbconsulting.com\/es\/\"},{\"@type\":\"ListItem\",\"position\":2,\"name\":\"Shop\",\"item\":\"https:\/\/wpguerssen-test.odoo.rgbconsulting.com\/shop\/\"},{\"@type\":\"ListItem\",\"position\":3,\"name\":\"Palmeira (CD)\"}]},{\"@type\":\"WebSite\",\"@id\":\"https:\/\/wpguerssen-test.odoo.rgbconsulting.com\/es\/#website\",\"url\":\"https:\/\/wpguerssen-test.odoo.rgbconsulting.com\/es\/\",\"name\":\"Guerssen records\",\"description\":\"psychedelia - progressive - folk - garage \",\"publisher\":{\"@id\":\"https:\/\/wpguerssen-test.odoo.rgbconsulting.com\/es\/#organization\"},\"potentialAction\":[{\"@type\":\"SearchAction\",\"target\":{\"@type\":\"EntryPoint\",\"urlTemplate\":\"https:\/\/wpguerssen-test.odoo.rgbconsulting.com\/es\/?s={search_term_string}\"},\"query-input\":{\"@type\":\"PropertyValueSpecification\",\"valueRequired\":true,\"valueName\":\"search_term_string\"}}],\"inLanguage\":\"es\"},{\"@type\":\"Organization\",\"@id\":\"https:\/\/wpguerssen-test.odoo.rgbconsulting.com\/es\/#organization\",\"name\":\"Guerssen records\",\"url\":\"https:\/\/wpguerssen-test.odoo.rgbconsulting.com\/es\/\",\"logo\":{\"@type\":\"ImageObject\",\"inLanguage\":\"es\",\"@id\":\"https:\/\/wpguerssen-test.odoo.rgbconsulting.com\/es\/#\/schema\/logo\/image\/\",\"url\":\"https:\/\/wpguerssen-test.odoo.rgbconsulting.com\/wp-content\/uploads\/2022\/04\/Logo_Guerssen_trans_100.png\",\"contentUrl\":\"https:\/\/wpguerssen-test.odoo.rgbconsulting.com\/wp-content\/uploads\/2022\/04\/Logo_Guerssen_trans_100.png\",\"width\":122,\"height\":100,\"caption\":\"Guerssen records\"},\"image\":{\"@id\":\"https:\/\/wpguerssen-test.odoo.rgbconsulting.com\/es\/#\/schema\/logo\/image\/\"}}]}<\/script>\n<!-- \/ Yoast SEO plugin. -->","yoast_head_json":{"title":"PALMEIRA - Palmeira (CD) -  (CD) | Guerssen","description":"Can you imagine a Dutch band playing top-notch 60s-70s sounding Brazilian music? #nl# Originally released as a private pressing in 1983, Palmeira's only album will please any lover of bossa, jazzy and latin-fusion sounds. #nl# Beautiful femme vocals, superb musicianship featuring the awesome lead electric guitar of Jeanette van der Pligt, self-penned songs and choice covers of Caetano Veloso, Jo\u00e3o Gilberto and Rita Lee among others. #nl# Palmeira was a Brazilian styled band formed by Angelo Noce Santoro (ex-Cosmic Dealer) along with some Dutch, North American and Brazilian musicians. The group existed from 1979 till 1985, playing lots of gigs at jazz and night clubs in Holland. In 1983 they released their only album in a private edition of 500 copies on Angelo's ANS label. A cult item for fans of Bossa-Jazz, it was first reissued as a limited edition in Japan, now long out of print. Here's a new reissue featuring no less than six bonus tracks on our CD edition. These bonus (one more over the previous Japanese CD release) come from Angelo's tape archive and all of them were recorded the same year as the album, including some great covers of giants like Edu Lobo and Jorge Ben among others. #nl# *Master tape sound #nl# *Insert \/ booklet with liner notes and pictures #nl# *Six bonus tracks (CD only) #nl# File under: Brazilian, Bossa-Nova, Latin-Jazz #nl# Tracklist: #nl# Trilhos Urbanos - Undi\u00fa - Na Baixa Do Sapateiro - Telephone - Living In More Than One Way - Amanhecer - Mania De Voc\u00ea - Tapajos #nl# Bonus Tracks (CD only): Falsa Baiana - Na Baixa Do Sapateiro Part. 2 - Ponteio - Zazueira - Voc\u00ea Abusou - Pomba","robots":{"index":"index","follow":"follow","max-snippet":"max-snippet:-1","max-image-preview":"max-image-preview:large","max-video-preview":"max-video-preview:-1"},"canonical":"https:\/\/wpguerssen-test.odoo.rgbconsulting.com\/es\/producto\/palmeira-cd\/","og_locale":"es_ES","og_type":"article","og_title":"PALMEIRA - Palmeira (CD) -  (CD) | Guerssen","og_description":"Can you imagine a Dutch band playing top-notch 60s-70s sounding Brazilian music? #nl# Originally released as a private pressing in 1983, Palmeira's only album will please any lover of bossa, jazzy and latin-fusion sounds. #nl# Beautiful femme vocals, superb musicianship featuring the awesome lead electric guitar of Jeanette van der Pligt, self-penned songs and choice covers of Caetano Veloso, Jo\u00e3o Gilberto and Rita Lee among others. #nl# Palmeira was a Brazilian styled band formed by Angelo Noce Santoro (ex-Cosmic Dealer) along with some Dutch, North American and Brazilian musicians. The group existed from 1979 till 1985, playing lots of gigs at jazz and night clubs in Holland. In 1983 they released their only album in a private edition of 500 copies on Angelo's ANS label. A cult item for fans of Bossa-Jazz, it was first reissued as a limited edition in Japan, now long out of print. Here's a new reissue featuring no less than six bonus tracks on our CD edition. These bonus (one more over the previous Japanese CD release) come from Angelo's tape archive and all of them were recorded the same year as the album, including some great covers of giants like Edu Lobo and Jorge Ben among others. #nl# *Master tape sound #nl# *Insert \/ booklet with liner notes and pictures #nl# *Six bonus tracks (CD only) #nl# File under: Brazilian, Bossa-Nova, Latin-Jazz #nl# Tracklist: #nl# Trilhos Urbanos - Undi\u00fa - Na Baixa Do Sapateiro - Telephone - Living In More Than One Way - Amanhecer - Mania De Voc\u00ea - Tapajos #nl# Bonus Tracks (CD only): Falsa Baiana - Na Baixa Do Sapateiro Part. 2 - Ponteio - Zazueira - Voc\u00ea Abusou - Pomba","og_url":"https:\/\/wpguerssen-test.odoo.rgbconsulting.com\/es\/producto\/palmeira-cd\/","og_site_name":"Guerssen records","article_modified_time":"2024-02-16T08:34:36+00:00","og_image":[{"width":600,"height":600,"url":"https:\/\/wpguerssen-test.odoo.rgbconsulting.com\/wp-content\/uploads\/2022\/03\/17565.jpg","type":"image\/jpeg"}],"twitter_card":"summary_large_image","twitter_title":"PALMEIRA - Palmeira (CD) -  (CD) | Guerssen","twitter_misc":{"Tiempo de lectura":"1 minuto"},"schema":{"@context":"https:\/\/schema.org","@graph":[{"@type":"WebPage","@id":"https:\/\/wpguerssen-test.odoo.rgbconsulting.com\/es\/producto\/palmeira-cd\/","url":"https:\/\/wpguerssen-test.odoo.rgbconsulting.com\/es\/producto\/palmeira-cd\/","name":"PALMEIRA - Palmeira (CD) - (CD) | Guerssen","isPartOf":{"@id":"https:\/\/wpguerssen-test.odoo.rgbconsulting.com\/es\/#website"},"primaryImageOfPage":{"@id":"https:\/\/wpguerssen-test.odoo.rgbconsulting.com\/es\/producto\/palmeira-cd\/#primaryimage"},"image":{"@id":"https:\/\/wpguerssen-test.odoo.rgbconsulting.com\/es\/producto\/palmeira-cd\/#primaryimage"},"thumbnailUrl":"https:\/\/wpguerssen-test.odoo.rgbconsulting.com\/wp-content\/uploads\/2022\/03\/17565.jpg","datePublished":"2015-03-25T23:00:00+00:00","dateModified":"2024-02-16T08:34:36+00:00","description":"Can you imagine a Dutch band playing top-notch 60s-70s sounding Brazilian music? #nl# Originally released as a private pressing in 1983, Palmeira's only album will please any lover of bossa, jazzy and latin-fusion sounds. #nl# Beautiful femme vocals, superb musicianship featuring the awesome lead electric guitar of Jeanette van der Pligt, self-penned songs and choice covers of Caetano Veloso, Jo\u00e3o Gilberto and Rita Lee among others. #nl# Palmeira was a Brazilian styled band formed by Angelo Noce Santoro (ex-Cosmic Dealer) along with some Dutch, North American and Brazilian musicians. The group existed from 1979 till 1985, playing lots of gigs at jazz and night clubs in Holland. In 1983 they released their only album in a private edition of 500 copies on Angelo's ANS label. A cult item for fans of Bossa-Jazz, it was first reissued as a limited edition in Japan, now long out of print. Here's a new reissue featuring no less than six bonus tracks on our CD edition. These bonus (one more over the previous Japanese CD release) come from Angelo's tape archive and all of them were recorded the same year as the album, including some great covers of giants like Edu Lobo and Jorge Ben among others. #nl# *Master tape sound #nl# *Insert \/ booklet with liner notes and pictures #nl# *Six bonus tracks (CD only) #nl# File under: Brazilian, Bossa-Nova, Latin-Jazz #nl# Tracklist: #nl# Trilhos Urbanos - Undi\u00fa - Na Baixa Do Sapateiro - Telephone - Living In More Than One Way - Amanhecer - Mania De Voc\u00ea - Tapajos #nl# Bonus Tracks (CD only): Falsa Baiana - Na Baixa Do Sapateiro Part. 2 - Ponteio - Zazueira - Voc\u00ea Abusou - Pomba","breadcrumb":{"@id":"https:\/\/wpguerssen-test.odoo.rgbconsulting.com\/es\/producto\/palmeira-cd\/#breadcrumb"},"inLanguage":"es","potentialAction":[{"@type":"ReadAction","target":["https:\/\/wpguerssen-test.odoo.rgbconsulting.com\/es\/producto\/palmeira-cd\/"]}]},{"@type":"ImageObject","inLanguage":"es","@id":"https:\/\/wpguerssen-test.odoo.rgbconsulting.com\/es\/producto\/palmeira-cd\/#primaryimage","url":"https:\/\/wpguerssen-test.odoo.rgbconsulting.com\/wp-content\/uploads\/2022\/03\/17565.jpg","contentUrl":"https:\/\/wpguerssen-test.odoo.rgbconsulting.com\/wp-content\/uploads\/2022\/03\/17565.jpg","width":600,"height":600,"caption":"PALMEIRA - Palmeira (CD) - PHARAWAY SOUNDS (CD) | Guerssen"},{"@type":"BreadcrumbList","@id":"https:\/\/wpguerssen-test.odoo.rgbconsulting.com\/es\/producto\/palmeira-cd\/#breadcrumb","itemListElement":[{"@type":"ListItem","position":1,"name":"Inicio","item":"https:\/\/wpguerssen-test.odoo.rgbconsulting.com\/es\/"},{"@type":"ListItem","position":2,"name":"Shop","item":"https:\/\/wpguerssen-test.odoo.rgbconsulting.com\/shop\/"},{"@type":"ListItem","position":3,"name":"Palmeira (CD)"}]},{"@type":"WebSite","@id":"https:\/\/wpguerssen-test.odoo.rgbconsulting.com\/es\/#website","url":"https:\/\/wpguerssen-test.odoo.rgbconsulting.com\/es\/","name":"Guerssen records","description":"psychedelia - progressive - folk - garage ","publisher":{"@id":"https:\/\/wpguerssen-test.odoo.rgbconsulting.com\/es\/#organization"},"potentialAction":[{"@type":"SearchAction","target":{"@type":"EntryPoint","urlTemplate":"https:\/\/wpguerssen-test.odoo.rgbconsulting.com\/es\/?s={search_term_string}"},"query-input":{"@type":"PropertyValueSpecification","valueRequired":true,"valueName":"search_term_string"}}],"inLanguage":"es"},{"@type":"Organization","@id":"https:\/\/wpguerssen-test.odoo.rgbconsulting.com\/es\/#organization","name":"Guerssen records","url":"https:\/\/wpguerssen-test.odoo.rgbconsulting.com\/es\/","logo":{"@type":"ImageObject","inLanguage":"es","@id":"https:\/\/wpguerssen-test.odoo.rgbconsulting.com\/es\/#\/schema\/logo\/image\/","url":"https:\/\/wpguerssen-test.odoo.rgbconsulting.com\/wp-content\/uploads\/2022\/04\/Logo_Guerssen_trans_100.png","contentUrl":"https:\/\/wpguerssen-test.odoo.rgbconsulting.com\/wp-content\/uploads\/2022\/04\/Logo_Guerssen_trans_100.png","width":122,"height":100,"caption":"Guerssen records"},"image":{"@id":"https:\/\/wpguerssen-test.odoo.rgbconsulting.com\/es\/#\/schema\/logo\/image\/"}}]}},"_links":{"self":[{"href":"https:\/\/wpguerssen-test.odoo.rgbconsulting.com\/es\/wp-json\/wp\/v2\/product\/179097","targetHints":{"allow":["GET"]}}],"collection":[{"href":"https:\/\/wpguerssen-test.odoo.rgbconsulting.com\/es\/wp-json\/wp\/v2\/product"}],"about":[{"href":"https:\/\/wpguerssen-test.odoo.rgbconsulting.com\/es\/wp-json\/wp\/v2\/types\/product"}],"wp:featuredmedia":[{"embeddable":true,"href":"https:\/\/wpguerssen-test.odoo.rgbconsulting.com\/es\/wp-json\/wp\/v2\/media\/115611"}],"wp:attachment":[{"href":"https:\/\/wpguerssen-test.odoo.rgbconsulting.com\/es\/wp-json\/wp\/v2\/media?parent=179097"}],"wp:term":[{"taxonomy":"product_brand","embeddable":true,"href":"https:\/\/wpguerssen-test.odoo.rgbconsulting.com\/es\/wp-json\/wp\/v2\/product_brand?post=179097"},{"taxonomy":"product_cat","embeddable":true,"href":"https:\/\/wpguerssen-test.odoo.rgbconsulting.com\/es\/wp-json\/wp\/v2\/product_cat?post=179097"},{"taxonomy":"product_tag","embeddable":true,"href":"https:\/\/wpguerssen-test.odoo.rgbconsulting.com\/es\/wp-json\/wp\/v2\/product_tag?post=179097"}],"curies":[{"name":"wp","href":"https:\/\/api.w.org\/{rel}","templated":true}]}}