{"id":179098,"date":"2015-03-26T00:00:00","date_gmt":"2015-03-25T23:00:00","guid":{"rendered":"http:\/\/guerssen.hl1097.dinaserver.com\/product\/kamuran-akkor-cd\/"},"modified":"2025-04-22T15:46:39","modified_gmt":"2025-04-22T13:46:39","slug":"kamuran-akkor-cd","status":"publish","type":"product","link":"https:\/\/wpguerssen-test.odoo.rgbconsulting.com\/es\/producto\/kamuran-akkor-cd\/","title":{"rendered":"Kamuran Akkor (CD)"},"content":{"rendered":"<p>La historia musical de Turqu\u00eda est\u00e1 repleta de explosivas cantantes femeninas que editaron un par de singles y desparecieron. Durante los 70, estrellas rubio platino como Ajda Pekkan y Sezen Aksu llegaron a lo m\u00e1s alto de las listas de \u00e9xitos. En estos \u00faltimos a\u00f1os, muchas de estas cantantes, como Selda, han encontrado un nuevo p\u00fablico gracias a las incontables reediciones y recopilaciones de Anatolian Pop. Ahora es el turno a la cantante y actriz Kamuran Akkor, la Stevie Nicks oriental!. <\/p>\n<p> Esta recopilaci\u00f3n se centra en lo mejor de sus singles editados para Istanbul Plak entre 1971 y 1975. <\/p>\n<p> Destellos de fuzz guitar, sintes y Moog, arreglos disco, baglama el\u00e9ctrica, sensual y poderosa voz. Es posible que ya conocieras a Kamuran gracias a recopilaciones como \u00abTurkish Freakout Vol. 2\u00bb o \u00abIstanbul 70\u00bb,  pero aqu\u00ed tienes mucho m\u00e1s por descubrir. <\/p>\n<p> Sonido remasterizado, notas y fotos.Tracklist: <\/p>\n<p> Falci (1975) &#8211;  Kabahat Seni Sevende (1972) &#8211;  Yorgun G\u00f6zler (1972) &#8211;  Bilemem Bilemem (1971) &#8211;  Evet mi Hayir mi (1974) &#8211;  Ikimiz Bir Fidaniz (1975) &#8211;  Dilo Dilo Yaylalar (1975) &#8211;  Dogru mu, Dogru mu (1975) &#8211;  Kim Ne Derse Desin (1975) &#8211;  In misin Cin misin (1973) &#8211;  D\u00fcsmanlarim \u00c7atlasin (1972) &#8211;  Olur mu Dersin (1971) &#8211;  Dane Dane Benleri (1972)<\/p>\n","protected":false},"excerpt":{"rendered":"<p>La historia musical de Turqu\u00eda est\u00e1 repleta de explosivas cantantes femeninas que editaron un par de singles y desparecieron. Durante los 70, estrellas rubio platino<a class=\"read\" href=\"https:\/\/wpguerssen-test.odoo.rgbconsulting.com\/es\/producto\/kamuran-akkor-cd\/\"> (...)<\/a>","protected":false},"featured_media":115617,"template":"","meta":{"_acf_changed":false},"product_brand":[],"product_cat":[21639,23219],"product_tag":[29138,24190],"class_list":{"0":"post-179098","1":"product","2":"type-product","3":"status-publish","4":"has-post-thumbnail","6":"product_cat-psychedelic60s-70s-es","7":"product_cat-funk-es","8":"product_tag-cd-es","9":"product_tag-sales-es","10":"pa_artist-akkor-kamuran-es","11":"pa_format-cd-2-es","12":"pa_gender-psychedelic60s-70s-funk","13":"pa_label-pharaway-sounds-es","14":"pa_location-eastern-es","16":"first","17":"instock","18":"taxable","19":"shipping-taxable","20":"purchasable","21":"product-type-simple"},"acf":[],"yoast_head":"<!-- This site is optimized with the Yoast SEO plugin v24.9 - https:\/\/yoast.com\/wordpress\/plugins\/seo\/ -->\n<title>AKKOR, Kamuran - Kamuran Akkor (CD) -  (CD) | Guerssen<\/title>\n<meta name=\"description\" content=\"Turkey&#039;s recent musical history is littered with bottled blondes who put on a lot of eyeliner, made a few singles &amp; then disappeared. And since the mid-1970s, those twin queens Ajda Pekkan and Sezen Aksu have maintained a semi-rivalry while bulldozing their way over pop charts &amp; sales counters. Piles of Turkish psych &amp; folk reissues have hit the west over the past few years, and yet how many have given the luscious ladies of Anatolia their due? So go beyond Selda, and get your gal power on. It&#039;s time to steam up your windows with this foxy arabesque singer who&#039;s a real-life Stevie Nicks next-door. #nl# Waka waka funk rhythm guitar, sweet little organs, pumping bass, winging &amp; buzzy synths, electric baglama, syrupy disco strings, and Akkor&#039;s little swallowed yodels... It&#039;s all here on Istanbul Plak singles released from 1971-75. #nl# Whether she&#039;s covering European hits that have Turkish lyrics retrofitted, or ghost voicing a musical scene in a high-profile movie, Akkor often sings like outbursts of tears or frenzy are just beyond her words. And seeing how she always played second fiddle to her classier, more famous sister G\u00f6n\u00fcl, maybe K\u00e2muran just felt like a little drama was in order, mmm? #nl# You might have caught a couple of scant cuts on compilations like &quot;Turkish Freakout Vol. 2&quot; or &quot;Istanbul 70&quot;, but there&#039;s way more to discover, and now you can.Tracklist: #nl# Falci (1975) - Kabahat Seni Sevende (1972) - Yorgun G\u00f6zler (1972) - Bilemem Bilemem (1971) - Evet mi Hayir mi (1974) - Ikimiz Bir Fidaniz (1975) - Dilo Dilo Yaylalar (1975) - Dogru mu, Dogru mu (1975) - Kim Ne Derse Desin (1975) - In misin Cin misin (1973) - D\u00fcsmanlarim \u00c7atlasin (1972) - Olur mu Dersin (1971) - Dane Dane Benleri (1972)\" \/>\n<meta name=\"robots\" content=\"index, follow, max-snippet:-1, max-image-preview:large, max-video-preview:-1\" \/>\n<link rel=\"canonical\" href=\"https:\/\/wpguerssen-test.odoo.rgbconsulting.com\/es\/producto\/kamuran-akkor-cd\/\" \/>\n<meta property=\"og:locale\" content=\"es_ES\" \/>\n<meta property=\"og:type\" content=\"article\" \/>\n<meta property=\"og:title\" content=\"AKKOR, Kamuran - Kamuran Akkor (CD) -  (CD) | Guerssen\" \/>\n<meta property=\"og:description\" content=\"Turkey&#039;s recent musical history is littered with bottled blondes who put on a lot of eyeliner, made a few singles &amp; then disappeared. And since the mid-1970s, those twin queens Ajda Pekkan and Sezen Aksu have maintained a semi-rivalry while bulldozing their way over pop charts &amp; sales counters. Piles of Turkish psych &amp; folk reissues have hit the west over the past few years, and yet how many have given the luscious ladies of Anatolia their due? So go beyond Selda, and get your gal power on. It&#039;s time to steam up your windows with this foxy arabesque singer who&#039;s a real-life Stevie Nicks next-door. #nl# Waka waka funk rhythm guitar, sweet little organs, pumping bass, winging &amp; buzzy synths, electric baglama, syrupy disco strings, and Akkor&#039;s little swallowed yodels... It&#039;s all here on Istanbul Plak singles released from 1971-75. #nl# Whether she&#039;s covering European hits that have Turkish lyrics retrofitted, or ghost voicing a musical scene in a high-profile movie, Akkor often sings like outbursts of tears or frenzy are just beyond her words. And seeing how she always played second fiddle to her classier, more famous sister G\u00f6n\u00fcl, maybe K\u00e2muran just felt like a little drama was in order, mmm? #nl# You might have caught a couple of scant cuts on compilations like &quot;Turkish Freakout Vol. 2&quot; or &quot;Istanbul 70&quot;, but there&#039;s way more to discover, and now you can.Tracklist: #nl# Falci (1975) - Kabahat Seni Sevende (1972) - Yorgun G\u00f6zler (1972) - Bilemem Bilemem (1971) - Evet mi Hayir mi (1974) - Ikimiz Bir Fidaniz (1975) - Dilo Dilo Yaylalar (1975) - Dogru mu, Dogru mu (1975) - Kim Ne Derse Desin (1975) - In misin Cin misin (1973) - D\u00fcsmanlarim \u00c7atlasin (1972) - Olur mu Dersin (1971) - Dane Dane Benleri (1972)\" \/>\n<meta property=\"og:url\" content=\"https:\/\/wpguerssen-test.odoo.rgbconsulting.com\/es\/producto\/kamuran-akkor-cd\/\" \/>\n<meta property=\"og:site_name\" content=\"Guerssen records\" \/>\n<meta property=\"article:modified_time\" content=\"2025-04-22T13:46:39+00:00\" \/>\n<meta property=\"og:image\" content=\"https:\/\/wpguerssen-test.odoo.rgbconsulting.com\/wp-content\/uploads\/2022\/03\/17567.jpg\" \/>\n\t<meta property=\"og:image:width\" content=\"600\" \/>\n\t<meta property=\"og:image:height\" content=\"600\" \/>\n\t<meta property=\"og:image:type\" content=\"image\/jpeg\" \/>\n<meta name=\"twitter:card\" content=\"summary_large_image\" \/>\n<meta name=\"twitter:title\" content=\"AKKOR, Kamuran - Kamuran Akkor (CD) -  (CD) | Guerssen\" \/>\n<meta name=\"twitter:label1\" content=\"Tiempo de lectura\" \/>\n\t<meta name=\"twitter:data1\" content=\"1 minuto\" \/>\n<script type=\"application\/ld+json\" class=\"yoast-schema-graph\">{\"@context\":\"https:\/\/schema.org\",\"@graph\":[{\"@type\":\"WebPage\",\"@id\":\"https:\/\/wpguerssen-test.odoo.rgbconsulting.com\/es\/producto\/kamuran-akkor-cd\/\",\"url\":\"https:\/\/wpguerssen-test.odoo.rgbconsulting.com\/es\/producto\/kamuran-akkor-cd\/\",\"name\":\"AKKOR, Kamuran - Kamuran Akkor (CD) - (CD) | Guerssen\",\"isPartOf\":{\"@id\":\"https:\/\/wpguerssen-test.odoo.rgbconsulting.com\/es\/#website\"},\"primaryImageOfPage\":{\"@id\":\"https:\/\/wpguerssen-test.odoo.rgbconsulting.com\/es\/producto\/kamuran-akkor-cd\/#primaryimage\"},\"image\":{\"@id\":\"https:\/\/wpguerssen-test.odoo.rgbconsulting.com\/es\/producto\/kamuran-akkor-cd\/#primaryimage\"},\"thumbnailUrl\":\"https:\/\/wpguerssen-test.odoo.rgbconsulting.com\/wp-content\/uploads\/2022\/03\/17567.jpg\",\"datePublished\":\"2015-03-25T23:00:00+00:00\",\"dateModified\":\"2025-04-22T13:46:39+00:00\",\"description\":\"Turkey's recent musical history is littered with bottled blondes who put on a lot of eyeliner, made a few singles & then disappeared. And since the mid-1970s, those twin queens Ajda Pekkan and Sezen Aksu have maintained a semi-rivalry while bulldozing their way over pop charts & sales counters. Piles of Turkish psych & folk reissues have hit the west over the past few years, and yet how many have given the luscious ladies of Anatolia their due? So go beyond Selda, and get your gal power on. It's time to steam up your windows with this foxy arabesque singer who's a real-life Stevie Nicks next-door. #nl# Waka waka funk rhythm guitar, sweet little organs, pumping bass, winging & buzzy synths, electric baglama, syrupy disco strings, and Akkor's little swallowed yodels... It's all here on Istanbul Plak singles released from 1971-75. #nl# Whether she's covering European hits that have Turkish lyrics retrofitted, or ghost voicing a musical scene in a high-profile movie, Akkor often sings like outbursts of tears or frenzy are just beyond her words. And seeing how she always played second fiddle to her classier, more famous sister G\u00f6n\u00fcl, maybe K\u00e2muran just felt like a little drama was in order, mmm? #nl# You might have caught a couple of scant cuts on compilations like \\\"Turkish Freakout Vol. 2\\\" or \\\"Istanbul 70\\\", but there's way more to discover, and now you can.Tracklist: #nl# Falci (1975) - Kabahat Seni Sevende (1972) - Yorgun G\u00f6zler (1972) - Bilemem Bilemem (1971) - Evet mi Hayir mi (1974) - Ikimiz Bir Fidaniz (1975) - Dilo Dilo Yaylalar (1975) - Dogru mu, Dogru mu (1975) - Kim Ne Derse Desin (1975) - In misin Cin misin (1973) - D\u00fcsmanlarim \u00c7atlasin (1972) - Olur mu Dersin (1971) - Dane Dane Benleri (1972)\",\"breadcrumb\":{\"@id\":\"https:\/\/wpguerssen-test.odoo.rgbconsulting.com\/es\/producto\/kamuran-akkor-cd\/#breadcrumb\"},\"inLanguage\":\"es\",\"potentialAction\":[{\"@type\":\"ReadAction\",\"target\":[\"https:\/\/wpguerssen-test.odoo.rgbconsulting.com\/es\/producto\/kamuran-akkor-cd\/\"]}]},{\"@type\":\"ImageObject\",\"inLanguage\":\"es\",\"@id\":\"https:\/\/wpguerssen-test.odoo.rgbconsulting.com\/es\/producto\/kamuran-akkor-cd\/#primaryimage\",\"url\":\"https:\/\/wpguerssen-test.odoo.rgbconsulting.com\/wp-content\/uploads\/2022\/03\/17567.jpg\",\"contentUrl\":\"https:\/\/wpguerssen-test.odoo.rgbconsulting.com\/wp-content\/uploads\/2022\/03\/17567.jpg\",\"width\":600,\"height\":600,\"caption\":\"Kamuran - Kamuran Akkor (CD) - PHARAWAY SOUNDS (CD) | Guerssen\"},{\"@type\":\"BreadcrumbList\",\"@id\":\"https:\/\/wpguerssen-test.odoo.rgbconsulting.com\/es\/producto\/kamuran-akkor-cd\/#breadcrumb\",\"itemListElement\":[{\"@type\":\"ListItem\",\"position\":1,\"name\":\"Inicio\",\"item\":\"https:\/\/wpguerssen-test.odoo.rgbconsulting.com\/es\/\"},{\"@type\":\"ListItem\",\"position\":2,\"name\":\"Shop\",\"item\":\"https:\/\/wpguerssen-test.odoo.rgbconsulting.com\/shop\/\"},{\"@type\":\"ListItem\",\"position\":3,\"name\":\"Kamuran Akkor (CD)\"}]},{\"@type\":\"WebSite\",\"@id\":\"https:\/\/wpguerssen-test.odoo.rgbconsulting.com\/es\/#website\",\"url\":\"https:\/\/wpguerssen-test.odoo.rgbconsulting.com\/es\/\",\"name\":\"Guerssen records\",\"description\":\"psychedelia - progressive - folk - garage \",\"publisher\":{\"@id\":\"https:\/\/wpguerssen-test.odoo.rgbconsulting.com\/es\/#organization\"},\"potentialAction\":[{\"@type\":\"SearchAction\",\"target\":{\"@type\":\"EntryPoint\",\"urlTemplate\":\"https:\/\/wpguerssen-test.odoo.rgbconsulting.com\/es\/?s={search_term_string}\"},\"query-input\":{\"@type\":\"PropertyValueSpecification\",\"valueRequired\":true,\"valueName\":\"search_term_string\"}}],\"inLanguage\":\"es\"},{\"@type\":\"Organization\",\"@id\":\"https:\/\/wpguerssen-test.odoo.rgbconsulting.com\/es\/#organization\",\"name\":\"Guerssen records\",\"url\":\"https:\/\/wpguerssen-test.odoo.rgbconsulting.com\/es\/\",\"logo\":{\"@type\":\"ImageObject\",\"inLanguage\":\"es\",\"@id\":\"https:\/\/wpguerssen-test.odoo.rgbconsulting.com\/es\/#\/schema\/logo\/image\/\",\"url\":\"https:\/\/wpguerssen-test.odoo.rgbconsulting.com\/wp-content\/uploads\/2022\/04\/Logo_Guerssen_trans_100.png\",\"contentUrl\":\"https:\/\/wpguerssen-test.odoo.rgbconsulting.com\/wp-content\/uploads\/2022\/04\/Logo_Guerssen_trans_100.png\",\"width\":122,\"height\":100,\"caption\":\"Guerssen records\"},\"image\":{\"@id\":\"https:\/\/wpguerssen-test.odoo.rgbconsulting.com\/es\/#\/schema\/logo\/image\/\"}}]}<\/script>\n<!-- \/ Yoast SEO plugin. -->","yoast_head_json":{"title":"AKKOR, Kamuran - Kamuran Akkor (CD) -  (CD) | Guerssen","description":"Turkey's recent musical history is littered with bottled blondes who put on a lot of eyeliner, made a few singles & then disappeared. And since the mid-1970s, those twin queens Ajda Pekkan and Sezen Aksu have maintained a semi-rivalry while bulldozing their way over pop charts & sales counters. Piles of Turkish psych & folk reissues have hit the west over the past few years, and yet how many have given the luscious ladies of Anatolia their due? So go beyond Selda, and get your gal power on. It's time to steam up your windows with this foxy arabesque singer who's a real-life Stevie Nicks next-door. #nl# Waka waka funk rhythm guitar, sweet little organs, pumping bass, winging & buzzy synths, electric baglama, syrupy disco strings, and Akkor's little swallowed yodels... It's all here on Istanbul Plak singles released from 1971-75. #nl# Whether she's covering European hits that have Turkish lyrics retrofitted, or ghost voicing a musical scene in a high-profile movie, Akkor often sings like outbursts of tears or frenzy are just beyond her words. And seeing how she always played second fiddle to her classier, more famous sister G\u00f6n\u00fcl, maybe K\u00e2muran just felt like a little drama was in order, mmm? #nl# You might have caught a couple of scant cuts on compilations like \"Turkish Freakout Vol. 2\" or \"Istanbul 70\", but there's way more to discover, and now you can.Tracklist: #nl# Falci (1975) - Kabahat Seni Sevende (1972) - Yorgun G\u00f6zler (1972) - Bilemem Bilemem (1971) - Evet mi Hayir mi (1974) - Ikimiz Bir Fidaniz (1975) - Dilo Dilo Yaylalar (1975) - Dogru mu, Dogru mu (1975) - Kim Ne Derse Desin (1975) - In misin Cin misin (1973) - D\u00fcsmanlarim \u00c7atlasin (1972) - Olur mu Dersin (1971) - Dane Dane Benleri (1972)","robots":{"index":"index","follow":"follow","max-snippet":"max-snippet:-1","max-image-preview":"max-image-preview:large","max-video-preview":"max-video-preview:-1"},"canonical":"https:\/\/wpguerssen-test.odoo.rgbconsulting.com\/es\/producto\/kamuran-akkor-cd\/","og_locale":"es_ES","og_type":"article","og_title":"AKKOR, Kamuran - Kamuran Akkor (CD) -  (CD) | Guerssen","og_description":"Turkey's recent musical history is littered with bottled blondes who put on a lot of eyeliner, made a few singles & then disappeared. And since the mid-1970s, those twin queens Ajda Pekkan and Sezen Aksu have maintained a semi-rivalry while bulldozing their way over pop charts & sales counters. Piles of Turkish psych & folk reissues have hit the west over the past few years, and yet how many have given the luscious ladies of Anatolia their due? So go beyond Selda, and get your gal power on. It's time to steam up your windows with this foxy arabesque singer who's a real-life Stevie Nicks next-door. #nl# Waka waka funk rhythm guitar, sweet little organs, pumping bass, winging & buzzy synths, electric baglama, syrupy disco strings, and Akkor's little swallowed yodels... It's all here on Istanbul Plak singles released from 1971-75. #nl# Whether she's covering European hits that have Turkish lyrics retrofitted, or ghost voicing a musical scene in a high-profile movie, Akkor often sings like outbursts of tears or frenzy are just beyond her words. And seeing how she always played second fiddle to her classier, more famous sister G\u00f6n\u00fcl, maybe K\u00e2muran just felt like a little drama was in order, mmm? #nl# You might have caught a couple of scant cuts on compilations like \"Turkish Freakout Vol. 2\" or \"Istanbul 70\", but there's way more to discover, and now you can.Tracklist: #nl# Falci (1975) - Kabahat Seni Sevende (1972) - Yorgun G\u00f6zler (1972) - Bilemem Bilemem (1971) - Evet mi Hayir mi (1974) - Ikimiz Bir Fidaniz (1975) - Dilo Dilo Yaylalar (1975) - Dogru mu, Dogru mu (1975) - Kim Ne Derse Desin (1975) - In misin Cin misin (1973) - D\u00fcsmanlarim \u00c7atlasin (1972) - Olur mu Dersin (1971) - Dane Dane Benleri (1972)","og_url":"https:\/\/wpguerssen-test.odoo.rgbconsulting.com\/es\/producto\/kamuran-akkor-cd\/","og_site_name":"Guerssen records","article_modified_time":"2025-04-22T13:46:39+00:00","og_image":[{"width":600,"height":600,"url":"https:\/\/wpguerssen-test.odoo.rgbconsulting.com\/wp-content\/uploads\/2022\/03\/17567.jpg","type":"image\/jpeg"}],"twitter_card":"summary_large_image","twitter_title":"AKKOR, Kamuran - Kamuran Akkor (CD) -  (CD) | Guerssen","twitter_misc":{"Tiempo de lectura":"1 minuto"},"schema":{"@context":"https:\/\/schema.org","@graph":[{"@type":"WebPage","@id":"https:\/\/wpguerssen-test.odoo.rgbconsulting.com\/es\/producto\/kamuran-akkor-cd\/","url":"https:\/\/wpguerssen-test.odoo.rgbconsulting.com\/es\/producto\/kamuran-akkor-cd\/","name":"AKKOR, Kamuran - Kamuran Akkor (CD) - (CD) | Guerssen","isPartOf":{"@id":"https:\/\/wpguerssen-test.odoo.rgbconsulting.com\/es\/#website"},"primaryImageOfPage":{"@id":"https:\/\/wpguerssen-test.odoo.rgbconsulting.com\/es\/producto\/kamuran-akkor-cd\/#primaryimage"},"image":{"@id":"https:\/\/wpguerssen-test.odoo.rgbconsulting.com\/es\/producto\/kamuran-akkor-cd\/#primaryimage"},"thumbnailUrl":"https:\/\/wpguerssen-test.odoo.rgbconsulting.com\/wp-content\/uploads\/2022\/03\/17567.jpg","datePublished":"2015-03-25T23:00:00+00:00","dateModified":"2025-04-22T13:46:39+00:00","description":"Turkey's recent musical history is littered with bottled blondes who put on a lot of eyeliner, made a few singles & then disappeared. And since the mid-1970s, those twin queens Ajda Pekkan and Sezen Aksu have maintained a semi-rivalry while bulldozing their way over pop charts & sales counters. Piles of Turkish psych & folk reissues have hit the west over the past few years, and yet how many have given the luscious ladies of Anatolia their due? So go beyond Selda, and get your gal power on. It's time to steam up your windows with this foxy arabesque singer who's a real-life Stevie Nicks next-door. #nl# Waka waka funk rhythm guitar, sweet little organs, pumping bass, winging & buzzy synths, electric baglama, syrupy disco strings, and Akkor's little swallowed yodels... It's all here on Istanbul Plak singles released from 1971-75. #nl# Whether she's covering European hits that have Turkish lyrics retrofitted, or ghost voicing a musical scene in a high-profile movie, Akkor often sings like outbursts of tears or frenzy are just beyond her words. And seeing how she always played second fiddle to her classier, more famous sister G\u00f6n\u00fcl, maybe K\u00e2muran just felt like a little drama was in order, mmm? #nl# You might have caught a couple of scant cuts on compilations like \"Turkish Freakout Vol. 2\" or \"Istanbul 70\", but there's way more to discover, and now you can.Tracklist: #nl# Falci (1975) - Kabahat Seni Sevende (1972) - Yorgun G\u00f6zler (1972) - Bilemem Bilemem (1971) - Evet mi Hayir mi (1974) - Ikimiz Bir Fidaniz (1975) - Dilo Dilo Yaylalar (1975) - Dogru mu, Dogru mu (1975) - Kim Ne Derse Desin (1975) - In misin Cin misin (1973) - D\u00fcsmanlarim \u00c7atlasin (1972) - Olur mu Dersin (1971) - Dane Dane Benleri (1972)","breadcrumb":{"@id":"https:\/\/wpguerssen-test.odoo.rgbconsulting.com\/es\/producto\/kamuran-akkor-cd\/#breadcrumb"},"inLanguage":"es","potentialAction":[{"@type":"ReadAction","target":["https:\/\/wpguerssen-test.odoo.rgbconsulting.com\/es\/producto\/kamuran-akkor-cd\/"]}]},{"@type":"ImageObject","inLanguage":"es","@id":"https:\/\/wpguerssen-test.odoo.rgbconsulting.com\/es\/producto\/kamuran-akkor-cd\/#primaryimage","url":"https:\/\/wpguerssen-test.odoo.rgbconsulting.com\/wp-content\/uploads\/2022\/03\/17567.jpg","contentUrl":"https:\/\/wpguerssen-test.odoo.rgbconsulting.com\/wp-content\/uploads\/2022\/03\/17567.jpg","width":600,"height":600,"caption":"Kamuran - Kamuran Akkor (CD) - PHARAWAY SOUNDS (CD) | Guerssen"},{"@type":"BreadcrumbList","@id":"https:\/\/wpguerssen-test.odoo.rgbconsulting.com\/es\/producto\/kamuran-akkor-cd\/#breadcrumb","itemListElement":[{"@type":"ListItem","position":1,"name":"Inicio","item":"https:\/\/wpguerssen-test.odoo.rgbconsulting.com\/es\/"},{"@type":"ListItem","position":2,"name":"Shop","item":"https:\/\/wpguerssen-test.odoo.rgbconsulting.com\/shop\/"},{"@type":"ListItem","position":3,"name":"Kamuran Akkor (CD)"}]},{"@type":"WebSite","@id":"https:\/\/wpguerssen-test.odoo.rgbconsulting.com\/es\/#website","url":"https:\/\/wpguerssen-test.odoo.rgbconsulting.com\/es\/","name":"Guerssen records","description":"psychedelia - progressive - folk - garage ","publisher":{"@id":"https:\/\/wpguerssen-test.odoo.rgbconsulting.com\/es\/#organization"},"potentialAction":[{"@type":"SearchAction","target":{"@type":"EntryPoint","urlTemplate":"https:\/\/wpguerssen-test.odoo.rgbconsulting.com\/es\/?s={search_term_string}"},"query-input":{"@type":"PropertyValueSpecification","valueRequired":true,"valueName":"search_term_string"}}],"inLanguage":"es"},{"@type":"Organization","@id":"https:\/\/wpguerssen-test.odoo.rgbconsulting.com\/es\/#organization","name":"Guerssen records","url":"https:\/\/wpguerssen-test.odoo.rgbconsulting.com\/es\/","logo":{"@type":"ImageObject","inLanguage":"es","@id":"https:\/\/wpguerssen-test.odoo.rgbconsulting.com\/es\/#\/schema\/logo\/image\/","url":"https:\/\/wpguerssen-test.odoo.rgbconsulting.com\/wp-content\/uploads\/2022\/04\/Logo_Guerssen_trans_100.png","contentUrl":"https:\/\/wpguerssen-test.odoo.rgbconsulting.com\/wp-content\/uploads\/2022\/04\/Logo_Guerssen_trans_100.png","width":122,"height":100,"caption":"Guerssen records"},"image":{"@id":"https:\/\/wpguerssen-test.odoo.rgbconsulting.com\/es\/#\/schema\/logo\/image\/"}}]}},"_links":{"self":[{"href":"https:\/\/wpguerssen-test.odoo.rgbconsulting.com\/es\/wp-json\/wp\/v2\/product\/179098","targetHints":{"allow":["GET"]}}],"collection":[{"href":"https:\/\/wpguerssen-test.odoo.rgbconsulting.com\/es\/wp-json\/wp\/v2\/product"}],"about":[{"href":"https:\/\/wpguerssen-test.odoo.rgbconsulting.com\/es\/wp-json\/wp\/v2\/types\/product"}],"wp:featuredmedia":[{"embeddable":true,"href":"https:\/\/wpguerssen-test.odoo.rgbconsulting.com\/es\/wp-json\/wp\/v2\/media\/115617"}],"wp:attachment":[{"href":"https:\/\/wpguerssen-test.odoo.rgbconsulting.com\/es\/wp-json\/wp\/v2\/media?parent=179098"}],"wp:term":[{"taxonomy":"product_brand","embeddable":true,"href":"https:\/\/wpguerssen-test.odoo.rgbconsulting.com\/es\/wp-json\/wp\/v2\/product_brand?post=179098"},{"taxonomy":"product_cat","embeddable":true,"href":"https:\/\/wpguerssen-test.odoo.rgbconsulting.com\/es\/wp-json\/wp\/v2\/product_cat?post=179098"},{"taxonomy":"product_tag","embeddable":true,"href":"https:\/\/wpguerssen-test.odoo.rgbconsulting.com\/es\/wp-json\/wp\/v2\/product_tag?post=179098"}],"curies":[{"name":"wp","href":"https:\/\/api.w.org\/{rel}","templated":true}]}}