{"id":179740,"date":"2015-07-02T00:00:00","date_gmt":"2015-07-01T22:00:00","guid":{"rendered":"http:\/\/guerssen.hl1097.dinaserver.com\/product\/daybreak\/"},"modified":"2025-04-25T13:33:10","modified_gmt":"2025-04-25T11:33:10","slug":"daybreak","status":"publish","type":"product","link":"https:\/\/wpguerssen-test.odoo.rgbconsulting.com\/es\/producto\/daybreak\/","title":{"rendered":"Daybreak"},"content":{"rendered":"<p>Dos m\u00fasicos norteamericanos que grabaron de forma privada esta peque\u00f1a joya producida por el brasile\u00f1o Deodato y editada solo en Brasil e Italia. Suave sonido folk-pop y soft-rock, orquestaciones y aires bossa. Sonido de m\u00e1sters, portada de cart\u00f3n duro, insert.<\/p>\n","protected":false},"excerpt":{"rendered":"<p>Dos m\u00fasicos norteamericanos que grabaron de forma privada esta peque\u00f1a joya producida por el brasile\u00f1o Deodato y editada solo en Brasil e Italia. Suave sonido folk-pop<a class=\"read\" href=\"https:\/\/wpguerssen-test.odoo.rgbconsulting.com\/es\/producto\/daybreak\/\"> (...)<\/a>","protected":false},"featured_media":116493,"template":"","meta":{"_acf_changed":false},"product_brand":[],"product_cat":[23271,23231],"product_tag":[24190],"class_list":{"0":"post-179740","1":"product","2":"type-product","3":"status-publish","4":"has-post-thumbnail","6":"product_cat-folk-60s-70s-es","7":"product_cat-latin-brazilian-es","8":"product_tag-sales-es","9":"pa_artist-joe-and-bing-es","10":"pa_format-lp-es","11":"pa_gender-latin-brazilian-folk-60s-70s","12":"pa_label-mapache","13":"pa_location-south-america-caribbean-es","14":"pa_other-filters-vinyl-only-es","16":"first","17":"instock","18":"taxable","19":"shipping-taxable","20":"purchasable","21":"product-type-simple"},"acf":[],"yoast_head":"<!-- This site is optimized with the Yoast SEO plugin v24.9 - https:\/\/yoast.com\/wordpress\/plugins\/seo\/ -->\n<title>JOE AND BING - Daybreak -  (LP) | Guerssen<\/title>\n<meta name=\"description\" content=\"Mapache is proud to present the original Joe &amp; Bing&#039;s first album Daybreak.There aren&#039;t many records as magical, as trascendent and as deserving of rediscovery as this one. This is the adventure of two young american songwriters who had the chance to get in the studio with brazillian composer, arranger and superstar Deodato. The album they recorded is full of magical moments like &quot;Daybreak&quot;, &quot;Summer Sound&quot; or &quot;Sail&quot;. The record was never officially released in the US but diferent records with diferent covers and diferent mixings have been issued in diferent countries like Brazil or Italy. #nl# You hold in your hands the album just like should have been. Cover and sound. And we&#039;re sure you&#039;ll love it. Folded on a tip on jacket cover, the album comes with a gatefold insert, full of unseen pictures and with the two sides of the story written by Joe and Bing.\" \/>\n<meta name=\"robots\" content=\"index, follow, max-snippet:-1, max-image-preview:large, max-video-preview:-1\" \/>\n<link rel=\"canonical\" href=\"https:\/\/wpguerssen-test.odoo.rgbconsulting.com\/es\/producto\/daybreak\/\" \/>\n<meta property=\"og:locale\" content=\"es_ES\" \/>\n<meta property=\"og:type\" content=\"article\" \/>\n<meta property=\"og:title\" content=\"JOE AND BING - Daybreak -  (LP) | Guerssen\" \/>\n<meta property=\"og:description\" content=\"Mapache is proud to present the original Joe &amp; Bing&#039;s first album Daybreak.There aren&#039;t many records as magical, as trascendent and as deserving of rediscovery as this one. This is the adventure of two young american songwriters who had the chance to get in the studio with brazillian composer, arranger and superstar Deodato. The album they recorded is full of magical moments like &quot;Daybreak&quot;, &quot;Summer Sound&quot; or &quot;Sail&quot;. The record was never officially released in the US but diferent records with diferent covers and diferent mixings have been issued in diferent countries like Brazil or Italy. #nl# You hold in your hands the album just like should have been. Cover and sound. And we&#039;re sure you&#039;ll love it. Folded on a tip on jacket cover, the album comes with a gatefold insert, full of unseen pictures and with the two sides of the story written by Joe and Bing.\" \/>\n<meta property=\"og:url\" content=\"https:\/\/wpguerssen-test.odoo.rgbconsulting.com\/es\/producto\/daybreak\/\" \/>\n<meta property=\"og:site_name\" content=\"Guerssen records\" \/>\n<meta property=\"article:modified_time\" content=\"2025-04-25T11:33:10+00:00\" \/>\n<meta property=\"og:image\" content=\"https:\/\/wpguerssen-test.odoo.rgbconsulting.com\/wp-content\/uploads\/2022\/03\/19835.jpg\" \/>\n\t<meta property=\"og:image:width\" content=\"180\" \/>\n\t<meta property=\"og:image:height\" content=\"180\" \/>\n\t<meta property=\"og:image:type\" content=\"image\/jpeg\" \/>\n<meta name=\"twitter:card\" content=\"summary_large_image\" \/>\n<meta name=\"twitter:title\" content=\"JOE AND BING - Daybreak -  (LP) | Guerssen\" \/>\n<script type=\"application\/ld+json\" class=\"yoast-schema-graph\">{\"@context\":\"https:\/\/schema.org\",\"@graph\":[{\"@type\":\"WebPage\",\"@id\":\"https:\/\/wpguerssen-test.odoo.rgbconsulting.com\/es\/producto\/daybreak\/\",\"url\":\"https:\/\/wpguerssen-test.odoo.rgbconsulting.com\/es\/producto\/daybreak\/\",\"name\":\"JOE AND BING - Daybreak - (LP) | Guerssen\",\"isPartOf\":{\"@id\":\"https:\/\/wpguerssen-test.odoo.rgbconsulting.com\/es\/#website\"},\"primaryImageOfPage\":{\"@id\":\"https:\/\/wpguerssen-test.odoo.rgbconsulting.com\/es\/producto\/daybreak\/#primaryimage\"},\"image\":{\"@id\":\"https:\/\/wpguerssen-test.odoo.rgbconsulting.com\/es\/producto\/daybreak\/#primaryimage\"},\"thumbnailUrl\":\"https:\/\/wpguerssen-test.odoo.rgbconsulting.com\/wp-content\/uploads\/2022\/03\/19835.jpg\",\"datePublished\":\"2015-07-01T22:00:00+00:00\",\"dateModified\":\"2025-04-25T11:33:10+00:00\",\"description\":\"Mapache is proud to present the original Joe & Bing's first album Daybreak.There aren't many records as magical, as trascendent and as deserving of rediscovery as this one. This is the adventure of two young american songwriters who had the chance to get in the studio with brazillian composer, arranger and superstar Deodato. The album they recorded is full of magical moments like \\\"Daybreak\\\", \\\"Summer Sound\\\" or \\\"Sail\\\". The record was never officially released in the US but diferent records with diferent covers and diferent mixings have been issued in diferent countries like Brazil or Italy. #nl# You hold in your hands the album just like should have been. Cover and sound. And we're sure you'll love it. Folded on a tip on jacket cover, the album comes with a gatefold insert, full of unseen pictures and with the two sides of the story written by Joe and Bing.\",\"breadcrumb\":{\"@id\":\"https:\/\/wpguerssen-test.odoo.rgbconsulting.com\/es\/producto\/daybreak\/#breadcrumb\"},\"inLanguage\":\"es\",\"potentialAction\":[{\"@type\":\"ReadAction\",\"target\":[\"https:\/\/wpguerssen-test.odoo.rgbconsulting.com\/es\/producto\/daybreak\/\"]}]},{\"@type\":\"ImageObject\",\"inLanguage\":\"es\",\"@id\":\"https:\/\/wpguerssen-test.odoo.rgbconsulting.com\/es\/producto\/daybreak\/#primaryimage\",\"url\":\"https:\/\/wpguerssen-test.odoo.rgbconsulting.com\/wp-content\/uploads\/2022\/03\/19835.jpg\",\"contentUrl\":\"https:\/\/wpguerssen-test.odoo.rgbconsulting.com\/wp-content\/uploads\/2022\/03\/19835.jpg\",\"width\":180,\"height\":180,\"caption\":\"JOE AND BING - Daybreak - MAPACHE (LP) | Guerssen\"},{\"@type\":\"BreadcrumbList\",\"@id\":\"https:\/\/wpguerssen-test.odoo.rgbconsulting.com\/es\/producto\/daybreak\/#breadcrumb\",\"itemListElement\":[{\"@type\":\"ListItem\",\"position\":1,\"name\":\"Inicio\",\"item\":\"https:\/\/wpguerssen-test.odoo.rgbconsulting.com\/es\/\"},{\"@type\":\"ListItem\",\"position\":2,\"name\":\"Shop\",\"item\":\"https:\/\/wpguerssen-test.odoo.rgbconsulting.com\/shop\/\"},{\"@type\":\"ListItem\",\"position\":3,\"name\":\"Daybreak\"}]},{\"@type\":\"WebSite\",\"@id\":\"https:\/\/wpguerssen-test.odoo.rgbconsulting.com\/es\/#website\",\"url\":\"https:\/\/wpguerssen-test.odoo.rgbconsulting.com\/es\/\",\"name\":\"Guerssen records\",\"description\":\"psychedelia - progressive - folk - garage \",\"publisher\":{\"@id\":\"https:\/\/wpguerssen-test.odoo.rgbconsulting.com\/es\/#organization\"},\"potentialAction\":[{\"@type\":\"SearchAction\",\"target\":{\"@type\":\"EntryPoint\",\"urlTemplate\":\"https:\/\/wpguerssen-test.odoo.rgbconsulting.com\/es\/?s={search_term_string}\"},\"query-input\":{\"@type\":\"PropertyValueSpecification\",\"valueRequired\":true,\"valueName\":\"search_term_string\"}}],\"inLanguage\":\"es\"},{\"@type\":\"Organization\",\"@id\":\"https:\/\/wpguerssen-test.odoo.rgbconsulting.com\/es\/#organization\",\"name\":\"Guerssen records\",\"url\":\"https:\/\/wpguerssen-test.odoo.rgbconsulting.com\/es\/\",\"logo\":{\"@type\":\"ImageObject\",\"inLanguage\":\"es\",\"@id\":\"https:\/\/wpguerssen-test.odoo.rgbconsulting.com\/es\/#\/schema\/logo\/image\/\",\"url\":\"https:\/\/wpguerssen-test.odoo.rgbconsulting.com\/wp-content\/uploads\/2022\/04\/Logo_Guerssen_trans_100.png\",\"contentUrl\":\"https:\/\/wpguerssen-test.odoo.rgbconsulting.com\/wp-content\/uploads\/2022\/04\/Logo_Guerssen_trans_100.png\",\"width\":122,\"height\":100,\"caption\":\"Guerssen records\"},\"image\":{\"@id\":\"https:\/\/wpguerssen-test.odoo.rgbconsulting.com\/es\/#\/schema\/logo\/image\/\"}}]}<\/script>\n<!-- \/ Yoast SEO plugin. -->","yoast_head_json":{"title":"JOE AND BING - Daybreak -  (LP) | Guerssen","description":"Mapache is proud to present the original Joe & Bing's first album Daybreak.There aren't many records as magical, as trascendent and as deserving of rediscovery as this one. This is the adventure of two young american songwriters who had the chance to get in the studio with brazillian composer, arranger and superstar Deodato. The album they recorded is full of magical moments like \"Daybreak\", \"Summer Sound\" or \"Sail\". The record was never officially released in the US but diferent records with diferent covers and diferent mixings have been issued in diferent countries like Brazil or Italy. #nl# You hold in your hands the album just like should have been. Cover and sound. And we're sure you'll love it. Folded on a tip on jacket cover, the album comes with a gatefold insert, full of unseen pictures and with the two sides of the story written by Joe and Bing.","robots":{"index":"index","follow":"follow","max-snippet":"max-snippet:-1","max-image-preview":"max-image-preview:large","max-video-preview":"max-video-preview:-1"},"canonical":"https:\/\/wpguerssen-test.odoo.rgbconsulting.com\/es\/producto\/daybreak\/","og_locale":"es_ES","og_type":"article","og_title":"JOE AND BING - Daybreak -  (LP) | Guerssen","og_description":"Mapache is proud to present the original Joe & Bing's first album Daybreak.There aren't many records as magical, as trascendent and as deserving of rediscovery as this one. This is the adventure of two young american songwriters who had the chance to get in the studio with brazillian composer, arranger and superstar Deodato. The album they recorded is full of magical moments like \"Daybreak\", \"Summer Sound\" or \"Sail\". The record was never officially released in the US but diferent records with diferent covers and diferent mixings have been issued in diferent countries like Brazil or Italy. #nl# You hold in your hands the album just like should have been. Cover and sound. And we're sure you'll love it. Folded on a tip on jacket cover, the album comes with a gatefold insert, full of unseen pictures and with the two sides of the story written by Joe and Bing.","og_url":"https:\/\/wpguerssen-test.odoo.rgbconsulting.com\/es\/producto\/daybreak\/","og_site_name":"Guerssen records","article_modified_time":"2025-04-25T11:33:10+00:00","og_image":[{"width":180,"height":180,"url":"https:\/\/wpguerssen-test.odoo.rgbconsulting.com\/wp-content\/uploads\/2022\/03\/19835.jpg","type":"image\/jpeg"}],"twitter_card":"summary_large_image","twitter_title":"JOE AND BING - Daybreak -  (LP) | Guerssen","schema":{"@context":"https:\/\/schema.org","@graph":[{"@type":"WebPage","@id":"https:\/\/wpguerssen-test.odoo.rgbconsulting.com\/es\/producto\/daybreak\/","url":"https:\/\/wpguerssen-test.odoo.rgbconsulting.com\/es\/producto\/daybreak\/","name":"JOE AND BING - Daybreak - (LP) | Guerssen","isPartOf":{"@id":"https:\/\/wpguerssen-test.odoo.rgbconsulting.com\/es\/#website"},"primaryImageOfPage":{"@id":"https:\/\/wpguerssen-test.odoo.rgbconsulting.com\/es\/producto\/daybreak\/#primaryimage"},"image":{"@id":"https:\/\/wpguerssen-test.odoo.rgbconsulting.com\/es\/producto\/daybreak\/#primaryimage"},"thumbnailUrl":"https:\/\/wpguerssen-test.odoo.rgbconsulting.com\/wp-content\/uploads\/2022\/03\/19835.jpg","datePublished":"2015-07-01T22:00:00+00:00","dateModified":"2025-04-25T11:33:10+00:00","description":"Mapache is proud to present the original Joe & Bing's first album Daybreak.There aren't many records as magical, as trascendent and as deserving of rediscovery as this one. This is the adventure of two young american songwriters who had the chance to get in the studio with brazillian composer, arranger and superstar Deodato. The album they recorded is full of magical moments like \"Daybreak\", \"Summer Sound\" or \"Sail\". The record was never officially released in the US but diferent records with diferent covers and diferent mixings have been issued in diferent countries like Brazil or Italy. #nl# You hold in your hands the album just like should have been. Cover and sound. And we're sure you'll love it. Folded on a tip on jacket cover, the album comes with a gatefold insert, full of unseen pictures and with the two sides of the story written by Joe and Bing.","breadcrumb":{"@id":"https:\/\/wpguerssen-test.odoo.rgbconsulting.com\/es\/producto\/daybreak\/#breadcrumb"},"inLanguage":"es","potentialAction":[{"@type":"ReadAction","target":["https:\/\/wpguerssen-test.odoo.rgbconsulting.com\/es\/producto\/daybreak\/"]}]},{"@type":"ImageObject","inLanguage":"es","@id":"https:\/\/wpguerssen-test.odoo.rgbconsulting.com\/es\/producto\/daybreak\/#primaryimage","url":"https:\/\/wpguerssen-test.odoo.rgbconsulting.com\/wp-content\/uploads\/2022\/03\/19835.jpg","contentUrl":"https:\/\/wpguerssen-test.odoo.rgbconsulting.com\/wp-content\/uploads\/2022\/03\/19835.jpg","width":180,"height":180,"caption":"JOE AND BING - Daybreak - MAPACHE (LP) | Guerssen"},{"@type":"BreadcrumbList","@id":"https:\/\/wpguerssen-test.odoo.rgbconsulting.com\/es\/producto\/daybreak\/#breadcrumb","itemListElement":[{"@type":"ListItem","position":1,"name":"Inicio","item":"https:\/\/wpguerssen-test.odoo.rgbconsulting.com\/es\/"},{"@type":"ListItem","position":2,"name":"Shop","item":"https:\/\/wpguerssen-test.odoo.rgbconsulting.com\/shop\/"},{"@type":"ListItem","position":3,"name":"Daybreak"}]},{"@type":"WebSite","@id":"https:\/\/wpguerssen-test.odoo.rgbconsulting.com\/es\/#website","url":"https:\/\/wpguerssen-test.odoo.rgbconsulting.com\/es\/","name":"Guerssen records","description":"psychedelia - progressive - folk - garage ","publisher":{"@id":"https:\/\/wpguerssen-test.odoo.rgbconsulting.com\/es\/#organization"},"potentialAction":[{"@type":"SearchAction","target":{"@type":"EntryPoint","urlTemplate":"https:\/\/wpguerssen-test.odoo.rgbconsulting.com\/es\/?s={search_term_string}"},"query-input":{"@type":"PropertyValueSpecification","valueRequired":true,"valueName":"search_term_string"}}],"inLanguage":"es"},{"@type":"Organization","@id":"https:\/\/wpguerssen-test.odoo.rgbconsulting.com\/es\/#organization","name":"Guerssen records","url":"https:\/\/wpguerssen-test.odoo.rgbconsulting.com\/es\/","logo":{"@type":"ImageObject","inLanguage":"es","@id":"https:\/\/wpguerssen-test.odoo.rgbconsulting.com\/es\/#\/schema\/logo\/image\/","url":"https:\/\/wpguerssen-test.odoo.rgbconsulting.com\/wp-content\/uploads\/2022\/04\/Logo_Guerssen_trans_100.png","contentUrl":"https:\/\/wpguerssen-test.odoo.rgbconsulting.com\/wp-content\/uploads\/2022\/04\/Logo_Guerssen_trans_100.png","width":122,"height":100,"caption":"Guerssen records"},"image":{"@id":"https:\/\/wpguerssen-test.odoo.rgbconsulting.com\/es\/#\/schema\/logo\/image\/"}}]}},"_links":{"self":[{"href":"https:\/\/wpguerssen-test.odoo.rgbconsulting.com\/es\/wp-json\/wp\/v2\/product\/179740","targetHints":{"allow":["GET"]}}],"collection":[{"href":"https:\/\/wpguerssen-test.odoo.rgbconsulting.com\/es\/wp-json\/wp\/v2\/product"}],"about":[{"href":"https:\/\/wpguerssen-test.odoo.rgbconsulting.com\/es\/wp-json\/wp\/v2\/types\/product"}],"wp:featuredmedia":[{"embeddable":true,"href":"https:\/\/wpguerssen-test.odoo.rgbconsulting.com\/es\/wp-json\/wp\/v2\/media\/116493"}],"wp:attachment":[{"href":"https:\/\/wpguerssen-test.odoo.rgbconsulting.com\/es\/wp-json\/wp\/v2\/media?parent=179740"}],"wp:term":[{"taxonomy":"product_brand","embeddable":true,"href":"https:\/\/wpguerssen-test.odoo.rgbconsulting.com\/es\/wp-json\/wp\/v2\/product_brand?post=179740"},{"taxonomy":"product_cat","embeddable":true,"href":"https:\/\/wpguerssen-test.odoo.rgbconsulting.com\/es\/wp-json\/wp\/v2\/product_cat?post=179740"},{"taxonomy":"product_tag","embeddable":true,"href":"https:\/\/wpguerssen-test.odoo.rgbconsulting.com\/es\/wp-json\/wp\/v2\/product_tag?post=179740"}],"curies":[{"name":"wp","href":"https:\/\/api.w.org\/{rel}","templated":true}]}}