{"id":179749,"date":"2015-04-28T00:00:00","date_gmt":"2015-04-27T22:00:00","guid":{"rendered":"http:\/\/guerssen.hl1097.dinaserver.com\/product\/drabantbyrock-cd\/"},"modified":"2025-03-05T15:56:45","modified_gmt":"2025-03-05T14:56:45","slug":"drabantbyrock-cd","status":"publish","type":"product","link":"https:\/\/wpguerssen-test.odoo.rgbconsulting.com\/es\/producto\/drabantbyrock-cd\/","title":{"rendered":"Drabantbyrock (CD)"},"content":{"rendered":"<p>Tremendo hard-rock psicod\u00e9lico y progresivo desde Noruega! Bazar fueron una de las m\u00e1s activas bandass dentro de la escena progresiva escandinava 70s. Este es su segundo (y mejor!) \u00e1lbum, editado en 1974. Largos solos de guitarra fuzz\/wah, \u00f3rgano, flauta, armon\u00edas vocales y letras pol\u00edticas y radicales cantadas en Noruego.<br \/>\u00abDrabantbyrock\u00bb combina duros temas hard-rock con jams a lo Costa Oeste y suaves medios tiempos, todo ello con la alucinante guitarra del virtuoso Bent Patey. Muy recomendado si te van grupos suecos de hard-rock psicod\u00e9lico como November. <\/p>\n<p> Por primera vez reeditado, remasterizado en 24-bit de vinilo original (lamentablemente los m\u00e1sters no han aparecido) con sonido apabullante. <\/p>\n<p> Insert con fotos y entrevista al grupo por Klemen Breznikar (It&#8217;s Psychedelic Baby). Arte original con portada abierta. <\/p>\n<p> Tracklist: <\/p>\n<p> Drabantbyrock &#8211; Kj\u00e6re, Lille Deg &#8211; Unset &#8211; Det Siste Stikk &#8211; Betong, St\u00e5l Og Glass &#8211; Om Du Var En Fisker &#8211; Du Og Jeg Og Sipo &#8211; Vi Blir Fler Og Fler &#8211; Olav \u00c5l &#8211; Cm Jam<\/p>\n","protected":false},"excerpt":{"rendered":"<p>Tremendo hard-rock psicod\u00e9lico y progresivo desde Noruega! Bazar fueron una de las m\u00e1s activas bandass dentro de la escena progresiva escandinava 70s. Este es su<a class=\"read\" href=\"https:\/\/wpguerssen-test.odoo.rgbconsulting.com\/es\/producto\/drabantbyrock-cd\/\"> (...)<\/a>","protected":false},"featured_media":116507,"template":"","meta":{"_acf_changed":false},"product_brand":[],"product_cat":[21639,23215],"product_tag":[29138],"class_list":{"0":"post-179749","1":"product","2":"type-product","3":"status-publish","4":"has-post-thumbnail","6":"product_cat-psychedelic60s-70s-es","7":"product_cat-progressive60s-70s-es","8":"product_tag-cd-es","9":"pa_artist-bazar-es","10":"pa_format-cd-2-es","11":"pa_gender-psychedelic60s-70s-progressive60s-70s","12":"pa_label-sommor-es","13":"pa_location-europe-es","15":"first","16":"instock","17":"taxable","18":"shipping-taxable","19":"purchasable","20":"product-type-simple"},"acf":[],"yoast_head":"<!-- This site is optimized with the Yoast SEO plugin v24.9 - https:\/\/yoast.com\/wordpress\/plugins\/seo\/ -->\n<title>BAZAR - Drabantbyrock (CD) -  (CD) | Guerssen<\/title>\n<meta name=\"description\" content=\"Kick-ass psychedelic \/ progressive hard-rock from Norway! #nl# Bazar was one of the most hard-working progressive bands from Scandinavia. This is their killer second album from 1974. Wah-wah fuelled guitar action, organ, flute, melodic vocals and radical lyrics. &quot;Drabantbyrock&quot; combines heavy numbers, West Coast guitar jams and dreamy moments, featuring the superb guitar playing of Bent Patey. #nl# Highly recommended for those into Swedish hard-rock bands such as November. #nl# 24-Bit Remastering #nl# Insert with liner notes by Klemen Breznikar (It&#039;s Psychedelic Baby) and photos. #nl# Original artwork in gatefold sleeve #nl# Tracklist: #nl# Drabantbyrock - Kj\u00e6re, Lille Deg - Unset - Det Siste Stikk - Betong, St\u00e5l Og Glass - Om Du Var En Fisker - Du Og Jeg Og Sipo - Vi Blir Fler Og Fler - Olav \u00c5l - Cm Jam\" \/>\n<meta name=\"robots\" content=\"index, follow, max-snippet:-1, max-image-preview:large, max-video-preview:-1\" \/>\n<link rel=\"canonical\" href=\"https:\/\/wpguerssen-test.odoo.rgbconsulting.com\/es\/producto\/drabantbyrock-cd\/\" \/>\n<meta property=\"og:locale\" content=\"es_ES\" \/>\n<meta property=\"og:type\" content=\"article\" \/>\n<meta property=\"og:title\" content=\"BAZAR - Drabantbyrock (CD) -  (CD) | Guerssen\" \/>\n<meta property=\"og:description\" content=\"Kick-ass psychedelic \/ progressive hard-rock from Norway! #nl# Bazar was one of the most hard-working progressive bands from Scandinavia. This is their killer second album from 1974. Wah-wah fuelled guitar action, organ, flute, melodic vocals and radical lyrics. &quot;Drabantbyrock&quot; combines heavy numbers, West Coast guitar jams and dreamy moments, featuring the superb guitar playing of Bent Patey. #nl# Highly recommended for those into Swedish hard-rock bands such as November. #nl# 24-Bit Remastering #nl# Insert with liner notes by Klemen Breznikar (It&#039;s Psychedelic Baby) and photos. #nl# Original artwork in gatefold sleeve #nl# Tracklist: #nl# Drabantbyrock - Kj\u00e6re, Lille Deg - Unset - Det Siste Stikk - Betong, St\u00e5l Og Glass - Om Du Var En Fisker - Du Og Jeg Og Sipo - Vi Blir Fler Og Fler - Olav \u00c5l - Cm Jam\" \/>\n<meta property=\"og:url\" content=\"https:\/\/wpguerssen-test.odoo.rgbconsulting.com\/es\/producto\/drabantbyrock-cd\/\" \/>\n<meta property=\"og:site_name\" content=\"Guerssen records\" \/>\n<meta property=\"article:modified_time\" content=\"2025-03-05T14:56:45+00:00\" \/>\n<meta property=\"og:image\" content=\"https:\/\/wpguerssen-test.odoo.rgbconsulting.com\/wp-content\/uploads\/2022\/03\/19918.jpg\" \/>\n\t<meta property=\"og:image:width\" content=\"600\" \/>\n\t<meta property=\"og:image:height\" content=\"600\" \/>\n\t<meta property=\"og:image:type\" content=\"image\/jpeg\" \/>\n<meta name=\"twitter:card\" content=\"summary_large_image\" \/>\n<meta name=\"twitter:title\" content=\"BAZAR - Drabantbyrock (CD) -  (CD) | Guerssen\" \/>\n<meta name=\"twitter:label1\" content=\"Tiempo de lectura\" \/>\n\t<meta name=\"twitter:data1\" content=\"1 minuto\" \/>\n<script type=\"application\/ld+json\" class=\"yoast-schema-graph\">{\"@context\":\"https:\/\/schema.org\",\"@graph\":[{\"@type\":\"WebPage\",\"@id\":\"https:\/\/wpguerssen-test.odoo.rgbconsulting.com\/es\/producto\/drabantbyrock-cd\/\",\"url\":\"https:\/\/wpguerssen-test.odoo.rgbconsulting.com\/es\/producto\/drabantbyrock-cd\/\",\"name\":\"BAZAR - Drabantbyrock (CD) - (CD) | Guerssen\",\"isPartOf\":{\"@id\":\"https:\/\/wpguerssen-test.odoo.rgbconsulting.com\/es\/#website\"},\"primaryImageOfPage\":{\"@id\":\"https:\/\/wpguerssen-test.odoo.rgbconsulting.com\/es\/producto\/drabantbyrock-cd\/#primaryimage\"},\"image\":{\"@id\":\"https:\/\/wpguerssen-test.odoo.rgbconsulting.com\/es\/producto\/drabantbyrock-cd\/#primaryimage\"},\"thumbnailUrl\":\"https:\/\/wpguerssen-test.odoo.rgbconsulting.com\/wp-content\/uploads\/2022\/03\/19918.jpg\",\"datePublished\":\"2015-04-27T22:00:00+00:00\",\"dateModified\":\"2025-03-05T14:56:45+00:00\",\"description\":\"Kick-ass psychedelic \/ progressive hard-rock from Norway! #nl# Bazar was one of the most hard-working progressive bands from Scandinavia. This is their killer second album from 1974. Wah-wah fuelled guitar action, organ, flute, melodic vocals and radical lyrics. \\\"Drabantbyrock\\\" combines heavy numbers, West Coast guitar jams and dreamy moments, featuring the superb guitar playing of Bent Patey. #nl# Highly recommended for those into Swedish hard-rock bands such as November. #nl# 24-Bit Remastering #nl# Insert with liner notes by Klemen Breznikar (It's Psychedelic Baby) and photos. #nl# Original artwork in gatefold sleeve #nl# Tracklist: #nl# Drabantbyrock - Kj\u00e6re, Lille Deg - Unset - Det Siste Stikk - Betong, St\u00e5l Og Glass - Om Du Var En Fisker - Du Og Jeg Og Sipo - Vi Blir Fler Og Fler - Olav \u00c5l - Cm Jam\",\"breadcrumb\":{\"@id\":\"https:\/\/wpguerssen-test.odoo.rgbconsulting.com\/es\/producto\/drabantbyrock-cd\/#breadcrumb\"},\"inLanguage\":\"es\",\"potentialAction\":[{\"@type\":\"ReadAction\",\"target\":[\"https:\/\/wpguerssen-test.odoo.rgbconsulting.com\/es\/producto\/drabantbyrock-cd\/\"]}]},{\"@type\":\"ImageObject\",\"inLanguage\":\"es\",\"@id\":\"https:\/\/wpguerssen-test.odoo.rgbconsulting.com\/es\/producto\/drabantbyrock-cd\/#primaryimage\",\"url\":\"https:\/\/wpguerssen-test.odoo.rgbconsulting.com\/wp-content\/uploads\/2022\/03\/19918.jpg\",\"contentUrl\":\"https:\/\/wpguerssen-test.odoo.rgbconsulting.com\/wp-content\/uploads\/2022\/03\/19918.jpg\",\"width\":600,\"height\":600,\"caption\":\"BAZAR - Drabantbyrock (CD) - SOMMOR (CD) | Guerssen\"},{\"@type\":\"BreadcrumbList\",\"@id\":\"https:\/\/wpguerssen-test.odoo.rgbconsulting.com\/es\/producto\/drabantbyrock-cd\/#breadcrumb\",\"itemListElement\":[{\"@type\":\"ListItem\",\"position\":1,\"name\":\"Inicio\",\"item\":\"https:\/\/wpguerssen-test.odoo.rgbconsulting.com\/es\/\"},{\"@type\":\"ListItem\",\"position\":2,\"name\":\"Shop\",\"item\":\"https:\/\/wpguerssen-test.odoo.rgbconsulting.com\/shop\/\"},{\"@type\":\"ListItem\",\"position\":3,\"name\":\"Drabantbyrock (CD)\"}]},{\"@type\":\"WebSite\",\"@id\":\"https:\/\/wpguerssen-test.odoo.rgbconsulting.com\/es\/#website\",\"url\":\"https:\/\/wpguerssen-test.odoo.rgbconsulting.com\/es\/\",\"name\":\"Guerssen records\",\"description\":\"psychedelia - progressive - folk - garage \",\"publisher\":{\"@id\":\"https:\/\/wpguerssen-test.odoo.rgbconsulting.com\/es\/#organization\"},\"potentialAction\":[{\"@type\":\"SearchAction\",\"target\":{\"@type\":\"EntryPoint\",\"urlTemplate\":\"https:\/\/wpguerssen-test.odoo.rgbconsulting.com\/es\/?s={search_term_string}\"},\"query-input\":{\"@type\":\"PropertyValueSpecification\",\"valueRequired\":true,\"valueName\":\"search_term_string\"}}],\"inLanguage\":\"es\"},{\"@type\":\"Organization\",\"@id\":\"https:\/\/wpguerssen-test.odoo.rgbconsulting.com\/es\/#organization\",\"name\":\"Guerssen records\",\"url\":\"https:\/\/wpguerssen-test.odoo.rgbconsulting.com\/es\/\",\"logo\":{\"@type\":\"ImageObject\",\"inLanguage\":\"es\",\"@id\":\"https:\/\/wpguerssen-test.odoo.rgbconsulting.com\/es\/#\/schema\/logo\/image\/\",\"url\":\"https:\/\/wpguerssen-test.odoo.rgbconsulting.com\/wp-content\/uploads\/2022\/04\/Logo_Guerssen_trans_100.png\",\"contentUrl\":\"https:\/\/wpguerssen-test.odoo.rgbconsulting.com\/wp-content\/uploads\/2022\/04\/Logo_Guerssen_trans_100.png\",\"width\":122,\"height\":100,\"caption\":\"Guerssen records\"},\"image\":{\"@id\":\"https:\/\/wpguerssen-test.odoo.rgbconsulting.com\/es\/#\/schema\/logo\/image\/\"}}]}<\/script>\n<!-- \/ Yoast SEO plugin. -->","yoast_head_json":{"title":"BAZAR - Drabantbyrock (CD) -  (CD) | Guerssen","description":"Kick-ass psychedelic \/ progressive hard-rock from Norway! #nl# Bazar was one of the most hard-working progressive bands from Scandinavia. This is their killer second album from 1974. Wah-wah fuelled guitar action, organ, flute, melodic vocals and radical lyrics. \"Drabantbyrock\" combines heavy numbers, West Coast guitar jams and dreamy moments, featuring the superb guitar playing of Bent Patey. #nl# Highly recommended for those into Swedish hard-rock bands such as November. #nl# 24-Bit Remastering #nl# Insert with liner notes by Klemen Breznikar (It's Psychedelic Baby) and photos. #nl# Original artwork in gatefold sleeve #nl# Tracklist: #nl# Drabantbyrock - Kj\u00e6re, Lille Deg - Unset - Det Siste Stikk - Betong, St\u00e5l Og Glass - Om Du Var En Fisker - Du Og Jeg Og Sipo - Vi Blir Fler Og Fler - Olav \u00c5l - Cm Jam","robots":{"index":"index","follow":"follow","max-snippet":"max-snippet:-1","max-image-preview":"max-image-preview:large","max-video-preview":"max-video-preview:-1"},"canonical":"https:\/\/wpguerssen-test.odoo.rgbconsulting.com\/es\/producto\/drabantbyrock-cd\/","og_locale":"es_ES","og_type":"article","og_title":"BAZAR - Drabantbyrock (CD) -  (CD) | Guerssen","og_description":"Kick-ass psychedelic \/ progressive hard-rock from Norway! #nl# Bazar was one of the most hard-working progressive bands from Scandinavia. This is their killer second album from 1974. Wah-wah fuelled guitar action, organ, flute, melodic vocals and radical lyrics. \"Drabantbyrock\" combines heavy numbers, West Coast guitar jams and dreamy moments, featuring the superb guitar playing of Bent Patey. #nl# Highly recommended for those into Swedish hard-rock bands such as November. #nl# 24-Bit Remastering #nl# Insert with liner notes by Klemen Breznikar (It's Psychedelic Baby) and photos. #nl# Original artwork in gatefold sleeve #nl# Tracklist: #nl# Drabantbyrock - Kj\u00e6re, Lille Deg - Unset - Det Siste Stikk - Betong, St\u00e5l Og Glass - Om Du Var En Fisker - Du Og Jeg Og Sipo - Vi Blir Fler Og Fler - Olav \u00c5l - Cm Jam","og_url":"https:\/\/wpguerssen-test.odoo.rgbconsulting.com\/es\/producto\/drabantbyrock-cd\/","og_site_name":"Guerssen records","article_modified_time":"2025-03-05T14:56:45+00:00","og_image":[{"width":600,"height":600,"url":"https:\/\/wpguerssen-test.odoo.rgbconsulting.com\/wp-content\/uploads\/2022\/03\/19918.jpg","type":"image\/jpeg"}],"twitter_card":"summary_large_image","twitter_title":"BAZAR - Drabantbyrock (CD) -  (CD) | Guerssen","twitter_misc":{"Tiempo de lectura":"1 minuto"},"schema":{"@context":"https:\/\/schema.org","@graph":[{"@type":"WebPage","@id":"https:\/\/wpguerssen-test.odoo.rgbconsulting.com\/es\/producto\/drabantbyrock-cd\/","url":"https:\/\/wpguerssen-test.odoo.rgbconsulting.com\/es\/producto\/drabantbyrock-cd\/","name":"BAZAR - Drabantbyrock (CD) - (CD) | Guerssen","isPartOf":{"@id":"https:\/\/wpguerssen-test.odoo.rgbconsulting.com\/es\/#website"},"primaryImageOfPage":{"@id":"https:\/\/wpguerssen-test.odoo.rgbconsulting.com\/es\/producto\/drabantbyrock-cd\/#primaryimage"},"image":{"@id":"https:\/\/wpguerssen-test.odoo.rgbconsulting.com\/es\/producto\/drabantbyrock-cd\/#primaryimage"},"thumbnailUrl":"https:\/\/wpguerssen-test.odoo.rgbconsulting.com\/wp-content\/uploads\/2022\/03\/19918.jpg","datePublished":"2015-04-27T22:00:00+00:00","dateModified":"2025-03-05T14:56:45+00:00","description":"Kick-ass psychedelic \/ progressive hard-rock from Norway! #nl# Bazar was one of the most hard-working progressive bands from Scandinavia. This is their killer second album from 1974. Wah-wah fuelled guitar action, organ, flute, melodic vocals and radical lyrics. \"Drabantbyrock\" combines heavy numbers, West Coast guitar jams and dreamy moments, featuring the superb guitar playing of Bent Patey. #nl# Highly recommended for those into Swedish hard-rock bands such as November. #nl# 24-Bit Remastering #nl# Insert with liner notes by Klemen Breznikar (It's Psychedelic Baby) and photos. #nl# Original artwork in gatefold sleeve #nl# Tracklist: #nl# Drabantbyrock - Kj\u00e6re, Lille Deg - Unset - Det Siste Stikk - Betong, St\u00e5l Og Glass - Om Du Var En Fisker - Du Og Jeg Og Sipo - Vi Blir Fler Og Fler - Olav \u00c5l - Cm Jam","breadcrumb":{"@id":"https:\/\/wpguerssen-test.odoo.rgbconsulting.com\/es\/producto\/drabantbyrock-cd\/#breadcrumb"},"inLanguage":"es","potentialAction":[{"@type":"ReadAction","target":["https:\/\/wpguerssen-test.odoo.rgbconsulting.com\/es\/producto\/drabantbyrock-cd\/"]}]},{"@type":"ImageObject","inLanguage":"es","@id":"https:\/\/wpguerssen-test.odoo.rgbconsulting.com\/es\/producto\/drabantbyrock-cd\/#primaryimage","url":"https:\/\/wpguerssen-test.odoo.rgbconsulting.com\/wp-content\/uploads\/2022\/03\/19918.jpg","contentUrl":"https:\/\/wpguerssen-test.odoo.rgbconsulting.com\/wp-content\/uploads\/2022\/03\/19918.jpg","width":600,"height":600,"caption":"BAZAR - Drabantbyrock (CD) - SOMMOR (CD) | Guerssen"},{"@type":"BreadcrumbList","@id":"https:\/\/wpguerssen-test.odoo.rgbconsulting.com\/es\/producto\/drabantbyrock-cd\/#breadcrumb","itemListElement":[{"@type":"ListItem","position":1,"name":"Inicio","item":"https:\/\/wpguerssen-test.odoo.rgbconsulting.com\/es\/"},{"@type":"ListItem","position":2,"name":"Shop","item":"https:\/\/wpguerssen-test.odoo.rgbconsulting.com\/shop\/"},{"@type":"ListItem","position":3,"name":"Drabantbyrock (CD)"}]},{"@type":"WebSite","@id":"https:\/\/wpguerssen-test.odoo.rgbconsulting.com\/es\/#website","url":"https:\/\/wpguerssen-test.odoo.rgbconsulting.com\/es\/","name":"Guerssen records","description":"psychedelia - progressive - folk - garage ","publisher":{"@id":"https:\/\/wpguerssen-test.odoo.rgbconsulting.com\/es\/#organization"},"potentialAction":[{"@type":"SearchAction","target":{"@type":"EntryPoint","urlTemplate":"https:\/\/wpguerssen-test.odoo.rgbconsulting.com\/es\/?s={search_term_string}"},"query-input":{"@type":"PropertyValueSpecification","valueRequired":true,"valueName":"search_term_string"}}],"inLanguage":"es"},{"@type":"Organization","@id":"https:\/\/wpguerssen-test.odoo.rgbconsulting.com\/es\/#organization","name":"Guerssen records","url":"https:\/\/wpguerssen-test.odoo.rgbconsulting.com\/es\/","logo":{"@type":"ImageObject","inLanguage":"es","@id":"https:\/\/wpguerssen-test.odoo.rgbconsulting.com\/es\/#\/schema\/logo\/image\/","url":"https:\/\/wpguerssen-test.odoo.rgbconsulting.com\/wp-content\/uploads\/2022\/04\/Logo_Guerssen_trans_100.png","contentUrl":"https:\/\/wpguerssen-test.odoo.rgbconsulting.com\/wp-content\/uploads\/2022\/04\/Logo_Guerssen_trans_100.png","width":122,"height":100,"caption":"Guerssen records"},"image":{"@id":"https:\/\/wpguerssen-test.odoo.rgbconsulting.com\/es\/#\/schema\/logo\/image\/"}}]}},"_links":{"self":[{"href":"https:\/\/wpguerssen-test.odoo.rgbconsulting.com\/es\/wp-json\/wp\/v2\/product\/179749","targetHints":{"allow":["GET"]}}],"collection":[{"href":"https:\/\/wpguerssen-test.odoo.rgbconsulting.com\/es\/wp-json\/wp\/v2\/product"}],"about":[{"href":"https:\/\/wpguerssen-test.odoo.rgbconsulting.com\/es\/wp-json\/wp\/v2\/types\/product"}],"wp:featuredmedia":[{"embeddable":true,"href":"https:\/\/wpguerssen-test.odoo.rgbconsulting.com\/es\/wp-json\/wp\/v2\/media\/116507"}],"wp:attachment":[{"href":"https:\/\/wpguerssen-test.odoo.rgbconsulting.com\/es\/wp-json\/wp\/v2\/media?parent=179749"}],"wp:term":[{"taxonomy":"product_brand","embeddable":true,"href":"https:\/\/wpguerssen-test.odoo.rgbconsulting.com\/es\/wp-json\/wp\/v2\/product_brand?post=179749"},{"taxonomy":"product_cat","embeddable":true,"href":"https:\/\/wpguerssen-test.odoo.rgbconsulting.com\/es\/wp-json\/wp\/v2\/product_cat?post=179749"},{"taxonomy":"product_tag","embeddable":true,"href":"https:\/\/wpguerssen-test.odoo.rgbconsulting.com\/es\/wp-json\/wp\/v2\/product_tag?post=179749"}],"curies":[{"name":"wp","href":"https:\/\/api.w.org\/{rel}","templated":true}]}}