{"id":179762,"date":"2015-10-26T00:00:00","date_gmt":"2015-10-25T23:00:00","guid":{"rendered":"http:\/\/guerssen.hl1097.dinaserver.com\/product\/flash-cd\/"},"modified":"2025-04-02T16:47:08","modified_gmt":"2025-04-02T14:47:08","slug":"flash-cd","status":"publish","type":"product","link":"https:\/\/wpguerssen-test.odoo.rgbconsulting.com\/es\/producto\/flash-cd\/","title":{"rendered":"Flash (CD)"},"content":{"rendered":"<p>Bare Sole fueron sin duda la banda m\u00e1s ruidosa de Hull durante los 60. Ajenos a las moda progresiva, en 1969 su sonido era puro hard-rock psicod\u00e9lico y heavy-blues con cruda guitarra fuzz. Algo as\u00ed como The Troggs mezclados con Black Sabbath! <\/p>\n<p> Con el apoyo de un granjero local que se convirti\u00f3 en su manager y benefactor, el grupo grab\u00f3 en 1969 en los estudios Fairview un cinta demo para presentarla al sello Decca, que hab\u00eda mostrado inter\u00e9s en el grupo. El sello los rechaz\u00f3 al instante pero gracias al due\u00f1o de Fairview, Keith Herd, que conserv\u00f3 la cinta en su archivo, el \u00fanido disco de Bare Sole ve la luz ahora. <\/p>\n<p> Todo un oscuro documento que alucinar\u00e1 a culquier aficionado a las recopilaciones \u00abBonehead Crunchers\u00bb o a grupos como Blue Cheer, Iron Claw o Stack Waddy. Remasterizado de las cintas originales, notas detalladas con toda la historia del grupo. <\/p>\n<p> Tracklist:  <\/p>\n<p> Let&#8217;s Communicate &#8211; Flash &#8211; Woman-A- Come &#8211; Ain&#8217;t Nobody Here &#8211; Jungle Beat &#8211; Sole Blues &#8211; Woman-A-Come (Version 2)<\/p>\n","protected":false},"excerpt":{"rendered":"<p>Bare Sole fueron sin duda la banda m\u00e1s ruidosa de Hull durante los 60. Ajenos a las moda progresiva, en 1969 su sonido era puro hard-rock psicod\u00e9lico y heavy-blues<a class=\"read\" href=\"https:\/\/wpguerssen-test.odoo.rgbconsulting.com\/es\/producto\/flash-cd\/\"> (...)<\/a>","protected":false},"featured_media":116538,"template":"","meta":{"_acf_changed":false},"product_brand":[],"product_cat":[21639,23224],"product_tag":[29138],"class_list":{"0":"post-179762","1":"product","2":"type-product","3":"status-publish","4":"has-post-thumbnail","6":"product_cat-psychedelic60s-70s-es","7":"product_cat-hard-rock-60s-70s-es","8":"product_tag-cd-es","9":"pa_artist-bare-sole-es","10":"pa_format-cd-2-es","11":"pa_gender-hard-rock-60s-70s-psychedelic60s-70s","12":"pa_label-sommor-es","13":"pa_location-uk-ireland-es","15":"first","16":"instock","17":"taxable","18":"shipping-taxable","19":"purchasable","20":"product-type-simple"},"acf":[],"yoast_head":"<!-- This site is optimized with the Yoast SEO plugin v24.9 - https:\/\/yoast.com\/wordpress\/plugins\/seo\/ -->\n<title>BARE SOLE - Flash (CD) -  (CD) | Guerssen<\/title>\n<meta name=\"description\" content=\"Previously unreleased demo album from 1969, UK. #nl# The loudest band from Hull in the 60s, Bare Sole played raw, in-your-face psychedelic hard rock and heavy blues. #nl# Bare Sole&#039;s brief existence at the tail end of the 1960s reflected the realistic trappings of their geographical situation. Musical icons such as Mick Ronson and Robert Palmer would eventually rise to fame outside of their native Hull, but Bare Sole sadly only managed a handful of out-of-town gigs and a tour of US air bases in Germany. As it was, their entire existence fitted inside just over a year, but at least their inspired musical legacy has survived thanks to a 1969 recording session held at Fairview studios. #nl# Assisted by writer and producer Keith Herd and galvanized by an enthusiastic local poultry farmer, Bare Sole captured their primitive garage mannerisms inside of one fiery recording session. Aside from Decca&#039;s rejection of their demo tape, Bare Sole continued playing alongside acts such as Family, Status Quo, The Move and the Small Faces, but the inevitable decision to quit came in 1970 and their story came to an end. #nl# Presenting Bare Sole&#039;s entire recorded history taken from the master tapes of their 1969 recording session. #nl# Their seductive garage romp boasts explosive doses of fuzz, wah-wah and Farfisa organ, a sound that recalled an earlier and more primitive sound, but a sound that also may have unwittingly sealed their fate. #nl# Master tape sound. #nl# Detailed liner notes. #nl# Recommended to fans of: Blue Cheer, Iron Claw, Stack Waddy #nl# Tracklist: #nl# Let&#039;s Communicate - Flash - Woman-A- Come - Ain&#039;t Nobody Here - Jungle Beat - Sole Blues - Woman-A-Come (Version 2)\" \/>\n<meta name=\"robots\" content=\"index, follow, max-snippet:-1, max-image-preview:large, max-video-preview:-1\" \/>\n<link rel=\"canonical\" href=\"https:\/\/wpguerssen-test.odoo.rgbconsulting.com\/es\/producto\/flash-cd\/\" \/>\n<meta property=\"og:locale\" content=\"es_ES\" \/>\n<meta property=\"og:type\" content=\"article\" \/>\n<meta property=\"og:title\" content=\"BARE SOLE - Flash (CD) -  (CD) | Guerssen\" \/>\n<meta property=\"og:description\" content=\"Previously unreleased demo album from 1969, UK. #nl# The loudest band from Hull in the 60s, Bare Sole played raw, in-your-face psychedelic hard rock and heavy blues. #nl# Bare Sole&#039;s brief existence at the tail end of the 1960s reflected the realistic trappings of their geographical situation. Musical icons such as Mick Ronson and Robert Palmer would eventually rise to fame outside of their native Hull, but Bare Sole sadly only managed a handful of out-of-town gigs and a tour of US air bases in Germany. As it was, their entire existence fitted inside just over a year, but at least their inspired musical legacy has survived thanks to a 1969 recording session held at Fairview studios. #nl# Assisted by writer and producer Keith Herd and galvanized by an enthusiastic local poultry farmer, Bare Sole captured their primitive garage mannerisms inside of one fiery recording session. Aside from Decca&#039;s rejection of their demo tape, Bare Sole continued playing alongside acts such as Family, Status Quo, The Move and the Small Faces, but the inevitable decision to quit came in 1970 and their story came to an end. #nl# Presenting Bare Sole&#039;s entire recorded history taken from the master tapes of their 1969 recording session. #nl# Their seductive garage romp boasts explosive doses of fuzz, wah-wah and Farfisa organ, a sound that recalled an earlier and more primitive sound, but a sound that also may have unwittingly sealed their fate. #nl# Master tape sound. #nl# Detailed liner notes. #nl# Recommended to fans of: Blue Cheer, Iron Claw, Stack Waddy #nl# Tracklist: #nl# Let&#039;s Communicate - Flash - Woman-A- Come - Ain&#039;t Nobody Here - Jungle Beat - Sole Blues - Woman-A-Come (Version 2)\" \/>\n<meta property=\"og:url\" content=\"https:\/\/wpguerssen-test.odoo.rgbconsulting.com\/es\/producto\/flash-cd\/\" \/>\n<meta property=\"og:site_name\" content=\"Guerssen records\" \/>\n<meta property=\"article:modified_time\" content=\"2025-04-02T14:47:08+00:00\" \/>\n<meta property=\"og:image\" content=\"https:\/\/wpguerssen-test.odoo.rgbconsulting.com\/wp-content\/uploads\/2022\/03\/20012.jpg\" \/>\n\t<meta property=\"og:image:width\" content=\"1600\" \/>\n\t<meta property=\"og:image:height\" content=\"1600\" \/>\n\t<meta property=\"og:image:type\" content=\"image\/jpeg\" \/>\n<meta name=\"twitter:card\" content=\"summary_large_image\" \/>\n<meta name=\"twitter:title\" content=\"BARE SOLE - Flash (CD) -  (CD) | Guerssen\" \/>\n<meta name=\"twitter:label1\" content=\"Tiempo de lectura\" \/>\n\t<meta name=\"twitter:data1\" content=\"1 minuto\" \/>\n<script type=\"application\/ld+json\" class=\"yoast-schema-graph\">{\"@context\":\"https:\/\/schema.org\",\"@graph\":[{\"@type\":\"WebPage\",\"@id\":\"https:\/\/wpguerssen-test.odoo.rgbconsulting.com\/es\/producto\/flash-cd\/\",\"url\":\"https:\/\/wpguerssen-test.odoo.rgbconsulting.com\/es\/producto\/flash-cd\/\",\"name\":\"BARE SOLE - Flash (CD) - (CD) | Guerssen\",\"isPartOf\":{\"@id\":\"https:\/\/wpguerssen-test.odoo.rgbconsulting.com\/es\/#website\"},\"primaryImageOfPage\":{\"@id\":\"https:\/\/wpguerssen-test.odoo.rgbconsulting.com\/es\/producto\/flash-cd\/#primaryimage\"},\"image\":{\"@id\":\"https:\/\/wpguerssen-test.odoo.rgbconsulting.com\/es\/producto\/flash-cd\/#primaryimage\"},\"thumbnailUrl\":\"https:\/\/wpguerssen-test.odoo.rgbconsulting.com\/wp-content\/uploads\/2022\/03\/20012.jpg\",\"datePublished\":\"2015-10-25T23:00:00+00:00\",\"dateModified\":\"2025-04-02T14:47:08+00:00\",\"description\":\"Previously unreleased demo album from 1969, UK. #nl# The loudest band from Hull in the 60s, Bare Sole played raw, in-your-face psychedelic hard rock and heavy blues. #nl# Bare Sole's brief existence at the tail end of the 1960s reflected the realistic trappings of their geographical situation. Musical icons such as Mick Ronson and Robert Palmer would eventually rise to fame outside of their native Hull, but Bare Sole sadly only managed a handful of out-of-town gigs and a tour of US air bases in Germany. As it was, their entire existence fitted inside just over a year, but at least their inspired musical legacy has survived thanks to a 1969 recording session held at Fairview studios. #nl# Assisted by writer and producer Keith Herd and galvanized by an enthusiastic local poultry farmer, Bare Sole captured their primitive garage mannerisms inside of one fiery recording session. Aside from Decca's rejection of their demo tape, Bare Sole continued playing alongside acts such as Family, Status Quo, The Move and the Small Faces, but the inevitable decision to quit came in 1970 and their story came to an end. #nl# Presenting Bare Sole's entire recorded history taken from the master tapes of their 1969 recording session. #nl# Their seductive garage romp boasts explosive doses of fuzz, wah-wah and Farfisa organ, a sound that recalled an earlier and more primitive sound, but a sound that also may have unwittingly sealed their fate. #nl# Master tape sound. #nl# Detailed liner notes. #nl# Recommended to fans of: Blue Cheer, Iron Claw, Stack Waddy #nl# Tracklist: #nl# Let's Communicate - Flash - Woman-A- Come - Ain't Nobody Here - Jungle Beat - Sole Blues - Woman-A-Come (Version 2)\",\"breadcrumb\":{\"@id\":\"https:\/\/wpguerssen-test.odoo.rgbconsulting.com\/es\/producto\/flash-cd\/#breadcrumb\"},\"inLanguage\":\"es\",\"potentialAction\":[{\"@type\":\"ReadAction\",\"target\":[\"https:\/\/wpguerssen-test.odoo.rgbconsulting.com\/es\/producto\/flash-cd\/\"]}]},{\"@type\":\"ImageObject\",\"inLanguage\":\"es\",\"@id\":\"https:\/\/wpguerssen-test.odoo.rgbconsulting.com\/es\/producto\/flash-cd\/#primaryimage\",\"url\":\"https:\/\/wpguerssen-test.odoo.rgbconsulting.com\/wp-content\/uploads\/2022\/03\/20012.jpg\",\"contentUrl\":\"https:\/\/wpguerssen-test.odoo.rgbconsulting.com\/wp-content\/uploads\/2022\/03\/20012.jpg\",\"width\":1600,\"height\":1600,\"caption\":\"BARE SOLE - Flash (CD) - SOMMOR (CD) | Guerssen\"},{\"@type\":\"BreadcrumbList\",\"@id\":\"https:\/\/wpguerssen-test.odoo.rgbconsulting.com\/es\/producto\/flash-cd\/#breadcrumb\",\"itemListElement\":[{\"@type\":\"ListItem\",\"position\":1,\"name\":\"Inicio\",\"item\":\"https:\/\/wpguerssen-test.odoo.rgbconsulting.com\/es\/\"},{\"@type\":\"ListItem\",\"position\":2,\"name\":\"Shop\",\"item\":\"https:\/\/wpguerssen-test.odoo.rgbconsulting.com\/shop\/\"},{\"@type\":\"ListItem\",\"position\":3,\"name\":\"Flash (CD)\"}]},{\"@type\":\"WebSite\",\"@id\":\"https:\/\/wpguerssen-test.odoo.rgbconsulting.com\/es\/#website\",\"url\":\"https:\/\/wpguerssen-test.odoo.rgbconsulting.com\/es\/\",\"name\":\"Guerssen records\",\"description\":\"psychedelia - progressive - folk - garage \",\"publisher\":{\"@id\":\"https:\/\/wpguerssen-test.odoo.rgbconsulting.com\/es\/#organization\"},\"potentialAction\":[{\"@type\":\"SearchAction\",\"target\":{\"@type\":\"EntryPoint\",\"urlTemplate\":\"https:\/\/wpguerssen-test.odoo.rgbconsulting.com\/es\/?s={search_term_string}\"},\"query-input\":{\"@type\":\"PropertyValueSpecification\",\"valueRequired\":true,\"valueName\":\"search_term_string\"}}],\"inLanguage\":\"es\"},{\"@type\":\"Organization\",\"@id\":\"https:\/\/wpguerssen-test.odoo.rgbconsulting.com\/es\/#organization\",\"name\":\"Guerssen records\",\"url\":\"https:\/\/wpguerssen-test.odoo.rgbconsulting.com\/es\/\",\"logo\":{\"@type\":\"ImageObject\",\"inLanguage\":\"es\",\"@id\":\"https:\/\/wpguerssen-test.odoo.rgbconsulting.com\/es\/#\/schema\/logo\/image\/\",\"url\":\"https:\/\/wpguerssen-test.odoo.rgbconsulting.com\/wp-content\/uploads\/2022\/04\/Logo_Guerssen_trans_100.png\",\"contentUrl\":\"https:\/\/wpguerssen-test.odoo.rgbconsulting.com\/wp-content\/uploads\/2022\/04\/Logo_Guerssen_trans_100.png\",\"width\":122,\"height\":100,\"caption\":\"Guerssen records\"},\"image\":{\"@id\":\"https:\/\/wpguerssen-test.odoo.rgbconsulting.com\/es\/#\/schema\/logo\/image\/\"}}]}<\/script>\n<!-- \/ Yoast SEO plugin. -->","yoast_head_json":{"title":"BARE SOLE - Flash (CD) -  (CD) | Guerssen","description":"Previously unreleased demo album from 1969, UK. #nl# The loudest band from Hull in the 60s, Bare Sole played raw, in-your-face psychedelic hard rock and heavy blues. #nl# Bare Sole's brief existence at the tail end of the 1960s reflected the realistic trappings of their geographical situation. Musical icons such as Mick Ronson and Robert Palmer would eventually rise to fame outside of their native Hull, but Bare Sole sadly only managed a handful of out-of-town gigs and a tour of US air bases in Germany. As it was, their entire existence fitted inside just over a year, but at least their inspired musical legacy has survived thanks to a 1969 recording session held at Fairview studios. #nl# Assisted by writer and producer Keith Herd and galvanized by an enthusiastic local poultry farmer, Bare Sole captured their primitive garage mannerisms inside of one fiery recording session. Aside from Decca's rejection of their demo tape, Bare Sole continued playing alongside acts such as Family, Status Quo, The Move and the Small Faces, but the inevitable decision to quit came in 1970 and their story came to an end. #nl# Presenting Bare Sole's entire recorded history taken from the master tapes of their 1969 recording session. #nl# Their seductive garage romp boasts explosive doses of fuzz, wah-wah and Farfisa organ, a sound that recalled an earlier and more primitive sound, but a sound that also may have unwittingly sealed their fate. #nl# Master tape sound. #nl# Detailed liner notes. #nl# Recommended to fans of: Blue Cheer, Iron Claw, Stack Waddy #nl# Tracklist: #nl# Let's Communicate - Flash - Woman-A- Come - Ain't Nobody Here - Jungle Beat - Sole Blues - Woman-A-Come (Version 2)","robots":{"index":"index","follow":"follow","max-snippet":"max-snippet:-1","max-image-preview":"max-image-preview:large","max-video-preview":"max-video-preview:-1"},"canonical":"https:\/\/wpguerssen-test.odoo.rgbconsulting.com\/es\/producto\/flash-cd\/","og_locale":"es_ES","og_type":"article","og_title":"BARE SOLE - Flash (CD) -  (CD) | Guerssen","og_description":"Previously unreleased demo album from 1969, UK. #nl# The loudest band from Hull in the 60s, Bare Sole played raw, in-your-face psychedelic hard rock and heavy blues. #nl# Bare Sole's brief existence at the tail end of the 1960s reflected the realistic trappings of their geographical situation. Musical icons such as Mick Ronson and Robert Palmer would eventually rise to fame outside of their native Hull, but Bare Sole sadly only managed a handful of out-of-town gigs and a tour of US air bases in Germany. As it was, their entire existence fitted inside just over a year, but at least their inspired musical legacy has survived thanks to a 1969 recording session held at Fairview studios. #nl# Assisted by writer and producer Keith Herd and galvanized by an enthusiastic local poultry farmer, Bare Sole captured their primitive garage mannerisms inside of one fiery recording session. Aside from Decca's rejection of their demo tape, Bare Sole continued playing alongside acts such as Family, Status Quo, The Move and the Small Faces, but the inevitable decision to quit came in 1970 and their story came to an end. #nl# Presenting Bare Sole's entire recorded history taken from the master tapes of their 1969 recording session. #nl# Their seductive garage romp boasts explosive doses of fuzz, wah-wah and Farfisa organ, a sound that recalled an earlier and more primitive sound, but a sound that also may have unwittingly sealed their fate. #nl# Master tape sound. #nl# Detailed liner notes. #nl# Recommended to fans of: Blue Cheer, Iron Claw, Stack Waddy #nl# Tracklist: #nl# Let's Communicate - Flash - Woman-A- Come - Ain't Nobody Here - Jungle Beat - Sole Blues - Woman-A-Come (Version 2)","og_url":"https:\/\/wpguerssen-test.odoo.rgbconsulting.com\/es\/producto\/flash-cd\/","og_site_name":"Guerssen records","article_modified_time":"2025-04-02T14:47:08+00:00","og_image":[{"width":1600,"height":1600,"url":"https:\/\/wpguerssen-test.odoo.rgbconsulting.com\/wp-content\/uploads\/2022\/03\/20012.jpg","type":"image\/jpeg"}],"twitter_card":"summary_large_image","twitter_title":"BARE SOLE - Flash (CD) -  (CD) | Guerssen","twitter_misc":{"Tiempo de lectura":"1 minuto"},"schema":{"@context":"https:\/\/schema.org","@graph":[{"@type":"WebPage","@id":"https:\/\/wpguerssen-test.odoo.rgbconsulting.com\/es\/producto\/flash-cd\/","url":"https:\/\/wpguerssen-test.odoo.rgbconsulting.com\/es\/producto\/flash-cd\/","name":"BARE SOLE - Flash (CD) - (CD) | Guerssen","isPartOf":{"@id":"https:\/\/wpguerssen-test.odoo.rgbconsulting.com\/es\/#website"},"primaryImageOfPage":{"@id":"https:\/\/wpguerssen-test.odoo.rgbconsulting.com\/es\/producto\/flash-cd\/#primaryimage"},"image":{"@id":"https:\/\/wpguerssen-test.odoo.rgbconsulting.com\/es\/producto\/flash-cd\/#primaryimage"},"thumbnailUrl":"https:\/\/wpguerssen-test.odoo.rgbconsulting.com\/wp-content\/uploads\/2022\/03\/20012.jpg","datePublished":"2015-10-25T23:00:00+00:00","dateModified":"2025-04-02T14:47:08+00:00","description":"Previously unreleased demo album from 1969, UK. #nl# The loudest band from Hull in the 60s, Bare Sole played raw, in-your-face psychedelic hard rock and heavy blues. #nl# Bare Sole's brief existence at the tail end of the 1960s reflected the realistic trappings of their geographical situation. Musical icons such as Mick Ronson and Robert Palmer would eventually rise to fame outside of their native Hull, but Bare Sole sadly only managed a handful of out-of-town gigs and a tour of US air bases in Germany. As it was, their entire existence fitted inside just over a year, but at least their inspired musical legacy has survived thanks to a 1969 recording session held at Fairview studios. #nl# Assisted by writer and producer Keith Herd and galvanized by an enthusiastic local poultry farmer, Bare Sole captured their primitive garage mannerisms inside of one fiery recording session. Aside from Decca's rejection of their demo tape, Bare Sole continued playing alongside acts such as Family, Status Quo, The Move and the Small Faces, but the inevitable decision to quit came in 1970 and their story came to an end. #nl# Presenting Bare Sole's entire recorded history taken from the master tapes of their 1969 recording session. #nl# Their seductive garage romp boasts explosive doses of fuzz, wah-wah and Farfisa organ, a sound that recalled an earlier and more primitive sound, but a sound that also may have unwittingly sealed their fate. #nl# Master tape sound. #nl# Detailed liner notes. #nl# Recommended to fans of: Blue Cheer, Iron Claw, Stack Waddy #nl# Tracklist: #nl# Let's Communicate - Flash - Woman-A- Come - Ain't Nobody Here - Jungle Beat - Sole Blues - Woman-A-Come (Version 2)","breadcrumb":{"@id":"https:\/\/wpguerssen-test.odoo.rgbconsulting.com\/es\/producto\/flash-cd\/#breadcrumb"},"inLanguage":"es","potentialAction":[{"@type":"ReadAction","target":["https:\/\/wpguerssen-test.odoo.rgbconsulting.com\/es\/producto\/flash-cd\/"]}]},{"@type":"ImageObject","inLanguage":"es","@id":"https:\/\/wpguerssen-test.odoo.rgbconsulting.com\/es\/producto\/flash-cd\/#primaryimage","url":"https:\/\/wpguerssen-test.odoo.rgbconsulting.com\/wp-content\/uploads\/2022\/03\/20012.jpg","contentUrl":"https:\/\/wpguerssen-test.odoo.rgbconsulting.com\/wp-content\/uploads\/2022\/03\/20012.jpg","width":1600,"height":1600,"caption":"BARE SOLE - Flash (CD) - SOMMOR (CD) | Guerssen"},{"@type":"BreadcrumbList","@id":"https:\/\/wpguerssen-test.odoo.rgbconsulting.com\/es\/producto\/flash-cd\/#breadcrumb","itemListElement":[{"@type":"ListItem","position":1,"name":"Inicio","item":"https:\/\/wpguerssen-test.odoo.rgbconsulting.com\/es\/"},{"@type":"ListItem","position":2,"name":"Shop","item":"https:\/\/wpguerssen-test.odoo.rgbconsulting.com\/shop\/"},{"@type":"ListItem","position":3,"name":"Flash (CD)"}]},{"@type":"WebSite","@id":"https:\/\/wpguerssen-test.odoo.rgbconsulting.com\/es\/#website","url":"https:\/\/wpguerssen-test.odoo.rgbconsulting.com\/es\/","name":"Guerssen records","description":"psychedelia - progressive - folk - garage ","publisher":{"@id":"https:\/\/wpguerssen-test.odoo.rgbconsulting.com\/es\/#organization"},"potentialAction":[{"@type":"SearchAction","target":{"@type":"EntryPoint","urlTemplate":"https:\/\/wpguerssen-test.odoo.rgbconsulting.com\/es\/?s={search_term_string}"},"query-input":{"@type":"PropertyValueSpecification","valueRequired":true,"valueName":"search_term_string"}}],"inLanguage":"es"},{"@type":"Organization","@id":"https:\/\/wpguerssen-test.odoo.rgbconsulting.com\/es\/#organization","name":"Guerssen records","url":"https:\/\/wpguerssen-test.odoo.rgbconsulting.com\/es\/","logo":{"@type":"ImageObject","inLanguage":"es","@id":"https:\/\/wpguerssen-test.odoo.rgbconsulting.com\/es\/#\/schema\/logo\/image\/","url":"https:\/\/wpguerssen-test.odoo.rgbconsulting.com\/wp-content\/uploads\/2022\/04\/Logo_Guerssen_trans_100.png","contentUrl":"https:\/\/wpguerssen-test.odoo.rgbconsulting.com\/wp-content\/uploads\/2022\/04\/Logo_Guerssen_trans_100.png","width":122,"height":100,"caption":"Guerssen records"},"image":{"@id":"https:\/\/wpguerssen-test.odoo.rgbconsulting.com\/es\/#\/schema\/logo\/image\/"}}]}},"_links":{"self":[{"href":"https:\/\/wpguerssen-test.odoo.rgbconsulting.com\/es\/wp-json\/wp\/v2\/product\/179762","targetHints":{"allow":["GET"]}}],"collection":[{"href":"https:\/\/wpguerssen-test.odoo.rgbconsulting.com\/es\/wp-json\/wp\/v2\/product"}],"about":[{"href":"https:\/\/wpguerssen-test.odoo.rgbconsulting.com\/es\/wp-json\/wp\/v2\/types\/product"}],"wp:featuredmedia":[{"embeddable":true,"href":"https:\/\/wpguerssen-test.odoo.rgbconsulting.com\/es\/wp-json\/wp\/v2\/media\/116538"}],"wp:attachment":[{"href":"https:\/\/wpguerssen-test.odoo.rgbconsulting.com\/es\/wp-json\/wp\/v2\/media?parent=179762"}],"wp:term":[{"taxonomy":"product_brand","embeddable":true,"href":"https:\/\/wpguerssen-test.odoo.rgbconsulting.com\/es\/wp-json\/wp\/v2\/product_brand?post=179762"},{"taxonomy":"product_cat","embeddable":true,"href":"https:\/\/wpguerssen-test.odoo.rgbconsulting.com\/es\/wp-json\/wp\/v2\/product_cat?post=179762"},{"taxonomy":"product_tag","embeddable":true,"href":"https:\/\/wpguerssen-test.odoo.rgbconsulting.com\/es\/wp-json\/wp\/v2\/product_tag?post=179762"}],"curies":[{"name":"wp","href":"https:\/\/api.w.org\/{rel}","templated":true}]}}