{"id":179796,"date":"2015-06-10T00:00:00","date_gmt":"2015-06-09T22:00:00","guid":{"rendered":"http:\/\/guerssen.hl1097.dinaserver.com\/product\/cafe-de-paris\/"},"modified":"2024-10-15T15:31:11","modified_gmt":"2024-10-15T13:31:11","slug":"cafe-de-paris","status":"publish","type":"product","link":"https:\/\/wpguerssen-test.odoo.rgbconsulting.com\/es\/producto\/cafe-de-paris\/","title":{"rendered":"Caf\u00e9 De Paris"},"content":{"rendered":"<p>Les Variations fue una banda de rock francesa que cantaba en ingl\u00e9s y era conocida por su m\u00fasica donde las guitarras eran predominantes. A menudo, sus canciones y composiciones conten\u00edan toques de melod\u00edas norteafricanas y jud\u00edas sefard\u00edes, as\u00ed como las canciones hebreas de los j\u00f3venes miembros de la banda. En 1974, Les Variations firm\u00f3 con el sello estadounidense Buddah Records y cre\u00f3 un estilo m\u00e1s ex\u00f3tico. Su introducci\u00f3n pionera de sonidos y estilos tomados de sus herencias marroqu\u00edes se ejemplific\u00f3 en los \u00e1lbumes \u00abMoroccan Roll\u00bb y \u00abCafe de Paris\u00bb. Durante la grabaci\u00f3n y posterior gira de estos \u00e1lbumes de Buddah, la banda agreg\u00f3 al teclista y cantante estadounidense Jim Morris; y para \u00abCaf\u00e9 de Paris\u00bb y sus giras, se sumaron el franc\u00e9s\/tunecino\/cantante\/guitarrista\/compositor Robert Fitoussi y el legendario violinista franc\u00e9s\/tunecino de m\u00fasica \u00e1rabe, Maurice Meimoun. \u00abCafe de Paris\u00bb (1975) alcanz\u00f3 las listas de \u00e1lbumes Top 200 de Billboard en Estados Unidos, mientras que su sencillo &#8216;Superman, Superman&#8217; alcanz\u00f3 el puesto 36 en las listas pop de Estados Unidos. Desafortunadamente, cuando finalmente pudieron obtener un \u00e9xito en Estados Unidos, Les Variations se disolvieron el 21 de diciembre de 1975.<\/p>\n","protected":false},"excerpt":{"rendered":"<p>Les Variations fue una banda de rock francesa que cantaba en ingl\u00e9s y era conocida por su m\u00fasica donde las guitarras eran predominantes. A menudo, sus canciones<a class=\"read\" href=\"https:\/\/wpguerssen-test.odoo.rgbconsulting.com\/es\/producto\/cafe-de-paris\/\"> (...)<\/a>","protected":false},"featured_media":116601,"template":"","meta":{"_acf_changed":false},"product_brand":[],"product_cat":[23215,23224],"product_tag":[],"class_list":{"0":"post-179796","1":"product","2":"type-product","3":"status-publish","4":"has-post-thumbnail","6":"product_cat-progressive60s-70s-es","7":"product_cat-hard-rock-60s-70s-es","8":"pa_artist-variations-les-es","9":"pa_format-lp-es","10":"pa_gender-hard-rock-60s-70s-progressive60s-70s","11":"pa_label-buddah","12":"pa_location-europe-es","13":"pa_other-filters-vinyl-only-es","15":"first","16":"instock","17":"taxable","18":"shipping-taxable","19":"purchasable","20":"product-type-simple"},"acf":[],"yoast_head":"<!-- This site is optimized with the Yoast SEO plugin v24.9 - https:\/\/yoast.com\/wordpress\/plugins\/seo\/ -->\n<title>VARIATIONS, Les - Caf\u00e9 De Paris -  (LP) | Guerssen<\/title>\n<meta name=\"description\" content=\"Les Variations was a French rock band that sang in English and was known for its guitar based music. Often, their songs and compositions contained hints of North African and Jewish Sephardic melodies as well as the Hebrew songs of the band members youth. In 1974, Les Variations signed with the American label Buddah Records, and created a more exotic style. Their pioneering introduction of sounds and styles taken from their Moroccan heritages, was exemplified in the albums &quot;Moroccan Roll&quot; and &quot;Cafe de Paris.&quot; During the recording and subsequent touring of these Buddah albums, the band added the American keyboard player\/singer Jim Morris; and for &quot;Cafe de Paris&quot; and its tours, they added the French\/Tunisian\/singer\/guitarist\/composer Robert Fitoussi and the ledendary French\/Tunisian violinist of Arabic music, Maurice Meimoun. &quot;Cafe de Paris&quot; (1975) reached the Billboard Top 200 Album Charts in America, while their single &#039;Superman, Superman,&#039; reached No. 36 in the U.S. Pop Charts. Unfortunately, as they finally were able to gain measurable success in America, Les Variations disbanded on December 21, 1975.\" \/>\n<meta name=\"robots\" content=\"index, follow, max-snippet:-1, max-image-preview:large, max-video-preview:-1\" \/>\n<link rel=\"canonical\" href=\"https:\/\/wpguerssen-test.odoo.rgbconsulting.com\/es\/producto\/cafe-de-paris\/\" \/>\n<meta property=\"og:locale\" content=\"es_ES\" \/>\n<meta property=\"og:type\" content=\"article\" \/>\n<meta property=\"og:title\" content=\"VARIATIONS, Les - Caf\u00e9 De Paris -  (LP) | Guerssen\" \/>\n<meta property=\"og:description\" content=\"Les Variations was a French rock band that sang in English and was known for its guitar based music. Often, their songs and compositions contained hints of North African and Jewish Sephardic melodies as well as the Hebrew songs of the band members youth. In 1974, Les Variations signed with the American label Buddah Records, and created a more exotic style. Their pioneering introduction of sounds and styles taken from their Moroccan heritages, was exemplified in the albums &quot;Moroccan Roll&quot; and &quot;Cafe de Paris.&quot; During the recording and subsequent touring of these Buddah albums, the band added the American keyboard player\/singer Jim Morris; and for &quot;Cafe de Paris&quot; and its tours, they added the French\/Tunisian\/singer\/guitarist\/composer Robert Fitoussi and the ledendary French\/Tunisian violinist of Arabic music, Maurice Meimoun. &quot;Cafe de Paris&quot; (1975) reached the Billboard Top 200 Album Charts in America, while their single &#039;Superman, Superman,&#039; reached No. 36 in the U.S. Pop Charts. Unfortunately, as they finally were able to gain measurable success in America, Les Variations disbanded on December 21, 1975.\" \/>\n<meta property=\"og:url\" content=\"https:\/\/wpguerssen-test.odoo.rgbconsulting.com\/es\/producto\/cafe-de-paris\/\" \/>\n<meta property=\"og:site_name\" content=\"Guerssen records\" \/>\n<meta property=\"article:modified_time\" content=\"2024-10-15T13:31:11+00:00\" \/>\n<meta property=\"og:image\" content=\"https:\/\/wpguerssen-test.odoo.rgbconsulting.com\/wp-content\/uploads\/2022\/03\/20264.jpg\" \/>\n\t<meta property=\"og:image:width\" content=\"296\" \/>\n\t<meta property=\"og:image:height\" content=\"300\" \/>\n\t<meta property=\"og:image:type\" content=\"image\/jpeg\" \/>\n<meta name=\"twitter:card\" content=\"summary_large_image\" \/>\n<meta name=\"twitter:title\" content=\"VARIATIONS, Les - Caf\u00e9 De Paris -  (LP) | Guerssen\" \/>\n<meta name=\"twitter:label1\" content=\"Tiempo de lectura\" \/>\n\t<meta name=\"twitter:data1\" content=\"1 minuto\" \/>\n<script type=\"application\/ld+json\" class=\"yoast-schema-graph\">{\"@context\":\"https:\/\/schema.org\",\"@graph\":[{\"@type\":\"WebPage\",\"@id\":\"https:\/\/wpguerssen-test.odoo.rgbconsulting.com\/es\/producto\/cafe-de-paris\/\",\"url\":\"https:\/\/wpguerssen-test.odoo.rgbconsulting.com\/es\/producto\/cafe-de-paris\/\",\"name\":\"VARIATIONS, Les - Caf\u00e9 De Paris - (LP) | Guerssen\",\"isPartOf\":{\"@id\":\"https:\/\/wpguerssen-test.odoo.rgbconsulting.com\/es\/#website\"},\"primaryImageOfPage\":{\"@id\":\"https:\/\/wpguerssen-test.odoo.rgbconsulting.com\/es\/producto\/cafe-de-paris\/#primaryimage\"},\"image\":{\"@id\":\"https:\/\/wpguerssen-test.odoo.rgbconsulting.com\/es\/producto\/cafe-de-paris\/#primaryimage\"},\"thumbnailUrl\":\"https:\/\/wpguerssen-test.odoo.rgbconsulting.com\/wp-content\/uploads\/2022\/03\/20264.jpg\",\"datePublished\":\"2015-06-09T22:00:00+00:00\",\"dateModified\":\"2024-10-15T13:31:11+00:00\",\"description\":\"Les Variations was a French rock band that sang in English and was known for its guitar based music. Often, their songs and compositions contained hints of North African and Jewish Sephardic melodies as well as the Hebrew songs of the band members youth. In 1974, Les Variations signed with the American label Buddah Records, and created a more exotic style. Their pioneering introduction of sounds and styles taken from their Moroccan heritages, was exemplified in the albums \\\"Moroccan Roll\\\" and \\\"Cafe de Paris.\\\" During the recording and subsequent touring of these Buddah albums, the band added the American keyboard player\/singer Jim Morris; and for \\\"Cafe de Paris\\\" and its tours, they added the French\/Tunisian\/singer\/guitarist\/composer Robert Fitoussi and the ledendary French\/Tunisian violinist of Arabic music, Maurice Meimoun. \\\"Cafe de Paris\\\" (1975) reached the Billboard Top 200 Album Charts in America, while their single 'Superman, Superman,' reached No. 36 in the U.S. Pop Charts. Unfortunately, as they finally were able to gain measurable success in America, Les Variations disbanded on December 21, 1975.\",\"breadcrumb\":{\"@id\":\"https:\/\/wpguerssen-test.odoo.rgbconsulting.com\/es\/producto\/cafe-de-paris\/#breadcrumb\"},\"inLanguage\":\"es\",\"potentialAction\":[{\"@type\":\"ReadAction\",\"target\":[\"https:\/\/wpguerssen-test.odoo.rgbconsulting.com\/es\/producto\/cafe-de-paris\/\"]}]},{\"@type\":\"ImageObject\",\"inLanguage\":\"es\",\"@id\":\"https:\/\/wpguerssen-test.odoo.rgbconsulting.com\/es\/producto\/cafe-de-paris\/#primaryimage\",\"url\":\"https:\/\/wpguerssen-test.odoo.rgbconsulting.com\/wp-content\/uploads\/2022\/03\/20264.jpg\",\"contentUrl\":\"https:\/\/wpguerssen-test.odoo.rgbconsulting.com\/wp-content\/uploads\/2022\/03\/20264.jpg\",\"width\":296,\"height\":300,\"caption\":\"Les - Caf\u00e9 De Paris - BUDDAH (LP) | Guerssen\"},{\"@type\":\"BreadcrumbList\",\"@id\":\"https:\/\/wpguerssen-test.odoo.rgbconsulting.com\/es\/producto\/cafe-de-paris\/#breadcrumb\",\"itemListElement\":[{\"@type\":\"ListItem\",\"position\":1,\"name\":\"Inicio\",\"item\":\"https:\/\/wpguerssen-test.odoo.rgbconsulting.com\/es\/\"},{\"@type\":\"ListItem\",\"position\":2,\"name\":\"Shop\",\"item\":\"https:\/\/wpguerssen-test.odoo.rgbconsulting.com\/shop\/\"},{\"@type\":\"ListItem\",\"position\":3,\"name\":\"Caf\u00e9 De Paris\"}]},{\"@type\":\"WebSite\",\"@id\":\"https:\/\/wpguerssen-test.odoo.rgbconsulting.com\/es\/#website\",\"url\":\"https:\/\/wpguerssen-test.odoo.rgbconsulting.com\/es\/\",\"name\":\"Guerssen records\",\"description\":\"psychedelia - progressive - folk - garage \",\"publisher\":{\"@id\":\"https:\/\/wpguerssen-test.odoo.rgbconsulting.com\/es\/#organization\"},\"potentialAction\":[{\"@type\":\"SearchAction\",\"target\":{\"@type\":\"EntryPoint\",\"urlTemplate\":\"https:\/\/wpguerssen-test.odoo.rgbconsulting.com\/es\/?s={search_term_string}\"},\"query-input\":{\"@type\":\"PropertyValueSpecification\",\"valueRequired\":true,\"valueName\":\"search_term_string\"}}],\"inLanguage\":\"es\"},{\"@type\":\"Organization\",\"@id\":\"https:\/\/wpguerssen-test.odoo.rgbconsulting.com\/es\/#organization\",\"name\":\"Guerssen records\",\"url\":\"https:\/\/wpguerssen-test.odoo.rgbconsulting.com\/es\/\",\"logo\":{\"@type\":\"ImageObject\",\"inLanguage\":\"es\",\"@id\":\"https:\/\/wpguerssen-test.odoo.rgbconsulting.com\/es\/#\/schema\/logo\/image\/\",\"url\":\"https:\/\/wpguerssen-test.odoo.rgbconsulting.com\/wp-content\/uploads\/2022\/04\/Logo_Guerssen_trans_100.png\",\"contentUrl\":\"https:\/\/wpguerssen-test.odoo.rgbconsulting.com\/wp-content\/uploads\/2022\/04\/Logo_Guerssen_trans_100.png\",\"width\":122,\"height\":100,\"caption\":\"Guerssen records\"},\"image\":{\"@id\":\"https:\/\/wpguerssen-test.odoo.rgbconsulting.com\/es\/#\/schema\/logo\/image\/\"}}]}<\/script>\n<!-- \/ Yoast SEO plugin. -->","yoast_head_json":{"title":"VARIATIONS, Les - Caf\u00e9 De Paris -  (LP) | Guerssen","description":"Les Variations was a French rock band that sang in English and was known for its guitar based music. Often, their songs and compositions contained hints of North African and Jewish Sephardic melodies as well as the Hebrew songs of the band members youth. In 1974, Les Variations signed with the American label Buddah Records, and created a more exotic style. Their pioneering introduction of sounds and styles taken from their Moroccan heritages, was exemplified in the albums \"Moroccan Roll\" and \"Cafe de Paris.\" During the recording and subsequent touring of these Buddah albums, the band added the American keyboard player\/singer Jim Morris; and for \"Cafe de Paris\" and its tours, they added the French\/Tunisian\/singer\/guitarist\/composer Robert Fitoussi and the ledendary French\/Tunisian violinist of Arabic music, Maurice Meimoun. \"Cafe de Paris\" (1975) reached the Billboard Top 200 Album Charts in America, while their single 'Superman, Superman,' reached No. 36 in the U.S. Pop Charts. Unfortunately, as they finally were able to gain measurable success in America, Les Variations disbanded on December 21, 1975.","robots":{"index":"index","follow":"follow","max-snippet":"max-snippet:-1","max-image-preview":"max-image-preview:large","max-video-preview":"max-video-preview:-1"},"canonical":"https:\/\/wpguerssen-test.odoo.rgbconsulting.com\/es\/producto\/cafe-de-paris\/","og_locale":"es_ES","og_type":"article","og_title":"VARIATIONS, Les - Caf\u00e9 De Paris -  (LP) | Guerssen","og_description":"Les Variations was a French rock band that sang in English and was known for its guitar based music. Often, their songs and compositions contained hints of North African and Jewish Sephardic melodies as well as the Hebrew songs of the band members youth. In 1974, Les Variations signed with the American label Buddah Records, and created a more exotic style. Their pioneering introduction of sounds and styles taken from their Moroccan heritages, was exemplified in the albums \"Moroccan Roll\" and \"Cafe de Paris.\" During the recording and subsequent touring of these Buddah albums, the band added the American keyboard player\/singer Jim Morris; and for \"Cafe de Paris\" and its tours, they added the French\/Tunisian\/singer\/guitarist\/composer Robert Fitoussi and the ledendary French\/Tunisian violinist of Arabic music, Maurice Meimoun. \"Cafe de Paris\" (1975) reached the Billboard Top 200 Album Charts in America, while their single 'Superman, Superman,' reached No. 36 in the U.S. Pop Charts. Unfortunately, as they finally were able to gain measurable success in America, Les Variations disbanded on December 21, 1975.","og_url":"https:\/\/wpguerssen-test.odoo.rgbconsulting.com\/es\/producto\/cafe-de-paris\/","og_site_name":"Guerssen records","article_modified_time":"2024-10-15T13:31:11+00:00","og_image":[{"width":296,"height":300,"url":"https:\/\/wpguerssen-test.odoo.rgbconsulting.com\/wp-content\/uploads\/2022\/03\/20264.jpg","type":"image\/jpeg"}],"twitter_card":"summary_large_image","twitter_title":"VARIATIONS, Les - Caf\u00e9 De Paris -  (LP) | Guerssen","twitter_misc":{"Tiempo de lectura":"1 minuto"},"schema":{"@context":"https:\/\/schema.org","@graph":[{"@type":"WebPage","@id":"https:\/\/wpguerssen-test.odoo.rgbconsulting.com\/es\/producto\/cafe-de-paris\/","url":"https:\/\/wpguerssen-test.odoo.rgbconsulting.com\/es\/producto\/cafe-de-paris\/","name":"VARIATIONS, Les - Caf\u00e9 De Paris - (LP) | Guerssen","isPartOf":{"@id":"https:\/\/wpguerssen-test.odoo.rgbconsulting.com\/es\/#website"},"primaryImageOfPage":{"@id":"https:\/\/wpguerssen-test.odoo.rgbconsulting.com\/es\/producto\/cafe-de-paris\/#primaryimage"},"image":{"@id":"https:\/\/wpguerssen-test.odoo.rgbconsulting.com\/es\/producto\/cafe-de-paris\/#primaryimage"},"thumbnailUrl":"https:\/\/wpguerssen-test.odoo.rgbconsulting.com\/wp-content\/uploads\/2022\/03\/20264.jpg","datePublished":"2015-06-09T22:00:00+00:00","dateModified":"2024-10-15T13:31:11+00:00","description":"Les Variations was a French rock band that sang in English and was known for its guitar based music. Often, their songs and compositions contained hints of North African and Jewish Sephardic melodies as well as the Hebrew songs of the band members youth. In 1974, Les Variations signed with the American label Buddah Records, and created a more exotic style. Their pioneering introduction of sounds and styles taken from their Moroccan heritages, was exemplified in the albums \"Moroccan Roll\" and \"Cafe de Paris.\" During the recording and subsequent touring of these Buddah albums, the band added the American keyboard player\/singer Jim Morris; and for \"Cafe de Paris\" and its tours, they added the French\/Tunisian\/singer\/guitarist\/composer Robert Fitoussi and the ledendary French\/Tunisian violinist of Arabic music, Maurice Meimoun. \"Cafe de Paris\" (1975) reached the Billboard Top 200 Album Charts in America, while their single 'Superman, Superman,' reached No. 36 in the U.S. Pop Charts. Unfortunately, as they finally were able to gain measurable success in America, Les Variations disbanded on December 21, 1975.","breadcrumb":{"@id":"https:\/\/wpguerssen-test.odoo.rgbconsulting.com\/es\/producto\/cafe-de-paris\/#breadcrumb"},"inLanguage":"es","potentialAction":[{"@type":"ReadAction","target":["https:\/\/wpguerssen-test.odoo.rgbconsulting.com\/es\/producto\/cafe-de-paris\/"]}]},{"@type":"ImageObject","inLanguage":"es","@id":"https:\/\/wpguerssen-test.odoo.rgbconsulting.com\/es\/producto\/cafe-de-paris\/#primaryimage","url":"https:\/\/wpguerssen-test.odoo.rgbconsulting.com\/wp-content\/uploads\/2022\/03\/20264.jpg","contentUrl":"https:\/\/wpguerssen-test.odoo.rgbconsulting.com\/wp-content\/uploads\/2022\/03\/20264.jpg","width":296,"height":300,"caption":"Les - Caf\u00e9 De Paris - BUDDAH (LP) | Guerssen"},{"@type":"BreadcrumbList","@id":"https:\/\/wpguerssen-test.odoo.rgbconsulting.com\/es\/producto\/cafe-de-paris\/#breadcrumb","itemListElement":[{"@type":"ListItem","position":1,"name":"Inicio","item":"https:\/\/wpguerssen-test.odoo.rgbconsulting.com\/es\/"},{"@type":"ListItem","position":2,"name":"Shop","item":"https:\/\/wpguerssen-test.odoo.rgbconsulting.com\/shop\/"},{"@type":"ListItem","position":3,"name":"Caf\u00e9 De Paris"}]},{"@type":"WebSite","@id":"https:\/\/wpguerssen-test.odoo.rgbconsulting.com\/es\/#website","url":"https:\/\/wpguerssen-test.odoo.rgbconsulting.com\/es\/","name":"Guerssen records","description":"psychedelia - progressive - folk - garage ","publisher":{"@id":"https:\/\/wpguerssen-test.odoo.rgbconsulting.com\/es\/#organization"},"potentialAction":[{"@type":"SearchAction","target":{"@type":"EntryPoint","urlTemplate":"https:\/\/wpguerssen-test.odoo.rgbconsulting.com\/es\/?s={search_term_string}"},"query-input":{"@type":"PropertyValueSpecification","valueRequired":true,"valueName":"search_term_string"}}],"inLanguage":"es"},{"@type":"Organization","@id":"https:\/\/wpguerssen-test.odoo.rgbconsulting.com\/es\/#organization","name":"Guerssen records","url":"https:\/\/wpguerssen-test.odoo.rgbconsulting.com\/es\/","logo":{"@type":"ImageObject","inLanguage":"es","@id":"https:\/\/wpguerssen-test.odoo.rgbconsulting.com\/es\/#\/schema\/logo\/image\/","url":"https:\/\/wpguerssen-test.odoo.rgbconsulting.com\/wp-content\/uploads\/2022\/04\/Logo_Guerssen_trans_100.png","contentUrl":"https:\/\/wpguerssen-test.odoo.rgbconsulting.com\/wp-content\/uploads\/2022\/04\/Logo_Guerssen_trans_100.png","width":122,"height":100,"caption":"Guerssen records"},"image":{"@id":"https:\/\/wpguerssen-test.odoo.rgbconsulting.com\/es\/#\/schema\/logo\/image\/"}}]}},"_links":{"self":[{"href":"https:\/\/wpguerssen-test.odoo.rgbconsulting.com\/es\/wp-json\/wp\/v2\/product\/179796","targetHints":{"allow":["GET"]}}],"collection":[{"href":"https:\/\/wpguerssen-test.odoo.rgbconsulting.com\/es\/wp-json\/wp\/v2\/product"}],"about":[{"href":"https:\/\/wpguerssen-test.odoo.rgbconsulting.com\/es\/wp-json\/wp\/v2\/types\/product"}],"wp:featuredmedia":[{"embeddable":true,"href":"https:\/\/wpguerssen-test.odoo.rgbconsulting.com\/es\/wp-json\/wp\/v2\/media\/116601"}],"wp:attachment":[{"href":"https:\/\/wpguerssen-test.odoo.rgbconsulting.com\/es\/wp-json\/wp\/v2\/media?parent=179796"}],"wp:term":[{"taxonomy":"product_brand","embeddable":true,"href":"https:\/\/wpguerssen-test.odoo.rgbconsulting.com\/es\/wp-json\/wp\/v2\/product_brand?post=179796"},{"taxonomy":"product_cat","embeddable":true,"href":"https:\/\/wpguerssen-test.odoo.rgbconsulting.com\/es\/wp-json\/wp\/v2\/product_cat?post=179796"},{"taxonomy":"product_tag","embeddable":true,"href":"https:\/\/wpguerssen-test.odoo.rgbconsulting.com\/es\/wp-json\/wp\/v2\/product_tag?post=179796"}],"curies":[{"name":"wp","href":"https:\/\/api.w.org\/{rel}","templated":true}]}}