{"id":179858,"date":"2025-01-24T00:00:00","date_gmt":"2025-01-23T23:00:00","guid":{"rendered":"http:\/\/guerssen.hl1097.dinaserver.com\/product\/rischkas-soul\/"},"modified":"2025-01-24T13:18:30","modified_gmt":"2025-01-24T12:18:30","slug":"rischkas-soul","status":"publish","type":"product","link":"https:\/\/wpguerssen-test.odoo.rgbconsulting.com\/es\/producto\/rischkas-soul\/","title":{"rendered":"Rischka&#8217;s Soul"},"content":{"rendered":"<p>Jazz-Kraut fusi\u00f3n de 1969 con la psicod\u00e9lica guitarra de Sigi Schwab. Editado originalmente de forma privada pero reeditado unos a\u00f1os m\u00e1s tarde en el sello Brain. Incluye insert con notas.<\/p>\n","protected":false},"excerpt":{"rendered":"<p>Jazz-Kraut fusi\u00f3n de 1969 con la psicod\u00e9lica guitarra de Sigi Schwab. Editado originalmente de forma privada pero reeditado unos a\u00f1os m\u00e1s tarde en el sello Brain.<a class=\"read\" href=\"https:\/\/wpguerssen-test.odoo.rgbconsulting.com\/es\/producto\/rischkas-soul\/\"> (...)<\/a>","protected":false},"featured_media":116717,"template":"","meta":{"_acf_changed":false},"product_brand":[],"product_cat":[23230,23229],"product_tag":[24185],"class_list":{"0":"post-179858","1":"product","2":"type-product","3":"status-publish","4":"has-post-thumbnail","6":"product_cat-krautrock-es-2","7":"product_cat-jazz-rock-es","8":"product_tag-de-nuevo-en-existencia","9":"pa_artist-dauner-wolfgang-group-es","10":"pa_format-lp-es","11":"pa_gender-jazz-rock-krautrock","12":"pa_label-long-hair-es","13":"pa_location-europe-es","14":"pa_other-filters-vinyl-only-es","16":"first","17":"instock","18":"taxable","19":"shipping-taxable","20":"purchasable","21":"product-type-simple"},"acf":[],"yoast_head":"<!-- This site is optimized with the Yoast SEO plugin v24.9 - https:\/\/yoast.com\/wordpress\/plugins\/seo\/ -->\n<title>DAUNER, Wolfgang - Group - - Rischka&#039;s Soul -  (LP) | Guerssen<\/title>\n<meta name=\"description\" content=\"Vinyl reissue of Dauner&#039;s famous release &#039;Rischka&#039;s Soul&#039;! Recorded in November, 1969 and first released as a so called private pressing the recordings had a second release nearly three years later on famous German label Brain (1016, 1972). Dauner with his strong sidemen Sigi Schwab, guitar and Eberhard Weber, bass and cello with two drummers (Braceful and Wittich) played cool jazz fusion with fluiding organ play from Dauner, sometimes heavy, sometimes dreamy and psychedelic guitar eruptions from master of guitar Sigi Schwab, tuneful and melodic and mostly straight on rhythms. LP comes with informative booklet\/insert and liner notes from Wolfgang Dauner himself.\" \/>\n<meta name=\"robots\" content=\"index, follow, max-snippet:-1, max-image-preview:large, max-video-preview:-1\" \/>\n<link rel=\"canonical\" href=\"https:\/\/wpguerssen-test.odoo.rgbconsulting.com\/es\/producto\/rischkas-soul\/\" \/>\n<meta property=\"og:locale\" content=\"es_ES\" \/>\n<meta property=\"og:type\" content=\"article\" \/>\n<meta property=\"og:title\" content=\"DAUNER, Wolfgang - Group - - Rischka&#039;s Soul -  (LP) | Guerssen\" \/>\n<meta property=\"og:description\" content=\"Vinyl reissue of Dauner&#039;s famous release &#039;Rischka&#039;s Soul&#039;! Recorded in November, 1969 and first released as a so called private pressing the recordings had a second release nearly three years later on famous German label Brain (1016, 1972). Dauner with his strong sidemen Sigi Schwab, guitar and Eberhard Weber, bass and cello with two drummers (Braceful and Wittich) played cool jazz fusion with fluiding organ play from Dauner, sometimes heavy, sometimes dreamy and psychedelic guitar eruptions from master of guitar Sigi Schwab, tuneful and melodic and mostly straight on rhythms. LP comes with informative booklet\/insert and liner notes from Wolfgang Dauner himself.\" \/>\n<meta property=\"og:url\" content=\"https:\/\/wpguerssen-test.odoo.rgbconsulting.com\/es\/producto\/rischkas-soul\/\" \/>\n<meta property=\"og:site_name\" content=\"Guerssen records\" \/>\n<meta property=\"article:modified_time\" content=\"2025-01-24T12:18:30+00:00\" \/>\n<meta property=\"og:image\" content=\"https:\/\/wpguerssen-test.odoo.rgbconsulting.com\/wp-content\/uploads\/2022\/03\/20479.jpg\" \/>\n\t<meta property=\"og:image:width\" content=\"180\" \/>\n\t<meta property=\"og:image:height\" content=\"180\" \/>\n\t<meta property=\"og:image:type\" content=\"image\/jpeg\" \/>\n<meta name=\"twitter:card\" content=\"summary_large_image\" \/>\n<meta name=\"twitter:title\" content=\"DAUNER, Wolfgang - Group - - Rischka&#039;s Soul -  (LP) | Guerssen\" \/>\n<script type=\"application\/ld+json\" class=\"yoast-schema-graph\">{\"@context\":\"https:\/\/schema.org\",\"@graph\":[{\"@type\":\"WebPage\",\"@id\":\"https:\/\/wpguerssen-test.odoo.rgbconsulting.com\/es\/producto\/rischkas-soul\/\",\"url\":\"https:\/\/wpguerssen-test.odoo.rgbconsulting.com\/es\/producto\/rischkas-soul\/\",\"name\":\"DAUNER, Wolfgang - Group - - Rischka's Soul - (LP) | Guerssen\",\"isPartOf\":{\"@id\":\"https:\/\/wpguerssen-test.odoo.rgbconsulting.com\/es\/#website\"},\"primaryImageOfPage\":{\"@id\":\"https:\/\/wpguerssen-test.odoo.rgbconsulting.com\/es\/producto\/rischkas-soul\/#primaryimage\"},\"image\":{\"@id\":\"https:\/\/wpguerssen-test.odoo.rgbconsulting.com\/es\/producto\/rischkas-soul\/#primaryimage\"},\"thumbnailUrl\":\"https:\/\/wpguerssen-test.odoo.rgbconsulting.com\/wp-content\/uploads\/2022\/03\/20479.jpg\",\"datePublished\":\"2025-01-23T23:00:00+00:00\",\"dateModified\":\"2025-01-24T12:18:30+00:00\",\"description\":\"Vinyl reissue of Dauner's famous release 'Rischka's Soul'! Recorded in November, 1969 and first released as a so called private pressing the recordings had a second release nearly three years later on famous German label Brain (1016, 1972). Dauner with his strong sidemen Sigi Schwab, guitar and Eberhard Weber, bass and cello with two drummers (Braceful and Wittich) played cool jazz fusion with fluiding organ play from Dauner, sometimes heavy, sometimes dreamy and psychedelic guitar eruptions from master of guitar Sigi Schwab, tuneful and melodic and mostly straight on rhythms. LP comes with informative booklet\/insert and liner notes from Wolfgang Dauner himself.\",\"breadcrumb\":{\"@id\":\"https:\/\/wpguerssen-test.odoo.rgbconsulting.com\/es\/producto\/rischkas-soul\/#breadcrumb\"},\"inLanguage\":\"es\",\"potentialAction\":[{\"@type\":\"ReadAction\",\"target\":[\"https:\/\/wpguerssen-test.odoo.rgbconsulting.com\/es\/producto\/rischkas-soul\/\"]}]},{\"@type\":\"ImageObject\",\"inLanguage\":\"es\",\"@id\":\"https:\/\/wpguerssen-test.odoo.rgbconsulting.com\/es\/producto\/rischkas-soul\/#primaryimage\",\"url\":\"https:\/\/wpguerssen-test.odoo.rgbconsulting.com\/wp-content\/uploads\/2022\/03\/20479.jpg\",\"contentUrl\":\"https:\/\/wpguerssen-test.odoo.rgbconsulting.com\/wp-content\/uploads\/2022\/03\/20479.jpg\",\"width\":180,\"height\":180,\"caption\":\"Wolfgang - Group - - Rischka's Soul - LONG HAIR (LP) | Guerssen\"},{\"@type\":\"BreadcrumbList\",\"@id\":\"https:\/\/wpguerssen-test.odoo.rgbconsulting.com\/es\/producto\/rischkas-soul\/#breadcrumb\",\"itemListElement\":[{\"@type\":\"ListItem\",\"position\":1,\"name\":\"Inicio\",\"item\":\"https:\/\/wpguerssen-test.odoo.rgbconsulting.com\/es\/\"},{\"@type\":\"ListItem\",\"position\":2,\"name\":\"Shop\",\"item\":\"https:\/\/wpguerssen-test.odoo.rgbconsulting.com\/shop\/\"},{\"@type\":\"ListItem\",\"position\":3,\"name\":\"Rischka&#8217;s Soul\"}]},{\"@type\":\"WebSite\",\"@id\":\"https:\/\/wpguerssen-test.odoo.rgbconsulting.com\/es\/#website\",\"url\":\"https:\/\/wpguerssen-test.odoo.rgbconsulting.com\/es\/\",\"name\":\"Guerssen records\",\"description\":\"psychedelia - progressive - folk - garage \",\"publisher\":{\"@id\":\"https:\/\/wpguerssen-test.odoo.rgbconsulting.com\/es\/#organization\"},\"potentialAction\":[{\"@type\":\"SearchAction\",\"target\":{\"@type\":\"EntryPoint\",\"urlTemplate\":\"https:\/\/wpguerssen-test.odoo.rgbconsulting.com\/es\/?s={search_term_string}\"},\"query-input\":{\"@type\":\"PropertyValueSpecification\",\"valueRequired\":true,\"valueName\":\"search_term_string\"}}],\"inLanguage\":\"es\"},{\"@type\":\"Organization\",\"@id\":\"https:\/\/wpguerssen-test.odoo.rgbconsulting.com\/es\/#organization\",\"name\":\"Guerssen records\",\"url\":\"https:\/\/wpguerssen-test.odoo.rgbconsulting.com\/es\/\",\"logo\":{\"@type\":\"ImageObject\",\"inLanguage\":\"es\",\"@id\":\"https:\/\/wpguerssen-test.odoo.rgbconsulting.com\/es\/#\/schema\/logo\/image\/\",\"url\":\"https:\/\/wpguerssen-test.odoo.rgbconsulting.com\/wp-content\/uploads\/2022\/04\/Logo_Guerssen_trans_100.png\",\"contentUrl\":\"https:\/\/wpguerssen-test.odoo.rgbconsulting.com\/wp-content\/uploads\/2022\/04\/Logo_Guerssen_trans_100.png\",\"width\":122,\"height\":100,\"caption\":\"Guerssen records\"},\"image\":{\"@id\":\"https:\/\/wpguerssen-test.odoo.rgbconsulting.com\/es\/#\/schema\/logo\/image\/\"}}]}<\/script>\n<!-- \/ Yoast SEO plugin. -->","yoast_head_json":{"title":"DAUNER, Wolfgang - Group - - Rischka's Soul -  (LP) | Guerssen","description":"Vinyl reissue of Dauner's famous release 'Rischka's Soul'! Recorded in November, 1969 and first released as a so called private pressing the recordings had a second release nearly three years later on famous German label Brain (1016, 1972). Dauner with his strong sidemen Sigi Schwab, guitar and Eberhard Weber, bass and cello with two drummers (Braceful and Wittich) played cool jazz fusion with fluiding organ play from Dauner, sometimes heavy, sometimes dreamy and psychedelic guitar eruptions from master of guitar Sigi Schwab, tuneful and melodic and mostly straight on rhythms. LP comes with informative booklet\/insert and liner notes from Wolfgang Dauner himself.","robots":{"index":"index","follow":"follow","max-snippet":"max-snippet:-1","max-image-preview":"max-image-preview:large","max-video-preview":"max-video-preview:-1"},"canonical":"https:\/\/wpguerssen-test.odoo.rgbconsulting.com\/es\/producto\/rischkas-soul\/","og_locale":"es_ES","og_type":"article","og_title":"DAUNER, Wolfgang - Group - - Rischka's Soul -  (LP) | Guerssen","og_description":"Vinyl reissue of Dauner's famous release 'Rischka's Soul'! Recorded in November, 1969 and first released as a so called private pressing the recordings had a second release nearly three years later on famous German label Brain (1016, 1972). Dauner with his strong sidemen Sigi Schwab, guitar and Eberhard Weber, bass and cello with two drummers (Braceful and Wittich) played cool jazz fusion with fluiding organ play from Dauner, sometimes heavy, sometimes dreamy and psychedelic guitar eruptions from master of guitar Sigi Schwab, tuneful and melodic and mostly straight on rhythms. LP comes with informative booklet\/insert and liner notes from Wolfgang Dauner himself.","og_url":"https:\/\/wpguerssen-test.odoo.rgbconsulting.com\/es\/producto\/rischkas-soul\/","og_site_name":"Guerssen records","article_modified_time":"2025-01-24T12:18:30+00:00","og_image":[{"width":180,"height":180,"url":"https:\/\/wpguerssen-test.odoo.rgbconsulting.com\/wp-content\/uploads\/2022\/03\/20479.jpg","type":"image\/jpeg"}],"twitter_card":"summary_large_image","twitter_title":"DAUNER, Wolfgang - Group - - Rischka's Soul -  (LP) | Guerssen","schema":{"@context":"https:\/\/schema.org","@graph":[{"@type":"WebPage","@id":"https:\/\/wpguerssen-test.odoo.rgbconsulting.com\/es\/producto\/rischkas-soul\/","url":"https:\/\/wpguerssen-test.odoo.rgbconsulting.com\/es\/producto\/rischkas-soul\/","name":"DAUNER, Wolfgang - Group - - Rischka's Soul - (LP) | Guerssen","isPartOf":{"@id":"https:\/\/wpguerssen-test.odoo.rgbconsulting.com\/es\/#website"},"primaryImageOfPage":{"@id":"https:\/\/wpguerssen-test.odoo.rgbconsulting.com\/es\/producto\/rischkas-soul\/#primaryimage"},"image":{"@id":"https:\/\/wpguerssen-test.odoo.rgbconsulting.com\/es\/producto\/rischkas-soul\/#primaryimage"},"thumbnailUrl":"https:\/\/wpguerssen-test.odoo.rgbconsulting.com\/wp-content\/uploads\/2022\/03\/20479.jpg","datePublished":"2025-01-23T23:00:00+00:00","dateModified":"2025-01-24T12:18:30+00:00","description":"Vinyl reissue of Dauner's famous release 'Rischka's Soul'! Recorded in November, 1969 and first released as a so called private pressing the recordings had a second release nearly three years later on famous German label Brain (1016, 1972). Dauner with his strong sidemen Sigi Schwab, guitar and Eberhard Weber, bass and cello with two drummers (Braceful and Wittich) played cool jazz fusion with fluiding organ play from Dauner, sometimes heavy, sometimes dreamy and psychedelic guitar eruptions from master of guitar Sigi Schwab, tuneful and melodic and mostly straight on rhythms. LP comes with informative booklet\/insert and liner notes from Wolfgang Dauner himself.","breadcrumb":{"@id":"https:\/\/wpguerssen-test.odoo.rgbconsulting.com\/es\/producto\/rischkas-soul\/#breadcrumb"},"inLanguage":"es","potentialAction":[{"@type":"ReadAction","target":["https:\/\/wpguerssen-test.odoo.rgbconsulting.com\/es\/producto\/rischkas-soul\/"]}]},{"@type":"ImageObject","inLanguage":"es","@id":"https:\/\/wpguerssen-test.odoo.rgbconsulting.com\/es\/producto\/rischkas-soul\/#primaryimage","url":"https:\/\/wpguerssen-test.odoo.rgbconsulting.com\/wp-content\/uploads\/2022\/03\/20479.jpg","contentUrl":"https:\/\/wpguerssen-test.odoo.rgbconsulting.com\/wp-content\/uploads\/2022\/03\/20479.jpg","width":180,"height":180,"caption":"Wolfgang - Group - - Rischka's Soul - LONG HAIR (LP) | Guerssen"},{"@type":"BreadcrumbList","@id":"https:\/\/wpguerssen-test.odoo.rgbconsulting.com\/es\/producto\/rischkas-soul\/#breadcrumb","itemListElement":[{"@type":"ListItem","position":1,"name":"Inicio","item":"https:\/\/wpguerssen-test.odoo.rgbconsulting.com\/es\/"},{"@type":"ListItem","position":2,"name":"Shop","item":"https:\/\/wpguerssen-test.odoo.rgbconsulting.com\/shop\/"},{"@type":"ListItem","position":3,"name":"Rischka&#8217;s Soul"}]},{"@type":"WebSite","@id":"https:\/\/wpguerssen-test.odoo.rgbconsulting.com\/es\/#website","url":"https:\/\/wpguerssen-test.odoo.rgbconsulting.com\/es\/","name":"Guerssen records","description":"psychedelia - progressive - folk - garage ","publisher":{"@id":"https:\/\/wpguerssen-test.odoo.rgbconsulting.com\/es\/#organization"},"potentialAction":[{"@type":"SearchAction","target":{"@type":"EntryPoint","urlTemplate":"https:\/\/wpguerssen-test.odoo.rgbconsulting.com\/es\/?s={search_term_string}"},"query-input":{"@type":"PropertyValueSpecification","valueRequired":true,"valueName":"search_term_string"}}],"inLanguage":"es"},{"@type":"Organization","@id":"https:\/\/wpguerssen-test.odoo.rgbconsulting.com\/es\/#organization","name":"Guerssen records","url":"https:\/\/wpguerssen-test.odoo.rgbconsulting.com\/es\/","logo":{"@type":"ImageObject","inLanguage":"es","@id":"https:\/\/wpguerssen-test.odoo.rgbconsulting.com\/es\/#\/schema\/logo\/image\/","url":"https:\/\/wpguerssen-test.odoo.rgbconsulting.com\/wp-content\/uploads\/2022\/04\/Logo_Guerssen_trans_100.png","contentUrl":"https:\/\/wpguerssen-test.odoo.rgbconsulting.com\/wp-content\/uploads\/2022\/04\/Logo_Guerssen_trans_100.png","width":122,"height":100,"caption":"Guerssen records"},"image":{"@id":"https:\/\/wpguerssen-test.odoo.rgbconsulting.com\/es\/#\/schema\/logo\/image\/"}}]}},"_links":{"self":[{"href":"https:\/\/wpguerssen-test.odoo.rgbconsulting.com\/es\/wp-json\/wp\/v2\/product\/179858","targetHints":{"allow":["GET"]}}],"collection":[{"href":"https:\/\/wpguerssen-test.odoo.rgbconsulting.com\/es\/wp-json\/wp\/v2\/product"}],"about":[{"href":"https:\/\/wpguerssen-test.odoo.rgbconsulting.com\/es\/wp-json\/wp\/v2\/types\/product"}],"wp:featuredmedia":[{"embeddable":true,"href":"https:\/\/wpguerssen-test.odoo.rgbconsulting.com\/es\/wp-json\/wp\/v2\/media\/116717"}],"wp:attachment":[{"href":"https:\/\/wpguerssen-test.odoo.rgbconsulting.com\/es\/wp-json\/wp\/v2\/media?parent=179858"}],"wp:term":[{"taxonomy":"product_brand","embeddable":true,"href":"https:\/\/wpguerssen-test.odoo.rgbconsulting.com\/es\/wp-json\/wp\/v2\/product_brand?post=179858"},{"taxonomy":"product_cat","embeddable":true,"href":"https:\/\/wpguerssen-test.odoo.rgbconsulting.com\/es\/wp-json\/wp\/v2\/product_cat?post=179858"},{"taxonomy":"product_tag","embeddable":true,"href":"https:\/\/wpguerssen-test.odoo.rgbconsulting.com\/es\/wp-json\/wp\/v2\/product_tag?post=179858"}],"curies":[{"name":"wp","href":"https:\/\/api.w.org\/{rel}","templated":true}]}}