{"id":179891,"date":"2015-08-25T00:00:00","date_gmt":"2015-08-24T22:00:00","guid":{"rendered":"http:\/\/guerssen.hl1097.dinaserver.com\/product\/singles-overview-1974-1977-cd\/"},"modified":"2025-04-22T15:46:49","modified_gmt":"2025-04-22T13:46:49","slug":"singles-overview-1974-1977-cd","status":"publish","type":"product","link":"https:\/\/wpguerssen-test.odoo.rgbconsulting.com\/es\/producto\/singles-overview-1974-1977-cd\/","title":{"rendered":"Singles Overview 1974-1977 (CD)"},"content":{"rendered":"<p>Recopilaci\u00f3n con los momentos m\u00e1s psicod\u00e9licos extra\u00eddos de singles, 1974-1977, de esta bestia del Anatolian Rock. Alucinante mezcla de ritmos e instrumentos ex\u00f3ticos con guitarras fuzz, teclados, efectos y dura secci\u00f3n r\u00edtmica, Imprescindible si te va Erkin Koray o Baris Manco! Sonido remasterizado, portada a color, booklet con fotos y notas por Angela Sawyer (Weirdo Records). <\/p>\n<p> Tracklist: <\/p>\n<p> Affetmem Seni (1976)  &#8211; Garip (1974) &#8211; Gam \u00dcst\u00fcne Gam Yapilir (1975) &#8211; Zalim Zalim (1976) &#8211; Sen A\u00e7tin Yarayi (1977) &#8211; Aldirma G\u00f6n\u00fcl Aldirma (1977) &#8211; Kahpe Felek (1976)<\/p>\n","protected":false},"excerpt":{"rendered":"<p>Recopilaci\u00f3n con los momentos m\u00e1s psicod\u00e9licos extra\u00eddos de singles, 1974-1977, de esta bestia del Anatolian Rock. Alucinante mezcla de ritmos e instrumentos ex\u00f3ticos<a class=\"read\" href=\"https:\/\/wpguerssen-test.odoo.rgbconsulting.com\/es\/producto\/singles-overview-1974-1977-cd\/\"> (...)<\/a>","protected":false},"featured_media":116779,"template":"","meta":{"_acf_changed":false},"product_brand":[],"product_cat":[21639,23219],"product_tag":[29138,24190],"class_list":{"0":"post-179891","1":"product","2":"type-product","3":"status-publish","4":"has-post-thumbnail","6":"product_cat-psychedelic60s-70s-es","7":"product_cat-funk-es","8":"product_tag-cd-es","9":"product_tag-sales-es","10":"pa_artist-akbayram-edip-ve-dostlar-es","11":"pa_format-cd-2-es","12":"pa_gender-psychedelic60s-70s-funk","13":"pa_label-pharaway-sounds-es","14":"pa_location-eastern-es","16":"first","17":"instock","18":"taxable","19":"shipping-taxable","20":"purchasable","21":"product-type-simple"},"acf":[],"yoast_head":"<!-- This site is optimized with the Yoast SEO plugin v24.9 - https:\/\/yoast.com\/wordpress\/plugins\/seo\/ -->\n<title>AKBAYRAM, Edip Ve DOSTLAR - Singles Overview 1974-1977 (CD) -  (CD) | Guerssen<\/title>\n<meta name=\"description\" content=\"Keep one hand on your baglama, bub! #nl# B-sides from hard to find 45s that never made onto albums during singer Edip Akbayram&#039;s psychedelic period with the awesome Dostlar as backing band. #nl# A tiny guy with a great big, easy, open voice, Akbayram glues together disparate arrangements that put ridiculous analog synthesizers up next to mystic poetry that&#039;s hundreds of years old. Anatolian melodies are enveloped by western touches, like breakdowns for cosmic whispering, slammin&#039; organ, or wild phasing effects on folk instruments that were never meant to support them. #nl# Remastered sound #nl# Insert \/ Booklet with liner notes by Angela Sawyer (Weirdo Records) and photos #nl# Tracklist: #nl# Affetmem Seni (1976) - Garip (1974) - Gam \u00dcst\u00fcne Gam Yap?l?r (1975) - Zalim Zalim (1976) - Sen A\u00e7t?n Yaray? (1977) - Ald?rma G\u00f6n\u00fcl Ald?rma (1977) - Kahpe Felek (1976)\" \/>\n<meta name=\"robots\" content=\"index, follow, max-snippet:-1, max-image-preview:large, max-video-preview:-1\" \/>\n<link rel=\"canonical\" href=\"https:\/\/wpguerssen-test.odoo.rgbconsulting.com\/es\/producto\/singles-overview-1974-1977-cd\/\" \/>\n<meta property=\"og:locale\" content=\"es_ES\" \/>\n<meta property=\"og:type\" content=\"article\" \/>\n<meta property=\"og:title\" content=\"AKBAYRAM, Edip Ve DOSTLAR - Singles Overview 1974-1977 (CD) -  (CD) | Guerssen\" \/>\n<meta property=\"og:description\" content=\"Keep one hand on your baglama, bub! #nl# B-sides from hard to find 45s that never made onto albums during singer Edip Akbayram&#039;s psychedelic period with the awesome Dostlar as backing band. #nl# A tiny guy with a great big, easy, open voice, Akbayram glues together disparate arrangements that put ridiculous analog synthesizers up next to mystic poetry that&#039;s hundreds of years old. Anatolian melodies are enveloped by western touches, like breakdowns for cosmic whispering, slammin&#039; organ, or wild phasing effects on folk instruments that were never meant to support them. #nl# Remastered sound #nl# Insert \/ Booklet with liner notes by Angela Sawyer (Weirdo Records) and photos #nl# Tracklist: #nl# Affetmem Seni (1976) - Garip (1974) - Gam \u00dcst\u00fcne Gam Yap?l?r (1975) - Zalim Zalim (1976) - Sen A\u00e7t?n Yaray? (1977) - Ald?rma G\u00f6n\u00fcl Ald?rma (1977) - Kahpe Felek (1976)\" \/>\n<meta property=\"og:url\" content=\"https:\/\/wpguerssen-test.odoo.rgbconsulting.com\/es\/producto\/singles-overview-1974-1977-cd\/\" \/>\n<meta property=\"og:site_name\" content=\"Guerssen records\" \/>\n<meta property=\"article:modified_time\" content=\"2025-04-22T13:46:49+00:00\" \/>\n<meta property=\"og:image\" content=\"https:\/\/wpguerssen-test.odoo.rgbconsulting.com\/wp-content\/uploads\/2022\/03\/20875.jpg\" \/>\n\t<meta property=\"og:image:width\" content=\"469\" \/>\n\t<meta property=\"og:image:height\" content=\"469\" \/>\n\t<meta property=\"og:image:type\" content=\"image\/jpeg\" \/>\n<meta name=\"twitter:card\" content=\"summary_large_image\" \/>\n<meta name=\"twitter:title\" content=\"AKBAYRAM, Edip Ve DOSTLAR - Singles Overview 1974-1977 (CD) -  (CD) | Guerssen\" \/>\n<script type=\"application\/ld+json\" class=\"yoast-schema-graph\">{\"@context\":\"https:\/\/schema.org\",\"@graph\":[{\"@type\":\"WebPage\",\"@id\":\"https:\/\/wpguerssen-test.odoo.rgbconsulting.com\/es\/producto\/singles-overview-1974-1977-cd\/\",\"url\":\"https:\/\/wpguerssen-test.odoo.rgbconsulting.com\/es\/producto\/singles-overview-1974-1977-cd\/\",\"name\":\"AKBAYRAM, Edip Ve DOSTLAR - Singles Overview 1974-1977 (CD) - (CD) | Guerssen\",\"isPartOf\":{\"@id\":\"https:\/\/wpguerssen-test.odoo.rgbconsulting.com\/es\/#website\"},\"primaryImageOfPage\":{\"@id\":\"https:\/\/wpguerssen-test.odoo.rgbconsulting.com\/es\/producto\/singles-overview-1974-1977-cd\/#primaryimage\"},\"image\":{\"@id\":\"https:\/\/wpguerssen-test.odoo.rgbconsulting.com\/es\/producto\/singles-overview-1974-1977-cd\/#primaryimage\"},\"thumbnailUrl\":\"https:\/\/wpguerssen-test.odoo.rgbconsulting.com\/wp-content\/uploads\/2022\/03\/20875.jpg\",\"datePublished\":\"2015-08-24T22:00:00+00:00\",\"dateModified\":\"2025-04-22T13:46:49+00:00\",\"description\":\"Keep one hand on your baglama, bub! #nl# B-sides from hard to find 45s that never made onto albums during singer Edip Akbayram's psychedelic period with the awesome Dostlar as backing band. #nl# A tiny guy with a great big, easy, open voice, Akbayram glues together disparate arrangements that put ridiculous analog synthesizers up next to mystic poetry that's hundreds of years old. Anatolian melodies are enveloped by western touches, like breakdowns for cosmic whispering, slammin' organ, or wild phasing effects on folk instruments that were never meant to support them. #nl# Remastered sound #nl# Insert \/ Booklet with liner notes by Angela Sawyer (Weirdo Records) and photos #nl# Tracklist: #nl# Affetmem Seni (1976) - Garip (1974) - Gam \u00dcst\u00fcne Gam Yap?l?r (1975) - Zalim Zalim (1976) - Sen A\u00e7t?n Yaray? (1977) - Ald?rma G\u00f6n\u00fcl Ald?rma (1977) - Kahpe Felek (1976)\",\"breadcrumb\":{\"@id\":\"https:\/\/wpguerssen-test.odoo.rgbconsulting.com\/es\/producto\/singles-overview-1974-1977-cd\/#breadcrumb\"},\"inLanguage\":\"es\",\"potentialAction\":[{\"@type\":\"ReadAction\",\"target\":[\"https:\/\/wpguerssen-test.odoo.rgbconsulting.com\/es\/producto\/singles-overview-1974-1977-cd\/\"]}]},{\"@type\":\"ImageObject\",\"inLanguage\":\"es\",\"@id\":\"https:\/\/wpguerssen-test.odoo.rgbconsulting.com\/es\/producto\/singles-overview-1974-1977-cd\/#primaryimage\",\"url\":\"https:\/\/wpguerssen-test.odoo.rgbconsulting.com\/wp-content\/uploads\/2022\/03\/20875.jpg\",\"contentUrl\":\"https:\/\/wpguerssen-test.odoo.rgbconsulting.com\/wp-content\/uploads\/2022\/03\/20875.jpg\",\"width\":469,\"height\":469,\"caption\":\"Edip Ve DOSTLAR - Singles Overview 1974-1977 (CD) - PHARAWAY SOUNDS (CD) | Guerssen\"},{\"@type\":\"BreadcrumbList\",\"@id\":\"https:\/\/wpguerssen-test.odoo.rgbconsulting.com\/es\/producto\/singles-overview-1974-1977-cd\/#breadcrumb\",\"itemListElement\":[{\"@type\":\"ListItem\",\"position\":1,\"name\":\"Inicio\",\"item\":\"https:\/\/wpguerssen-test.odoo.rgbconsulting.com\/es\/\"},{\"@type\":\"ListItem\",\"position\":2,\"name\":\"Shop\",\"item\":\"https:\/\/wpguerssen-test.odoo.rgbconsulting.com\/shop\/\"},{\"@type\":\"ListItem\",\"position\":3,\"name\":\"Singles Overview 1974-1977 (CD)\"}]},{\"@type\":\"WebSite\",\"@id\":\"https:\/\/wpguerssen-test.odoo.rgbconsulting.com\/es\/#website\",\"url\":\"https:\/\/wpguerssen-test.odoo.rgbconsulting.com\/es\/\",\"name\":\"Guerssen records\",\"description\":\"psychedelia - progressive - folk - garage \",\"publisher\":{\"@id\":\"https:\/\/wpguerssen-test.odoo.rgbconsulting.com\/es\/#organization\"},\"potentialAction\":[{\"@type\":\"SearchAction\",\"target\":{\"@type\":\"EntryPoint\",\"urlTemplate\":\"https:\/\/wpguerssen-test.odoo.rgbconsulting.com\/es\/?s={search_term_string}\"},\"query-input\":{\"@type\":\"PropertyValueSpecification\",\"valueRequired\":true,\"valueName\":\"search_term_string\"}}],\"inLanguage\":\"es\"},{\"@type\":\"Organization\",\"@id\":\"https:\/\/wpguerssen-test.odoo.rgbconsulting.com\/es\/#organization\",\"name\":\"Guerssen records\",\"url\":\"https:\/\/wpguerssen-test.odoo.rgbconsulting.com\/es\/\",\"logo\":{\"@type\":\"ImageObject\",\"inLanguage\":\"es\",\"@id\":\"https:\/\/wpguerssen-test.odoo.rgbconsulting.com\/es\/#\/schema\/logo\/image\/\",\"url\":\"https:\/\/wpguerssen-test.odoo.rgbconsulting.com\/wp-content\/uploads\/2022\/04\/Logo_Guerssen_trans_100.png\",\"contentUrl\":\"https:\/\/wpguerssen-test.odoo.rgbconsulting.com\/wp-content\/uploads\/2022\/04\/Logo_Guerssen_trans_100.png\",\"width\":122,\"height\":100,\"caption\":\"Guerssen records\"},\"image\":{\"@id\":\"https:\/\/wpguerssen-test.odoo.rgbconsulting.com\/es\/#\/schema\/logo\/image\/\"}}]}<\/script>\n<!-- \/ Yoast SEO plugin. -->","yoast_head_json":{"title":"AKBAYRAM, Edip Ve DOSTLAR - Singles Overview 1974-1977 (CD) -  (CD) | Guerssen","description":"Keep one hand on your baglama, bub! #nl# B-sides from hard to find 45s that never made onto albums during singer Edip Akbayram's psychedelic period with the awesome Dostlar as backing band. #nl# A tiny guy with a great big, easy, open voice, Akbayram glues together disparate arrangements that put ridiculous analog synthesizers up next to mystic poetry that's hundreds of years old. Anatolian melodies are enveloped by western touches, like breakdowns for cosmic whispering, slammin' organ, or wild phasing effects on folk instruments that were never meant to support them. #nl# Remastered sound #nl# Insert \/ Booklet with liner notes by Angela Sawyer (Weirdo Records) and photos #nl# Tracklist: #nl# Affetmem Seni (1976) - Garip (1974) - Gam \u00dcst\u00fcne Gam Yap?l?r (1975) - Zalim Zalim (1976) - Sen A\u00e7t?n Yaray? (1977) - Ald?rma G\u00f6n\u00fcl Ald?rma (1977) - Kahpe Felek (1976)","robots":{"index":"index","follow":"follow","max-snippet":"max-snippet:-1","max-image-preview":"max-image-preview:large","max-video-preview":"max-video-preview:-1"},"canonical":"https:\/\/wpguerssen-test.odoo.rgbconsulting.com\/es\/producto\/singles-overview-1974-1977-cd\/","og_locale":"es_ES","og_type":"article","og_title":"AKBAYRAM, Edip Ve DOSTLAR - Singles Overview 1974-1977 (CD) -  (CD) | Guerssen","og_description":"Keep one hand on your baglama, bub! #nl# B-sides from hard to find 45s that never made onto albums during singer Edip Akbayram's psychedelic period with the awesome Dostlar as backing band. #nl# A tiny guy with a great big, easy, open voice, Akbayram glues together disparate arrangements that put ridiculous analog synthesizers up next to mystic poetry that's hundreds of years old. Anatolian melodies are enveloped by western touches, like breakdowns for cosmic whispering, slammin' organ, or wild phasing effects on folk instruments that were never meant to support them. #nl# Remastered sound #nl# Insert \/ Booklet with liner notes by Angela Sawyer (Weirdo Records) and photos #nl# Tracklist: #nl# Affetmem Seni (1976) - Garip (1974) - Gam \u00dcst\u00fcne Gam Yap?l?r (1975) - Zalim Zalim (1976) - Sen A\u00e7t?n Yaray? (1977) - Ald?rma G\u00f6n\u00fcl Ald?rma (1977) - Kahpe Felek (1976)","og_url":"https:\/\/wpguerssen-test.odoo.rgbconsulting.com\/es\/producto\/singles-overview-1974-1977-cd\/","og_site_name":"Guerssen records","article_modified_time":"2025-04-22T13:46:49+00:00","og_image":[{"width":469,"height":469,"url":"https:\/\/wpguerssen-test.odoo.rgbconsulting.com\/wp-content\/uploads\/2022\/03\/20875.jpg","type":"image\/jpeg"}],"twitter_card":"summary_large_image","twitter_title":"AKBAYRAM, Edip Ve DOSTLAR - Singles Overview 1974-1977 (CD) -  (CD) | Guerssen","schema":{"@context":"https:\/\/schema.org","@graph":[{"@type":"WebPage","@id":"https:\/\/wpguerssen-test.odoo.rgbconsulting.com\/es\/producto\/singles-overview-1974-1977-cd\/","url":"https:\/\/wpguerssen-test.odoo.rgbconsulting.com\/es\/producto\/singles-overview-1974-1977-cd\/","name":"AKBAYRAM, Edip Ve DOSTLAR - Singles Overview 1974-1977 (CD) - (CD) | Guerssen","isPartOf":{"@id":"https:\/\/wpguerssen-test.odoo.rgbconsulting.com\/es\/#website"},"primaryImageOfPage":{"@id":"https:\/\/wpguerssen-test.odoo.rgbconsulting.com\/es\/producto\/singles-overview-1974-1977-cd\/#primaryimage"},"image":{"@id":"https:\/\/wpguerssen-test.odoo.rgbconsulting.com\/es\/producto\/singles-overview-1974-1977-cd\/#primaryimage"},"thumbnailUrl":"https:\/\/wpguerssen-test.odoo.rgbconsulting.com\/wp-content\/uploads\/2022\/03\/20875.jpg","datePublished":"2015-08-24T22:00:00+00:00","dateModified":"2025-04-22T13:46:49+00:00","description":"Keep one hand on your baglama, bub! #nl# B-sides from hard to find 45s that never made onto albums during singer Edip Akbayram's psychedelic period with the awesome Dostlar as backing band. #nl# A tiny guy with a great big, easy, open voice, Akbayram glues together disparate arrangements that put ridiculous analog synthesizers up next to mystic poetry that's hundreds of years old. Anatolian melodies are enveloped by western touches, like breakdowns for cosmic whispering, slammin' organ, or wild phasing effects on folk instruments that were never meant to support them. #nl# Remastered sound #nl# Insert \/ Booklet with liner notes by Angela Sawyer (Weirdo Records) and photos #nl# Tracklist: #nl# Affetmem Seni (1976) - Garip (1974) - Gam \u00dcst\u00fcne Gam Yap?l?r (1975) - Zalim Zalim (1976) - Sen A\u00e7t?n Yaray? (1977) - Ald?rma G\u00f6n\u00fcl Ald?rma (1977) - Kahpe Felek (1976)","breadcrumb":{"@id":"https:\/\/wpguerssen-test.odoo.rgbconsulting.com\/es\/producto\/singles-overview-1974-1977-cd\/#breadcrumb"},"inLanguage":"es","potentialAction":[{"@type":"ReadAction","target":["https:\/\/wpguerssen-test.odoo.rgbconsulting.com\/es\/producto\/singles-overview-1974-1977-cd\/"]}]},{"@type":"ImageObject","inLanguage":"es","@id":"https:\/\/wpguerssen-test.odoo.rgbconsulting.com\/es\/producto\/singles-overview-1974-1977-cd\/#primaryimage","url":"https:\/\/wpguerssen-test.odoo.rgbconsulting.com\/wp-content\/uploads\/2022\/03\/20875.jpg","contentUrl":"https:\/\/wpguerssen-test.odoo.rgbconsulting.com\/wp-content\/uploads\/2022\/03\/20875.jpg","width":469,"height":469,"caption":"Edip Ve DOSTLAR - Singles Overview 1974-1977 (CD) - PHARAWAY SOUNDS (CD) | Guerssen"},{"@type":"BreadcrumbList","@id":"https:\/\/wpguerssen-test.odoo.rgbconsulting.com\/es\/producto\/singles-overview-1974-1977-cd\/#breadcrumb","itemListElement":[{"@type":"ListItem","position":1,"name":"Inicio","item":"https:\/\/wpguerssen-test.odoo.rgbconsulting.com\/es\/"},{"@type":"ListItem","position":2,"name":"Shop","item":"https:\/\/wpguerssen-test.odoo.rgbconsulting.com\/shop\/"},{"@type":"ListItem","position":3,"name":"Singles Overview 1974-1977 (CD)"}]},{"@type":"WebSite","@id":"https:\/\/wpguerssen-test.odoo.rgbconsulting.com\/es\/#website","url":"https:\/\/wpguerssen-test.odoo.rgbconsulting.com\/es\/","name":"Guerssen records","description":"psychedelia - progressive - folk - garage ","publisher":{"@id":"https:\/\/wpguerssen-test.odoo.rgbconsulting.com\/es\/#organization"},"potentialAction":[{"@type":"SearchAction","target":{"@type":"EntryPoint","urlTemplate":"https:\/\/wpguerssen-test.odoo.rgbconsulting.com\/es\/?s={search_term_string}"},"query-input":{"@type":"PropertyValueSpecification","valueRequired":true,"valueName":"search_term_string"}}],"inLanguage":"es"},{"@type":"Organization","@id":"https:\/\/wpguerssen-test.odoo.rgbconsulting.com\/es\/#organization","name":"Guerssen records","url":"https:\/\/wpguerssen-test.odoo.rgbconsulting.com\/es\/","logo":{"@type":"ImageObject","inLanguage":"es","@id":"https:\/\/wpguerssen-test.odoo.rgbconsulting.com\/es\/#\/schema\/logo\/image\/","url":"https:\/\/wpguerssen-test.odoo.rgbconsulting.com\/wp-content\/uploads\/2022\/04\/Logo_Guerssen_trans_100.png","contentUrl":"https:\/\/wpguerssen-test.odoo.rgbconsulting.com\/wp-content\/uploads\/2022\/04\/Logo_Guerssen_trans_100.png","width":122,"height":100,"caption":"Guerssen records"},"image":{"@id":"https:\/\/wpguerssen-test.odoo.rgbconsulting.com\/es\/#\/schema\/logo\/image\/"}}]}},"_links":{"self":[{"href":"https:\/\/wpguerssen-test.odoo.rgbconsulting.com\/es\/wp-json\/wp\/v2\/product\/179891","targetHints":{"allow":["GET"]}}],"collection":[{"href":"https:\/\/wpguerssen-test.odoo.rgbconsulting.com\/es\/wp-json\/wp\/v2\/product"}],"about":[{"href":"https:\/\/wpguerssen-test.odoo.rgbconsulting.com\/es\/wp-json\/wp\/v2\/types\/product"}],"wp:featuredmedia":[{"embeddable":true,"href":"https:\/\/wpguerssen-test.odoo.rgbconsulting.com\/es\/wp-json\/wp\/v2\/media\/116779"}],"wp:attachment":[{"href":"https:\/\/wpguerssen-test.odoo.rgbconsulting.com\/es\/wp-json\/wp\/v2\/media?parent=179891"}],"wp:term":[{"taxonomy":"product_brand","embeddable":true,"href":"https:\/\/wpguerssen-test.odoo.rgbconsulting.com\/es\/wp-json\/wp\/v2\/product_brand?post=179891"},{"taxonomy":"product_cat","embeddable":true,"href":"https:\/\/wpguerssen-test.odoo.rgbconsulting.com\/es\/wp-json\/wp\/v2\/product_cat?post=179891"},{"taxonomy":"product_tag","embeddable":true,"href":"https:\/\/wpguerssen-test.odoo.rgbconsulting.com\/es\/wp-json\/wp\/v2\/product_tag?post=179891"}],"curies":[{"name":"wp","href":"https:\/\/api.w.org\/{rel}","templated":true}]}}