{"id":180043,"date":"2025-01-24T00:00:00","date_gmt":"2025-01-23T23:00:00","guid":{"rendered":"http:\/\/guerssen.hl1097.dinaserver.com\/product\/with-joe-beck\/"},"modified":"2025-04-07T15:53:43","modified_gmt":"2025-04-07T13:53:43","slug":"with-joe-beck","status":"publish","type":"product","link":"https:\/\/wpguerssen-test.odoo.rgbconsulting.com\/es\/producto\/with-joe-beck\/","title":{"rendered":"With Joe Beck"},"content":{"rendered":"<p>Una espl\u00e9ndida primera reedici\u00f3n en vinilo de un notable \u00e1lbum de 1970, publicado originalmente por Polydor. La leyenda espa\u00f1ola Sabicas combin\u00f3 estilos flamencos tradicionales con elementos de rock psicod\u00e9lico y progresivo, con resultados extremadamente sabrosos. En este LP, Sabicas se une al extraordinario guitarrista de jazzrock Joe Beck, el baterista Donald MacDonald, Warren Bernhardt al \u00f3rgano y Tony Levin al bajo. Este lanzamiento viene con sonido remasterizado (de las cintas maestras) y un insert informativo.<\/p>\n","protected":false},"excerpt":{"rendered":"<p>Una espl\u00e9ndida primera reedici\u00f3n en vinilo de un notable \u00e1lbum de 1970, publicado originalmente por Polydor. La leyenda espa\u00f1ola Sabicas combin\u00f3 estilos flamencos<a class=\"read\" href=\"https:\/\/wpguerssen-test.odoo.rgbconsulting.com\/es\/producto\/with-joe-beck\/\"> (...)<\/a>","protected":false},"featured_media":117052,"template":"","meta":{"_acf_changed":false},"product_brand":[],"product_cat":[23229,23269],"product_tag":[24185],"class_list":{"0":"post-180043","1":"product","2":"type-product","3":"status-publish","4":"has-post-thumbnail","6":"product_cat-jazz-rock-es","7":"product_cat-flamenco-world-music-es","8":"product_tag-de-nuevo-en-existencia","9":"pa_artist-sabicas-rock-encounter-es-2","10":"pa_format-lp-es","11":"pa_gender-flamenco-world-music-jazz-rock","12":"pa_label-long-hair-es","13":"pa_location-spain-es","14":"pa_other-filters-vinyl-only-es","16":"first","17":"instock","18":"taxable","19":"shipping-taxable","20":"purchasable","21":"product-type-simple"},"acf":[],"yoast_head":"<!-- This site is optimized with the Yoast SEO plugin v24.9 - https:\/\/yoast.com\/wordpress\/plugins\/seo\/ -->\n<title>SABICAS ROCK ENCOUNTER - With Joe Beck -  (LP) | Guerssen<\/title>\n<meta name=\"description\" content=\"A splendid first ever vinyl reissue of a remarkable album from 1970, originally issued by Polydor. Spanish legend Sabicas combined traditional flamenco stylings with elements of psychedelic and progressive rock, with extremely tastful results. On this LP Sabicas is joined by jazzrock guitarist extraordinaire Joe Beck, drummer Donald MacDonald, Warren Bernhardt on organ, and Tony Levin on bass. This release comes with remastered sound (from the mastertapes) and an informative insert.\" \/>\n<meta name=\"robots\" content=\"index, follow, max-snippet:-1, max-image-preview:large, max-video-preview:-1\" \/>\n<link rel=\"canonical\" href=\"https:\/\/wpguerssen-test.odoo.rgbconsulting.com\/es\/producto\/with-joe-beck\/\" \/>\n<meta property=\"og:locale\" content=\"es_ES\" \/>\n<meta property=\"og:type\" content=\"article\" \/>\n<meta property=\"og:title\" content=\"SABICAS ROCK ENCOUNTER - With Joe Beck -  (LP) | Guerssen\" \/>\n<meta property=\"og:description\" content=\"A splendid first ever vinyl reissue of a remarkable album from 1970, originally issued by Polydor. Spanish legend Sabicas combined traditional flamenco stylings with elements of psychedelic and progressive rock, with extremely tastful results. On this LP Sabicas is joined by jazzrock guitarist extraordinaire Joe Beck, drummer Donald MacDonald, Warren Bernhardt on organ, and Tony Levin on bass. This release comes with remastered sound (from the mastertapes) and an informative insert.\" \/>\n<meta property=\"og:url\" content=\"https:\/\/wpguerssen-test.odoo.rgbconsulting.com\/es\/producto\/with-joe-beck\/\" \/>\n<meta property=\"og:site_name\" content=\"Guerssen records\" \/>\n<meta property=\"article:modified_time\" content=\"2025-04-07T13:53:43+00:00\" \/>\n<meta property=\"og:image\" content=\"https:\/\/wpguerssen-test.odoo.rgbconsulting.com\/wp-content\/uploads\/2022\/03\/21445.jpg\" \/>\n\t<meta property=\"og:image:width\" content=\"180\" \/>\n\t<meta property=\"og:image:height\" content=\"180\" \/>\n\t<meta property=\"og:image:type\" content=\"image\/jpeg\" \/>\n<meta name=\"twitter:card\" content=\"summary_large_image\" \/>\n<meta name=\"twitter:title\" content=\"SABICAS ROCK ENCOUNTER - With Joe Beck -  (LP) | Guerssen\" \/>\n<script type=\"application\/ld+json\" class=\"yoast-schema-graph\">{\"@context\":\"https:\/\/schema.org\",\"@graph\":[{\"@type\":\"WebPage\",\"@id\":\"https:\/\/wpguerssen-test.odoo.rgbconsulting.com\/es\/producto\/with-joe-beck\/\",\"url\":\"https:\/\/wpguerssen-test.odoo.rgbconsulting.com\/es\/producto\/with-joe-beck\/\",\"name\":\"SABICAS ROCK ENCOUNTER - With Joe Beck - (LP) | Guerssen\",\"isPartOf\":{\"@id\":\"https:\/\/wpguerssen-test.odoo.rgbconsulting.com\/es\/#website\"},\"primaryImageOfPage\":{\"@id\":\"https:\/\/wpguerssen-test.odoo.rgbconsulting.com\/es\/producto\/with-joe-beck\/#primaryimage\"},\"image\":{\"@id\":\"https:\/\/wpguerssen-test.odoo.rgbconsulting.com\/es\/producto\/with-joe-beck\/#primaryimage\"},\"thumbnailUrl\":\"https:\/\/wpguerssen-test.odoo.rgbconsulting.com\/wp-content\/uploads\/2022\/03\/21445.jpg\",\"datePublished\":\"2025-01-23T23:00:00+00:00\",\"dateModified\":\"2025-04-07T13:53:43+00:00\",\"description\":\"A splendid first ever vinyl reissue of a remarkable album from 1970, originally issued by Polydor. Spanish legend Sabicas combined traditional flamenco stylings with elements of psychedelic and progressive rock, with extremely tastful results. On this LP Sabicas is joined by jazzrock guitarist extraordinaire Joe Beck, drummer Donald MacDonald, Warren Bernhardt on organ, and Tony Levin on bass. This release comes with remastered sound (from the mastertapes) and an informative insert.\",\"breadcrumb\":{\"@id\":\"https:\/\/wpguerssen-test.odoo.rgbconsulting.com\/es\/producto\/with-joe-beck\/#breadcrumb\"},\"inLanguage\":\"es\",\"potentialAction\":[{\"@type\":\"ReadAction\",\"target\":[\"https:\/\/wpguerssen-test.odoo.rgbconsulting.com\/es\/producto\/with-joe-beck\/\"]}]},{\"@type\":\"ImageObject\",\"inLanguage\":\"es\",\"@id\":\"https:\/\/wpguerssen-test.odoo.rgbconsulting.com\/es\/producto\/with-joe-beck\/#primaryimage\",\"url\":\"https:\/\/wpguerssen-test.odoo.rgbconsulting.com\/wp-content\/uploads\/2022\/03\/21445.jpg\",\"contentUrl\":\"https:\/\/wpguerssen-test.odoo.rgbconsulting.com\/wp-content\/uploads\/2022\/03\/21445.jpg\",\"width\":180,\"height\":180,\"caption\":\"SABICAS ROCK ENCOUNTER - With Joe Beck - LONG HAIR (LP) | Guerssen\"},{\"@type\":\"BreadcrumbList\",\"@id\":\"https:\/\/wpguerssen-test.odoo.rgbconsulting.com\/es\/producto\/with-joe-beck\/#breadcrumb\",\"itemListElement\":[{\"@type\":\"ListItem\",\"position\":1,\"name\":\"Inicio\",\"item\":\"https:\/\/wpguerssen-test.odoo.rgbconsulting.com\/es\/\"},{\"@type\":\"ListItem\",\"position\":2,\"name\":\"Shop\",\"item\":\"https:\/\/wpguerssen-test.odoo.rgbconsulting.com\/shop\/\"},{\"@type\":\"ListItem\",\"position\":3,\"name\":\"With Joe Beck\"}]},{\"@type\":\"WebSite\",\"@id\":\"https:\/\/wpguerssen-test.odoo.rgbconsulting.com\/es\/#website\",\"url\":\"https:\/\/wpguerssen-test.odoo.rgbconsulting.com\/es\/\",\"name\":\"Guerssen records\",\"description\":\"psychedelia - progressive - folk - garage \",\"publisher\":{\"@id\":\"https:\/\/wpguerssen-test.odoo.rgbconsulting.com\/es\/#organization\"},\"potentialAction\":[{\"@type\":\"SearchAction\",\"target\":{\"@type\":\"EntryPoint\",\"urlTemplate\":\"https:\/\/wpguerssen-test.odoo.rgbconsulting.com\/es\/?s={search_term_string}\"},\"query-input\":{\"@type\":\"PropertyValueSpecification\",\"valueRequired\":true,\"valueName\":\"search_term_string\"}}],\"inLanguage\":\"es\"},{\"@type\":\"Organization\",\"@id\":\"https:\/\/wpguerssen-test.odoo.rgbconsulting.com\/es\/#organization\",\"name\":\"Guerssen records\",\"url\":\"https:\/\/wpguerssen-test.odoo.rgbconsulting.com\/es\/\",\"logo\":{\"@type\":\"ImageObject\",\"inLanguage\":\"es\",\"@id\":\"https:\/\/wpguerssen-test.odoo.rgbconsulting.com\/es\/#\/schema\/logo\/image\/\",\"url\":\"https:\/\/wpguerssen-test.odoo.rgbconsulting.com\/wp-content\/uploads\/2022\/04\/Logo_Guerssen_trans_100.png\",\"contentUrl\":\"https:\/\/wpguerssen-test.odoo.rgbconsulting.com\/wp-content\/uploads\/2022\/04\/Logo_Guerssen_trans_100.png\",\"width\":122,\"height\":100,\"caption\":\"Guerssen records\"},\"image\":{\"@id\":\"https:\/\/wpguerssen-test.odoo.rgbconsulting.com\/es\/#\/schema\/logo\/image\/\"}}]}<\/script>\n<!-- \/ Yoast SEO plugin. -->","yoast_head_json":{"title":"SABICAS ROCK ENCOUNTER - With Joe Beck -  (LP) | Guerssen","description":"A splendid first ever vinyl reissue of a remarkable album from 1970, originally issued by Polydor. Spanish legend Sabicas combined traditional flamenco stylings with elements of psychedelic and progressive rock, with extremely tastful results. On this LP Sabicas is joined by jazzrock guitarist extraordinaire Joe Beck, drummer Donald MacDonald, Warren Bernhardt on organ, and Tony Levin on bass. This release comes with remastered sound (from the mastertapes) and an informative insert.","robots":{"index":"index","follow":"follow","max-snippet":"max-snippet:-1","max-image-preview":"max-image-preview:large","max-video-preview":"max-video-preview:-1"},"canonical":"https:\/\/wpguerssen-test.odoo.rgbconsulting.com\/es\/producto\/with-joe-beck\/","og_locale":"es_ES","og_type":"article","og_title":"SABICAS ROCK ENCOUNTER - With Joe Beck -  (LP) | Guerssen","og_description":"A splendid first ever vinyl reissue of a remarkable album from 1970, originally issued by Polydor. Spanish legend Sabicas combined traditional flamenco stylings with elements of psychedelic and progressive rock, with extremely tastful results. On this LP Sabicas is joined by jazzrock guitarist extraordinaire Joe Beck, drummer Donald MacDonald, Warren Bernhardt on organ, and Tony Levin on bass. This release comes with remastered sound (from the mastertapes) and an informative insert.","og_url":"https:\/\/wpguerssen-test.odoo.rgbconsulting.com\/es\/producto\/with-joe-beck\/","og_site_name":"Guerssen records","article_modified_time":"2025-04-07T13:53:43+00:00","og_image":[{"width":180,"height":180,"url":"https:\/\/wpguerssen-test.odoo.rgbconsulting.com\/wp-content\/uploads\/2022\/03\/21445.jpg","type":"image\/jpeg"}],"twitter_card":"summary_large_image","twitter_title":"SABICAS ROCK ENCOUNTER - With Joe Beck -  (LP) | Guerssen","schema":{"@context":"https:\/\/schema.org","@graph":[{"@type":"WebPage","@id":"https:\/\/wpguerssen-test.odoo.rgbconsulting.com\/es\/producto\/with-joe-beck\/","url":"https:\/\/wpguerssen-test.odoo.rgbconsulting.com\/es\/producto\/with-joe-beck\/","name":"SABICAS ROCK ENCOUNTER - With Joe Beck - (LP) | Guerssen","isPartOf":{"@id":"https:\/\/wpguerssen-test.odoo.rgbconsulting.com\/es\/#website"},"primaryImageOfPage":{"@id":"https:\/\/wpguerssen-test.odoo.rgbconsulting.com\/es\/producto\/with-joe-beck\/#primaryimage"},"image":{"@id":"https:\/\/wpguerssen-test.odoo.rgbconsulting.com\/es\/producto\/with-joe-beck\/#primaryimage"},"thumbnailUrl":"https:\/\/wpguerssen-test.odoo.rgbconsulting.com\/wp-content\/uploads\/2022\/03\/21445.jpg","datePublished":"2025-01-23T23:00:00+00:00","dateModified":"2025-04-07T13:53:43+00:00","description":"A splendid first ever vinyl reissue of a remarkable album from 1970, originally issued by Polydor. Spanish legend Sabicas combined traditional flamenco stylings with elements of psychedelic and progressive rock, with extremely tastful results. On this LP Sabicas is joined by jazzrock guitarist extraordinaire Joe Beck, drummer Donald MacDonald, Warren Bernhardt on organ, and Tony Levin on bass. This release comes with remastered sound (from the mastertapes) and an informative insert.","breadcrumb":{"@id":"https:\/\/wpguerssen-test.odoo.rgbconsulting.com\/es\/producto\/with-joe-beck\/#breadcrumb"},"inLanguage":"es","potentialAction":[{"@type":"ReadAction","target":["https:\/\/wpguerssen-test.odoo.rgbconsulting.com\/es\/producto\/with-joe-beck\/"]}]},{"@type":"ImageObject","inLanguage":"es","@id":"https:\/\/wpguerssen-test.odoo.rgbconsulting.com\/es\/producto\/with-joe-beck\/#primaryimage","url":"https:\/\/wpguerssen-test.odoo.rgbconsulting.com\/wp-content\/uploads\/2022\/03\/21445.jpg","contentUrl":"https:\/\/wpguerssen-test.odoo.rgbconsulting.com\/wp-content\/uploads\/2022\/03\/21445.jpg","width":180,"height":180,"caption":"SABICAS ROCK ENCOUNTER - With Joe Beck - LONG HAIR (LP) | Guerssen"},{"@type":"BreadcrumbList","@id":"https:\/\/wpguerssen-test.odoo.rgbconsulting.com\/es\/producto\/with-joe-beck\/#breadcrumb","itemListElement":[{"@type":"ListItem","position":1,"name":"Inicio","item":"https:\/\/wpguerssen-test.odoo.rgbconsulting.com\/es\/"},{"@type":"ListItem","position":2,"name":"Shop","item":"https:\/\/wpguerssen-test.odoo.rgbconsulting.com\/shop\/"},{"@type":"ListItem","position":3,"name":"With Joe Beck"}]},{"@type":"WebSite","@id":"https:\/\/wpguerssen-test.odoo.rgbconsulting.com\/es\/#website","url":"https:\/\/wpguerssen-test.odoo.rgbconsulting.com\/es\/","name":"Guerssen records","description":"psychedelia - progressive - folk - garage ","publisher":{"@id":"https:\/\/wpguerssen-test.odoo.rgbconsulting.com\/es\/#organization"},"potentialAction":[{"@type":"SearchAction","target":{"@type":"EntryPoint","urlTemplate":"https:\/\/wpguerssen-test.odoo.rgbconsulting.com\/es\/?s={search_term_string}"},"query-input":{"@type":"PropertyValueSpecification","valueRequired":true,"valueName":"search_term_string"}}],"inLanguage":"es"},{"@type":"Organization","@id":"https:\/\/wpguerssen-test.odoo.rgbconsulting.com\/es\/#organization","name":"Guerssen records","url":"https:\/\/wpguerssen-test.odoo.rgbconsulting.com\/es\/","logo":{"@type":"ImageObject","inLanguage":"es","@id":"https:\/\/wpguerssen-test.odoo.rgbconsulting.com\/es\/#\/schema\/logo\/image\/","url":"https:\/\/wpguerssen-test.odoo.rgbconsulting.com\/wp-content\/uploads\/2022\/04\/Logo_Guerssen_trans_100.png","contentUrl":"https:\/\/wpguerssen-test.odoo.rgbconsulting.com\/wp-content\/uploads\/2022\/04\/Logo_Guerssen_trans_100.png","width":122,"height":100,"caption":"Guerssen records"},"image":{"@id":"https:\/\/wpguerssen-test.odoo.rgbconsulting.com\/es\/#\/schema\/logo\/image\/"}}]}},"_links":{"self":[{"href":"https:\/\/wpguerssen-test.odoo.rgbconsulting.com\/es\/wp-json\/wp\/v2\/product\/180043","targetHints":{"allow":["GET"]}}],"collection":[{"href":"https:\/\/wpguerssen-test.odoo.rgbconsulting.com\/es\/wp-json\/wp\/v2\/product"}],"about":[{"href":"https:\/\/wpguerssen-test.odoo.rgbconsulting.com\/es\/wp-json\/wp\/v2\/types\/product"}],"wp:featuredmedia":[{"embeddable":true,"href":"https:\/\/wpguerssen-test.odoo.rgbconsulting.com\/es\/wp-json\/wp\/v2\/media\/117052"}],"wp:attachment":[{"href":"https:\/\/wpguerssen-test.odoo.rgbconsulting.com\/es\/wp-json\/wp\/v2\/media?parent=180043"}],"wp:term":[{"taxonomy":"product_brand","embeddable":true,"href":"https:\/\/wpguerssen-test.odoo.rgbconsulting.com\/es\/wp-json\/wp\/v2\/product_brand?post=180043"},{"taxonomy":"product_cat","embeddable":true,"href":"https:\/\/wpguerssen-test.odoo.rgbconsulting.com\/es\/wp-json\/wp\/v2\/product_cat?post=180043"},{"taxonomy":"product_tag","embeddable":true,"href":"https:\/\/wpguerssen-test.odoo.rgbconsulting.com\/es\/wp-json\/wp\/v2\/product_tag?post=180043"}],"curies":[{"name":"wp","href":"https:\/\/api.w.org\/{rel}","templated":true}]}}