{"id":180156,"date":"2015-10-26T00:00:00","date_gmt":"2015-10-25T23:00:00","guid":{"rendered":"http:\/\/guerssen.hl1097.dinaserver.com\/product\/white-summer-cd\/"},"modified":"2025-03-19T16:22:43","modified_gmt":"2025-03-19T15:22:43","slug":"white-summer-cd","status":"publish","type":"product","link":"https:\/\/wpguerssen-test.odoo.rgbconsulting.com\/es\/producto\/white-summer-cd\/","title":{"rendered":"White Summer (CD)"},"content":{"rendered":"<p>Primera reedici\u00f3n respetando la portada original de este disco privado USA de 1976. Hard-rock progresivo con toques psicod\u00e9licos y Costa Oeste con dura guitarra. <\/p>\n<p> White Summer era un power-trio formado en Benton Harbor, Michigan, por tres amigos de 18 a\u00f1os a los que un\u00eda su amor por Hendrix, Cream y Grand Funk: Jim Watkins (bater\u00eda y voz), Rick Lowe (guitarra y voz) y David Wheeler (bajo). Empezaron tocando a nivel local en toda clase de fiestas de instituto, locales y festivales al aire libre. Al poco tiempo se consolidaron como uno de los  ejores grupos en vivo de Michigan, traslad\u00e1ndose a finales de los 70 a Florida, donde gozaron de gran popularidad hasta ahora. <\/p>\n<p> Su primer disco, conocido como el \u00ab\u00e1lbum blanco\u00bb por su sencillo dise\u00f1o, fue grabado en los estudios Uncle Dirty&#8217;s Sound Machine en Kalamazoo, Michigan, por Bryce Roberson, un famoso ingeniero de sonido que hab\u00eda trabajado para Chess Records. Financiado por el propio grupo, se editaron 1000 copias que s\u00f3lo se vendieron a nivel local. Contiene algunos de los mejores ejemplos de hard-rock psicod\u00e9lico en temas como \u00abLaugh when I die\u00bb, por lo que no es de extra\u00f1ar que el disco  haya sido siempre objeto de culto entre coleccionistas de hard rock y psicodelia. <\/p>\n<p> Para este nueva reedici\u00f3n, se ha remasterizado a 24-bits de una copia a estrenar del vinilo original (no se pudieron encontrar las cintas originales) y el resultado es excelente. Booklet con notas por los miembros del grupo y una rara foto. <\/p>\n<p> \u00abLa mejor banda que jam\u00e1s he escuchado en un bar!\u00bb &#8211; Eric Clapton <\/p>\n<p> \u00abEl mayor rato que he estado sentado escuchando a una banda! &#8211; Neil Young <\/p>\n<p> Tracklist: <\/p>\n<p> Without A Sound &#8211; BMF &#8211; Misty Morning &#8211; Sail &#8211; The Tank &#8211; Ridin High &#8211; All Good Things &#8211; For Your Smile &#8211; Laugh When I Die &#8211; Omega<\/p>\n","protected":false},"excerpt":{"rendered":"<p>Primera reedici\u00f3n respetando la portada original de este disco privado USA de 1976. Hard-rock progresivo con toques psicod\u00e9licos y Costa Oeste con dura guitarra.<a class=\"read\" href=\"https:\/\/wpguerssen-test.odoo.rgbconsulting.com\/es\/producto\/white-summer-cd\/\"> (...)<\/a>","protected":false},"featured_media":117239,"template":"","meta":{"_acf_changed":false},"product_brand":[],"product_cat":[21639,23224],"product_tag":[29138],"class_list":{"0":"post-180156","1":"product","2":"type-product","3":"status-publish","4":"has-post-thumbnail","6":"product_cat-psychedelic60s-70s-es","7":"product_cat-hard-rock-60s-70s-es","8":"product_tag-cd-es","9":"pa_artist-white-summer-es-2","10":"pa_format-cd-2-es","11":"pa_gender-hard-rock-60s-70s-psychedelic60s-70s","12":"pa_label-out-sider-music-es","13":"pa_location-north-america-es","15":"first","16":"instock","17":"taxable","18":"shipping-taxable","19":"purchasable","20":"product-type-simple"},"acf":[],"yoast_head":"<!-- This site is optimized with the Yoast SEO plugin v24.9 - https:\/\/yoast.com\/wordpress\/plugins\/seo\/ -->\n<title>WHITE SUMMER - White Summer (CD) -  (CD) | Guerssen<\/title>\n<meta name=\"description\" content=\"First ever vinyl reissue with original artwork of this US private pressing from 1976.Progressive hard-rock with psychedelic touches, melodic vocals, top level musicianship and stunning lead guitar all over. #nl# Originally from Benton Harbor, Michigan, White Summer was formed in 1973 by a trio of eighteen-year-olds who shared a mutual love for Hendrix, Cream and Grand Funk among others. They were: Jim Watkins (drums and vocals), Rick Lowe (guitar and vocals) and David Wheeler (bass). White Summer played many shows at high school dances, outdoor festivals and nightclubs, becoming in the following years one of the top rock acts not only in Michigan but also in Florida, where they relocated at the end of the 70s. #nl# White Summer&#039;s first album, known as the &quot;White Album&quot; due to its simple design, was recorded at Uncle Dirty&#039;s Sound Machine Studio in Kalamazoo, Michigan, by Bryce Roberson who had formerly been an engineer at Chess Records. Self-financed by the band, 1000 copies were pressed and sold in the Michigan area. #nl# Sought-after by collectors worldwide, this is the first ever reissue featuring original artwork. #nl# 24-bit domain professional remaster from a mint original vinyl copy (master tapes were lost). #nl# Insert with liner notes by original member James Watkins and a previously unseen photo. #nl# &quot;This is the best band I have ever seen in a bar!&quot; - Eric Clapton #nl# &quot;This is the longest I ever sat and listened to a band.&quot; - Neil Young #nl# Tracklist: #nl# Without A Sound - BMF - Misty Morning - Sail - The Tank - Ridin High - All Good Things - For Your Smile - Laugh When I Die - Omega\" \/>\n<meta name=\"robots\" content=\"index, follow, max-snippet:-1, max-image-preview:large, max-video-preview:-1\" \/>\n<link rel=\"canonical\" href=\"https:\/\/wpguerssen-test.odoo.rgbconsulting.com\/es\/producto\/white-summer-cd\/\" \/>\n<meta property=\"og:locale\" content=\"es_ES\" \/>\n<meta property=\"og:type\" content=\"article\" \/>\n<meta property=\"og:title\" content=\"WHITE SUMMER - White Summer (CD) -  (CD) | Guerssen\" \/>\n<meta property=\"og:description\" content=\"First ever vinyl reissue with original artwork of this US private pressing from 1976.Progressive hard-rock with psychedelic touches, melodic vocals, top level musicianship and stunning lead guitar all over. #nl# Originally from Benton Harbor, Michigan, White Summer was formed in 1973 by a trio of eighteen-year-olds who shared a mutual love for Hendrix, Cream and Grand Funk among others. They were: Jim Watkins (drums and vocals), Rick Lowe (guitar and vocals) and David Wheeler (bass). White Summer played many shows at high school dances, outdoor festivals and nightclubs, becoming in the following years one of the top rock acts not only in Michigan but also in Florida, where they relocated at the end of the 70s. #nl# White Summer&#039;s first album, known as the &quot;White Album&quot; due to its simple design, was recorded at Uncle Dirty&#039;s Sound Machine Studio in Kalamazoo, Michigan, by Bryce Roberson who had formerly been an engineer at Chess Records. Self-financed by the band, 1000 copies were pressed and sold in the Michigan area. #nl# Sought-after by collectors worldwide, this is the first ever reissue featuring original artwork. #nl# 24-bit domain professional remaster from a mint original vinyl copy (master tapes were lost). #nl# Insert with liner notes by original member James Watkins and a previously unseen photo. #nl# &quot;This is the best band I have ever seen in a bar!&quot; - Eric Clapton #nl# &quot;This is the longest I ever sat and listened to a band.&quot; - Neil Young #nl# Tracklist: #nl# Without A Sound - BMF - Misty Morning - Sail - The Tank - Ridin High - All Good Things - For Your Smile - Laugh When I Die - Omega\" \/>\n<meta property=\"og:url\" content=\"https:\/\/wpguerssen-test.odoo.rgbconsulting.com\/es\/producto\/white-summer-cd\/\" \/>\n<meta property=\"og:site_name\" content=\"Guerssen records\" \/>\n<meta property=\"article:modified_time\" content=\"2025-03-19T15:22:43+00:00\" \/>\n<meta property=\"og:image\" content=\"https:\/\/wpguerssen-test.odoo.rgbconsulting.com\/wp-content\/uploads\/2022\/03\/21845.jpg\" \/>\n\t<meta property=\"og:image:width\" content=\"1600\" \/>\n\t<meta property=\"og:image:height\" content=\"1600\" \/>\n\t<meta property=\"og:image:type\" content=\"image\/jpeg\" \/>\n<meta name=\"twitter:card\" content=\"summary_large_image\" \/>\n<meta name=\"twitter:title\" content=\"WHITE SUMMER - White Summer (CD) -  (CD) | Guerssen\" \/>\n<meta name=\"twitter:label1\" content=\"Tiempo de lectura\" \/>\n\t<meta name=\"twitter:data1\" content=\"2 minutos\" \/>\n<script type=\"application\/ld+json\" class=\"yoast-schema-graph\">{\"@context\":\"https:\/\/schema.org\",\"@graph\":[{\"@type\":\"WebPage\",\"@id\":\"https:\/\/wpguerssen-test.odoo.rgbconsulting.com\/es\/producto\/white-summer-cd\/\",\"url\":\"https:\/\/wpguerssen-test.odoo.rgbconsulting.com\/es\/producto\/white-summer-cd\/\",\"name\":\"WHITE SUMMER - White Summer (CD) - (CD) | Guerssen\",\"isPartOf\":{\"@id\":\"https:\/\/wpguerssen-test.odoo.rgbconsulting.com\/es\/#website\"},\"primaryImageOfPage\":{\"@id\":\"https:\/\/wpguerssen-test.odoo.rgbconsulting.com\/es\/producto\/white-summer-cd\/#primaryimage\"},\"image\":{\"@id\":\"https:\/\/wpguerssen-test.odoo.rgbconsulting.com\/es\/producto\/white-summer-cd\/#primaryimage\"},\"thumbnailUrl\":\"https:\/\/wpguerssen-test.odoo.rgbconsulting.com\/wp-content\/uploads\/2022\/03\/21845.jpg\",\"datePublished\":\"2015-10-25T23:00:00+00:00\",\"dateModified\":\"2025-03-19T15:22:43+00:00\",\"description\":\"First ever vinyl reissue with original artwork of this US private pressing from 1976.Progressive hard-rock with psychedelic touches, melodic vocals, top level musicianship and stunning lead guitar all over. #nl# Originally from Benton Harbor, Michigan, White Summer was formed in 1973 by a trio of eighteen-year-olds who shared a mutual love for Hendrix, Cream and Grand Funk among others. They were: Jim Watkins (drums and vocals), Rick Lowe (guitar and vocals) and David Wheeler (bass). White Summer played many shows at high school dances, outdoor festivals and nightclubs, becoming in the following years one of the top rock acts not only in Michigan but also in Florida, where they relocated at the end of the 70s. #nl# White Summer's first album, known as the \\\"White Album\\\" due to its simple design, was recorded at Uncle Dirty's Sound Machine Studio in Kalamazoo, Michigan, by Bryce Roberson who had formerly been an engineer at Chess Records. Self-financed by the band, 1000 copies were pressed and sold in the Michigan area. #nl# Sought-after by collectors worldwide, this is the first ever reissue featuring original artwork. #nl# 24-bit domain professional remaster from a mint original vinyl copy (master tapes were lost). #nl# Insert with liner notes by original member James Watkins and a previously unseen photo. #nl# \\\"This is the best band I have ever seen in a bar!\\\" - Eric Clapton #nl# \\\"This is the longest I ever sat and listened to a band.\\\" - Neil Young #nl# Tracklist: #nl# Without A Sound - BMF - Misty Morning - Sail - The Tank - Ridin High - All Good Things - For Your Smile - Laugh When I Die - Omega\",\"breadcrumb\":{\"@id\":\"https:\/\/wpguerssen-test.odoo.rgbconsulting.com\/es\/producto\/white-summer-cd\/#breadcrumb\"},\"inLanguage\":\"es\",\"potentialAction\":[{\"@type\":\"ReadAction\",\"target\":[\"https:\/\/wpguerssen-test.odoo.rgbconsulting.com\/es\/producto\/white-summer-cd\/\"]}]},{\"@type\":\"ImageObject\",\"inLanguage\":\"es\",\"@id\":\"https:\/\/wpguerssen-test.odoo.rgbconsulting.com\/es\/producto\/white-summer-cd\/#primaryimage\",\"url\":\"https:\/\/wpguerssen-test.odoo.rgbconsulting.com\/wp-content\/uploads\/2022\/03\/21845.jpg\",\"contentUrl\":\"https:\/\/wpguerssen-test.odoo.rgbconsulting.com\/wp-content\/uploads\/2022\/03\/21845.jpg\",\"width\":1600,\"height\":1600,\"caption\":\"WHITE SUMMER - White Summer (CD) - OUT-SIDER MUSIC (CD) | Guerssen\"},{\"@type\":\"BreadcrumbList\",\"@id\":\"https:\/\/wpguerssen-test.odoo.rgbconsulting.com\/es\/producto\/white-summer-cd\/#breadcrumb\",\"itemListElement\":[{\"@type\":\"ListItem\",\"position\":1,\"name\":\"Inicio\",\"item\":\"https:\/\/wpguerssen-test.odoo.rgbconsulting.com\/es\/\"},{\"@type\":\"ListItem\",\"position\":2,\"name\":\"Shop\",\"item\":\"https:\/\/wpguerssen-test.odoo.rgbconsulting.com\/shop\/\"},{\"@type\":\"ListItem\",\"position\":3,\"name\":\"White Summer (CD)\"}]},{\"@type\":\"WebSite\",\"@id\":\"https:\/\/wpguerssen-test.odoo.rgbconsulting.com\/es\/#website\",\"url\":\"https:\/\/wpguerssen-test.odoo.rgbconsulting.com\/es\/\",\"name\":\"Guerssen records\",\"description\":\"psychedelia - progressive - folk - garage \",\"publisher\":{\"@id\":\"https:\/\/wpguerssen-test.odoo.rgbconsulting.com\/es\/#organization\"},\"potentialAction\":[{\"@type\":\"SearchAction\",\"target\":{\"@type\":\"EntryPoint\",\"urlTemplate\":\"https:\/\/wpguerssen-test.odoo.rgbconsulting.com\/es\/?s={search_term_string}\"},\"query-input\":{\"@type\":\"PropertyValueSpecification\",\"valueRequired\":true,\"valueName\":\"search_term_string\"}}],\"inLanguage\":\"es\"},{\"@type\":\"Organization\",\"@id\":\"https:\/\/wpguerssen-test.odoo.rgbconsulting.com\/es\/#organization\",\"name\":\"Guerssen records\",\"url\":\"https:\/\/wpguerssen-test.odoo.rgbconsulting.com\/es\/\",\"logo\":{\"@type\":\"ImageObject\",\"inLanguage\":\"es\",\"@id\":\"https:\/\/wpguerssen-test.odoo.rgbconsulting.com\/es\/#\/schema\/logo\/image\/\",\"url\":\"https:\/\/wpguerssen-test.odoo.rgbconsulting.com\/wp-content\/uploads\/2022\/04\/Logo_Guerssen_trans_100.png\",\"contentUrl\":\"https:\/\/wpguerssen-test.odoo.rgbconsulting.com\/wp-content\/uploads\/2022\/04\/Logo_Guerssen_trans_100.png\",\"width\":122,\"height\":100,\"caption\":\"Guerssen records\"},\"image\":{\"@id\":\"https:\/\/wpguerssen-test.odoo.rgbconsulting.com\/es\/#\/schema\/logo\/image\/\"}}]}<\/script>\n<!-- \/ Yoast SEO plugin. -->","yoast_head_json":{"title":"WHITE SUMMER - White Summer (CD) -  (CD) | Guerssen","description":"First ever vinyl reissue with original artwork of this US private pressing from 1976.Progressive hard-rock with psychedelic touches, melodic vocals, top level musicianship and stunning lead guitar all over. #nl# Originally from Benton Harbor, Michigan, White Summer was formed in 1973 by a trio of eighteen-year-olds who shared a mutual love for Hendrix, Cream and Grand Funk among others. They were: Jim Watkins (drums and vocals), Rick Lowe (guitar and vocals) and David Wheeler (bass). White Summer played many shows at high school dances, outdoor festivals and nightclubs, becoming in the following years one of the top rock acts not only in Michigan but also in Florida, where they relocated at the end of the 70s. #nl# White Summer's first album, known as the \"White Album\" due to its simple design, was recorded at Uncle Dirty's Sound Machine Studio in Kalamazoo, Michigan, by Bryce Roberson who had formerly been an engineer at Chess Records. Self-financed by the band, 1000 copies were pressed and sold in the Michigan area. #nl# Sought-after by collectors worldwide, this is the first ever reissue featuring original artwork. #nl# 24-bit domain professional remaster from a mint original vinyl copy (master tapes were lost). #nl# Insert with liner notes by original member James Watkins and a previously unseen photo. #nl# \"This is the best band I have ever seen in a bar!\" - Eric Clapton #nl# \"This is the longest I ever sat and listened to a band.\" - Neil Young #nl# Tracklist: #nl# Without A Sound - BMF - Misty Morning - Sail - The Tank - Ridin High - All Good Things - For Your Smile - Laugh When I Die - Omega","robots":{"index":"index","follow":"follow","max-snippet":"max-snippet:-1","max-image-preview":"max-image-preview:large","max-video-preview":"max-video-preview:-1"},"canonical":"https:\/\/wpguerssen-test.odoo.rgbconsulting.com\/es\/producto\/white-summer-cd\/","og_locale":"es_ES","og_type":"article","og_title":"WHITE SUMMER - White Summer (CD) -  (CD) | Guerssen","og_description":"First ever vinyl reissue with original artwork of this US private pressing from 1976.Progressive hard-rock with psychedelic touches, melodic vocals, top level musicianship and stunning lead guitar all over. #nl# Originally from Benton Harbor, Michigan, White Summer was formed in 1973 by a trio of eighteen-year-olds who shared a mutual love for Hendrix, Cream and Grand Funk among others. They were: Jim Watkins (drums and vocals), Rick Lowe (guitar and vocals) and David Wheeler (bass). White Summer played many shows at high school dances, outdoor festivals and nightclubs, becoming in the following years one of the top rock acts not only in Michigan but also in Florida, where they relocated at the end of the 70s. #nl# White Summer's first album, known as the \"White Album\" due to its simple design, was recorded at Uncle Dirty's Sound Machine Studio in Kalamazoo, Michigan, by Bryce Roberson who had formerly been an engineer at Chess Records. Self-financed by the band, 1000 copies were pressed and sold in the Michigan area. #nl# Sought-after by collectors worldwide, this is the first ever reissue featuring original artwork. #nl# 24-bit domain professional remaster from a mint original vinyl copy (master tapes were lost). #nl# Insert with liner notes by original member James Watkins and a previously unseen photo. #nl# \"This is the best band I have ever seen in a bar!\" - Eric Clapton #nl# \"This is the longest I ever sat and listened to a band.\" - Neil Young #nl# Tracklist: #nl# Without A Sound - BMF - Misty Morning - Sail - The Tank - Ridin High - All Good Things - For Your Smile - Laugh When I Die - Omega","og_url":"https:\/\/wpguerssen-test.odoo.rgbconsulting.com\/es\/producto\/white-summer-cd\/","og_site_name":"Guerssen records","article_modified_time":"2025-03-19T15:22:43+00:00","og_image":[{"width":1600,"height":1600,"url":"https:\/\/wpguerssen-test.odoo.rgbconsulting.com\/wp-content\/uploads\/2022\/03\/21845.jpg","type":"image\/jpeg"}],"twitter_card":"summary_large_image","twitter_title":"WHITE SUMMER - White Summer (CD) -  (CD) | Guerssen","twitter_misc":{"Tiempo de lectura":"2 minutos"},"schema":{"@context":"https:\/\/schema.org","@graph":[{"@type":"WebPage","@id":"https:\/\/wpguerssen-test.odoo.rgbconsulting.com\/es\/producto\/white-summer-cd\/","url":"https:\/\/wpguerssen-test.odoo.rgbconsulting.com\/es\/producto\/white-summer-cd\/","name":"WHITE SUMMER - White Summer (CD) - (CD) | Guerssen","isPartOf":{"@id":"https:\/\/wpguerssen-test.odoo.rgbconsulting.com\/es\/#website"},"primaryImageOfPage":{"@id":"https:\/\/wpguerssen-test.odoo.rgbconsulting.com\/es\/producto\/white-summer-cd\/#primaryimage"},"image":{"@id":"https:\/\/wpguerssen-test.odoo.rgbconsulting.com\/es\/producto\/white-summer-cd\/#primaryimage"},"thumbnailUrl":"https:\/\/wpguerssen-test.odoo.rgbconsulting.com\/wp-content\/uploads\/2022\/03\/21845.jpg","datePublished":"2015-10-25T23:00:00+00:00","dateModified":"2025-03-19T15:22:43+00:00","description":"First ever vinyl reissue with original artwork of this US private pressing from 1976.Progressive hard-rock with psychedelic touches, melodic vocals, top level musicianship and stunning lead guitar all over. #nl# Originally from Benton Harbor, Michigan, White Summer was formed in 1973 by a trio of eighteen-year-olds who shared a mutual love for Hendrix, Cream and Grand Funk among others. They were: Jim Watkins (drums and vocals), Rick Lowe (guitar and vocals) and David Wheeler (bass). White Summer played many shows at high school dances, outdoor festivals and nightclubs, becoming in the following years one of the top rock acts not only in Michigan but also in Florida, where they relocated at the end of the 70s. #nl# White Summer's first album, known as the \"White Album\" due to its simple design, was recorded at Uncle Dirty's Sound Machine Studio in Kalamazoo, Michigan, by Bryce Roberson who had formerly been an engineer at Chess Records. Self-financed by the band, 1000 copies were pressed and sold in the Michigan area. #nl# Sought-after by collectors worldwide, this is the first ever reissue featuring original artwork. #nl# 24-bit domain professional remaster from a mint original vinyl copy (master tapes were lost). #nl# Insert with liner notes by original member James Watkins and a previously unseen photo. #nl# \"This is the best band I have ever seen in a bar!\" - Eric Clapton #nl# \"This is the longest I ever sat and listened to a band.\" - Neil Young #nl# Tracklist: #nl# Without A Sound - BMF - Misty Morning - Sail - The Tank - Ridin High - All Good Things - For Your Smile - Laugh When I Die - Omega","breadcrumb":{"@id":"https:\/\/wpguerssen-test.odoo.rgbconsulting.com\/es\/producto\/white-summer-cd\/#breadcrumb"},"inLanguage":"es","potentialAction":[{"@type":"ReadAction","target":["https:\/\/wpguerssen-test.odoo.rgbconsulting.com\/es\/producto\/white-summer-cd\/"]}]},{"@type":"ImageObject","inLanguage":"es","@id":"https:\/\/wpguerssen-test.odoo.rgbconsulting.com\/es\/producto\/white-summer-cd\/#primaryimage","url":"https:\/\/wpguerssen-test.odoo.rgbconsulting.com\/wp-content\/uploads\/2022\/03\/21845.jpg","contentUrl":"https:\/\/wpguerssen-test.odoo.rgbconsulting.com\/wp-content\/uploads\/2022\/03\/21845.jpg","width":1600,"height":1600,"caption":"WHITE SUMMER - White Summer (CD) - OUT-SIDER MUSIC (CD) | Guerssen"},{"@type":"BreadcrumbList","@id":"https:\/\/wpguerssen-test.odoo.rgbconsulting.com\/es\/producto\/white-summer-cd\/#breadcrumb","itemListElement":[{"@type":"ListItem","position":1,"name":"Inicio","item":"https:\/\/wpguerssen-test.odoo.rgbconsulting.com\/es\/"},{"@type":"ListItem","position":2,"name":"Shop","item":"https:\/\/wpguerssen-test.odoo.rgbconsulting.com\/shop\/"},{"@type":"ListItem","position":3,"name":"White Summer (CD)"}]},{"@type":"WebSite","@id":"https:\/\/wpguerssen-test.odoo.rgbconsulting.com\/es\/#website","url":"https:\/\/wpguerssen-test.odoo.rgbconsulting.com\/es\/","name":"Guerssen records","description":"psychedelia - progressive - folk - garage ","publisher":{"@id":"https:\/\/wpguerssen-test.odoo.rgbconsulting.com\/es\/#organization"},"potentialAction":[{"@type":"SearchAction","target":{"@type":"EntryPoint","urlTemplate":"https:\/\/wpguerssen-test.odoo.rgbconsulting.com\/es\/?s={search_term_string}"},"query-input":{"@type":"PropertyValueSpecification","valueRequired":true,"valueName":"search_term_string"}}],"inLanguage":"es"},{"@type":"Organization","@id":"https:\/\/wpguerssen-test.odoo.rgbconsulting.com\/es\/#organization","name":"Guerssen records","url":"https:\/\/wpguerssen-test.odoo.rgbconsulting.com\/es\/","logo":{"@type":"ImageObject","inLanguage":"es","@id":"https:\/\/wpguerssen-test.odoo.rgbconsulting.com\/es\/#\/schema\/logo\/image\/","url":"https:\/\/wpguerssen-test.odoo.rgbconsulting.com\/wp-content\/uploads\/2022\/04\/Logo_Guerssen_trans_100.png","contentUrl":"https:\/\/wpguerssen-test.odoo.rgbconsulting.com\/wp-content\/uploads\/2022\/04\/Logo_Guerssen_trans_100.png","width":122,"height":100,"caption":"Guerssen records"},"image":{"@id":"https:\/\/wpguerssen-test.odoo.rgbconsulting.com\/es\/#\/schema\/logo\/image\/"}}]}},"_links":{"self":[{"href":"https:\/\/wpguerssen-test.odoo.rgbconsulting.com\/es\/wp-json\/wp\/v2\/product\/180156","targetHints":{"allow":["GET"]}}],"collection":[{"href":"https:\/\/wpguerssen-test.odoo.rgbconsulting.com\/es\/wp-json\/wp\/v2\/product"}],"about":[{"href":"https:\/\/wpguerssen-test.odoo.rgbconsulting.com\/es\/wp-json\/wp\/v2\/types\/product"}],"wp:featuredmedia":[{"embeddable":true,"href":"https:\/\/wpguerssen-test.odoo.rgbconsulting.com\/es\/wp-json\/wp\/v2\/media\/117239"}],"wp:attachment":[{"href":"https:\/\/wpguerssen-test.odoo.rgbconsulting.com\/es\/wp-json\/wp\/v2\/media?parent=180156"}],"wp:term":[{"taxonomy":"product_brand","embeddable":true,"href":"https:\/\/wpguerssen-test.odoo.rgbconsulting.com\/es\/wp-json\/wp\/v2\/product_brand?post=180156"},{"taxonomy":"product_cat","embeddable":true,"href":"https:\/\/wpguerssen-test.odoo.rgbconsulting.com\/es\/wp-json\/wp\/v2\/product_cat?post=180156"},{"taxonomy":"product_tag","embeddable":true,"href":"https:\/\/wpguerssen-test.odoo.rgbconsulting.com\/es\/wp-json\/wp\/v2\/product_tag?post=180156"}],"curies":[{"name":"wp","href":"https:\/\/api.w.org\/{rel}","templated":true}]}}